{"id":73609,"date":"2025-03-11T18:01:29","date_gmt":"2025-03-11T18:01:29","guid":{"rendered":"https:\/\/www.marinigerardi.it\/shop\/?post_type=product&#038;p=73609"},"modified":"2025-11-25T22:09:21","modified_gmt":"2025-11-25T22:09:21","slug":"tende-per-cameretta-bambina","status":"publish","type":"product","link":"https:\/\/www.marinigerardi.it\/shop\/prodotto\/tende-per-cameretta-bambina\/","title":{"rendered":"LA MONGOLFIERA : Tende per cameretta bambina in Cotone Ricamato"},"content":{"rendered":"<div class=\"wpb-content-wrapper\"><p>[vc_row][vc_column width=&#8221;1\/2&#8243;]\n\t\t<div id=\"wd-67d0899b548d3\" class=\"title-wrapper wd-wpb wd-set-mb reset-last-child  wd-rs-67d0899b548d3 wd-title-color-default wd-title-style-default text-left  wd-underline-colored\">\n\t\t\t\t\t\t\t\n\t\t\t\t<div class=\"title-subtitle  subtitle-color-default font-default subtitle-style-default wd-font-weight-600 wd-fontsize-xs\">Un Viaggio di Colori e Fantasia<\/div>\n\t\t\t\n\t\t\t<div class=\"liner-continer\">\n\t\t\t\t<h2 class=\"woodmart-title-container title  wd-font-weight- wd-fontsize-xl\" >tende per cameretta bambina in Cotone Ricamato<\/h2>\n\t\t\t\t\t\t\t<\/div>\n\t\t\t\n\t\t\t\t\t\t\t<div class=\"title-after_title reset-last-child  wd-fontsize-s\">Il giro del mondo in 80 giorni con Picturebook!<\/div>\n\t\t\t\n\t\t\t\n\t\t<\/div>\n\t\t\n\t\t\t\t<div id=\"wd-67d0af1ecc733\" class=\"wd-text-block wd-wpb reset-last-child wd-rs-67d0af1ecc733 text-left \">\n\t\t\t<p>Avete presente quei tessuti che ti fanno venire voglia di sognare ad occhi aperti? Ecco, <strong>&#8220;La Mongolfiera&#8221; della collezione Picturebook II<\/strong> sembrano volare davvero, leggere leggere, su un cielo di cotone morbidissimo.<br \/>\nE non sono mongolfiere qualsiasi, eh! Sono ricamate con una cura incredibile, impreziosite da scintillanti fili metallici che brillano come stelle e colori che ti mettono subito di buon umore: un po&#8217; di blu per la calma, un po&#8217; di rosa per la gioia, un po&#8217; di verde per la serenit\u00e0, e poi quel tocco di rosso che d\u00e0 una carica in pi\u00f9.<br \/>\n\u00c8 un tessuto che ti fa venire voglia di creare qualcosa di speciale per i tuoi bambini, di trasformare la loro cameretta in un posto magico, dove la fantasia non ha limiti.<\/p>\n\t\t<\/div>\n\t\t[vc_message message_box_style=&#8221;outline&#8221; message_box_color=&#8221;turquoise&#8221; css=&#8221;&#8221;]<\/p>\n<ul>\n<li><strong>Composizione<\/strong> 88% CO 11%PL 1%MET\u00a0 \u00a0<a href=\"https:\/\/www.marinigerardi.it\/shop\/prodotto\/tende-per-cameretta-bambina\/\">tende per cameretta bambina<\/a> in Cotone Ricamato<\/li>\n<li><strong>Larghezza<\/strong> 132 cm<\/li>\n<li><strong>Ripetizione disegno<\/strong> 39 x 44 cm<\/li>\n<li><strong>Manutenzione <\/strong><img decoding=\"async\" src=\"https:\/\/www.marinigerardi.it\/shop\/wp-content\/uploads\/2025\/03\/lav-3589.png.webp\" alt=\"Istruzioni lavaggio\" \/><\/li>\n<li><strong>Tempi di consegna<\/strong> 10\/15 gg. lavorativi<\/li>\n<\/ul>\n<p><strong>NOTE<\/strong>: tessuto design in lussuoso morbido e delicato cotone con una bellissima Texture\u00a0 per arredo cameretta bambini, tende per interni, cuscini, pouf.<br \/>\nSe avete bisogno di aiuto contattateci all\u2019 indirizzo mail assistenza@marinigerardi.it[\/vc_message][\/vc_column][vc_column width=&#8221;1\/2&#8243;][vc_single_image image=&#8221;73251&#8243; img_size=&#8221;large&#8221; alignment=&#8221;center&#8221; css=&#8221;&#8221; parallax_scroll=&#8221;no&#8221; woodmart_inline=&#8221;no&#8221;][\/vc_column][\/vc_row][vc_row][vc_column]<div id=\"wd-67d0ad035a896\" class=\" wd-rs-67d0ad035a896  wd-button-wrapper text-center\"><a href=\"https:\/\/www.marinigerardi.it\/shop\/categoria-prodotto\/tende-cameretta\/\" title=\"Tende Cameretta Bambini\" class=\"btn btn-style-default btn-shape-rectangle btn-size-default\">vedi altre Tende Cameretta<\/a><\/div>[vc_empty_space woodmart_hide_large=&#8221;0&#8243; woodmart_hide_medium=&#8221;0&#8243; woodmart_hide_small=&#8221;0&#8243;]\n\t\t<div id=\"wd-67d08ba0b5847\" class=\"title-wrapper wd-wpb wd-set-mb reset-last-child  wd-rs-67d08ba0b5847 wd-title-color-default wd-title-style-default text-left  wd-underline-colored\">\n\t\t\t\n\t\t\t<div class=\"liner-continer\">\n\t\t\t\t<h3 class=\"woodmart-title-container title  wd-font-weight- wd-fontsize-xl\" >LA MONGOLFIERA : Tende per cameretta bambina in Cotone Ricamato<\/h3>\n\t\t\t\t\t\t\t<\/div>\n\t\t\t\n\t\t\t\t\t\t\t<div class=\"title-after_title reset-last-child  wd-fontsize-s\">Picturebook II: Quando il Tessuto Diventa un Racconto per la Cameretta della Tua Bambina<\/div>\n\t\t\t\n\t\t\t\n\t\t<\/div>\n\t\t\n\t\t[\/vc_column][\/vc_row][vc_row][vc_column]\t\t<div id=\"wd-67c0a7113fd00\" class=\"wd-text-block wd-wpb reset-last-child wd-rs-67c0a7113fd00 text-left \">\n\t\t\t<h4>Apri le porte della fantasia e immergiti in un universo di colori e magia!<\/h4>\n<p><strong>Lasciati ispirare!<\/strong><br \/>\nImmagina una stanza che racconta storie, un rifugio speciale dove i sogni prendono vita e la creativit\u00e0 si accende ogni giorno. Grazie a <strong>Picturebook II<\/strong>, i tessuti diventano protagonisti di un viaggio straordinario nel cuore dell\u2019infanzia, trasformando ogni angolo della cameretta dei tuo bimbo o bimba in un mondo di fantasia.<\/p>\n\t\t<\/div>\n\t\t[\/vc_column][\/vc_row][vc_row css=&#8221;.vc_custom_1740312197572{background-color: #F3F3F3 !important;}&#8221; woodmart_css_id=&#8221;67bb0e722836d&#8221; responsive_spacing=&#8221;eyJwYXJhbV90eXBlIjoid29vZG1hcnRfcmVzcG9uc2l2ZV9zcGFjaW5nIiwic2VsZWN0b3JfaWQiOiI2N2JiMGU3MjI4MzZkIiwic2hvcnRjb2RlIjoidmNfcm93IiwiZGF0YSI6eyJ0YWJsZXQiOnt9LCJtb2JpbGUiOnt9fX0=&#8221; mobile_bg_img_hidden=&#8221;no&#8221; tablet_bg_img_hidden=&#8221;no&#8221; woodmart_parallax=&#8221;0&#8243; woodmart_gradient_switch=&#8221;no&#8221; woodmart_box_shadow=&#8221;no&#8221; wd_z_index=&#8221;no&#8221; woodmart_disable_overflow=&#8221;0&#8243; row_reverse_mobile=&#8221;0&#8243; row_reverse_tablet=&#8221;0&#8243;][vc_column][vc_single_image image=&#8221;73252&#8243; img_size=&#8221;full&#8221; alignment=&#8221;center&#8221; css=&#8221;&#8221; parallax_scroll=&#8221;no&#8221; woodmart_inline=&#8221;no&#8221;][\/vc_column][\/vc_row][vc_row][vc_column]\n\t\t<div id=\"wd-6926233d53991\" class=\"title-wrapper wd-wpb wd-set-mb reset-last-child  wd-rs-6926233d53991 wd-title-color-default wd-title-style-default text-center  wd-underline-colored\">\n\t\t\t\n\t\t\t<div class=\"liner-continer\">\n\t\t\t\t<h4 class=\"woodmart-title-container title  wd-font-weight- wd-fontsize-xl\" >LA MONGOLFIERA : Tende per cameretta bambina in Cotone Ricamato<\/h4>\n\t\t\t\t\t\t\t<\/div>\n\t\t\t\n\t\t\t\t\t\t\t<div class=\"title-after_title reset-last-child  wd-fontsize-s\">Picturebook II: Tende da Favola per Piccole Principesse<\/div>\n\t\t\t\n\t\t\t\n\t\t<\/div>\n\t\t\n\t\t[\/vc_column][\/vc_row][vc_row css=&#8221;.vc_custom_1740312197572{background-color: #F3F3F3 !important;}&#8221; woodmart_css_id=&#8221;67bb0e722836d&#8221; responsive_spacing=&#8221;eyJwYXJhbV90eXBlIjoid29vZG1hcnRfcmVzcG9uc2l2ZV9zcGFjaW5nIiwic2VsZWN0b3JfaWQiOiI2N2JiMGU3MjI4MzZkIiwic2hvcnRjb2RlIjoidmNfcm93IiwiZGF0YSI6eyJ0YWJsZXQiOnt9LCJtb2JpbGUiOnt9fX0=&#8221; mobile_bg_img_hidden=&#8221;no&#8221; tablet_bg_img_hidden=&#8221;no&#8221; woodmart_parallax=&#8221;0&#8243; woodmart_gradient_switch=&#8221;no&#8221; woodmart_box_shadow=&#8221;no&#8221; wd_z_index=&#8221;no&#8221; woodmart_disable_overflow=&#8221;0&#8243; row_reverse_mobile=&#8221;0&#8243; row_reverse_tablet=&#8221;0&#8243;][vc_column][vc_single_image image=&#8221;73248&#8243; img_size=&#8221;full&#8221; alignment=&#8221;center&#8221; css=&#8221;&#8221; parallax_scroll=&#8221;no&#8221; woodmart_inline=&#8221;no&#8221;][\/vc_column][\/vc_row][vc_row][vc_column]\t\t<div id=\"wd-67d0aff131ef3\" class=\"wd-text-block wd-wpb reset-last-child wd-rs-67d0aff131ef3 text-left \">\n\t\t\t<p>Immaginate di aprire la porta della cameretta dei vostri bambini e di trovarvi in un mondo magico, dove le mongolfiere volano leggere nel cielo e ogni dettaglio racconta una storia di avventura e dolcezza. Le tende per cameretta bambina diventano un vero e proprio quadro, un invito a sognare ad occhi aperti.<br \/>\nNon \u00e8 un semplice tessuto, eh! \u00c8 un pezzo di stoffa che fa venire voglia di partire per un viaggio intorno al mondo, proprio come nel libro di Jules Verne. Il cotone \u00e8 morbido e di alta qualit\u00e0, e i colori sono cos\u00ec delicati e luminosi che sembra di guardare un tramonto.<br \/>\nE poi, quei fili che brillano come stelle&#8230; \u00e8 un tocco di magia che rende tutto ancora pi\u00f9 speciale. Tende per cameretta bambina che parlano di avventure fantastiche, di sogni che diventano realt\u00e0, e che trasformano la stanza in un posto dove i bambini possono crescere felici e creativi<\/p>\n\t\t<\/div>\n\t\t[\/vc_column][\/vc_row]<\/p>\n<\/div>","protected":false},"excerpt":{"rendered":"<p>Tende per cameretta bambina in Cotone Ricamato &#8211; Idee per cameretta bimba &#8211; <strong>Tessuto con stupenda texture delicata, luminosa e semi coprente, con piccole e grandi Mongolfiere<\/strong> distribuite uniformemente su fondo bianco. Ogni Mongolfiera \u00e8 chiaramente visibile: stupenda, ben definita e armoniosamente integrata nel design.<\/p>\n","protected":false},"featured_media":73246,"template":"","meta":[],"product_brand":[3822],"product_cat":[3820],"product_tag":[],"class_list":{"0":"post-73609","1":"product","2":"type-product","3":"status-publish","4":"has-post-thumbnail","6":"product_brand-villa-nova-tende","7":"product_cat-tende-cameretta","9":"first","10":"instock","11":"taxable","12":"shipping-taxable","13":"purchasable","14":"product-type-simple"},"_links":{"self":[{"href":"https:\/\/www.marinigerardi.it\/shop\/wp-json\/wp\/v2\/product\/73609","targetHints":{"allow":["GET"]}}],"collection":[{"href":"https:\/\/www.marinigerardi.it\/shop\/wp-json\/wp\/v2\/product"}],"about":[{"href":"https:\/\/www.marinigerardi.it\/shop\/wp-json\/wp\/v2\/types\/product"}],"wp:featuredmedia":[{"embeddable":true,"href":"https:\/\/www.marinigerardi.it\/shop\/wp-json\/wp\/v2\/media\/73246"}],"wp:attachment":[{"href":"https:\/\/www.marinigerardi.it\/shop\/wp-json\/wp\/v2\/media?parent=73609"}],"wp:term":[{"taxonomy":"product_brand","embeddable":true,"href":"https:\/\/www.marinigerardi.it\/shop\/wp-json\/wp\/v2\/product_brand?post=73609"},{"taxonomy":"product_cat","embeddable":true,"href":"https:\/\/www.marinigerardi.it\/shop\/wp-json\/wp\/v2\/product_cat?post=73609"},{"taxonomy":"product_tag","embeddable":true,"href":"https:\/\/www.marinigerardi.it\/shop\/wp-json\/wp\/v2\/product_tag?post=73609"}],"curies":[{"name":"wp","href":"https:\/\/api.w.org\/{rel}","templated":true}]}}