{"id":73585,"date":"2025-03-11T08:31:38","date_gmt":"2025-03-11T08:31:38","guid":{"rendered":"https:\/\/www.marinigerardi.it\/shop\/?post_type=product&#038;p=73585"},"modified":"2025-11-14T19:41:00","modified_gmt":"2025-11-14T19:41:00","slug":"tende-per-camerette-moderne","status":"publish","type":"product","link":"https:\/\/www.marinigerardi.it\/shop\/prodotto\/tende-per-camerette-moderne\/","title":{"rendered":"ZOO PARADE : Tende per camerette moderne Tessuto in Cotone"},"content":{"rendered":"<div class=\"wpb-content-wrapper\"><p>[vc_row][vc_column width=&#8221;1\/2&#8243;]\n\t\t<div id=\"wd-67cffced7b198\" class=\"title-wrapper wd-wpb wd-set-mb reset-last-child  wd-rs-67cffced7b198 wd-title-color-default wd-title-style-default text-left  wd-underline-colored\">\n\t\t\t\t\t\t\t\n\t\t\t\t<div class=\"title-subtitle  subtitle-color-default font-default subtitle-style-default wd-font-weight-600 wd-fontsize-xs\">Un Viaggio di Colori e Fantasia<\/div>\n\t\t\t\n\t\t\t<div class=\"liner-continer\">\n\t\t\t\t<h2 class=\"woodmart-title-container title  wd-font-weight- wd-fontsize-xl\" >ZOO PARADE : Tende per camerette moderne Tessuto in Cotone<\/h2>\n\t\t\t\t\t\t\t<\/div>\n\t\t\t\n\t\t\t\t\t\t\t<div class=\"title-after_title reset-last-child  wd-fontsize-s\">Il giro del mondo in 80 giorni con Picturebook!<\/div>\n\t\t\t\n\t\t\t\n\t\t<\/div>\n\t\t\n\t\t\t\t<div id=\"wd-67cffbfef1a0a\" class=\"wd-text-block wd-wpb reset-last-child wd-rs-67cffbfef1a0a text-left \">\n\t\t\t<p>Benvenuti allo Zoo di Berlino: Aggiungi un tocco di vivacit\u00e0 e originalit\u00e0 alla tua cameretta dei bambini con questo splendido tessuto in puro cotone bello e prezioso, caratterizzato da una straordinaria composizione di animali esotici. Una zebra multicolore dai toni vibranti, una simpatica giraffa e un elefante finemente decorato si stagliano su uno sfondo ricco di dettagli, creando un motivo accattivante e raffinato.<\/p>\n\t\t<\/div>\n\t\t[vc_message message_box_style=&#8221;outline&#8221; message_box_color=&#8221;turquoise&#8221; css=&#8221;&#8221;]<\/p>\n<ul>\n<li><strong>Composizione<\/strong> 91% CO 9% PC\u00a0 \u00a0<a href=\"https:\/\/www.marinigerardi.it\/shop\/prodotto\/tende-per-camerette-moderne\/\">Tende per camerette moderne <\/a>Tessuto in Cotone OEKO-TEX\u00ae STANDARD 100<\/li>\n<li><strong>Larghezza<\/strong> 139 cm<\/li>\n<li><strong>Ripetizione disegno<\/strong> 61 x 139 cm<\/li>\n<li><strong>Manutenzione <\/strong><img decoding=\"async\" src=\"https:\/\/www.marinigerardi.it\/shop\/wp-content\/uploads\/2025\/03\/lav-zoo-3585.png.webp\" alt=\"Istruzioni lavaggio\" \/><\/li>\n<li><strong>Tempi di consegna<\/strong> 10\/15 gg. lavorativi<\/li>\n<\/ul>\n<p><strong>NOTE<\/strong>: tessuto design in lussuoso morbido e delicato cotone con una bellissima Texture\u00a0 per arredo cameretta bambini, tende per interni, cuscini, pouf.<br \/>\nSe avete bisogno di aiuto contattateci all\u2019 indirizzo mail assistenza@marinigerardi.it[\/vc_message][\/vc_column][vc_column width=&#8221;1\/2&#8243;][vc_single_image image=&#8221;73382&#8243; img_size=&#8221;large&#8221; alignment=&#8221;center&#8221; css=&#8221;&#8221; parallax_scroll=&#8221;no&#8221; woodmart_inline=&#8221;no&#8221;][\/vc_column][\/vc_row][vc_row][vc_column]<div id=\"wd-67d04edf3d956\" class=\" wd-rs-67d04edf3d956  wd-button-wrapper text-center\"><a href=\"https:\/\/www.marinigerardi.it\/shop\/categoria-prodotto\/tende-cameretta\/\" title=\"Tende Bambini\" class=\"btn btn-style-default btn-shape-rectangle btn-size-default\">vedi altre Tende per Cameretta<\/a><\/div>[vc_empty_space woodmart_hide_large=&#8221;0&#8243; woodmart_hide_medium=&#8221;0&#8243; woodmart_hide_small=&#8221;0&#8243;]\n\t\t<div id=\"wd-67cffd005e6bf\" class=\"title-wrapper wd-wpb wd-set-mb reset-last-child  wd-rs-67cffd005e6bf wd-title-color-default wd-title-style-default text-left  wd-underline-colored\">\n\t\t\t\n\t\t\t<div class=\"liner-continer\">\n\t\t\t\t<h3 class=\"woodmart-title-container title  wd-font-weight- wd-fontsize-xl\" >ZOO PARADE : Tende per camerette moderne Tessuto in Cotone<\/h3>\n\t\t\t\t\t\t\t<\/div>\n\t\t\t\n\t\t\t\t\t\t\t<div class=\"title-after_title reset-last-child  wd-fontsize-s\">Picturebook II: Quando il Tessuto Diventa un Racconto per la Cameretta della Tua Bambina.<br \/>\nApri le porte della fantasia e immergiti in un universo di colori e magia!<\/div>\n\t\t\t\n\t\t\t\n\t\t<\/div>\n\t\t\n\t\t[\/vc_column][\/vc_row][vc_row][vc_column]\t\t<div id=\"wd-67c5f53f760f1\" class=\"wd-text-block wd-wpb reset-last-child wd-rs-67c5f53f760f1 text-left \">\n\t\t\t<p><span style=\"font-size: 16pt;\"><strong>Lasciati ispirare!<\/strong><\/span><br \/>\nImmagina una stanza che racconta storie, un rifugio speciale dove i sogni prendono vita e la creativit\u00e0 si accende ogni giorno. Grazie a <strong>Picturebook II<\/strong>, i tessuti diventano protagonisti di un viaggio straordinario nel cuore dell\u2019infanzia, trasformando ogni angolo della cameretta dei tuo bimbo o bimba in un mondo di fantasia.<\/p>\n\t\t<\/div>\n\t\t[\/vc_column][\/vc_row][vc_row css=&#8221;.vc_custom_1740312197572{background-color: #F3F3F3 !important;}&#8221; woodmart_css_id=&#8221;67bb0e722836d&#8221; responsive_spacing=&#8221;eyJwYXJhbV90eXBlIjoid29vZG1hcnRfcmVzcG9uc2l2ZV9zcGFjaW5nIiwic2VsZWN0b3JfaWQiOiI2N2JiMGU3MjI4MzZkIiwic2hvcnRjb2RlIjoidmNfcm93IiwiZGF0YSI6eyJ0YWJsZXQiOnt9LCJtb2JpbGUiOnt9fX0=&#8221; mobile_bg_img_hidden=&#8221;no&#8221; tablet_bg_img_hidden=&#8221;no&#8221; woodmart_parallax=&#8221;0&#8243; woodmart_gradient_switch=&#8221;no&#8221; woodmart_box_shadow=&#8221;no&#8221; wd_z_index=&#8221;no&#8221; woodmart_disable_overflow=&#8221;0&#8243; row_reverse_mobile=&#8221;0&#8243; row_reverse_tablet=&#8221;0&#8243;][vc_column width=&#8221;1\/2&#8243;][vc_single_image image=&#8221;73383&#8243; img_size=&#8221;large&#8221; alignment=&#8221;center&#8221; css=&#8221;&#8221; parallax_scroll=&#8221;no&#8221; woodmart_inline=&#8221;no&#8221;][\/vc_column][vc_column width=&#8221;1\/2&#8243;][vc_single_image image=&#8221;73384&#8243; img_size=&#8221;large&#8221; alignment=&#8221;center&#8221; css=&#8221;&#8221; parallax_scroll=&#8221;no&#8221; woodmart_inline=&#8221;no&#8221;][\/vc_column][\/vc_row][vc_row][vc_column]\n\t\t<div id=\"wd-67cffd10e6793\" class=\"title-wrapper wd-wpb wd-set-mb reset-last-child  wd-rs-67cffd10e6793 wd-title-color-default wd-title-style-bordered text-left  wd-underline-colored\">\n\t\t\t\n\t\t\t<div class=\"liner-continer\">\n\t\t\t\t<h4 class=\"woodmart-title-container title  wd-font-weight- wd-fontsize-xl\" >ZOO PARADE : Tende per camerette moderne Tessuto in Cotone<\/h4>\n\t\t\t\t\t\t\t<\/div>\n\t\t\t\n\t\t\t\t\t\t\t<div class=\"title-after_title reset-last-child  wd-fontsize-s\">Picturebook II: Tende da Favola per Piccole Principesse<\/div>\n\t\t\t\n\t\t\t\n\t\t<\/div>\n\t\t\n\t\t\t\t<div id=\"wd-67d04c986d1e7\" class=\"wd-text-block wd-wpb reset-last-child wd-rs-67d04c986d1e7 text-left \">\n\t\t\t<p><span style=\"font-size: 16pt;\"><strong>La giungla incantata nella cameretta: una tenda da urlo!<\/strong><\/span><br \/>\nAvete presente quando i vostri bambini vi chiedono un elefante come animale domestico? Beh, noi non possiamo farvi avere un elefante vero (e meno male, immaginate il disastro!), ma possiamo offrirvi qualcosa di altrettanto magico: una tenda che trasforma la cameretta in una giungla incantata!<br \/>\n<strong>Design esclusivo:<\/strong> perch\u00e9 non troverete una tenda cos\u00ec da nessun&#8217;altra parte.<br \/>\nImmaginate una zebra che sembra uscita da un arcobaleno, una giraffa che allunga il collo per sbirciare i sogni dei vostri piccoli e un elefante cos\u00ec elegante da far invidia alla Regina Elisabetta. Tutto questo su un tessuto di puro cotone, morbido come una coccola e resistente come un supereroe.<br \/>\n<span style=\"font-size: 16pt;\"><strong>Un tocco di magia per la cameretta<\/strong><\/span><br \/>\nDite addio alle tende per camerette moderne noiose e date il benvenuto a un&#8217;esplosione di colore e fantasia. Con questa tenda, la cameretta diventer\u00e0 il luogo preferito dei vostri bambini, un posto dove i sogni diventano realt\u00e0 perch\u00e8 l&#8217;immaginazione non ha limiti.<br \/>\n<span style=\"font-size: 16pt;\"><strong>Non aspettate, la giungla vi aspetta!<\/strong><\/span><br \/>\nCosa state aspettando? Trasformate la cameretta dei vostri bambini in un&#8217;avventura indimenticabile. Acquistatela subito e lasciate che la magia abbia inizio!<\/p>\n\t\t<\/div>\n\t\t[\/vc_column][\/vc_row][vc_row][vc_column][vc_single_image image=&#8221;73385&#8243; img_size=&#8221;full&#8221; alignment=&#8221;center&#8221; css=&#8221;&#8221; parallax_scroll=&#8221;no&#8221; woodmart_inline=&#8221;no&#8221;][\/vc_column][\/vc_row][vc_row][vc_column]\n\t\t<div id=\"wd-67cffd23f3972\" class=\"title-wrapper wd-wpb wd-set-mb reset-last-child  wd-rs-67cffd23f3972 wd-title-color-default wd-title-style-bordered text-left  wd-underline-colored\">\n\t\t\t\n\t\t\t<div class=\"liner-continer\">\n\t\t\t\t<h3 class=\"woodmart-title-container title  wd-font-weight- wd-fontsize-xl\" >ZOO PARADE : Tende per camerette moderne Tessuto in Cotone<\/h3>\n\t\t\t\t\t\t\t<\/div>\n\t\t\t\n\t\t\t\n\t\t\t\n\t\t<\/div>\n\t\t\n\t\t[\/vc_column][\/vc_row]<\/p>\n<\/div>","protected":false},"excerpt":{"rendered":"<p>Non stiamo parlando della solita tenda&#8230;.. Questo significa che gli animali sembrano prendere vita, pronti a saltare fuori e a raccontare storie fantastiche.<strong> ZOO PARADE :\u00a0 Tende per camerette moderne<\/strong><\/p>\n","protected":false},"featured_media":73378,"template":"","meta":[],"product_brand":[3799],"product_cat":[3820],"product_tag":[],"class_list":{"0":"post-73585","1":"product","2":"type-product","3":"status-publish","4":"has-post-thumbnail","6":"product_brand-villa-nova-tessuti","7":"product_cat-tende-cameretta","9":"first","10":"instock","11":"taxable","12":"shipping-taxable","13":"purchasable","14":"product-type-simple"},"_links":{"self":[{"href":"https:\/\/www.marinigerardi.it\/shop\/wp-json\/wp\/v2\/product\/73585","targetHints":{"allow":["GET"]}}],"collection":[{"href":"https:\/\/www.marinigerardi.it\/shop\/wp-json\/wp\/v2\/product"}],"about":[{"href":"https:\/\/www.marinigerardi.it\/shop\/wp-json\/wp\/v2\/types\/product"}],"wp:featuredmedia":[{"embeddable":true,"href":"https:\/\/www.marinigerardi.it\/shop\/wp-json\/wp\/v2\/media\/73378"}],"wp:attachment":[{"href":"https:\/\/www.marinigerardi.it\/shop\/wp-json\/wp\/v2\/media?parent=73585"}],"wp:term":[{"taxonomy":"product_brand","embeddable":true,"href":"https:\/\/www.marinigerardi.it\/shop\/wp-json\/wp\/v2\/product_brand?post=73585"},{"taxonomy":"product_cat","embeddable":true,"href":"https:\/\/www.marinigerardi.it\/shop\/wp-json\/wp\/v2\/product_cat?post=73585"},{"taxonomy":"product_tag","embeddable":true,"href":"https:\/\/www.marinigerardi.it\/shop\/wp-json\/wp\/v2\/product_tag?post=73585"}],"curies":[{"name":"wp","href":"https:\/\/api.w.org\/{rel}","templated":true}]}}