{"id":73578,"date":"2025-03-10T18:18:35","date_gmt":"2025-03-10T18:18:35","guid":{"rendered":"https:\/\/www.marinigerardi.it\/shop\/?post_type=product&#038;p=73578"},"modified":"2025-11-14T19:42:46","modified_gmt":"2025-11-14T19:42:46","slug":"tende-camerette-moderne","status":"publish","type":"product","link":"https:\/\/www.marinigerardi.it\/shop\/prodotto\/tende-camerette-moderne\/","title":{"rendered":"ZEBRA A PUA&#8217; : Tende camerette moderne in Cotone Ricamato"},"content":{"rendered":"<div class=\"wpb-content-wrapper\"><p>[vc_row][vc_column width=&#8221;1\/2&#8243;]\n\t\t<div id=\"wd-67cf2d8694d31\" class=\"title-wrapper wd-wpb wd-set-mb reset-last-child  wd-rs-67cf2d8694d31 wd-title-color-default wd-title-style-default text-left  wd-underline-colored\">\n\t\t\t\t\t\t\t\n\t\t\t\t<div class=\"title-subtitle  subtitle-color-default font-default subtitle-style-default wd-font-weight-600 wd-fontsize-xs\">Un Viaggio di Colori e Fantasia<\/div>\n\t\t\t\n\t\t\t<div class=\"liner-continer\">\n\t\t\t\t<h2 class=\"woodmart-title-container title  wd-font-weight- wd-fontsize-xl\" >ZEBRA A PUA' : Tende camerette moderne in Cotone Ricamato<\/h2>\n\t\t\t\t\t\t\t<\/div>\n\t\t\t\n\t\t\t\n\t\t\t\n\t\t<\/div>\n\t\t\n\t\t\t\t<div id=\"wd-67c96d3c6247b\" class=\"wd-text-block wd-wpb reset-last-child wd-rs-67c96d3c6247b text-left \">\n\t\t\t<p>Strisce di pois colorati danzano su un morbido cotone liscio, trasformando un semplice tessuto in un piccolo capolavoro di allegria! Ma attenzione, qui non si tratta di una stampa qualunque\u2026 no, no! Qui i pois sono RICAMATI, piccoli gioielli di tessuto che aggiungono un tocco di magia e originalit\u00e0.<\/p>\n\t\t<\/div>\n\t\t[vc_message message_box_style=&#8221;outline&#8221; message_box_color=&#8221;turquoise&#8221; css=&#8221;&#8221;]<\/p>\n<ul>\n<li><strong>Composizione<\/strong> 73% CO\u00a0 27% PL\u00a0 \u00a0<a href=\"https:\/\/www.marinigerardi.it\/shop\/prodotto\/camerette-bambina-tessuto\/\">Tende camerette moderne <\/a> in Cotone Ricamato <strong> (tessuto luminoso &#8211; non coprente)<\/strong> OEKO-TEX\u00ae STANDARD 100<\/li>\n<li><strong>Larghezza<\/strong> 128 cm<\/li>\n<li><strong>Ripetizione disegno<\/strong> 20 x 16 cm<\/li>\n<li><strong>Manutenzione <\/strong><img decoding=\"async\" src=\"https:\/\/www.marinigerardi.it\/shop\/wp-content\/uploads\/2025\/03\/lav-zebra-pua-3319.png.webp\" alt=\"Istruzioni lavaggio\" \/><\/li>\n<li><strong>Tempi di consegna<\/strong> 10\/15 gg. lavorativi<\/li>\n<\/ul>\n<p><strong>NOTE<\/strong>: tessuto design in lussuoso morbido e delicato cotone con una bellissima Texture\u00a0 per arredo cameretta bambini, tende per interni, cuscini, pouf.<br \/>\nSe avete bisogno di aiuto contattateci all\u2019 indirizzo mail assistenza@marinigerardi.it[\/vc_message][vc_single_image image=&#8221;73390&#8243; img_size=&#8221;large&#8221; css=&#8221;&#8221; parallax_scroll=&#8221;no&#8221; woodmart_inline=&#8221;no&#8221;][\/vc_column][vc_column width=&#8221;1\/2&#8243;][vc_single_image image=&#8221;73471&#8243; img_size=&#8221;large&#8221; alignment=&#8221;center&#8221; css=&#8221;&#8221; parallax_scroll=&#8221;no&#8221; woodmart_inline=&#8221;no&#8221;][\/vc_column][\/vc_row][vc_row][vc_column]<div id=\"wd-67cf31c58f102\" class=\" wd-rs-67cf31c58f102  wd-button-wrapper text-center\"><a href=\"https:\/\/www.marinigerardi.it\/shop\/categoria-prodotto\/tende-cameretta\/\" title=\"Tessuti per Tende Bambini\" class=\"btn btn-style-default btn-shape-rectangle btn-size-default\">vedi altre Tende Cameretta Bambini<\/a><\/div>[vc_empty_space woodmart_hide_large=&#8221;0&#8243; woodmart_hide_medium=&#8221;0&#8243; woodmart_hide_small=&#8221;0&#8243;]\n\t\t<div id=\"wd-67cf3252a90c4\" class=\"title-wrapper wd-wpb wd-set-mb reset-last-child  wd-rs-67cf3252a90c4 wd-title-color-default wd-title-style-default text-left  wd-underline-colored\">\n\t\t\t\n\t\t\t<div class=\"liner-continer\">\n\t\t\t\t<h3 class=\"woodmart-title-container title  wd-font-weight- wd-fontsize-xl\" >ZEBRA A PUA' : Tende camerette moderne in Cotone Ricamato<\/h3>\n\t\t\t\t\t\t\t<\/div>\n\t\t\t\n\t\t\t\t\t\t\t<div class=\"title-after_title reset-last-child  wd-fontsize-s\">Quando il Tessuto Diventa un Racconto per la Cameretta della Tua Bambina.<br \/>\nApri le porte della fantasia e immergiti in un universo di colori e magia!<\/div>\n\t\t\t\n\t\t\t\n\t\t<\/div>\n\t\t\n\t\t[\/vc_column][\/vc_row][vc_row][vc_column]\t\t<div id=\"wd-67c96e3c3e3b6\" class=\"wd-text-block wd-wpb reset-last-child wd-rs-67c96e3c3e3b6 text-left \">\n\t\t\t<p><span style=\"font-size: 16pt;\"><strong>Dolcezza per la Cameretta!<\/strong><\/span><br \/>\nImmagina\u2026 una stanza che sussurra storie, un rifugio incantato dove i sogni danzano leggeri e la fantasia si accende come scintille nel buio! Con i tessuti giusti, ogni angolo della cameretta si trasforma in un mondo magico, un luogo speciale dove i piccoli esploratori possono lasciar correre la loro immaginazione.<br \/>\nMorbide trame, colori avvolgenti e dettagli ricamati creano un\u2019atmosfera calda e accogliente, perfetta per accompagnare le avventure quotidiane di ogni bimbo e bimba. Perch\u00e9 la bellezza di una cameretta sta nei dettagli\u2026 e nella magia che la riempie!<\/p>\n\t\t<\/div>\n\t\t[\/vc_column][\/vc_row][vc_row css=&#8221;.vc_custom_1740312197572{background-color: #F3F3F3 !important;}&#8221; woodmart_css_id=&#8221;67bb0e722836d&#8221; responsive_spacing=&#8221;eyJwYXJhbV90eXBlIjoid29vZG1hcnRfcmVzcG9uc2l2ZV9zcGFjaW5nIiwic2VsZWN0b3JfaWQiOiI2N2JiMGU3MjI4MzZkIiwic2hvcnRjb2RlIjoidmNfcm93IiwiZGF0YSI6eyJ0YWJsZXQiOnt9LCJtb2JpbGUiOnt9fX0=&#8221; mobile_bg_img_hidden=&#8221;no&#8221; tablet_bg_img_hidden=&#8221;no&#8221; woodmart_parallax=&#8221;0&#8243; woodmart_gradient_switch=&#8221;no&#8221; woodmart_box_shadow=&#8221;no&#8221; wd_z_index=&#8221;no&#8221; woodmart_disable_overflow=&#8221;0&#8243; row_reverse_mobile=&#8221;0&#8243; row_reverse_tablet=&#8221;0&#8243;][vc_column width=&#8221;1\/2&#8243;][vc_single_image image=&#8221;73470&#8243; img_size=&#8221;large&#8221; alignment=&#8221;center&#8221; css=&#8221;&#8221; parallax_scroll=&#8221;no&#8221; woodmart_inline=&#8221;no&#8221;][\/vc_column][vc_column width=&#8221;1\/2&#8243;][vc_single_image image=&#8221;73476&#8243; img_size=&#8221;large&#8221; alignment=&#8221;center&#8221; css=&#8221;&#8221; parallax_scroll=&#8221;no&#8221; woodmart_inline=&#8221;no&#8221;][\/vc_column][\/vc_row][vc_row][vc_column]\n\t\t<div id=\"wd-67cf2dacd06b1\" class=\"title-wrapper wd-wpb wd-set-mb reset-last-child  wd-rs-67cf2dacd06b1 wd-title-color-default wd-title-style-bordered text-left  wd-underline-colored\">\n\t\t\t\n\t\t\t<div class=\"liner-continer\">\n\t\t\t\t<h4 class=\"woodmart-title-container title  wd-font-weight- wd-fontsize-xl\" >ZEBRA A PUA' : Tende camerette moderne in Cotone Ricamato<\/h4>\n\t\t\t\t\t\t\t<\/div>\n\t\t\t\n\t\t\t\t\t\t\t<div class=\"title-after_title reset-last-child  wd-fontsize-s\">Tende da Favola per Piccole Principesse<\/div>\n\t\t\t\n\t\t\t\n\t\t<\/div>\n\t\t\n\t\t\t\t<div id=\"wd-67cff475555e5\" class=\"wd-text-block wd-wpb reset-last-child wd-rs-67cff475555e5 text-left \">\n\t\t\t<p>Dite addio alle tende camerette moderne noiose e date il benvenuto a un&#8217;esplosione di colore e fantasia. Con questa tenda, la cameretta diventer\u00e0 il luogo preferito dei vostri bambini, un posto dove i sogni diventano realt\u00e0 perch\u00e8 l&#8217;immaginazione non ha limiti.<\/p>\n<p><span style=\"font-size: 16pt;\"><strong>Non aspettare, la magia ti aspetta!<br \/>\n<\/strong><\/span><br \/>\nImmagina una cameretta che prende vita, un rifugio fatato dove ogni dettaglio racconta una storia. E i nostri pois? Non stanno certo fermi! Saltellano qua e l\u00e0, trasformando le tende in una tela incantata, perfetta per accompagnare i sogni e le avventure dei pi\u00f9 piccoli.<\/p>\n<p><span style=\"font-size: 16pt;\"><strong>Un tocco di poesia per la cameretta!<\/strong><\/span><\/p>\n<p>Chiudi gli occhi e sogna\u2026 Una stanza che sussurra dolci storie, un angolo accogliente dove i sogni prendono il volo! Con il tessuto <em>Zebra a Pois<\/em>, ogni cameretta si trasforma in un mondo di meraviglia, pronto ad accogliere risate, giochi e avventure.<\/p>\n<p>Le morbide trame, i colori vivaci e i dettagli ricamati non sono solo un piacere per gli occhi, ma un abbraccio di comfort e dolcezza. Perch\u00e9 arredare una cameretta non \u00e8 solo una questione di estetica, ma di emozioni, di calore e di piccoli dettagli che fanno la differenza.<\/p>\n\t\t<\/div>\n\t\t[\/vc_column][\/vc_row][vc_row css=&#8221;.vc_custom_1741109279315{background-color: #F3F3F3 !important;}&#8221; woodmart_css_id=&#8221;67c7380f5be9b&#8221; responsive_spacing=&#8221;eyJwYXJhbV90eXBlIjoid29vZG1hcnRfcmVzcG9uc2l2ZV9zcGFjaW5nIiwic2VsZWN0b3JfaWQiOiI2N2M3MzgwZjViZTliIiwic2hvcnRjb2RlIjoidmNfcm93IiwiZGF0YSI6eyJ0YWJsZXQiOnt9LCJtb2JpbGUiOnt9fX0=&#8221; mobile_bg_img_hidden=&#8221;no&#8221; tablet_bg_img_hidden=&#8221;no&#8221; woodmart_parallax=&#8221;0&#8243; woodmart_gradient_switch=&#8221;no&#8221; woodmart_box_shadow=&#8221;no&#8221; wd_z_index=&#8221;no&#8221; woodmart_disable_overflow=&#8221;0&#8243; row_reverse_mobile=&#8221;0&#8243; row_reverse_tablet=&#8221;0&#8243;][vc_column][vc_single_image image=&#8221;73407&#8243; img_size=&#8221;full&#8221; alignment=&#8221;center&#8221; css=&#8221;&#8221; parallax_scroll=&#8221;no&#8221; woodmart_inline=&#8221;no&#8221;][\/vc_column][\/vc_row][vc_row][vc_column]\n\t\t<div id=\"wd-6917861185e8f\" class=\"title-wrapper wd-wpb wd-set-mb reset-last-child  wd-rs-6917861185e8f wd-title-color-default wd-title-style-bordered text-left  wd-underline-colored\">\n\t\t\t\n\t\t\t<div class=\"liner-continer\">\n\t\t\t\t<h3 class=\"woodmart-title-container title  wd-font-weight- wd-fontsize-xl\" >ZEBRA A PUA' : Tende camerette moderne in Cotone Ricamato<\/h3>\n\t\t\t\t\t\t\t<\/div>\n\t\t\t\n\t\t\t\n\t\t\t\n\t\t<\/div>\n\t\t\n\t\t[\/vc_column][\/vc_row]<\/p>\n<\/div>","protected":false},"excerpt":{"rendered":"<p>Non \u00e8 il solito tessuto o la solita tenda, qui i dettagli sono ricamati, mica stampati! S\u00ec, avete capito bene, ricamati! <strong>un tocco di poesia negli spazi dedicati ai pi\u00f9 piccoli! <\/strong>Questo significa che ogni cosa prende vita, per raccontare storie fantastiche.<strong> ZEBRA A PUA&#8217; : Tende camerette moderne in Cotone Ricamato<\/strong><\/p>\n","protected":false},"featured_media":73470,"template":"","meta":[],"product_brand":[3822],"product_cat":[3820],"product_tag":[],"class_list":{"0":"post-73578","1":"product","2":"type-product","3":"status-publish","4":"has-post-thumbnail","6":"product_brand-villa-nova-tende","7":"product_cat-tende-cameretta","9":"first","10":"instock","11":"taxable","12":"shipping-taxable","13":"purchasable","14":"product-type-simple"},"_links":{"self":[{"href":"https:\/\/www.marinigerardi.it\/shop\/wp-json\/wp\/v2\/product\/73578","targetHints":{"allow":["GET"]}}],"collection":[{"href":"https:\/\/www.marinigerardi.it\/shop\/wp-json\/wp\/v2\/product"}],"about":[{"href":"https:\/\/www.marinigerardi.it\/shop\/wp-json\/wp\/v2\/types\/product"}],"wp:featuredmedia":[{"embeddable":true,"href":"https:\/\/www.marinigerardi.it\/shop\/wp-json\/wp\/v2\/media\/73470"}],"wp:attachment":[{"href":"https:\/\/www.marinigerardi.it\/shop\/wp-json\/wp\/v2\/media?parent=73578"}],"wp:term":[{"taxonomy":"product_brand","embeddable":true,"href":"https:\/\/www.marinigerardi.it\/shop\/wp-json\/wp\/v2\/product_brand?post=73578"},{"taxonomy":"product_cat","embeddable":true,"href":"https:\/\/www.marinigerardi.it\/shop\/wp-json\/wp\/v2\/product_cat?post=73578"},{"taxonomy":"product_tag","embeddable":true,"href":"https:\/\/www.marinigerardi.it\/shop\/wp-json\/wp\/v2\/product_tag?post=73578"}],"curies":[{"name":"wp","href":"https:\/\/api.w.org\/{rel}","templated":true}]}}