{"id":73376,"date":"2025-03-03T16:38:31","date_gmt":"2025-03-03T16:38:31","guid":{"rendered":"https:\/\/www.marinigerardi.it\/shop\/?post_type=product&#038;p=73376"},"modified":"2025-03-11T09:05:11","modified_gmt":"2025-03-11T09:05:11","slug":"idee-per-camerette-bimba","status":"publish","type":"product","link":"https:\/\/www.marinigerardi.it\/shop\/prodotto\/idee-per-camerette-bimba\/","title":{"rendered":"ZOO PARADE : Idee per camerette bimba Tessuto in Cotone per tende"},"content":{"rendered":"<div class=\"wpb-content-wrapper\"><p>[vc_row][vc_column width=&#8221;1\/2&#8243;]\n\t\t<div id=\"wd-67cffb5747525\" class=\"title-wrapper wd-wpb wd-set-mb reset-last-child  wd-rs-67cffb5747525 wd-title-color-default wd-title-style-default text-left  wd-underline-colored\">\n\t\t\t\t\t\t\t\n\t\t\t\t<div class=\"title-subtitle  subtitle-color-default font-default subtitle-style-default wd-font-weight-600 wd-fontsize-xs\">Un Viaggio di Colori e Fantasia<\/div>\n\t\t\t\n\t\t\t<div class=\"liner-continer\">\n\t\t\t\t<h2 class=\"woodmart-title-container title  wd-font-weight- wd-fontsize-xl\" >ZOO PARADE : idee per camerette bimba Tessuto in Cotone per Tende<\/h2>\n\t\t\t\t\t\t\t<\/div>\n\t\t\t\n\t\t\t\t\t\t\t<div class=\"title-after_title reset-last-child  wd-fontsize-s\">Il giro del mondo in 80 giorni con Picturebook!<\/div>\n\t\t\t\n\t\t\t\n\t\t<\/div>\n\t\t\n\t\t\t\t<div id=\"wd-67cff87d757a1\" class=\"wd-text-block wd-wpb reset-last-child wd-rs-67cff87d757a1 text-left \">\n\t\t\t<p>Cara mamma, immagina un luogo dove la fantasia non conosce limiti, dove ogni giorno \u00e8 una nuova avventura. Un rifugio magico per la tua bambina, un mondo incantato dove i sogni prendono vita. Con i tessuti della collezione Zoo Parade, puoi trasformare la cameretta in un regno di meraviglie, un luogo speciale che stimola la creativit\u00e0 e accende la gioia.<\/p>\n\t\t<\/div>\n\t\t[vc_message message_box_style=&#8221;outline&#8221; message_box_color=&#8221;turquoise&#8221; css=&#8221;&#8221;]<\/p>\n<ul>\n<li><strong>Composizione<\/strong> 91% CO 9% PC\u00a0 \u00a0<a href=\"https:\/\/www.marinigerardi.it\/shop\/prodotto\/idee-per-camerette-bimba\/\">Idee per camerette bimba <\/a>per tenda in Cotone OEKO-TEX\u00ae STANDARD 100<\/li>\n<li><strong>Larghezza<\/strong> 139 cm<\/li>\n<li><strong>Ripetizione disegno<\/strong> 61 x 139 cm<\/li>\n<li><strong>Manutenzione <\/strong><img decoding=\"async\" src=\"https:\/\/www.marinigerardi.it\/shop\/wp-content\/uploads\/2025\/03\/lav-zoo-3585.png.webp\" alt=\"Istruzioni lavaggio\" \/><\/li>\n<li><strong>Tempi di consegna<\/strong> 10\/15 gg. lavorativi<\/li>\n<\/ul>\n<p><strong>NOTE<\/strong>: tessuto design in lussuoso morbido e delicato cotone con una bellissima Texture\u00a0 per arredo cameretta bambini, tende per interni, cuscini, pouf.<br \/>\nMinimo acquisto 3 metri. Se avete bisogno di aiuto contattateci all\u2019 indirizzo mail assistenza@marinigerardi.it[\/vc_message][\/vc_column][vc_column width=&#8221;1\/2&#8243;][vc_single_image image=&#8221;73382&#8243; img_size=&#8221;large&#8221; alignment=&#8221;center&#8221; css=&#8221;&#8221; parallax_scroll=&#8221;no&#8221; woodmart_inline=&#8221;no&#8221;][\/vc_column][\/vc_row][vc_row][vc_column]<div id=\"wd-67c0f9258daea\" class=\" wd-rs-67c0f9258daea  wd-button-wrapper text-center\"><a href=\"https:\/\/www.marinigerardi.it\/shop\/categoria-prodotto\/tende-per-cameretta\/\" title=\"Tessuti per Tende Bambini\" class=\"btn btn-style-default btn-shape-rectangle btn-size-default\">vedi altri Tessuti per Tende<\/a><\/div>[vc_empty_space woodmart_hide_large=&#8221;0&#8243; woodmart_hide_medium=&#8221;0&#8243; woodmart_hide_small=&#8221;0&#8243;]\n\t\t<div id=\"wd-67cff89e7f14f\" class=\"title-wrapper wd-wpb wd-set-mb reset-last-child  wd-rs-67cff89e7f14f wd-title-color-default wd-title-style-default text-left  wd-underline-colored\">\n\t\t\t\n\t\t\t<div class=\"liner-continer\">\n\t\t\t\t<h3 class=\"woodmart-title-container title  wd-font-weight- wd-fontsize-xl\" >ZOO PARADE : idee per camerette bimba Tessuto in Cotone<\/h3>\n\t\t\t\t\t\t\t<\/div>\n\t\t\t\n\t\t\t\t\t\t\t<div class=\"title-after_title reset-last-child  wd-fontsize-s\">un'avventura di colori e sogni per la cameretta della tua bambina<\/div>\n\t\t\t\n\t\t\t\n\t\t<\/div>\n\t\t\n\t\t[\/vc_column][\/vc_row][vc_row][vc_column]\t\t<div id=\"wd-67cff8cd89423\" class=\"wd-text-block wd-wpb reset-last-child wd-rs-67cff8cd89423 text-left \">\n\t\t\t<p><span style=\"font-size: 16pt;\"><strong>Tende da favola per piccole principesse<\/strong><\/span><br \/>\nDimentica le tende noiose e monotone! Con Zoo Parade, la cameretta si trasforma in una giungla incantata, popolata da animali fantastici e colori vivaci. Immagina una zebra che sembra uscita da un arcobaleno, una giraffa che spia curiosa i sogni della tua bambina e un elefante elegante come un re. Un vero spettacolo per gli occhi e per il cuore!<\/p>\n\t\t<\/div>\n\t\t[\/vc_column][\/vc_row][vc_row css=&#8221;.vc_custom_1740312197572{background-color: #F3F3F3 !important;}&#8221; woodmart_css_id=&#8221;67bb0e722836d&#8221; responsive_spacing=&#8221;eyJwYXJhbV90eXBlIjoid29vZG1hcnRfcmVzcG9uc2l2ZV9zcGFjaW5nIiwic2VsZWN0b3JfaWQiOiI2N2JiMGU3MjI4MzZkIiwic2hvcnRjb2RlIjoidmNfcm93IiwiZGF0YSI6eyJ0YWJsZXQiOnt9LCJtb2JpbGUiOnt9fX0=&#8221; mobile_bg_img_hidden=&#8221;no&#8221; tablet_bg_img_hidden=&#8221;no&#8221; woodmart_parallax=&#8221;0&#8243; woodmart_gradient_switch=&#8221;no&#8221; woodmart_box_shadow=&#8221;no&#8221; wd_z_index=&#8221;no&#8221; woodmart_disable_overflow=&#8221;0&#8243; row_reverse_mobile=&#8221;0&#8243; row_reverse_tablet=&#8221;0&#8243;][vc_column width=&#8221;1\/2&#8243;][vc_single_image image=&#8221;73383&#8243; img_size=&#8221;large&#8221; alignment=&#8221;center&#8221; css=&#8221;&#8221; parallax_scroll=&#8221;no&#8221; woodmart_inline=&#8221;no&#8221;][\/vc_column][vc_column width=&#8221;1\/2&#8243;][vc_single_image image=&#8221;73384&#8243; img_size=&#8221;large&#8221; alignment=&#8221;center&#8221; css=&#8221;&#8221; parallax_scroll=&#8221;no&#8221; woodmart_inline=&#8221;no&#8221;][\/vc_column][\/vc_row][vc_row][vc_column]\n\t\t<div id=\"wd-67cffc821e6a2\" class=\"title-wrapper wd-wpb wd-set-mb reset-last-child  wd-rs-67cffc821e6a2 wd-title-color-default wd-title-style-bordered text-left  wd-underline-colored\">\n\t\t\t\n\t\t\t<div class=\"liner-continer\">\n\t\t\t\t<h4 class=\"woodmart-title-container title  wd-font-weight- wd-fontsize-xl\" >ZOO PARADE : idee per camerette bimba Tessuto in Cotone speciale, lascia che la magia abbia inizio!<\/h4>\n\t\t\t\t\t\t\t<\/div>\n\t\t\t\n\t\t\t\t\t\t\t<div class=\"title-after_title reset-last-child  wd-fontsize-s\">Picturebook II: Tende da Favola per Piccole Principesse<\/div>\n\t\t\t\n\t\t\t\n\t\t<\/div>\n\t\t\n\t\t\t\t<div id=\"wd-67cff9e588b7f\" class=\"wd-text-block wd-wpb reset-last-child wd-rs-67cff9e588b7f text-left \">\n\t\t\t<p><span style=\"font-size: 16pt;\"><strong>Un tessuto che racconta storie<\/strong><\/span><br \/>\nIl tessuto Zoo Parade \u00e8 molto pi\u00f9 di una semplice stoffa. \u00c8 un racconto che prende forma, un&#8217;avventura che si dipana tra le trame del cotone. Ogni dettaglio \u00e8 pensato per stimolare l&#8217;immaginazione e invitare al gioco. I ricami morbidi e i colori accattivanti creano un&#8217;atmosfera magica e accogliente, perfetta per la tua piccola principessa.<br \/>\n<span style=\"font-size: 16pt;\"><strong>Qualit\u00e0 e sicurezza per la tua bambina<\/strong><\/span><br \/>\nRealizzato in puro cotone, il tessuto Zoo Parade \u00e8 morbido al tatto e resistente, ideale per le camerette dei bambini. Puoi stare tranquilla, la tua bambina sar\u00e0 avvolta in un abbraccio di dolcezza e sicurezza.<\/p>\n\t\t<\/div>\n\t\t[\/vc_column][\/vc_row][vc_row][vc_column][vc_single_image image=&#8221;73385&#8243; img_size=&#8221;full&#8221; alignment=&#8221;center&#8221; css=&#8221;&#8221; parallax_scroll=&#8221;no&#8221; woodmart_inline=&#8221;no&#8221;][\/vc_column][\/vc_row][vc_row][vc_column]\n\t\t<div id=\"wd-67cffa725f7d1\" class=\"title-wrapper wd-wpb wd-set-mb reset-last-child  wd-rs-67cffa725f7d1 wd-title-color-default wd-title-style-bordered text-left  wd-underline-colored\">\n\t\t\t\n\t\t\t<div class=\"liner-continer\">\n\t\t\t\t<h3 class=\"woodmart-title-container title  wd-font-weight- wd-fontsize-xl\" >ZOO PARADE : idee per camerette bimba Tessuto in Cotone pregiato<\/h3>\n\t\t\t\t\t\t\t<\/div>\n\t\t\t\n\t\t\t\n\t\t\t\n\t\t<\/div>\n\t\t\n\t\t[\/vc_column][\/vc_row]<\/p>\n<\/div>","protected":false},"excerpt":{"rendered":"<p>Non aspettare oltre, trasforma la cameretta della tua bambina in un luogo da favola. Con Zoo Parade, ogni giorno sar\u00e0 un&#8217;avventura indimenticabile, un viaggio nel cuore della fantasia. Questo significa che gli animali sembrano prendere vita, pronti a saltare fuori e a raccontare storie fantastiche.<strong> ZOO PARADE : idee per camerette bimba\u00a0<\/strong><\/p>\n","protected":false},"featured_media":73378,"template":"","meta":[],"product_brand":[3799],"product_cat":[3802],"product_tag":[],"class_list":{"0":"post-73376","1":"product","2":"type-product","3":"status-publish","4":"has-post-thumbnail","6":"product_brand-villa-nova-tessuti","7":"product_cat-tende-per-cameretta","9":"first","10":"instock","11":"taxable","12":"shipping-taxable","13":"purchasable","14":"product-type-simple"},"_links":{"self":[{"href":"https:\/\/www.marinigerardi.it\/shop\/wp-json\/wp\/v2\/product\/73376","targetHints":{"allow":["GET"]}}],"collection":[{"href":"https:\/\/www.marinigerardi.it\/shop\/wp-json\/wp\/v2\/product"}],"about":[{"href":"https:\/\/www.marinigerardi.it\/shop\/wp-json\/wp\/v2\/types\/product"}],"wp:featuredmedia":[{"embeddable":true,"href":"https:\/\/www.marinigerardi.it\/shop\/wp-json\/wp\/v2\/media\/73378"}],"wp:attachment":[{"href":"https:\/\/www.marinigerardi.it\/shop\/wp-json\/wp\/v2\/media?parent=73376"}],"wp:term":[{"taxonomy":"product_brand","embeddable":true,"href":"https:\/\/www.marinigerardi.it\/shop\/wp-json\/wp\/v2\/product_brand?post=73376"},{"taxonomy":"product_cat","embeddable":true,"href":"https:\/\/www.marinigerardi.it\/shop\/wp-json\/wp\/v2\/product_cat?post=73376"},{"taxonomy":"product_tag","embeddable":true,"href":"https:\/\/www.marinigerardi.it\/shop\/wp-json\/wp\/v2\/product_tag?post=73376"}],"curies":[{"name":"wp","href":"https:\/\/api.w.org\/{rel}","templated":true}]}}