{"id":7271,"date":"2021-01-28T10:31:03","date_gmt":"2021-01-28T10:31:03","guid":{"rendered":"https:\/\/marinigerardi.it\/shop\/product\/import-placeholder-for-4202\/"},"modified":"2025-12-20T16:39:50","modified_gmt":"2025-12-20T16:39:50","slug":"amsterdam-tovaglie-runner","status":"publish","type":"product","link":"https:\/\/www.marinigerardi.it\/shop\/prodotto\/amsterdam-tovaglie-runner\/","title":{"rendered":"AMSTERDAM &#8211; Tovaglie Runner in lino per una Tavola Bicolore"},"content":{"rendered":"<div class=\"wpb-content-wrapper\"><p>[vc_row equal_height=&#8221;yes&#8221; mobile_bg_img_hidden=&#8221;no&#8221; tablet_bg_img_hidden=&#8221;no&#8221; woodmart_parallax=&#8221;0&#8243; woodmart_gradient_switch=&#8221;no&#8221; row_reverse_mobile=&#8221;0&#8243; row_reverse_tablet=&#8221;0&#8243; woodmart_disable_overflow=&#8221;0&#8243;][vc_column offset=&#8221;vc_col-lg-6 vc_col-md-6&#8243; mobile_bg_img_hidden=&#8221;no&#8221; tablet_bg_img_hidden=&#8221;no&#8221; woodmart_parallax=&#8221;0&#8243; woodmart_sticky_column=&#8221;false&#8221; parallax_scroll=&#8221;no&#8221; mobile_reset_margin=&#8221;no&#8221; tablet_reset_margin=&#8221;no&#8221; css=&#8221;.vc_custom_1613071403480{margin-top: 0px !important;}&#8221;]\n\t\t<div id=\"wd-6946d103c3123\" class=\"title-wrapper wd-wpb wd-set-mb reset-last-child  wd-rs-6946d103c3123 wd-title-color-primary wd-title-style-bordered text-left vc_custom_1766248667127 wd-underline-colored\">\n\t\t\t\n\t\t\t<div class=\"liner-continer\">\n\t\t\t\t<h2 class=\"woodmart-title-container title  wd-font-weight- wd-fontsize-l\" >AMSTERDAM - Tovaglie Runner Tavola Bicolore in Lino<\/h2>\n\t\t\t\t\t\t\t<\/div>\n\t\t\t\n\t\t\t\n\t\t\t\n\t\t<\/div>\n\t\t\n\t\t\t\t<div id=\"wd-67813e8583df1\" class=\"wd-text-block wd-wpb reset-last-child wd-rs-67813e8583df1 text-left \">\n\t\t\t<p style=\"text-align: justify;\"><a href=\"https:\/\/www.marinigerardi.it\/shop\/prodotto\/amsterdam-tovaglie-runner\/\">Tovaglie runner da tavola<\/a> con doppia tonalit\u00e0 di colore e con taglio trasversale che si pone come una chiave Pop assolutamente originale.<br \/>\nTessuto 100% LINO a trama fitta ben strutturato per una piacevole sensazione al tatto. Cucita nel nostro laboratorio con finitura tradizionale e bordo semplice doppiato di almeno 2,5 cm. | I colori selezionati per voi rendono questo prodotto unico.<\/p>\n\t\t<\/div>\n\t\t[vc_message message_box_style=&#8221;outline&#8221; message_box_color=&#8221;grey&#8221; css=&#8221;&#8221;]<strong>Tovaglie runner tessuto:<\/strong> 100% lino Grezzo;<br \/>\n<strong>Peso:<\/strong> 320 gr\/m\u00b2;<br \/>\n<strong>Colori:<\/strong> 13 colori in doppia tonalit\u00e0, con taglio trasversale.<\/p>\n<p>Per le vostre misure particolari o combinazioni di colori vi preghiamo di contattarci al Indirizzo <strong>mail assistenza@marinigerardi.it<\/strong>[\/vc_message][\/vc_column][vc_column css=&#8221;.vc_custom_1612434787067{background-position: center !important;background-repeat: no-repeat !important;background-size: cover !important;}&#8221; offset=&#8221;vc_col-lg-6 vc_col-md-6&#8243; mobile_bg_img_hidden=&#8221;no&#8221; tablet_bg_img_hidden=&#8221;no&#8221; woodmart_parallax=&#8221;0&#8243; woodmart_sticky_column=&#8221;false&#8221; parallax_scroll=&#8221;no&#8221; mobile_reset_margin=&#8221;no&#8221; tablet_reset_margin=&#8221;no&#8221;][vc_single_image image=&#8221;11200&#8243; img_size=&#8221;large&#8221; alignment=&#8221;center&#8221; style=&#8221;vc_box_shadow&#8221; onclick=&#8221;link_image&#8221; parallax_scroll=&#8221;no&#8221; woodmart_inline=&#8221;no&#8221;][\/vc_column][\/vc_row][vc_row][vc_column][vc_empty_space height=&#8221;22px&#8221; woodmart_hide_large=&#8221;0&#8243; woodmart_hide_medium=&#8221;0&#8243; woodmart_hide_small=&#8221;0&#8243;]\n\t\t<div id=\"wd-6946d11b603f7\" class=\"title-wrapper wd-wpb wd-set-mb reset-last-child  wd-rs-6946d11b603f7 wd-title-color-primary wd-title-style-bordered text-center vc_custom_1766248685874 wd-underline-colored\">\n\t\t\t\n\t\t\t<div class=\"liner-continer\">\n\t\t\t\t<h3 class=\"woodmart-title-container title  wd-font-weight- wd-fontsize-l\" >AMSTERDAM - Tovaglie Runner in lino per una Tavola Bicolore<\/h3>\n\t\t\t\t\t\t\t<\/div>\n\t\t\t\n\t\t\t\n\t\t\t\n\t\t<\/div>\n\t\t\n\t\t[\/vc_column][\/vc_row][vc_row css=&#8221;.vc_custom_1695917015168{background-color: #f3f3f3 !important;}&#8221; woodmart_css_id=&#8221;6515a3d046fe7&#8243; responsive_spacing=&#8221;eyJwYXJhbV90eXBlIjoid29vZG1hcnRfcmVzcG9uc2l2ZV9zcGFjaW5nIiwic2VsZWN0b3JfaWQiOiI2NTE1YTNkMDQ2ZmU3Iiwic2hvcnRjb2RlIjoidmNfcm93IiwiZGF0YSI6eyJ0YWJsZXQiOnt9LCJtb2JpbGUiOnt9fX0=&#8221; mobile_bg_img_hidden=&#8221;no&#8221; tablet_bg_img_hidden=&#8221;no&#8221; woodmart_parallax=&#8221;0&#8243; woodmart_gradient_switch=&#8221;no&#8221; woodmart_box_shadow=&#8221;no&#8221; wd_z_index=&#8221;no&#8221; woodmart_disable_overflow=&#8221;0&#8243; row_reverse_mobile=&#8221;0&#8243; row_reverse_tablet=&#8221;0&#8243;][vc_column][vc_single_image image=&#8221;11195&#8243; img_size=&#8221;full&#8221; alignment=&#8221;center&#8221; style=&#8221;vc_box_shadow&#8221; onclick=&#8221;link_image&#8221; css=&#8221;.vc_custom_1695917005178{margin-right: 20px !important;}&#8221; parallax_scroll=&#8221;no&#8221; woodmart_inline=&#8221;no&#8221;][\/vc_column][\/vc_row][vc_row][vc_column]\n\t\t<div id=\"wd-6946d12d603fa\" class=\"title-wrapper wd-wpb wd-set-mb reset-last-child  wd-rs-6946d12d603fa wd-title-color-default wd-title-style-bordered text-center  wd-underline-colored\">\n\t\t\t\n\t\t\t<div class=\"liner-continer\">\n\t\t\t\t<h3 class=\"woodmart-title-container title  wd-font-weight- wd-fontsize-l\" >Tovaglie Runner in Lino - AMSTERDAM in Pillole - Uno grande spettacolo per gli occh<\/h3>\n\t\t\t\t\t\t\t<\/div>\n\t\t\t\n\t\t\t\n\t\t\t\n\t\t<\/div>\n\t\t\n\t\t\t\t<div id=\"wd-6515a4bee01d4\" class=\"wd-text-block wd-wpb reset-last-child wd-rs-6515a4bee01d4 text-left \">\n\t\t\t<p><strong><br \/>\nIl Regno delle Biciclette: Amsterdam nell&#8217;Anima a Pedali<\/strong><\/p>\n<p style=\"text-align: justify;\">Amsterdam \u00e8 una citt\u00e0 intrisa di storia e cultura, ma \u00e8 la bicicletta a costituire il cuore pulsante di questa incredibile metropoli. Qui, spostarsi in sella a una bicicletta non \u00e8 solo un mezzo di trasporto, ma una vera e propria filosofia di vita. Questa passione \u00e8 talmente radicata che anche i visitatori si lasciano coinvolgere, approfittando degli innumerevoli servizi di noleggio disponibili. Incredibilmente, la proporzione tra biciclette e abitanti ad Amsterdam \u00e8 quasi 1:1, il che spiega perch\u00e9 la citt\u00e0 sia stata progettata e pensata per i ciclisti, offrendo un&#8217;efficiente rete di piste ciclabili.<\/p>\n<p style=\"text-align: justify;\">Sia che tu sia in sella a una bicicletta o che preferisca passeggiare, \u00e8 essenziale prestare la massima attenzione quando si attraversano le piste ciclabili. Questi percorsi sono il terreno di gioco preferito di ciclisti determinati e veloci, e non esitano a suonare il campanello quando qualcuno si trova sulla loro strada. La scena di interminabili gruppi di biciclette che sfrecciano \u00e8 una delle esperienze pi\u00f9 caratteristiche di Amsterdam, ma \u00e8 importante rispettarne le dinamiche per una visita senza intoppi.<\/p>\n<p style=\"text-align: justify;\">In breve, ad Amsterdam, la bicicletta \u00e8 molto pi\u00f9 di un semplice mezzo di trasporto. \u00c8 il simbolo della citt\u00e0, la chiave per immergersi nella sua cultura e l&#8217;occasione per vivere un&#8217;esperienza autentica e coinvolgente. Che tu sia un ciclista esperto o un turista curioso, pedalare tra i canali e le strade di questa citt\u00e0 unica sar\u00e0 un ricordo indelebile del tuo viaggio nei Paesi Bassi.<\/p>\n\t\t<\/div>\n\t\t[\/vc_column][\/vc_row]<\/p>\n<\/div>","protected":false},"excerpt":{"rendered":"<p><strong>AMSTERDAM<\/strong> &#8211; Tovaglie Runner in lino realizzate con tessuto di primissima qualit\u00e0 a trama fitta con piccole annodature, con struttura tenace, morbido piacevole al tatto.<\/p>\n","protected":false},"featured_media":11196,"template":"","meta":[],"product_brand":[],"product_cat":[68,1496],"product_tag":[73],"class_list":{"0":"post-7271","1":"product","2":"type-product","3":"status-publish","4":"has-post-thumbnail","6":"product_cat-runner-tavolo","7":"product_cat-tovaglie","8":"product_tag-table-runners","10":"first","11":"instock","12":"taxable","13":"shipping-taxable","14":"purchasable","15":"product-type-simple"},"_links":{"self":[{"href":"https:\/\/www.marinigerardi.it\/shop\/wp-json\/wp\/v2\/product\/7271","targetHints":{"allow":["GET"]}}],"collection":[{"href":"https:\/\/www.marinigerardi.it\/shop\/wp-json\/wp\/v2\/product"}],"about":[{"href":"https:\/\/www.marinigerardi.it\/shop\/wp-json\/wp\/v2\/types\/product"}],"wp:featuredmedia":[{"embeddable":true,"href":"https:\/\/www.marinigerardi.it\/shop\/wp-json\/wp\/v2\/media\/11196"}],"wp:attachment":[{"href":"https:\/\/www.marinigerardi.it\/shop\/wp-json\/wp\/v2\/media?parent=7271"}],"wp:term":[{"taxonomy":"product_brand","embeddable":true,"href":"https:\/\/www.marinigerardi.it\/shop\/wp-json\/wp\/v2\/product_brand?post=7271"},{"taxonomy":"product_cat","embeddable":true,"href":"https:\/\/www.marinigerardi.it\/shop\/wp-json\/wp\/v2\/product_cat?post=7271"},{"taxonomy":"product_tag","embeddable":true,"href":"https:\/\/www.marinigerardi.it\/shop\/wp-json\/wp\/v2\/product_tag?post=7271"}],"curies":[{"name":"wp","href":"https:\/\/api.w.org\/{rel}","templated":true}]}}