{"id":72594,"date":"2025-01-24T18:00:31","date_gmt":"2025-01-24T18:00:31","guid":{"rendered":"https:\/\/www.marinigerardi.it\/shop\/?post_type=product&#038;p=72594"},"modified":"2025-12-20T00:31:47","modified_gmt":"2025-12-20T00:31:47","slug":"copripiumino-matrimoniale-in-cotone","status":"publish","type":"product","link":"https:\/\/www.marinigerardi.it\/shop\/prodotto\/copripiumino-matrimoniale-in-cotone\/","title":{"rendered":"MISTRAL 500 cp extra lusso Copripiumino matrimoniale in cotone 500 fili"},"content":{"rendered":"<div class=\"wpb-content-wrapper\"><p>[vc_row equal_height=&#8221;yes&#8221; mobile_bg_img_hidden=&#8221;no&#8221; tablet_bg_img_hidden=&#8221;no&#8221; woodmart_parallax=&#8221;0&#8243; woodmart_gradient_switch=&#8221;no&#8221; row_reverse_mobile=&#8221;0&#8243; row_reverse_tablet=&#8221;0&#8243; woodmart_disable_overflow=&#8221;0&#8243;][vc_column offset=&#8221;vc_col-lg-6 vc_col-md-6&#8243; mobile_bg_img_hidden=&#8221;no&#8221; tablet_bg_img_hidden=&#8221;no&#8221; woodmart_parallax=&#8221;0&#8243; woodmart_sticky_column=&#8221;false&#8221; parallax_scroll=&#8221;no&#8221; mobile_reset_margin=&#8221;no&#8221; tablet_reset_margin=&#8221;no&#8221; css=&#8221;.vc_custom_1613071403480{margin-top: 0px !important;}&#8221;]\n\t\t<div id=\"wd-6945ee1269ff7\" class=\"title-wrapper wd-wpb wd-set-mb reset-last-child  wd-rs-6945ee1269ff7 wd-title-color-primary wd-title-style-bordered text-left vc_custom_1766190586105 wd-underline-colored\">\n\t\t\t\n\t\t\t<div class=\"liner-continer\">\n\t\t\t\t<h2 class=\"woodmart-title-container title  wd-font-weight- wd-fontsize-l\" >Copripiumino matrimoniale in cotone 500 fili l'arte italiana da apprezzare ogni notte!<\/h2>\n\t\t\t\t\t\t\t<\/div>\n\t\t\t\n\t\t\t\t\t\t\t<div class=\"title-after_title reset-last-child  wd-fontsize-xs\">Il Migliore Cotone al Mondo: con l'anima tutta Italiana.<\/div>\n\t\t\t\n\t\t\t\n\t\t<\/div>\n\t\t\n\t\t\t\t<div id=\"wd-67960adb181dd\" class=\"wd-text-block wd-wpb reset-last-child wd-rs-67960adb181dd text-left \">\n\t\t\t<h4>Riscopri il piacere di un sonno sano e riposante con SUPIMA\u00ae.<\/h4>\n<p>Sei alla ricerca di un comfort assoluto? SUPIMA\u00ae \u00e8 la risposta che cercavi. Grazie alle sue propriet\u00e0 naturali, il cotone SUPIMA\u00ae \u00e8 ipoallergenico e perfetto per chi ha la pelle sensibile. I Copripiumini realizzati con questo prezioso filato sono resistenti e duraturi nel tempo, mantenendo inalterate morbidezza e brillantezza lavaggio dopo lavaggio. Investi nel tuo benessere e scegli SUPIMA\u00ae: la tua pelle ti ringrazier\u00e0.<\/p>\n\t\t<\/div>\n\t\t<div id=\"wd-6489cfb91e0ca\" class=\" wd-rs-6489cfb91e0ca  wd-button-wrapper text-left\"><a href=\"https:\/\/www.marinigerardi.it\/shop\/guida-misure-per-la-biancheria-letto\/\" title=\"Guida Come Calcolare il Metraggio dei Tessuti\" target=\"_blank\" class=\"btn btn-style-link btn-shape-rectangle btn-size-default btn-icon-pos-left\">Guida misure Biancheria Letto<span class=\"wd-btn-icon\"><span class=\"wd-icon far fa-arrow-alt-circle-right\"><\/span><\/span><\/a><\/div>[\/vc_column][vc_column css=&#8221;.vc_custom_1612434787067{background-position: center !important;background-repeat: no-repeat !important;background-size: cover !important;}&#8221; offset=&#8221;vc_col-lg-6 vc_col-md-6&#8243; mobile_bg_img_hidden=&#8221;no&#8221; tablet_bg_img_hidden=&#8221;no&#8221; woodmart_parallax=&#8221;0&#8243; woodmart_sticky_column=&#8221;false&#8221; parallax_scroll=&#8221;no&#8221; mobile_reset_margin=&#8221;no&#8221; tablet_reset_margin=&#8221;no&#8221;][vc_single_image image=&#8221;71101&#8243; img_size=&#8221;large&#8221; alignment=&#8221;center&#8221; style=&#8221;vc_box_shadow&#8221; onclick=&#8221;link_image&#8221; css=&#8221;&#8221; parallax_scroll=&#8221;no&#8221; woodmart_inline=&#8221;no&#8221;][\/vc_column][\/vc_row][vc_row][vc_column][vc_tta_accordion title_tag=&#8221;h4&#8243; active_section=&#8221;1&#8243;][vc_tta_section title=&#8221;Info: Per questa Offerta&#8221; tab_id=&#8221;1686758247918-c287db22-3df6&#8243;]\t\t<div id=\"wd-6797c0e6bf010\" class=\"wd-text-block wd-wpb reset-last-child wd-rs-6797c0e6bf010 text-left \">\n\t\t\t<ul>\n<li>Per questa offerta\u00a0 \u00e8 possibile ordinare: <strong><a href=\"https:\/\/www.marinigerardi.it\/shop\/prodotto\/copripiumino-matrimoniale-in-cotone\/\">copripiumino matrimoniale in cotone<\/a> + federe cuscino + Lenzuolo Sotto<\/strong>.<\/li>\n<li>Set Singolo o Set Una Piazza e Mezzo o\u00a0Set Matrimoniale.<\/li>\n<li><strong>Cotone Percalle SUPIMA\u00ae<\/strong> liscio 500 fili o leggermente stropicciato con <strong>trattamento indanthrene<\/strong><\/li>\n<\/ul>\n<p>N.B.: I colori dei tessuti presenti nelle immagini possono variare in base al monitor utilizzato. Segnalare nelle note dell&#8217;Ordine eventuale disposizioni aggiuntive. Per altre misure contattatare\u00a0 <strong>assistenza@marinigerardi.it <\/strong><\/p>\n\t\t<\/div>\n\t\t[\/vc_tta_section][vc_tta_section title=&#8221;Finalmente mi hai trovato!&#8221; tab_id=&#8221;1686758247889-f533f46d-4c9f&#8221;]\t\t<div id=\"wd-6526bcb6e9280\" class=\"wd-text-block wd-wpb reset-last-child wd-rs-6526bcb6e9280 text-left \">\n\t\t\t<p style=\"text-align: justify;\"><strong>Sono il rinomato cotone PIMA americano<\/strong>, famoso per la sua qualit\u00e0 superiore. La mia fibra \u00e8 utilizzata per creare tessuti pregiati, perfetti per le lenzuola di alta qualit\u00e0 Marini &amp; Gerardi. La mia reputazione di cotone di lusso \u00e8 il risultato di una lavorazione attentamente controllata che dona una straordinaria morbidezza e una setosa lucentezza unica. Ora puoi lascirti abbracciare dal comfort e assaporare l&#8217;eleganza senza compromessi delle nostre lenzuola in cotone PIMA americano!<\/p>\n\t\t<\/div>\n\t\t[\/vc_tta_section][\/vc_tta_accordion][\/vc_column][\/vc_row][vc_row][vc_column][vc_empty_space woodmart_hide_large=&#8221;0&#8243; woodmart_hide_medium=&#8221;0&#8243; woodmart_hide_small=&#8221;0&#8243;]\n\t\t<div id=\"wd-6945ee39185aa\" class=\"title-wrapper wd-wpb wd-set-mb reset-last-child  wd-rs-6945ee39185aa wd-title-color-primary wd-title-style-bordered text-center vc_custom_1766190619599 wd-underline-colored\">\n\t\t\t\n\t\t\t<div class=\"liner-continer\">\n\t\t\t\t<h3 class=\"woodmart-title-container title  wd-font-weight- wd-fontsize-l\" >MISTRAL extra lusso Copripiumino matrimoniale in cotone 500 fili eleganza e benessere italiano nella propria camera da letto!<\/h3>\n\t\t\t\t\t\t\t<\/div>\n\t\t\t\n\t\t\t\t\t\t\t<div class=\"title-after_title reset-last-child  wd-fontsize-xs\">Il Migliore Cotone al Mondo: con l'anima tutta Italiana.<\/div>\n\t\t\t\n\t\t\t\n\t\t<\/div>\n\t\t\n\t\t[\/vc_column][\/vc_row][vc_row enable_first_overlay=&#8221;true&#8221; first_overlay_opacity=&#8221;25&#8243; first_background_color=&#8221;#e5e5e5&#8243; woodmart_css_id=&#8221;6488f0ff57fc2&#8243; mobile_bg_img_hidden=&#8221;no&#8221; tablet_bg_img_hidden=&#8221;no&#8221; woodmart_parallax=&#8221;0&#8243; woodmart_gradient_switch=&#8221;no&#8221; woodmart_box_shadow=&#8221;yes&#8221; wd_z_index=&#8221;no&#8221; woodmart_disable_overflow=&#8221;0&#8243; row_reverse_mobile=&#8221;0&#8243; row_reverse_tablet=&#8221;0&#8243; css=&#8221;.vc_custom_1686696203166{background-color: #f3f3f3 !important;}&#8221; responsive_spacing=&#8221;eyJwYXJhbV90eXBlIjoid29vZG1hcnRfcmVzcG9uc2l2ZV9zcGFjaW5nIiwic2VsZWN0b3JfaWQiOiI2NDg4ZjBmZjU3ZmMyIiwic2hvcnRjb2RlIjoidmNfcm93IiwiZGF0YSI6eyJ0YWJsZXQiOnt9LCJtb2JpbGUiOnt9fX0=&#8221; wd_box_shadow=&#8221;eyJkZXZpY2VzIjp7ImRlc2t0b3AiOnsiaG9yaXpvbnRhbCI6IjAiLCJ2ZXJ0aWNhbCI6IjAiLCJibHVyIjoiOSIsInNwcmVhZCI6IjAiLCJjb2xvciI6InJnYmEoMCwgMCwgMCwgLjE1KSJ9fX0=&#8221;][vc_column][vc_single_image image=&#8221;72603&#8243; img_size=&#8221;full&#8221; add_caption=&#8221;yes&#8221; alignment=&#8221;center&#8221; style=&#8221;vc_box_shadow&#8221; onclick=&#8221;link_image&#8221; css=&#8221;&#8221; parallax_scroll=&#8221;no&#8221; woodmart_inline=&#8221;no&#8221;][\/vc_column][\/vc_row][vc_row][vc_column]\n\t\t<div id=\"wd-6945ee59acd75\" class=\"title-wrapper wd-wpb wd-set-mb reset-last-child  wd-rs-6945ee59acd75 wd-title-color-primary wd-title-style-bordered text-left vc_custom_1766190644340 wd-underline-colored\">\n\t\t\t\n\t\t\t<div class=\"liner-continer\">\n\t\t\t\t<h3 class=\"woodmart-title-container title  wd-font-weight- wd-fontsize-l\" >500 fili Copripiumino matrimoniale in cotone per la tua camera da letto!<\/h3>\n\t\t\t\t\t\t\t<\/div>\n\t\t\t\n\t\t\t\n\t\t\t\n\t\t<\/div>\n\t\t\n\t\t\t\t<div id=\"wd-67961080654d2\" class=\"wd-text-block wd-wpb reset-last-child wd-rs-67961080654d2 text-left \">\n\t\t\t<p><strong>Il Migliore Cotone al Mondo: Eleganza e Comfort che si Incontrano<\/strong><\/p>\n<p>Trasforma la tua camera da letto in un autentico rifugio di stile con il nostro <strong>Copripiumino Matrimoniale in Cotone SUPIMA\u00ae<\/strong>, il tessuto rinomato per la sua qualit\u00e0 superiore.<\/p>\n<p>Grazie al <strong>design raffinato<\/strong> e a una palette di <strong>colori chiari e sofisticati<\/strong>, questo copripiumino si adatta perfettamente a qualsiasi ambiente, aggiungendo un tocco di <strong>eleganza senza tempo<\/strong> e di <strong>personalit\u00e0 unica<\/strong> alla tua zona notte.<\/p>\n<p>Non \u00e8 solo una questione di estetica: il <strong>cotone SUPIMA\u00ae<\/strong>, celebre per la sua eccezionale morbidezza e resistenza, offre un comfort incomparabile. Questo materiale pregiato, ricavato dalle fibre pi\u00f9 lunghe e durevoli, assicura un prodotto che resiste al tempo mantenendo intatta la sua bellezza.<\/p>\n<p>Scegli il nostro <strong>raso in cotone SUPIMA\u00ae<\/strong> per avvolgerti in una carezza di lusso ogni notte e trasforma la tua camera da letto in un\u2019oasi di <strong>stile e benessere<\/strong>.<\/p>\n<p>Non accontentarti di meno, vivi l\u2019esperienza del miglior cotone al mondo.<\/p>\n\t\t<\/div>\n\t\t[\/vc_column][\/vc_row]<\/p>\n<\/div>","protected":false},"excerpt":{"rendered":"<p><strong>MISTRAL 500 fili<\/strong> con <strong>Copripiumino matrimoniale in cotone SUPIMA extra fine<\/strong>: Sperimenta il piacere del sonno con biancheria letto in cotone extra lusso: eleganza e comfort per una notte indimenticabile!<\/p>\n","protected":false},"featured_media":72598,"template":"","meta":[],"product_brand":[],"product_cat":[460,461,2888],"product_tag":[2400,584,2558],"class_list":{"0":"post-72594","1":"product","2":"type-product","3":"status-publish","4":"has-post-thumbnail","6":"product_cat-biancheria-letto","7":"product_cat-copripiumini","8":"product_cat-copripiumini-cotone","9":"product_tag-lenzuola-percalle-di-cotone","10":"product_tag-set-lenzuola-letto","11":"product_tag-set-lenzuola-matrimoniali-in-cotone","13":"first","14":"instock","15":"taxable","16":"shipping-taxable","17":"purchasable","18":"product-type-simple"},"_links":{"self":[{"href":"https:\/\/www.marinigerardi.it\/shop\/wp-json\/wp\/v2\/product\/72594","targetHints":{"allow":["GET"]}}],"collection":[{"href":"https:\/\/www.marinigerardi.it\/shop\/wp-json\/wp\/v2\/product"}],"about":[{"href":"https:\/\/www.marinigerardi.it\/shop\/wp-json\/wp\/v2\/types\/product"}],"wp:featuredmedia":[{"embeddable":true,"href":"https:\/\/www.marinigerardi.it\/shop\/wp-json\/wp\/v2\/media\/72598"}],"wp:attachment":[{"href":"https:\/\/www.marinigerardi.it\/shop\/wp-json\/wp\/v2\/media?parent=72594"}],"wp:term":[{"taxonomy":"product_brand","embeddable":true,"href":"https:\/\/www.marinigerardi.it\/shop\/wp-json\/wp\/v2\/product_brand?post=72594"},{"taxonomy":"product_cat","embeddable":true,"href":"https:\/\/www.marinigerardi.it\/shop\/wp-json\/wp\/v2\/product_cat?post=72594"},{"taxonomy":"product_tag","embeddable":true,"href":"https:\/\/www.marinigerardi.it\/shop\/wp-json\/wp\/v2\/product_tag?post=72594"}],"curies":[{"name":"wp","href":"https:\/\/api.w.org\/{rel}","templated":true}]}}