{"id":72391,"date":"2024-12-07T13:48:31","date_gmt":"2024-12-07T13:48:31","guid":{"rendered":"https:\/\/www.marinigerardi.it\/shop\/?post_type=product&#038;p=72391"},"modified":"2026-03-06T10:40:09","modified_gmt":"2026-03-06T10:40:09","slug":"testiera-letto-in-legno","status":"publish","type":"product","link":"https:\/\/www.marinigerardi.it\/shop\/prodotto\/testiera-letto-in-legno\/","title":{"rendered":"SHABBY 10 &#8211; Testiera Letto in legno &#8211; Opzione letto Singolo, Matrimoniale, una Piazza e mezza"},"content":{"rendered":"<div class=\"wpb-content-wrapper\"><p>[vc_row equal_height=&#8221;yes&#8221; mobile_bg_img_hidden=&#8221;no&#8221; tablet_bg_img_hidden=&#8221;no&#8221; woodmart_parallax=&#8221;0&#8243; woodmart_gradient_switch=&#8221;no&#8221; row_reverse_mobile=&#8221;0&#8243; row_reverse_tablet=&#8221;0&#8243; woodmart_disable_overflow=&#8221;0&#8243;][vc_column offset=&#8221;vc_col-lg-6 vc_col-md-6&#8243; mobile_bg_img_hidden=&#8221;no&#8221; tablet_bg_img_hidden=&#8221;no&#8221; woodmart_parallax=&#8221;0&#8243; woodmart_sticky_column=&#8221;false&#8221; parallax_scroll=&#8221;no&#8221; mobile_reset_margin=&#8221;no&#8221; tablet_reset_margin=&#8221;no&#8221; css=&#8221;.vc_custom_1613071403480{margin-top: 0px !important;}&#8221;]\n\t\t<div id=\"wd-69aaae8475540\" class=\"title-wrapper wd-wpb wd-set-mb reset-last-child  wd-rs-69aaae8475540 wd-title-color-primary wd-title-style-default text-left vc_custom_1772793482750 wd-underline-colored\">\n\t\t\t\n\t\t\t<div class=\"liner-continer\">\n\t\t\t\t<h2 class=\"woodmart-title-container title  wd-font-weight- wd-fontsize-l\" >SHABBY 10 - Testiera Letto in legno Shabby per camera da letto<\/h2>\n\t\t\t\t\t\t\t<\/div>\n\t\t\t\n\t\t\t\n\t\t\t\n\t\t<\/div>\n\t\t\n\t\t\t\t<div id=\"wd-69aaade76c88c\" class=\"wd-text-block wd-wpb reset-last-child wd-rs-69aaade76c88c text-left \">\n\t\t\t<p style=\"text-align: justify;\"><strong>Struttura:<\/strong> letto legno massello di abete e doghe in legno incluso il Kit da montaggio. Finitura legno decapato trattato a cera. Base materasso realizzata in fasce di abete. Spalla design. Altezza da terra 30 cm circa.<br \/>\n<strong>\u2192 Nota Bene:<\/strong> Prodotto realizzato Artigianalmente pertanto Colori e Design sono Puramente Indicativi.<\/p>\n\t\t<\/div>\n\t\t[vc_tta_accordion title_tag=&#8221;h3&#8243; section_title_tag=&#8221;h3&#8243; active_section=&#8221;&#8221; collapsible_all=&#8221;true&#8221;][vc_tta_section title=&#8221;Info &amp; Scheda Prodotto&#8221; tab_id=&#8221;1772793387610-d16f578f-731d&#8221;]\t\t<div id=\"wd-69aaae3381b5b\" class=\"wd-text-block wd-wpb reset-last-child wd-rs-69aaae3381b5b text-left \">\n\t\t\t<ul>\n<li><span style=\"color: #333333;\"><a style=\"color: #333333;\" href=\"https:\/\/www.marinigerardi.it\/shop\/prodotto\/testiera-letto-in-legno\/\"><strong>letto legno massello Singolo<\/strong><\/a><\/span> \u2013 80 \u00d7 200 cm<\/li>\n<li><strong>Letto Piazza e Mezzo<\/strong> \u2013 120 \u00d7 200 cm<\/li>\n<li><strong>Letto alla Francese<\/strong> \u2013 140 \u00d7 200 cm<\/li>\n<li><a href=\"https:\/\/www.marinigerardi.it\/shop\/dimensioni-misure-letto-matrimoniale\/\"><strong>Letto Matrimoniale<\/strong> \u2013 160 \u00d7 200 cm<\/a><\/li>\n<\/ul>\n<p><strong>Questo articolo \u00e8 spedito solo in Italia. <\/strong>Se avete bisogno di altre misure o combinazioni contattateci a: <strong>assistenza@marinigerardi.it <\/strong><\/p>\n\t\t<\/div>\n\t\t[\/vc_tta_section][\/vc_tta_accordion][\/vc_column][vc_column css=&#8221;.vc_custom_1612434787067{background-position: center !important;background-repeat: no-repeat !important;background-size: cover !important;}&#8221; offset=&#8221;vc_col-lg-6 vc_col-md-6&#8243; mobile_bg_img_hidden=&#8221;no&#8221; tablet_bg_img_hidden=&#8221;no&#8221; woodmart_parallax=&#8221;0&#8243; woodmart_sticky_column=&#8221;false&#8221; parallax_scroll=&#8221;no&#8221; mobile_reset_margin=&#8221;no&#8221; tablet_reset_margin=&#8221;no&#8221;][vc_single_image image=&#8221;72394&#8243; img_size=&#8221;large&#8221; alignment=&#8221;center&#8221; style=&#8221;vc_box_shadow&#8221; onclick=&#8221;link_image&#8221; css=&#8221;&#8221; parallax_scroll=&#8221;no&#8221; woodmart_inline=&#8221;no&#8221;][\/vc_column][\/vc_row][vc_row][vc_column]\n\t\t<div id=\"wd-69aaae8dd27c3\" class=\"title-wrapper wd-wpb wd-set-mb reset-last-child  wd-rs-69aaae8dd27c3 wd-title-color-default wd-title-style-simple text-center  wd-underline-colored\">\n\t\t\t\n\t\t\t<div class=\"liner-continer\">\n\t\t\t\t<h3 class=\"woodmart-title-container title  wd-font-weight- wd-fontsize-l\" >SHABBY 10 - Testiera Letto in legno Shabby per camera da letto anche su Misura<\/h3>\n\t\t\t\t\t\t\t<\/div>\n\t\t\t\n\t\t\t\n\t\t\t\n\t\t<\/div>\n\t\t\n\t\t[\/vc_column][\/vc_row][vc_row css=&#8221;.vc_custom_1692981635264{background-color: #f3f3f3 !important;}&#8221; woodmart_css_id=&#8221;64e8d974d7f90&#8243; responsive_spacing=&#8221;eyJwYXJhbV90eXBlIjoid29vZG1hcnRfcmVzcG9uc2l2ZV9zcGFjaW5nIiwic2VsZWN0b3JfaWQiOiI2NGU4ZDk3NGQ3ZjkwIiwic2hvcnRjb2RlIjoidmNfcm93IiwiZGF0YSI6eyJ0YWJsZXQiOnt9LCJtb2JpbGUiOnt9fX0=&#8221; mobile_bg_img_hidden=&#8221;no&#8221; tablet_bg_img_hidden=&#8221;no&#8221; woodmart_parallax=&#8221;0&#8243; woodmart_gradient_switch=&#8221;no&#8221; woodmart_box_shadow=&#8221;yes&#8221; wd_z_index=&#8221;no&#8221; woodmart_disable_overflow=&#8221;0&#8243; row_reverse_mobile=&#8221;0&#8243; row_reverse_tablet=&#8221;0&#8243; wd_box_shadow=&#8221;eyJkZXZpY2VzIjp7ImRlc2t0b3AiOnsiaG9yaXpvbnRhbCI6IjAiLCJ2ZXJ0aWNhbCI6IjAiLCJibHVyIjoiOSIsInNwcmVhZCI6IjAiLCJjb2xvciI6InJnYmEoMCwgMCwgMCwgLjE1KSJ9fX0=&#8221;][vc_column width=&#8221;2\/3&#8243;][vc_single_image image=&#8221;72393&#8243; img_size=&#8221;large&#8221; alignment=&#8221;center&#8221; style=&#8221;vc_box_shadow&#8221; onclick=&#8221;link_image&#8221; css=&#8221;&#8221; parallax_scroll=&#8221;no&#8221; woodmart_inline=&#8221;no&#8221;][\/vc_column][vc_column width=&#8221;1\/3&#8243;][vc_single_image image=&#8221;72396&#8243; img_size=&#8221;large&#8221; alignment=&#8221;center&#8221; style=&#8221;vc_box_shadow&#8221; onclick=&#8221;link_image&#8221; css=&#8221;&#8221; parallax_scroll=&#8221;no&#8221; woodmart_inline=&#8221;no&#8221;][vc_single_image image=&#8221;72397&#8243; img_size=&#8221;large&#8221; alignment=&#8221;center&#8221; style=&#8221;vc_box_shadow&#8221; onclick=&#8221;link_image&#8221; css=&#8221;&#8221; parallax_scroll=&#8221;no&#8221; woodmart_inline=&#8221;no&#8221;][\/vc_column][\/vc_row][vc_row][vc_column]\n\t\t<div id=\"wd-69aaae9b3cb9f\" class=\"title-wrapper wd-wpb wd-set-mb reset-last-child  wd-rs-69aaae9b3cb9f wd-title-color-primary wd-title-style-simple text-center vc_custom_1772793506988 wd-underline-colored\">\n\t\t\t\n\t\t\t<div class=\"liner-continer\">\n\t\t\t\t<h3 class=\"woodmart-title-container title  wd-font-weight- wd-fontsize-l\" >SHABBY 10 - Testiera Letto in legno Shabby per camera da letto<\/h3>\n\t\t\t\t\t\t\t<\/div>\n\t\t\t\n\t\t\t\n\t\t\t\n\t\t<\/div>\n\t\t\n\t\t\t\t<div id=\"wd-69aaaec5a019b\" class=\"wd-text-block wd-wpb reset-last-child wd-rs-69aaaec5a019b text-left \">\n\t\t\t<p style=\"text-align: justify;\"><strong><a href=\"https:\/\/www.marinigerardi.it\/shop\/prodotto\/camera-da-letto-su-misura\/\"><span style=\"color: #333333;\">Marini&amp;Gerardi ti offre il Letto in Legno Bianco Shabby<\/span>,<\/a> disponibile nelle dimensioni singolo, una piazza e mezza e matrimoniale, realizzato in legno massello di abete. Questo letto \u00e8 l&#8217;ideale per coloro che cercano un elemento d&#8217;arredo dallo stile vintage e romantico.<\/strong><\/p>\n<p style=\"text-align: justify;\"><strong>La struttura del letto \u00e8 costituita da legno massello di abete,<\/strong> garantendo solidit\u00e0 e resistenza nel tempo. Le doghe in legno sono incluse e il letto viene fornito con un kit di montaggio completo, che facilita l&#8217;assemblaggio.<br \/>\n<strong>La finitura del legno \u00e8 decapata e trattata a cera,<\/strong> conferendo al letto un aspetto shabby chic, caratterizzato da un&#8217;elegante patina. Questa finitura dona al legno un aspetto invecchiato, che aggiunge fascino e autenticit\u00e0 al letto.<\/p>\n\t\t<\/div>\n\t\t[\/vc_column][\/vc_row][vc_row css=&#8221;.vc_custom_1685627700600{margin-top: 20px !important;border-bottom-width: 20px !important;background-color: #f3f3f3 !important;}&#8221; woodmart_css_id=&#8221;6478a3175d230&#8243; responsive_spacing=&#8221;eyJwYXJhbV90eXBlIjoid29vZG1hcnRfcmVzcG9uc2l2ZV9zcGFjaW5nIiwic2VsZWN0b3JfaWQiOiI2NDc4YTMxNzVkMjMwIiwic2hvcnRjb2RlIjoidmNfcm93IiwiZGF0YSI6eyJ0YWJsZXQiOnt9LCJtb2JpbGUiOnt9fX0=&#8221; mobile_bg_img_hidden=&#8221;no&#8221; tablet_bg_img_hidden=&#8221;no&#8221; woodmart_parallax=&#8221;0&#8243; woodmart_gradient_switch=&#8221;no&#8221; woodmart_box_shadow=&#8221;yes&#8221; wd_box_shadow=&#8221;eyJkZXZpY2VzIjp7ImRlc2t0b3AiOnsiaG9yaXpvbnRhbCI6IjAiLCJ2ZXJ0aWNhbCI6IjAiLCJibHVyIjoiOSIsInNwcmVhZCI6IjAiLCJjb2xvciI6InJnYmEoMCwgMCwgMCwgLjE1KSJ9fX0=&#8221; wd_z_index=&#8221;no&#8221; woodmart_disable_overflow=&#8221;0&#8243; row_reverse_mobile=&#8221;0&#8243; row_reverse_tablet=&#8221;0&#8243;][vc_column][vc_single_image image=&#8221;72398&#8243; img_size=&#8221;full&#8221; alignment=&#8221;center&#8221; style=&#8221;vc_box_shadow&#8221; onclick=&#8221;link_image&#8221; css=&#8221;&#8221; parallax_scroll=&#8221;no&#8221; woodmart_inline=&#8221;no&#8221;][\/vc_column][\/vc_row][vc_row][vc_column]\n\t\t<div id=\"wd-69aaaea6d3f32\" class=\"title-wrapper wd-wpb wd-set-mb reset-last-child  wd-rs-69aaaea6d3f32 wd-title-color-default wd-title-style-bordered text-left  wd-underline-colored\">\n\t\t\t\n\t\t\t<div class=\"liner-continer\">\n\t\t\t\t<h3 class=\"woodmart-title-container title  wd-font-weight- wd-fontsize-l\" >SHABBY 10 - Testiera Letto in legno Shabby per camera da letto<\/h3>\n\t\t\t\t\t\t\t<\/div>\n\t\t\t\n\t\t\t\n\t\t\t\n\t\t<\/div>\n\t\t\n\t\t[\/vc_column][\/vc_row][vc_row][vc_column]\t\t<div id=\"wd-675561c9d015c\" class=\"wd-text-block wd-wpb reset-last-child wd-rs-675561c9d015c text-left \">\n\t\t\t<p style=\"text-align: justify;\"><strong>La base del materasso \u00e8 realizzata in fasce di abete, garantendo un supporto solido e stabile. La spalla del letto \u00e8 sagomata, conferendo al design un tocco di raffinatezza e originalit\u00e0.<\/strong><br \/>\nL&#8217;altezza da terra del letto \u00e8 di circa 30 cm, offrendo un&#8217;ottima ergonomia e facilitando l&#8217;accesso al letto.<br \/>\n\u00c8 importante notare che essendo un prodotto realizzato artigianalmente, colori e design sono puramente indicativi. Ci\u00f2 significa che la tonalit\u00e0 del legno potrebbe variare leggermente da quanto mostrato nelle immagini, aggiungendo un ulteriore elemento di unicit\u00e0 al letto.<br \/>\n<strong>Il letto singolo, una piazza e mezza o matrimoniale in legno bianco shabby di Marini&amp;Gerardi \u00e8 la soluzione perfetta per aggiungere stile e funzionalit\u00e0 alla tua camera da letto.<\/strong> Sia che tu stia arredando una camera degli ospiti, un&#8217;abitazione vacanze o il letto dei tuoi figli, questo letto versatile si adatta a diversi contesti e offre il mix perfetto tra comfort e estetica. Scegli Marini&amp;Gerardi per un letto di qualit\u00e0 e dal design unico.<\/p>\n\t\t<\/div>\n\t\t[\/vc_column][\/vc_row]<\/p>\n<\/div>","protected":false},"excerpt":{"rendered":"<p><strong>SHABBY 10 &#8211; <\/strong>Crea una oasi di relax con la Camera da Letto: perfezione ed unicit\u00e0 in ogni dettaglio, con la Testiera Letto in legno Bianco Shabby in Massello di Legno &#8211; <strong>Un letto di linea vintage e romantica in Kit.<\/strong><\/p>\n","protected":false},"featured_media":72392,"template":"","meta":[],"product_brand":[],"product_cat":[3175,1768,3174,930,3173],"product_tag":[2934,2933,2935],"class_list":{"0":"post-72391","1":"product","2":"type-product","3":"status-publish","4":"has-post-thumbnail","6":"product_cat-letto-singolo","7":"product_cat-letti","8":"product_cat-letti-una-piazza-e-mezza","9":"product_cat-letto-massello","10":"product_cat-letto-matrimoniale","11":"product_tag-letti","12":"product_tag-letto","13":"product_tag-letto-shabby-chic","14":"product_shipping_class-ar-lb","16":"first","17":"instock","18":"taxable","19":"shipping-taxable","20":"purchasable","21":"product-type-simple"},"_links":{"self":[{"href":"https:\/\/www.marinigerardi.it\/shop\/wp-json\/wp\/v2\/product\/72391","targetHints":{"allow":["GET"]}}],"collection":[{"href":"https:\/\/www.marinigerardi.it\/shop\/wp-json\/wp\/v2\/product"}],"about":[{"href":"https:\/\/www.marinigerardi.it\/shop\/wp-json\/wp\/v2\/types\/product"}],"wp:featuredmedia":[{"embeddable":true,"href":"https:\/\/www.marinigerardi.it\/shop\/wp-json\/wp\/v2\/media\/72392"}],"wp:attachment":[{"href":"https:\/\/www.marinigerardi.it\/shop\/wp-json\/wp\/v2\/media?parent=72391"}],"wp:term":[{"taxonomy":"product_brand","embeddable":true,"href":"https:\/\/www.marinigerardi.it\/shop\/wp-json\/wp\/v2\/product_brand?post=72391"},{"taxonomy":"product_cat","embeddable":true,"href":"https:\/\/www.marinigerardi.it\/shop\/wp-json\/wp\/v2\/product_cat?post=72391"},{"taxonomy":"product_tag","embeddable":true,"href":"https:\/\/www.marinigerardi.it\/shop\/wp-json\/wp\/v2\/product_tag?post=72391"}],"curies":[{"name":"wp","href":"https:\/\/api.w.org\/{rel}","templated":true}]}}