{"id":7217,"date":"2021-01-28T10:30:29","date_gmt":"2021-01-28T10:30:29","guid":{"rendered":"https:\/\/marinigerardi.it\/shop\/product\/import-placeholder-for-4048\/"},"modified":"2025-12-21T00:01:19","modified_gmt":"2025-12-21T00:01:19","slug":"stoccolma-tovaglia-lino-stella-di-mare","status":"publish","type":"product","link":"https:\/\/www.marinigerardi.it\/shop\/prodotto\/stoccolma-tovaglia-lino-stella-di-mare\/","title":{"rendered":"STOCCOLMA &#8211; Tovaglia Lino Stella di Mare una Tovaglia su misura"},"content":{"rendered":"<div class=\"wpb-content-wrapper\"><p>[vc_row equal_height=&#8221;yes&#8221; mobile_bg_img_hidden=&#8221;no&#8221; tablet_bg_img_hidden=&#8221;no&#8221; woodmart_parallax=&#8221;0&#8243; woodmart_gradient_switch=&#8221;no&#8221; row_reverse_mobile=&#8221;0&#8243; row_reverse_tablet=&#8221;0&#8243; woodmart_disable_overflow=&#8221;0&#8243;][vc_column offset=&#8221;vc_col-lg-6 vc_col-md-6&#8243; mobile_bg_img_hidden=&#8221;no&#8221; tablet_bg_img_hidden=&#8221;no&#8221; woodmart_parallax=&#8221;0&#8243; woodmart_sticky_column=&#8221;false&#8221; parallax_scroll=&#8221;no&#8221; mobile_reset_margin=&#8221;no&#8221; tablet_reset_margin=&#8221;no&#8221; css=&#8221;.vc_custom_1613071403480{margin-top: 0px !important;}&#8221;]\n\t\t<div id=\"wd-69473891462c0\" class=\"title-wrapper wd-wpb wd-set-mb reset-last-child  wd-rs-69473891462c0 wd-title-color-primary wd-title-style-bordered text-left vc_custom_1766275170952 wd-underline-colored\">\n\t\t\t\n\t\t\t<div class=\"liner-continer\">\n\t\t\t\t<h2 class=\"woodmart-title-container title  wd-font-weight- wd-fontsize-xl\" >STOCCOLMA - Tovaglia Lino Stella di Mare - Tovaglia su misura<\/h2>\n\t\t\t\t\t\t\t<\/div>\n\t\t\t\n\t\t\t\n\t\t\t\n\t\t<\/div>\n\t\t\n\t\t\t\t<div id=\"wd-6673de54ba9b0\" class=\"wd-text-block wd-wpb reset-last-child wd-rs-6673de54ba9b0 text-left \">\n\t\t\t<p style=\"text-align: justify;\"><a href=\"https:\/\/www.marinigerardi.it\/shop\/prodotto\/stoccolma-tovaglia-lino-stella-di-mare\/\">Esplora l&#8217;eleganza senza tempo di Stoccolma!<\/a> <strong>Una Tovaglia con Bordo di almeno 15 cm, disponibile in quattro affascinanti colori: Turchese, Giallo Canarino, Carota Rossa e Mandarino.<\/strong> Questo capolavoro tessile \u00e8 creato con un tessuto 100% LINO a trama fitta, sapientemente strutturato e arricchito da una Finitura rasata che regala una sensazione tattile irresistibile.<\/p>\n\t\t<\/div>\n\t\t[vc_message message_box_style=&#8221;outline&#8221; message_box_color=&#8221;grey&#8221; css=&#8221;&#8221;]<strong>Tessuto: <\/strong>100% Lino<br \/>\n<strong>Peso:<\/strong> 321 gr\/m\u00b2<br \/>\n<strong>Colori: <\/strong>base in bianco<br \/>\n<strong>Misure cm:<\/strong> 170\u00d7170 | 170\u00d7200 | 170\u00d7230 | 170\u00d7260 | 170\u00d7280 | 170\u00d7300 |<br \/>\nOgni tovaglia \u00e8 cucita sartorialmente nel nostro laboratorio al momento dell\u2019ordine.<\/p>\n<p>Per misure particolari vi preghiamo di contattarci al Indirizzo mail <strong>assistenza@marinigerardi.it<\/strong>[\/vc_message][\/vc_column][vc_column css=&#8221;.vc_custom_1612434787067{background-position: center !important;background-repeat: no-repeat !important;background-size: cover !important;}&#8221; offset=&#8221;vc_col-lg-6 vc_col-md-6&#8243; mobile_bg_img_hidden=&#8221;no&#8221; tablet_bg_img_hidden=&#8221;no&#8221; woodmart_parallax=&#8221;0&#8243; woodmart_sticky_column=&#8221;false&#8221; parallax_scroll=&#8221;no&#8221; mobile_reset_margin=&#8221;no&#8221; tablet_reset_margin=&#8221;no&#8221;][vc_single_image image=&#8221;28852&#8243; img_size=&#8221;large&#8221; alignment=&#8221;center&#8221; style=&#8221;vc_box_shadow&#8221; onclick=&#8221;link_image&#8221; css=&#8221;.vc_custom_1718869673211{margin-right: 20px !important;}&#8221; parallax_scroll=&#8221;no&#8221; woodmart_inline=&#8221;no&#8221;]\t\t<div id=\"wd-6673de740fa56\" class=\"wd-text-block wd-wpb reset-last-child wd-rs-6673de740fa56 text-left \">\n\t\t\t<p style=\"text-align: justify;\"><strong>Tessuto Puro Lino a righe orizzontali.<\/strong> I colori, accuratamente scelti da noi, conferiscono a questo prodotto un fascino unico e inconfondibile.<br \/>\nQuando finalmente ti accomodi a tavola, immergiti in un&#8217;esperienza culinaria e scopri insieme a noi i piaceri di Stoccolma. <strong>Unisciti a noi per creare momenti memorabili e divertirti nei luoghi pi\u00f9 incantevoli di questa incredibile citt\u00e0.<\/strong> La Tovaglia Stoccolma \u00e8 l&#8217;emblema di classe e raffinatezza che aggiunger\u00e0 un tocco di magia a ogni pranzo o cena.<\/p>\n\t\t<\/div>\n\t\t[\/vc_column][\/vc_row][vc_row][vc_column][vc_empty_space woodmart_hide_large=&#8221;0&#8243; woodmart_hide_medium=&#8221;0&#8243; woodmart_hide_small=&#8221;0&#8243;]\n\t\t<div id=\"wd-694738a20659f\" class=\"title-wrapper wd-wpb wd-set-mb reset-last-child  wd-rs-694738a20659f wd-title-color-primary wd-title-style-underlined text-center justify  wd-underline-colored\">\n\t\t\t\n\t\t\t<div class=\"liner-continer\">\n\t\t\t\t<h3 class=\"woodmart-title-container title  wd-font-weight- wd-fontsize-l\" >STOCCOLMA - Tovaglia Lino Stella di Mare - Tovaglia su misura<\/h3>\n\t\t\t\t\t\t\t<\/div>\n\t\t\t\n\t\t\t\t\t\t\t<div class=\"title-after_title reset-last-child  wd-fontsize-xs\">Una Tovaglia suggestiva<\/div>\n\t\t\t\n\t\t\t\n\t\t<\/div>\n\t\t\n\t\t[\/vc_column][\/vc_row][vc_row content_placement=&#8221;middle&#8221; woodmart_bg_position=&#8221;center-bottom&#8221; css=&#8221;.vc_custom_1691452037723{background-color: #f3f3f3 !important;background-position: 0 0 !important;background-repeat: no-repeat !important;}&#8221; el_class=&#8221;mobile-bg-img-hidden&#8221; mobile_bg_img_hidden=&#8221;no&#8221; tablet_bg_img_hidden=&#8221;no&#8221; woodmart_parallax=&#8221;0&#8243; woodmart_gradient_switch=&#8221;no&#8221; row_reverse_mobile=&#8221;0&#8243; row_reverse_tablet=&#8221;0&#8243; woodmart_disable_overflow=&#8221;0&#8243; woodmart_css_id=&#8221;64d1827b00ca3&#8243; responsive_spacing=&#8221;eyJwYXJhbV90eXBlIjoid29vZG1hcnRfcmVzcG9uc2l2ZV9zcGFjaW5nIiwic2VsZWN0b3JfaWQiOiI2NGQxODI3YjAwY2EzIiwic2hvcnRjb2RlIjoidmNfcm93IiwiZGF0YSI6eyJ0YWJsZXQiOnt9LCJtb2JpbGUiOnt9fX0=&#8221; woodmart_box_shadow=&#8221;yes&#8221; wd_box_shadow=&#8221;eyJkZXZpY2VzIjp7ImRlc2t0b3AiOnsiaG9yaXpvbnRhbCI6IjAiLCJ2ZXJ0aWNhbCI6IjAiLCJibHVyIjoiOSIsInNwcmVhZCI6IjAiLCJjb2xvciI6InJnYmEoMCwgMCwgMCwgLjE1KSJ9fX0=&#8221; wd_z_index=&#8221;no&#8221;][vc_column width=&#8221;1\/2&#8243; mobile_bg_img_hidden=&#8221;no&#8221; tablet_bg_img_hidden=&#8221;no&#8221; woodmart_parallax=&#8221;0&#8243; woodmart_sticky_column=&#8221;false&#8221; parallax_scroll=&#8221;no&#8221; mobile_reset_margin=&#8221;no&#8221; tablet_reset_margin=&#8221;no&#8221;][vc_single_image image=&#8221;28850&#8243; img_size=&#8221;large&#8221; alignment=&#8221;center&#8221; style=&#8221;vc_box_shadow&#8221; onclick=&#8221;link_image&#8221; css=&#8221;.vc_custom_1718869271900{margin-right: 20px !important;}&#8221; parallax_scroll=&#8221;no&#8221; woodmart_inline=&#8221;no&#8221;][\/vc_column][vc_column width=&#8221;1\/2&#8243;][vc_single_image image=&#8221;11044&#8243; img_size=&#8221;large&#8221; alignment=&#8221;center&#8221; style=&#8221;vc_box_shadow&#8221; onclick=&#8221;link_image&#8221; css=&#8221;.vc_custom_1718869335292{margin-right: 20px !important;}&#8221; parallax_scroll=&#8221;no&#8221; woodmart_inline=&#8221;no&#8221;][\/vc_column][\/vc_row][vc_row][vc_column]\n\t\t<div id=\"wd-694738b55ce19\" class=\"title-wrapper wd-wpb wd-set-mb reset-last-child  wd-rs-694738b55ce19 wd-title-color-default wd-title-style-bordered text-center  wd-underline-colored\">\n\t\t\t\n\t\t\t<div class=\"liner-continer\">\n\t\t\t\t<h3 class=\"woodmart-title-container title  wd-font-weight- wd-fontsize-l\" >Tovaglia Lino Stella di Mare una Tovaglia su misura importante<\/h3>\n\t\t\t\t\t\t\t<\/div>\n\t\t\t\n\t\t\t\n\t\t\t\n\t\t<\/div>\n\t\t\n\t\t\t\t<div id=\"wd-64d181cca51f0\" class=\"wd-text-block wd-wpb reset-last-child wd-rs-64d181cca51f0 text-left \">\n\t\t\t<p style=\"text-align: justify;\"><strong>Questa tovaglia, che pu\u00f2 assumere forme rotonde, quadrate o rettangolari, \u00e8 semplicemente straordinaria.<\/strong> La sua combinazione di colori primaverili e autunnali cattura immediatamente l&#8217;attenzione, avvolgendo la tua tavola con un calore accogliente e suggestivo.<br \/>\n<strong>Adatta a ogni occasione,<\/strong> questa tovaglia ti invita a sederti e assaporare il gusto di un conviviale momento con gli amici.<br \/>\n<strong>Stoccolma, citt\u00e0 dal respiro internazionale, trendy e all&#8217;avanguardia nel design, trova la sua ispirazione in questa tovaglia in lino.<\/strong> Un accessorio che trasforma la colazione, il pranzo o la cena in un&#8217;esperienza culturale, un appuntamento con la modernit\u00e0. Questo capolavoro tessile \u00e8 una dedica alla cucina contemporanea, arricchita da piacevoli sorprese.<\/p>\n<p style=\"text-align: justify;\"><strong>Gli chef svedesi sono tra i migliori al mondo, e la cucina svedese \u00e8 celebre per il suo utilizzo sapiente del pesce.<\/strong> Salmoni, anguille, baccal\u00e0, merluzzi e una variet\u00e0 di crostacei adornano le tavole delle famiglie svedesi, presentati in diverse preparazioni: cotti, marinati, affumicati o crudi, accompagnati da una ricca selezione di salse.<br \/>\n<strong>Affonda le tue radici in questa esperienza culinaria unica, arricchita dalla tovaglia Stoccolma, che incarna l&#8217;essenza di una tradizione moderna e appassionata.<\/strong><\/p>\n\t\t<\/div>\n\t\t[\/vc_column][\/vc_row]<\/p>\n<\/div>","protected":false},"excerpt":{"rendered":"<p><strong>STOCCOLMA<\/strong> &#8211; Tovaglia Lino con Bordo Disponibile in 4 Colori: Turchese | Giallo Canarino | Carota Rossa | Mandarino. Tessuto 100% LINO a trama fitta ben strutturato con Finitura rasata per una piacevole sensazione al tatto.<\/p>\n","protected":false},"featured_media":28845,"template":"","meta":[],"product_brand":[],"product_cat":[145],"product_tag":[2642,733,2627,147],"class_list":{"0":"post-7217","1":"product","2":"type-product","3":"status-publish","4":"has-post-thumbnail","6":"product_cat-tovaglie-di-lino","7":"product_tag-tovaglia","8":"product_tag-tovaglia-lino","9":"product_tag-tovaglie","10":"product_tag-tovaglie-di-lino","12":"first","13":"instock","14":"taxable","15":"shipping-taxable","16":"purchasable","17":"product-type-simple"},"_links":{"self":[{"href":"https:\/\/www.marinigerardi.it\/shop\/wp-json\/wp\/v2\/product\/7217","targetHints":{"allow":["GET"]}}],"collection":[{"href":"https:\/\/www.marinigerardi.it\/shop\/wp-json\/wp\/v2\/product"}],"about":[{"href":"https:\/\/www.marinigerardi.it\/shop\/wp-json\/wp\/v2\/types\/product"}],"wp:featuredmedia":[{"embeddable":true,"href":"https:\/\/www.marinigerardi.it\/shop\/wp-json\/wp\/v2\/media\/28845"}],"wp:attachment":[{"href":"https:\/\/www.marinigerardi.it\/shop\/wp-json\/wp\/v2\/media?parent=7217"}],"wp:term":[{"taxonomy":"product_brand","embeddable":true,"href":"https:\/\/www.marinigerardi.it\/shop\/wp-json\/wp\/v2\/product_brand?post=7217"},{"taxonomy":"product_cat","embeddable":true,"href":"https:\/\/www.marinigerardi.it\/shop\/wp-json\/wp\/v2\/product_cat?post=7217"},{"taxonomy":"product_tag","embeddable":true,"href":"https:\/\/www.marinigerardi.it\/shop\/wp-json\/wp\/v2\/product_tag?post=7217"}],"curies":[{"name":"wp","href":"https:\/\/api.w.org\/{rel}","templated":true}]}}