{"id":7139,"date":"2021-01-28T10:29:41","date_gmt":"2021-01-28T10:29:41","guid":{"rendered":"https:\/\/marinigerardi.it\/shop\/product\/import-placeholder-for-3804\/"},"modified":"2025-12-20T16:38:07","modified_gmt":"2025-12-20T16:38:07","slug":"amsterdam-tovaglie-da-tavola-moderne","status":"publish","type":"product","link":"https:\/\/www.marinigerardi.it\/shop\/prodotto\/amsterdam-tovaglie-da-tavola-moderne\/","title":{"rendered":"AMSTERDAM &#8211; Tovaglie da Tavola Moderne in Lino da 160"},"content":{"rendered":"<div class=\"wpb-content-wrapper\"><p>[vc_row equal_height=&#8221;yes&#8221; mobile_bg_img_hidden=&#8221;no&#8221; tablet_bg_img_hidden=&#8221;no&#8221; woodmart_parallax=&#8221;0&#8243; woodmart_gradient_switch=&#8221;no&#8221; row_reverse_mobile=&#8221;0&#8243; row_reverse_tablet=&#8221;0&#8243; woodmart_disable_overflow=&#8221;0&#8243;][vc_column offset=&#8221;vc_col-lg-6 vc_col-md-6&#8243; mobile_bg_img_hidden=&#8221;no&#8221; tablet_bg_img_hidden=&#8221;no&#8221; woodmart_parallax=&#8221;0&#8243; woodmart_sticky_column=&#8221;false&#8221; parallax_scroll=&#8221;no&#8221; mobile_reset_margin=&#8221;no&#8221; tablet_reset_margin=&#8221;no&#8221; css=&#8221;.vc_custom_1613071403480{margin-top: 0px !important;}&#8221;]\n\t\t<div id=\"wd-6946d09b20000\" class=\"title-wrapper wd-wpb wd-set-mb reset-last-child  wd-rs-6946d09b20000 wd-title-color-primary wd-title-style-bordered text-left vc_custom_1766248556490 wd-underline-colored\">\n\t\t\t\n\t\t\t<div class=\"liner-continer\">\n\t\t\t\t<h2 class=\"woodmart-title-container title  wd-font-weight- wd-fontsize-l\" >AMSTERDAM - Tovaglie da Tavola Moderne in Lino100%<\/h2>\n\t\t\t\t\t\t\t<\/div>\n\t\t\t\n\t\t\t\n\t\t\t\n\t\t<\/div>\n\t\t\n\t\t\t\t<div id=\"wd-6538f8388a2b4\" class=\"wd-text-block wd-wpb reset-last-child wd-rs-6538f8388a2b4 text-left \">\n\t\t\t<p style=\"text-align: justify;\"><a href=\"https:\/\/www.marinigerardi.it\/shop\/prodotto\/amsterdam-tovaglie-da-tavola-moderne\/\">Tovaglia<\/a> in doppia tonalit\u00e0 di colore con taglio trasversale che si pone come una chiave Pop assolutamente originale.<br \/>\n<strong>Tessuto 100% <a href=\"http:\/\/www.puro-lino.com\/\" target=\"_blank\" rel=\"noopener nofollow\">LINO<\/a> a trama fitta ben strutturato per una piacevole sensazione al tatto.<\/strong> Cucita nel nostro laboratorio con finitura tradizionale e bordo semplice doppiato di almeno 2,5 cm. | I colori selezionati per voi rendono questo prodotto unico.<\/p>\n\t\t<\/div>\n\t\t[vc_message message_box_style=&#8221;outline&#8221; message_box_color=&#8221;grey&#8221; css=&#8221;&#8221;]<strong>Tessuto per tovaglie: <\/strong>100% lino Grezzo.<br \/>\n<strong>Peso:<\/strong> 320 gr\/m\u00b2<br \/>\n<strong>Colori:<\/strong> Pistacchio | Verde Marcio | Glicine | Salmone | Caff\u00e8 Latte | Tabacco | Panna | Bianco| Bianco Naturale | Avio | Cielo | Grigio Antracite | Cenere | Pannocchia | Zucca | Denim | Malva | Corda<br \/>\n<strong>Misure:<\/strong> 160\u00d7160 | 160\u00d7180 | 160\u00d7200 | 160\u00d7220 | 160\u00d7240 | 160\u00d7270<\/p>\n<p>Per vostre misure particolari o combinazioni di colori vi preghiamo di contattarci al Indirizzo mail <strong>assistenza@marinigerardi.it<\/strong>[\/vc_message][\/vc_column][vc_column css=&#8221;.vc_custom_1612434787067{background-position: center !important;background-repeat: no-repeat !important;background-size: cover !important;}&#8221; offset=&#8221;vc_col-lg-6 vc_col-md-6&#8243; mobile_bg_img_hidden=&#8221;no&#8221; tablet_bg_img_hidden=&#8221;no&#8221; woodmart_parallax=&#8221;0&#8243; woodmart_sticky_column=&#8221;false&#8221; parallax_scroll=&#8221;no&#8221; mobile_reset_margin=&#8221;no&#8221; tablet_reset_margin=&#8221;no&#8221;][vc_single_image image=&#8221;36738&#8243; img_size=&#8221;large&#8221; alignment=&#8221;center&#8221; style=&#8221;vc_box_shadow&#8221; onclick=&#8221;link_image&#8221; parallax_scroll=&#8221;no&#8221; woodmart_inline=&#8221;no&#8221;][\/vc_column][\/vc_row][vc_row][vc_column][vc_empty_space woodmart_hide_large=&#8221;0&#8243; woodmart_hide_medium=&#8221;0&#8243; woodmart_hide_small=&#8221;0&#8243;]\n\t\t<div id=\"wd-6946d0ac30898\" class=\"title-wrapper wd-wpb wd-set-mb reset-last-child  wd-rs-6946d0ac30898 wd-title-color-default wd-title-style-bordered text-center  wd-underline-colored\">\n\t\t\t\n\t\t\t<div class=\"liner-continer\">\n\t\t\t\t<h3 class=\"woodmart-title-container title  wd-font-weight- wd-fontsize-l\" >Tovaglie da Tavola Moderne<\/h3>\n\t\t\t\t\t\t\t<\/div>\n\t\t\t\n\t\t\t\n\t\t\t\n\t\t<\/div>\n\t\t\n\t\t[\/vc_column][\/vc_row][vc_row content_placement=&#8221;middle&#8221; woodmart_bg_position=&#8221;center-bottom&#8221; css=&#8221;.vc_custom_1698232543689{background-color: #f3f3f3 !important;background-position: 0 0 !important;background-repeat: no-repeat !important;}&#8221; el_class=&#8221;mobile-bg-img-hidden&#8221; mobile_bg_img_hidden=&#8221;no&#8221; tablet_bg_img_hidden=&#8221;no&#8221; woodmart_parallax=&#8221;0&#8243; woodmart_gradient_switch=&#8221;no&#8221; row_reverse_mobile=&#8221;0&#8243; row_reverse_tablet=&#8221;0&#8243; woodmart_disable_overflow=&#8221;0&#8243; woodmart_css_id=&#8221;6538f8d446a2e&#8221; responsive_spacing=&#8221;eyJwYXJhbV90eXBlIjoid29vZG1hcnRfcmVzcG9uc2l2ZV9zcGFjaW5nIiwic2VsZWN0b3JfaWQiOiI2NTM4ZjhkNDQ2YTJlIiwic2hvcnRjb2RlIjoidmNfcm93IiwiZGF0YSI6eyJ0YWJsZXQiOnt9LCJtb2JpbGUiOnt9fX0=&#8221; woodmart_box_shadow=&#8221;yes&#8221; wd_box_shadow=&#8221;eyJkZXZpY2VzIjp7ImRlc2t0b3AiOnsiaG9yaXpvbnRhbCI6IjAiLCJ2ZXJ0aWNhbCI6IjAiLCJibHVyIjoiOSIsInNwcmVhZCI6IjAiLCJjb2xvciI6InJnYmEoMCwgMCwgMCwgLjE1KSJ9fX0=&#8221; wd_z_index=&#8221;no&#8221;][vc_column mobile_bg_img_hidden=&#8221;no&#8221; tablet_bg_img_hidden=&#8221;no&#8221; woodmart_parallax=&#8221;0&#8243; woodmart_sticky_column=&#8221;false&#8221; parallax_scroll=&#8221;no&#8221; mobile_reset_margin=&#8221;no&#8221; tablet_reset_margin=&#8221;no&#8221;][vc_single_image image=&#8221;36740&#8243; img_size=&#8221;full&#8221; alignment=&#8221;center&#8221; onclick=&#8221;link_image&#8221; css=&#8221;.vc_custom_1698232568833{margin-right: 20px !important;}&#8221; parallax_scroll=&#8221;no&#8221; woodmart_inline=&#8221;no&#8221;][\/vc_column][\/vc_row][vc_row][vc_column]\n\t\t<div id=\"wd-6946d0b72eb53\" class=\"title-wrapper wd-wpb wd-set-mb reset-last-child  wd-rs-6946d0b72eb53 wd-title-color-primary wd-title-style-bordered text-center justify  wd-underline-colored\">\n\t\t\t\n\t\t\t<div class=\"liner-continer\">\n\t\t\t\t<h3 class=\"woodmart-title-container title  wd-font-weight- wd-fontsize-l\" >AMSTERDAM - Tovaglie da Tavola Moderne<\/h3>\n\t\t\t\t\t\t\t<\/div>\n\t\t\t\n\t\t\t\t\t\t\t<div class=\"title-after_title reset-last-child  wd-fontsize-xs\">Un grande spettacolo per gli occhi.<\/div>\n\t\t\t\n\t\t\t\n\t\t<\/div>\n\t\t\n\t\t\t\t<div id=\"wd-6538f89b9d171\" class=\"wd-text-block wd-wpb reset-last-child wd-rs-6538f89b9d171 text-left \">\n\t\t\t<p style=\"text-align: justify;\"><strong>La <a href=\"https:\/\/tovagliati.com\/\" rel=\"nofollow noopener\" target=\"_blank\">Tovaglia<\/a> rotonda, quadrata o rettangolare che sia ma semplicemente fantastica, una combinazione di colori primaverili e autunnali che catturano immediatamente l\u2019attenzione dando il giusto calore alla tua <a href=\"https:\/\/tovaglie.info\/\" target=\"_blank\" rel=\"noopener nofollow\">tavola<\/a>.<\/strong><\/p>\n<p>|| Amsterdam || per una estate fantastica: una stagione per vivere con spensieratezza la movimentata vita notturna&#8230; <em>all night long<\/em>.<\/p>\n<p style=\"text-align: justify;\"><strong>|| Amsterdam ||<\/strong> Mercatini, bar, festival e manifestazioni gastronomiche vivacizzano una delle capitali europee pi\u00f9 amate dai giovani.<br \/>\nConcedetevi una grigliata all&#8217;aperto, una passeggiata in uno dei tanti parchi della citt\u00e0 e una serata speciale in riva al mare, che diventa in questi mesi una suggestiva multisala cinematografica.<\/p>\n\t\t<\/div>\n\t\t[\/vc_column][\/vc_row]<\/p>\n<\/div>","protected":false},"excerpt":{"rendered":"<p>Una Tovaglia per chi ama l&#8217;originalit\u00e0, tremendamente giovane e trasgressiva. <strong>AMSTERDAM &#8211; Tovaglie da Tavola Moderne una festa a tavola per i cinque sensi:<\/strong> dove il profumo dei vostri piatti sar\u00e0 esaltato dai nostri colori unici. Mangiare (bene) \u00e8 sempre una parte fondamentale della nostra quotidianit\u00e0.<\/p>\n","protected":false},"featured_media":11292,"template":"","meta":[],"product_brand":[],"product_cat":[145],"product_tag":[],"class_list":{"0":"post-7139","1":"product","2":"type-product","3":"status-publish","4":"has-post-thumbnail","6":"product_cat-tovaglie-di-lino","8":"first","9":"instock","10":"sold-individually","11":"taxable","12":"shipping-taxable","13":"purchasable","14":"product-type-simple"},"_links":{"self":[{"href":"https:\/\/www.marinigerardi.it\/shop\/wp-json\/wp\/v2\/product\/7139","targetHints":{"allow":["GET"]}}],"collection":[{"href":"https:\/\/www.marinigerardi.it\/shop\/wp-json\/wp\/v2\/product"}],"about":[{"href":"https:\/\/www.marinigerardi.it\/shop\/wp-json\/wp\/v2\/types\/product"}],"wp:featuredmedia":[{"embeddable":true,"href":"https:\/\/www.marinigerardi.it\/shop\/wp-json\/wp\/v2\/media\/11292"}],"wp:attachment":[{"href":"https:\/\/www.marinigerardi.it\/shop\/wp-json\/wp\/v2\/media?parent=7139"}],"wp:term":[{"taxonomy":"product_brand","embeddable":true,"href":"https:\/\/www.marinigerardi.it\/shop\/wp-json\/wp\/v2\/product_brand?post=7139"},{"taxonomy":"product_cat","embeddable":true,"href":"https:\/\/www.marinigerardi.it\/shop\/wp-json\/wp\/v2\/product_cat?post=7139"},{"taxonomy":"product_tag","embeddable":true,"href":"https:\/\/www.marinigerardi.it\/shop\/wp-json\/wp\/v2\/product_tag?post=7139"}],"curies":[{"name":"wp","href":"https:\/\/api.w.org\/{rel}","templated":true}]}}