{"id":7124,"date":"2021-01-28T10:29:37","date_gmt":"2021-01-28T10:29:37","guid":{"rendered":"https:\/\/marinigerardi.it\/shop\/product\/import-placeholder-for-3758\/"},"modified":"2026-02-13T18:08:10","modified_gmt":"2026-02-13T18:08:10","slug":"castro-tenda-in-lino-con-mantovana","status":"publish","type":"product","link":"https:\/\/www.marinigerardi.it\/shop\/prodotto\/castro-tenda-in-lino-con-mantovana\/","title":{"rendered":"Tenda in Lino CASTRO con Mantovana &#8211; Eleganza e Stile per la Tua Casa"},"content":{"rendered":"<div class=\"wpb-content-wrapper\"><p>[vc_row equal_height=&#8221;yes&#8221; mobile_bg_img_hidden=&#8221;no&#8221; tablet_bg_img_hidden=&#8221;no&#8221; woodmart_parallax=&#8221;0&#8243; woodmart_gradient_switch=&#8221;no&#8221; row_reverse_mobile=&#8221;0&#8243; row_reverse_tablet=&#8221;0&#8243; woodmart_disable_overflow=&#8221;0&#8243;][vc_column offset=&#8221;vc_col-lg-6 vc_col-md-6&#8243; mobile_bg_img_hidden=&#8221;no&#8221; tablet_bg_img_hidden=&#8221;no&#8221; woodmart_parallax=&#8221;0&#8243; woodmart_sticky_column=&#8221;false&#8221; parallax_scroll=&#8221;no&#8221; mobile_reset_margin=&#8221;no&#8221; tablet_reset_margin=&#8221;no&#8221; css=&#8221;.vc_custom_1613071403480{margin-top: 0px !important;}&#8221;]\n\t\t<div id=\"wd-66980800dc3ad\" class=\"title-wrapper wd-wpb wd-set-mb reset-last-child  wd-rs-66980800dc3ad wd-title-color-primary wd-title-style-bordered text-left vc_custom_1721239578120 wd-underline-colored\">\n\t\t\t\n\t\t\t<div class=\"liner-continer\">\n\t\t\t\t<h2 class=\"woodmart-title-container title  wd-font-weight-500 wd-fontsize-l\" >Perch\u00e9 Scegliere la Tenda in Lino CASTRO?<\/h2>\n\t\t\t\t\t\t\t<\/div>\n\t\t\t\n\t\t\t\n\t\t\t\n\t\t<\/div>\n\t\t\n\t\t\t\t<div id=\"wd-6697fe48b84fe\" class=\"wd-text-block wd-wpb reset-last-child wd-rs-6697fe48b84fe text-left \">\n\t\t\t<p style=\"text-align: justify;\">La <strong>tenda in lino CASTRO<\/strong> \u00e8 la scelta perfetta per chi cerca una combinazione di eleganza naturale e funzionalit\u00e0. Il lino \u00e8 un materiale pregiato, noto per la sua resistenza, durabilit\u00e0 e morbidezza al tatto. Con la sua estetica senza tempo, la tenda in lino si adatta a vari stili di arredamento, dal classico al contemporaneo.<\/p>\n\t\t<\/div>\n\t\t[vc_tta_accordion title_tag=&#8221;h3&#8243; section_title_tag=&#8221;h3&#8243; active_section=&#8221;&#8221; collapsible_all=&#8221;true&#8221;][vc_tta_section title=&#8221;Specifiche e Opzioni Personalizzabili della Tenda in Lino CASTRO&#8221; tab_id=&#8221;1771005462564-6414825e-222d&#8221;]\t\t<div id=\"wd-698f66a038813\" class=\"wd-text-block wd-wpb reset-last-child wd-rs-698f66a038813 text-left \">\n\t\t\t<ul>\n<li><strong>Mantovana:<\/strong> 50 cm circa, con inserti a colori di lino.<\/li>\n<li><strong>Base Tenda:<\/strong> Bianco Naturale o altra selezione colore.<\/li>\n<li><strong>Colori Mantovana:<\/strong> Violacciocca, Sabbia Senape, Cioccolato, Carota, Jeans, Fuliggine.<\/li>\n<li><strong>Dimensioni Personalizzabili:<\/strong> Per misure non incluse, invia il dettaglio della dimensione desiderata all\u2019indirizzo email <a rel=\"noreferrer\">assistenza@marinigerardi.it<\/a>.<\/li>\n<\/ul>\n\t\t<\/div>\n\t\t[\/vc_tta_section][\/vc_tta_accordion][\/vc_column][vc_column css=&#8221;.vc_custom_1612434787067{background-position: center !important;background-repeat: no-repeat !important;background-size: cover !important;}&#8221; offset=&#8221;vc_col-lg-6 vc_col-md-6&#8243; mobile_bg_img_hidden=&#8221;no&#8221; tablet_bg_img_hidden=&#8221;no&#8221; woodmart_parallax=&#8221;0&#8243; woodmart_sticky_column=&#8221;false&#8221; parallax_scroll=&#8221;no&#8221; mobile_reset_margin=&#8221;no&#8221; tablet_reset_margin=&#8221;no&#8221;]\t\t<div id=\"gallery_932\" class=\"wd-images-gallery wd-wpb wd-rs-698f6704b1491 photoswipe-images\" style=\"--wd-justify-content:center;--wd-align-items:center;\">\n\t\t\t\n\t\t\t<div class=\" wd-grid-g\" style=\"--wd-col-lg:3;--wd-col-md:3;--wd-col-sm:1;--wd-gap-lg:6px;\">\n\t\t\t\t\n\t\t\t\t\t\t\t\t\t\t\t\t\t\t\t<div class=\"wd-gallery-item wd-col\">\n\t\t\t\t\t\t\t\t\t\t\t\t\t\t<a href=\"https:\/\/www.marinigerardi.it\/shop\/wp-content\/uploads\/2021\/02\/filanda-tessuto-in-lino-struttura-rete-bianco-naturale-1-FF449.jpg\" data-elementor-open-lightbox=\"no\" data-index=\"1\" data-width=\"1024\" data-height=\"768\" \n\t\t\t\t\t\t\t\t\t\t\t\t\t\t\t\t\t\t\t\t\t\t\t\t\t\t\t\ttitle=\"Filanda Tessuto In Lino Struttura Rete Bianco Naturale 1 FF449\">\n\t\t\t\t\t\t\t\t\n\t\t\t\t\t\t\t\t<img decoding=\"async\" width=\"300\" height=\"225\" src=\"https:\/\/www.marinigerardi.it\/shop\/wp-content\/uploads\/2021\/02\/filanda-tessuto-in-lino-struttura-rete-bianco-naturale-1-FF449-300x225.jpg.webp\" class=\"wd-gallery-image image-1\" alt=\"Filanda Tessuto In Lino Struttura Rete Bianco Naturale 1 FF449\" srcset=\"https:\/\/www.marinigerardi.it\/shop\/wp-content\/uploads\/2021\/02\/filanda-tessuto-in-lino-struttura-rete-bianco-naturale-1-FF449-300x225.jpg.webp 300w, https:\/\/www.marinigerardi.it\/shop\/wp-content\/uploads\/2021\/02\/filanda-tessuto-in-lino-struttura-rete-bianco-naturale-1-FF449-450x338.jpg 450w, https:\/\/www.marinigerardi.it\/shop\/wp-content\/uploads\/2021\/02\/filanda-tessuto-in-lino-struttura-rete-bianco-naturale-1-FF449-1000x750.jpg 1000w, https:\/\/www.marinigerardi.it\/shop\/wp-content\/uploads\/2021\/02\/filanda-tessuto-in-lino-struttura-rete-bianco-naturale-1-FF449-768x576.jpg.webp 768w, https:\/\/www.marinigerardi.it\/shop\/wp-content\/uploads\/2021\/02\/filanda-tessuto-in-lino-struttura-rete-bianco-naturale-1-FF449.jpg.webp 1024w\" sizes=\"(max-width: 300px) 100vw, 300px\" \/>\n\t\t\t\t\t\t\t\t\t\t\t\t\t\t\t<\/a>\n\t\t\t\t\t\t\t\t\t\t\t\t<\/div>\n\t\t\t\t\t\t\t\t\t\t\t<div class=\"wd-gallery-item wd-col\">\n\t\t\t\t\t\t\t\t\t\t\t\t\t\t<a href=\"https:\/\/www.marinigerardi.it\/shop\/wp-content\/uploads\/2021\/02\/filanda-tessuto-in-lino-per-tendaggi-struttura-rete-sabbia-3-FF449.jpg\" data-elementor-open-lightbox=\"no\" data-index=\"2\" data-width=\"1024\" data-height=\"768\" \n\t\t\t\t\t\t\t\t\t\t\t\t\t\t\t\t\t\t\t\t\t\t\t\t\t\t\t\ttitle=\"Filanda Tessuto In Lino Per Tendaggi Struttura Rete Sabbia 3 FF449\">\n\t\t\t\t\t\t\t\t\n\t\t\t\t\t\t\t\t<img decoding=\"async\" width=\"300\" height=\"225\" src=\"https:\/\/www.marinigerardi.it\/shop\/wp-content\/uploads\/2021\/02\/filanda-tessuto-in-lino-per-tendaggi-struttura-rete-sabbia-3-FF449-300x225.jpg.webp\" class=\"wd-gallery-image image-2\" alt=\"Filanda Tessuto In Lino Per Tendaggi Struttura Rete Sabbia 3 FF449\" srcset=\"https:\/\/www.marinigerardi.it\/shop\/wp-content\/uploads\/2021\/02\/filanda-tessuto-in-lino-per-tendaggi-struttura-rete-sabbia-3-FF449-300x225.jpg.webp 300w, https:\/\/www.marinigerardi.it\/shop\/wp-content\/uploads\/2021\/02\/filanda-tessuto-in-lino-per-tendaggi-struttura-rete-sabbia-3-FF449-450x338.jpg 450w, https:\/\/www.marinigerardi.it\/shop\/wp-content\/uploads\/2021\/02\/filanda-tessuto-in-lino-per-tendaggi-struttura-rete-sabbia-3-FF449-1000x750.jpg 1000w, https:\/\/www.marinigerardi.it\/shop\/wp-content\/uploads\/2021\/02\/filanda-tessuto-in-lino-per-tendaggi-struttura-rete-sabbia-3-FF449-768x576.jpg.webp 768w, https:\/\/www.marinigerardi.it\/shop\/wp-content\/uploads\/2021\/02\/filanda-tessuto-in-lino-per-tendaggi-struttura-rete-sabbia-3-FF449.jpg.webp 1024w\" sizes=\"(max-width: 300px) 100vw, 300px\" \/>\n\t\t\t\t\t\t\t\t\t\t\t\t\t\t\t<\/a>\n\t\t\t\t\t\t\t\t\t\t\t\t<\/div>\n\t\t\t\t\t\t\t\t\t\t\t<div class=\"wd-gallery-item wd-col\">\n\t\t\t\t\t\t\t\t\t\t\t\t\t\t<a href=\"https:\/\/www.marinigerardi.it\/shop\/wp-content\/uploads\/2021\/02\/filanda-tessuto-in-lino-struttura-rete-senape-06-per-tendaggi.jpg\" data-elementor-open-lightbox=\"no\" data-index=\"3\" data-width=\"1024\" data-height=\"768\" \n\t\t\t\t\t\t\t\t\t\t\t\t\t\t\t\t\t\t\t\t\t\t\t\t\t\t\t\ttitle=\"Filanda Tessuto In Lino Struttura Rete Senape 06 Per Tendaggi\">\n\t\t\t\t\t\t\t\t\n\t\t\t\t\t\t\t\t<img decoding=\"async\" width=\"300\" height=\"225\" src=\"https:\/\/www.marinigerardi.it\/shop\/wp-content\/uploads\/2021\/02\/filanda-tessuto-in-lino-struttura-rete-senape-06-per-tendaggi-300x225.jpg.webp\" class=\"wd-gallery-image image-3\" alt=\"Filanda Tessuto In Lino Struttura Rete Senape 06 Per Tendaggi\" srcset=\"https:\/\/www.marinigerardi.it\/shop\/wp-content\/uploads\/2021\/02\/filanda-tessuto-in-lino-struttura-rete-senape-06-per-tendaggi-300x225.jpg.webp 300w, https:\/\/www.marinigerardi.it\/shop\/wp-content\/uploads\/2021\/02\/filanda-tessuto-in-lino-struttura-rete-senape-06-per-tendaggi-450x338.jpg 450w, https:\/\/www.marinigerardi.it\/shop\/wp-content\/uploads\/2021\/02\/filanda-tessuto-in-lino-struttura-rete-senape-06-per-tendaggi-1000x750.jpg 1000w, https:\/\/www.marinigerardi.it\/shop\/wp-content\/uploads\/2021\/02\/filanda-tessuto-in-lino-struttura-rete-senape-06-per-tendaggi-768x576.jpg.webp 768w, https:\/\/www.marinigerardi.it\/shop\/wp-content\/uploads\/2021\/02\/filanda-tessuto-in-lino-struttura-rete-senape-06-per-tendaggi.jpg.webp 1024w\" sizes=\"(max-width: 300px) 100vw, 300px\" \/>\n\t\t\t\t\t\t\t\t\t\t\t\t\t\t\t<\/a>\n\t\t\t\t\t\t\t\t\t\t\t\t<\/div>\n\t\t\t\t\t\t\t\t\t\t\t<div class=\"wd-gallery-item wd-col\">\n\t\t\t\t\t\t\t\t\t\t\t\t\t\t<a href=\"https:\/\/www.marinigerardi.it\/shop\/wp-content\/uploads\/2021\/02\/filanda-tessuto-in-lino-struttura-rete-cioccolato-per-tende-09.jpg\" data-elementor-open-lightbox=\"no\" data-index=\"4\" data-width=\"1024\" data-height=\"768\" \n\t\t\t\t\t\t\t\t\t\t\t\t\t\t\t\t\t\t\t\t\t\t\t\t\t\t\t\ttitle=\"Filanda Tessuto In Lino Struttura Rete Cioccolato Per Tende 09\">\n\t\t\t\t\t\t\t\t\n\t\t\t\t\t\t\t\t<img decoding=\"async\" width=\"300\" height=\"225\" src=\"https:\/\/www.marinigerardi.it\/shop\/wp-content\/uploads\/2021\/02\/filanda-tessuto-in-lino-struttura-rete-cioccolato-per-tende-09-300x225.jpg.webp\" class=\"wd-gallery-image image-4\" alt=\"Filanda Tessuto In Lino Struttura Rete Cioccolato Per Tende 09\" srcset=\"https:\/\/www.marinigerardi.it\/shop\/wp-content\/uploads\/2021\/02\/filanda-tessuto-in-lino-struttura-rete-cioccolato-per-tende-09-300x225.jpg.webp 300w, https:\/\/www.marinigerardi.it\/shop\/wp-content\/uploads\/2021\/02\/filanda-tessuto-in-lino-struttura-rete-cioccolato-per-tende-09-450x338.jpg 450w, https:\/\/www.marinigerardi.it\/shop\/wp-content\/uploads\/2021\/02\/filanda-tessuto-in-lino-struttura-rete-cioccolato-per-tende-09-1000x750.jpg 1000w, https:\/\/www.marinigerardi.it\/shop\/wp-content\/uploads\/2021\/02\/filanda-tessuto-in-lino-struttura-rete-cioccolato-per-tende-09-768x576.jpg.webp 768w, https:\/\/www.marinigerardi.it\/shop\/wp-content\/uploads\/2021\/02\/filanda-tessuto-in-lino-struttura-rete-cioccolato-per-tende-09.jpg.webp 1024w\" sizes=\"(max-width: 300px) 100vw, 300px\" \/>\n\t\t\t\t\t\t\t\t\t\t\t\t\t\t\t<\/a>\n\t\t\t\t\t\t\t\t\t\t\t\t<\/div>\n\t\t\t\t\t\t\t\t\t\t\t<div class=\"wd-gallery-item wd-col\">\n\t\t\t\t\t\t\t\t\t\t\t\t\t\t<a href=\"https:\/\/www.marinigerardi.it\/shop\/wp-content\/uploads\/2021\/02\/filanda-tessuto-in-lino-struttura-rete-colore-carota-5-FF449.jpg\" data-elementor-open-lightbox=\"no\" data-index=\"5\" data-width=\"1024\" data-height=\"768\" \n\t\t\t\t\t\t\t\t\t\t\t\t\t\t\t\t\t\t\t\t\t\t\t\t\t\t\t\ttitle=\"Filanda Tessuto In Lino Struttura Rete Colore Carota 5 FF449\">\n\t\t\t\t\t\t\t\t\n\t\t\t\t\t\t\t\t<img decoding=\"async\" width=\"300\" height=\"225\" src=\"https:\/\/www.marinigerardi.it\/shop\/wp-content\/uploads\/2021\/02\/filanda-tessuto-in-lino-struttura-rete-colore-carota-5-FF449-300x225.jpg.webp\" class=\"wd-gallery-image image-5\" alt=\"Filanda Tessuto In Lino Struttura Rete Colore Carota 5 FF449\" srcset=\"https:\/\/www.marinigerardi.it\/shop\/wp-content\/uploads\/2021\/02\/filanda-tessuto-in-lino-struttura-rete-colore-carota-5-FF449-300x225.jpg.webp 300w, https:\/\/www.marinigerardi.it\/shop\/wp-content\/uploads\/2021\/02\/filanda-tessuto-in-lino-struttura-rete-colore-carota-5-FF449-450x338.jpg 450w, https:\/\/www.marinigerardi.it\/shop\/wp-content\/uploads\/2021\/02\/filanda-tessuto-in-lino-struttura-rete-colore-carota-5-FF449-1000x750.jpg 1000w, https:\/\/www.marinigerardi.it\/shop\/wp-content\/uploads\/2021\/02\/filanda-tessuto-in-lino-struttura-rete-colore-carota-5-FF449-768x576.jpg.webp 768w, https:\/\/www.marinigerardi.it\/shop\/wp-content\/uploads\/2021\/02\/filanda-tessuto-in-lino-struttura-rete-colore-carota-5-FF449.jpg.webp 1024w\" sizes=\"(max-width: 300px) 100vw, 300px\" \/>\n\t\t\t\t\t\t\t\t\t\t\t\t\t\t\t<\/a>\n\t\t\t\t\t\t\t\t\t\t\t\t<\/div>\n\t\t\t\t\t\t\t\t\t\t\t<div class=\"wd-gallery-item wd-col\">\n\t\t\t\t\t\t\t\t\t\t\t\t\t\t<a href=\"https:\/\/www.marinigerardi.it\/shop\/wp-content\/uploads\/2021\/02\/filanda-tessuto-in-lino-struttura-rete-violacciocca-per-tende.jpg\" data-elementor-open-lightbox=\"no\" data-index=\"6\" data-width=\"1024\" data-height=\"768\" \n\t\t\t\t\t\t\t\t\t\t\t\t\t\t\t\t\t\t\t\t\t\t\t\t\t\t\t\ttitle=\"Filanda Tessuto In Lino Struttura Rete Violacciocca Per Tende\">\n\t\t\t\t\t\t\t\t\n\t\t\t\t\t\t\t\t<img decoding=\"async\" width=\"300\" height=\"225\" src=\"https:\/\/www.marinigerardi.it\/shop\/wp-content\/uploads\/2021\/02\/filanda-tessuto-in-lino-struttura-rete-violacciocca-per-tende-300x225.jpg.webp\" class=\"wd-gallery-image image-6\" alt=\"Filanda Tessuto In Lino Struttura Rete Violacciocca 6 Per Tende\" srcset=\"https:\/\/www.marinigerardi.it\/shop\/wp-content\/uploads\/2021\/02\/filanda-tessuto-in-lino-struttura-rete-violacciocca-per-tende-300x225.jpg.webp 300w, https:\/\/www.marinigerardi.it\/shop\/wp-content\/uploads\/2021\/02\/filanda-tessuto-in-lino-struttura-rete-violacciocca-per-tende-768x576.jpg.webp 768w, https:\/\/www.marinigerardi.it\/shop\/wp-content\/uploads\/2021\/02\/filanda-tessuto-in-lino-struttura-rete-violacciocca-per-tende-450x338.jpg.webp 450w, https:\/\/www.marinigerardi.it\/shop\/wp-content\/uploads\/2021\/02\/filanda-tessuto-in-lino-struttura-rete-violacciocca-per-tende-1000x750.jpg.webp 1000w, https:\/\/www.marinigerardi.it\/shop\/wp-content\/uploads\/2021\/02\/filanda-tessuto-in-lino-struttura-rete-violacciocca-per-tende.jpg.webp 1024w\" sizes=\"(max-width: 300px) 100vw, 300px\" \/>\n\t\t\t\t\t\t\t\t\t\t\t\t\t\t\t<\/a>\n\t\t\t\t\t\t\t\t\t\t\t\t<\/div>\n\t\t\t\t\t\t\t\t\t\t\t<div class=\"wd-gallery-item wd-col\">\n\t\t\t\t\t\t\t\t\t\t\t\t\t\t<a href=\"https:\/\/www.marinigerardi.it\/shop\/wp-content\/uploads\/2021\/02\/filanda-tessuto-in-lino-per-tendaggi-struttura-rete-jeans-7-FF449.jpg\" data-elementor-open-lightbox=\"no\" data-index=\"7\" data-width=\"1024\" data-height=\"768\" \n\t\t\t\t\t\t\t\t\t\t\t\t\t\t\t\t\t\t\t\t\t\t\t\t\t\t\t\ttitle=\"Filanda Tessuto In Lino Per Tendaggi Struttura Rete Jeans 7 FF449\">\n\t\t\t\t\t\t\t\t\n\t\t\t\t\t\t\t\t<img decoding=\"async\" width=\"300\" height=\"225\" src=\"https:\/\/www.marinigerardi.it\/shop\/wp-content\/uploads\/2021\/02\/filanda-tessuto-in-lino-per-tendaggi-struttura-rete-jeans-7-FF449-300x225.jpg.webp\" class=\"wd-gallery-image image-7\" alt=\"Filanda Tessuto In Lino Per Tendaggi Struttura Rete Jeans 7 FF449\" srcset=\"https:\/\/www.marinigerardi.it\/shop\/wp-content\/uploads\/2021\/02\/filanda-tessuto-in-lino-per-tendaggi-struttura-rete-jeans-7-FF449-300x225.jpg.webp 300w, https:\/\/www.marinigerardi.it\/shop\/wp-content\/uploads\/2021\/02\/filanda-tessuto-in-lino-per-tendaggi-struttura-rete-jeans-7-FF449-768x576.jpg.webp 768w, https:\/\/www.marinigerardi.it\/shop\/wp-content\/uploads\/2021\/02\/filanda-tessuto-in-lino-per-tendaggi-struttura-rete-jeans-7-FF449-450x338.jpg.webp 450w, https:\/\/www.marinigerardi.it\/shop\/wp-content\/uploads\/2021\/02\/filanda-tessuto-in-lino-per-tendaggi-struttura-rete-jeans-7-FF449-1000x750.jpg.webp 1000w, https:\/\/www.marinigerardi.it\/shop\/wp-content\/uploads\/2021\/02\/filanda-tessuto-in-lino-per-tendaggi-struttura-rete-jeans-7-FF449.jpg.webp 1024w\" sizes=\"(max-width: 300px) 100vw, 300px\" \/>\n\t\t\t\t\t\t\t\t\t\t\t\t\t\t\t<\/a>\n\t\t\t\t\t\t\t\t\t\t\t\t<\/div>\n\t\t\t\t\t\t\t\t\t\t\t<div class=\"wd-gallery-item wd-col\">\n\t\t\t\t\t\t\t\t\t\t\t\t\t\t<a href=\"https:\/\/www.marinigerardi.it\/shop\/wp-content\/uploads\/2021\/02\/filanda-tessuto-in-lino-per-tende-struttura-rete-cenere-8-FF449.jpg\" data-elementor-open-lightbox=\"no\" data-index=\"8\" data-width=\"1024\" data-height=\"768\" \n\t\t\t\t\t\t\t\t\t\t\t\t\t\t\t\t\t\t\t\t\t\t\t\t\t\t\t\ttitle=\"Filanda Tessuto In Lino Per Tende Struttura Rete Cenere 8 FF449\">\n\t\t\t\t\t\t\t\t\n\t\t\t\t\t\t\t\t<img decoding=\"async\" width=\"300\" height=\"225\" src=\"https:\/\/www.marinigerardi.it\/shop\/wp-content\/uploads\/2021\/02\/filanda-tessuto-in-lino-per-tende-struttura-rete-cenere-8-FF449-300x225.jpg.webp\" class=\"wd-gallery-image image-8\" alt=\"Filanda Tessuto In Lino Per Tende Struttura Rete Cenere 8 FF449\" srcset=\"https:\/\/www.marinigerardi.it\/shop\/wp-content\/uploads\/2021\/02\/filanda-tessuto-in-lino-per-tende-struttura-rete-cenere-8-FF449-300x225.jpg.webp 300w, https:\/\/www.marinigerardi.it\/shop\/wp-content\/uploads\/2021\/02\/filanda-tessuto-in-lino-per-tende-struttura-rete-cenere-8-FF449-768x576.jpg.webp 768w, https:\/\/www.marinigerardi.it\/shop\/wp-content\/uploads\/2021\/02\/filanda-tessuto-in-lino-per-tende-struttura-rete-cenere-8-FF449-450x338.jpg.webp 450w, https:\/\/www.marinigerardi.it\/shop\/wp-content\/uploads\/2021\/02\/filanda-tessuto-in-lino-per-tende-struttura-rete-cenere-8-FF449-1000x750.jpg.webp 1000w, https:\/\/www.marinigerardi.it\/shop\/wp-content\/uploads\/2021\/02\/filanda-tessuto-in-lino-per-tende-struttura-rete-cenere-8-FF449.jpg.webp 1024w\" sizes=\"(max-width: 300px) 100vw, 300px\" \/>\n\t\t\t\t\t\t\t\t\t\t\t\t\t\t\t<\/a>\n\t\t\t\t\t\t\t\t\t\t\t\t<\/div>\n\t\t\t\t\t\t\t\t\t\n\t\t\t\t\t\t\t<\/div>\n\n\t\t\t\t\t<\/div>\n\t\t[\/vc_column][\/vc_row][vc_row][vc_column]\n\t\t<div id=\"wd-698f685fe6d3f\" class=\"title-wrapper wd-wpb wd-set-mb reset-last-child  wd-rs-698f685fe6d3f wd-title-color-primary wd-title-style-underlined text-center justify  wd-underline-colored\">\n\t\t\t\n\t\t\t<div class=\"liner-continer\">\n\t\t\t\t<h3 class=\"woodmart-title-container title  wd-font-weight- wd-fontsize-l\" >Versatilit\u00e0 della Tenda in Lino per Diversi Stili di Arredo<\/h3>\n\t\t\t\t\t\t\t<\/div>\n\t\t\t\n\t\t\t\t\t\t\t<div class=\"title-after_title reset-last-child  wd-fontsize-xs\">Design Unico che Esprime Qualit\u00e0 e Forza<\/div>\n\t\t\t\n\t\t\t\n\t\t<\/div>\n\t\t\n\t\t[\/vc_column][\/vc_row][vc_row content_placement=&#8221;middle&#8221; woodmart_bg_position=&#8221;center-bottom&#8221; css=&#8221;.vc_custom_1721239448696{background-color: #f3f3f3 !important;background-position: 0 0 !important;background-repeat: no-repeat !important;}&#8221; el_class=&#8221;mobile-bg-img-hidden&#8221; mobile_bg_img_hidden=&#8221;no&#8221; tablet_bg_img_hidden=&#8221;no&#8221; woodmart_parallax=&#8221;0&#8243; woodmart_gradient_switch=&#8221;no&#8221; row_reverse_mobile=&#8221;0&#8243; row_reverse_tablet=&#8221;0&#8243; woodmart_disable_overflow=&#8221;0&#8243; woodmart_css_id=&#8221;6698078b5e12b&#8221; responsive_spacing=&#8221;eyJwYXJhbV90eXBlIjoid29vZG1hcnRfcmVzcG9uc2l2ZV9zcGFjaW5nIiwic2VsZWN0b3JfaWQiOiI2Njk4MDc4YjVlMTJiIiwic2hvcnRjb2RlIjoidmNfcm93IiwiZGF0YSI6eyJ0YWJsZXQiOnt9LCJtb2JpbGUiOnt9fX0=&#8221; woodmart_box_shadow=&#8221;no&#8221; wd_z_index=&#8221;no&#8221;][vc_column width=&#8221;1\/2&#8243; mobile_bg_img_hidden=&#8221;no&#8221; tablet_bg_img_hidden=&#8221;no&#8221; woodmart_parallax=&#8221;0&#8243; woodmart_sticky_column=&#8221;false&#8221; parallax_scroll=&#8221;no&#8221; mobile_reset_margin=&#8221;no&#8221; tablet_reset_margin=&#8221;no&#8221;][vc_single_image image=&#8221;44132&#8243; img_size=&#8221;large&#8221; alignment=&#8221;center&#8221; onclick=&#8221;link_image&#8221; css=&#8221;&#8221; parallax_scroll=&#8221;no&#8221; woodmart_inline=&#8221;no&#8221;][\/vc_column][vc_column width=&#8221;1\/2&#8243; css=&#8221;.vc_custom_1535101510463{margin-top: 4vh !important;padding-top: 0px !important;}&#8221;][vc_single_image image=&#8221;70088&#8243; img_size=&#8221;large&#8221; alignment=&#8221;center&#8221; onclick=&#8221;link_image&#8221; css=&#8221;&#8221; parallax_scroll=&#8221;no&#8221; woodmart_inline=&#8221;no&#8221;][\/vc_column][\/vc_row][vc_row][vc_column][vc_tta_accordion section_title_tag=&#8221;h3&#8243; active_section=&#8221;1&#8243;][vc_tta_section title=&#8221;Le Caratteristiche Uniche della Tenda in Lino CASTRO&#8221; tab_id=&#8221;1691741648063-03c9dc3f-1950&#8243;]\t\t<div id=\"wd-669800f4bbdc0\" class=\"wd-text-block wd-wpb reset-last-child wd-rs-669800f4bbdc0 text-left \">\n\t\t\t<p><strong>Benvenuti nella collezione CASTRO <\/strong>di tende in puro lino, dove l&#8217;eleganza si unisce all&#8217;essenzialit\u00e0 per creare un&#8217;atmosfera unica nel tuo spazio. Realizzate con maestria e attenzione al dettaglio, queste tende trasmettono una sensazione di raffinatezza senza compromessi.<\/p>\n<p><strong>Caratteristiche Principali:<\/strong><\/p>\n<ol>\n<li><strong>Mantovana in Colore con Inserti a Contrasto:<\/strong> Il design di ogni tenda CASTRO \u00e8 arricchito da una mantovana delicatamente colorata, con inserti in contrasto di tonalit\u00e0. Questo tocco di colore aggiunge profondit\u00e0 e personalit\u00e0 alla tenda, senza perdersi in fronzoli eccessivi.<\/li>\n<li><strong>Tessuto in Puro Lino a Trama a Rete:<\/strong> Il tessuto delle tende CASTRO \u00e8 realizzato in puro lino, caratterizzato da una trama a rete che offre trasparenze delicate. La sensazione morbida e piacevole al tatto ti avvolger\u00e0 in un abbraccio di comfort e stile.<\/li>\n<li style=\"text-align: justify;\"><strong>Palette di Colori Eleganti:<\/strong> Scegli tra una selezione di 8 splendidi colori, tutti studiati appositamente per combinarsi armoniosamente tra di loro. Questa variet\u00e0 di tonalit\u00e0 ti consente di personalizzare le tue tende per adattarle perfettamente all&#8217;atmosfera del tuo spazio.<\/li>\n<\/ol>\n\t\t<\/div>\n\t\t[\/vc_tta_section][vc_tta_section title=&#8221;Versatilit\u00e0 di Stile della Tenda in Lino :&#8221; tab_id=&#8221;1691741648089-ba422ac0-8de4&#8243;]\t\t<div id=\"wd-64d5ee50d180f\" class=\"wd-text-block wd-wpb reset-last-child wd-rs-64d5ee50d180f text-left \">\n\t\t\t<p style=\"text-align: justify;\">Le tende CASTRO con il loro aspetto grezzo e materico sono l&#8217;aggiunta perfetta a una variet\u00e0 di ambienti:<\/p>\n<ul>\n<li style=\"text-align: justify;\"><strong>Stile Industriale:<\/strong> Il lino si fonde armoniosamente con gli elementi industriali, creando un contrasto affascinante tra la naturalezza del tessuto e la robustezza degli arredi industriali.<\/li>\n<li style=\"text-align: justify;\"><strong>Atmosfere di Montagna:<\/strong> Le tende in lino aggiungono un tocco di rusticit\u00e0 e calore agli spazi di montagna, creando un ambiente accogliente e autentico.<\/li>\n<li style=\"text-align: justify;\"><strong>Arredo Shabby Chic:<\/strong> L&#8217;essenzialit\u00e0 delle tende CASTRO si combina perfettamente con lo stile shabby chic, conferendo un&#8217;aria di raffinatezza senza sforzi eccessivi.<\/li>\n<li style=\"text-align: justify;\"><strong>Classico e Minimalista:<\/strong> La semplicit\u00e0 delle tende in lino si adatta splendidamente sia agli ambienti classici che a quelli minimalisti, aggiungendo un tocco di eleganza senza mai essere eccessivo.<\/li>\n<li style=\"text-align: justify;\"><strong>Spazi Contemporanei:<\/strong> L&#8217;aspetto contemporaneo del lino trova il suo posto negli ambienti moderni, aggiungendo un tocco di naturalezza e sofisticatezza.<\/li>\n<\/ul>\n\t\t<\/div>\n\t\t[\/vc_tta_section][vc_tta_section title=&#8221;Eleganza Senza Compromessi:&#8221; tab_id=&#8221;1691741856147-5f2c0594-a79f&#8221;]\t\t<div id=\"wd-64d5eea9d1ae9\" class=\"wd-text-block wd-wpb reset-last-child wd-rs-64d5eea9d1ae9 text-left \">\n\t\t\t<p style=\"text-align: justify;\">L&#8217;eleganza raggiunge il suo apice quando si abbraccia l&#8217;essenzialit\u00e0. Le tende CASTRO in lino rappresentano questa filosofia con maestria. Un soggiorno o una camera da letto adornati da queste tende trasmettono una poesia visiva, un simbolo di raffinatezza e semplicit\u00e0 che cattura l&#8217;attenzione senza sforzi.<\/p>\n\t\t<\/div>\n\t\t[\/vc_tta_section][vc_tta_section title=&#8221;Puro Lino Tessuto Versatile per l&#8217;Interior Design:&#8221; tab_id=&#8221;1691741946020-989a6b6c-beb2&#8243;]\t\t<div id=\"wd-64d5ef04003e0\" class=\"wd-text-block wd-wpb reset-last-child wd-rs-64d5ef04003e0 text-left \">\n\t\t\t<p style=\"text-align: justify;\">Il lino \u00e8 un materiale incredibilmente versatile, amato nel mondo dell&#8217;interior design contemporaneo. La sua bellezza naturale e la sua capacit\u00e0 di adattarsi a diversi stili lo rendono una scelta senza tempo per l&#8217;arredamento dei tuoi spazi.<\/p>\n<p style=\"text-align: justify;\">Scegli le tende in lino CASTRO per trasformare il tuo ambiente in un&#8217;oasi di eleganza essenziale. Raffinatezza, comfort e stile si uniscono in un prodotto che riflette la bellezza senza sforzi. Rinnova il tuo spazio oggi stesso con le tende CASTRO.<\/p>\n\t\t<\/div>\n\t\t[\/vc_tta_section][\/vc_tta_accordion][\/vc_column][\/vc_row]<\/p>\n<\/div>","protected":false},"excerpt":{"rendered":"<p style=\"text-align: justify;\"><strong>CASTRO<\/strong> &#8211; Tenda in Lino per un look essenziale senza eccessivi \u00a0fronzoli: il modello ha una mantovana in colore con inserti in contrasto di colore<\/p>\n","protected":false},"featured_media":67106,"template":"","meta":[],"product_brand":[],"product_cat":[62],"product_tag":[],"class_list":{"0":"post-7124","1":"product","2":"type-product","3":"status-publish","4":"has-post-thumbnail","6":"product_cat-tende-in-lino","8":"first","9":"instock","10":"taxable","11":"shipping-taxable","12":"purchasable","13":"product-type-simple"},"_links":{"self":[{"href":"https:\/\/www.marinigerardi.it\/shop\/wp-json\/wp\/v2\/product\/7124","targetHints":{"allow":["GET"]}}],"collection":[{"href":"https:\/\/www.marinigerardi.it\/shop\/wp-json\/wp\/v2\/product"}],"about":[{"href":"https:\/\/www.marinigerardi.it\/shop\/wp-json\/wp\/v2\/types\/product"}],"wp:featuredmedia":[{"embeddable":true,"href":"https:\/\/www.marinigerardi.it\/shop\/wp-json\/wp\/v2\/media\/67106"}],"wp:attachment":[{"href":"https:\/\/www.marinigerardi.it\/shop\/wp-json\/wp\/v2\/media?parent=7124"}],"wp:term":[{"taxonomy":"product_brand","embeddable":true,"href":"https:\/\/www.marinigerardi.it\/shop\/wp-json\/wp\/v2\/product_brand?post=7124"},{"taxonomy":"product_cat","embeddable":true,"href":"https:\/\/www.marinigerardi.it\/shop\/wp-json\/wp\/v2\/product_cat?post=7124"},{"taxonomy":"product_tag","embeddable":true,"href":"https:\/\/www.marinigerardi.it\/shop\/wp-json\/wp\/v2\/product_tag?post=7124"}],"curies":[{"name":"wp","href":"https:\/\/api.w.org\/{rel}","templated":true}]}}