{"id":69604,"date":"2024-06-24T18:26:25","date_gmt":"2024-06-24T18:26:25","guid":{"rendered":"https:\/\/www.marinigerardi.it\/shop\/?post_type=product&#038;p=69604"},"modified":"2025-12-21T00:57:47","modified_gmt":"2025-12-21T00:57:47","slug":"tovaglia-da-12","status":"publish","type":"product","link":"https:\/\/www.marinigerardi.it\/shop\/prodotto\/tovaglia-da-12\/","title":{"rendered":"FLOR DE LUNA &#8211; Tovaglia da 12 per Tavolo Rettangolare con tovaglioli collezione Linux"},"content":{"rendered":"<div class=\"wpb-content-wrapper\"><p>[vc_row equal_height=&#8221;yes&#8221; mobile_bg_img_hidden=&#8221;no&#8221; tablet_bg_img_hidden=&#8221;no&#8221; woodmart_parallax=&#8221;0&#8243; woodmart_gradient_switch=&#8221;no&#8221; row_reverse_mobile=&#8221;0&#8243; row_reverse_tablet=&#8221;0&#8243; woodmart_disable_overflow=&#8221;0&#8243;][vc_column offset=&#8221;vc_col-lg-6 vc_col-md-6&#8243; mobile_bg_img_hidden=&#8221;no&#8221; tablet_bg_img_hidden=&#8221;no&#8221; woodmart_parallax=&#8221;0&#8243; woodmart_sticky_column=&#8221;false&#8221; parallax_scroll=&#8221;no&#8221; mobile_reset_margin=&#8221;no&#8221; tablet_reset_margin=&#8221;no&#8221; css=&#8221;.vc_custom_1613071403480{margin-top: 0px !important;}&#8221;]\n\t\t<div id=\"wd-694745df92646\" class=\"title-wrapper wd-wpb wd-set-mb reset-last-child  wd-rs-694745df92646 wd-title-color-primary wd-title-style-bordered text-left vc_custom_1766278577798 wd-underline-colored\">\n\t\t\t\n\t\t\t<div class=\"liner-continer\">\n\t\t\t\t<h2 class=\"woodmart-title-container title  wd-font-weight- wd-fontsize-l\" >FLOR DE LUNA - Tovaglia da 12 per Tavolo Rettangolare con tovaglioli collezione Linux<\/h2>\n\t\t\t\t\t\t\t<\/div>\n\t\t\t\n\t\t\t\n\t\t\t\n\t\t<\/div>\n\t\t\n\t\t\t\t<div id=\"wd-6679ef2ef3f30\" class=\"wd-text-block wd-wpb reset-last-child wd-rs-6679ef2ef3f30 text-left \">\n\t\t\t<p>Immagina una serata magica, illuminata dalla luce soffusa della luna. Ora pensa di portare quella magia direttamente sulla tua tavola con &#8220;FLOR DE LUNA &#8211; Tovaglia da 12 per Tavolo Rettangolare con Tovaglioli&#8221;.<\/p>\n<p>Questa splendida tovaglia \u00e8 pensata per aggiungere un tocco di eleganza e raffinatezza a ogni cena. Il design sofisticato e i dettagli curati evocano l&#8217;incanto delle notti lunari, creando un&#8217;atmosfera intima e suggestiva che render\u00e0 ogni pasto un&#8217;occasione speciale.<\/p>\n\t\t<\/div>\n\t\t[vc_message message_box_style=&#8221;outline&#8221; message_box_color=&#8221;grey&#8221; css=&#8221;&#8221;]<strong><a href=\"https:\/\/www.marinigerardi.it\/shop\/prodotto\/tovaglia-da-12\/\">Tovaglia da 12<\/a> in tessuto Linux in PL<\/strong> l&#8217;eleganza che piace! Una stoffa dalla mano charmant.<\/p>\n<ul>\n<li>Misure tovaglia: 160\u00d7160 | 160\u00d7180 | 160\u00d7200 | 160\u00d7240 | 160\u00d7260 | 160\u00d7270 |<\/li>\n<\/ul>\n<p>Per misure particolari vi preghiamo di contattarci alla mail <strong>assistenza@marinigerardi.it<\/strong>[\/vc_message][\/vc_column][vc_column css=&#8221;.vc_custom_1612434787067{background-position: center !important;background-repeat: no-repeat !important;background-size: cover !important;}&#8221; offset=&#8221;vc_col-lg-6 vc_col-md-6&#8243; mobile_bg_img_hidden=&#8221;no&#8221; tablet_bg_img_hidden=&#8221;no&#8221; woodmart_parallax=&#8221;0&#8243; woodmart_sticky_column=&#8221;false&#8221; parallax_scroll=&#8221;no&#8221; mobile_reset_margin=&#8221;no&#8221; tablet_reset_margin=&#8221;no&#8221;][vc_single_image image=&#8221;69608&#8243; img_size=&#8221;full&#8221; alignment=&#8221;center&#8221; style=&#8221;vc_box_shadow&#8221; onclick=&#8221;link_image&#8221; css=&#8221;&#8221; parallax_scroll=&#8221;no&#8221; woodmart_inline=&#8221;no&#8221;][\/vc_column][\/vc_row][vc_row][vc_column][vc_empty_space woodmart_hide_large=&#8221;0&#8243; woodmart_hide_medium=&#8221;0&#8243; woodmart_hide_small=&#8221;0&#8243;]\n\t\t<div id=\"wd-694745f0a4b79\" class=\"title-wrapper wd-wpb wd-set-mb reset-last-child  wd-rs-694745f0a4b79 wd-title-color-primary wd-title-style-bordered text-center justify  wd-underline-colored\">\n\t\t\t\n\t\t\t<div class=\"liner-continer\">\n\t\t\t\t<h3 class=\"woodmart-title-container title  wd-font-weight- wd-fontsize-l\" >FLOR DE LUNA - Tovaglia da 12 per Tavolo Rettangolare con tovaglioli collezione Linux<\/h3>\n\t\t\t\t\t\t\t<\/div>\n\t\t\t\n\t\t\t\n\t\t\t\n\t\t<\/div>\n\t\t\n\t\t[\/vc_column][\/vc_row][vc_row content_placement=&#8221;middle&#8221; woodmart_bg_position=&#8221;center-bottom&#8221; css=&#8221;.vc_custom_1699220110471{background-color: #f3f3f3 !important;background-position: 0 0 !important;background-repeat: no-repeat !important;}&#8221; el_class=&#8221;mobile-bg-img-hidden&#8221; mobile_bg_img_hidden=&#8221;no&#8221; tablet_bg_img_hidden=&#8221;no&#8221; woodmart_parallax=&#8221;0&#8243; woodmart_gradient_switch=&#8221;no&#8221; row_reverse_mobile=&#8221;0&#8243; row_reverse_tablet=&#8221;0&#8243; woodmart_disable_overflow=&#8221;0&#8243; woodmart_css_id=&#8221;65480a846b449&#8243; responsive_spacing=&#8221;eyJwYXJhbV90eXBlIjoid29vZG1hcnRfcmVzcG9uc2l2ZV9zcGFjaW5nIiwic2VsZWN0b3JfaWQiOiI2NTQ4MGE4NDZiNDQ5Iiwic2hvcnRjb2RlIjoidmNfcm93IiwiZGF0YSI6eyJ0YWJsZXQiOnt9LCJtb2JpbGUiOnt9fX0=&#8221; woodmart_box_shadow=&#8221;yes&#8221; wd_box_shadow=&#8221;eyJkZXZpY2VzIjp7ImRlc2t0b3AiOnsiaG9yaXpvbnRhbCI6IjAiLCJ2ZXJ0aWNhbCI6IjAiLCJibHVyIjoiOSIsInNwcmVhZCI6IjAiLCJjb2xvciI6InJnYmEoMCwgMCwgMCwgLjE1KSJ9fX0=&#8221; wd_z_index=&#8221;no&#8221;][vc_column mobile_bg_img_hidden=&#8221;no&#8221; tablet_bg_img_hidden=&#8221;no&#8221; woodmart_parallax=&#8221;0&#8243; woodmart_sticky_column=&#8221;false&#8221; parallax_scroll=&#8221;no&#8221; mobile_reset_margin=&#8221;no&#8221; tablet_reset_margin=&#8221;no&#8221;][vc_single_image image=&#8221;69609&#8243; img_size=&#8221;full&#8221; alignment=&#8221;center&#8221; style=&#8221;vc_box_shadow&#8221; onclick=&#8221;link_image&#8221; css=&#8221;.vc_custom_1719266852786{margin-right: 20px !important;}&#8221; parallax_scroll=&#8221;no&#8221; woodmart_inline=&#8221;no&#8221;][\/vc_column][\/vc_row][vc_row][vc_column]\n\t\t<div id=\"wd-694745fa88845\" class=\"title-wrapper wd-wpb wd-set-mb reset-last-child  wd-rs-694745fa88845 wd-title-color-primary wd-title-style-bordered text-left justify  wd-underline-colored\">\n\t\t\t\n\t\t\t<div class=\"liner-continer\">\n\t\t\t\t<h3 class=\"woodmart-title-container title  wd-font-weight- wd-fontsize-l\" >Tovaglia da 12 della collezione Linux<\/h3>\n\t\t\t\t\t\t\t<\/div>\n\t\t\t\n\t\t\t\t\t\t\t<div class=\"title-after_title reset-last-child  wd-fontsize-xs\">La Tovaglia spiritosa, fresca, informale.<\/div>\n\t\t\t\n\t\t\t\n\t\t<\/div>\n\t\t\n\t\t\t\t<div id=\"wd-6679ef6397816\" class=\"wd-text-block wd-wpb reset-last-child wd-rs-6679ef6397816 text-left \">\n\t\t\t<p style=\"text-align: justify;\"><strong>UN PICCOLO SOGNO A TAVOLA!<br \/>\n<\/strong><\/p>\n<p>Realizzata con materiali di alta qualit\u00e0, &#8220;FLOR DE LUNA&#8221; offre non solo una bellezza straordinaria, ma anche una resistenza e durata superiori. Il tessuto morbido e liscio al tatto \u00e8 perfetto per accogliere fino a 12 ospiti, garantendo un&#8217;esperienza di comfort e stile ineguagliabile. I tovaglioli coordinati completano il set, aggiungendo un ulteriore tocco di classe e armonia alla tua tavola.<\/p>\n<p>La tovaglia &#8220;FLOR DE LUNA&#8221; \u00e8 ideale per ogni tipo di evento, dalle cene romantiche alle riunioni familiari, fino alle occasioni pi\u00f9 formali. I suoi motivi a fiori eleganti e raffinati catturano la luce in modo unico. Ogni dettaglio \u00e8 stato pensato per sorprendere e incantare i tuoi ospiti, trasformando ogni pasto in un\u2019esperienza indimenticabile.<\/p>\n\t\t<\/div>\n\t\t[\/vc_column][\/vc_row]<\/p>\n<\/div>","protected":false},"excerpt":{"rendered":"<p>Porta la magia della luna sulla tua tavola con <strong>&#8220;FLOR DE LUNA&#8221;.<\/strong>\u00a0 Lascia che la bellezza e l&#8217;eleganza di questa tovaglia arricchiscano i tuoi momenti conviviali, rendendo ogni incontro un ricordo prezioso. Fai brillare la tua <strong>Tovaglia da 12<\/strong> o pi\u00f9 commensali come mai prima d&#8217;ora.<\/p>\n","protected":false},"featured_media":69605,"template":"","meta":[],"product_brand":[],"product_cat":[145],"product_tag":[],"class_list":{"0":"post-69604","1":"product","2":"type-product","3":"status-publish","4":"has-post-thumbnail","6":"product_cat-tovaglie-di-lino","8":"first","9":"instock","10":"sold-individually","11":"taxable","12":"shipping-taxable","13":"purchasable","14":"product-type-simple"},"_links":{"self":[{"href":"https:\/\/www.marinigerardi.it\/shop\/wp-json\/wp\/v2\/product\/69604","targetHints":{"allow":["GET"]}}],"collection":[{"href":"https:\/\/www.marinigerardi.it\/shop\/wp-json\/wp\/v2\/product"}],"about":[{"href":"https:\/\/www.marinigerardi.it\/shop\/wp-json\/wp\/v2\/types\/product"}],"wp:featuredmedia":[{"embeddable":true,"href":"https:\/\/www.marinigerardi.it\/shop\/wp-json\/wp\/v2\/media\/69605"}],"wp:attachment":[{"href":"https:\/\/www.marinigerardi.it\/shop\/wp-json\/wp\/v2\/media?parent=69604"}],"wp:term":[{"taxonomy":"product_brand","embeddable":true,"href":"https:\/\/www.marinigerardi.it\/shop\/wp-json\/wp\/v2\/product_brand?post=69604"},{"taxonomy":"product_cat","embeddable":true,"href":"https:\/\/www.marinigerardi.it\/shop\/wp-json\/wp\/v2\/product_cat?post=69604"},{"taxonomy":"product_tag","embeddable":true,"href":"https:\/\/www.marinigerardi.it\/shop\/wp-json\/wp\/v2\/product_tag?post=69604"}],"curies":[{"name":"wp","href":"https:\/\/api.w.org\/{rel}","templated":true}]}}