{"id":68036,"date":"2024-05-30T09:37:42","date_gmt":"2024-05-30T09:37:42","guid":{"rendered":"https:\/\/www.marinigerardi.it\/shop\/?post_type=product&#038;p=68036"},"modified":"2026-01-18T19:27:03","modified_gmt":"2026-01-18T19:27:03","slug":"tende-eleganti-classiche","status":"publish","type":"product","link":"https:\/\/www.marinigerardi.it\/shop\/prodotto\/tende-eleganti-classiche\/","title":{"rendered":"CANNOLE Lino 100% &#8211; Tende Eleganti Classiche per camera da letto"},"content":{"rendered":"<div class=\"wpb-content-wrapper\"><p>[vc_row equal_height=&#8221;yes&#8221; mobile_bg_img_hidden=&#8221;no&#8221; tablet_bg_img_hidden=&#8221;no&#8221; woodmart_parallax=&#8221;0&#8243; woodmart_gradient_switch=&#8221;no&#8221; row_reverse_mobile=&#8221;0&#8243; row_reverse_tablet=&#8221;0&#8243; woodmart_disable_overflow=&#8221;0&#8243;][vc_column offset=&#8221;vc_col-lg-6 vc_col-md-6&#8243; mobile_bg_img_hidden=&#8221;no&#8221; tablet_bg_img_hidden=&#8221;no&#8221; woodmart_parallax=&#8221;0&#8243; woodmart_sticky_column=&#8221;false&#8221; parallax_scroll=&#8221;no&#8221; mobile_reset_margin=&#8221;no&#8221; tablet_reset_margin=&#8221;no&#8221; css=&#8221;.vc_custom_1613071403480{margin-top: 0px !important;}&#8221;]\n\t\t<div id=\"wd-682f9bf151df9\" class=\"title-wrapper wd-wpb wd-set-mb reset-last-child  wd-rs-682f9bf151df9 wd-title-color-primary wd-title-style-bordered text-left vc_custom_1747950602854 wd-underline-colored\">\n\t\t\t\n\t\t\t<div class=\"liner-continer\">\n\t\t\t\t<h2 class=\"woodmart-title-container title  wd-font-weight-600 wd-fontsize-l\" >CANNOLE Lino 100% - Tende Eleganti Classiche per camera da letto: un tocco di lusso per ogni stanza.<\/h2>\n\t\t\t\t\t\t\t<\/div>\n\t\t\t\n\t\t\t\n\t\t\t\n\t\t<\/div>\n\t\t\n\t\t[vc_column_text css=&#8221;&#8221; text_larger=&#8221;no&#8221; woodmart_inline=&#8221;no&#8221;]<\/p>\n<p style=\"text-align: justify;\">Presentiamo con orgoglio <a href=\"https:\/\/www.marinigerardi.it\/shop\/prodotto\/tende-eleganti-classiche\/\">la nostra tenda<\/a> dall&#8217;approccio classico ed elegante, realizzata con un tessuto in puro lino di alta qualit\u00e0 e arricchita da due fasce di passamaneria artigianale create in esclusiva. La trama del tessuto, sottolineata dalla sua trasparenza e delicatezza, conferisce al risultato finale un\u2019aura di bellezza, piacevolezza ed eleganza veramente unica.<\/p>\n<p>[\/vc_column_text][vc_message message_box_color=&#8221;grey&#8221; css=&#8221;&#8221;]<\/p>\n<ul>\n<li>Tende Eleganti Classiche in 3 colori: Bianco Ottico, Bianco Naturale, Ecr\u00f9;<\/li>\n<li>Due fasce di passamaneria artigianale nella zona centrale;<\/li>\n<li><strong>N.B.\u00a0 Edizione limitata.<\/strong><\/li>\n<\/ul>\n<p><strong>Per le misure non incluse<\/strong>, si prega inviare il dettaglio della dimensione desiderata all&#8217; indirizzo mail <strong>assistenza@marinigerardi.it<\/strong>[\/vc_message]<div id=\"wd-696d33f47ca30\" class=\" wd-rs-696d33f47ca30   wd-rs-696d33f47ca30 wd-button-wrapper text-left\"><a href=\"#my_popup\" title=\"\" class=\"btn btn-color-black btn-style-link btn-shape-rectangle btn-size-default wd-open-popup \">INFO &amp; SCHEDA PRODOTTO<\/a><\/div><div id=\"my_popup\" class=\"mfp-hide wd-popup wd-popup-element wd-scroll-content\" style=\"--wd-popup-width:800px;\"><\/div>[\/vc_column][vc_column css=&#8221;.vc_custom_1612434787067{background-position: center !important;background-repeat: no-repeat !important;background-size: cover !important;}&#8221; offset=&#8221;vc_col-lg-6 vc_col-md-6&#8243; mobile_bg_img_hidden=&#8221;no&#8221; tablet_bg_img_hidden=&#8221;no&#8221; woodmart_parallax=&#8221;0&#8243; woodmart_sticky_column=&#8221;false&#8221; parallax_scroll=&#8221;no&#8221; mobile_reset_margin=&#8221;no&#8221; tablet_reset_margin=&#8221;no&#8221;][vc_single_image image=&#8221;68039&#8243; img_size=&#8221;full&#8221; onclick=&#8221;link_image&#8221; css=&#8221;&#8221; parallax_scroll=&#8221;no&#8221; woodmart_inline=&#8221;no&#8221;][\/vc_column][\/vc_row][vc_row][vc_column]<div id=\"wd-67bf36307ea62\" class=\" wd-rs-67bf36307ea62  wd-button-wrapper text-center\"><a href=\"https:\/\/www.marinigerardi.it\/shop\/categoria-prodotto\/tende\/tende-in-lino\/\" title=\"Tende in Lino Classiche\" class=\"btn btn-style-default btn-shape-rectangle btn-size-default\">Vedi altre Tende in Lino<\/a><\/div>[vc_empty_space woodmart_hide_large=&#8221;0&#8243; woodmart_hide_medium=&#8221;0&#8243; woodmart_hide_small=&#8221;0&#8243;]\n\t\t<div id=\"wd-682f9c0dde477\" class=\"title-wrapper wd-wpb wd-set-mb reset-last-child  wd-rs-682f9c0dde477 wd-title-color-default wd-title-style-bordered text-center  wd-underline-colored\">\n\t\t\t\n\t\t\t<div class=\"liner-continer\">\n\t\t\t\t<h3 class=\"woodmart-title-container title  wd-font-weight-600 wd-fontsize-l\" >Tende Eleganti Classiche con passamaneria in puro lino<\/h3>\n\t\t\t\t\t\t\t<\/div>\n\t\t\t\n\t\t\t\n\t\t\t\n\t\t<\/div>\n\t\t\n\t\t[\/vc_column][\/vc_row][vc_row content_placement=&#8221;middle&#8221; woodmart_bg_position=&#8221;center-bottom&#8221; css=&#8221;.vc_custom_1691568783062{background-color: #f3f3f3 !important;background-position: 0 0 !important;background-repeat: no-repeat !important;}&#8221; el_class=&#8221;mobile-bg-img-hidden&#8221; mobile_bg_img_hidden=&#8221;no&#8221; tablet_bg_img_hidden=&#8221;no&#8221; woodmart_parallax=&#8221;0&#8243; woodmart_gradient_switch=&#8221;no&#8221; row_reverse_mobile=&#8221;0&#8243; row_reverse_tablet=&#8221;0&#8243; woodmart_disable_overflow=&#8221;0&#8243; woodmart_css_id=&#8221;64d34a839940e&#8221; responsive_spacing=&#8221;eyJwYXJhbV90eXBlIjoid29vZG1hcnRfcmVzcG9uc2l2ZV9zcGFjaW5nIiwic2VsZWN0b3JfaWQiOiI2NGQzNGE4Mzk5NDBlIiwic2hvcnRjb2RlIjoidmNfcm93IiwiZGF0YSI6eyJ0YWJsZXQiOnt9LCJtb2JpbGUiOnt9fX0=&#8221; woodmart_box_shadow=&#8221;yes&#8221; wd_box_shadow=&#8221;eyJkZXZpY2VzIjp7ImRlc2t0b3AiOnsiaG9yaXpvbnRhbCI6IjAiLCJ2ZXJ0aWNhbCI6IjAiLCJibHVyIjoiOSIsInNwcmVhZCI6IjAiLCJjb2xvciI6InJnYmEoMCwgMCwgMCwgLjE1KSJ9fX0=&#8221; wd_z_index=&#8221;no&#8221;][vc_column width=&#8221;1\/2&#8243; mobile_bg_img_hidden=&#8221;no&#8221; tablet_bg_img_hidden=&#8221;no&#8221; woodmart_parallax=&#8221;0&#8243; woodmart_sticky_column=&#8221;false&#8221; parallax_scroll=&#8221;no&#8221; mobile_reset_margin=&#8221;no&#8221; tablet_reset_margin=&#8221;no&#8221;][vc_single_image image=&#8221;68041&#8243; img_size=&#8221;full&#8221; alignment=&#8221;center&#8221; onclick=&#8221;link_image&#8221; css=&#8221;&#8221; parallax_scroll=&#8221;no&#8221; woodmart_inline=&#8221;no&#8221;][\/vc_column][vc_column width=&#8221;1\/2&#8243;][vc_single_image image=&#8221;65457&#8243; img_size=&#8221;full&#8221; alignment=&#8221;center&#8221; onclick=&#8221;link_image&#8221; parallax_scroll=&#8221;no&#8221; woodmart_inline=&#8221;no&#8221;][\/vc_column][\/vc_row][vc_row][vc_column]\n\t\t<div id=\"wd-682f9c2172827\" class=\"title-wrapper wd-wpb wd-set-mb reset-last-child  wd-rs-682f9c2172827 wd-title-color-primary wd-title-style-bordered text-center justify  wd-underline-colored\">\n\t\t\t\n\t\t\t<div class=\"liner-continer\">\n\t\t\t\t<h3 class=\"woodmart-title-container title  wd-font-weight-600 wd-fontsize-l\" >CANNOLE Lino 100% - Tende Eleganti Classiche per camera da letto: la raffinatezza che arreda.<\/h3>\n\t\t\t\t\t\t\t<\/div>\n\t\t\t\n\t\t\t\t\t\t\t<div class=\"title-after_title reset-last-child  wd-fontsize-xs\">DESIGN UNICO di Qualit\u00e0<\/div>\n\t\t\t\n\t\t\t\n\t\t<\/div>\n\t\t\n\t\t[\/vc_column][\/vc_row][vc_row][vc_column][vc_column_text css=&#8221;&#8221; text_larger=&#8221;no&#8221; woodmart_inline=&#8221;no&#8221;]Nel mondo Fashion, le Tende Eleganti Classiche si rivelano ancora pi\u00f9 chic quando incarnano la semplicit\u00e0 e l\u2019essenzialit\u00e0. Un soggiorno o una camera da letto impreziositi da tende in lino dal design minimalista diventano pura poesia, un inno all\u2019eleganza e alla semplicit\u00e0. Il lino, con la sua versatilit\u00e0, si presta magnificamente a decorare ambienti di vari stili, trovando una posizione predominante nel panorama dell\u2019interior design contemporaneo.<\/p>\n<p>La nostra tenda &#8220;Cannole&#8221; \u00e8 un&#8217;ode all&#8217;approccio classico ed elegante. Realizzata con un tessuto in puro lino di alta qualit\u00e0 e impreziosita da due fasce di passamaneria create artigianalmente in esclusiva, la trama del tessuto, resa ancora pi\u00f9 raffinata dalla sua trasparenza e delicatezza, infonde nell&#8217;insieme un&#8217;aura di bellezza, piacevolezza ed eleganza senza eguali.[\/vc_column_text][\/vc_column][\/vc_row][vc_row css=&#8221;.vc_custom_1717066631671{background-color: #f3f3f3 !important;}&#8221; woodmart_css_id=&#8221;66585b5fe78f0&#8243; responsive_spacing=&#8221;eyJwYXJhbV90eXBlIjoid29vZG1hcnRfcmVzcG9uc2l2ZV9zcGFjaW5nIiwic2VsZWN0b3JfaWQiOiI2NjU4NWI1ZmU3OGYwIiwic2hvcnRjb2RlIjoidmNfcm93IiwiZGF0YSI6eyJ0YWJsZXQiOnt9LCJtb2JpbGUiOnt9fX0=&#8221; mobile_bg_img_hidden=&#8221;no&#8221; tablet_bg_img_hidden=&#8221;no&#8221; woodmart_parallax=&#8221;0&#8243; woodmart_gradient_switch=&#8221;no&#8221; woodmart_box_shadow=&#8221;no&#8221; wd_z_index=&#8221;no&#8221; woodmart_disable_overflow=&#8221;0&#8243; row_reverse_mobile=&#8221;0&#8243; row_reverse_tablet=&#8221;0&#8243;][vc_column][vc_single_image image=&#8221;68042&#8243; img_size=&#8221;full&#8221; alignment=&#8221;center&#8221; onclick=&#8221;link_image&#8221; css=&#8221;&#8221; parallax_scroll=&#8221;no&#8221; woodmart_inline=&#8221;no&#8221;][\/vc_column][\/vc_row][vc_row][vc_column]\n\t\t<div id=\"wd-682f9c44013ca\" class=\"title-wrapper wd-wpb wd-set-mb reset-last-child  wd-rs-682f9c44013ca wd-title-color-default wd-title-style-bordered text-center  wd-underline-colored\">\n\t\t\t\n\t\t\t<div class=\"liner-continer\">\n\t\t\t\t<h3 class=\"woodmart-title-container title  wd-font-weight-600 wd-fontsize-l\" >Tende Eleganti Classiche<\/h3>\n\t\t\t\t\t\t\t<\/div>\n\t\t\t\n\t\t\t\n\t\t\t\n\t\t<\/div>\n\t\t\n\t\t[vc_column_text css=&#8221;&#8221; text_larger=&#8221;no&#8221; woodmart_inline=&#8221;no&#8221;]Sapete, nel mondo della moda, a volte meno \u00e8 meglio, no? E questo vale anche per le tende!<br \/>\nPensate a una camera da letto o a un soggiorno con delle tende in lino semplici, minimaliste&#8230; non \u00e8 subito un&#8217;altra atmosfera? Elegante, ma senza esagerare.<br \/>\nIl lino poi, diciamocelo, \u00e8 fantastico! Si adatta a tutto, ed \u00e8 sempre di moda.<br \/>\nLa nostra tenda <strong>&#8220;Cannole&#8221;<\/strong> \u00e8 proprio cos\u00ec: classica, elegante, ma senza fronzoli. L&#8217;abbiamo fatta con un lino di prima qualit\u00e0, e vi abbiamo aggiunto due fasce di passamaneria realizzate a mano, proprio per darle quel tocco di Italianit\u00e0 e tradizione in pi\u00f9. La trama del tessuto \u00e8 delicata, trasparente, e lascia passare la luce in un modo&#8230; magico. Insomma, una tenda che ti fa sentire bene, che ti avvolge la tua stanza in un&#8217;atmosfera di eleganza e tranquillit\u00e0.[\/vc_column_text][\/vc_column][\/vc_row][vc_row css=&#8221;.vc_custom_1742938830436{background-color: #F3F3F3 !important;}&#8221; woodmart_css_id=&#8221;67e322b5d35ec&#8221; responsive_spacing=&#8221;eyJwYXJhbV90eXBlIjoid29vZG1hcnRfcmVzcG9uc2l2ZV9zcGFjaW5nIiwic2VsZWN0b3JfaWQiOiI2N2UzMjJiNWQzNWVjIiwic2hvcnRjb2RlIjoidmNfcm93IiwiZGF0YSI6eyJ0YWJsZXQiOnt9LCJtb2JpbGUiOnt9fX0=&#8221; mobile_bg_img_hidden=&#8221;no&#8221; tablet_bg_img_hidden=&#8221;no&#8221; woodmart_parallax=&#8221;0&#8243; woodmart_gradient_switch=&#8221;no&#8221; woodmart_box_shadow=&#8221;no&#8221; wd_z_index=&#8221;no&#8221; woodmart_disable_overflow=&#8221;0&#8243; row_reverse_mobile=&#8221;0&#8243; row_reverse_tablet=&#8221;0&#8243;][vc_column width=&#8221;1\/2&#8243;][vc_single_image image=&#8221;68047&#8243; img_size=&#8221;large&#8221; alignment=&#8221;center&#8221; onclick=&#8221;link_image&#8221; css=&#8221;&#8221; parallax_scroll=&#8221;no&#8221; woodmart_inline=&#8221;no&#8221;][\/vc_column][vc_column width=&#8221;1\/2&#8243;][vc_single_image image=&#8221;68046&#8243; img_size=&#8221;large&#8221; alignment=&#8221;center&#8221; onclick=&#8221;link_image&#8221; css=&#8221;&#8221; parallax_scroll=&#8221;no&#8221; woodmart_inline=&#8221;no&#8221;][\/vc_column][\/vc_row][vc_row][vc_column]\n\t\t<div id=\"wd-682f9c5890ea6\" class=\"title-wrapper wd-wpb wd-set-mb reset-last-child  wd-rs-682f9c5890ea6 wd-title-color-primary wd-title-style-bordered text-center justify  wd-underline-colored\">\n\t\t\t\n\t\t\t<div class=\"liner-continer\">\n\t\t\t\t<h3 class=\"woodmart-title-container title  wd-font-weight-600 wd-fontsize-l\" >Dal minimalismo alla creativit\u00e0: scegli Tende Eleganti Classiche che riflettono il tuo stile!<\/h3>\n\t\t\t\t\t\t\t<\/div>\n\t\t\t\n\t\t\t\t\t\t\t<div class=\"title-after_title reset-last-child  wd-fontsize-xs\">Foto: Soluzioni pratiche e idee di arredo interni da copiare o a cui ispirarsi.<\/div>\n\t\t\t\n\t\t\t\n\t\t<\/div>\n\t\t\n\t\t[\/vc_column][\/vc_row]<\/p>\n<\/div>","protected":false},"excerpt":{"rendered":"<p>Scopri la tenda<strong> &#8220;Cannole&#8221;<\/strong> in puro lino, arricchita da fasce di passamaneria artigianale. Perfetta per aggiungere un tocco di <strong>eleganza classica<\/strong> alla tua camera da letto. Approfitta ora e dona raffinatezza senza tempo al tuo ambiente!<br \/>\n<strong>N.B. Tende Eleganti Classiche in Edizione limitata<\/strong><\/p>\n","protected":false},"featured_media":68037,"template":"","meta":[],"product_brand":[],"product_cat":[1501,3093,3106,62,3249,3582,3581],"product_tag":[2285,2829,2828,64,2877,2879],"class_list":{"0":"post-68036","1":"product","2":"type-product","3":"status-publish","4":"has-post-thumbnail","6":"product_cat-tende","7":"product_cat-tende-classiche","8":"product_cat-tende-da-interni","9":"product_cat-tende-in-lino","10":"product_cat-tende-interno","11":"product_cat-tende-lino","12":"product_cat-tende-su-misura","13":"product_tag-tende","14":"product_tag-tende-classiche","15":"product_tag-tende-classiche-eleganti","16":"product_tag-tende-di-lino","17":"product_tag-tende-in-lino","18":"product_tag-tende-in-puro-lino","20":"first","21":"instock","22":"taxable","23":"shipping-taxable","24":"purchasable","25":"product-type-simple"},"_links":{"self":[{"href":"https:\/\/www.marinigerardi.it\/shop\/wp-json\/wp\/v2\/product\/68036","targetHints":{"allow":["GET"]}}],"collection":[{"href":"https:\/\/www.marinigerardi.it\/shop\/wp-json\/wp\/v2\/product"}],"about":[{"href":"https:\/\/www.marinigerardi.it\/shop\/wp-json\/wp\/v2\/types\/product"}],"wp:featuredmedia":[{"embeddable":true,"href":"https:\/\/www.marinigerardi.it\/shop\/wp-json\/wp\/v2\/media\/68037"}],"wp:attachment":[{"href":"https:\/\/www.marinigerardi.it\/shop\/wp-json\/wp\/v2\/media?parent=68036"}],"wp:term":[{"taxonomy":"product_brand","embeddable":true,"href":"https:\/\/www.marinigerardi.it\/shop\/wp-json\/wp\/v2\/product_brand?post=68036"},{"taxonomy":"product_cat","embeddable":true,"href":"https:\/\/www.marinigerardi.it\/shop\/wp-json\/wp\/v2\/product_cat?post=68036"},{"taxonomy":"product_tag","embeddable":true,"href":"https:\/\/www.marinigerardi.it\/shop\/wp-json\/wp\/v2\/product_tag?post=68036"}],"curies":[{"name":"wp","href":"https:\/\/api.w.org\/{rel}","templated":true}]}}