{"id":67818,"date":"2024-05-26T13:06:25","date_gmt":"2024-05-26T13:06:25","guid":{"rendered":"https:\/\/www.marinigerardi.it\/shop\/?post_type=product&#038;p=67818"},"modified":"2026-02-21T23:33:04","modified_gmt":"2026-02-21T23:33:04","slug":"tende-da-salotto-moderne","status":"publish","type":"product","link":"https:\/\/www.marinigerardi.it\/shop\/prodotto\/tende-da-salotto-moderne\/","title":{"rendered":"FEDELT\u00c0 = PASSIONE &#8211; Tende da Salotto Moderne in Lino Soluzioni Arredo Interni con foto"},"content":{"rendered":"<div class=\"wpb-content-wrapper\"><p>[vc_row equal_height=&#8221;yes&#8221; mobile_bg_img_hidden=&#8221;no&#8221; tablet_bg_img_hidden=&#8221;no&#8221; woodmart_parallax=&#8221;0&#8243; woodmart_gradient_switch=&#8221;no&#8221; row_reverse_mobile=&#8221;0&#8243; row_reverse_tablet=&#8221;0&#8243; woodmart_disable_overflow=&#8221;0&#8243;][vc_column offset=&#8221;vc_col-lg-6 vc_col-md-6&#8243; mobile_bg_img_hidden=&#8221;no&#8221; tablet_bg_img_hidden=&#8221;no&#8221; woodmart_parallax=&#8221;0&#8243; woodmart_sticky_column=&#8221;false&#8221; parallax_scroll=&#8221;no&#8221; mobile_reset_margin=&#8221;no&#8221; tablet_reset_margin=&#8221;no&#8221; css=&#8221;.vc_custom_1613071403480{margin-top: 0px !important;}&#8221;]\n\t\t<div id=\"wd-699a400a0b0d2\" class=\"title-wrapper wd-wpb wd-set-mb reset-last-child  wd-rs-699a400a0b0d2 wd-title-color-primary wd-title-style-bordered text-left vc_custom_1771716620980 wd-underline-colored\">\n\t\t\t\n\t\t\t<div class=\"liner-continer\">\n\t\t\t\t<h2 class=\"woodmart-title-container title  wd-font-weight- wd-fontsize-l\" >FEDELT\u00c0 = PASSIONE - Tende da Salotto Moderne in Lino Soluzioni Arredo Interni a portata di clic<\/h2>\n\t\t\t\t\t\t\t<\/div>\n\t\t\t\n\t\t\t\n\t\t\t\n\t\t<\/div>\n\t\t\n\t\t[vc_column_text css=&#8221;&#8221; text_larger=&#8221;no&#8221; woodmart_inline=&#8221;no&#8221;]<\/p>\n<p style=\"text-align: justify;\">Trasforma il tuo salotto in un&#8217;oasi di eleganza e comfort con le tende moderne in lino di Marini&amp;Gerardi. La nostra collezione rappresenta la sintesi perfetta tra stile e funzionalit\u00e0, offrendo soluzioni d&#8217;arredo che incarnano semplicit\u00e0, carattere e unicit\u00e0. Per un design d&#8217;interni eccezionale, \u00e8 fondamentale scegliere i materiali giusti: ecco perch\u00e9 le nostre tende sono realizzate in lino puro al 100%, una fibra naturale che conserva la sua bellezza e resistenza nel tempo.<\/p>\n<p>[\/vc_column_text][vc_tta_accordion title_tag=&#8221;h3&#8243; section_title_tag=&#8221;h3&#8243; active_section=&#8221;&#8221; collapsible_all=&#8221;true&#8221;][vc_tta_section title=&#8221;Info &amp; Scheda Prodotto&#8221; tab_id=&#8221;1771716492972-26c2041d-5a16&#8243;]\t\t<div id=\"wd-699a3fa0c3f2b\" class=\"wd-text-block wd-wpb reset-last-child wd-rs-699a3fa0c3f2b text-left \">\n\t\t\t<ul>\n<li><a href=\"https:\/\/www.marinigerardi.it\/shop\/prodotto\/tende-da-salotto-moderne\/\">Tende da salotto moderne<\/a> in tessuto di LINO ITALIANO PURISSIO 115 gr. m\u00b2.;<\/li>\n<li>Top Asole a vista, con anelli, a scomparsa o con arricciatende.<\/li>\n<\/ul>\n<p><strong>Per informazioni<\/strong>, si prega d\u2019inviare mail <strong>assistenza@marinigerardi.it<\/strong><\/p>\n\t\t<\/div>\n\t\t[\/vc_tta_section][\/vc_tta_accordion][\/vc_column][vc_column css=&#8221;.vc_custom_1612434787067{background-position: center !important;background-repeat: no-repeat !important;background-size: cover !important;}&#8221; offset=&#8221;vc_col-lg-6 vc_col-md-6&#8243; mobile_bg_img_hidden=&#8221;no&#8221; tablet_bg_img_hidden=&#8221;no&#8221; woodmart_parallax=&#8221;0&#8243; woodmart_sticky_column=&#8221;false&#8221; parallax_scroll=&#8221;no&#8221; mobile_reset_margin=&#8221;no&#8221; tablet_reset_margin=&#8221;no&#8221;][vc_single_image image=&#8221;58599&#8243; img_size=&#8221;full&#8221; alignment=&#8221;center&#8221; onclick=&#8221;link_image&#8221; css=&#8221;&#8221; parallax_scroll=&#8221;no&#8221; woodmart_inline=&#8221;no&#8221;][\/vc_column][\/vc_row][vc_row][vc_column][vc_text_separator title=&#8221;&#8221; css=&#8221;.vc_custom_1771716628990{margin-top: 20px !important;margin-bottom: 20px !important;}&#8221;]\n\t\t<div id=\"wd-699a40231c3e9\" class=\"title-wrapper wd-wpb wd-set-mb reset-last-child  wd-rs-699a40231c3e9 wd-title-color-primary wd-title-style-bordered text-center justify  wd-underline-colored\">\n\t\t\t\n\t\t\t<div class=\"liner-continer\">\n\t\t\t\t<h3 class=\"woodmart-title-container title  wd-font-weight- wd-fontsize-l\" >FEDELT\u00c0 = PASSIONE - Tende da Salotto Moderne in Lino con Soluzioni Pratiche e Tipologie di Arredo Interni da vedere<\/h3>\n\t\t\t\t\t\t\t<\/div>\n\t\t\t\n\t\t\t\t\t\t\t<div class=\"title-after_title reset-last-child  wd-fontsize-xs\">Abbraccia uno stile eco-friendly con le nostre tende in lino.<\/div>\n\t\t\t\n\t\t\t\n\t\t<\/div>\n\t\t\n\t\t[\/vc_column][\/vc_row][vc_row content_placement=&#8221;middle&#8221; woodmart_bg_position=&#8221;center-bottom&#8221; css=&#8221;.vc_custom_1698948136618{padding-right: 30px !important;padding-left: 30px !important;background-color: #f3f3f3 !important;background-position: 0 0 !important;background-repeat: no-repeat !important;}&#8221; el_class=&#8221;mobile-bg-img-hidden&#8221; mobile_bg_img_hidden=&#8221;no&#8221; tablet_bg_img_hidden=&#8221;no&#8221; woodmart_parallax=&#8221;0&#8243; woodmart_gradient_switch=&#8221;no&#8221; row_reverse_mobile=&#8221;0&#8243; row_reverse_tablet=&#8221;0&#8243; woodmart_disable_overflow=&#8221;0&#8243; woodmart_css_id=&#8221;6543e41c5be97&#8243; responsive_spacing=&#8221;eyJwYXJhbV90eXBlIjoid29vZG1hcnRfcmVzcG9uc2l2ZV9zcGFjaW5nIiwic2VsZWN0b3JfaWQiOiI2NTQzZTQxYzViZTk3Iiwic2hvcnRjb2RlIjoidmNfcm93IiwiZGF0YSI6eyJ0YWJsZXQiOnt9LCJtb2JpbGUiOnt9fX0=&#8221; woodmart_box_shadow=&#8221;yes&#8221; wd_z_index=&#8221;no&#8221; wd_box_shadow=&#8221;eyJkZXZpY2VzIjp7ImRlc2t0b3AiOnsiaG9yaXpvbnRhbCI6IjAiLCJ2ZXJ0aWNhbCI6IjAiLCJibHVyIjoiOSIsInNwcmVhZCI6IjAiLCJjb2xvciI6InJnYmEoMCwgMCwgMCwgLjE1KSJ9fX0=&#8221;][vc_column width=&#8221;1\/2&#8243; mobile_bg_img_hidden=&#8221;no&#8221; tablet_bg_img_hidden=&#8221;no&#8221; woodmart_parallax=&#8221;0&#8243; woodmart_sticky_column=&#8221;false&#8221; parallax_scroll=&#8221;no&#8221; mobile_reset_margin=&#8221;no&#8221; tablet_reset_margin=&#8221;no&#8221;][vc_single_image image=&#8221;58593&#8243; img_size=&#8221;large&#8221; alignment=&#8221;center&#8221; onclick=&#8221;link_image&#8221; parallax_scroll=&#8221;no&#8221; woodmart_inline=&#8221;no&#8221;][\/vc_column][vc_column width=&#8221;1\/2&#8243;][vc_single_image image=&#8221;58598&#8243; img_size=&#8221;full&#8221; add_caption=&#8221;yes&#8221; alignment=&#8221;center&#8221; onclick=&#8221;link_image&#8221; parallax_scroll=&#8221;no&#8221; woodmart_inline=&#8221;no&#8221;][\/vc_column][\/vc_row][vc_row][vc_column]\n\t\t<div id=\"wd-699a40435090f\" class=\"title-wrapper wd-wpb wd-set-mb reset-last-child  wd-rs-699a40435090f wd-title-color-primary wd-title-style-bordered text-center justify  wd-underline-colored\">\n\t\t\t\n\t\t\t<div class=\"liner-continer\">\n\t\t\t\t<h3 class=\"woodmart-title-container title  wd-font-weight- wd-fontsize-l\" >Tende da Salotto Moderne in Lino Stile e sostenibilit\u00e0, un connubio perfetto per il tuo arredo.<\/h3>\n\t\t\t\t\t\t\t<\/div>\n\t\t\t\n\t\t\t\t\t\t\t<div class=\"title-after_title reset-last-child  wd-fontsize-xs\">MOLTO DI PI\u00f9 DI UNA TENDA! Una Bellezza Preziosa e senza tempo.<\/div>\n\t\t\t\n\t\t\t\n\t\t<\/div>\n\t\t\n\t\t[\/vc_column][\/vc_row][vc_row content_placement=&#8221;middle&#8221; woodmart_bg_position=&#8221;center-bottom&#8221; css=&#8221;.vc_custom_1698948034026{background-color: #f3f3f3 !important;background-position: 0 0 !important;background-repeat: no-repeat !important;}&#8221; el_class=&#8221;mobile-bg-img-hidden&#8221; mobile_bg_img_hidden=&#8221;no&#8221; tablet_bg_img_hidden=&#8221;no&#8221; woodmart_parallax=&#8221;0&#8243; woodmart_gradient_switch=&#8221;no&#8221; row_reverse_mobile=&#8221;0&#8243; row_reverse_tablet=&#8221;0&#8243; woodmart_disable_overflow=&#8221;0&#8243; woodmart_css_id=&#8221;6543e3b78395f&#8221; responsive_spacing=&#8221;eyJwYXJhbV90eXBlIjoid29vZG1hcnRfcmVzcG9uc2l2ZV9zcGFjaW5nIiwic2VsZWN0b3JfaWQiOiI2NTQzZTNiNzgzOTVmIiwic2hvcnRjb2RlIjoidmNfcm93IiwiZGF0YSI6eyJ0YWJsZXQiOnt9LCJtb2JpbGUiOnt9fX0=&#8221; woodmart_box_shadow=&#8221;yes&#8221; wd_box_shadow=&#8221;eyJkZXZpY2VzIjp7ImRlc2t0b3AiOnsiaG9yaXpvbnRhbCI6IjAiLCJ2ZXJ0aWNhbCI6IjAiLCJibHVyIjoiOSIsInNwcmVhZCI6IjAiLCJjb2xvciI6InJnYmEoMCwgMCwgMCwgLjE1KSJ9fX0=&#8221; wd_z_index=&#8221;no&#8221;][vc_column width=&#8221;1\/2&#8243; mobile_bg_img_hidden=&#8221;no&#8221; tablet_bg_img_hidden=&#8221;no&#8221; woodmart_parallax=&#8221;0&#8243; woodmart_sticky_column=&#8221;false&#8221; parallax_scroll=&#8221;no&#8221; mobile_reset_margin=&#8221;no&#8221; tablet_reset_margin=&#8221;no&#8221;][vc_single_image image=&#8221;67853&#8243; img_size=&#8221;large&#8221; alignment=&#8221;center&#8221; onclick=&#8221;link_image&#8221; css=&#8221;&#8221; parallax_scroll=&#8221;no&#8221; woodmart_inline=&#8221;no&#8221;][\/vc_column][vc_column width=&#8221;1\/2&#8243;][vc_single_image image=&#8221;67851&#8243; img_size=&#8221;large&#8221; alignment=&#8221;center&#8221; onclick=&#8221;link_image&#8221; css=&#8221;&#8221; parallax_scroll=&#8221;no&#8221; woodmart_inline=&#8221;no&#8221;][\/vc_column][\/vc_row][vc_row][vc_column]\n\t\t<div id=\"wd-699a4069eb42f\" class=\"title-wrapper wd-wpb wd-set-mb reset-last-child  wd-rs-699a4069eb42f wd-title-color-primary wd-title-style-bordered text-left justify  wd-underline-colored\">\n\t\t\t\n\t\t\t<div class=\"liner-continer\">\n\t\t\t\t<h3 class=\"woodmart-title-container title  wd-font-weight- wd-fontsize-l\" >Tende da Salotto Moderne<\/h3>\n\t\t\t\t\t\t\t<\/div>\n\t\t\t\n\t\t\t\n\t\t\t\n\t\t<\/div>\n\t\t\n\t\t\t\t<div id=\"wd-665454a36f01b\" class=\"wd-text-block wd-wpb reset-last-child wd-rs-665454a36f01b text-left \">\n\t\t\t<h4><strong>La raffinatezza del lino, l&#8217;autenticit\u00e0 del design.<\/strong><\/h4>\n<p>Le tende Marini&amp;Gerardi non sono solo un elemento decorativo, ma un modo per abbracciare uno stile di vita sostenibile. Progettate per durare, combinano eleganza e eco-compatibilit\u00e0, adattandosi perfettamente a qualsiasi tipo di arredamento. Ideali per creare un&#8217;atmosfera accogliente e sofisticata, le nostre tende in lino si integrano armoniosamente in ogni ambiente, dal classico al moderno.<\/p>\n\t\t<\/div>\n\t\t[\/vc_column][\/vc_row][vc_row content_placement=&#8221;middle&#8221; woodmart_bg_position=&#8221;center-bottom&#8221; css=&#8221;.vc_custom_1698948034026{background-color: #f3f3f3 !important;background-position: 0 0 !important;background-repeat: no-repeat !important;}&#8221; el_class=&#8221;mobile-bg-img-hidden&#8221; mobile_bg_img_hidden=&#8221;no&#8221; tablet_bg_img_hidden=&#8221;no&#8221; woodmart_parallax=&#8221;0&#8243; woodmart_gradient_switch=&#8221;no&#8221; row_reverse_mobile=&#8221;0&#8243; row_reverse_tablet=&#8221;0&#8243; woodmart_disable_overflow=&#8221;0&#8243; woodmart_css_id=&#8221;6543e3b78395f&#8221; responsive_spacing=&#8221;eyJwYXJhbV90eXBlIjoid29vZG1hcnRfcmVzcG9uc2l2ZV9zcGFjaW5nIiwic2VsZWN0b3JfaWQiOiI2NTQzZTNiNzgzOTVmIiwic2hvcnRjb2RlIjoidmNfcm93IiwiZGF0YSI6eyJ0YWJsZXQiOnt9LCJtb2JpbGUiOnt9fX0=&#8221; woodmart_box_shadow=&#8221;yes&#8221; wd_box_shadow=&#8221;eyJkZXZpY2VzIjp7ImRlc2t0b3AiOnsiaG9yaXpvbnRhbCI6IjAiLCJ2ZXJ0aWNhbCI6IjAiLCJibHVyIjoiOSIsInNwcmVhZCI6IjAiLCJjb2xvciI6InJnYmEoMCwgMCwgMCwgLjE1KSJ9fX0=&#8221; wd_z_index=&#8221;no&#8221;][vc_column width=&#8221;1\/3&#8243; mobile_bg_img_hidden=&#8221;no&#8221; tablet_bg_img_hidden=&#8221;no&#8221; woodmart_parallax=&#8221;0&#8243; woodmart_sticky_column=&#8221;false&#8221; parallax_scroll=&#8221;no&#8221; mobile_reset_margin=&#8221;no&#8221; tablet_reset_margin=&#8221;no&#8221;][vc_single_image image=&#8221;67855&#8243; img_size=&#8221;large&#8221; alignment=&#8221;center&#8221; onclick=&#8221;link_image&#8221; css=&#8221;&#8221; parallax_scroll=&#8221;no&#8221; woodmart_inline=&#8221;no&#8221;][\/vc_column][vc_column width=&#8221;1\/3&#8243;][vc_single_image image=&#8221;67854&#8243; img_size=&#8221;large&#8221; alignment=&#8221;center&#8221; onclick=&#8221;link_image&#8221; css=&#8221;&#8221; parallax_scroll=&#8221;no&#8221; woodmart_inline=&#8221;no&#8221;][\/vc_column][vc_column width=&#8221;1\/3&#8243;][vc_single_image image=&#8221;67816&#8243; img_size=&#8221;large&#8221; alignment=&#8221;center&#8221; onclick=&#8221;link_image&#8221; css=&#8221;&#8221; parallax_scroll=&#8221;no&#8221; woodmart_inline=&#8221;no&#8221;][\/vc_column][\/vc_row][vc_row][vc_column]\t\t<div id=\"wd-665454e546c51\" class=\"wd-text-block wd-wpb reset-last-child wd-rs-665454e546c51 text-left \">\n\t\t\t<p>Per ispirarti e guidarti nella scelta della soluzione pi\u00f9 adatta al tuo salotto, abbiamo creato una galleria fotografica ricca di idee e suggerimenti. Esplora le nostre proposte e scopri come le tende Marini&amp;Gerardi possono trasformare il tuo spazio abitativo con un tocco di stile inimitabile.<\/p>\n<p><strong>Orgogliosamente \u201cPuro Lino Made in Italy\u201d | Certificato \u201cMaster Of Linen\u201d per garantire la massima qualit\u00e0 del lino europeo.<\/strong><\/p>\n<p>Lasciati sedurre dalla qualit\u00e0 e dall&#8217;eleganza delle nostre tende e rendi la tua casa un luogo di raffinata bellezza e comfort.<\/p>\n\t\t<\/div>\n\t\t[\/vc_column][\/vc_row]<\/p>\n<\/div>","protected":false},"excerpt":{"rendered":"<p style=\"text-align: justify;\"><strong>FEDELT\u00c0 = PASSIONE<\/strong> per un prodotto Bello e speciale realizzato in &#8220;LINO PURISSIMO&#8221;, dalle trasparenze delicate che creano un&#8217;atmosfera accogliente e una luce dolcissima e fresca in ogni stagione. Queste Tende da Salotto Moderne di grande classe aggiungono fascino e texture ad ambienti moderni, rendendoli ancora pi\u00f9 eleganti e raffinati.<\/p>\n","protected":false},"featured_media":67840,"template":"","meta":[],"product_brand":[],"product_cat":[3106,3689,62,3582,3060,3632,3581],"product_tag":[2877,2521,547],"class_list":{"0":"post-67818","1":"product","2":"type-product","3":"status-publish","4":"has-post-thumbnail","6":"product_cat-tende-da-interni","7":"product_cat-tende-di-lino","8":"product_cat-tende-in-lino","9":"product_cat-tende-lino","10":"product_cat-tende-moderne","11":"product_cat-tende-online-su-misura","12":"product_cat-tende-su-misura","13":"product_tag-tende-in-lino","14":"product_tag-tende-interne-moderne","15":"product_tag-tende-moderne","17":"first","18":"instock","19":"taxable","20":"shipping-taxable","21":"purchasable","22":"product-type-simple"},"_links":{"self":[{"href":"https:\/\/www.marinigerardi.it\/shop\/wp-json\/wp\/v2\/product\/67818","targetHints":{"allow":["GET"]}}],"collection":[{"href":"https:\/\/www.marinigerardi.it\/shop\/wp-json\/wp\/v2\/product"}],"about":[{"href":"https:\/\/www.marinigerardi.it\/shop\/wp-json\/wp\/v2\/types\/product"}],"wp:featuredmedia":[{"embeddable":true,"href":"https:\/\/www.marinigerardi.it\/shop\/wp-json\/wp\/v2\/media\/67840"}],"wp:attachment":[{"href":"https:\/\/www.marinigerardi.it\/shop\/wp-json\/wp\/v2\/media?parent=67818"}],"wp:term":[{"taxonomy":"product_brand","embeddable":true,"href":"https:\/\/www.marinigerardi.it\/shop\/wp-json\/wp\/v2\/product_brand?post=67818"},{"taxonomy":"product_cat","embeddable":true,"href":"https:\/\/www.marinigerardi.it\/shop\/wp-json\/wp\/v2\/product_cat?post=67818"},{"taxonomy":"product_tag","embeddable":true,"href":"https:\/\/www.marinigerardi.it\/shop\/wp-json\/wp\/v2\/product_tag?post=67818"}],"curies":[{"name":"wp","href":"https:\/\/api.w.org\/{rel}","templated":true}]}}