{"id":67730,"date":"2024-05-24T19:17:06","date_gmt":"2024-05-24T19:17:06","guid":{"rendered":"https:\/\/www.marinigerardi.it\/shop\/?post_type=product&#038;p=67730"},"modified":"2026-01-29T12:19:35","modified_gmt":"2026-01-29T12:19:35","slug":"tende-soggiorno-eleganti","status":"publish","type":"product","link":"https:\/\/www.marinigerardi.it\/shop\/prodotto\/tende-soggiorno-eleganti\/","title":{"rendered":"Don Carlos 2026 &#8211; Tende Soggiorno Eleganti in lino 100% Italiano"},"content":{"rendered":"<div class=\"wpb-content-wrapper\"><p>[vc_row equal_height=&#8221;yes&#8221; mobile_bg_img_hidden=&#8221;no&#8221; tablet_bg_img_hidden=&#8221;no&#8221; woodmart_parallax=&#8221;0&#8243; woodmart_gradient_switch=&#8221;no&#8221; row_reverse_mobile=&#8221;0&#8243; row_reverse_tablet=&#8221;0&#8243; woodmart_disable_overflow=&#8221;0&#8243;][vc_column offset=&#8221;vc_col-lg-6 vc_col-md-6&#8243; mobile_bg_img_hidden=&#8221;no&#8221; tablet_bg_img_hidden=&#8221;no&#8221; woodmart_parallax=&#8221;0&#8243; woodmart_sticky_column=&#8221;false&#8221; parallax_scroll=&#8221;no&#8221; mobile_reset_margin=&#8221;no&#8221; tablet_reset_margin=&#8221;no&#8221; css=&#8221;.vc_custom_1613071403480{margin-top: 0px !important;}&#8221;]\n\t\t<div id=\"wd-697b4df65019d\" class=\"title-wrapper wd-wpb wd-set-mb reset-last-child  wd-rs-697b4df65019d wd-title-color-primary wd-title-style-bordered text-left vc_custom_1769688569608 wd-underline-colored\">\n\t\t\t\n\t\t\t<div class=\"liner-continer\">\n\t\t\t\t<h2 class=\"woodmart-title-container title  wd-font-weight- wd-fontsize-l\" >Tende Soggiorno Eleganti in lino 100% Italiano - Fascino e Modernit\u00e0 in Ogni Finestra con Don Carlos.<\/h2>\n\t\t\t\t\t\t\t<\/div>\n\t\t\t\n\t\t\t\n\t\t\t\n\t\t<\/div>\n\t\t\n\t\t[vc_column_text css=&#8221;&#8221; text_larger=&#8221;no&#8221; woodmart_inline=&#8221;no&#8221;]<\/p>\n<h3>Scopri l&#8217;Eleganza Senza Tempo della Collezione 2026<\/h3>\n<p>Benvenuti nella raffinata collezione di tende soggiorno eleganti in lino 100% italiano Don Carlos. Il nostro impegno per la qualit\u00e0 e l&#8217;artigianalit\u00e0 si riflette in ogni dettaglio di queste splendide tende, pensate per donare un tocco di eleganza e modernit\u00e0 alla tua casa.[\/vc_column_text][vc_tta_accordion title_tag=&#8221;h3&#8243; section_title_tag=&#8221;h3&#8243; active_section=&#8221;&#8221; collapsible_all=&#8221;true&#8221;][vc_tta_section title=&#8221;Info &amp; Scheda Prodotto&#8221; tab_id=&#8221;1769688462077-59d9ebf8-0c06&#8243;]\t\t<div id=\"wd-697b4e0af02b0\" class=\"wd-text-block wd-wpb reset-last-child wd-rs-697b4e0af02b0 text-left \">\n\t\t\t<ul>\n<li><a href=\"https:\/\/www.marinigerardi.it\/shop\/prodotto\/tende-soggiorno-eleganti\/\">Tende soggiorno<\/a> in tessuto LINO LISCIO ITALIANO PURISSIMO 115 gr. m\u00b2.;<\/li>\n<li>Tessuti in Combinazione di Lino stropicciato e Lino garzato;<\/li>\n<li>Top Asole a vista, con anelli, a scomparsa o con arricciatende.<\/li>\n<\/ul>\n<p><strong>Per informazioni e misure speciali<\/strong>, si prega d\u2019inviare mail <strong>assistenza@marinigerardi.it<\/strong><\/p>\n\t\t<\/div>\n\t\t[\/vc_tta_section][\/vc_tta_accordion][\/vc_column][vc_column css=&#8221;.vc_custom_1612434787067{background-position: center !important;background-repeat: no-repeat !important;background-size: cover !important;}&#8221; offset=&#8221;vc_col-lg-6 vc_col-md-6&#8243; mobile_bg_img_hidden=&#8221;no&#8221; tablet_bg_img_hidden=&#8221;no&#8221; woodmart_parallax=&#8221;0&#8243; woodmart_sticky_column=&#8221;false&#8221; parallax_scroll=&#8221;no&#8221; mobile_reset_margin=&#8221;no&#8221; tablet_reset_margin=&#8221;no&#8221;][vc_single_image image=&#8221;67741&#8243; img_size=&#8221;large&#8221; alignment=&#8221;center&#8221; onclick=&#8221;link_image&#8221; css=&#8221;&#8221; parallax_scroll=&#8221;no&#8221; woodmart_inline=&#8221;no&#8221;][\/vc_column][\/vc_row][vc_row][vc_column]\n\t\t<div id=\"wd-697b4ea6e00f8\" class=\"title-wrapper wd-wpb wd-set-mb reset-last-child  wd-rs-697b4ea6e00f8 wd-title-color-primary wd-title-style-bordered text-center justify  wd-underline-colored\">\n\t\t\t\n\t\t\t<div class=\"liner-continer\">\n\t\t\t\t<h3 class=\"woodmart-title-container title  wd-font-weight- wd-fontsize-l\" >Tende Soggiorno Eleganti in lino 100% Italiano Don Carlos: Raffinatezza Italiana, Stile Inimitabile.<\/h3>\n\t\t\t\t\t\t\t<\/div>\n\t\t\t\n\t\t\t\t\t\t\t<div class=\"title-after_title reset-last-child  wd-fontsize-xs\">Design d'interni che fanno la differenza: prendi spunto dalle nostre idee!<\/div>\n\t\t\t\n\t\t\t\n\t\t<\/div>\n\t\t\n\t\t[\/vc_column][\/vc_row][vc_row content_placement=&#8221;middle&#8221; woodmart_bg_position=&#8221;center-bottom&#8221; css=&#8221;.vc_custom_1698948136618{padding-right: 30px !important;padding-left: 30px !important;background-color: #f3f3f3 !important;background-position: 0 0 !important;background-repeat: no-repeat !important;}&#8221; el_class=&#8221;mobile-bg-img-hidden&#8221; mobile_bg_img_hidden=&#8221;no&#8221; tablet_bg_img_hidden=&#8221;no&#8221; woodmart_parallax=&#8221;0&#8243; woodmart_gradient_switch=&#8221;no&#8221; row_reverse_mobile=&#8221;0&#8243; row_reverse_tablet=&#8221;0&#8243; woodmart_disable_overflow=&#8221;0&#8243; woodmart_css_id=&#8221;6543e41c5be97&#8243; responsive_spacing=&#8221;eyJwYXJhbV90eXBlIjoid29vZG1hcnRfcmVzcG9uc2l2ZV9zcGFjaW5nIiwic2VsZWN0b3JfaWQiOiI2NTQzZTQxYzViZTk3Iiwic2hvcnRjb2RlIjoidmNfcm93IiwiZGF0YSI6eyJ0YWJsZXQiOnt9LCJtb2JpbGUiOnt9fX0=&#8221; woodmart_box_shadow=&#8221;yes&#8221; wd_z_index=&#8221;no&#8221; wd_box_shadow=&#8221;eyJkZXZpY2VzIjp7ImRlc2t0b3AiOnsiaG9yaXpvbnRhbCI6IjAiLCJ2ZXJ0aWNhbCI6IjAiLCJibHVyIjoiOSIsInNwcmVhZCI6IjAiLCJjb2xvciI6InJnYmEoMCwgMCwgMCwgLjE1KSJ9fX0=&#8221;][vc_column width=&#8221;1\/2&#8243; mobile_bg_img_hidden=&#8221;no&#8221; tablet_bg_img_hidden=&#8221;no&#8221; woodmart_parallax=&#8221;0&#8243; woodmart_sticky_column=&#8221;false&#8221; parallax_scroll=&#8221;no&#8221; mobile_reset_margin=&#8221;no&#8221; tablet_reset_margin=&#8221;no&#8221;][vc_single_image image=&#8221;67740&#8243; img_size=&#8221;large&#8221; alignment=&#8221;center&#8221; onclick=&#8221;link_image&#8221; css=&#8221;&#8221; parallax_scroll=&#8221;no&#8221; woodmart_inline=&#8221;no&#8221;][\/vc_column][vc_column width=&#8221;1\/2&#8243;][vc_single_image image=&#8221;67739&#8243; img_size=&#8221;large&#8221; alignment=&#8221;center&#8221; onclick=&#8221;link_image&#8221; css=&#8221;&#8221; parallax_scroll=&#8221;no&#8221; woodmart_inline=&#8221;no&#8221;][\/vc_column][\/vc_row][vc_row][vc_column]\n\t\t<div id=\"wd-697b4e9d188cd\" class=\"title-wrapper wd-wpb wd-set-mb reset-last-child  wd-rs-697b4e9d188cd wd-title-color-primary wd-title-style-default text-center justify  wd-underline-colored\">\n\t\t\t\n\t\t\t<div class=\"liner-continer\">\n\t\t\t\t<h3 class=\"woodmart-title-container title  wd-font-weight- wd-fontsize-l\" >Tende Soggiorno Eleganti in lino 100% Italiano Don Carlos: Dove Tradizione e Modernit\u00e0 Si Incontrano.<\/h3>\n\t\t\t\t\t\t\t<\/div>\n\t\t\t\n\t\t\t\t\t\t\t<div class=\"title-after_title reset-last-child  wd-fontsize-xs\">MOLTO DI PI\u00f9 DI UNA TENDA! Una Bellezza Preziosa e senza tempo.<\/div>\n\t\t\t\n\t\t\t\n\t\t<\/div>\n\t\t\n\t\t[vc_column_text css=&#8221;&#8221; text_larger=&#8221;no&#8221; woodmart_inline=&#8221;no&#8221;]<\/p>\n<h3>Caratteristiche Principali<\/h3>\n<ul>\n<li><strong>Materiale Pregiato<\/strong>: Realizzate con lino 100% italiano, le nostre tende combinano la bellezza naturale del lino con la durabilit\u00e0 e la raffinatezza che solo i tessuti di alta qualit\u00e0 possono offrire.<\/li>\n<li><strong>Collezione 2025<\/strong>: Esplora una vasta gamma di colori e stili, accuratamente selezionati per la nuova collezione. Trova la tonalit\u00e0 perfetta che si adatta al tuo arredamento e al tuo gusto personale.<\/li>\n<li><strong>Semplicit\u00e0 in Arredo<\/strong>: Le tende Don Carlos rappresentano la pura bellezza della semplicit\u00e0. Ogni tenda \u00e8 progettata per valorizzare il tuo spazio abitativo, creando un ambiente accogliente e sofisticato.<\/li>\n<li><strong>Tessuti Esclusivi<\/strong>: I nostri tessuti sono scelti con cura per garantire un aspetto elegante e una texture piacevole al tatto, rendendo ogni tenda una vera e propria opera d&#8217;arte per i tuoi interni.<\/li>\n<li><strong>Prodotti Su Misura<\/strong>: Con la collaborazione di Marini&amp;Gerardi, offriamo soluzioni personalizzate per soddisfare le tue esigenze specifiche. Ogni tenda \u00e8 confezionata su misura, assicurando una perfetta integrazione nel tuo spazio domestico.<\/li>\n<\/ul>\n<p>[\/vc_column_text][\/vc_column][\/vc_row][vc_row content_placement=&#8221;middle&#8221; woodmart_bg_position=&#8221;center-bottom&#8221; css=&#8221;.vc_custom_1698948136618{padding-right: 30px !important;padding-left: 30px !important;background-color: #f3f3f3 !important;background-position: 0 0 !important;background-repeat: no-repeat !important;}&#8221; el_class=&#8221;mobile-bg-img-hidden&#8221; mobile_bg_img_hidden=&#8221;no&#8221; tablet_bg_img_hidden=&#8221;no&#8221; woodmart_parallax=&#8221;0&#8243; woodmart_gradient_switch=&#8221;no&#8221; row_reverse_mobile=&#8221;0&#8243; row_reverse_tablet=&#8221;0&#8243; woodmart_disable_overflow=&#8221;0&#8243; woodmart_css_id=&#8221;6543e41c5be97&#8243; responsive_spacing=&#8221;eyJwYXJhbV90eXBlIjoid29vZG1hcnRfcmVzcG9uc2l2ZV9zcGFjaW5nIiwic2VsZWN0b3JfaWQiOiI2NTQzZTQxYzViZTk3Iiwic2hvcnRjb2RlIjoidmNfcm93IiwiZGF0YSI6eyJ0YWJsZXQiOnt9LCJtb2JpbGUiOnt9fX0=&#8221; woodmart_box_shadow=&#8221;yes&#8221; wd_z_index=&#8221;no&#8221; wd_box_shadow=&#8221;eyJkZXZpY2VzIjp7ImRlc2t0b3AiOnsiaG9yaXpvbnRhbCI6IjAiLCJ2ZXJ0aWNhbCI6IjAiLCJibHVyIjoiOSIsInNwcmVhZCI6IjAiLCJjb2xvciI6InJnYmEoMCwgMCwgMCwgLjE1KSJ9fX0=&#8221;][vc_column mobile_bg_img_hidden=&#8221;no&#8221; tablet_bg_img_hidden=&#8221;no&#8221; woodmart_parallax=&#8221;0&#8243; woodmart_sticky_column=&#8221;false&#8221; parallax_scroll=&#8221;no&#8221; mobile_reset_margin=&#8221;no&#8221; tablet_reset_margin=&#8221;no&#8221;][vc_single_image image=&#8221;67745&#8243; img_size=&#8221;full&#8221; alignment=&#8221;center&#8221; onclick=&#8221;link_image&#8221; css=&#8221;&#8221; parallax_scroll=&#8221;no&#8221; woodmart_inline=&#8221;no&#8221;][\/vc_column][\/vc_row][vc_row][vc_column]\n\t\t<div id=\"wd-697b4e7d7208e\" class=\"title-wrapper wd-wpb wd-set-mb reset-last-child  wd-rs-697b4e7d7208e wd-title-color-primary wd-title-style-bordered text-left justify  wd-underline-colored\">\n\t\t\t\n\t\t\t<div class=\"liner-continer\">\n\t\t\t\t<h3 class=\"woodmart-title-container title  wd-font-weight- wd-fontsize-l\" >Tende Soggiorno Eleganti<\/h3>\n\t\t\t\t\t\t\t<\/div>\n\t\t\t\n\t\t\t\n\t\t\t\n\t\t<\/div>\n\t\t\n\t\t[vc_column_text css=&#8221;&#8221; text_larger=&#8221;no&#8221; woodmart_inline=&#8221;no&#8221;]<\/p>\n<h3>Fascino, Eleganza e Modernit\u00e0<\/h3>\n<p>Le tende soggiorno eleganti Don Carlos sono la scelta ideale per chi desidera combinare fascino, eleganza e modernit\u00e0. La loro versatilit\u00e0 le rende perfette per qualsiasi stile di arredamento, dal classico al contemporaneo. Con Don Carlos, ogni finestra diventa un&#8217;opera d&#8217;arte, capace di trasformare l&#8217;atmosfera della tua casa.<\/p>\n<h3>Perch\u00e9 Scegliere Don Carlos<\/h3>\n<ul>\n<li><strong>Qualit\u00e0 Superiore<\/strong>: Il lino italiano \u00e8 rinomato per la sua qualit\u00e0 superiore e la sua resistenza. Le nostre tende sono progettate per durare nel tempo, mantenendo intatta la loro bellezza.<\/li>\n<li><strong>Design Esclusivo<\/strong>: Ogni tenda \u00e8 il risultato di un&#8217;attenta ricerca stilistica, pensata per offrire un prodotto unico ed esclusivo.<\/li>\n<li><strong>Personalizzazione<\/strong>: Grazie alla possibilit\u00e0 di creare prodotti su misura, puoi essere certo che le tende Don Carlos si adatteranno perfettamente alle tue esigenze e ai tuoi spazi.<\/li>\n<\/ul>\n<p>[\/vc_column_text][\/vc_column][\/vc_row][vc_row content_placement=&#8221;middle&#8221; woodmart_bg_position=&#8221;center-bottom&#8221; css=&#8221;.vc_custom_1698948034026{background-color: #f3f3f3 !important;background-position: 0 0 !important;background-repeat: no-repeat !important;}&#8221; el_class=&#8221;mobile-bg-img-hidden&#8221; mobile_bg_img_hidden=&#8221;no&#8221; tablet_bg_img_hidden=&#8221;no&#8221; woodmart_parallax=&#8221;0&#8243; woodmart_gradient_switch=&#8221;no&#8221; row_reverse_mobile=&#8221;0&#8243; row_reverse_tablet=&#8221;0&#8243; woodmart_disable_overflow=&#8221;0&#8243; woodmart_css_id=&#8221;6543e3b78395f&#8221; responsive_spacing=&#8221;eyJwYXJhbV90eXBlIjoid29vZG1hcnRfcmVzcG9uc2l2ZV9zcGFjaW5nIiwic2VsZWN0b3JfaWQiOiI2NTQzZTNiNzgzOTVmIiwic2hvcnRjb2RlIjoidmNfcm93IiwiZGF0YSI6eyJ0YWJsZXQiOnt9LCJtb2JpbGUiOnt9fX0=&#8221; woodmart_box_shadow=&#8221;yes&#8221; wd_box_shadow=&#8221;eyJkZXZpY2VzIjp7ImRlc2t0b3AiOnsiaG9yaXpvbnRhbCI6IjAiLCJ2ZXJ0aWNhbCI6IjAiLCJibHVyIjoiOSIsInNwcmVhZCI6IjAiLCJjb2xvciI6InJnYmEoMCwgMCwgMCwgLjE1KSJ9fX0=&#8221; wd_z_index=&#8221;no&#8221;][vc_column mobile_bg_img_hidden=&#8221;no&#8221; tablet_bg_img_hidden=&#8221;no&#8221; woodmart_parallax=&#8221;0&#8243; woodmart_sticky_column=&#8221;false&#8221; parallax_scroll=&#8221;no&#8221; mobile_reset_margin=&#8221;no&#8221; tablet_reset_margin=&#8221;no&#8221;][vc_single_image image=&#8221;67746&#8243; img_size=&#8221;full&#8221; alignment=&#8221;center&#8221; onclick=&#8221;link_image&#8221; css=&#8221;&#8221; parallax_scroll=&#8221;no&#8221; woodmart_inline=&#8221;no&#8221;][\/vc_column][\/vc_row][vc_row][vc_column][vc_column_text css=&#8221;&#8221; text_larger=&#8221;no&#8221; woodmart_inline=&#8221;no&#8221;]<\/p>\n<h3>Tende Soggiorno Eleganti<\/h3>\n<p>Non esitare a contattarci per ulteriori informazioni o per richiedere una consulenza personalizzata. I nostri esperti sono a tua disposizione per aiutarti a scegliere le tende perfette per il tuo soggiorno.<\/p>\n<p><strong>Don Carlos \u2013 Lino 100% Italiano \u2013 Collezione e Colori 2026<\/strong><br \/>\n<strong>Semplicit\u00e0 in Arredo = Pura Bellezza<\/strong><br \/>\n<strong>Tessuti Esclusivi per Interni di Classe<\/strong><br \/>\n<strong>Fascino, Eleganza e Modernit\u00e0 per la Tua Casa<\/strong><br \/>\n<strong>Prodotti su misura con Marini&amp;Gerardi<\/strong><\/p>\n<p>Scopri la bellezza del lino italiano con Don Carlos e trasforma il tuo soggiorno in un&#8217;oasi di stile e raffinatezza.[\/vc_column_text][\/vc_column][\/vc_row]<\/p>\n<\/div>","protected":false},"excerpt":{"rendered":"<p style=\"text-align: justify;\"><strong>DON CARLOS &#8211; Lino Italiano 100% &#8211; Colori 2026 <\/strong>&#8211; Tende Soggiorno Eleganti di Pura Bellezza e Semplicit\u00e0 in Arredo &#8211; Tessuti Esclusivi per Interni di Classe: dove Tradizione e Modernit\u00e0 si incontrano.<\/p>\n","protected":false},"featured_media":67744,"template":"","meta":[],"product_brand":[],"product_cat":[3106,3689,62,3582,3060,3632,3581],"product_tag":[2877,2521,547],"class_list":{"0":"post-67730","1":"product","2":"type-product","3":"status-publish","4":"has-post-thumbnail","6":"product_cat-tende-da-interni","7":"product_cat-tende-di-lino","8":"product_cat-tende-in-lino","9":"product_cat-tende-lino","10":"product_cat-tende-moderne","11":"product_cat-tende-online-su-misura","12":"product_cat-tende-su-misura","13":"product_tag-tende-in-lino","14":"product_tag-tende-interne-moderne","15":"product_tag-tende-moderne","17":"first","18":"instock","19":"taxable","20":"shipping-taxable","21":"purchasable","22":"product-type-simple"},"_links":{"self":[{"href":"https:\/\/www.marinigerardi.it\/shop\/wp-json\/wp\/v2\/product\/67730","targetHints":{"allow":["GET"]}}],"collection":[{"href":"https:\/\/www.marinigerardi.it\/shop\/wp-json\/wp\/v2\/product"}],"about":[{"href":"https:\/\/www.marinigerardi.it\/shop\/wp-json\/wp\/v2\/types\/product"}],"wp:featuredmedia":[{"embeddable":true,"href":"https:\/\/www.marinigerardi.it\/shop\/wp-json\/wp\/v2\/media\/67744"}],"wp:attachment":[{"href":"https:\/\/www.marinigerardi.it\/shop\/wp-json\/wp\/v2\/media?parent=67730"}],"wp:term":[{"taxonomy":"product_brand","embeddable":true,"href":"https:\/\/www.marinigerardi.it\/shop\/wp-json\/wp\/v2\/product_brand?post=67730"},{"taxonomy":"product_cat","embeddable":true,"href":"https:\/\/www.marinigerardi.it\/shop\/wp-json\/wp\/v2\/product_cat?post=67730"},{"taxonomy":"product_tag","embeddable":true,"href":"https:\/\/www.marinigerardi.it\/shop\/wp-json\/wp\/v2\/product_tag?post=67730"}],"curies":[{"name":"wp","href":"https:\/\/api.w.org\/{rel}","templated":true}]}}