{"id":67359,"date":"2024-05-14T13:07:17","date_gmt":"2024-05-14T13:07:17","guid":{"rendered":"https:\/\/www.marinigerardi.it\/shop\/?post_type=product&#038;p=67359"},"modified":"2026-02-02T23:35:29","modified_gmt":"2026-02-02T23:35:29","slug":"lenzuola-matrimoniali-raso-di-cotone","status":"publish","type":"product","link":"https:\/\/www.marinigerardi.it\/shop\/prodotto\/lenzuola-matrimoniali-raso-di-cotone\/","title":{"rendered":"ALIZEE 300 &#8211; Set Lenzuola Matrimoniali Raso di Cotone 300 fili = notti di puro benessere"},"content":{"rendered":"<div class=\"wpb-content-wrapper\"><p>[vc_row equal_height=&#8221;yes&#8221; mobile_bg_img_hidden=&#8221;no&#8221; tablet_bg_img_hidden=&#8221;no&#8221; woodmart_parallax=&#8221;0&#8243; woodmart_gradient_switch=&#8221;no&#8221; row_reverse_mobile=&#8221;0&#8243; row_reverse_tablet=&#8221;0&#8243; woodmart_disable_overflow=&#8221;0&#8243;][vc_column offset=&#8221;vc_col-lg-6 vc_col-md-6&#8243; mobile_bg_img_hidden=&#8221;no&#8221; tablet_bg_img_hidden=&#8221;no&#8221; woodmart_parallax=&#8221;0&#8243; woodmart_sticky_column=&#8221;false&#8221; parallax_scroll=&#8221;no&#8221; mobile_reset_margin=&#8221;no&#8221; tablet_reset_margin=&#8221;no&#8221; css=&#8221;.vc_custom_1613071403480{margin-top: 0px !important;}&#8221;]\n\t\t<div id=\"wd-6945dd1b47583\" class=\"title-wrapper wd-wpb wd-set-mb reset-last-child  wd-rs-6945dd1b47583 wd-title-color-primary wd-title-style-bordered text-left vc_custom_1766186246708 wd-underline-colored\">\n\t\t\t\n\t\t\t<div class=\"liner-continer\">\n\t\t\t\t<h2 class=\"woodmart-title-container title  wd-font-weight- wd-fontsize-l\" >Lenzuola Matrimoniali Raso di Cotone 300 fili<\/h2>\n\t\t\t\t\t\t\t<\/div>\n\t\t\t\n\t\t\t\t\t\t\t<div class=\"title-after_title reset-last-child  wd-fontsize-xs\">Il Migliore Cotone al Mondo: con l'anima tutta Italiana.<\/div>\n\t\t\t\n\t\t\t\n\t\t<\/div>\n\t\t\n\t\t\t\t<div id=\"wd-6945dd4430a09\" class=\"wd-text-block wd-wpb reset-last-child wd-rs-6945dd4430a09 text-left \">\n\t\t\t<p><strong>Pregiato Cotone Pima:<\/strong> quando la tradizione tessile italiana incontra il comfort moderno, il risultato \u00e8 un sonno da sogno.<br \/>\nPerfetto per biancheria da letto sia nell&#8217;ambito domestico che alberghiero.<\/p>\n\t\t<\/div>\n\t\t[vc_tta_accordion title_tag=&#8221;h3&#8243; section_title_tag=&#8221;h3&#8243; active_section=&#8221;1&#8243; collapsible_all=&#8221;true&#8221;][vc_tta_section title=&#8221;Info: Per questa Offerta&#8221; tab_id=&#8221;1686758247918-c287db22-3df6&#8243;]\t\t<div id=\"wd-64e91bf5bedb5\" class=\"wd-text-block wd-wpb reset-last-child wd-rs-64e91bf5bedb5 text-left \">\n\t\t\t<ul>\n<li>Questa <a href=\"https:\/\/www.marinigerardi.it\/shop\/prodotto\/florence-set-lenzuola-percalle-di-cotone-di-lusso-novita\/\">offerta<\/a> include <strong>uno lenzuolo sotto con angoli + un lenzuolo sopra + federe cuscino<\/strong>.<\/li>\n<li>Set Singolo n.1 Federa cuscino da 50&#215;80 cm.<\/li>\n<li>Set Una Piazza e Mezzo n.1 Federa cuscino da 50&#215;80 cm.<\/li>\n<li>Set Matrimoniale n.2 Federe cuscini da 50&#215;80 cm.<\/li>\n<\/ul>\n<p>N.B.: I colori dei tessuti presenti nelle immagini possono variare in base al monitor utilizzato. Segnalare nelle note dell&#8217;Ordine eventuale disposizioni aggiuntive. Per altre misure contattatare\u00a0 <strong>assistenza@marinigerardi.it <\/strong><\/p>\n\t\t<\/div>\n\t\t[\/vc_tta_section][vc_tta_section title=&#8221;Finalmente mi hai trovato!&#8221; tab_id=&#8221;1686758247889-f533f46d-4c9f&#8221;]\t\t<div id=\"wd-64e91b674dae0\" class=\"wd-text-block wd-wpb reset-last-child wd-rs-64e91b674dae0 text-left \">\n\t\t\t<p style=\"text-align: justify;\"><strong>Sono il rinomato cotone PIMA americano<\/strong>, famoso per la sua qualit\u00e0 superiore. La mia fibra \u00e8 utilizzata per creare tessuti pregiati, perfetti per le lenzuola di alta qualit\u00e0 Marini &amp; Gerardi. La mia reputazione di cotone di lusso \u00e8 il risultato di una lavorazione attentamente controllata che dona una straordinaria morbidezza e una setosa lucentezza unica. Ora puoi lascirti abbracciare dal comfort e assaporare l&#8217;eleganza senza compromessi delle nostre lenzuola in cotone PIMA americano!<\/p>\n\t\t<\/div>\n\t\t[\/vc_tta_section][\/vc_tta_accordion]<div id=\"wd-64e91c8b1519e\" class=\" wd-rs-64e91c8b1519e  wd-button-wrapper text-left\"><a href=\"https:\/\/www.marinigerardi.it\/shop\/guida-misure-per-la-biancheria-letto\/\" title=\"Guida Come Calcolare il Metraggio dei Tessuti\" target=\"_blank\" class=\"btn btn-style-default btn-shape-rectangle btn-size-default btn-icon-pos-left\">Guida misure Biancheria Letto<span class=\"wd-btn-icon\"><span class=\"wd-icon far fa-arrow-alt-circle-right\"><\/span><\/span><\/a><\/div>[vc_empty_space woodmart_hide_large=&#8221;0&#8243; woodmart_hide_medium=&#8221;0&#8243; woodmart_hide_small=&#8221;0&#8243;][\/vc_column][vc_column css=&#8221;.vc_custom_1612434787067{background-position: center !important;background-repeat: no-repeat !important;background-size: cover !important;}&#8221; offset=&#8221;vc_col-lg-6 vc_col-md-6&#8243; mobile_bg_img_hidden=&#8221;no&#8221; tablet_bg_img_hidden=&#8221;no&#8221; woodmart_parallax=&#8221;0&#8243; woodmart_sticky_column=&#8221;false&#8221; parallax_scroll=&#8221;no&#8221; mobile_reset_margin=&#8221;no&#8221; tablet_reset_margin=&#8221;no&#8221;][vc_single_image image=&#8221;67358&#8243; img_size=&#8221;large&#8221; add_caption=&#8221;yes&#8221; alignment=&#8221;center&#8221; style=&#8221;vc_box_shadow&#8221; onclick=&#8221;link_image&#8221; css=&#8221;&#8221; parallax_scroll=&#8221;no&#8221; woodmart_inline=&#8221;no&#8221;][\/vc_column][\/vc_row][vc_row][vc_column]\n\t\t<div id=\"wd-6945dd7708f45\" class=\"title-wrapper wd-wpb wd-set-mb reset-last-child  wd-rs-6945dd7708f45 wd-title-color-primary wd-title-style-underlined text-center vc_custom_1766186317470 wd-underline-colored\">\n\t\t\t\n\t\t\t<div class=\"liner-continer\">\n\t\t\t\t<h3 class=\"woodmart-title-container title  wd-font-weight- wd-fontsize-l\" >Lenzuola Matrimoniali Raso di Cotone 300 fili<\/h3>\n\t\t\t\t\t\t\t<\/div>\n\t\t\t\n\t\t\t\n\t\t\t\n\t\t<\/div>\n\t\t\n\t\t[\/vc_column][\/vc_row][vc_row enable_first_overlay=&#8221;true&#8221; first_overlay_opacity=&#8221;25&#8243; first_background_color=&#8221;#e5e5e5&#8243; woodmart_css_id=&#8221;6488f0ff57fc2&#8243; mobile_bg_img_hidden=&#8221;no&#8221; tablet_bg_img_hidden=&#8221;no&#8221; woodmart_parallax=&#8221;0&#8243; woodmart_gradient_switch=&#8221;no&#8221; woodmart_box_shadow=&#8221;yes&#8221; wd_z_index=&#8221;no&#8221; woodmart_disable_overflow=&#8221;0&#8243; row_reverse_mobile=&#8221;0&#8243; row_reverse_tablet=&#8221;0&#8243; css=&#8221;.vc_custom_1686696203166{background-color: #f3f3f3 !important;}&#8221; responsive_spacing=&#8221;eyJwYXJhbV90eXBlIjoid29vZG1hcnRfcmVzcG9uc2l2ZV9zcGFjaW5nIiwic2VsZWN0b3JfaWQiOiI2NDg4ZjBmZjU3ZmMyIiwic2hvcnRjb2RlIjoidmNfcm93IiwiZGF0YSI6eyJ0YWJsZXQiOnt9LCJtb2JpbGUiOnt9fX0=&#8221; wd_box_shadow=&#8221;eyJkZXZpY2VzIjp7ImRlc2t0b3AiOnsiaG9yaXpvbnRhbCI6IjAiLCJ2ZXJ0aWNhbCI6IjAiLCJibHVyIjoiOSIsInNwcmVhZCI6IjAiLCJjb2xvciI6InJnYmEoMCwgMCwgMCwgLjE1KSJ9fX0=&#8221;][vc_column][vc_single_image image=&#8221;67362&#8243; img_size=&#8221;large&#8221; add_caption=&#8221;yes&#8221; alignment=&#8221;center&#8221; style=&#8221;vc_box_shadow&#8221; onclick=&#8221;link_image&#8221; css=&#8221;&#8221; parallax_scroll=&#8221;no&#8221; woodmart_inline=&#8221;no&#8221;][\/vc_column][\/vc_row][vc_row][vc_column]\n\t\t<div id=\"wd-6945dd8b75b95\" class=\"title-wrapper wd-wpb wd-set-mb reset-last-child  wd-rs-6945dd8b75b95 wd-title-color-primary wd-title-style-bordered text-left vc_custom_1766186340811 wd-underline-colored\">\n\t\t\t\n\t\t\t<div class=\"liner-continer\">\n\t\t\t\t<h3 class=\"woodmart-title-container title  wd-font-weight- wd-fontsize-l\" >Lenzuola Matrimoniali Raso di Cotone 300 fili<\/h3>\n\t\t\t\t\t\t\t<\/div>\n\t\t\t\n\t\t\t\n\t\t\t\n\t\t<\/div>\n\t\t\n\t\t\t\t<div id=\"wd-66b4c7ca6a857\" class=\"wd-text-block wd-wpb reset-last-child wd-rs-66b4c7ca6a857 text-left \">\n\t\t\t<h4><a href=\"https:\/\/www.marinigerardi.it\/shop\/prodotto\/lenzuola-matrimoniali-raso-di-cotone\/\"><strong>Il Migliore Cotone al Mondo:<\/strong><\/a><\/h4>\n<p>Rendi ogni notte un&#8217;esperienza di puro benessere con le nostre lenzuola matrimoniali in raso di cotone ALIZEE 300. Cerca il tuo stile e trasforma la tua camera da letto in un&#8217;oasi di comfort e personalit\u00e0. I nostri tessuti per la biancheria da letto con lenzuola in cotone di raso sateen sono il segreto per soddisfare le tue esigenze di relax e garantirti un sonno rigenerante.<\/p>\n<h4><strong>Lusso Senza Compromessi<\/strong><\/h4>\n<p>Le lenzuola ALIZEE 300 non sono solo un complemento per la tua zona notte, ma una vera e propria esperienza di comfort. Realizzate con il miglior cotone al mondo, queste lenzuola ti avvolgeranno in un abbraccio morbido e lussuoso, offrendoti il relax che meriti dopo una lunga giornata.<\/p>\n<h4><strong>Qualit\u00e0 Italiana al Tuo Servizio<\/strong><\/h4>\n<p>Scegliere il cotone italiano significa investire nella qualit\u00e0 della tua biancheria da letto. Con le lenzuola ALIZEE 300, non solo migliorerai la tua esperienza di sonno, ma avrai anche la possibilit\u00e0 di esprimere la tua creativit\u00e0 attraverso il design e lo stile della tua camera da letto.<\/p>\n<h4><strong>Prova la Differenza<\/strong><\/h4>\n<p>Scegliere il meglio significa scegliere senza compromessi. Prova le lenzuola matrimoniali raso di cotone ALIZEE 300 e scopri perch\u00e9 sono considerate le migliori al mondo. Rilassati, rigenerati e immergiti in un sonno di qualit\u00e0 superiore.<\/p>\n\t\t<\/div>\n\t\t[\/vc_column][\/vc_row][vc_row enable_first_overlay=&#8221;true&#8221; first_overlay_opacity=&#8221;25&#8243; first_background_color=&#8221;#e5e5e5&#8243; woodmart_css_id=&#8221;6488f0ff57fc2&#8243; mobile_bg_img_hidden=&#8221;no&#8221; tablet_bg_img_hidden=&#8221;no&#8221; woodmart_parallax=&#8221;0&#8243; woodmart_gradient_switch=&#8221;no&#8221; woodmart_box_shadow=&#8221;yes&#8221; wd_z_index=&#8221;no&#8221; woodmart_disable_overflow=&#8221;0&#8243; row_reverse_mobile=&#8221;0&#8243; row_reverse_tablet=&#8221;0&#8243; css=&#8221;.vc_custom_1686696203166{background-color: #f3f3f3 !important;}&#8221; responsive_spacing=&#8221;eyJwYXJhbV90eXBlIjoid29vZG1hcnRfcmVzcG9uc2l2ZV9zcGFjaW5nIiwic2VsZWN0b3JfaWQiOiI2NDg4ZjBmZjU3ZmMyIiwic2hvcnRjb2RlIjoidmNfcm93IiwiZGF0YSI6eyJ0YWJsZXQiOnt9LCJtb2JpbGUiOnt9fX0=&#8221; wd_box_shadow=&#8221;eyJkZXZpY2VzIjp7ImRlc2t0b3AiOnsiaG9yaXpvbnRhbCI6IjAiLCJ2ZXJ0aWNhbCI6IjAiLCJibHVyIjoiOSIsInNwcmVhZCI6IjAiLCJjb2xvciI6InJnYmEoMCwgMCwgMCwgLjE1KSJ9fX0=&#8221;][vc_column][vc_single_image image=&#8221;60719&#8243; img_size=&#8221;full&#8221; add_caption=&#8221;yes&#8221; alignment=&#8221;center&#8221; style=&#8221;vc_box_shadow&#8221; onclick=&#8221;link_image&#8221; parallax_scroll=&#8221;no&#8221; woodmart_inline=&#8221;no&#8221;][\/vc_column][\/vc_row]<\/p>\n<\/div>","protected":false},"excerpt":{"rendered":"<p><strong>ALIZEE<\/strong>\u00a0 &#8211; <strong>Set Lenzuola Matrimoniali Raso di Cotone 300 fili <\/strong>e Abbraccia l&#8217;Eleganza la Morbidezza e la raffinatezza dai fantastici e unici colori.<\/p>\n","protected":false},"featured_media":67360,"template":"","meta":[],"product_brand":[],"product_cat":[460,614,1524,3672],"product_tag":[584,2558],"class_list":{"0":"post-67359","1":"product","2":"type-product","3":"status-publish","4":"has-post-thumbnail","6":"product_cat-biancheria-letto","7":"product_cat-lenzuola","8":"product_cat-set-lenzuola","9":"product_cat-set-lenzuola-cotone","10":"product_tag-set-lenzuola-letto","11":"product_tag-set-lenzuola-matrimoniali-in-cotone","13":"first","14":"instock","15":"taxable","16":"shipping-taxable","17":"purchasable","18":"product-type-simple"},"_links":{"self":[{"href":"https:\/\/www.marinigerardi.it\/shop\/wp-json\/wp\/v2\/product\/67359","targetHints":{"allow":["GET"]}}],"collection":[{"href":"https:\/\/www.marinigerardi.it\/shop\/wp-json\/wp\/v2\/product"}],"about":[{"href":"https:\/\/www.marinigerardi.it\/shop\/wp-json\/wp\/v2\/types\/product"}],"wp:featuredmedia":[{"embeddable":true,"href":"https:\/\/www.marinigerardi.it\/shop\/wp-json\/wp\/v2\/media\/67360"}],"wp:attachment":[{"href":"https:\/\/www.marinigerardi.it\/shop\/wp-json\/wp\/v2\/media?parent=67359"}],"wp:term":[{"taxonomy":"product_brand","embeddable":true,"href":"https:\/\/www.marinigerardi.it\/shop\/wp-json\/wp\/v2\/product_brand?post=67359"},{"taxonomy":"product_cat","embeddable":true,"href":"https:\/\/www.marinigerardi.it\/shop\/wp-json\/wp\/v2\/product_cat?post=67359"},{"taxonomy":"product_tag","embeddable":true,"href":"https:\/\/www.marinigerardi.it\/shop\/wp-json\/wp\/v2\/product_tag?post=67359"}],"curies":[{"name":"wp","href":"https:\/\/api.w.org\/{rel}","templated":true}]}}