{"id":67034,"date":"2024-04-11T10:04:33","date_gmt":"2024-04-11T10:04:33","guid":{"rendered":"https:\/\/www.marinigerardi.it\/shop\/?post_type=product&#038;p=67034"},"modified":"2025-04-10T17:13:28","modified_gmt":"2025-04-10T17:13:28","slug":"runner-per-tavolo-moderno","status":"publish","type":"product","link":"https:\/\/www.marinigerardi.it\/shop\/prodotto\/runner-per-tavolo-moderno\/","title":{"rendered":"ZEUS Runner per Tavolo Moderno in Lino pesante"},"content":{"rendered":"<div class=\"wpb-content-wrapper\"><p>[vc_row equal_height=&#8221;yes&#8221; mobile_bg_img_hidden=&#8221;no&#8221; tablet_bg_img_hidden=&#8221;no&#8221; woodmart_parallax=&#8221;0&#8243; woodmart_gradient_switch=&#8221;no&#8221; row_reverse_mobile=&#8221;0&#8243; row_reverse_tablet=&#8221;0&#8243; woodmart_disable_overflow=&#8221;0&#8243;][vc_column offset=&#8221;vc_col-lg-6 vc_col-md-6&#8243; mobile_bg_img_hidden=&#8221;no&#8221; tablet_bg_img_hidden=&#8221;no&#8221; woodmart_parallax=&#8221;0&#8243; woodmart_sticky_column=&#8221;false&#8221; parallax_scroll=&#8221;no&#8221; mobile_reset_margin=&#8221;no&#8221; tablet_reset_margin=&#8221;no&#8221; css=&#8221;.vc_custom_1613071403480{margin-top: 0px !important;}&#8221;]\n\t\t<div id=\"wd-67f7ef50ae5e0\" class=\"title-wrapper wd-wpb wd-set-mb reset-last-child  wd-rs-67f7ef50ae5e0 wd-title-color-primary wd-title-style-bordered text-left vc_custom_1744301926018 wd-underline-colored\">\n\t\t\t\n\t\t\t<div class=\"liner-continer\">\n\t\t\t\t<h2 class=\"woodmart-title-container title  wd-font-weight-600 wd-fontsize-l\" >ZEUS Runner per Tavolo Moderno in Lino pesante - Vintage style<\/h2>\n\t\t\t\t\t\t\t<\/div>\n\t\t\t\n\t\t\t\n\t\t\t\n\t\t<\/div>\n\t\t\n\t\t\t\t<div id=\"wd-66180d1c0b1b9\" class=\"wd-text-block wd-wpb reset-last-child wd-rs-66180d1c0b1b9 text-left \">\n\t\t\t<p style=\"text-align: justify;\">ZEUS <a href=\"https:\/\/www.marinigerardi.it\/shop\/prodotto\/runner-per-tavolo-moderno\/\">Runner Tavolo Moderno<\/a> la quintessenza del gusto autentico e della modernit\u00e0 senza tempo: pratico, resistente e versatile, \u00e8 il complemento ideale per una colazione al mattino o una cena romantica a lume di candela. Con una selezione unica e straordinaria di colori sempre pronti a stupire, questo prodotto artigianale nasce nel nostro laboratorio nel cuore del Salento, portando con s\u00e9 una ricca eredit\u00e0 di qualit\u00e0 e stile.<\/p>\n\t\t<\/div>\n\t\t[vc_message message_box_style=&#8221;outline&#8221; message_box_color=&#8221;grey&#8221;]<\/p>\n<ul>\n<li>Lino 75% \u2013 HE 25% (L\u2019<b>henequen<\/b>\u00a0<i><b>Agave fourcroydes \u2013 l\u2019oro verde dei Maya)<\/b><\/i>\u00a0\u00e8 una\u00a0pianta\u00a0della\u00a0famiglia\u00a0delle\u00a0Asparagaceae, originaria del\u00a0Messico\u00a0sud-orientale.<\/li>\n<li>Peso: gr.1528 m\u00b2<\/li>\n<\/ul>\n<p>Per altre misure contattarci al Indirizzo mail <strong>assistenza@marinigerardi.it<\/strong>[\/vc_message][\/vc_column][vc_column css=&#8221;.vc_custom_1612434787067{background-position: center !important;background-repeat: no-repeat !important;background-size: cover !important;}&#8221; offset=&#8221;vc_col-lg-6 vc_col-md-6&#8243; mobile_bg_img_hidden=&#8221;no&#8221; tablet_bg_img_hidden=&#8221;no&#8221; woodmart_parallax=&#8221;0&#8243; woodmart_sticky_column=&#8221;false&#8221; parallax_scroll=&#8221;no&#8221; mobile_reset_margin=&#8221;no&#8221; tablet_reset_margin=&#8221;no&#8221;][vc_single_image image=&#8221;67039&#8243; img_size=&#8221;large&#8221; alignment=&#8221;center&#8221; style=&#8221;vc_box_shadow&#8221; onclick=&#8221;link_image&#8221; css=&#8221;.vc_custom_1712844180326{margin-right: 20px !important;}&#8221; parallax_scroll=&#8221;no&#8221; woodmart_inline=&#8221;no&#8221;][\/vc_column][\/vc_row][vc_row][vc_column][vc_empty_space woodmart_hide_large=&#8221;0&#8243; woodmart_hide_medium=&#8221;0&#8243; woodmart_hide_small=&#8221;0&#8243;]\n\t\t<div id=\"wd-67f7ef6e7f055\" class=\"title-wrapper wd-wpb wd-set-mb reset-last-child  wd-rs-67f7ef6e7f055 wd-title-color-default wd-title-style-default text-center  wd-underline-colored\">\n\t\t\t\n\t\t\t<div class=\"liner-continer\">\n\t\t\t\t<h3 class=\"woodmart-title-container title  wd-font-weight- wd-fontsize-l\" >Runner per Tavolo Moderno<\/h3>\n\t\t\t\t\t\t\t<\/div>\n\t\t\t\n\t\t\t\n\t\t\t\n\t\t<\/div>\n\t\t\n\t\t[\/vc_column][\/vc_row][vc_row css=&#8221;.vc_custom_1712828963197{background-color: #f3f3f3 !important;}&#8221; woodmart_css_id=&#8221;6617b21c298c7&#8243; responsive_spacing=&#8221;eyJwYXJhbV90eXBlIjoid29vZG1hcnRfcmVzcG9uc2l2ZV9zcGFjaW5nIiwic2VsZWN0b3JfaWQiOiI2NjE3YjIxYzI5OGM3Iiwic2hvcnRjb2RlIjoidmNfcm93IiwiZGF0YSI6eyJ0YWJsZXQiOnt9LCJtb2JpbGUiOnt9fX0=&#8221; mobile_bg_img_hidden=&#8221;no&#8221; tablet_bg_img_hidden=&#8221;no&#8221; woodmart_parallax=&#8221;0&#8243; woodmart_gradient_switch=&#8221;no&#8221; woodmart_box_shadow=&#8221;no&#8221; wd_z_index=&#8221;no&#8221; woodmart_disable_overflow=&#8221;0&#8243; row_reverse_mobile=&#8221;0&#8243; row_reverse_tablet=&#8221;0&#8243;][vc_column][vc_single_image image=&#8221;67045&#8243; img_size=&#8221;full&#8221; alignment=&#8221;center&#8221; style=&#8221;vc_box_shadow&#8221; onclick=&#8221;link_image&#8221; css=&#8221;.vc_custom_1712852166205{margin-right: 20px !important;}&#8221; parallax_scroll=&#8221;no&#8221; woodmart_inline=&#8221;no&#8221;][\/vc_column][\/vc_row][vc_row content_placement=&#8221;middle&#8221; woodmart_bg_position=&#8221;center-bottom&#8221; css=&#8221;.vc_custom_1712829026128{background-position: 0 0 !important;background-repeat: no-repeat !important;}&#8221; el_class=&#8221;mobile-bg-img-hidden&#8221; mobile_bg_img_hidden=&#8221;no&#8221; tablet_bg_img_hidden=&#8221;no&#8221; woodmart_parallax=&#8221;0&#8243; woodmart_gradient_switch=&#8221;no&#8221; row_reverse_mobile=&#8221;0&#8243; row_reverse_tablet=&#8221;0&#8243; woodmart_disable_overflow=&#8221;0&#8243; woodmart_css_id=&#8221;6617b25979761&#8243; responsive_spacing=&#8221;eyJwYXJhbV90eXBlIjoid29vZG1hcnRfcmVzcG9uc2l2ZV9zcGFjaW5nIiwic2VsZWN0b3JfaWQiOiI2NjE3YjI1OTc5NzYxIiwic2hvcnRjb2RlIjoidmNfcm93IiwiZGF0YSI6eyJ0YWJsZXQiOnt9LCJtb2JpbGUiOnt9fX0=&#8221; woodmart_box_shadow=&#8221;no&#8221; wd_z_index=&#8221;no&#8221;][vc_column mobile_bg_img_hidden=&#8221;no&#8221; tablet_bg_img_hidden=&#8221;no&#8221; woodmart_parallax=&#8221;0&#8243; woodmart_sticky_column=&#8221;false&#8221; parallax_scroll=&#8221;no&#8221; mobile_reset_margin=&#8221;no&#8221; tablet_reset_margin=&#8221;no&#8221;]\n\t\t<div id=\"wd-67f7ef7fd43b5\" class=\"title-wrapper wd-wpb wd-set-mb reset-last-child  wd-rs-67f7ef7fd43b5 wd-title-color-primary wd-title-style-bordered text-center justify  wd-underline-colored\">\n\t\t\t\n\t\t\t<div class=\"liner-continer\">\n\t\t\t\t<h3 class=\"woodmart-title-container title  wd-font-weight-600 wd-fontsize-l\" >ZEUS Runner per Tavolo Moderno in Lino pesante Vintage Style<\/h3>\n\t\t\t\t\t\t\t<\/div>\n\t\t\t\n\t\t\t\t\t\t\t<div class=\"title-after_title reset-last-child  wd-fontsize-xs\">Luxury Frabrics - Alta qualit\u00e0 a tavola<\/div>\n\t\t\t\n\t\t\t\n\t\t<\/div>\n\t\t\n\t\t\t\t<div id=\"wd-6618080887c5b\" class=\"wd-text-block wd-wpb reset-last-child wd-rs-6618080887c5b text-left \">\n\t\t\t<ul>\n<li><strong>Una Texture Unica, ispirata alle Tradizioni:<\/strong> Il ZEUS Runner presenta una texture che ricorda le antiche tradizioni culinarie, aggiungendo un tocco di eleganza e storia al tuo tavolo.<\/li>\n<li><strong>Qualit\u00e0 Superiore con Gusto Autentico:<\/strong> Ispirato dalla cucina dei sapori forti e genuini, il ZEUS Runner \u00e8 un compagno affidabile per le tue bruschette, carni grigliate e verdure fresche.<\/li>\n<\/ul>\n<h4>Scopri il Gusto della Tradizione:<\/h4>\n<p><strong>Accompagna i momenti speciali con la semplicit\u00e0 e l&#8217;autenticit\u00e0 della cucina tradizionale.<\/strong> ZEUS Runner in lino per una tavola dal fascino moderno e la praticit\u00e0 senza tempo, che rende ogni pasto un&#8217;esperienza da ricordare.<br \/>\n<strong>Sedetevi a tavola<\/strong> e lasciatevi avvolgere dall&#8217;atmosfera unica che solo il ZEUS il nostro Runner in lino pu\u00f2 offrire. Unisce la regalit\u00e0 delle antiche tradizioni alla comodit\u00e0 dei giorni moderni, per un equilibrio perfetto tra passato e presente.<\/p>\n<p><strong><em>Realizzato con passione nel Salento, il ZEUS Runner porta con s\u00e9 i sapori e le tradizioni della cucina italiana direttamente sulla tua tavola, trasformando ogni momento in un viaggio culinario unico.<\/em><\/strong><\/p>\n\t\t<\/div>\n\t\t[\/vc_column][\/vc_row]<\/p>\n<\/div>","protected":false},"excerpt":{"rendered":"<p>Il Runner per tavolo moderno da <strong>Re in Lino Vintage Style<\/strong> con finitura non bordata dalle emozioni forti e dai Colori Straordinari. <strong>Luxury Frabrics ovvero Alta qualit\u00e0 a tavola<\/strong><\/p>\n","protected":false},"featured_media":67035,"template":"","meta":[],"product_brand":[],"product_cat":[69],"product_tag":[],"class_list":{"0":"post-67034","1":"product","2":"type-product","3":"status-publish","4":"has-post-thumbnail","6":"product_cat-tovagliette-americane","8":"first","9":"instock","10":"taxable","11":"shipping-taxable","12":"purchasable","13":"product-type-simple"},"_links":{"self":[{"href":"https:\/\/www.marinigerardi.it\/shop\/wp-json\/wp\/v2\/product\/67034","targetHints":{"allow":["GET"]}}],"collection":[{"href":"https:\/\/www.marinigerardi.it\/shop\/wp-json\/wp\/v2\/product"}],"about":[{"href":"https:\/\/www.marinigerardi.it\/shop\/wp-json\/wp\/v2\/types\/product"}],"wp:featuredmedia":[{"embeddable":true,"href":"https:\/\/www.marinigerardi.it\/shop\/wp-json\/wp\/v2\/media\/67035"}],"wp:attachment":[{"href":"https:\/\/www.marinigerardi.it\/shop\/wp-json\/wp\/v2\/media?parent=67034"}],"wp:term":[{"taxonomy":"product_brand","embeddable":true,"href":"https:\/\/www.marinigerardi.it\/shop\/wp-json\/wp\/v2\/product_brand?post=67034"},{"taxonomy":"product_cat","embeddable":true,"href":"https:\/\/www.marinigerardi.it\/shop\/wp-json\/wp\/v2\/product_cat?post=67034"},{"taxonomy":"product_tag","embeddable":true,"href":"https:\/\/www.marinigerardi.it\/shop\/wp-json\/wp\/v2\/product_tag?post=67034"}],"curies":[{"name":"wp","href":"https:\/\/api.w.org\/{rel}","templated":true}]}}