{"id":66993,"date":"2024-04-08T07:08:04","date_gmt":"2024-04-08T07:08:04","guid":{"rendered":"https:\/\/www.marinigerardi.it\/shop\/?post_type=product&#038;p=66993"},"modified":"2026-03-05T22:10:56","modified_gmt":"2026-03-05T22:10:56","slug":"tessuti-da-tappezzeria","status":"publish","type":"product","link":"https:\/\/www.marinigerardi.it\/shop\/prodotto\/tessuti-da-tappezzeria\/","title":{"rendered":"LINO POSEIDONE &#8211; Tessuti da Tappezzeria Divani in Puro Lino Luxury Frabric"},"content":{"rendered":"<div class=\"wpb-content-wrapper\"><p>[vc_row equal_height=&#8221;yes&#8221; mobile_bg_img_hidden=&#8221;no&#8221; tablet_bg_img_hidden=&#8221;no&#8221; woodmart_parallax=&#8221;0&#8243; woodmart_gradient_switch=&#8221;no&#8221; row_reverse_mobile=&#8221;0&#8243; row_reverse_tablet=&#8221;0&#8243; woodmart_disable_overflow=&#8221;0&#8243;][vc_column offset=&#8221;vc_col-lg-6 vc_col-md-6&#8243; mobile_bg_img_hidden=&#8221;no&#8221; tablet_bg_img_hidden=&#8221;no&#8221; woodmart_parallax=&#8221;0&#8243; woodmart_sticky_column=&#8221;false&#8221; parallax_scroll=&#8221;no&#8221; mobile_reset_margin=&#8221;no&#8221; tablet_reset_margin=&#8221;no&#8221; css=&#8221;.vc_custom_1613071403480{margin-top: 0px !important;}&#8221;]\n\t\t<div id=\"wd-69a9f5d970a9d\" class=\"title-wrapper wd-wpb wd-set-mb reset-last-child  wd-rs-69a9f5d970a9d wd-title-color-primary wd-title-style-bordered text-left vc_custom_1772746188555 wd-underline-colored\">\n\t\t\t\n\t\t\t<div class=\"liner-continer\">\n\t\t\t\t<h2 class=\"woodmart-title-container title  wd-font-weight- wd-fontsize-l\" >LINO POSEIDONE - Tessuti da Tappezzeria Divani in Puro Lino Luxury Frabric<\/h2>\n\t\t\t\t\t\t\t<\/div>\n\t\t\t\n\t\t\t\t\t\t\t<div class=\"title-after_title reset-last-child  wd-fontsize-xs\">Lino a trama fitta ben strutturato con una morbida e piacevole sensazione al tatto e alla vista.<\/div>\n\t\t\t\n\t\t\t\n\t\t<\/div>\n\t\t\n\t\t\t\t<div id=\"wd-66155b0161ba8\" class=\"wd-text-block wd-wpb reset-last-child wd-rs-66155b0161ba8 text-left \">\n\t\t\t<p>Ci\u00f2 che rende veramente speciale il<a href=\"https:\/\/www.marinigerardi.it\/shop\/prodotto\/tessuti-da-tappezzeria\/\"> Lino POSEIDONE<\/a> \u00e8 la sua combinazione di robustezza e morbidezza. Mentre abbraccia con forza la promessa di resistere all&#8217;usura quotidiana, accarezza la pelle con un tocco delicato che avvolge in un comfort senza pari. \u00c8 come immergersi in un abbraccio costante di eleganza e piacere sensoriale.<br \/>\nil Lino POSEIDONE \u00e8 una testimonianza della sua qualit\u00e0 straordinaria e della sua capacit\u00e0 di resistere al passare del tempo, mantenendo intatta la sua bellezza e funzionalit\u00e0. Scegliere il Lino POSEIDONE significa investire in un tessuto che va oltre le mode del momento, offrendo invece un&#8217;esperienza di lusso duraturo e senza compromessi.<\/p>\n\t\t<\/div>\n\t\t[vc_tta_accordion title_tag=&#8221;h3&#8243; section_title_tag=&#8221;h3&#8243; active_section=&#8221;&#8221; collapsible_all=&#8221;true&#8221;][vc_tta_section title=&#8221;Info &amp; Scheda Prodotto&#8221; tab_id=&#8221;1772746102610-96231eab-a687&#8243;]\t\t<div id=\"wd-69a9f5984253f\" class=\"wd-text-block wd-wpb reset-last-child wd-rs-69a9f5984253f text-left \">\n\t\t\t<ul>\n<li>Tessuti da Tappezzeria Lino 100%<\/li>\n<li>Peso: gr.1110 ml.<\/li>\n<li>Ampiezza del Tessuto h. 140 cm.<\/li>\n<\/ul>\n<p><strong>Minimo acquisto 1 metro.<\/strong> Se avete bisogno di aiuto contattateci all&#8217; indirizzo mail assistenza@marinigerardi.it<\/p>\n\t\t<\/div>\n\t\t[\/vc_tta_section][\/vc_tta_accordion]<div id=\"wd-69a9f5cd8c7a8\" class=\" wd-rs-69a9f5cd8c7a8  wd-button-wrapper text-left\"><a href=\"https:\/\/www.marinigerardi.it\/shop\/guida-come-calcolare-il-metraggio-dei-tessuti\/\" title=\"\" target=\"_blank\" class=\"btn btn-style-default btn-shape-rectangle btn-size-default\">COME CALCOLARE IL METRAGGIO DEI TESSUTI<\/a><\/div>[\/vc_column][vc_column css=&#8221;.vc_custom_1612434787067{background-position: center !important;background-repeat: no-repeat !important;background-size: cover !important;}&#8221; offset=&#8221;vc_col-lg-6 vc_col-md-6&#8243; mobile_bg_img_hidden=&#8221;no&#8221; tablet_bg_img_hidden=&#8221;no&#8221; woodmart_parallax=&#8221;0&#8243; woodmart_sticky_column=&#8221;false&#8221; parallax_scroll=&#8221;no&#8221; mobile_reset_margin=&#8221;no&#8221; tablet_reset_margin=&#8221;no&#8221;][vc_single_image image=&#8221;67008&#8243; img_size=&#8221;full&#8221; alignment=&#8221;center&#8221; style=&#8221;vc_box_shadow&#8221; parallax_scroll=&#8221;no&#8221; woodmart_inline=&#8221;no&#8221;][\/vc_column][\/vc_row][vc_row css=&#8221;.vc_custom_1616748251938{margin-top: 20px !important;}&#8221; mobile_bg_img_hidden=&#8221;no&#8221; tablet_bg_img_hidden=&#8221;no&#8221; woodmart_parallax=&#8221;0&#8243; woodmart_gradient_switch=&#8221;no&#8221; row_reverse_mobile=&#8221;0&#8243; row_reverse_tablet=&#8221;0&#8243; woodmart_disable_overflow=&#8221;0&#8243;][vc_column][vc_text_separator title=&#8221;&#8221; css=&#8221;&#8221;]\n\t\t<div id=\"wd-69a9f5e998a81\" class=\"title-wrapper wd-wpb wd-set-mb reset-last-child  wd-rs-69a9f5e998a81 wd-title-color-default wd-title-style-default text-center  wd-underline-colored\">\n\t\t\t\n\t\t\t<div class=\"liner-continer\">\n\t\t\t\t<h3 class=\"woodmart-title-container title  wd-font-weight- wd-fontsize-l\" >Tessuti da Tappezzeria<\/h3>\n\t\t\t\t\t\t\t<\/div>\n\t\t\t\n\t\t\t\n\t\t\t\n\t\t<\/div>\n\t\t\n\t\t[\/vc_column][\/vc_row][vc_row content_placement=&#8221;middle&#8221; woodmart_bg_position=&#8221;center-bottom&#8221; css=&#8221;.vc_custom_1612561188989{background-color: #e5e5e5 !important;background-position: 0 0 !important;background-repeat: no-repeat !important;}&#8221; el_class=&#8221;mobile-bg-img-hidden&#8221; mobile_bg_img_hidden=&#8221;no&#8221; tablet_bg_img_hidden=&#8221;no&#8221; woodmart_parallax=&#8221;0&#8243; woodmart_gradient_switch=&#8221;no&#8221; row_reverse_mobile=&#8221;0&#8243; row_reverse_tablet=&#8221;0&#8243; woodmart_disable_overflow=&#8221;0&#8243;][vc_column mobile_bg_img_hidden=&#8221;no&#8221; tablet_bg_img_hidden=&#8221;no&#8221; woodmart_parallax=&#8221;0&#8243; woodmart_sticky_column=&#8221;false&#8221; parallax_scroll=&#8221;no&#8221; mobile_reset_margin=&#8221;no&#8221; tablet_reset_margin=&#8221;no&#8221;][vc_single_image image=&#8221;66997&#8243; img_size=&#8221;full&#8221; alignment=&#8221;center&#8221; style=&#8221;vc_box_shadow&#8221; parallax_scroll=&#8221;no&#8221; woodmart_inline=&#8221;no&#8221;][\/vc_column][\/vc_row][vc_row][vc_column]\n\t\t<div id=\"wd-69a9f5f65b47d\" class=\"title-wrapper wd-wpb wd-set-mb reset-last-child  wd-rs-69a9f5f65b47d wd-title-color-primary wd-title-style-bordered text-left justify  wd-underline-colored\">\n\t\t\t\n\t\t\t<div class=\"liner-continer\">\n\t\t\t\t<h3 class=\"woodmart-title-container title  wd-font-weight- wd-fontsize-l\" >LINO POSEIDONE - Tessuti da Tappezzeria Divani in Puro Lino Luxury Frabric<\/h3>\n\t\t\t\t\t\t\t<\/div>\n\t\t\t\n\t\t\t\t\t\t\t<div class=\"title-after_title reset-last-child  wd-fontsize-xs\">Stoffa per Divani la pura bellezza in assoluto.<\/div>\n\t\t\t\n\t\t\t\n\t\t<\/div>\n\t\t\n\t\t\t\t<div id=\"wd-6614e2092314a\" class=\"wd-text-block wd-wpb reset-last-child wd-rs-6614e2092314a text-left \">\n\t\t\t<p><strong>Versatilit\u00e0 Senza Limiti<br \/>\n<\/strong>Il lino POSEIDONE si erge come il compagno perfetto per ogni esigenza di arredo. Che si tratti di rivestire un divano, abbellire tendaggi, confezionare cuscini avvolgenti, o creare eleganti runner e tovagliette all&#8217;americana, questo tessuto si adatta con maestria. La sua natura resistente lo rende ideale anche per gli spazi pi\u00f9 vivaci, garantendo sempre uno stile e una bellezza inalterati.<br \/>\n<strong>Un Investimento Permanente<br \/>\n<\/strong>Scegliere il lino POSEIDONE significa investire in un elemento d&#8217;arredo destinato a resistere nel tempo. Indipendentemente da quante volte verr\u00e0 utilizzato, mantiene intatta la sua bellezza e funzionalit\u00e0. \u00c8 un&#8217;assicurazione di durata e classe per ogni ambiente.<br \/>\n<strong>In breve, se state cercando un tessuto di alta qualit\u00e0 per l&#8217;arredamento interno, la vostra ricerca \u00e8 giunta al termine.<\/strong> Il lino POSEIDONE, con la sua combinazione unica di resistenza, morbidezza ed eleganza, si rivela la scelta perfetta per trasformare qualsiasi spazio in un&#8217;opera d&#8217;arte tessile. Che siate esperti designer d&#8217;interni o appassionati di arredamento che aspirano al meglio, <strong>il lino POSEIDONE si distingue come il maestro indiscusso del lino per tappezzeria e molto altro.<\/strong><\/p>\n<p>Grazie al suo carattere unico e alla capacit\u00e0 di colpire nel profondo, questo tessuto diventa il protagonista indiscusso di ogni progetto. Non perdete tempo, acquistate oggi stesso e trasformate il vostro ambiente in un&#8217;oasi di classe e comfort senza tempo con il lino POSEIDONE.<\/p>\n\t\t<\/div>\n\t\t[\/vc_column][\/vc_row]<\/p>\n<\/div>","protected":false},"excerpt":{"rendered":"<p style=\"text-align: justify;\"><strong>Lino POSEIDONE RE <\/strong>peso: gr.1110 ml.\u00a0 Tessuti da Tappezzeria di prima qualit\u00e0, un tessuto in lino pesante per divani. Re indiscusso tra i tessuti per tappezzeria arredo, con una combinazione straordinaria di resistenza e morbidezza che lo rende un autentico capolavoro tessile di qualit\u00e0 italiana.<\/p>\n","protected":false},"featured_media":67000,"template":"","meta":[],"product_brand":[],"product_cat":[3065,3050,3585],"product_tag":[],"class_list":{"0":"post-66993","1":"product","2":"type-product","3":"status-publish","4":"has-post-thumbnail","6":"product_cat-puro-lino","7":"product_cat-stoffe-per-divani","8":"product_cat-tappezzeria-divani","10":"first","11":"instock","12":"sold-individually","13":"taxable","14":"shipping-taxable","15":"purchasable","16":"product-type-simple"},"_links":{"self":[{"href":"https:\/\/www.marinigerardi.it\/shop\/wp-json\/wp\/v2\/product\/66993","targetHints":{"allow":["GET"]}}],"collection":[{"href":"https:\/\/www.marinigerardi.it\/shop\/wp-json\/wp\/v2\/product"}],"about":[{"href":"https:\/\/www.marinigerardi.it\/shop\/wp-json\/wp\/v2\/types\/product"}],"wp:featuredmedia":[{"embeddable":true,"href":"https:\/\/www.marinigerardi.it\/shop\/wp-json\/wp\/v2\/media\/67000"}],"wp:attachment":[{"href":"https:\/\/www.marinigerardi.it\/shop\/wp-json\/wp\/v2\/media?parent=66993"}],"wp:term":[{"taxonomy":"product_brand","embeddable":true,"href":"https:\/\/www.marinigerardi.it\/shop\/wp-json\/wp\/v2\/product_brand?post=66993"},{"taxonomy":"product_cat","embeddable":true,"href":"https:\/\/www.marinigerardi.it\/shop\/wp-json\/wp\/v2\/product_cat?post=66993"},{"taxonomy":"product_tag","embeddable":true,"href":"https:\/\/www.marinigerardi.it\/shop\/wp-json\/wp\/v2\/product_tag?post=66993"}],"curies":[{"name":"wp","href":"https:\/\/api.w.org\/{rel}","templated":true}]}}