{"id":66556,"date":"2024-03-02T15:42:38","date_gmt":"2024-03-02T15:42:38","guid":{"rendered":"https:\/\/www.marinigerardi.it\/shop\/?post_type=product&#038;p=66556"},"modified":"2026-01-28T14:33:56","modified_gmt":"2026-01-28T14:33:56","slug":"tendine-cucina-a-vetro","status":"publish","type":"product","link":"https:\/\/www.marinigerardi.it\/shop\/prodotto\/tendine-cucina-a-vetro\/","title":{"rendered":"SPERANZA &#8211; Tendine Cucina a vetro in Lino con foglie design doppio colore"},"content":{"rendered":"<div class=\"wpb-content-wrapper\"><p>[vc_row][vc_column width=&#8221;1\/2&#8243;]\n\t\t<div id=\"wd-697a1e0f323ea\" class=\"title-wrapper wd-wpb wd-set-mb reset-last-child  wd-rs-697a1e0f323ea wd-title-color-primary wd-title-style-bordered text-left vc_custom_1769610775235 wd-underline-colored\">\n\t\t\t\n\t\t\t<div class=\"liner-continer\">\n\t\t\t\t<h2 class=\"woodmart-title-container title  wd-font-weight- wd-fontsize-l\" >SPERANZA - Tendine Cucina a vetro in Lino con foglie design doppio colore<\/h2>\n\t\t\t\t\t\t\t<\/div>\n\t\t\t\n\t\t\t\n\t\t\t\n\t\t<\/div>\n\t\t\n\t\t\t\t<div id=\"wd-697a1dd4e7757\" class=\"wd-text-block wd-wpb reset-last-child wd-rs-697a1dd4e7757 text-left \">\n\t\t\t<h4><strong>Il Lino: Simbolo di Eleganza Naturale<\/strong><\/h4>\n<p style=\"text-align: justify;\">Lasciati avvolgere dalla freschezza e naturalezza del puro lino, che traspare delicatamente attraverso le nostre tendine. Il raffinato Design a foglie in doppio colore aggiunge un tocco di originalit\u00e0 e stile, creando un&#8217;atmosfera unica e accogliente nel tuo spazio. Queste tendine non sono solo accessori d&#8217;arredo, ma veri e propri pezzi di personalit\u00e0 e stile per chi le sceglie con cura.<\/p>\n\t\t<\/div>\n\t\t[vc_tta_accordion title_tag=&#8221;h3&#8243; section_title_tag=&#8221;h3&#8243; active_section=&#8221;&#8221; collapsible_all=&#8221;true&#8221;][vc_tta_section title=&#8221;Info &amp; Scheda Prodotto&#8221; tab_id=&#8221;1769610563451-94af4f99-4bc4&#8243;]\t\t<div id=\"wd-697a1d8c045ed\" class=\"wd-text-block wd-wpb reset-last-child wd-rs-697a1d8c045ed text-left \">\n\t\t\t<ul>\n<li>Opzione 1 &#8211; <a href=\"https:\/\/www.marinigerardi.it\/shop\/prodotto\/tendine-cucina-a-vetro\/\">Tendine cucina a vetro<\/a> con tunnel passante da 2 cm in alto e in basso.<\/li>\n<li>Opzione 2 &#8211; Tendine cucina a vetro con asole a passanti in alto e tunnel da 2 cm. in basso;<\/li>\n<li>Base tendine colori chiari: Bianco Ottico, Bianco Naturale, Panna, Grigio;<\/li>\n<li>Il prezzo \u00e8 inteso per ogni singola tendina;<\/li>\n<li>Prodotto Sartoriale anche su misura.<\/li>\n<\/ul>\n<p><strong>Per le misure non incluse<\/strong>, si prega inviare il dettaglio della dimensione desiderata all&#8217; indirizzo mail <strong>assistenza@marinigerardi.it<\/strong><\/p>\n\t\t<\/div>\n\t\t[\/vc_tta_section][\/vc_tta_accordion][\/vc_column][vc_column width=&#8221;1\/2&#8243;][vc_single_image image=&#8221;66566&#8243; img_size=&#8221;large&#8221; alignment=&#8221;center&#8221; style=&#8221;vc_box_shadow&#8221; onclick=&#8221;link_image&#8221; parallax_scroll=&#8221;no&#8221; woodmart_inline=&#8221;no&#8221;][\/vc_column][\/vc_row][vc_row][vc_column]\n\t\t<div id=\"wd-697a1e2636414\" class=\"title-wrapper wd-wpb wd-set-mb reset-last-child  wd-rs-697a1e2636414 wd-title-color-primary wd-title-style-underlined text-center justify  wd-underline-colored\">\n\t\t\t\n\t\t\t<div class=\"liner-continer\">\n\t\t\t\t<h3 class=\"woodmart-title-container title  wd-font-weight- wd-fontsize-l\" >SPERANZA - Tendine Cucina a vetro in Lino con foglie design doppio colore<\/h3>\n\t\t\t\t\t\t\t<\/div>\n\t\t\t\n\t\t\t\t\t\t\t<div class=\"title-after_title reset-last-child  wd-fontsize-xs\">Marini&amp;Gerardi solo prodotti di qualit\u00e0<\/div>\n\t\t\t\n\t\t\t\n\t\t<\/div>\n\t\t\n\t\t[\/vc_column][\/vc_row][vc_row content_placement=&#8221;middle&#8221; woodmart_bg_position=&#8221;center-bottom&#8221; css=&#8221;.vc_custom_1691089621230{background-color: #f3f3f3 !important;background-position: 0 0 !important;background-repeat: no-repeat !important;}&#8221; el_class=&#8221;mobile-bg-img-hidden&#8221; mobile_bg_img_hidden=&#8221;no&#8221; tablet_bg_img_hidden=&#8221;no&#8221; woodmart_parallax=&#8221;0&#8243; woodmart_gradient_switch=&#8221;no&#8221; row_reverse_mobile=&#8221;0&#8243; row_reverse_tablet=&#8221;0&#8243; woodmart_disable_overflow=&#8221;0&#8243; woodmart_css_id=&#8221;64cbfacb244a5&#8243; responsive_spacing=&#8221;eyJwYXJhbV90eXBlIjoid29vZG1hcnRfcmVzcG9uc2l2ZV9zcGFjaW5nIiwic2VsZWN0b3JfaWQiOiI2NGNiZmFjYjI0NGE1Iiwic2hvcnRjb2RlIjoidmNfcm93IiwiZGF0YSI6eyJ0YWJsZXQiOnt9LCJtb2JpbGUiOnt9fX0=&#8221; woodmart_box_shadow=&#8221;yes&#8221; wd_box_shadow=&#8221;eyJkZXZpY2VzIjp7ImRlc2t0b3AiOnsiaG9yaXpvbnRhbCI6IjAiLCJ2ZXJ0aWNhbCI6IjAiLCJibHVyIjoiOSIsInNwcmVhZCI6IjAiLCJjb2xvciI6InJnYmEoMCwgMCwgMCwgLjE1KSJ9fX0=&#8221; wd_z_index=&#8221;no&#8221;][vc_column mobile_bg_img_hidden=&#8221;no&#8221; tablet_bg_img_hidden=&#8221;no&#8221; woodmart_parallax=&#8221;0&#8243; woodmart_sticky_column=&#8221;false&#8221; parallax_scroll=&#8221;no&#8221; mobile_reset_margin=&#8221;no&#8221; tablet_reset_margin=&#8221;no&#8221;][vc_single_image image=&#8221;66565&#8243; img_size=&#8221;full&#8221; alignment=&#8221;center&#8221; onclick=&#8221;link_image&#8221; css=&#8221;&#8221; parallax_scroll=&#8221;no&#8221; woodmart_inline=&#8221;no&#8221;][\/vc_column][\/vc_row][vc_row][vc_column]\n\t\t<div id=\"wd-697a1e37ed282\" class=\"title-wrapper wd-wpb wd-set-mb reset-last-child  wd-rs-697a1e37ed282 wd-title-color-default wd-title-style-bordered text-left  wd-underline-colored\">\n\t\t\t\n\t\t\t<div class=\"liner-continer\">\n\t\t\t\t<h3 class=\"woodmart-title-container title  wd-font-weight- wd-fontsize-l\" >Tendine Cucina a vetro<\/h3>\n\t\t\t\t\t\t\t<\/div>\n\t\t\t\n\t\t\t\n\t\t\t\n\t\t<\/div>\n\t\t\n\t\t\t\t<div id=\"wd-65e36818abfa8\" class=\"wd-text-block wd-wpb reset-last-child wd-rs-65e36818abfa8 text-left \">\n\t\t\t<p>Come nel caso delle tende da cucina a vetro, c&#8217;\u00e8 molta attenzione sia alla qualit\u00e0 dei materiali che al design artigianale. L&#8217;uso del puro lino con un design tinto in capo nel vostro laboratorio contribuisce a creare un aspetto unico e distintivo per queste tende da cucina. L&#8217;idea che ogni piccola difformit\u00e0 nel disegno sia una peculiarit\u00e0 unica aggiunge un tocco di autenticit\u00e0 e artigianalit\u00e0 al prodotto.<br \/>\nLa menzione della trama trasparente e delicata del tessuto che esalta le qualit\u00e0 naturali del lino suggerisce che abbiamo scelto attentamente i materiali per ottenere l&#8217;effetto desiderato.<br \/>\n<strong>L&#8217;importanza di unire funzionalit\u00e0 ed estetica<\/strong> nelle tende da cucina a vetro \u00e8 sottolineata, insieme alla capacit\u00e0 di esprimere lo stile e la personalit\u00e0 di chi abita lo spazio. \u00c8 interessante notare come si sia ribadito l&#8217;idea che anche in cucina, le tende a vetro possono essere un elemento di eleganza e stile, specialmente quando sono caratterizzate da un design semplice ed essenziale.<br \/>\n<strong>Infine, la menzione del lino come materiale versatile<\/strong> e popolare nell&#8217;interior design contemporaneo suggerisce che queste tende da cucina a vetro possono adattarsi a una variet\u00e0 di stili e ambienti.<\/p>\n<p><strong>In conclusione, le &#8220;Tende da Cucina a Vetro Moderne SPERANZA&#8221; sembrano essere un&#8217;aggiunta affascinante e versatile alla nostra collezione di prodotti, ideali per chi cerca un tocco di eleganza naturale e rurale nella propria cucina.<\/strong><\/p>\n\t\t<\/div>\n\t\t[\/vc_column][\/vc_row]<\/p>\n<\/div>","protected":false},"excerpt":{"rendered":"<p style=\"text-align: justify;\"><strong>SPERANZA &#8211; Tendine Cucina a vetro\u00a0 elegantemente in lino e design a foglie &#8211;<\/strong> Colori base: Bianco Ottico, Bianco Naturale, Panna, Grigio + design unico tinto in capo\u00a0 nel nostro laboratorio.<\/p>\n","protected":false},"featured_media":66567,"template":"","meta":[],"product_brand":[],"product_cat":[2411,3869,3160,3161],"product_tag":[],"class_list":{"0":"post-66556","1":"product","2":"type-product","3":"status-publish","4":"has-post-thumbnail","6":"product_cat-tende-a-vetro","7":"product_cat-tende-da-vetro-moderne","8":"product_cat-tendine","9":"product_cat-tendine-moderne","11":"first","12":"instock","13":"taxable","14":"shipping-taxable","15":"purchasable","16":"product-type-simple"},"_links":{"self":[{"href":"https:\/\/www.marinigerardi.it\/shop\/wp-json\/wp\/v2\/product\/66556","targetHints":{"allow":["GET"]}}],"collection":[{"href":"https:\/\/www.marinigerardi.it\/shop\/wp-json\/wp\/v2\/product"}],"about":[{"href":"https:\/\/www.marinigerardi.it\/shop\/wp-json\/wp\/v2\/types\/product"}],"wp:featuredmedia":[{"embeddable":true,"href":"https:\/\/www.marinigerardi.it\/shop\/wp-json\/wp\/v2\/media\/66567"}],"wp:attachment":[{"href":"https:\/\/www.marinigerardi.it\/shop\/wp-json\/wp\/v2\/media?parent=66556"}],"wp:term":[{"taxonomy":"product_brand","embeddable":true,"href":"https:\/\/www.marinigerardi.it\/shop\/wp-json\/wp\/v2\/product_brand?post=66556"},{"taxonomy":"product_cat","embeddable":true,"href":"https:\/\/www.marinigerardi.it\/shop\/wp-json\/wp\/v2\/product_cat?post=66556"},{"taxonomy":"product_tag","embeddable":true,"href":"https:\/\/www.marinigerardi.it\/shop\/wp-json\/wp\/v2\/product_tag?post=66556"}],"curies":[{"name":"wp","href":"https:\/\/api.w.org\/{rel}","templated":true}]}}