{"id":66428,"date":"2024-02-26T08:21:52","date_gmt":"2024-02-26T08:21:52","guid":{"rendered":"https:\/\/www.marinigerardi.it\/shop\/?post_type=product&#038;p=66428"},"modified":"2025-06-15T21:21:20","modified_gmt":"2025-06-15T21:21:20","slug":"tendine-di-lino-per-cucina-soggiorno-moderno","status":"publish","type":"product","link":"https:\/\/www.marinigerardi.it\/shop\/prodotto\/tendine-di-lino-per-cucina-soggiorno-moderno\/","title":{"rendered":"ANTARES (mini) Tendine di Lino per cucina soggiorno moderno"},"content":{"rendered":"<div class=\"wpb-content-wrapper\"><p>[vc_row equal_height=&#8221;yes&#8221; mobile_bg_img_hidden=&#8221;no&#8221; tablet_bg_img_hidden=&#8221;no&#8221; woodmart_parallax=&#8221;0&#8243; woodmart_gradient_switch=&#8221;no&#8221; row_reverse_mobile=&#8221;0&#8243; row_reverse_tablet=&#8221;0&#8243; woodmart_disable_overflow=&#8221;0&#8243;][vc_column offset=&#8221;vc_col-lg-6 vc_col-md-6&#8243; mobile_bg_img_hidden=&#8221;no&#8221; tablet_bg_img_hidden=&#8221;no&#8221; woodmart_parallax=&#8221;0&#8243; woodmart_sticky_column=&#8221;false&#8221; parallax_scroll=&#8221;no&#8221; mobile_reset_margin=&#8221;no&#8221; tablet_reset_margin=&#8221;no&#8221; css=&#8221;.vc_custom_1613071403480{margin-top: 0px !important;}&#8221;]\n\t\t<div id=\"wd-684f38e362560\" class=\"title-wrapper wd-wpb wd-set-mb reset-last-child  wd-rs-684f38e362560 wd-title-color-primary wd-title-style-bordered text-left vc_custom_1750022397465 wd-underline-colored\">\n\t\t\t\n\t\t\t<div class=\"liner-continer\">\n\t\t\t\t<h2 class=\"woodmart-title-container title  wd-font-weight-600 wd-fontsize-l\" >ANTARES (mini) Tendine di Lino per cucina soggiorno moderno<\/h2>\n\t\t\t\t\t\t\t<\/div>\n\t\t\t\n\t\t\t\n\t\t\t\n\t\t<\/div>\n\t\t\n\t\t[vc_column_text text_larger=&#8221;no&#8221; woodmart_inline=&#8221;no&#8221;]<\/p>\n<p style=\"text-align: justify;\"><strong>Un Tocco Distintivo di Qualit\u00e0<\/strong><br \/>\nLa nostra attenzione meticolosa ai dettagli si traduce in un prodotto di prima qualit\u00e0 che avvolge la tua casa con un&#8217;atmosfera unica. Realizzate con materiali di altissima qualit\u00e0, le <a href=\"https:\/\/www.marinigerardi.it\/shop\/prodotto\/tendine-di-lino-per-cucina-soggiorno-moderno\/\">tendine in lino<\/a> offrono luminosit\u00e0 e delicatezza, ideali per creare un&#8217;atmosfera accogliente senza compromettere la luce naturale.<\/p>\n<p>[\/vc_column_text]\t\t\t<div class=\"info-box-wrapper\">\n\t\t\t\t<div id=\"wd-66c061f4532a9\" class=\" wd-rs-66c061f4532a9 wd-info-box wd-wpb text-left box-icon-align-top box-style-border color-scheme- wd-bg-none \">\n\t\t\t\t\t\t\t\t\t\t<div class=\"info-box-content\">\n\t\t\t\t\t\t\t\t\t\t\t\t<div class=\"info-box-inner reset-last-child\"><\/p>\n<ul>\n<li>Tessuto lino italiano 100%<\/li>\n<li>Opzione 1 &#8211; Tendine di Lino per cucina con tunnel passante da 2 cm in alto e in basso.<\/li>\n<li>Opzione 2 &#8211; Tendine di Lino per cucina a vetro con asole a passanti in alto e tunnel da 2 cm. in basso.<\/li>\n<li>Tendine con motivo bicolore a fiori stilizzati disegnati a mano.<\/li>\n<li>Pannello Base in 4 colori + Design originale.<\/li>\n<li>Tessuto in lino con finissaggio morbido e delicato al tatto \/ tessuto semitrasparente<\/li>\n<\/ul>\n<p><strong>Marini &amp; Gerardi offre un servizio su misura altamente apprezzato,<\/strong> garantendo la massima personalizzazione per soddisfare ogni esigenza. <strong>Contattateci via email: assistenza@marinigerardi.it o WhatsApp:<\/strong> il nostro team sar\u00e0 lieto di assistervi e consigliarvi, assicurando la vostra completa soddisfazione.<\/p>\n<\/div>\n\n\t\t\t\t\t\t\t\t\t\t\t<\/div>\n\n\t\t\t\t\t\n\t\t\t\t\t\t\t\t\t<\/div>\n\t\t\t<\/div>\n\t\t[\/vc_column][vc_column css=&#8221;.vc_custom_1612434787067{background-position: center !important;background-repeat: no-repeat !important;background-size: cover !important;}&#8221; offset=&#8221;vc_col-lg-6 vc_col-md-6&#8243; mobile_bg_img_hidden=&#8221;no&#8221; tablet_bg_img_hidden=&#8221;no&#8221; woodmart_parallax=&#8221;0&#8243; woodmart_sticky_column=&#8221;false&#8221; parallax_scroll=&#8221;no&#8221; mobile_reset_margin=&#8221;no&#8221; tablet_reset_margin=&#8221;no&#8221;][vc_single_image image=&#8221;66433&#8243; img_size=&#8221;large&#8221; alignment=&#8221;center&#8221; onclick=&#8221;link_image&#8221; parallax_scroll=&#8221;no&#8221; woodmart_inline=&#8221;no&#8221;][\/vc_column][\/vc_row][vc_row][vc_column][vc_text_separator title=&#8221;&#8221; css=&#8221;.vc_custom_1750022406493{margin-top: 20px !important;margin-bottom: 20px !important;}&#8221;]\n\t\t<div id=\"wd-684f39025db7e\" class=\"title-wrapper wd-wpb wd-set-mb reset-last-child  wd-rs-684f39025db7e wd-title-color-default wd-title-style-default text-center  wd-underline-colored\">\n\t\t\t\n\t\t\t<div class=\"liner-continer\">\n\t\t\t\t<h3 class=\"woodmart-title-container title  wd-font-weight-600 wd-fontsize-l\" >Tendine di Lino per cucina<\/h3>\n\t\t\t\t\t\t\t<\/div>\n\t\t\t\n\t\t\t\n\t\t\t\n\t\t<\/div>\n\t\t\n\t\t[\/vc_column][\/vc_row][vc_row content_placement=&#8221;middle&#8221; woodmart_bg_position=&#8221;center-bottom&#8221; css=&#8221;.vc_custom_1702838728808{background-color: #f3f3f3 !important;background-position: 0 0 !important;background-repeat: no-repeat !important;}&#8221; el_class=&#8221;mobile-bg-img-hidden&#8221; mobile_bg_img_hidden=&#8221;no&#8221; tablet_bg_img_hidden=&#8221;no&#8221; woodmart_parallax=&#8221;0&#8243; woodmart_gradient_switch=&#8221;no&#8221; row_reverse_mobile=&#8221;0&#8243; row_reverse_tablet=&#8221;0&#8243; woodmart_disable_overflow=&#8221;0&#8243; woodmart_css_id=&#8221;657f41c1db6ac&#8221; responsive_spacing=&#8221;eyJwYXJhbV90eXBlIjoid29vZG1hcnRfcmVzcG9uc2l2ZV9zcGFjaW5nIiwic2VsZWN0b3JfaWQiOiI2NTdmNDFjMWRiNmFjIiwic2hvcnRjb2RlIjoidmNfcm93IiwiZGF0YSI6eyJ0YWJsZXQiOnt9LCJtb2JpbGUiOnt9fX0=&#8221; woodmart_box_shadow=&#8221;yes&#8221; wd_box_shadow=&#8221;eyJkZXZpY2VzIjp7ImRlc2t0b3AiOnsiaG9yaXpvbnRhbCI6IjAiLCJ2ZXJ0aWNhbCI6IjAiLCJibHVyIjoiOSIsInNwcmVhZCI6IjAiLCJjb2xvciI6InJnYmEoMCwgMCwgMCwgLjE1KSJ9fX0=&#8221; wd_z_index=&#8221;no&#8221;][vc_column mobile_bg_img_hidden=&#8221;no&#8221; tablet_bg_img_hidden=&#8221;no&#8221; woodmart_parallax=&#8221;0&#8243; woodmart_sticky_column=&#8221;false&#8221; parallax_scroll=&#8221;no&#8221; mobile_reset_margin=&#8221;no&#8221; tablet_reset_margin=&#8221;no&#8221;][vc_single_image image=&#8221;66434&#8243; img_size=&#8221;full&#8221; alignment=&#8221;center&#8221; onclick=&#8221;link_image&#8221; parallax_scroll=&#8221;no&#8221; woodmart_inline=&#8221;no&#8221;][\/vc_column][\/vc_row][vc_row][vc_column]\n\t\t<div id=\"wd-684f391247e2a\" class=\"title-wrapper wd-wpb wd-set-mb reset-last-child  wd-rs-684f391247e2a wd-title-color-primary wd-title-style-bordered text-left justify  wd-underline-colored\">\n\t\t\t\n\t\t\t<div class=\"liner-continer\">\n\t\t\t\t<h3 class=\"woodmart-title-container title  wd-font-weight-600 wd-fontsize-l\" >ANTARES (mini) Tendine di Lino per cucina soggiorno moderno<\/h3>\n\t\t\t\t\t\t\t<\/div>\n\t\t\t\n\t\t\t\t\t\t\t<div class=\"title-after_title reset-last-child  wd-fontsize-xs\">l\u2019eleganza arriva dalla natura!<\/div>\n\t\t\t\n\t\t\t\n\t\t<\/div>\n\t\t\n\t\t[vc_column_text text_larger=&#8221;no&#8221; woodmart_inline=&#8221;no&#8221;]<\/p>\n<p style=\"text-align: justify;\"><strong>Stile e Funzionalit\u00e0 in Armonia<\/strong><br \/>\nProteggi la tua privacy da sguardi indiscreti senza rinunciare alla piacevole luminosit\u00e0 degli ambienti domestici. Le tendine ANTARES (mini) sono disponibili non solo in bianco, ma anche in altre tonalit\u00e0 chiare che avvolgono la stanza con un tocco magico e delicato, regalandoti un&#8217;esperienza visiva senza pari.<\/p>\n<p style=\"text-align: justify;\"><strong>Eleganza Naturale al Cuore del Design<\/strong><br \/>\nEsprimiamo la nostra creativit\u00e0 attraverso ogni singola tendina, portando freschezza, modernit\u00e0 ed esclusivit\u00e0 nel tuo spazio abitativo. L&#8217;uso sapiente del lino, con la sua luminosit\u00e0 intrinseca, crea un&#8217;armonia visiva e sensoriale unica nel suo genere.<\/p>\n<p style=\"text-align: justify;\"><strong>Artigianato e Modernit\u00e0 si Fondono<\/strong><br \/>\nOgni dettaglio delle nostre tendine in lino \u00e8 un&#8217;opera d&#8217;arte artigianale, dove il design contemporaneo si unisce perfettamente alla tradizione. Le tonalit\u00e0 chiare e delicate del puro lino ti offrono la libert\u00e0 di personalizzare il tuo spazio secondo il tuo stile unico e personale, creando un ambiente che riflette la tua individualit\u00e0.<\/p>\n<p>[\/vc_column_text][\/vc_column][\/vc_row]<\/p>\n<\/div>","protected":false},"excerpt":{"rendered":"<p style=\"text-align: justify;\"><strong>ANTARES &#8211; Tendine di Lino per cucina <\/strong>una collezione moderna dalla raffinata qualit\u00e0 che arreda ogni spazio con un\u00a0 tocco di eleganza e fresca leggerezza ed unicit\u00e0.<\/p>\n","protected":false},"featured_media":66429,"template":"","meta":[],"product_brand":[],"product_cat":[2411,3869],"product_tag":[],"class_list":{"0":"post-66428","1":"product","2":"type-product","3":"status-publish","4":"has-post-thumbnail","6":"product_cat-tende-a-vetro","7":"product_cat-tende-da-vetro-moderne","9":"first","10":"instock","11":"taxable","12":"shipping-taxable","13":"purchasable","14":"product-type-simple"},"_links":{"self":[{"href":"https:\/\/www.marinigerardi.it\/shop\/wp-json\/wp\/v2\/product\/66428","targetHints":{"allow":["GET"]}}],"collection":[{"href":"https:\/\/www.marinigerardi.it\/shop\/wp-json\/wp\/v2\/product"}],"about":[{"href":"https:\/\/www.marinigerardi.it\/shop\/wp-json\/wp\/v2\/types\/product"}],"wp:featuredmedia":[{"embeddable":true,"href":"https:\/\/www.marinigerardi.it\/shop\/wp-json\/wp\/v2\/media\/66429"}],"wp:attachment":[{"href":"https:\/\/www.marinigerardi.it\/shop\/wp-json\/wp\/v2\/media?parent=66428"}],"wp:term":[{"taxonomy":"product_brand","embeddable":true,"href":"https:\/\/www.marinigerardi.it\/shop\/wp-json\/wp\/v2\/product_brand?post=66428"},{"taxonomy":"product_cat","embeddable":true,"href":"https:\/\/www.marinigerardi.it\/shop\/wp-json\/wp\/v2\/product_cat?post=66428"},{"taxonomy":"product_tag","embeddable":true,"href":"https:\/\/www.marinigerardi.it\/shop\/wp-json\/wp\/v2\/product_tag?post=66428"}],"curies":[{"name":"wp","href":"https:\/\/api.w.org\/{rel}","templated":true}]}}