{"id":66393,"date":"2024-02-22T20:04:42","date_gmt":"2024-02-22T20:04:42","guid":{"rendered":"https:\/\/www.marinigerardi.it\/shop\/?post_type=product&#038;p=66393"},"modified":"2025-04-14T17:01:12","modified_gmt":"2025-04-14T17:01:12","slug":"tessuto-velluto-per-tappezzeria-divani","status":"publish","type":"product","link":"https:\/\/www.marinigerardi.it\/shop\/prodotto\/tessuto-velluto-per-tappezzeria-divani\/","title":{"rendered":"CANOVA VIP &#8211; Tessuto Velluto per Tappezzeria Divani &#8211; Luxury Couture"},"content":{"rendered":"<div class=\"wpb-content-wrapper\"><p>[vc_row equal_height=&#8221;yes&#8221; mobile_bg_img_hidden=&#8221;no&#8221; tablet_bg_img_hidden=&#8221;no&#8221; woodmart_parallax=&#8221;0&#8243; woodmart_gradient_switch=&#8221;no&#8221; row_reverse_mobile=&#8221;0&#8243; row_reverse_tablet=&#8221;0&#8243; woodmart_disable_overflow=&#8221;0&#8243;][vc_column offset=&#8221;vc_col-lg-6 vc_col-md-6&#8243; mobile_bg_img_hidden=&#8221;no&#8221; tablet_bg_img_hidden=&#8221;no&#8221; woodmart_parallax=&#8221;0&#8243; woodmart_sticky_column=&#8221;false&#8221; parallax_scroll=&#8221;no&#8221; mobile_reset_margin=&#8221;no&#8221; tablet_reset_margin=&#8221;no&#8221; css=&#8221;.vc_custom_1613071403480{margin-top: 0px !important;}&#8221;]\n\t\t<div id=\"wd-67fd3e7d96b98\" class=\"title-wrapper wd-wpb wd-set-mb reset-last-child  wd-rs-67fd3e7d96b98 wd-title-color-primary wd-title-style-bordered text-left vc_custom_1744649890790 wd-underline-colored\">\n\t\t\t\n\t\t\t<div class=\"liner-continer\">\n\t\t\t\t<h2 class=\"woodmart-title-container title  wd-font-weight-500 wd-fontsize-l\" >CANOVA VIP - Tessuto Velluto per Tappezzeria Divani - Luxury Couture<\/h2>\n\t\t\t\t\t\t\t<\/div>\n\t\t\t\n\t\t\t\t\t\t\t<div class=\"title-after_title reset-last-child  wd-fontsize-xs\">I prodotti migliori e in linea con le pi\u00f9 moderne tendenze.<\/div>\n\t\t\t\n\t\t\t\n\t\t<\/div>\n\t\t\n\t\t\t\t<div id=\"wd-65ee0bec49960\" class=\"wd-text-block wd-wpb reset-last-child wd-rs-65ee0bec49960 text-left \">\n\t\t\t<p style=\"text-align: justify;\">La qualit\u00e0 di questo velluto e di primo impatto sia visivo che tattile il peso e la sua struttura sono percepibili al tocco cosi come i colori e le texture conferiscono un effetto visivo immediato.<br \/>\nL&#8217;articolo CANOVA \u00e8 difficilmente confondibile con altri.<\/p>\n\t\t<\/div>\n\t\t[vc_message message_box_style=&#8221;outline&#8221; message_box_color=&#8221;grey&#8221; css=&#8221;&#8221;]<\/p>\n<ul>\n<li><strong>Composizione<\/strong> Tessuto Velluto per Tappezzeria &#8211; 67% PAN &#8211; 2% TEXTUREI PES &#8211; 12% PES &#8211;<\/li>\n<li><strong>Martindale<\/strong> 50.000<\/li>\n<li><strong>Altezza<\/strong> h: 143 cm. &#8211; <strong>Peso:<\/strong> 820 g\/m.<\/li>\n<\/ul>\n<p>[\/vc_message]<div id=\"wd-61d458f0d754b\" class=\" wd-rs-61d458f0d754b  wd-button-wrapper text-left\"><a href=\"https:\/\/www.marinigerardi.it\/shop\/guida-come-calcolare-il-metraggio-dei-tessuti\/\" title=\"Guida Come Calcolare il Metraggio dei Tessuti\" target=\"_blank\" class=\"btn btn-style-link btn-shape-rectangle btn-size-default btn-icon-pos-left\">Guida Come Calcolare il Metraggio dei Tessuti<span class=\"wd-btn-icon\"><span class=\"wd-icon far fa-arrow-alt-circle-right\"><\/span><\/span><\/a><\/div>[\/vc_column][vc_column css=&#8221;.vc_custom_1612434787067{background-position: center !important;background-repeat: no-repeat !important;background-size: cover !important;}&#8221; offset=&#8221;vc_col-lg-6 vc_col-md-6&#8243; mobile_bg_img_hidden=&#8221;no&#8221; tablet_bg_img_hidden=&#8221;no&#8221; woodmart_parallax=&#8221;0&#8243; woodmart_sticky_column=&#8221;false&#8221; parallax_scroll=&#8221;no&#8221; mobile_reset_margin=&#8221;no&#8221; tablet_reset_margin=&#8221;no&#8221;][vc_single_image image=&#8221;66638&#8243; img_size=&#8221;large&#8221; add_caption=&#8221;yes&#8221; alignment=&#8221;center&#8221; style=&#8221;vc_box_shadow&#8221; onclick=&#8221;link_image&#8221; parallax_scroll=&#8221;no&#8221; woodmart_inline=&#8221;no&#8221;][\/vc_column][\/vc_row][vc_row][vc_column]\n\t\t<div id=\"wd-67fd3e9e7e5ab\" class=\"title-wrapper wd-wpb wd-set-mb reset-last-child  wd-rs-67fd3e9e7e5ab wd-title-color-default wd-title-style-bordered text-center  wd-underline-colored\">\n\t\t\t\n\t\t\t<div class=\"liner-continer\">\n\t\t\t\t<h3 class=\"woodmart-title-container title  wd-font-weight-600 wd-fontsize-l\" >Tessuto Velluto per Tappezzeria Divani<\/h3>\n\t\t\t\t\t\t\t<\/div>\n\t\t\t\n\t\t\t\n\t\t\t\n\t\t<\/div>\n\t\t\n\t\t[\/vc_column][\/vc_row][vc_row content_placement=&#8221;middle&#8221; woodmart_bg_position=&#8221;center-bottom&#8221; css=&#8221;.vc_custom_1710100092859{background-color: #f3f3f3 !important;background-position: 0 0 !important;background-repeat: no-repeat !important;}&#8221; el_class=&#8221;mobile-bg-img-hidden&#8221; mobile_bg_img_hidden=&#8221;no&#8221; tablet_bg_img_hidden=&#8221;no&#8221; woodmart_parallax=&#8221;0&#8243; woodmart_gradient_switch=&#8221;no&#8221; row_reverse_mobile=&#8221;0&#8243; row_reverse_tablet=&#8221;0&#8243; woodmart_disable_overflow=&#8221;0&#8243; woodmart_css_id=&#8221;65ee0e6b1a5a4&#8243; responsive_spacing=&#8221;eyJwYXJhbV90eXBlIjoid29vZG1hcnRfcmVzcG9uc2l2ZV9zcGFjaW5nIiwic2VsZWN0b3JfaWQiOiI2NWVlMGU2YjFhNWE0Iiwic2hvcnRjb2RlIjoidmNfcm93IiwiZGF0YSI6eyJ0YWJsZXQiOnt9LCJtb2JpbGUiOnt9fX0=&#8221; woodmart_box_shadow=&#8221;yes&#8221; wd_z_index=&#8221;no&#8221; wd_box_shadow=&#8221;eyJkZXZpY2VzIjp7ImRlc2t0b3AiOnsiaG9yaXpvbnRhbCI6IjAiLCJ2ZXJ0aWNhbCI6IjAiLCJibHVyIjoiOSIsInNwcmVhZCI6IjAiLCJjb2xvciI6InJnYmEoMCwgMCwgMCwgLjE1KSJ9fX0=&#8221;][vc_column mobile_bg_img_hidden=&#8221;no&#8221; tablet_bg_img_hidden=&#8221;no&#8221; woodmart_parallax=&#8221;0&#8243; woodmart_sticky_column=&#8221;false&#8221; parallax_scroll=&#8221;no&#8221; mobile_reset_margin=&#8221;no&#8221; tablet_reset_margin=&#8221;no&#8221; woodmart_css_id=&#8221;61d4596bdce1f&#8221; wd_collapsible_content_switcher=&#8221;no&#8221; woodmart_box_shadow=&#8221;no&#8221; wd_z_index=&#8221;no&#8221;][vc_single_image image=&#8221;66639&#8243; img_size=&#8221;full&#8221; alignment=&#8221;center&#8221; style=&#8221;vc_box_shadow&#8221; onclick=&#8221;link_image&#8221; parallax_scroll=&#8221;no&#8221; woodmart_inline=&#8221;no&#8221;][\/vc_column][\/vc_row][vc_row][vc_column]\n\t\t<div id=\"wd-67fd3eb3de361\" class=\"title-wrapper wd-wpb wd-set-mb reset-last-child  wd-rs-67fd3eb3de361 wd-title-color-primary wd-title-style-bordered text-left justify  wd-underline-colored\">\n\t\t\t\n\t\t\t<div class=\"liner-continer\">\n\t\t\t\t<h3 class=\"woodmart-title-container title  wd-font-weight-600 wd-fontsize-l\" >CANOVA VIP - Tessuto Velluto per Tappezzeria Divani - Luxury Couture<\/h3>\n\t\t\t\t\t\t\t<\/div>\n\t\t\t\n\t\t\t\t\t\t\t<div class=\"title-after_title reset-last-child  wd-fontsize-xs\">TESSUTI D'ARREDAMENTO DI ALTA GAMMA PER IL SETTORE CASA, DESIGN, CONTRACT E OUTDOOR<\/div>\n\t\t\t\n\t\t\t\n\t\t<\/div>\n\t\t\n\t\t[vc_column_text text_larger=&#8221;no&#8221; woodmart_inline=&#8221;no&#8221;]<\/p>\n<p style=\"text-align: justify;\">Tradizionalmente associato a uno stile vintage, il velluto moderno abbraccia con grazia e versatilit\u00e0 ogni ambiente della casa. I divani, poltrone e letti in velluto incarnano l&#8217;essenza stessa della raffinatezza, donando un tocco di lusso e classe ad ogni spazio.<br \/>\n<strong>Lussuosa morbidezza e splendidi colori m\u00e9lange<\/strong><br \/>\nIl tessuto Canova \u00e8 una sinfonia di sensazioni tattili e visive. La sua mano morbida avvolge ogni superficie con un comfort avvolgente, mentre i suoi colori m\u00e9lange catturano la luce in modo elegante e suggestivo. Ogni pezzo diventa cos\u00ec un&#8217;opera d&#8217;arte, un&#8217;icona di design e modernit\u00e0.<br \/>\n<strong>Un tocco di design e modernit\u00e0<\/strong><br \/>\nSia che tu stia arredando un salotto dallo stile classico o una stanza dal design contemporaneo, il velluto Canova si adatta con disinvoltura a ogni contesto, conferendo un&#8217;aura di lusso e sofisticatezza che non passa inosservata.<br \/>\nScopri il lusso e la bellezza senza tempo dei nostri tessuti Canova e trasforma ogni angolo della tua casa in un&#8217;opera unica insostituibile.<\/p>\n<p>[\/vc_column_text][\/vc_column][\/vc_row]<\/p>\n<\/div>","protected":false},"excerpt":{"rendered":"<p style=\"text-align: justify;\">Lussuoso, raffinato, intramontabile: <strong>tessuto velluto,<\/strong> protagonista indiscusso di eleganza e comfort, trova la sua massima espressione nei nostri <strong>tessuti CANOVA.<\/strong><\/p>\n","protected":false},"featured_media":66637,"template":"","meta":[],"product_brand":[],"product_cat":[3585,550,3063],"product_tag":[],"class_list":{"0":"post-66393","1":"product","2":"type-product","3":"status-publish","4":"has-post-thumbnail","6":"product_cat-tappezzeria-divani","7":"product_cat-tessuti-per-tappezzeria","8":"product_cat-velluto","10":"first","11":"instock","12":"sold-individually","13":"taxable","14":"shipping-taxable","15":"purchasable","16":"product-type-simple"},"_links":{"self":[{"href":"https:\/\/www.marinigerardi.it\/shop\/wp-json\/wp\/v2\/product\/66393","targetHints":{"allow":["GET"]}}],"collection":[{"href":"https:\/\/www.marinigerardi.it\/shop\/wp-json\/wp\/v2\/product"}],"about":[{"href":"https:\/\/www.marinigerardi.it\/shop\/wp-json\/wp\/v2\/types\/product"}],"wp:featuredmedia":[{"embeddable":true,"href":"https:\/\/www.marinigerardi.it\/shop\/wp-json\/wp\/v2\/media\/66637"}],"wp:attachment":[{"href":"https:\/\/www.marinigerardi.it\/shop\/wp-json\/wp\/v2\/media?parent=66393"}],"wp:term":[{"taxonomy":"product_brand","embeddable":true,"href":"https:\/\/www.marinigerardi.it\/shop\/wp-json\/wp\/v2\/product_brand?post=66393"},{"taxonomy":"product_cat","embeddable":true,"href":"https:\/\/www.marinigerardi.it\/shop\/wp-json\/wp\/v2\/product_cat?post=66393"},{"taxonomy":"product_tag","embeddable":true,"href":"https:\/\/www.marinigerardi.it\/shop\/wp-json\/wp\/v2\/product_tag?post=66393"}],"curies":[{"name":"wp","href":"https:\/\/api.w.org\/{rel}","templated":true}]}}