{"id":66272,"date":"2024-02-14T21:28:35","date_gmt":"2024-02-14T21:28:35","guid":{"rendered":"https:\/\/www.marinigerardi.it\/shop\/?post_type=product&#038;p=66272"},"modified":"2025-12-21T00:48:38","modified_gmt":"2025-12-21T00:48:38","slug":"tovaglie-di-lusso-in-lino","status":"publish","type":"product","link":"https:\/\/www.marinigerardi.it\/shop\/prodotto\/tovaglie-di-lusso-in-lino\/","title":{"rendered":"MELISSANO &#8211; Tovaglie di lusso in Lino Stropicciato Eleganti e Moderne"},"content":{"rendered":"<div class=\"wpb-content-wrapper\"><p>[vc_row equal_height=&#8221;yes&#8221; mobile_bg_img_hidden=&#8221;no&#8221; tablet_bg_img_hidden=&#8221;no&#8221; woodmart_parallax=&#8221;0&#8243; woodmart_gradient_switch=&#8221;no&#8221; row_reverse_mobile=&#8221;0&#8243; row_reverse_tablet=&#8221;0&#8243; woodmart_disable_overflow=&#8221;0&#8243;][vc_column offset=&#8221;vc_col-lg-6 vc_col-md-6&#8243; mobile_bg_img_hidden=&#8221;no&#8221; tablet_bg_img_hidden=&#8221;no&#8221; woodmart_parallax=&#8221;0&#8243; woodmart_sticky_column=&#8221;false&#8221; parallax_scroll=&#8221;no&#8221; mobile_reset_margin=&#8221;no&#8221; tablet_reset_margin=&#8221;no&#8221; css=&#8221;.vc_custom_1613071403480{margin-top: 0px !important;}&#8221;]\n\t\t<div id=\"wd-694743b7c1cca\" class=\"title-wrapper wd-wpb wd-set-mb reset-last-child  wd-rs-694743b7c1cca wd-title-color-primary wd-title-style-bordered text-left vc_custom_1766278028343 wd-underline-colored\">\n\t\t\t\n\t\t\t<div class=\"liner-continer\">\n\t\t\t\t<h2 class=\"woodmart-title-container title  wd-font-weight- wd-fontsize-l\" >MELISSANO Lino Selvatico Delav\u00e8 - Tovaglie di lusso in Lino Stropicciato Eleganti e Moderne<\/h2>\n\t\t\t\t\t\t\t<\/div>\n\t\t\t\n\t\t\t\n\t\t\t\n\t\t<\/div>\n\t\t\n\t\t\t\t<div id=\"wd-65cd498504187\" class=\"wd-text-block wd-wpb reset-last-child wd-rs-65cd498504187 text-left \">\n\t\t\t<p style=\"text-align: justify;\"><strong>Materiali Preziosi, Artigianato Eccellente<\/strong><\/p>\n<p>Nel nostro laboratorio artigianale, utilizziamo solo il migliore lino 100% per garantire un prodotto di grande pregio. La trama fitta e la mano morbida conferiscono alla tovaglia un aspetto luminoso e un tocco delicato, mentre il leggero stropicciato aggiunge un tocco di raffinatezza senza tempo. <strong>Disponibile in 12 affascinanti combinazioni di colore con cornice a contrasto<\/strong>, la tovaglia MELISSANO si adatta perfettamente a qualsiasi ambiente, dal classico al moderno. <\/p>\n\t\t<\/div>\n\t\t[vc_message message_box_style=&#8221;outline&#8221; message_box_color=&#8221;grey&#8221; css=&#8221;&#8221;]<strong>Tessuto per tovaglie di lusso: <\/strong>100% lino altissima qualit\u00e0 Italiana.<br \/>\n<strong>Peso:<\/strong> gr.210 m\u00b2<br \/>\n<strong>Nota Bene: <\/strong>Il logo Brand sui tovaglioli non \u00e8 compreso. E&#8217; possibile annotare il colore dei tovaglioli nelle note dell&#8217;ordine;<br \/>\n<strong>Colori:<\/strong> 12 disponibili;<br \/>\n<strong>Misure:<\/strong> 180\u00d7180 | 180\u00d7200 | 180\u00d7240 | 180\u00d7260 | 180\u00d7270 | 180\u00d7280 | 180\u00d7300<\/p>\n<p>Per altre misure vi preghiamo di contattarci all&#8217; Indirizzo mail <strong>assistenza@marinigerardi.it<\/strong>[\/vc_message][\/vc_column][vc_column css=&#8221;.vc_custom_1612434787067{background-position: center !important;background-repeat: no-repeat !important;background-size: cover !important;}&#8221; offset=&#8221;vc_col-lg-6 vc_col-md-6&#8243; mobile_bg_img_hidden=&#8221;no&#8221; tablet_bg_img_hidden=&#8221;no&#8221; woodmart_parallax=&#8221;0&#8243; woodmart_sticky_column=&#8221;false&#8221; parallax_scroll=&#8221;no&#8221; mobile_reset_margin=&#8221;no&#8221; tablet_reset_margin=&#8221;no&#8221;][vc_single_image image=&#8221;66280&#8243; img_size=&#8221;large&#8221; alignment=&#8221;center&#8221; onclick=&#8221;link_image&#8221; parallax_scroll=&#8221;no&#8221; woodmart_inline=&#8221;no&#8221;][\/vc_column][\/vc_row][vc_row][vc_column][vc_empty_space woodmart_hide_large=&#8221;0&#8243; woodmart_hide_medium=&#8221;0&#8243; woodmart_hide_small=&#8221;0&#8243;]\n\t\t<div id=\"wd-694743cb64940\" class=\"title-wrapper wd-wpb wd-set-mb reset-last-child  wd-rs-694743cb64940 wd-title-color-default wd-title-style-bordered text-center  wd-underline-colored\">\n\t\t\t\n\t\t\t<div class=\"liner-continer\">\n\t\t\t\t<h3 class=\"woodmart-title-container title  wd-font-weight- wd-fontsize-l\" >Tovaglie di lusso in Lino Stropicciato<\/h3>\n\t\t\t\t\t\t\t<\/div>\n\t\t\t\n\t\t\t\n\t\t\t\n\t\t<\/div>\n\t\t\n\t\t[\/vc_column][\/vc_row][vc_row content_placement=&#8221;middle&#8221; woodmart_bg_position=&#8221;center-bottom&#8221; css=&#8221;.vc_custom_1702838411008{background-color: #f3f3f3 !important;background-position: 0 0 !important;background-repeat: no-repeat !important;}&#8221; el_class=&#8221;mobile-bg-img-hidden&#8221; mobile_bg_img_hidden=&#8221;no&#8221; tablet_bg_img_hidden=&#8221;no&#8221; woodmart_parallax=&#8221;0&#8243; woodmart_gradient_switch=&#8221;no&#8221; row_reverse_mobile=&#8221;0&#8243; row_reverse_tablet=&#8221;0&#8243; woodmart_disable_overflow=&#8221;0&#8243; woodmart_css_id=&#8221;657f40813c265&#8243; responsive_spacing=&#8221;eyJwYXJhbV90eXBlIjoid29vZG1hcnRfcmVzcG9uc2l2ZV9zcGFjaW5nIiwic2VsZWN0b3JfaWQiOiI2NTdmNDA4MTNjMjY1Iiwic2hvcnRjb2RlIjoidmNfcm93IiwiZGF0YSI6eyJ0YWJsZXQiOnt9LCJtb2JpbGUiOnt9fX0=&#8221; woodmart_box_shadow=&#8221;yes&#8221; wd_box_shadow=&#8221;eyJkZXZpY2VzIjp7ImRlc2t0b3AiOnsiaG9yaXpvbnRhbCI6IjAiLCJ2ZXJ0aWNhbCI6IjAiLCJibHVyIjoiOSIsInNwcmVhZCI6IjAiLCJjb2xvciI6InJnYmEoMCwgMCwgMCwgLjE1KSJ9fX0=&#8221; wd_z_index=&#8221;no&#8221;][vc_column mobile_bg_img_hidden=&#8221;no&#8221; tablet_bg_img_hidden=&#8221;no&#8221; woodmart_parallax=&#8221;0&#8243; woodmart_sticky_column=&#8221;false&#8221; parallax_scroll=&#8221;no&#8221; mobile_reset_margin=&#8221;no&#8221; tablet_reset_margin=&#8221;no&#8221;][vc_single_image image=&#8221;66281&#8243; img_size=&#8221;full&#8221; alignment=&#8221;center&#8221; onclick=&#8221;link_image&#8221; parallax_scroll=&#8221;no&#8221; woodmart_inline=&#8221;no&#8221;][\/vc_column][\/vc_row][vc_row][vc_column]\n\t\t<div id=\"wd-694743d70c8bb\" class=\"title-wrapper wd-wpb wd-set-mb reset-last-child  wd-rs-694743d70c8bb wd-title-color-primary wd-title-style-bordered text-center justify  wd-underline-colored\">\n\t\t\t\n\t\t\t<div class=\"liner-continer\">\n\t\t\t\t<h3 class=\"woodmart-title-container title  wd-font-weight- wd-fontsize-l\" >MELISSANO Lino Selvatico Delav\u00e8 - Tovaglie di lusso in Lino Stropicciato Eleganti e Moderne<\/h3>\n\t\t\t\t\t\t\t<\/div>\n\t\t\t\n\t\t\t\t\t\t\t<div class=\"title-after_title reset-last-child  wd-fontsize-xs\">Unica per Grandi Occasion<\/div>\n\t\t\t\n\t\t\t\n\t\t<\/div>\n\t\t\n\t\t[vc_column_text text_larger=&#8221;no&#8221; woodmart_inline=&#8221;no&#8221;]<\/p>\n<p style=\"text-align: justify;\"><strong>Tovaglia Bianca Elegante.. lussuosa in Total White:<\/strong> dove bere il buon vino della rinomata cantina vinicola, o assaggiare le frise tra le pi\u00f9\u2018\u00a0buone del Salento per\u00a0una Tovaglia\u00a0di <a href=\"http:\/\/purolino.net\/\" target=\"_blank\" rel=\"noopener nofollow\">lino<\/a> ispirata e dedicata alle suggestioni e alle tradizioni del Salento. Questa <a href=\"https:\/\/www.marinigerardi.it\/shop\/prodotto\/tovaglie-di-lusso-in-lino\/\">Tovaglia Bianca Elegante di puro lino<\/a> stropicciato \u00e8 fatta per una cucina all&#8217;insegna dell&#8217;eleganza e dei particolari, ricca di sapori intensi e umori antichi che si basa principalmente su alcuni elementi&#8230;.. pane, formaggio, pasta fatta in casa, olio extravergine e vino: una cucina speciale che da piacere agli occhi e la gola.<\/p>\n<p>[\/vc_column_text][\/vc_column][\/vc_row]<\/p>\n<\/div>","protected":false},"excerpt":{"rendered":"<p><strong>MELISSANO Tovaglie di lusso in Lino Selvatico Delav\u00e8: <\/strong>Realizzate su misura per soddisfare i gusti pi\u00f9 esigenti, questa tovaglia di alta qualit\u00e0 \u00e8 l&#8217;emblema dell&#8217;eleganza e della modernit\u00e0.<\/p>\n","protected":false},"featured_media":66273,"template":"","meta":[],"product_brand":[],"product_cat":[145],"product_tag":[],"class_list":{"0":"post-66272","1":"product","2":"type-product","3":"status-publish","4":"has-post-thumbnail","6":"product_cat-tovaglie-di-lino","8":"first","9":"instock","10":"sale","11":"taxable","12":"shipping-taxable","13":"purchasable","14":"product-type-simple"},"_links":{"self":[{"href":"https:\/\/www.marinigerardi.it\/shop\/wp-json\/wp\/v2\/product\/66272","targetHints":{"allow":["GET"]}}],"collection":[{"href":"https:\/\/www.marinigerardi.it\/shop\/wp-json\/wp\/v2\/product"}],"about":[{"href":"https:\/\/www.marinigerardi.it\/shop\/wp-json\/wp\/v2\/types\/product"}],"wp:featuredmedia":[{"embeddable":true,"href":"https:\/\/www.marinigerardi.it\/shop\/wp-json\/wp\/v2\/media\/66273"}],"wp:attachment":[{"href":"https:\/\/www.marinigerardi.it\/shop\/wp-json\/wp\/v2\/media?parent=66272"}],"wp:term":[{"taxonomy":"product_brand","embeddable":true,"href":"https:\/\/www.marinigerardi.it\/shop\/wp-json\/wp\/v2\/product_brand?post=66272"},{"taxonomy":"product_cat","embeddable":true,"href":"https:\/\/www.marinigerardi.it\/shop\/wp-json\/wp\/v2\/product_cat?post=66272"},{"taxonomy":"product_tag","embeddable":true,"href":"https:\/\/www.marinigerardi.it\/shop\/wp-json\/wp\/v2\/product_tag?post=66272"}],"curies":[{"name":"wp","href":"https:\/\/api.w.org\/{rel}","templated":true}]}}