{"id":65313,"date":"2023-11-10T20:33:25","date_gmt":"2023-11-10T20:33:25","guid":{"rendered":"https:\/\/www.marinigerardi.it\/shop\/?post_type=product&#038;p=65313"},"modified":"2025-04-10T15:42:07","modified_gmt":"2025-04-10T15:42:07","slug":"tovagliette-americane-tessuto","status":"publish","type":"product","link":"https:\/\/www.marinigerardi.it\/shop\/prodotto\/tovagliette-americane-tessuto\/","title":{"rendered":"MILETO &#8211; Tovagliette Americane Tessuto in lino Set 2 pz."},"content":{"rendered":"<div class=\"wpb-content-wrapper\"><p>[vc_row equal_height=&#8221;yes&#8221; mobile_bg_img_hidden=&#8221;no&#8221; tablet_bg_img_hidden=&#8221;no&#8221; woodmart_parallax=&#8221;0&#8243; woodmart_gradient_switch=&#8221;no&#8221; row_reverse_mobile=&#8221;0&#8243; row_reverse_tablet=&#8221;0&#8243; woodmart_disable_overflow=&#8221;0&#8243;][vc_column offset=&#8221;vc_col-lg-6 vc_col-md-6&#8243; mobile_bg_img_hidden=&#8221;no&#8221; tablet_bg_img_hidden=&#8221;no&#8221; woodmart_parallax=&#8221;0&#8243; woodmart_sticky_column=&#8221;false&#8221; parallax_scroll=&#8221;no&#8221; mobile_reset_margin=&#8221;no&#8221; tablet_reset_margin=&#8221;no&#8221; css=&#8221;.vc_custom_1613071403480{margin-top: 0px !important;}&#8221;]\n\t\t<div id=\"wd-67f7e6b8ea675\" class=\"title-wrapper wd-wpb wd-set-mb reset-last-child  wd-rs-67f7e6b8ea675 wd-title-color-primary wd-title-style-bordered text-left vc_custom_1744299729549 wd-underline-colored\">\n\t\t\t\n\t\t\t<div class=\"liner-continer\">\n\t\t\t\t<h2 class=\"woodmart-title-container title  wd-font-weight-600 wd-fontsize-l\" >MILETO - Tovagliette Americane Tessuto lino Set 2 pz. Il Fascino ci fa compagnia a tavola<\/h2>\n\t\t\t\t\t\t\t<\/div>\n\t\t\t\n\t\t\t\n\t\t\t\n\t\t<\/div>\n\t\t\n\t\t[vc_single_image image=&#8221;65335&#8243; img_size=&#8221;large&#8221; alignment=&#8221;center&#8221; onclick=&#8221;link_image&#8221; parallax_scroll=&#8221;no&#8221; woodmart_inline=&#8221;no&#8221;][\/vc_column][vc_column css=&#8221;.vc_custom_1612434787067{background-position: center !important;background-repeat: no-repeat !important;background-size: cover !important;}&#8221; offset=&#8221;vc_col-lg-6 vc_col-md-6&#8243; mobile_bg_img_hidden=&#8221;no&#8221; tablet_bg_img_hidden=&#8221;no&#8221; woodmart_parallax=&#8221;0&#8243; woodmart_sticky_column=&#8221;false&#8221; parallax_scroll=&#8221;no&#8221; mobile_reset_margin=&#8221;no&#8221; tablet_reset_margin=&#8221;no&#8221;][vc_message message_box_style=&#8221;outline&#8221; message_box_color=&#8221;grey&#8221; css=&#8221;&#8221;]<strong>Tovagliette americane tessuto <\/strong>100% lino grezzo naturale.<br \/>\n<strong>Peso:<\/strong> 320 gr\/m\u00b2<br \/>\n<strong>19 Colori sempre disponibili:<\/strong> Pistacchio | Verde Marcio | Malva | Salmone | Glicine | Celeste | Avio | Denim | Corda | Grigio Antracite | Cenere | Bianco Ottico | Bianco Naturale | Pannocchia | Zucca | Rosa Antico | Tabacco | Caff\u00e8 Latte | Melanzana<br \/>\n<strong>Misure: <\/strong>tovaglietta Americana set 2 pz. da 35 x 53\u00a0 | tovaglioli set 2 pz. da 40 x 40 | <strong>(bordo a cappuccio da 1 cm.)<\/strong><\/p>\n<p>Per altre misure vi preghiamo di contattarci al Indirizzo mail <strong>assistenza@marinigerardi.it<\/strong>[\/vc_message]\t\t<div id=\"wd-654f64f204608\" class=\"wd-text-block wd-wpb reset-last-child wd-rs-654f64f204608 text-left \">\n\t\t\t<h4>Materiali Raffinati e Design Curato<\/h4>\n<p style=\"text-align: justify;\">Il lino, intramontabile per la sua eleganza, \u00e8 il protagonista delle nostre <a href=\"https:\/\/www.marinigerardi.it\/shop\/prodotto\/tovagliette-americane-tessuto\/\">tovagliette<\/a>. La sua texture e resistenza conferiscono a ogni pezzo un carattere unico. Nel nostro laboratorio, ogni tovaglietta \u00e8 arricchita da design creativi che aggiungono originalit\u00e0 e raffinatezza<\/p>\n\t\t<\/div>\n\t\t[\/vc_column][\/vc_row][vc_row][vc_column][vc_empty_space woodmart_hide_large=&#8221;0&#8243; woodmart_hide_medium=&#8221;0&#8243; woodmart_hide_small=&#8221;0&#8243;]\n\t\t<div id=\"wd-67f7e68feb0bc\" class=\"title-wrapper wd-wpb wd-set-mb reset-last-child  wd-rs-67f7e68feb0bc wd-title-color-primary wd-title-style-underlined text-center justify  wd-underline-colored\">\n\t\t\t\n\t\t\t<div class=\"liner-continer\">\n\t\t\t\t<h3 class=\"woodmart-title-container title  wd-font-weight-600 wd-fontsize-l\" >MILETO - Tovagliette Americane Tessuto lino Set 2 pz. con tante soluzioni tra cui scegliere secondo il gusto e le tue esigenze<\/h3>\n\t\t\t\t\t\t\t<\/div>\n\t\t\t\n\t\t\t\t\t\t\t<div class=\"title-after_title reset-last-child  wd-fontsize-xs\">Marini&amp;Gerardi - la Tovaglietta da ristorante 10 e lode<\/div>\n\t\t\t\n\t\t\t\n\t\t<\/div>\n\t\t\n\t\t[\/vc_column][\/vc_row][vc_row content_placement=&#8221;middle&#8221; woodmart_bg_position=&#8221;center-bottom&#8221; css=&#8221;.vc_custom_1692640057339{background-color: #f3f3f3 !important;background-position: 0 0 !important;background-repeat: no-repeat !important;}&#8221; el_class=&#8221;mobile-bg-img-hidden&#8221; mobile_bg_img_hidden=&#8221;no&#8221; tablet_bg_img_hidden=&#8221;no&#8221; woodmart_parallax=&#8221;0&#8243; woodmart_gradient_switch=&#8221;no&#8221; row_reverse_mobile=&#8221;0&#8243; row_reverse_tablet=&#8221;0&#8243; woodmart_disable_overflow=&#8221;0&#8243; woodmart_css_id=&#8221;64e3a32d3fa24&#8243; responsive_spacing=&#8221;eyJwYXJhbV90eXBlIjoid29vZG1hcnRfcmVzcG9uc2l2ZV9zcGFjaW5nIiwic2VsZWN0b3JfaWQiOiI2NGUzYTMyZDNmYTI0Iiwic2hvcnRjb2RlIjoidmNfcm93IiwiZGF0YSI6eyJ0YWJsZXQiOnt9LCJtb2JpbGUiOnt9fX0=&#8221; woodmart_box_shadow=&#8221;yes&#8221; wd_box_shadow=&#8221;eyJkZXZpY2VzIjp7ImRlc2t0b3AiOnsiaG9yaXpvbnRhbCI6IjAiLCJ2ZXJ0aWNhbCI6IjAiLCJibHVyIjoiOSIsInNwcmVhZCI6IjAiLCJjb2xvciI6InJnYmEoMCwgMCwgMCwgLjE1KSJ9fX0=&#8221; wd_z_index=&#8221;no&#8221;][vc_column mobile_bg_img_hidden=&#8221;no&#8221; tablet_bg_img_hidden=&#8221;no&#8221; woodmart_parallax=&#8221;0&#8243; woodmart_sticky_column=&#8221;false&#8221; parallax_scroll=&#8221;no&#8221; mobile_reset_margin=&#8221;no&#8221; tablet_reset_margin=&#8221;no&#8221;][vc_single_image image=&#8221;65336&#8243; img_size=&#8221;full&#8221; alignment=&#8221;center&#8221; onclick=&#8221;link_image&#8221; parallax_scroll=&#8221;no&#8221; woodmart_inline=&#8221;no&#8221;][\/vc_column][\/vc_row][vc_row][vc_column]\n\t\t<div id=\"wd-67f7e66322f1f\" class=\"title-wrapper wd-wpb wd-set-mb reset-last-child  wd-rs-67f7e66322f1f wd-title-color-default wd-title-style-bordered text-center  wd-underline-colored\">\n\t\t\t\n\t\t\t<div class=\"liner-continer\">\n\t\t\t\t<h3 class=\"woodmart-title-container title  wd-font-weight-600 wd-fontsize-l\" >Tovagliette Americane Tessuto in lino Eleganza Senza Confini, una pratica idea d\u2019oltreoceano<\/h3>\n\t\t\t\t\t\t\t<\/div>\n\t\t\t\n\t\t\t\n\t\t\t\n\t\t<\/div>\n\t\t\n\t\t\t\t<div id=\"wd-654e999b5f1f4\" class=\"wd-text-block wd-wpb reset-last-child wd-rs-654e999b5f1f4 text-left \">\n\t\t\t<h4>Un Catalogo Variegato per Tutti i Gusti<\/h4>\n<p style=\"text-align: justify;\"><strong>Le tovagliette americane uniscono praticit\u00e0 ed eleganza,<\/strong> ideali per pasti informali tra amici o colazioni senza il fastidio dei lavaggi tradizionali. Ogni tovaglietta \u00e8 stata progettata per garantire un tocco di stile senza complicazioni.<br \/>\n<strong>Scopri il nostro assortimento e lasciati affascinare da una vasta gamma di opzioni,<\/strong> ognuna con uno stile distintivo. Per chi predilige l&#8217;eleganza classica, il lino si sposa perfettamente con design raffinati. Se cerchi uno stile pi\u00f9 vivace, le tovagliette con motivi moderni in tinta unita trasformeranno le tue colazioni quotidiane e le occasioni speciali in momenti indimenticabili.<\/p>\n\t\t<\/div>\n\t\t[\/vc_column][\/vc_row][vc_row css=&#8221;.vc_custom_1692691548017{background-color: #f3f3f3 !important;}&#8221; woodmart_css_id=&#8221;64e46c5071215&#8243; responsive_spacing=&#8221;eyJwYXJhbV90eXBlIjoid29vZG1hcnRfcmVzcG9uc2l2ZV9zcGFjaW5nIiwic2VsZWN0b3JfaWQiOiI2NGU0NmM1MDcxMjE1Iiwic2hvcnRjb2RlIjoidmNfcm93IiwiZGF0YSI6eyJ0YWJsZXQiOnt9LCJtb2JpbGUiOnt9fX0=&#8221; mobile_bg_img_hidden=&#8221;no&#8221; tablet_bg_img_hidden=&#8221;no&#8221; woodmart_parallax=&#8221;0&#8243; woodmart_gradient_switch=&#8221;no&#8221; woodmart_box_shadow=&#8221;yes&#8221; wd_box_shadow=&#8221;eyJkZXZpY2VzIjp7ImRlc2t0b3AiOnsiaG9yaXpvbnRhbCI6IjAiLCJ2ZXJ0aWNhbCI6IjAiLCJibHVyIjoiOSIsInNwcmVhZCI6IjAiLCJjb2xvciI6InJnYmEoMCwgMCwgMCwgLjE1KSJ9fX0=&#8221; wd_z_index=&#8221;no&#8221; woodmart_disable_overflow=&#8221;0&#8243; row_reverse_mobile=&#8221;0&#8243; row_reverse_tablet=&#8221;0&#8243;][vc_column][vc_single_image image=&#8221;65339&#8243; img_size=&#8221;full&#8221; alignment=&#8221;center&#8221; onclick=&#8221;link_image&#8221; parallax_scroll=&#8221;no&#8221; woodmart_inline=&#8221;no&#8221;][\/vc_column][\/vc_row][vc_row][vc_column]\n\t\t<div id=\"wd-67f7e641aae8a\" class=\"title-wrapper wd-wpb wd-set-mb reset-last-child  wd-rs-67f7e641aae8a wd-title-color-primary wd-title-style-bordered text-center justify  wd-underline-colored\">\n\t\t\t\n\t\t\t<div class=\"liner-continer\">\n\t\t\t\t<h3 class=\"woodmart-title-container title  wd-font-weight-600 wd-fontsize-l\" >Tovagliette americane tessuto Lino: L'Eleganza che D\u00e0 Vita alla tua Tavola.<\/h3>\n\t\t\t\t\t\t\t<\/div>\n\t\t\t\n\t\t\t\n\t\t\t\n\t\t<\/div>\n\t\t\n\t\t\t\t<div id=\"wd-654e9a0b522f5\" class=\"wd-text-block wd-wpb reset-last-child wd-rs-654e9a0b522f5 text-left \">\n\t\t\t<p><strong>&#8220;Lino: Eleganza d&#8217;oltre l&#8217;Oceano&#8221;<\/strong> \u00e8 pi\u00f9 di un catalogo di tovagliette; \u00e8 un invito a vivere ogni momento con stile, creativit\u00e0 e praticit\u00e0. Scegli la perfezione per i tuoi momenti speciali e trasforma il tuo quotidiano. La tua tavola non sar\u00e0 mai stata cos\u00ec affascinante.<\/p>\n\t\t<\/div>\n\t\t[\/vc_column][\/vc_row]<\/p>\n<\/div>","protected":false},"excerpt":{"rendered":"<p><strong>Tovagliette Americane Tessuto MILETO Set 2 pz. &#8211; L&#8217;Arte dei Colori in Tavola:\u00a0 <\/strong>eleganza, praticit\u00e0 e design che si intona all&#8217;ambiente, inoltre il ricamo a macchie conferisce carattere, mentre il bordo a cappuccio da 1 cm completa il look con raffinata sobriet\u00e0.<\/p>\n","protected":false},"featured_media":65341,"template":"","meta":[],"product_brand":[],"product_cat":[69],"product_tag":[],"class_list":{"0":"post-65313","1":"product","2":"type-product","3":"status-publish","4":"has-post-thumbnail","6":"product_cat-tovagliette-americane","8":"first","9":"instock","10":"taxable","11":"shipping-taxable","12":"purchasable","13":"product-type-simple"},"_links":{"self":[{"href":"https:\/\/www.marinigerardi.it\/shop\/wp-json\/wp\/v2\/product\/65313","targetHints":{"allow":["GET"]}}],"collection":[{"href":"https:\/\/www.marinigerardi.it\/shop\/wp-json\/wp\/v2\/product"}],"about":[{"href":"https:\/\/www.marinigerardi.it\/shop\/wp-json\/wp\/v2\/types\/product"}],"wp:featuredmedia":[{"embeddable":true,"href":"https:\/\/www.marinigerardi.it\/shop\/wp-json\/wp\/v2\/media\/65341"}],"wp:attachment":[{"href":"https:\/\/www.marinigerardi.it\/shop\/wp-json\/wp\/v2\/media?parent=65313"}],"wp:term":[{"taxonomy":"product_brand","embeddable":true,"href":"https:\/\/www.marinigerardi.it\/shop\/wp-json\/wp\/v2\/product_brand?post=65313"},{"taxonomy":"product_cat","embeddable":true,"href":"https:\/\/www.marinigerardi.it\/shop\/wp-json\/wp\/v2\/product_cat?post=65313"},{"taxonomy":"product_tag","embeddable":true,"href":"https:\/\/www.marinigerardi.it\/shop\/wp-json\/wp\/v2\/product_tag?post=65313"}],"curies":[{"name":"wp","href":"https:\/\/api.w.org\/{rel}","templated":true}]}}