{"id":65285,"date":"2023-11-09T17:40:59","date_gmt":"2023-11-09T17:40:59","guid":{"rendered":"https:\/\/www.marinigerardi.it\/shop\/?post_type=product&#038;p=65285"},"modified":"2025-04-10T16:17:29","modified_gmt":"2025-04-10T16:17:29","slug":"tovagliette-tavola","status":"publish","type":"product","link":"https:\/\/www.marinigerardi.it\/shop\/prodotto\/tovagliette-tavola\/","title":{"rendered":"TEBE &#8211; Tovagliette Tavola Americane Eleganti lino tinta unita Set 2 pz."},"content":{"rendered":"<div class=\"wpb-content-wrapper\"><p>[vc_row equal_height=&#8221;yes&#8221; mobile_bg_img_hidden=&#8221;no&#8221; tablet_bg_img_hidden=&#8221;no&#8221; woodmart_parallax=&#8221;0&#8243; woodmart_gradient_switch=&#8221;no&#8221; row_reverse_mobile=&#8221;0&#8243; row_reverse_tablet=&#8221;0&#8243; woodmart_disable_overflow=&#8221;0&#8243;][vc_column offset=&#8221;vc_col-lg-6 vc_col-md-6&#8243; mobile_bg_img_hidden=&#8221;no&#8221; tablet_bg_img_hidden=&#8221;no&#8221; woodmart_parallax=&#8221;0&#8243; woodmart_sticky_column=&#8221;false&#8221; parallax_scroll=&#8221;no&#8221; mobile_reset_margin=&#8221;no&#8221; tablet_reset_margin=&#8221;no&#8221; css=&#8221;.vc_custom_1613071403480{margin-top: 0px !important;}&#8221;]\n\t\t<div id=\"wd-67f7ef0421baf\" class=\"title-wrapper wd-wpb wd-set-mb reset-last-child  wd-rs-67f7ef0421baf wd-title-color-primary wd-title-style-bordered text-left vc_custom_1744301852267 wd-underline-colored\">\n\t\t\t\n\t\t\t<div class=\"liner-continer\">\n\t\t\t\t<h2 class=\"woodmart-title-container title  wd-font-weight-600 wd-fontsize-l\" >TEBE - Tovagliette Tavola Americane Eleganti lino tinta unita Set 2 pz.<\/h2>\n\t\t\t\t\t\t\t<\/div>\n\t\t\t\n\t\t\t\n\t\t\t\n\t\t<\/div>\n\t\t\n\t\t[vc_single_image image=&#8221;65331&#8243; img_size=&#8221;large&#8221; alignment=&#8221;center&#8221; onclick=&#8221;link_image&#8221; parallax_scroll=&#8221;no&#8221; woodmart_inline=&#8221;no&#8221;][\/vc_column][vc_column css=&#8221;.vc_custom_1612434787067{background-position: center !important;background-repeat: no-repeat !important;background-size: cover !important;}&#8221; offset=&#8221;vc_col-lg-6 vc_col-md-6&#8243; mobile_bg_img_hidden=&#8221;no&#8221; tablet_bg_img_hidden=&#8221;no&#8221; woodmart_parallax=&#8221;0&#8243; woodmart_sticky_column=&#8221;false&#8221; parallax_scroll=&#8221;no&#8221; mobile_reset_margin=&#8221;no&#8221; tablet_reset_margin=&#8221;no&#8221;][vc_message message_box_style=&#8221;outline&#8221; message_box_color=&#8221;grey&#8221; css=&#8221;&#8221;]<strong>Tessuto: <\/strong>100% lino grezzo naturale.<br \/>\n<strong>Peso:<\/strong> 320 gr\/m2<br \/>\n<strong>19 Colori sempre disponibili:<\/strong> Pistacchio | Verde Marcio | Malva | Salmone | Glicine | Celeste | Avio | Denim | Corda | Grigio Antracite | Cenere | Bianco Ottico | Bianco Naturale | Pannocchia | Zucca | Rosa Antico | Tabacco | Caff\u00e8 Latte | Melanzana<br \/>\n<strong>Misure: <\/strong>tovaglietta Americana set 2 pz. da 35 x 53\u00a0 | tovaglioli set 2 pz. da 40 x 40 | <strong>(bordo a cappuccio da 1 cm.)<\/strong><\/p>\n<p>Per altre misure vi preghiamo di contattarci al Indirizzo mail <strong>assistenza@marinigerardi.it<\/strong>[\/vc_message]\t\t<div id=\"wd-654f52ee8fbc9\" class=\"wd-text-block wd-wpb reset-last-child wd-rs-654f52ee8fbc9 text-left \">\n\t\t\t<p style=\"text-align: justify;\"><a href=\"https:\/\/www.marinigerardi.it\/shop\/prodotto\/tovagliette-tavola\/\">Abbiamo un nuovo alleato sulla tavola<\/a> quotidiana, sia per una colazione veloce sia per una cena divertente tra amici: le nostre tovagliette in lino moderne ed eleganti. Queste tovagliette, oltre a conferire un tocco di raffinatezza all&#8217;ambiente, rappresentano un&#8217;idea pratica che arriva direttamente d&#8217;oltreoceano, permettendoti di preparare e riporre la tavola in pochi secondi.<\/p>\n\t\t<\/div>\n\t\t[\/vc_column][\/vc_row][vc_row][vc_column][vc_empty_space woodmart_hide_large=&#8221;0&#8243; woodmart_hide_medium=&#8221;0&#8243; woodmart_hide_small=&#8221;0&#8243;]\n\t\t<div id=\"wd-67f7eea9681eb\" class=\"title-wrapper wd-wpb wd-set-mb reset-last-child  wd-rs-67f7eea9681eb wd-title-color-primary wd-title-style-bordered text-center justify  wd-underline-colored\">\n\t\t\t\n\t\t\t<div class=\"liner-continer\">\n\t\t\t\t<h3 class=\"woodmart-title-container title  wd-font-weight-600 wd-fontsize-l\" >TEBE - Tovagliette Tavola Americane Eleganti lino tinta unita Set 2 pz.<\/h3>\n\t\t\t\t\t\t\t<\/div>\n\t\t\t\n\t\t\t\t\t\t\t<div class=\"title-after_title reset-last-child  wd-fontsize-xs\">Marini&amp;Gerardi - la Tovaglietta da ristorante 10 e lode<\/div>\n\t\t\t\n\t\t\t\n\t\t<\/div>\n\t\t\n\t\t[\/vc_column][\/vc_row][vc_row content_placement=&#8221;middle&#8221; woodmart_bg_position=&#8221;center-bottom&#8221; css=&#8221;.vc_custom_1724233196536{background-color: #f3f3f3 !important;background-position: 0 0 !important;background-repeat: no-repeat !important;}&#8221; el_class=&#8221;mobile-bg-img-hidden&#8221; mobile_bg_img_hidden=&#8221;no&#8221; tablet_bg_img_hidden=&#8221;no&#8221; woodmart_parallax=&#8221;0&#8243; woodmart_gradient_switch=&#8221;no&#8221; row_reverse_mobile=&#8221;0&#8243; row_reverse_tablet=&#8221;0&#8243; woodmart_disable_overflow=&#8221;0&#8243; woodmart_css_id=&#8221;66c5b5d2afd9f&#8221; responsive_spacing=&#8221;eyJwYXJhbV90eXBlIjoid29vZG1hcnRfcmVzcG9uc2l2ZV9zcGFjaW5nIiwic2VsZWN0b3JfaWQiOiI2NmM1YjVkMmFmZDlmIiwic2hvcnRjb2RlIjoidmNfcm93IiwiZGF0YSI6eyJ0YWJsZXQiOnt9LCJtb2JpbGUiOnt9fX0=&#8221; woodmart_box_shadow=&#8221;no&#8221; wd_z_index=&#8221;no&#8221;][vc_column mobile_bg_img_hidden=&#8221;no&#8221; tablet_bg_img_hidden=&#8221;no&#8221; woodmart_parallax=&#8221;0&#8243; woodmart_sticky_column=&#8221;false&#8221; parallax_scroll=&#8221;no&#8221; mobile_reset_margin=&#8221;no&#8221; tablet_reset_margin=&#8221;no&#8221;][vc_single_image image=&#8221;65330&#8243; img_size=&#8221;full&#8221; alignment=&#8221;center&#8221; onclick=&#8221;link_image&#8221; parallax_scroll=&#8221;no&#8221; woodmart_inline=&#8221;no&#8221;][\/vc_column][\/vc_row][vc_row][vc_column]\n\t\t<div id=\"wd-67f7ee8c4ffbf\" class=\"title-wrapper wd-wpb wd-set-mb reset-last-child  wd-rs-67f7ee8c4ffbf wd-title-color-primary wd-title-style-underlined text-center justify  wd-underline-colored\">\n\t\t\t\n\t\t\t<div class=\"liner-continer\">\n\t\t\t\t<h3 class=\"woodmart-title-container title  wd-font-weight-600 wd-fontsize-l\" >Tovagliette Tavola Americane in Lino: Eleganza Senza Confini.<\/h3>\n\t\t\t\t\t\t\t<\/div>\n\t\t\t\n\t\t\t\n\t\t\t\n\t\t<\/div>\n\t\t\n\t\t\t\t<div id=\"wd-654cff50bd93b\" class=\"wd-text-block wd-wpb reset-last-child wd-rs-654cff50bd93b text-left \">\n\t\t\t<p style=\"text-align: justify;\"><strong>Le tovagliette americane sono tesori di praticit\u00e0 e versatilit\u00e0.<\/strong> Ideali per un veloce pasto tra amici o per godersi una colazione senza il fastidio del lavaggio delle tradizionali tovaglie, questi piccoli ma raffinati accessori sono perfetti per momenti speciali. La loro capacit\u00e0 di adattarsi alle diverse situazioni \u00e8 il risultato dell&#8217;uso di materiali di alta qualit\u00e0 e di forme curate nei minimi dettagli.<\/p>\n<p style=\"text-align: justify;\">Nel nostro catalogo, presentiamo una vasta gamma di sopzioni, ciascuna caratterizzata da uno stile e da una personalit\u00e0 unici. Il lino, con la sua intramontabile eleganza, si fonde con design creati direttamente nel nostro laboratorio, conferendo un tocco di originalit\u00e0 e creativit\u00e0. Per coloro che prediligono uno stile pi\u00f9 vivace, le tovagliette con motivi moderni in tinta unita daranno vita alle colazioni quotidiane e alle occasioni speciali.<\/p>\n\t\t<\/div>\n\t\t[\/vc_column][\/vc_row][vc_row css=&#8221;.vc_custom_1692691548017{background-color: #f3f3f3 !important;}&#8221; woodmart_css_id=&#8221;64e46c5071215&#8243; responsive_spacing=&#8221;eyJwYXJhbV90eXBlIjoid29vZG1hcnRfcmVzcG9uc2l2ZV9zcGFjaW5nIiwic2VsZWN0b3JfaWQiOiI2NGU0NmM1MDcxMjE1Iiwic2hvcnRjb2RlIjoidmNfcm93IiwiZGF0YSI6eyJ0YWJsZXQiOnt9LCJtb2JpbGUiOnt9fX0=&#8221; mobile_bg_img_hidden=&#8221;no&#8221; tablet_bg_img_hidden=&#8221;no&#8221; woodmart_parallax=&#8221;0&#8243; woodmart_gradient_switch=&#8221;no&#8221; woodmart_box_shadow=&#8221;yes&#8221; wd_box_shadow=&#8221;eyJkZXZpY2VzIjp7ImRlc2t0b3AiOnsiaG9yaXpvbnRhbCI6IjAiLCJ2ZXJ0aWNhbCI6IjAiLCJibHVyIjoiOSIsInNwcmVhZCI6IjAiLCJjb2xvciI6InJnYmEoMCwgMCwgMCwgLjE1KSJ9fX0=&#8221; wd_z_index=&#8221;no&#8221; woodmart_disable_overflow=&#8221;0&#8243; row_reverse_mobile=&#8221;0&#8243; row_reverse_tablet=&#8221;0&#8243;][vc_column][vc_single_image image=&#8221;65344&#8243; img_size=&#8221;full&#8221; alignment=&#8221;center&#8221; onclick=&#8221;link_image&#8221; parallax_scroll=&#8221;no&#8221; woodmart_inline=&#8221;no&#8221;][\/vc_column][\/vc_row][vc_row][vc_column]\n\t\t<div id=\"wd-67f7ee6ed8609\" class=\"title-wrapper wd-wpb wd-set-mb reset-last-child  wd-rs-67f7ee6ed8609 wd-title-color-primary wd-title-style-underlined text-center justify  wd-underline-colored\">\n\t\t\t\n\t\t\t<div class=\"liner-continer\">\n\t\t\t\t<h3 class=\"woodmart-title-container title  wd-font-weight-600 wd-fontsize-l\" >Tovagliette Tavola Americane di Lino: L'Eleganza che D\u00e0 Vita alla tua Tavola.<\/h3>\n\t\t\t\t\t\t\t<\/div>\n\t\t\t\n\t\t\t\n\t\t\t\n\t\t<\/div>\n\t\t\n\t\t\t\t<div id=\"wd-654d1cda3bf31\" class=\"wd-text-block wd-wpb reset-last-child wd-rs-654d1cda3bf31 text-left \">\n\t\t\t<p style=\"text-align: justify;\"><strong>Le tovagliette da tavola in lino<\/strong> sono un vero must-have per chi desidera un&#8217;accoglienza elegante e senza sforzo in ogni momento della giornata. Grazie alla loro combinazione di design moderno e praticit\u00e0, si rivelano la scelta perfetta per una colazione o una cena senza stress. La prossima volta che vorrai rendere la tua tavola accogliente e invitante in pochissimo tempo, affidati alle nostre tovagliette americane in lino.<\/p>\n\t\t<\/div>\n\t\t[\/vc_column][\/vc_row]<\/p>\n<\/div>","protected":false},"excerpt":{"rendered":"<p><strong>Tovagliette tavola Americane &#8211; TEBE Set 2 pz. &#8211; L&#8217;Arte dei Colori in Tavola:<\/strong> funzionalit\u00e0, bellezza e semplicit\u00e0: il ricamo a macchie conferisce carattere, mentre il bordo a cappuccio da 1 cm completa il look con raffinata sobriet\u00e0.<\/p>\n","protected":false},"featured_media":65344,"template":"","meta":[],"product_brand":[],"product_cat":[69],"product_tag":[],"class_list":{"0":"post-65285","1":"product","2":"type-product","3":"status-publish","4":"has-post-thumbnail","6":"product_cat-tovagliette-americane","8":"first","9":"instock","10":"taxable","11":"shipping-taxable","12":"purchasable","13":"product-type-simple"},"_links":{"self":[{"href":"https:\/\/www.marinigerardi.it\/shop\/wp-json\/wp\/v2\/product\/65285","targetHints":{"allow":["GET"]}}],"collection":[{"href":"https:\/\/www.marinigerardi.it\/shop\/wp-json\/wp\/v2\/product"}],"about":[{"href":"https:\/\/www.marinigerardi.it\/shop\/wp-json\/wp\/v2\/types\/product"}],"wp:featuredmedia":[{"embeddable":true,"href":"https:\/\/www.marinigerardi.it\/shop\/wp-json\/wp\/v2\/media\/65344"}],"wp:attachment":[{"href":"https:\/\/www.marinigerardi.it\/shop\/wp-json\/wp\/v2\/media?parent=65285"}],"wp:term":[{"taxonomy":"product_brand","embeddable":true,"href":"https:\/\/www.marinigerardi.it\/shop\/wp-json\/wp\/v2\/product_brand?post=65285"},{"taxonomy":"product_cat","embeddable":true,"href":"https:\/\/www.marinigerardi.it\/shop\/wp-json\/wp\/v2\/product_cat?post=65285"},{"taxonomy":"product_tag","embeddable":true,"href":"https:\/\/www.marinigerardi.it\/shop\/wp-json\/wp\/v2\/product_tag?post=65285"}],"curies":[{"name":"wp","href":"https:\/\/api.w.org\/{rel}","templated":true}]}}