{"id":65267,"date":"2023-11-08T22:34:33","date_gmt":"2023-11-08T22:34:33","guid":{"rendered":"https:\/\/www.marinigerardi.it\/shop\/?post_type=product&#038;p=65267"},"modified":"2026-02-23T15:19:18","modified_gmt":"2026-02-23T15:19:18","slug":"tovagliette-da-colazione","status":"publish","type":"product","link":"https:\/\/www.marinigerardi.it\/shop\/prodotto\/tovagliette-da-colazione\/","title":{"rendered":"DELFI &#8211; Set 2 pz. Tovagliette da colazione in lino tinta unita design moderno"},"content":{"rendered":"<div class=\"wpb-content-wrapper\"><p>[vc_row equal_height=&#8221;yes&#8221; mobile_bg_img_hidden=&#8221;no&#8221; tablet_bg_img_hidden=&#8221;no&#8221; woodmart_parallax=&#8221;0&#8243; woodmart_gradient_switch=&#8221;no&#8221; row_reverse_mobile=&#8221;0&#8243; row_reverse_tablet=&#8221;0&#8243; woodmart_disable_overflow=&#8221;0&#8243;][vc_column offset=&#8221;vc_col-lg-6 vc_col-md-6&#8243; mobile_bg_img_hidden=&#8221;no&#8221; tablet_bg_img_hidden=&#8221;no&#8221; woodmart_parallax=&#8221;0&#8243; woodmart_sticky_column=&#8221;false&#8221; parallax_scroll=&#8221;no&#8221; mobile_reset_margin=&#8221;no&#8221; tablet_reset_margin=&#8221;no&#8221; css=&#8221;.vc_custom_1613071403480{margin-top: 0px !important;}&#8221;]\n\t\t<div id=\"wd-67f7db778975f\" class=\"title-wrapper wd-wpb wd-set-mb reset-last-child  wd-rs-67f7db778975f wd-title-color-primary wd-title-style-bordered text-left vc_custom_1744296852425 wd-underline-colored\">\n\t\t\t\n\t\t\t<div class=\"liner-continer\">\n\t\t\t\t<h2 class=\"woodmart-title-container title  wd-font-weight-600 wd-fontsize-l\" >DELFI - Set 2 pz. Tovagliette da colazione in lino tinta unita design moderno<\/h2>\n\t\t\t\t\t\t\t<\/div>\n\t\t\t\n\t\t\t\n\t\t\t\n\t\t<\/div>\n\t\t\n\t\t\t\t<div id=\"wd-699c6fdd1408b\" class=\"wd-text-block wd-wpb reset-last-child wd-rs-699c6fdd1408b text-left \">\n\t\t\t<p style=\"text-align: justify;\"><strong>Entra nell&#8217;universo creativo delle tovagliette americane DELFI,<\/strong> dove l&#8217;arte e la funzionalit\u00e0 si incontrano. Ogni singolo pezzo \u00e8 plasmato con cura e passione, confezionato su misura nel nostro laboratorio, esaltando il nostro amore per la creazione artigianale. Il lino puro \u00e8 la nostra scelta principale, garantendo non solo un aspetto impeccabile ma anche un tocco di raffinata eleganza senza tempo.<\/p>\n<p style=\"text-align: justify;\"><strong>Queste tovagliette sono la scelta perfetta per ogni occasione, da un semplice pasto casalingo ad eventi pi\u00f9 esclusivi.<\/strong><\/p>\n\t\t<\/div>\n\t\t[vc_tta_accordion title_tag=&#8221;h3&#8243; section_title_tag=&#8221;h3&#8243; active_section=&#8221;&#8221; collapsible_all=&#8221;true&#8221;][vc_tta_section title=&#8221;Info &amp; Scheda Prodotto&#8221; tab_id=&#8221;1771859543098-3dff21ee-3bbb&#8221;]\t\t<div id=\"wd-699c6faa56b20\" class=\"wd-text-block wd-wpb reset-last-child wd-rs-699c6faa56b20 text-left \">\n\t\t\t<ul>\n<li><a href=\"https:\/\/www.marinigerardi.it\/shop\/prodotto\/tovagliette-da-colazione\/\">Tovagliette da colazione<\/a> in <strong>Tessuto: <\/strong>100% lino grezzo naturale.<\/li>\n<li><strong>Peso:<\/strong> 320 gr\/m2<\/li>\n<li><strong>19 Colori sempre disponibili:<\/strong> Pistacchio | Verde Marcio | Malva | Salmone | Glicine | Celeste | Avio | Denim | Corda | Grigio Antracite | Cenere | Bianco Ottico | Bianco Naturale | Pannocchia | Zucca | Rosa Antico | Tabacco | Caff\u00e8 Latte | Melanzana<\/li>\n<li><strong>Misure: <\/strong>tovaglietta Americana set 2 pz. da 35 x 53\u00a0 | tovaglioli set 2 pz. da 40 x 40 | <strong>(bordo a cappuccio da 1 cm.)<\/strong><\/li>\n<\/ul>\n<p>Per altre misure vi preghiamo di contattarci al Indirizzo mail <strong>assistenza@marinigerardi.it<\/strong><\/p>\n\t\t<\/div>\n\t\t[\/vc_tta_section][\/vc_tta_accordion][\/vc_column][vc_column css=&#8221;.vc_custom_1612434787067{background-position: center !important;background-repeat: no-repeat !important;background-size: cover !important;}&#8221; offset=&#8221;vc_col-lg-6 vc_col-md-6&#8243; mobile_bg_img_hidden=&#8221;no&#8221; tablet_bg_img_hidden=&#8221;no&#8221; woodmart_parallax=&#8221;0&#8243; woodmart_sticky_column=&#8221;false&#8221; parallax_scroll=&#8221;no&#8221; mobile_reset_margin=&#8221;no&#8221; tablet_reset_margin=&#8221;no&#8221;][vc_single_image image=&#8221;65270&#8243; img_size=&#8221;large&#8221; alignment=&#8221;center&#8221; onclick=&#8221;link_image&#8221; parallax_scroll=&#8221;no&#8221; woodmart_inline=&#8221;no&#8221;][\/vc_column][\/vc_row][vc_row][vc_column][vc_empty_space woodmart_hide_large=&#8221;0&#8243; woodmart_hide_medium=&#8221;0&#8243; woodmart_hide_small=&#8221;0&#8243;]\n\t\t<div id=\"wd-67f7dbc69389f\" class=\"title-wrapper wd-wpb wd-set-mb reset-last-child  wd-rs-67f7dbc69389f wd-title-color-primary wd-title-style-bordered text-center justify  wd-underline-colored\">\n\t\t\t\n\t\t\t<div class=\"liner-continer\">\n\t\t\t\t<h3 class=\"woodmart-title-container title  wd-font-weight-600 wd-fontsize-l\" >DELFI - Set 2 pz. Tovagliette da colazione in lino tinta unita design moderno<\/h3>\n\t\t\t\t\t\t\t<\/div>\n\t\t\t\n\t\t\t\t\t\t\t<div class=\"title-after_title reset-last-child  wd-fontsize-xs\">Marini&amp;Gerardi - la Tovaglietta da ristorante 10 e lode<\/div>\n\t\t\t\n\t\t\t\n\t\t<\/div>\n\t\t\n\t\t[\/vc_column][\/vc_row][vc_row content_placement=&#8221;middle&#8221; woodmart_bg_position=&#8221;center-bottom&#8221; css=&#8221;.vc_custom_1692640057339{background-color: #f3f3f3 !important;background-position: 0 0 !important;background-repeat: no-repeat !important;}&#8221; el_class=&#8221;mobile-bg-img-hidden&#8221; mobile_bg_img_hidden=&#8221;no&#8221; tablet_bg_img_hidden=&#8221;no&#8221; woodmart_parallax=&#8221;0&#8243; woodmart_gradient_switch=&#8221;no&#8221; row_reverse_mobile=&#8221;0&#8243; row_reverse_tablet=&#8221;0&#8243; woodmart_disable_overflow=&#8221;0&#8243; woodmart_css_id=&#8221;64e3a32d3fa24&#8243; responsive_spacing=&#8221;eyJwYXJhbV90eXBlIjoid29vZG1hcnRfcmVzcG9uc2l2ZV9zcGFjaW5nIiwic2VsZWN0b3JfaWQiOiI2NGUzYTMyZDNmYTI0Iiwic2hvcnRjb2RlIjoidmNfcm93IiwiZGF0YSI6eyJ0YWJsZXQiOnt9LCJtb2JpbGUiOnt9fX0=&#8221; woodmart_box_shadow=&#8221;yes&#8221; wd_box_shadow=&#8221;eyJkZXZpY2VzIjp7ImRlc2t0b3AiOnsiaG9yaXpvbnRhbCI6IjAiLCJ2ZXJ0aWNhbCI6IjAiLCJibHVyIjoiOSIsInNwcmVhZCI6IjAiLCJjb2xvciI6InJnYmEoMCwgMCwgMCwgLjE1KSJ9fX0=&#8221; wd_z_index=&#8221;no&#8221;][vc_column mobile_bg_img_hidden=&#8221;no&#8221; tablet_bg_img_hidden=&#8221;no&#8221; woodmart_parallax=&#8221;0&#8243; woodmart_sticky_column=&#8221;false&#8221; parallax_scroll=&#8221;no&#8221; mobile_reset_margin=&#8221;no&#8221; tablet_reset_margin=&#8221;no&#8221;][vc_single_image image=&#8221;65271&#8243; img_size=&#8221;full&#8221; alignment=&#8221;center&#8221; onclick=&#8221;link_image&#8221; parallax_scroll=&#8221;no&#8221; woodmart_inline=&#8221;no&#8221;][\/vc_column][\/vc_row][vc_row][vc_column]\n\t\t<div id=\"wd-67f7dc0410ed5\" class=\"title-wrapper wd-wpb wd-set-mb reset-last-child  wd-rs-67f7dc0410ed5 wd-title-color-primary wd-title-style-underlined text-center justify  wd-underline-colored\">\n\t\t\t\n\t\t\t<div class=\"liner-continer\">\n\t\t\t\t<h3 class=\"woodmart-title-container title  wd-font-weight-600 wd-fontsize-l\" >Tovagliette da colazione in lino: La tua tavola Elegante in Ogni Occasione.<\/h3>\n\t\t\t\t\t\t\t<\/div>\n\t\t\t\n\t\t\t\n\t\t\t\n\t\t<\/div>\n\t\t\n\t\t\t\t<div id=\"wd-66c926856e0a6\" class=\"wd-text-block wd-wpb reset-last-child wd-rs-66c926856e0a6 text-left \">\n\t\t\t<p><strong>Le tovagliette da colazione sono tesori di praticit\u00e0 e versatilit\u00e0.<\/strong> Ideali per un veloce pasto tra amici o per godersi una colazione senza il fastidio del lavaggio delle tradizionali tovaglie, questi piccoli ma raffinati accessori sono perfetti per momenti speciali. La loro capacit\u00e0 di adattamento dipende dai materiali e dalle forme che utilizziamo.<\/p>\n<p>Nella nostra selezione, offriamo una vasta gamma di opzioni, ciascuna con il proprio stile e personalit\u00e0. Il lino, con la sua eleganza intramontabile, si unisce a design unici creati nel nostro laboratorio, aggiungendo originalit\u00e0 e creativit\u00e0. Per chi preferisce uno stile vivace, tovagliette con motivi mderni in tinta unita darai vitalit\u00e0 alla colazione quotidiana o durante le occasioni speciali.<\/p>\n\t\t<\/div>\n\t\t[\/vc_column][\/vc_row][vc_row css=&#8221;.vc_custom_1692691548017{background-color: #f3f3f3 !important;}&#8221; woodmart_css_id=&#8221;64e46c5071215&#8243; responsive_spacing=&#8221;eyJwYXJhbV90eXBlIjoid29vZG1hcnRfcmVzcG9uc2l2ZV9zcGFjaW5nIiwic2VsZWN0b3JfaWQiOiI2NGU0NmM1MDcxMjE1Iiwic2hvcnRjb2RlIjoidmNfcm93IiwiZGF0YSI6eyJ0YWJsZXQiOnt9LCJtb2JpbGUiOnt9fX0=&#8221; mobile_bg_img_hidden=&#8221;no&#8221; tablet_bg_img_hidden=&#8221;no&#8221; woodmart_parallax=&#8221;0&#8243; woodmart_gradient_switch=&#8221;no&#8221; woodmart_box_shadow=&#8221;yes&#8221; wd_box_shadow=&#8221;eyJkZXZpY2VzIjp7ImRlc2t0b3AiOnsiaG9yaXpvbnRhbCI6IjAiLCJ2ZXJ0aWNhbCI6IjAiLCJibHVyIjoiOSIsInNwcmVhZCI6IjAiLCJjb2xvciI6InJnYmEoMCwgMCwgMCwgLjE1KSJ9fX0=&#8221; wd_z_index=&#8221;no&#8221; woodmart_disable_overflow=&#8221;0&#8243; row_reverse_mobile=&#8221;0&#8243; row_reverse_tablet=&#8221;0&#8243;][vc_column][vc_single_image image=&#8221;65272&#8243; img_size=&#8221;full&#8221; alignment=&#8221;center&#8221; onclick=&#8221;link_image&#8221; parallax_scroll=&#8221;no&#8221; woodmart_inline=&#8221;no&#8221;][\/vc_column][\/vc_row][vc_row][vc_column]\n\t\t<div id=\"wd-67f7dc109ca40\" class=\"title-wrapper wd-wpb wd-set-mb reset-last-child  wd-rs-67f7dc109ca40 wd-title-color-primary wd-title-style-bordered text-center justify  wd-underline-colored\">\n\t\t\t\n\t\t\t<div class=\"liner-continer\">\n\t\t\t\t<h3 class=\"woodmart-title-container title  wd-font-weight-600 wd-fontsize-l\" >Tovagliette da colazione in lino: L'Eleganza che D\u00e0 Vita alla tua Tavola.<\/h3>\n\t\t\t\t\t\t\t<\/div>\n\t\t\t\n\t\t\t\n\t\t\t\n\t\t<\/div>\n\t\t\n\t\t\t\t<div id=\"wd-654c1350bbec3\" class=\"wd-text-block wd-wpb reset-last-child wd-rs-654c1350bbec3 text-left \">\n\t\t\t<p style=\"text-align: justify;\">Anche i ristoranti di alta classe scelgono le tovagliette americane per arricchire la presentazione dei loro tavoli. La loro versatilit\u00e0 aggiunge un tocco di raffinatezza a ogni esperienza culinaria. Nella nostra collezione Marini&amp;Gerardi, troverai una vasta gamma di tovagliette, ognuna pronta a trasformare il tuo pasto in un&#8217;esperienza indimenticabile. Scegli quella che si adatta meglio al tuo stile e preparati a sorprendere i tuoi ospiti con un tocco senza tempo di eleganza e versatilit\u00e0.<\/p>\n\t\t<\/div>\n\t\t[\/vc_column][\/vc_row]<\/p>\n<\/div>","protected":false},"excerpt":{"rendered":"<p><strong>Set 2 pz. Tovagliette da colazione Americane in Lino &#8211; DELFI &#8211; L&#8217;Arte dei Colori in Tavola:<\/strong> Il nostro design moderno \u00e8 un inno alla bellezza e alla semplicit\u00e0: il ricamo a macchie conferisce carattere, mentre il bordo a cappuccio da 1 cm completa il look con raffinata sobriet\u00e0.<\/p>\n","protected":false},"featured_media":65347,"template":"","meta":[],"product_brand":[],"product_cat":[69],"product_tag":[],"class_list":{"0":"post-65267","1":"product","2":"type-product","3":"status-publish","4":"has-post-thumbnail","6":"product_cat-tovagliette-americane","8":"first","9":"instock","10":"taxable","11":"shipping-taxable","12":"purchasable","13":"product-type-simple"},"_links":{"self":[{"href":"https:\/\/www.marinigerardi.it\/shop\/wp-json\/wp\/v2\/product\/65267","targetHints":{"allow":["GET"]}}],"collection":[{"href":"https:\/\/www.marinigerardi.it\/shop\/wp-json\/wp\/v2\/product"}],"about":[{"href":"https:\/\/www.marinigerardi.it\/shop\/wp-json\/wp\/v2\/types\/product"}],"wp:featuredmedia":[{"embeddable":true,"href":"https:\/\/www.marinigerardi.it\/shop\/wp-json\/wp\/v2\/media\/65347"}],"wp:attachment":[{"href":"https:\/\/www.marinigerardi.it\/shop\/wp-json\/wp\/v2\/media?parent=65267"}],"wp:term":[{"taxonomy":"product_brand","embeddable":true,"href":"https:\/\/www.marinigerardi.it\/shop\/wp-json\/wp\/v2\/product_brand?post=65267"},{"taxonomy":"product_cat","embeddable":true,"href":"https:\/\/www.marinigerardi.it\/shop\/wp-json\/wp\/v2\/product_cat?post=65267"},{"taxonomy":"product_tag","embeddable":true,"href":"https:\/\/www.marinigerardi.it\/shop\/wp-json\/wp\/v2\/product_tag?post=65267"}],"curies":[{"name":"wp","href":"https:\/\/api.w.org\/{rel}","templated":true}]}}