{"id":65213,"date":"2023-11-05T10:35:58","date_gmt":"2023-11-05T10:35:58","guid":{"rendered":"https:\/\/www.marinigerardi.it\/shop\/?post_type=product&#038;p=65213"},"modified":"2025-04-10T14:52:03","modified_gmt":"2025-04-10T14:52:03","slug":"tovagliette-americane-lino","status":"publish","type":"product","link":"https:\/\/www.marinigerardi.it\/shop\/prodotto\/tovagliette-americane-lino\/","title":{"rendered":"ATENE &#8211; Set 2 pz. Tovagliette Americane lino tinta unita design"},"content":{"rendered":"<div class=\"wpb-content-wrapper\"><p>[vc_row equal_height=&#8221;yes&#8221; mobile_bg_img_hidden=&#8221;no&#8221; tablet_bg_img_hidden=&#8221;no&#8221; woodmart_parallax=&#8221;0&#8243; woodmart_gradient_switch=&#8221;no&#8221; row_reverse_mobile=&#8221;0&#8243; row_reverse_tablet=&#8221;0&#8243; woodmart_disable_overflow=&#8221;0&#8243;][vc_column offset=&#8221;vc_col-lg-6 vc_col-md-6&#8243; mobile_bg_img_hidden=&#8221;no&#8221; tablet_bg_img_hidden=&#8221;no&#8221; woodmart_parallax=&#8221;0&#8243; woodmart_sticky_column=&#8221;false&#8221; parallax_scroll=&#8221;no&#8221; mobile_reset_margin=&#8221;no&#8221; tablet_reset_margin=&#8221;no&#8221; css=&#8221;.vc_custom_1613071403480{margin-top: 0px !important;}&#8221;]\n\t\t<div id=\"wd-67f7dafdf0200\" class=\"title-wrapper wd-wpb wd-set-mb reset-last-child  wd-rs-67f7dafdf0200 wd-title-color-primary wd-title-style-bordered text-left vc_custom_1744296726096 wd-underline-colored\">\n\t\t\t\n\t\t\t<div class=\"liner-continer\">\n\t\t\t\t<h2 class=\"woodmart-title-container title  wd-font-weight-600 wd-fontsize-l\" >ATENE - Set 2 pz. Tovagliette Americane lino tinta unita design<\/h2>\n\t\t\t\t\t\t\t<\/div>\n\t\t\t\n\t\t\t\n\t\t\t\n\t\t<\/div>\n\t\t\n\t\t[vc_single_image image=&#8221;65257&#8243; img_size=&#8221;large&#8221; alignment=&#8221;center&#8221; onclick=&#8221;link_image&#8221; parallax_scroll=&#8221;no&#8221; woodmart_inline=&#8221;no&#8221;][\/vc_column][vc_column css=&#8221;.vc_custom_1612434787067{background-position: center !important;background-repeat: no-repeat !important;background-size: cover !important;}&#8221; offset=&#8221;vc_col-lg-6 vc_col-md-6&#8243; mobile_bg_img_hidden=&#8221;no&#8221; tablet_bg_img_hidden=&#8221;no&#8221; woodmart_parallax=&#8221;0&#8243; woodmart_sticky_column=&#8221;false&#8221; parallax_scroll=&#8221;no&#8221; mobile_reset_margin=&#8221;no&#8221; tablet_reset_margin=&#8221;no&#8221;][vc_message message_box_style=&#8221;outline&#8221; message_box_color=&#8221;grey&#8221; css=&#8221;&#8221;]<strong>Tessuto: <\/strong>100% lino grezzo naturale.<br \/>\n<strong>Peso:<\/strong> 320 gr\/m2<br \/>\n<strong>19 Colori sempre disponibili:<\/strong> Pistacchio | Verde Marcio | Malva | Salmone | Glicine | Celeste | Avio | Denim | Corda | Grigio Antracite | Cenere | Bianco Ottico | Bianco Naturale | Pannocchia | Zucca | Rosa Antico | Tabacco | Caff\u00e8 Latte | Melanzana<br \/>\n<strong>Misure: <\/strong>tovaglietta Americana set 2 pz. da 35 x 53\u00a0 | tovaglioli set 2 pz. da 40 x 40 | <strong>(bordo a cappuccio da 1 cm.)<\/strong><\/p>\n<p>Per altre misure vi preghiamo di contattarci al Indirizzo mail <strong>assistenza@marinigerardi.it<\/strong>[\/vc_message]\t\t<div id=\"wd-654cd1d1ae213\" class=\"wd-text-block wd-wpb reset-last-child wd-rs-654cd1d1ae213 text-left \">\n\t\t\t<p style=\"text-align: justify;\">Atene, dove le nostre <a href=\"https:\/\/www.marinigerardi.it\/shop\/prodotto\/tovagliette-americane-lino\/\">tovagliette americane<\/a> prendono vita. Ogni pezzo \u00e8 realizzato con amore e cura, cucito sartorialmente nel nostro laboratorio al momento dell&#8217;ordine. Scegliamo il puro lino come tessuto, per garantire non solo un aspetto impeccabile ma anche un tocco di eleganza senza tempo.<\/p>\n<p style=\"text-align: justify;\">Il nostro design si ispira alla bellezza della semplicit\u00e0, con un ricamo a macchie che aggiunge un tocco di carattere e un bordo a cappuccio da 1 cm che completa il look con raffinatezza. Queste tovagliette sono un complemento perfetto per qualsiasi occasione, dalle cene informali agli eventi speciali.<\/p>\n\t\t<\/div>\n\t\t[\/vc_column][\/vc_row][vc_row][vc_column][vc_empty_space woodmart_hide_large=&#8221;0&#8243; woodmart_hide_medium=&#8221;0&#8243; woodmart_hide_small=&#8221;0&#8243;]\n\t\t<div id=\"wd-67f7d4436cd9b\" class=\"title-wrapper wd-wpb wd-set-mb reset-last-child  wd-rs-67f7d4436cd9b wd-title-color-primary wd-title-style-bordered text-center justify  wd-underline-colored\">\n\t\t\t\n\t\t\t<div class=\"liner-continer\">\n\t\t\t\t<h3 class=\"woodmart-title-container title  wd-font-weight-600 wd-fontsize-l\" >ATENE - Set 2 pz. Tovagliette Americane lino tinta unita design<\/h3>\n\t\t\t\t\t\t\t<\/div>\n\t\t\t\n\t\t\t\t\t\t\t<div class=\"title-after_title reset-last-child  wd-fontsize-xs\">Marini&amp;Gerardi - la Tovaglietta da ristorante 10 e lode<\/div>\n\t\t\t\n\t\t\t\n\t\t<\/div>\n\t\t\n\t\t[\/vc_column][\/vc_row][vc_row content_placement=&#8221;middle&#8221; woodmart_bg_position=&#8221;center-bottom&#8221; css=&#8221;.vc_custom_1692640057339{background-color: #f3f3f3 !important;background-position: 0 0 !important;background-repeat: no-repeat !important;}&#8221; el_class=&#8221;mobile-bg-img-hidden&#8221; mobile_bg_img_hidden=&#8221;no&#8221; tablet_bg_img_hidden=&#8221;no&#8221; woodmart_parallax=&#8221;0&#8243; woodmart_gradient_switch=&#8221;no&#8221; row_reverse_mobile=&#8221;0&#8243; row_reverse_tablet=&#8221;0&#8243; woodmart_disable_overflow=&#8221;0&#8243; woodmart_css_id=&#8221;64e3a32d3fa24&#8243; responsive_spacing=&#8221;eyJwYXJhbV90eXBlIjoid29vZG1hcnRfcmVzcG9uc2l2ZV9zcGFjaW5nIiwic2VsZWN0b3JfaWQiOiI2NGUzYTMyZDNmYTI0Iiwic2hvcnRjb2RlIjoidmNfcm93IiwiZGF0YSI6eyJ0YWJsZXQiOnt9LCJtb2JpbGUiOnt9fX0=&#8221; woodmart_box_shadow=&#8221;yes&#8221; wd_box_shadow=&#8221;eyJkZXZpY2VzIjp7ImRlc2t0b3AiOnsiaG9yaXpvbnRhbCI6IjAiLCJ2ZXJ0aWNhbCI6IjAiLCJibHVyIjoiOSIsInNwcmVhZCI6IjAiLCJjb2xvciI6InJnYmEoMCwgMCwgMCwgLjE1KSJ9fX0=&#8221; wd_z_index=&#8221;no&#8221;][vc_column mobile_bg_img_hidden=&#8221;no&#8221; tablet_bg_img_hidden=&#8221;no&#8221; woodmart_parallax=&#8221;0&#8243; woodmart_sticky_column=&#8221;false&#8221; parallax_scroll=&#8221;no&#8221; mobile_reset_margin=&#8221;no&#8221; tablet_reset_margin=&#8221;no&#8221;][vc_single_image image=&#8221;65259&#8243; img_size=&#8221;full&#8221; alignment=&#8221;center&#8221; onclick=&#8221;link_image&#8221; parallax_scroll=&#8221;no&#8221; woodmart_inline=&#8221;no&#8221;][\/vc_column][\/vc_row][vc_row][vc_column]\n\t\t<div id=\"wd-67f7d4683e054\" class=\"title-wrapper wd-wpb wd-set-mb reset-last-child  wd-rs-67f7d4683e054 wd-title-color-primary wd-title-style-underlined text-center justify  wd-underline-colored\">\n\t\t\t\n\t\t\t<div class=\"liner-continer\">\n\t\t\t\t<h3 class=\"woodmart-title-container title  wd-font-weight-600 wd-fontsize-l\" >Tovagliette Americane lino: Il Tessuto dell'Eleganza per Ogni Pasto.<\/h3>\n\t\t\t\t\t\t\t<\/div>\n\t\t\t\n\t\t\t\n\t\t\t\n\t\t<\/div>\n\t\t\n\t\t\t\t<div id=\"wd-6547fc4e048de\" class=\"wd-text-block wd-wpb reset-last-child wd-rs-6547fc4e048de text-left \">\n\t\t\t<p style=\"text-align: justify;\">Le tovagliette americane sono dei veri e propri gioielli di praticit\u00e0 e versatilit\u00e0 quando si tratta di preparare un pasto veloce in compagnia degli amici o godersi una colazione senza doversi preoccupare dei fastidiosi lavaggi delle tovaglie tradizionali. Questi piccoli pezzi di stoffa si trasformano facilmente da accessori funzionali a veri e propri dettagli raffinati, perfetti per le occasioni speciali. La loro capacit\u00e0 di adattarsi a diversi contesti dipende da vari fattori, tra cui i materiali utilizzati e le forme disponibili.<\/p>\n<p style=\"text-align: justify;\">Nella nostra selezione di tovagliette americane, scoprirai una vasta gamma di opzioni, ognuna con il suo stile e personalit\u00e0. Il lino, ad esempio, dona un tocco di eleganza e raffinatezza, mentre i design unici creati direttamente nel nostro laboratorio aggiungono un tocco di originalit\u00e0 e creativit\u00e0. Se preferisci uno stile pi\u00f9 allegro, le tovagliette con motivi floreali o in tinta unita sono l&#8217;ideale per ravvivare la tua colazione quotidiana o per dare vita a una tavola festosa in occasione di eventi speciali.<\/p>\n\t\t<\/div>\n\t\t[\/vc_column][\/vc_row][vc_row css=&#8221;.vc_custom_1692691548017{background-color: #f3f3f3 !important;}&#8221; woodmart_css_id=&#8221;64e46c5071215&#8243; responsive_spacing=&#8221;eyJwYXJhbV90eXBlIjoid29vZG1hcnRfcmVzcG9uc2l2ZV9zcGFjaW5nIiwic2VsZWN0b3JfaWQiOiI2NGU0NmM1MDcxMjE1Iiwic2hvcnRjb2RlIjoidmNfcm93IiwiZGF0YSI6eyJ0YWJsZXQiOnt9LCJtb2JpbGUiOnt9fX0=&#8221; mobile_bg_img_hidden=&#8221;no&#8221; tablet_bg_img_hidden=&#8221;no&#8221; woodmart_parallax=&#8221;0&#8243; woodmart_gradient_switch=&#8221;no&#8221; woodmart_box_shadow=&#8221;yes&#8221; wd_box_shadow=&#8221;eyJkZXZpY2VzIjp7ImRlc2t0b3AiOnsiaG9yaXpvbnRhbCI6IjAiLCJ2ZXJ0aWNhbCI6IjAiLCJibHVyIjoiOSIsInNwcmVhZCI6IjAiLCJjb2xvciI6InJnYmEoMCwgMCwgMCwgLjE1KSJ9fX0=&#8221; wd_z_index=&#8221;no&#8221; woodmart_disable_overflow=&#8221;0&#8243; row_reverse_mobile=&#8221;0&#8243; row_reverse_tablet=&#8221;0&#8243;][vc_column][vc_single_image image=&#8221;65258&#8243; img_size=&#8221;full&#8221; alignment=&#8221;center&#8221; onclick=&#8221;link_image&#8221; parallax_scroll=&#8221;no&#8221; woodmart_inline=&#8221;no&#8221;][\/vc_column][\/vc_row][vc_row][vc_column]\n\t\t<div id=\"wd-67f7d4a52c71c\" class=\"title-wrapper wd-wpb wd-set-mb reset-last-child  wd-rs-67f7d4a52c71c wd-title-color-primary wd-title-style-bordered text-center justify  wd-underline-colored\">\n\t\t\t\n\t\t\t<div class=\"liner-continer\">\n\t\t\t\t<h3 class=\"woodmart-title-container title  wd-font-weight-600 wd-fontsize-xl\" >Tovagliette Americane lino: Il Cuore della Tavola, la Storia della Tua Casa.<\/h3>\n\t\t\t\t\t\t\t<\/div>\n\t\t\t\n\t\t\t\n\t\t\t\n\t\t<\/div>\n\t\t\n\t\t\t\t<div id=\"wd-6547fc61746e1\" class=\"wd-text-block wd-wpb reset-last-child wd-rs-6547fc61746e1 text-left \">\n\t\t\t<p style=\"text-align: justify;\">Non \u00e8 un caso che persino i prestigiosi ristoranti stellati stiano abbracciando l&#8217;uso delle tovagliette americane per decorare i loro tavoli. La versatilit\u00e0 di queste tovagliette consente loro di adattarsi a diverse atmosfere e configurazioni, aggiungendo un tocco di charme a qualsiasi esperienza culinaria. Nella nostra collezione Marini&amp;Gerardi, troverai una vasta gamma di tipologie tra cui scegliere, ciascuna pronta a trasformare il tuo pasto in un&#8217;esperienza speciale. Scegli la tovaglietta americana che meglio si adatta al tuo stile e alle tue esigenze e preparati a sorprendere i tuoi ospiti con un tocco di eleganza e versatilit\u00e0 senza tempo.<\/p>\n\t\t<\/div>\n\t\t[\/vc_column][\/vc_row]<\/p>\n<\/div>","protected":false},"excerpt":{"rendered":"<p><strong>Set 2 pz. Tovagliette Americane in Lino &#8211; ATENE &#8211; L&#8217;Arte dei Colori in Tavola:<\/strong> possono essere utilizzate a partire dalla prima colazione o per una splendida cena in due.\u00a0 <strong>Caratteristiche:<\/strong> Tessuto a trama fitta con piccole annodature con splendido ricamo gouache al bordo.<\/p>\n","protected":false},"featured_media":65255,"template":"","meta":[],"product_brand":[],"product_cat":[69],"product_tag":[],"class_list":{"0":"post-65213","1":"product","2":"type-product","3":"status-publish","4":"has-post-thumbnail","6":"product_cat-tovagliette-americane","8":"first","9":"instock","10":"taxable","11":"shipping-taxable","12":"purchasable","13":"product-type-simple"},"_links":{"self":[{"href":"https:\/\/www.marinigerardi.it\/shop\/wp-json\/wp\/v2\/product\/65213","targetHints":{"allow":["GET"]}}],"collection":[{"href":"https:\/\/www.marinigerardi.it\/shop\/wp-json\/wp\/v2\/product"}],"about":[{"href":"https:\/\/www.marinigerardi.it\/shop\/wp-json\/wp\/v2\/types\/product"}],"wp:featuredmedia":[{"embeddable":true,"href":"https:\/\/www.marinigerardi.it\/shop\/wp-json\/wp\/v2\/media\/65255"}],"wp:attachment":[{"href":"https:\/\/www.marinigerardi.it\/shop\/wp-json\/wp\/v2\/media?parent=65213"}],"wp:term":[{"taxonomy":"product_brand","embeddable":true,"href":"https:\/\/www.marinigerardi.it\/shop\/wp-json\/wp\/v2\/product_brand?post=65213"},{"taxonomy":"product_cat","embeddable":true,"href":"https:\/\/www.marinigerardi.it\/shop\/wp-json\/wp\/v2\/product_cat?post=65213"},{"taxonomy":"product_tag","embeddable":true,"href":"https:\/\/www.marinigerardi.it\/shop\/wp-json\/wp\/v2\/product_tag?post=65213"}],"curies":[{"name":"wp","href":"https:\/\/api.w.org\/{rel}","templated":true}]}}