{"id":65164,"date":"2023-11-02T17:04:50","date_gmt":"2023-11-02T17:04:50","guid":{"rendered":"https:\/\/www.marinigerardi.it\/shop\/?post_type=product&#038;p=65164"},"modified":"2026-02-05T13:48:07","modified_gmt":"2026-02-05T13:48:07","slug":"tende-confezionate-per-camera-da-letto","status":"publish","type":"product","link":"https:\/\/www.marinigerardi.it\/shop\/prodotto\/tende-confezionate-per-camera-da-letto\/","title":{"rendered":"ALDEBARAN &#8211; Tende Confezionate per Camera da Letto"},"content":{"rendered":"<div class=\"wpb-content-wrapper\"><p>[vc_row equal_height=&#8221;yes&#8221; mobile_bg_img_hidden=&#8221;no&#8221; tablet_bg_img_hidden=&#8221;no&#8221; woodmart_parallax=&#8221;0&#8243; woodmart_gradient_switch=&#8221;no&#8221; row_reverse_mobile=&#8221;0&#8243; row_reverse_tablet=&#8221;0&#8243; woodmart_disable_overflow=&#8221;0&#8243;][vc_column offset=&#8221;vc_col-lg-6 vc_col-md-6&#8243; mobile_bg_img_hidden=&#8221;no&#8221; tablet_bg_img_hidden=&#8221;no&#8221; woodmart_parallax=&#8221;0&#8243; woodmart_sticky_column=&#8221;false&#8221; parallax_scroll=&#8221;no&#8221; mobile_reset_margin=&#8221;no&#8221; tablet_reset_margin=&#8221;no&#8221; css=&#8221;.vc_custom_1613071403480{margin-top: 0px !important;}&#8221;]\n\t\t<div id=\"wd-6544a854a1c25\" class=\"title-wrapper wd-wpb wd-set-mb reset-last-child  wd-rs-6544a854a1c25 wd-title-color-primary wd-title-style-bordered text-left vc_custom_1698998369429 wd-underline-colored\">\n\t\t\t\n\t\t\t<div class=\"liner-continer\">\n\t\t\t\t<h2 class=\"woodmart-title-container title  wd-font-weight-500 wd-fontsize-l\" >ALDEBARAN - Tende Confezionate per Camera da Letto : Idee in Lino da sposare subito<\/h2>\n\t\t\t\t\t\t\t<\/div>\n\t\t\t\n\t\t\t\n\t\t\t\n\t\t<\/div>\n\t\t\n\t\t[vc_column_text css=&#8221;&#8221; text_larger=&#8221;no&#8221; woodmart_inline=&#8221;no&#8221;]<\/p>\n<p style=\"text-align: justify;\">Le tende svolgono un ruolo fondamentale nell&#8217;arricchire l&#8217;aspetto di una camera da letto. Oltre ad aggiungere personalit\u00e0, conferiscono un senso di relax e privacy. Nella scelta delle tende per la camera da letto, i modelli e i tessuti giocano un ruolo essenziale. In questa pagina, ti presenteremo le nostre idee sulle tende in lino, con un focus sul modello a foglie tropicali, un tessuto che conferisce un tocco di eleganza e stile alla tua zona notte.<\/p>\n<p>[\/vc_column_text][vc_tta_accordion title_tag=&#8221;h3&#8243; section_title_tag=&#8221;h3&#8243; active_section=&#8221;&#8221; collapsible_all=&#8221;true&#8221;][vc_tta_section title=&#8221;Info &amp; Scheda Prodotto&#8221; tab_id=&#8221;1769114001342-c7ceb0ea-99c4&#8243;]\t\t<div id=\"wd-69728a5bea9eb\" class=\"wd-text-block wd-wpb reset-last-child wd-rs-69728a5bea9eb text-left \">\n\t\t\t<ul>\n<li><a href=\"https:\/\/www.marinigerardi.it\/shop\/prodotto\/tende-confezionate-per-camera-da-letto\/\">Tende Confezionate per Camera da Letto<\/a> con Tessuto in\u00a0 51% lino 49% Cotone<\/li>\n<li>Larghezza Tenda circa 130 cm.<\/li>\n<li>Tessuto mano morbida; che combina foglie in 2 accattivanti combinazioni di colore.<\/li>\n<\/ul>\n<p><strong>Per informazioni su prodotti su misura<\/strong>, si prega d\u2019inviare\u00a0 mail ad <strong>assistenza@marinigerardi.it<\/strong><\/p>\n\t\t<\/div>\n\t\t[\/vc_tta_section][\/vc_tta_accordion][\/vc_column][vc_column css=&#8221;.vc_custom_1612434787067{background-position: center !important;background-repeat: no-repeat !important;background-size: cover !important;}&#8221; offset=&#8221;vc_col-lg-6 vc_col-md-6&#8243; mobile_bg_img_hidden=&#8221;no&#8221; tablet_bg_img_hidden=&#8221;no&#8221; woodmart_parallax=&#8221;0&#8243; woodmart_sticky_column=&#8221;false&#8221; parallax_scroll=&#8221;no&#8221; mobile_reset_margin=&#8221;no&#8221; tablet_reset_margin=&#8221;no&#8221;][vc_single_image image=&#8221;65031&#8243; img_size=&#8221;large&#8221; alignment=&#8221;center&#8221; parallax_scroll=&#8221;no&#8221; woodmart_inline=&#8221;no&#8221;][\/vc_column][\/vc_row][vc_row][vc_column][vc_empty_space woodmart_hide_large=&#8221;0&#8243; woodmart_hide_medium=&#8221;0&#8243; woodmart_hide_small=&#8221;0&#8243;]\n\t\t<div id=\"wd-67c10f8f5eda7\" class=\"title-wrapper wd-wpb wd-set-mb reset-last-child  wd-rs-67c10f8f5eda7 wd-title-color-default wd-title-style-default text-center  wd-underline-colored\">\n\t\t\t\n\t\t\t<div class=\"liner-continer\">\n\t\t\t\t<h3 class=\"woodmart-title-container title  wd-font-weight- wd-fontsize-l\" >Tende Confezionate per Camera da Letto<\/h3>\n\t\t\t\t\t\t\t<\/div>\n\t\t\t\n\t\t\t\n\t\t\t\n\t\t<\/div>\n\t\t\n\t\t[\/vc_column][\/vc_row][vc_row content_placement=&#8221;middle&#8221; woodmart_bg_position=&#8221;center-bottom&#8221; css=&#8221;.vc_custom_1612561188989{background-color: #e5e5e5 !important;background-position: 0 0 !important;background-repeat: no-repeat !important;}&#8221; el_class=&#8221;mobile-bg-img-hidden&#8221; mobile_bg_img_hidden=&#8221;no&#8221; tablet_bg_img_hidden=&#8221;no&#8221; woodmart_parallax=&#8221;0&#8243; woodmart_gradient_switch=&#8221;no&#8221; row_reverse_mobile=&#8221;0&#8243; row_reverse_tablet=&#8221;0&#8243; woodmart_disable_overflow=&#8221;0&#8243;][vc_column mobile_bg_img_hidden=&#8221;no&#8221; tablet_bg_img_hidden=&#8221;no&#8221; woodmart_parallax=&#8221;0&#8243; woodmart_sticky_column=&#8221;false&#8221; parallax_scroll=&#8221;no&#8221; mobile_reset_margin=&#8221;no&#8221; tablet_reset_margin=&#8221;no&#8221;][vc_single_image image=&#8221;65202&#8243; img_size=&#8221;full&#8221; alignment=&#8221;center&#8221; onclick=&#8221;link_image&#8221; parallax_scroll=&#8221;no&#8221; woodmart_inline=&#8221;no&#8221;][\/vc_column][\/vc_row][vc_row][vc_column]\n\t\t<div id=\"wd-67c10f9c00386\" class=\"title-wrapper wd-wpb wd-set-mb reset-last-child  wd-rs-67c10f9c00386 wd-title-color-primary wd-title-style-bordered text-center justify  wd-underline-colored\">\n\t\t\t\t\t\t\t\n\t\t\t\t<div class=\"title-subtitle  subtitle-color-primary font-alt subtitle-style-default wd-font-weight- wd-fontsize-xs\">la Perla dei Caraibi: Tende Coprenti a Fiori Guache<\/div>\n\t\t\t\n\t\t\t<div class=\"liner-continer\">\n\t\t\t\t<h3 class=\"woodmart-title-container title  wd-font-weight-400 wd-fontsize-l\" >ALDEBARAN - Tende Confezionate per Camera da Letto<\/h3>\n\t\t\t\t\t\t\t<\/div>\n\t\t\t\n\t\t\t\n\t\t\t\n\t\t<\/div>\n\t\t\n\t\t[vc_column_text text_larger=&#8221;no&#8221; woodmart_inline=&#8221;no&#8221;]<\/p>\n<p style=\"text-align: justify;\"><strong>Tende in Lino a Foglie Tropicali:<\/strong> Il lino \u00e8 un materiale versatile e atemporalmente elegante per le tende della camera da letto. Il nostro modello a foglie tropicali \u00e8 una scelta straordinaria, in grado di abbinarsi senza sforzo al resto dell&#8217;arredamento della tua zona notte. Questo tessuto offre non solo bellezza visiva, ma anche una sensazione di freschezza e leggerezza, creando l&#8217;atmosfera perfetta per un luogo di relax.<\/p>\n<p style=\"text-align: justify;\"><strong>Tonalit\u00e0 Moderne x la Camera da Letto:<\/strong> La scelta della tonalit\u00e0 giusta per le tende \u00e8 un po&#8217; come dipingere una parete con pennellate vivaci, ma con la possibilit\u00e0 di cambiarla facilmente. Se la tua ambientazione \u00e8 essenziale o attentamente studiata, un tendaggio dalle tonalit\u00e0 accese pu\u00f2 essere una scelta audace ma affascinante. Il nostro modello &#8220;ALDEBARAN&#8221; in lino, con motivi jungle, offre un tocco di novit\u00e0 in una stanza moderna di classe, grazie al suo colore verde vibrante.<\/p>\n<p>[\/vc_column_text][\/vc_column][\/vc_row][vc_row content_placement=&#8221;middle&#8221; woodmart_bg_position=&#8221;center-bottom&#8221; css=&#8221;.vc_custom_1612561188989{background-color: #e5e5e5 !important;background-position: 0 0 !important;background-repeat: no-repeat !important;}&#8221; el_class=&#8221;mobile-bg-img-hidden&#8221; mobile_bg_img_hidden=&#8221;no&#8221; tablet_bg_img_hidden=&#8221;no&#8221; woodmart_parallax=&#8221;0&#8243; woodmart_gradient_switch=&#8221;no&#8221; row_reverse_mobile=&#8221;0&#8243; row_reverse_tablet=&#8221;0&#8243; woodmart_disable_overflow=&#8221;0&#8243;][vc_column width=&#8221;1\/2&#8243; mobile_bg_img_hidden=&#8221;no&#8221; tablet_bg_img_hidden=&#8221;no&#8221; woodmart_parallax=&#8221;0&#8243; woodmart_sticky_column=&#8221;false&#8221; parallax_scroll=&#8221;no&#8221; mobile_reset_margin=&#8221;no&#8221; tablet_reset_margin=&#8221;no&#8221;][vc_single_image image=&#8221;65167&#8243; img_size=&#8221;full&#8221; alignment=&#8221;center&#8221; onclick=&#8221;link_image&#8221; parallax_scroll=&#8221;no&#8221; woodmart_inline=&#8221;no&#8221;][\/vc_column][vc_column width=&#8221;1\/2&#8243;][vc_single_image image=&#8221;65871&#8243; img_size=&#8221;full&#8221; alignment=&#8221;center&#8221; onclick=&#8221;link_image&#8221; parallax_scroll=&#8221;no&#8221; woodmart_inline=&#8221;no&#8221;][\/vc_column][\/vc_row]<\/p>\n<\/div>","protected":false},"excerpt":{"rendered":"<p><strong>ALDEBARAN &#8211; <\/strong>\u00a0Tende in Misto Lino un contenitore di emozioni e suggestioni tropicali di grande eleganza e unicit\u00e0 | <strong>Tende Confezionate per Camera da Letto <\/strong>Marini &amp; Gerardi.<\/p>\n","protected":false},"featured_media":65165,"template":"","meta":[],"product_brand":[],"product_cat":[1501,3164,3093,3106,3689,62,3582,3060,3581],"product_tag":[2854,2853,2285,458,64,2877],"class_list":{"0":"post-65164","1":"product","2":"type-product","3":"status-publish","4":"has-post-thumbnail","6":"product_cat-tende","7":"product_cat-tende-camera-da-letto","8":"product_cat-tende-classiche","9":"product_cat-tende-da-interni","10":"product_cat-tende-di-lino","11":"product_cat-tende-in-lino","12":"product_cat-tende-lino","13":"product_cat-tende-moderne","14":"product_cat-tende-su-misura","15":"product_tag-tenda","16":"product_tag-tenda-camera-da-letto","17":"product_tag-tende","18":"product_tag-tende-camera-da-letto","19":"product_tag-tende-di-lino","20":"product_tag-tende-in-lino","22":"first","23":"instock","24":"taxable","25":"shipping-taxable","26":"purchasable","27":"product-type-simple"},"_links":{"self":[{"href":"https:\/\/www.marinigerardi.it\/shop\/wp-json\/wp\/v2\/product\/65164","targetHints":{"allow":["GET"]}}],"collection":[{"href":"https:\/\/www.marinigerardi.it\/shop\/wp-json\/wp\/v2\/product"}],"about":[{"href":"https:\/\/www.marinigerardi.it\/shop\/wp-json\/wp\/v2\/types\/product"}],"wp:featuredmedia":[{"embeddable":true,"href":"https:\/\/www.marinigerardi.it\/shop\/wp-json\/wp\/v2\/media\/65165"}],"wp:attachment":[{"href":"https:\/\/www.marinigerardi.it\/shop\/wp-json\/wp\/v2\/media?parent=65164"}],"wp:term":[{"taxonomy":"product_brand","embeddable":true,"href":"https:\/\/www.marinigerardi.it\/shop\/wp-json\/wp\/v2\/product_brand?post=65164"},{"taxonomy":"product_cat","embeddable":true,"href":"https:\/\/www.marinigerardi.it\/shop\/wp-json\/wp\/v2\/product_cat?post=65164"},{"taxonomy":"product_tag","embeddable":true,"href":"https:\/\/www.marinigerardi.it\/shop\/wp-json\/wp\/v2\/product_tag?post=65164"}],"curies":[{"name":"wp","href":"https:\/\/api.w.org\/{rel}","templated":true}]}}