{"id":65054,"date":"2023-10-23T13:50:11","date_gmt":"2023-10-23T13:50:11","guid":{"rendered":"https:\/\/www.marinigerardi.it\/shop\/?post_type=product&#038;p=65054"},"modified":"2026-01-23T14:38:23","modified_gmt":"2026-01-23T14:38:23","slug":"miglior-tessuto-per-divani","status":"publish","type":"product","link":"https:\/\/www.marinigerardi.it\/shop\/prodotto\/miglior-tessuto-per-divani\/","title":{"rendered":"CAMPO d&#8217;ORO  &#8211;  Miglior Tessuto per Divani ideale per\u00a0Tende Provenzali shabby chic"},"content":{"rendered":"<div class=\"wpb-content-wrapper\"><p>[vc_row equal_height=&#8221;yes&#8221; mobile_bg_img_hidden=&#8221;no&#8221; tablet_bg_img_hidden=&#8221;no&#8221; woodmart_parallax=&#8221;0&#8243; woodmart_gradient_switch=&#8221;no&#8221; row_reverse_mobile=&#8221;0&#8243; row_reverse_tablet=&#8221;0&#8243; woodmart_disable_overflow=&#8221;0&#8243;][vc_column offset=&#8221;vc_col-lg-6 vc_col-md-6&#8243; mobile_bg_img_hidden=&#8221;no&#8221; tablet_bg_img_hidden=&#8221;no&#8221; woodmart_parallax=&#8221;0&#8243; woodmart_sticky_column=&#8221;false&#8221; parallax_scroll=&#8221;no&#8221; mobile_reset_margin=&#8221;no&#8221; tablet_reset_margin=&#8221;no&#8221; css=&#8221;.vc_custom_1613071403480{margin-top: 0px !important;}&#8221;]\n\t\t<div id=\"wd-65369aea09cdf\" class=\"title-wrapper wd-wpb wd-set-mb reset-last-child  wd-rs-65369aea09cdf wd-title-color-primary wd-title-style-bordered text-left vc_custom_1698077425040 wd-underline-colored\">\n\t\t\t\n\t\t\t<div class=\"liner-continer\">\n\t\t\t\t<h2 class=\"woodmart-title-container title  wd-font-weight-500 wd-fontsize-l\" >CAMPO d'ORO - Miglior Tessuto per Divani ideale per Tende Provenzali shabby chic<\/h2>\n\t\t\t\t\t\t\t<\/div>\n\t\t\t\n\t\t\t\n\t\t\t\n\t\t<\/div>\n\t\t\n\t\t[vc_column_text css=&#8221;&#8221; text_larger=&#8221;no&#8221; woodmart_inline=&#8221;no&#8221;]<\/p>\n<p style=\"text-align: justify;\"><strong>&#8220;Campo d&#8217;Oro&#8221; \u00e8 pi\u00f9 di un semplice tessuto; \u00e8 un&#8217;esperienza sensoriale.<\/strong> Ogni filo di lino \u00e8 intriso di bellezza, e ogni metro quadrato di questo tessuto \u00e8 un&#8217;ode alla natura. Con la sua stampa a flusso libero, &#8220;Campo d&#8217;Oro&#8221; cattura l&#8217;essenza della primavera, con boccioli di cotone morbidi e soffici che sembrano danzare al vento. Questi boccioli sono la fonte stessa della fibra di cotone, e la loro delicatezza si riflette in ogni sfumatura di colore.<\/p>\n<p>[\/vc_column_text][vc_tta_accordion title_tag=&#8221;h3&#8243; section_title_tag=&#8221;h3&#8243; active_section=&#8221;&#8221; collapsible_all=&#8221;true&#8221;][vc_tta_section title=&#8221;Info &amp; Scheda Tecnica&#8221; tab_id=&#8221;1769179009334-19c24f2a-9c84&#8243;]\t\t<div id=\"wd-69738739b6a02\" class=\"wd-text-block wd-wpb reset-last-child wd-rs-69738739b6a02 text-left \">\n\t\t\t<ul>\n<li><a href=\"https:\/\/www.marinigerardi.it\/shop\/prodotto\/miglior-tessuto-per-divani\/\">Tessuto Misto Lino:<\/a> 55% &#8211; lino 45% Viscosa<\/li>\n<li>Altezza: h.137 cm.<\/li>\n<li>Ripetizione motivo: 91,4 cm.<\/li>\n<li>Martindale: 18.0000<\/li>\n<\/ul>\n<p><strong>Minimo acquisto <\/strong>1 metro. Se avete bisogno di aiuto contattateci all\u2019 indirizzo mail assistenza@marinigerardi.it<\/p>\n\t\t<\/div>\n\t\t[\/vc_tta_section][\/vc_tta_accordion]<div id=\"wd-697386bb8efd3\" class=\" wd-rs-697386bb8efd3  wd-button-wrapper text-left\"><a href=\"https:\/\/www.marinigerardi.it\/shop\/guida-come-calcolare-il-metraggio-dei-tessuti\/\" title=\"Guida Come Calcolare il Metraggio dei Tessuti\" target=\"_blank\" class=\"btn btn-style-default btn-shape-rectangle btn-size-default\">Come Calcolare il Metraggio dei Tessuti<\/a><\/div>[\/vc_column][vc_column css=&#8221;.vc_custom_1612434787067{background-position: center !important;background-repeat: no-repeat !important;background-size: cover !important;}&#8221; offset=&#8221;vc_col-lg-6 vc_col-md-6&#8243; mobile_bg_img_hidden=&#8221;no&#8221; tablet_bg_img_hidden=&#8221;no&#8221; woodmart_parallax=&#8221;0&#8243; woodmart_sticky_column=&#8221;false&#8221; parallax_scroll=&#8221;no&#8221; mobile_reset_margin=&#8221;no&#8221; tablet_reset_margin=&#8221;no&#8221;][vc_single_image image=&#8221;65061&#8243; img_size=&#8221;large&#8221; alignment=&#8221;center&#8221; onclick=&#8221;link_image&#8221; css=&#8221;&#8221; parallax_scroll=&#8221;no&#8221; woodmart_inline=&#8221;no&#8221;][\/vc_column][\/vc_row][vc_row][vc_column][vc_text_separator title=&#8221;&#8221; css=&#8221;.vc_custom_1769178828295{margin-top: 20px !important;}&#8221;]\n\t\t<div id=\"wd-697386d1e3634\" class=\"title-wrapper wd-wpb wd-set-mb reset-last-child  wd-rs-697386d1e3634 wd-title-color-primary wd-title-style-underlined text-center justify  wd-underline-colored\">\n\t\t\t\n\t\t\t<div class=\"liner-continer\">\n\t\t\t\t<h3 class=\"woodmart-title-container title  wd-font-weight- wd-fontsize-l\" >CAMPO d'ORO - Miglior Tessuto per Divani ideale per Tende Provenzali shabby chic<\/h3>\n\t\t\t\t\t\t\t<\/div>\n\t\t\t\n\t\t\t\t\t\t\t<div class=\"title-after_title reset-last-child  wd-fontsize-xs\">Marini&amp;Gerardi Solo Tessuti di gran classe<\/div>\n\t\t\t\n\t\t\t\n\t\t<\/div>\n\t\t\n\t\t[\/vc_column][\/vc_row][vc_row content_placement=&#8221;middle&#8221; woodmart_bg_position=&#8221;center-bottom&#8221; css=&#8221;.vc_custom_1717890806933{background-color: #f3f3f3 !important;background-position: 0 0 !important;background-repeat: no-repeat !important;}&#8221; el_class=&#8221;mobile-bg-img-hidden&#8221; mobile_bg_img_hidden=&#8221;no&#8221; tablet_bg_img_hidden=&#8221;no&#8221; woodmart_parallax=&#8221;0&#8243; woodmart_gradient_switch=&#8221;no&#8221; row_reverse_mobile=&#8221;0&#8243; row_reverse_tablet=&#8221;0&#8243; woodmart_disable_overflow=&#8221;0&#8243; woodmart_css_id=&#8221;6664eee264d6b&#8221; responsive_spacing=&#8221;eyJwYXJhbV90eXBlIjoid29vZG1hcnRfcmVzcG9uc2l2ZV9zcGFjaW5nIiwic2VsZWN0b3JfaWQiOiI2NjY0ZWVlMjY0ZDZiIiwic2hvcnRjb2RlIjoidmNfcm93IiwiZGF0YSI6eyJ0YWJsZXQiOnt9LCJtb2JpbGUiOnt9fX0=&#8221; woodmart_box_shadow=&#8221;no&#8221; wd_z_index=&#8221;no&#8221;][vc_column mobile_bg_img_hidden=&#8221;no&#8221; tablet_bg_img_hidden=&#8221;no&#8221; woodmart_parallax=&#8221;0&#8243; woodmart_sticky_column=&#8221;false&#8221; parallax_scroll=&#8221;no&#8221; mobile_reset_margin=&#8221;no&#8221; tablet_reset_margin=&#8221;no&#8221;][vc_single_image image=&#8221;68920&#8243; img_size=&#8221;full&#8221; alignment=&#8221;center&#8221; style=&#8221;vc_box_shadow&#8221; css=&#8221;&#8221; parallax_scroll=&#8221;no&#8221; woodmart_inline=&#8221;no&#8221;][\/vc_column][\/vc_row][vc_row][vc_column]\n\t\t<div id=\"wd-6973870e65cd3\" class=\"title-wrapper wd-wpb wd-set-mb reset-last-child  wd-rs-6973870e65cd3 wd-title-color-default wd-title-style-bordered text-left  wd-underline-colored\">\n\t\t\t\n\t\t\t<div class=\"liner-continer\">\n\t\t\t\t<h3 class=\"woodmart-title-container title  wd-font-weight- wd-fontsize-l\" >Miglior Tessuto per Divani<\/h3>\n\t\t\t\t\t\t\t<\/div>\n\t\t\t\n\t\t\t\n\t\t\t\n\t\t<\/div>\n\t\t\n\t\t[vc_column_text text_larger=&#8221;no&#8221; woodmart_inline=&#8221;no&#8221;]<\/p>\n<p style=\"text-align: justify;\"><strong>Questo tessuto \u00e8 perfetto<\/strong> per chi cerca non solo un rivestimento per divani o tende, ma un modo <strong>per trasformare lo spazio in un luogo di lusso e raffinatezza.<\/strong> &#8220;Campo d&#8217;Oro&#8221; \u00e8 un tesoro nascosto, pronto a trasformare ogni stanza in un&#8217;oasi di eleganza senza tempo.<\/p>\n<p style=\"text-align: justify;\"><strong>Ogni volta che ti immergi in &#8220;Campo d&#8217;Oro&#8221;, scopri una nuova sfumatura di bellezza.<\/strong> La tua casa diventa un palcoscenico per la natura, un&#8217;opera d&#8217;arte in continua evoluzione. Lasciati trasportare da questa meraviglia tessile e regala alla tua casa un tocco di originalit\u00e0 e un pizzico di lusso che mai ti stancherai di ammirare.<\/p>\n<p>[\/vc_column_text][\/vc_column][\/vc_row][vc_row content_placement=&#8221;middle&#8221; woodmart_bg_position=&#8221;center-bottom&#8221; css=&#8221;.vc_custom_1612561188989{background-color: #e5e5e5 !important;background-position: 0 0 !important;background-repeat: no-repeat !important;}&#8221; el_class=&#8221;mobile-bg-img-hidden&#8221; mobile_bg_img_hidden=&#8221;no&#8221; tablet_bg_img_hidden=&#8221;no&#8221; woodmart_parallax=&#8221;0&#8243; woodmart_gradient_switch=&#8221;no&#8221; row_reverse_mobile=&#8221;0&#8243; row_reverse_tablet=&#8221;0&#8243; woodmart_disable_overflow=&#8221;0&#8243;][vc_column width=&#8221;1\/2&#8243; mobile_bg_img_hidden=&#8221;no&#8221; tablet_bg_img_hidden=&#8221;no&#8221; woodmart_parallax=&#8221;0&#8243; woodmart_sticky_column=&#8221;false&#8221; parallax_scroll=&#8221;no&#8221; mobile_reset_margin=&#8221;no&#8221; tablet_reset_margin=&#8221;no&#8221;][vc_single_image image=&#8221;65056&#8243; img_size=&#8221;large&#8221; alignment=&#8221;center&#8221; style=&#8221;vc_box_shadow&#8221; css=&#8221;&#8221; parallax_scroll=&#8221;no&#8221; woodmart_inline=&#8221;no&#8221;][\/vc_column][vc_column width=&#8221;1\/2&#8243;][vc_single_image image=&#8221;65055&#8243; img_size=&#8221;large&#8221; alignment=&#8221;center&#8221; style=&#8221;vc_box_shadow&#8221; css=&#8221;&#8221; parallax_scroll=&#8221;no&#8221; woodmart_inline=&#8221;no&#8221;][\/vc_column][\/vc_row][vc_row][vc_column]\n\t\t<div id=\"wd-66c477632aad6\" class=\"title-wrapper wd-wpb wd-set-mb reset-last-child  wd-rs-66c477632aad6 wd-title-color-default wd-title-style-bordered text-left  wd-underline-colored\">\n\t\t\t\n\t\t\t<div class=\"liner-continer\">\n\t\t\t\t<h4 class=\"woodmart-title-container title  wd-font-weight- wd-fontsize-l\" >Miglior Tessuto per Divani<\/h4>\n\t\t\t\t\t\t\t<\/div>\n\t\t\t\n\t\t\t\n\t\t\t\n\t\t<\/div>\n\t\t\n\t\t[vc_column_text text_larger=&#8221;no&#8221; woodmart_inline=&#8221;no&#8221;]<\/p>\n<p style=\"text-align: justify;\"><strong>I nostri Tessuti per Arredamento sono rinomati per la loro qualit\u00e0 senza compromessi<\/strong>. Sono ideali per rivestire poltrone, divani e tende, creando un&#8217;atmosfera di grande personalit\u00e0 in ogni ambiente della tua casa. Indipendentemente dalle dimensioni della tua dimora, essa \u00e8 sempre la tua oasi di pace in un mondo sempre pi\u00f9 frenetico. I nostri tessuti in lino e le tende sono il tocco magico che pu\u00f2 trasformare qualsiasi spazio, aggiungendo stile, buon umore e un tocco di novit\u00e0 in ogni stagione.<\/p>\n<p style=\"text-align: justify;\">Dietro ai nostri tessuti si cela una lunga tradizione di ricerca della qualit\u00e0 e del design, frutto di un impegno costante e di amore per l&#8217;arte dell&#8217;arredamento. La tua casa \u00e8 pronta ad accoglierti a braccia aperte, e noi siamo qui per aiutarti a renderla un luogo unico e speciale. <strong>Marini &amp; Gerardi \u00e8 sempre al tuo fianco, senza promesse vuote, solo con l&#8217;impegno di portare eleganza e bellezza nella tua vita.<\/strong><\/p>\n<p>[\/vc_column_text][\/vc_column][\/vc_row]<\/p>\n<\/div>","protected":false},"excerpt":{"rendered":"<p style=\"text-align: justify;\"><strong>Questo \u00e8 un tessuto che incanta e accarezza gli occhi:<\/strong> Realizzato con il nostro misto di lino e viscosa, <strong>&#8220;Campo d&#8217;Oro&#8221;<\/strong> Miglior tessuto per divani offre non solo bellezza visiva, ma un mondo in cui l&#8217;arte si fonde con il lusso. Una Stoffa Preziosa che combina con grande maestria e sensibilit\u00e0 spazio e\u00a0 combinazioni di colore.<\/p>\n","protected":false},"featured_media":65058,"template":"","meta":[],"product_brand":[],"product_cat":[1515,3064,287,3049],"product_tag":[],"class_list":{"0":"post-65054","1":"product","2":"type-product","3":"status-publish","4":"has-post-thumbnail","6":"product_cat-lino-per-tende","7":"product_cat-misto-lino","8":"product_cat-tessuti-per-tende","9":"product_cat-tessuti-tende-brands","11":"first","12":"instock","13":"sale","14":"taxable","15":"shipping-taxable","16":"purchasable","17":"product-type-simple"},"_links":{"self":[{"href":"https:\/\/www.marinigerardi.it\/shop\/wp-json\/wp\/v2\/product\/65054","targetHints":{"allow":["GET"]}}],"collection":[{"href":"https:\/\/www.marinigerardi.it\/shop\/wp-json\/wp\/v2\/product"}],"about":[{"href":"https:\/\/www.marinigerardi.it\/shop\/wp-json\/wp\/v2\/types\/product"}],"wp:featuredmedia":[{"embeddable":true,"href":"https:\/\/www.marinigerardi.it\/shop\/wp-json\/wp\/v2\/media\/65058"}],"wp:attachment":[{"href":"https:\/\/www.marinigerardi.it\/shop\/wp-json\/wp\/v2\/media?parent=65054"}],"wp:term":[{"taxonomy":"product_brand","embeddable":true,"href":"https:\/\/www.marinigerardi.it\/shop\/wp-json\/wp\/v2\/product_brand?post=65054"},{"taxonomy":"product_cat","embeddable":true,"href":"https:\/\/www.marinigerardi.it\/shop\/wp-json\/wp\/v2\/product_cat?post=65054"},{"taxonomy":"product_tag","embeddable":true,"href":"https:\/\/www.marinigerardi.it\/shop\/wp-json\/wp\/v2\/product_tag?post=65054"}],"curies":[{"name":"wp","href":"https:\/\/api.w.org\/{rel}","templated":true}]}}