{"id":65040,"date":"2023-10-23T10:14:07","date_gmt":"2023-10-23T10:14:07","guid":{"rendered":"https:\/\/www.marinigerardi.it\/shop\/?post_type=product&#038;p=65040"},"modified":"2025-02-02T20:36:15","modified_gmt":"2025-02-02T20:36:15","slug":"stoffa-per-divano-ideale-per-tende-shabby","status":"publish","type":"product","link":"https:\/\/www.marinigerardi.it\/shop\/prodotto\/stoffa-per-divano-ideale-per-tende-shabby\/","title":{"rendered":"Madame Butterfly &#8211;  Pura Meraviglia in Lino: una Stoffa per Divano ideale per\u00a0Tende Shabby Chic"},"content":{"rendered":"<div class=\"wpb-content-wrapper\"><p>[vc_row equal_height=&#8221;yes&#8221; mobile_bg_img_hidden=&#8221;no&#8221; tablet_bg_img_hidden=&#8221;no&#8221; woodmart_parallax=&#8221;0&#8243; woodmart_gradient_switch=&#8221;no&#8221; row_reverse_mobile=&#8221;0&#8243; row_reverse_tablet=&#8221;0&#8243; woodmart_disable_overflow=&#8221;0&#8243;][vc_column offset=&#8221;vc_col-lg-6 vc_col-md-6&#8243; mobile_bg_img_hidden=&#8221;no&#8221; tablet_bg_img_hidden=&#8221;no&#8221; woodmart_parallax=&#8221;0&#8243; woodmart_sticky_column=&#8221;false&#8221; parallax_scroll=&#8221;no&#8221; mobile_reset_margin=&#8221;no&#8221; tablet_reset_margin=&#8221;no&#8221; css=&#8221;.vc_custom_1613071403480{margin-top: 0px !important;}&#8221;]\n\t\t<div id=\"wd-66e1440a72e9f\" class=\"title-wrapper wd-wpb wd-set-mb reset-last-child  wd-rs-66e1440a72e9f wd-title-color-default wd-title-style-default text-left  wd-underline-colored\">\n\t\t\t\n\t\t\t<div class=\"liner-continer\">\n\t\t\t\t<h2 class=\"woodmart-title-container title  wd-font-weight- wd-fontsize-l\" >Stoffa per divano in lino: il tocco elegante per un ambiente shabby chic unico.<\/h2>\n\t\t\t\t\t\t\t<\/div>\n\t\t\t\n\t\t\t\n\t\t\t\n\t\t<\/div>\n\t\t\n\t\t[vc_column_text text_larger=&#8221;no&#8221; woodmart_inline=&#8221;no&#8221;]<\/p>\n<p style=\"text-align: justify;\">Nel mondo Arredo dei tessuti per tappezzeria e tendaggi, c&#8217;\u00e8 una magia tutta speciale nell&#8217;arte di <strong>catturare la bellezza<\/strong> fugace di un paesaggio in un istante di luce perfetto. \u00c8 come afferrare un frammento di poesia visiva prima che si dissolva nel tempo. E in questa danza affascinante tra <strong>colore, luce e natura, nasce &#8220;Madame Butterfly&#8221;.<\/strong><\/p>\n<p>[\/vc_column_text][vc_row_inner][vc_column_inner width=&#8221;1\/2&#8243;]\t\t\t<div class=\"info-box-wrapper\">\n\t\t\t\t<div id=\"wd-6502bda007485\" class=\" wd-rs-6502bda007485 wd-info-box wd-wpb text-left box-icon-align-left box-style-shadow color-scheme- wd-bg-none wd-items-top vc_custom_1694678483229\">\n\t\t\t\t\t\t\t\t\t\t\t<div class=\"box-icon-wrapper  box-with-icon box-icon-with-border\">\n\t\t\t\t\t\t\t<div class=\"info-box-icon\">\n\t\t\t\t\t\t\t\t<img decoding=\"async\" width=\"30\" height=\"30\" src=\"https:\/\/www.marinigerardi.it\/shop\/wp-content\/uploads\/2021\/02\/icons8_yarn_100px-30x30.png\" class=\"attachment-30x30 size-30x30\" alt=\"Composizione tessuti Marini e Gerardi\" srcset=\"https:\/\/www.marinigerardi.it\/shop\/wp-content\/uploads\/2021\/02\/icons8_yarn_100px-30x30.png 30w, https:\/\/www.marinigerardi.it\/shop\/wp-content\/uploads\/2021\/02\/icons8_yarn_100px.png 100w\" sizes=\"(max-width: 30px) 100vw, 30px\" \/>\t\t\t\t\t\t\t<\/div>\n\t\t\t\t\t\t<\/div>\n\t\t\t\t\t\t\t\t\t\t<div class=\"info-box-content\">\n\t\t\t\t\t\t<h4 class=\"info-box-title title box-title-style-default wd-fontsize-s\">MISTO LINO<\/h4>\t\t\t\t\t\t<div class=\"info-box-inner reset-last-child\"><p>55% lino 45% Viscosa<br \/>\nMartindale\u00a0 18,0000<\/p>\n<\/div>\n\n\t\t\t\t\t\t\t\t\t\t\t<\/div>\n\n\t\t\t\t\t\n\t\t\t\t\t<style>#wd-6502bda007485:hover .info-box-icon{background-color:  !important;}<\/style>\t\t\t\t<\/div>\n\t\t\t<\/div>\n\t\t[\/vc_column_inner][vc_column_inner width=&#8221;1\/2&#8243;]\t\t\t<div class=\"info-box-wrapper\">\n\t\t\t\t<div id=\"wd-6536713c23561\" class=\" wd-rs-6536713c23561 wd-info-box wd-wpb text-left box-icon-align-left box-style-shadow color-scheme-dark wd-bg-none wd-items-top vc_custom_1698066891665\">\n\t\t\t\t\t\t\t\t\t\t\t<div class=\"box-icon-wrapper  box-with-icon box-icon-with-border\">\n\t\t\t\t\t\t\t<div class=\"info-box-icon\">\n\t\t\t\t\t\t\t\t<img decoding=\"async\" width=\"30\" height=\"30\" src=\"https:\/\/www.marinigerardi.it\/shop\/wp-content\/uploads\/2021\/02\/icons8_wallpaper_roll_100px-30x30.png\" class=\"attachment-30x30 size-30x30\" alt=\"Altezza Tessuti - Marini e Gerardi\" srcset=\"https:\/\/www.marinigerardi.it\/shop\/wp-content\/uploads\/2021\/02\/icons8_wallpaper_roll_100px-30x30.png 30w, https:\/\/www.marinigerardi.it\/shop\/wp-content\/uploads\/2021\/02\/icons8_wallpaper_roll_100px.png 100w\" sizes=\"(max-width: 30px) 100vw, 30px\" \/>\t\t\t\t\t\t\t<\/div>\n\t\t\t\t\t\t<\/div>\n\t\t\t\t\t\t\t\t\t\t<div class=\"info-box-content\">\n\t\t\t\t\t\t<h4 class=\"info-box-title title box-title-style-default wd-fontsize-s\">ALTEZZA<\/h4>\t\t\t\t\t\t<div class=\"info-box-inner reset-last-child\"><p>h. 137 cm.<br \/>\nRip. motivo 91.4 cm.<br \/>\n265 gr. m\u00b2<\/p>\n<\/div>\n\n\t\t\t\t\t\t\t\t\t\t\t<\/div>\n\n\t\t\t\t\t\n\t\t\t\t\t<style>#wd-6536713c23561:hover .info-box-icon{background-color:  !important;}<\/style>\t\t\t\t<\/div>\n\t\t\t<\/div>\n\t\t[\/vc_column_inner][\/vc_row_inner]\n\t\t<div id=\"wd-66e144210659e\" class=\"title-wrapper wd-wpb wd-set-mb reset-last-child  wd-rs-66e144210659e wd-title-color-default wd-title-style-default text-left  wd-underline-colored\">\n\t\t\t\n\t\t\t<div class=\"liner-continer\">\n\t\t\t\t<h3 class=\"woodmart-title-container title  wd-font-weight- wd-fontsize-l\" >Pura Meraviglia in Lino: una Stoffa per Divano ideale per Tende Shabby chic - Madame Butterfly -<\/h3>\n\t\t\t\t\t\t\t<\/div>\n\t\t\t\n\t\t\t\n\t\t\t\n\t\t<\/div>\n\t\t\n\t\t[vc_column_text woodmart_inline=&#8221;no&#8221; text_larger=&#8221;no&#8221;]<strong>Minimo acquisto 1 metro.<\/strong> Se avete bisogno di aiuto contattateci all&#8217; indirizzo mail assistenza@marinigerardi.it[\/vc_column_text]<div id=\"wd-61d456a6c1a6d\" class=\" wd-rs-61d456a6c1a6d  wd-button-wrapper text-left\"><a href=\"https:\/\/www.marinigerardi.it\/shop\/guida-come-calcolare-il-metraggio-dei-tessuti\/\" title=\"Guida Come Calcolare il Metraggio dei Tessuti\" target=\"_blank\" class=\"btn btn-style-link btn-shape-rectangle btn-size-default btn-icon-pos-left\">Come Calcolare il Metraggio dei Tessuti<span class=\"wd-btn-icon\"><span class=\"wd-icon far fa-arrow-alt-circle-right\"><\/span><\/span><\/a><\/div>[\/vc_column][vc_column css=&#8221;.vc_custom_1612434787067{background-position: center !important;background-repeat: no-repeat !important;background-size: cover !important;}&#8221; offset=&#8221;vc_col-lg-6 vc_col-md-6&#8243; mobile_bg_img_hidden=&#8221;no&#8221; tablet_bg_img_hidden=&#8221;no&#8221; woodmart_parallax=&#8221;0&#8243; woodmart_sticky_column=&#8221;false&#8221; parallax_scroll=&#8221;no&#8221; mobile_reset_margin=&#8221;no&#8221; tablet_reset_margin=&#8221;no&#8221;][vc_single_image image=&#8221;65043&#8243; img_size=&#8221;large&#8221; alignment=&#8221;center&#8221; onclick=&#8221;link_image&#8221; parallax_scroll=&#8221;no&#8221; woodmart_inline=&#8221;no&#8221;][\/vc_column][\/vc_row][vc_row][vc_column][vc_text_separator title=&#8221;Tessuti Naturali&#8221; css=&#8221;.vc_custom_1641305823527{margin-top: 20px !important;}&#8221;]\n\t\t<div id=\"wd-66e142d7e1d90\" class=\"title-wrapper wd-wpb wd-set-mb reset-last-child  wd-rs-66e142d7e1d90 wd-title-color-default wd-title-style-default text-center  wd-underline-colored\">\n\t\t\t\n\t\t\t<div class=\"liner-continer\">\n\t\t\t\t<h2 class=\"woodmart-title-container title  wd-font-weight- wd-fontsize-l\" >La stoffa per divano che trasforma il tuo salotto: lino elegante per ambienti shabby chic.<\/h2>\n\t\t\t\t\t\t\t<\/div>\n\t\t\t\n\t\t\t\n\t\t\t\n\t\t<\/div>\n\t\t\n\t\t[\/vc_column][\/vc_row][vc_row content_placement=&#8221;middle&#8221; woodmart_bg_position=&#8221;center-bottom&#8221; css=&#8221;.vc_custom_1724230150078{background-color: #f3f3f3 !important;background-position: 0 0 !important;background-repeat: no-repeat !important;}&#8221; el_class=&#8221;mobile-bg-img-hidden&#8221; mobile_bg_img_hidden=&#8221;no&#8221; tablet_bg_img_hidden=&#8221;no&#8221; woodmart_parallax=&#8221;0&#8243; woodmart_gradient_switch=&#8221;no&#8221; row_reverse_mobile=&#8221;0&#8243; row_reverse_tablet=&#8221;0&#8243; woodmart_disable_overflow=&#8221;0&#8243; woodmart_css_id=&#8221;66c5a9f0afb22&#8243; responsive_spacing=&#8221;eyJwYXJhbV90eXBlIjoid29vZG1hcnRfcmVzcG9uc2l2ZV9zcGFjaW5nIiwic2VsZWN0b3JfaWQiOiI2NmM1YTlmMGFmYjIyIiwic2hvcnRjb2RlIjoidmNfcm93IiwiZGF0YSI6eyJ0YWJsZXQiOnt9LCJtb2JpbGUiOnt9fX0=&#8221; woodmart_box_shadow=&#8221;no&#8221; wd_z_index=&#8221;no&#8221;][vc_column mobile_bg_img_hidden=&#8221;no&#8221; tablet_bg_img_hidden=&#8221;no&#8221; woodmart_parallax=&#8221;0&#8243; woodmart_sticky_column=&#8221;false&#8221; parallax_scroll=&#8221;no&#8221; mobile_reset_margin=&#8221;no&#8221; tablet_reset_margin=&#8221;no&#8221;][vc_single_image image=&#8221;65042&#8243; img_size=&#8221;full&#8221; alignment=&#8221;center&#8221; style=&#8221;vc_box_shadow&#8221; parallax_scroll=&#8221;no&#8221; woodmart_inline=&#8221;no&#8221;][\/vc_column][\/vc_row][vc_row][vc_column]\n\t\t<div id=\"wd-66e1430534e84\" class=\"title-wrapper wd-wpb wd-set-mb reset-last-child  wd-rs-66e1430534e84 wd-title-color-default wd-title-style-underlined text-center  wd-underline-colored\">\n\t\t\t\n\t\t\t<div class=\"liner-continer\">\n\t\t\t\t<h3 class=\"woodmart-title-container title  wd-font-weight- wd-fontsize-l\" >Qualit\u00e0 e stile: la stoffa per divano perfetta per arredamenti romantici e raffinati.<\/h3>\n\t\t\t\t\t\t\t<\/div>\n\t\t\t\n\t\t\t\n\t\t\t\n\t\t<\/div>\n\t\t\n\t\t[vc_column_text css=&#8221;&#8221; text_larger=&#8221;no&#8221; woodmart_inline=&#8221;no&#8221;]<strong><a href=\"https:\/\/www.marinigerardi.it\/shop\/prodotto\/stoffa-per-divano-ideale-per-tende-shabby\/\">&#8220;Madame Butterfly&#8221;<\/a> \u00e8 un tessuto che incarna l&#8217;energia e la struttura di un paesaggio in continua evoluzione.<\/strong> Questo design \u00e8 una sinfonia di dettagli intricati, una moltitudine di strati che si sovrappongono con grazia. Gli schizzi di vernice, apparentemente casuali, nascondono il segreto di una maestria artigianale curata con attenzione. Ogni tratto di colore \u00e8 stato pensato e plasmato con cura, creando cos\u00ec un design vibrante e versatile, che si esprime con un&#8217;eleganza senza tempo.<\/p>\n<p><strong>Realizzato con il nostro caratteristico misto di lino e viscosa,<\/strong> &#8220;Madame Butterfly&#8221; offre non solo bellezza visiva, ma anche un tocco di comfort e qualit\u00e0. Questa stoffa \u00e8 l&#8217;ideale per divani che desiderano raccontare una storia, per tende che abbracciano lo stile shabby chic con grazia e raffinatezza.<\/p>\n<p>Lascia che &#8220;Madame Butterfly&#8221; ti guidi in un mondo di possibilit\u00e0 di design. Una stoffa per divano veramente speciale e scegli tra una gamma di colori di tendenza che si adattano a ogni sfumatura del tuo gusto personale. I tuoi divani e tendaggi non saranno pi\u00f9 semplici elementi d&#8217;arredo, ma diventeranno opere d&#8217;arte che catturano l&#8217;essenza fugace della bellezza, e ogni giorno sar\u00e0 un momento speciale di luce e colore che non svanir\u00e0 mai.[\/vc_column_text][\/vc_column][\/vc_row][vc_row content_placement=&#8221;middle&#8221; woodmart_bg_position=&#8221;center-bottom&#8221; css=&#8221;.vc_custom_1724230225981{background-color: #f3f3f3 !important;background-position: 0 0 !important;background-repeat: no-repeat !important;}&#8221; el_class=&#8221;mobile-bg-img-hidden&#8221; mobile_bg_img_hidden=&#8221;no&#8221; tablet_bg_img_hidden=&#8221;no&#8221; woodmart_parallax=&#8221;0&#8243; woodmart_gradient_switch=&#8221;no&#8221; row_reverse_mobile=&#8221;0&#8243; row_reverse_tablet=&#8221;0&#8243; woodmart_disable_overflow=&#8221;0&#8243; woodmart_css_id=&#8221;66c5aa3d1d16a&#8221; responsive_spacing=&#8221;eyJwYXJhbV90eXBlIjoid29vZG1hcnRfcmVzcG9uc2l2ZV9zcGFjaW5nIiwic2VsZWN0b3JfaWQiOiI2NmM1YWEzZDFkMTZhIiwic2hvcnRjb2RlIjoidmNfcm93IiwiZGF0YSI6eyJ0YWJsZXQiOnt9LCJtb2JpbGUiOnt9fX0=&#8221; woodmart_box_shadow=&#8221;no&#8221; wd_z_index=&#8221;no&#8221;][vc_column mobile_bg_img_hidden=&#8221;no&#8221; tablet_bg_img_hidden=&#8221;no&#8221; woodmart_parallax=&#8221;0&#8243; woodmart_sticky_column=&#8221;false&#8221; parallax_scroll=&#8221;no&#8221; mobile_reset_margin=&#8221;no&#8221; tablet_reset_margin=&#8221;no&#8221;][vc_single_image image=&#8221;65045&#8243; img_size=&#8221;full&#8221; alignment=&#8221;center&#8221; style=&#8221;vc_box_shadow&#8221; parallax_scroll=&#8221;no&#8221; woodmart_inline=&#8221;no&#8221;][\/vc_column][\/vc_row][vc_row][vc_column]\n\t\t<div id=\"wd-671a7212c0127\" class=\"title-wrapper wd-wpb wd-set-mb reset-last-child  wd-rs-671a7212c0127 wd-title-color-default wd-title-style-bordered text-center  wd-underline-colored\">\n\t\t\t\n\t\t\t<div class=\"liner-continer\">\n\t\t\t\t<h3 class=\"woodmart-title-container title  wd-font-weight- wd-fontsize-l\" >Stoffa per Divano in lino ideale per un look shabby chic impeccabile.<\/h3>\n\t\t\t\t\t\t\t<\/div>\n\t\t\t\n\t\t\t\n\t\t\t\n\t\t<\/div>\n\t\t\n\t\t[vc_column_text css=&#8221;&#8221; text_larger=&#8221;no&#8221; woodmart_inline=&#8221;no&#8221;]<\/p>\n<p style=\"text-align: justify;\"><strong>I nostri <a href=\"https:\/\/www.puro-lino.com\/tessuti-per-tappezzeria\/\" target=\"_blank\" rel=\"noopener nofollow\">Tessuti in lino<\/a> per Arredamento sono rinomati per la loro qualit\u00e0 senza compromessi<\/strong>. Sono ideali per rivestire poltrone, divani e tende, creando un&#8217;atmosfera di grande personalit\u00e0 in ogni ambiente della tua casa. Indipendentemente dalle dimensioni della tua dimora, essa \u00e8 sempre la tua oasi di pace in un mondo sempre pi\u00f9 frenetico. I nostri tessuti in lino e le tende sono il tocco magico che pu\u00f2 trasformare qualsiasi spazio, aggiungendo stile, buon umore e un tocco di novit\u00e0 in ogni stagione.<\/p>\n<p style=\"text-align: justify;\">Dietro ai nostri tessuti si cela una lunga tradizione di ricerca della qualit\u00e0 e del design, frutto di un impegno costante e di amore per l&#8217;arte dell&#8217;arredamento. La tua casa \u00e8 pronta ad accoglierti a braccia aperte, e noi siamo qui per aiutarti a renderla un luogo unico e speciale. <strong>Marini &amp; Gerardi \u00e8 sempre al tuo fianco, senza promesse vuote, solo con l&#8217;impegno di portare eleganza e bellezza nella tua vita.<\/strong><\/p>\n<p>[\/vc_column_text][\/vc_column][\/vc_row]<\/p>\n<\/div>","protected":false},"excerpt":{"rendered":"<p style=\"text-align: justify;\"><strong>Tappezzare Divani &amp; Poltrone o splendide tende:<\/strong> Realizzate con il nostro caratteristico misto di lino e viscosa, <strong>&#8220;Madame Butterfly&#8221;<\/strong> stoffa per divano che offre non solo bellezza visiva, ma anche un tocco di comfort e qualit\u00e0. Una Stoffa per Divano Preziosa che combina con grande maestria e sensibilit\u00e0 spazio e\u00a0 combinazioni di colore.<\/p>\n","protected":false},"featured_media":65041,"template":"","meta":[],"product_brand":[],"product_cat":[1515,3064,287],"product_tag":[],"class_list":{"0":"post-65040","1":"product","2":"type-product","3":"status-publish","4":"has-post-thumbnail","6":"product_cat-lino-per-tende","7":"product_cat-misto-lino","8":"product_cat-tessuti-per-tende","10":"first","11":"instock","12":"sale","13":"taxable","14":"shipping-taxable","15":"purchasable","16":"product-type-simple"},"_links":{"self":[{"href":"https:\/\/www.marinigerardi.it\/shop\/wp-json\/wp\/v2\/product\/65040","targetHints":{"allow":["GET"]}}],"collection":[{"href":"https:\/\/www.marinigerardi.it\/shop\/wp-json\/wp\/v2\/product"}],"about":[{"href":"https:\/\/www.marinigerardi.it\/shop\/wp-json\/wp\/v2\/types\/product"}],"wp:featuredmedia":[{"embeddable":true,"href":"https:\/\/www.marinigerardi.it\/shop\/wp-json\/wp\/v2\/media\/65041"}],"wp:attachment":[{"href":"https:\/\/www.marinigerardi.it\/shop\/wp-json\/wp\/v2\/media?parent=65040"}],"wp:term":[{"taxonomy":"product_brand","embeddable":true,"href":"https:\/\/www.marinigerardi.it\/shop\/wp-json\/wp\/v2\/product_brand?post=65040"},{"taxonomy":"product_cat","embeddable":true,"href":"https:\/\/www.marinigerardi.it\/shop\/wp-json\/wp\/v2\/product_cat?post=65040"},{"taxonomy":"product_tag","embeddable":true,"href":"https:\/\/www.marinigerardi.it\/shop\/wp-json\/wp\/v2\/product_tag?post=65040"}],"curies":[{"name":"wp","href":"https:\/\/api.w.org\/{rel}","templated":true}]}}