{"id":65027,"date":"2023-10-21T21:25:29","date_gmt":"2023-10-21T21:25:29","guid":{"rendered":"https:\/\/www.marinigerardi.it\/shop\/?post_type=product&#038;p=65027"},"modified":"2026-01-16T15:52:22","modified_gmt":"2026-01-16T15:52:22","slug":"tessuti-pregiati-per-arredamento","status":"publish","type":"product","link":"https:\/\/www.marinigerardi.it\/shop\/prodotto\/tessuti-pregiati-per-arredamento\/","title":{"rendered":"ALDEBARAN &#8211;  Tessuti Pregiati per Arredamento Ideali per Tappezzeria Divani e Tendaggi"},"content":{"rendered":"<div class=\"wpb-content-wrapper\"><p>[vc_row equal_height=&#8221;yes&#8221; mobile_bg_img_hidden=&#8221;no&#8221; tablet_bg_img_hidden=&#8221;no&#8221; woodmart_parallax=&#8221;0&#8243; woodmart_gradient_switch=&#8221;no&#8221; row_reverse_mobile=&#8221;0&#8243; row_reverse_tablet=&#8221;0&#8243; woodmart_disable_overflow=&#8221;0&#8243;][vc_column offset=&#8221;vc_col-lg-6 vc_col-md-6&#8243; mobile_bg_img_hidden=&#8221;no&#8221; tablet_bg_img_hidden=&#8221;no&#8221; woodmart_parallax=&#8221;0&#8243; woodmart_sticky_column=&#8221;false&#8221; parallax_scroll=&#8221;no&#8221; mobile_reset_margin=&#8221;no&#8221; tablet_reset_margin=&#8221;no&#8221; css=&#8221;.vc_custom_1613071403480{margin-top: 0px !important;}&#8221;]\n\t\t<div id=\"wd-653446c60051b\" class=\"title-wrapper wd-wpb wd-set-mb reset-last-child  wd-rs-653446c60051b wd-title-color-primary wd-title-style-bordered text-left vc_custom_1697924815595 wd-underline-colored\">\n\t\t\t\n\t\t\t<div class=\"liner-continer\">\n\t\t\t\t<h2 class=\"woodmart-title-container title  wd-font-weight-500 wd-fontsize-l\" >ALDEBARAN - Tessuti Pregiati per Arredamento Moderno Ideali per Tappezzeria Divani e Tendaggi<\/h2>\n\t\t\t\t\t\t\t<\/div>\n\t\t\t\n\t\t\t\n\t\t\t\n\t\t<\/div>\n\t\t\n\t\t[vc_column_text text_larger=&#8221;no&#8221; woodmart_inline=&#8221;no&#8221;]<\/p>\n<p style=\"text-align: justify;\"><strong>ALDEBARAN\u00a0 <a href=\"https:\/\/www.marinigerardi.it\/shop\/prodotto\/tessuti-pregiati-per-arredamento\/\">tessuto straordinario<\/a><\/strong> creato per tappezzeria e tendaggi, con un design moderno e naturale. Questo tessuto presenta una stampa unica, composta da foglie in una combinazione di colori che catturano l&#8217;attenzione: Verde Tropicale e Giallo Autunnale.<\/p>\n<p>[\/vc_column_text][vc_row_inner][vc_column_inner width=&#8221;1\/2&#8243;]\t\t\t<div class=\"info-box-wrapper\">\n\t\t\t\t<div id=\"wd-653442ba69149\" class=\" wd-rs-653442ba69149 wd-info-box wd-wpb text-left box-icon-align-left box-style-shadow color-scheme- wd-bg-none wd-items-top vc_custom_1697923813332\">\n\t\t\t\t\t\t\t\t\t\t\t<div class=\"box-icon-wrapper  box-with-icon box-icon-with-border\">\n\t\t\t\t\t\t\t<div class=\"info-box-icon\">\n\t\t\t\t\t\t\t\t<img decoding=\"async\" width=\"30\" height=\"30\" src=\"https:\/\/www.marinigerardi.it\/shop\/wp-content\/uploads\/2021\/02\/icons8_yarn_100px-30x30.png\" class=\"attachment-30x30 size-30x30\" alt=\"Composizione tessuti Marini e Gerardi\" srcset=\"https:\/\/www.marinigerardi.it\/shop\/wp-content\/uploads\/2021\/02\/icons8_yarn_100px-30x30.png 30w, https:\/\/www.marinigerardi.it\/shop\/wp-content\/uploads\/2021\/02\/icons8_yarn_100px.png 100w\" sizes=\"(max-width: 30px) 100vw, 30px\" \/>\t\t\t\t\t\t\t<\/div>\n\t\t\t\t\t\t<\/div>\n\t\t\t\t\t\t\t\t\t\t<div class=\"info-box-content\">\n\t\t\t\t\t\t<h4 class=\"info-box-title title box-title-style-default wd-fontsize-s\">MISTO LINO<\/h4>\t\t\t\t\t\t<div class=\"info-box-inner reset-last-child\"><p>51% lino 49% Cotone<br \/>\nMartindale\u00a0 18,0000<\/p>\n<\/div>\n\n\t\t\t\t\t\t\t\t\t\t\t<\/div>\n\n\t\t\t\t\t\n\t\t\t\t\t<style>#wd-653442ba69149:hover .info-box-icon{background-color:  !important;}<\/style>\t\t\t\t<\/div>\n\t\t\t<\/div>\n\t\t[\/vc_column_inner][vc_column_inner width=&#8221;1\/2&#8243;]\t\t\t<div class=\"info-box-wrapper\">\n\t\t\t\t<div id=\"wd-65367672655e9\" class=\" wd-rs-65367672655e9 wd-info-box wd-wpb text-left box-icon-align-left box-style-shadow color-scheme-dark wd-bg-none wd-items-top vc_custom_1698068103601\">\n\t\t\t\t\t\t\t\t\t\t\t<div class=\"box-icon-wrapper  box-with-icon box-icon-with-border\">\n\t\t\t\t\t\t\t<div class=\"info-box-icon\">\n\t\t\t\t\t\t\t\t<img decoding=\"async\" width=\"30\" height=\"30\" src=\"https:\/\/www.marinigerardi.it\/shop\/wp-content\/uploads\/2021\/02\/icons8_wallpaper_roll_100px-30x30.png\" class=\"attachment-30x30 size-30x30\" alt=\"Altezza Tessuti - Marini e Gerardi\" srcset=\"https:\/\/www.marinigerardi.it\/shop\/wp-content\/uploads\/2021\/02\/icons8_wallpaper_roll_100px-30x30.png 30w, https:\/\/www.marinigerardi.it\/shop\/wp-content\/uploads\/2021\/02\/icons8_wallpaper_roll_100px.png 100w\" sizes=\"(max-width: 30px) 100vw, 30px\" \/>\t\t\t\t\t\t\t<\/div>\n\t\t\t\t\t\t<\/div>\n\t\t\t\t\t\t\t\t\t\t<div class=\"info-box-content\">\n\t\t\t\t\t\t<h4 class=\"info-box-title title box-title-style-default wd-fontsize-s\">ALTEZZA<\/h4>\t\t\t\t\t\t<div class=\"info-box-inner reset-last-child\"><p>h. 140 cm.<br \/>\nRip. motivo 64 cm.<br \/>\n265 gr. m\u00b2<\/p>\n<\/div>\n\n\t\t\t\t\t\t\t\t\t\t\t<\/div>\n\n\t\t\t\t\t\n\t\t\t\t\t<style>#wd-65367672655e9:hover .info-box-icon{background-color:  !important;}<\/style>\t\t\t\t<\/div>\n\t\t\t<\/div>\n\t\t[\/vc_column_inner][\/vc_row_inner][vc_column_text woodmart_inline=&#8221;no&#8221; text_larger=&#8221;no&#8221;]<strong>Minimo acquisto 1 metro.<\/strong> Se avete bisogno di aiuto contattateci all&#8217; indirizzo mail assistenza@marinigerardi.it[\/vc_column_text]<div id=\"wd-61d456a6c1a6d\" class=\" wd-rs-61d456a6c1a6d  wd-button-wrapper text-left\"><a href=\"https:\/\/www.marinigerardi.it\/shop\/guida-come-calcolare-il-metraggio-dei-tessuti\/\" title=\"Guida Come Calcolare il Metraggio dei Tessuti\" target=\"_blank\" class=\"btn btn-style-link btn-shape-rectangle btn-size-default btn-icon-pos-left\">Come Calcolare il Metraggio dei Tessuti<span class=\"wd-btn-icon\"><span class=\"wd-icon far fa-arrow-alt-circle-right\"><\/span><\/span><\/a><\/div>[\/vc_column][vc_column css=&#8221;.vc_custom_1612434787067{background-position: center !important;background-repeat: no-repeat !important;background-size: cover !important;}&#8221; offset=&#8221;vc_col-lg-6 vc_col-md-6&#8243; mobile_bg_img_hidden=&#8221;no&#8221; tablet_bg_img_hidden=&#8221;no&#8221; woodmart_parallax=&#8221;0&#8243; woodmart_sticky_column=&#8221;false&#8221; parallax_scroll=&#8221;no&#8221; mobile_reset_margin=&#8221;no&#8221; tablet_reset_margin=&#8221;no&#8221;][vc_single_image image=&#8221;65031&#8243; img_size=&#8221;large&#8221; alignment=&#8221;center&#8221; onclick=&#8221;link_image&#8221; parallax_scroll=&#8221;no&#8221; woodmart_inline=&#8221;no&#8221;][\/vc_column][\/vc_row][vc_row][vc_column][vc_text_separator title=&#8221;Tessuti Naturali&#8221; css=&#8221;.vc_custom_1641305823527{margin-top: 20px !important;}&#8221;]\n\t\t<div id=\"wd-66c46e7a9bd46\" class=\"title-wrapper wd-wpb wd-set-mb reset-last-child  wd-rs-66c46e7a9bd46 wd-title-color-default wd-title-style-default text-center  wd-underline-colored\">\n\t\t\t\n\t\t\t<div class=\"liner-continer\">\n\t\t\t\t<h2 class=\"woodmart-title-container title  wd-font-weight- wd-fontsize-l\" >Tessuti Pregiati per Arredamento<\/h2>\n\t\t\t\t\t\t\t<\/div>\n\t\t\t\n\t\t\t\n\t\t\t\n\t\t<\/div>\n\t\t\n\t\t[\/vc_column][\/vc_row][vc_row content_placement=&#8221;middle&#8221; woodmart_bg_position=&#8221;center-bottom&#8221; css=&#8221;.vc_custom_1612561188989{background-color: #e5e5e5 !important;background-position: 0 0 !important;background-repeat: no-repeat !important;}&#8221; el_class=&#8221;mobile-bg-img-hidden&#8221; mobile_bg_img_hidden=&#8221;no&#8221; tablet_bg_img_hidden=&#8221;no&#8221; woodmart_parallax=&#8221;0&#8243; woodmart_gradient_switch=&#8221;no&#8221; row_reverse_mobile=&#8221;0&#8243; row_reverse_tablet=&#8221;0&#8243; woodmart_disable_overflow=&#8221;0&#8243;][vc_column mobile_bg_img_hidden=&#8221;no&#8221; tablet_bg_img_hidden=&#8221;no&#8221; woodmart_parallax=&#8221;0&#8243; woodmart_sticky_column=&#8221;false&#8221; parallax_scroll=&#8221;no&#8221; mobile_reset_margin=&#8221;no&#8221; tablet_reset_margin=&#8221;no&#8221;][vc_single_image image=&#8221;65162&#8243; img_size=&#8221;full&#8221; alignment=&#8221;center&#8221; style=&#8221;vc_box_shadow&#8221; onclick=&#8221;link_image&#8221; parallax_scroll=&#8221;no&#8221; woodmart_inline=&#8221;no&#8221;][\/vc_column][\/vc_row][vc_row][vc_column]\n\t\t<div id=\"wd-66c46efd222f3\" class=\"title-wrapper wd-wpb wd-set-mb reset-last-child  wd-rs-66c46efd222f3 wd-title-color-default wd-title-style-default text-center  wd-underline-colored\">\n\t\t\t\n\t\t\t<div class=\"liner-continer\">\n\t\t\t\t<h4 class=\"woodmart-title-container title  wd-font-weight- wd-fontsize-l\" >Tessuti Pregiati per Arredamento<\/h4>\n\t\t\t\t\t\t\t<\/div>\n\t\t\t\n\t\t\t\n\t\t\t\n\t\t<\/div>\n\t\t\n\t\t[\/vc_column][\/vc_row][vc_row content_placement=&#8221;middle&#8221; woodmart_bg_position=&#8221;center-bottom&#8221; css=&#8221;.vc_custom_1612561188989{background-color: #e5e5e5 !important;background-position: 0 0 !important;background-repeat: no-repeat !important;}&#8221; el_class=&#8221;mobile-bg-img-hidden&#8221; mobile_bg_img_hidden=&#8221;no&#8221; tablet_bg_img_hidden=&#8221;no&#8221; woodmart_parallax=&#8221;0&#8243; woodmart_gradient_switch=&#8221;no&#8221; row_reverse_mobile=&#8221;0&#8243; row_reverse_tablet=&#8221;0&#8243; woodmart_disable_overflow=&#8221;0&#8243;][vc_column mobile_bg_img_hidden=&#8221;no&#8221; tablet_bg_img_hidden=&#8221;no&#8221; woodmart_parallax=&#8221;0&#8243; woodmart_sticky_column=&#8221;false&#8221; parallax_scroll=&#8221;no&#8221; mobile_reset_margin=&#8221;no&#8221; tablet_reset_margin=&#8221;no&#8221;][vc_single_image image=&#8221;65871&#8243; img_size=&#8221;full&#8221; alignment=&#8221;center&#8221; style=&#8221;vc_box_shadow&#8221; onclick=&#8221;link_image&#8221; parallax_scroll=&#8221;no&#8221; woodmart_inline=&#8221;no&#8221;][\/vc_column][\/vc_row][vc_row][vc_column]\n\t\t<div id=\"wd-653450c7c2d47\" class=\"title-wrapper wd-wpb wd-set-mb reset-last-child  wd-rs-653450c7c2d47 wd-title-color-primary wd-title-style-default text-center justify  wd-underline-colored\">\n\t\t\t\t\t\t\t\n\t\t\t\t<div class=\"title-subtitle  subtitle-color-primary font-alt subtitle-style-default wd-font-weight- wd-fontsize-xs\">Solo Tessuti di gran classe<\/div>\n\t\t\t\n\t\t\t<div class=\"liner-continer\">\n\t\t\t\t<h3 class=\"woodmart-title-container title  wd-font-weight-300 wd-fontsize-l\" >ALDEBARAN - Tessuti Pregiati per Arredamento Moderno Ideali per Tappezzeria Divani e Tendaggi<\/h3>\n\t\t\t\t\t\t\t<\/div>\n\t\t\t\n\t\t\t\n\t\t\t\n\t\t<\/div>\n\t\t\n\t\t[vc_column_text text_larger=&#8221;no&#8221; woodmart_inline=&#8221;no&#8221;]<\/p>\n<p style=\"text-align: justify;\"><strong>I nostri Tessuti per Arredamento sono rinomati per la loro qualit\u00e0 senza compromessi<\/strong>. Sono ideali per rivestire poltrone, divani e tende, creando un&#8217;atmosfera di grande personalit\u00e0 in ogni ambiente della tua casa. Indipendentemente dalle dimensioni della tua dimora, essa \u00e8 sempre la tua oasi di pace in un mondo sempre pi\u00f9 frenetico. I nostri tessuti in lino e le tende sono il tocco magico che pu\u00f2 trasformare qualsiasi spazio, aggiungendo stile, buon umore e un tocco di novit\u00e0 in ogni stagione.<\/p>\n<p style=\"text-align: justify;\">Dietro ai nostri tessuti si cela una lunga tradizione di ricerca della qualit\u00e0 e del design, frutto di un impegno costante e di amore per l&#8217;arte dell&#8217;arredamento. La tua casa \u00e8 pronta ad accoglierti a braccia aperte, e noi siamo qui per aiutarti a renderla un luogo unico e speciale. <strong>Marini &amp; Gerardi \u00e8 sempre al tuo fianco, senza promesse vuote, solo con l&#8217;impegno di portare eleganza e bellezza nella tua vita.<\/strong><\/p>\n<p>[\/vc_column_text][\/vc_column][\/vc_row]<\/p>\n<\/div>","protected":false},"excerpt":{"rendered":"<p style=\"text-align: justify;\"><strong>Aldebaran &#8211; <\/strong>\u00a0Un Tessuto Splendido, Moderno, dalla mano morbida; che combina foglie in accattivanti combinazioni di colore. <strong>Tessuti Pregiati per Arredamento in misto lino per Tappezzeria e Tendaggi<\/strong><\/p>\n","protected":false},"featured_media":91570,"template":"","meta":[],"product_brand":[],"product_cat":[1515,3064,287],"product_tag":[],"class_list":{"0":"post-65027","1":"product","2":"type-product","3":"status-publish","4":"has-post-thumbnail","6":"product_cat-lino-per-tende","7":"product_cat-misto-lino","8":"product_cat-tessuti-per-tende","10":"first","11":"instock","12":"sale","13":"taxable","14":"shipping-taxable","15":"purchasable","16":"product-type-simple"},"_links":{"self":[{"href":"https:\/\/www.marinigerardi.it\/shop\/wp-json\/wp\/v2\/product\/65027","targetHints":{"allow":["GET"]}}],"collection":[{"href":"https:\/\/www.marinigerardi.it\/shop\/wp-json\/wp\/v2\/product"}],"about":[{"href":"https:\/\/www.marinigerardi.it\/shop\/wp-json\/wp\/v2\/types\/product"}],"wp:featuredmedia":[{"embeddable":true,"href":"https:\/\/www.marinigerardi.it\/shop\/wp-json\/wp\/v2\/media\/91570"}],"wp:attachment":[{"href":"https:\/\/www.marinigerardi.it\/shop\/wp-json\/wp\/v2\/media?parent=65027"}],"wp:term":[{"taxonomy":"product_brand","embeddable":true,"href":"https:\/\/www.marinigerardi.it\/shop\/wp-json\/wp\/v2\/product_brand?post=65027"},{"taxonomy":"product_cat","embeddable":true,"href":"https:\/\/www.marinigerardi.it\/shop\/wp-json\/wp\/v2\/product_cat?post=65027"},{"taxonomy":"product_tag","embeddable":true,"href":"https:\/\/www.marinigerardi.it\/shop\/wp-json\/wp\/v2\/product_tag?post=65027"}],"curies":[{"name":"wp","href":"https:\/\/api.w.org\/{rel}","templated":true}]}}