{"id":64983,"date":"2023-10-19T14:32:14","date_gmt":"2023-10-19T14:32:14","guid":{"rendered":"https:\/\/www.marinigerardi.it\/shop\/?post_type=product&#038;p=64983"},"modified":"2025-08-19T07:39:07","modified_gmt":"2025-08-19T07:39:07","slug":"tende-vetri-per-mansarda-cucina-salone-camera-da-letto","status":"publish","type":"product","link":"https:\/\/www.marinigerardi.it\/shop\/prodotto\/tende-vetri-per-mansarda-cucina-salone-camera-da-letto\/","title":{"rendered":"BURIANA &#8211; Tende Vetri per mansarda, cucina, salone, camera da letto"},"content":{"rendered":"<div class=\"wpb-content-wrapper\"><p>[vc_row equal_height=&#8221;yes&#8221; mobile_bg_img_hidden=&#8221;no&#8221; tablet_bg_img_hidden=&#8221;no&#8221; woodmart_parallax=&#8221;0&#8243; woodmart_gradient_switch=&#8221;no&#8221; row_reverse_mobile=&#8221;0&#8243; row_reverse_tablet=&#8221;0&#8243; woodmart_disable_overflow=&#8221;0&#8243;][vc_column offset=&#8221;vc_col-lg-6 vc_col-md-6&#8243; mobile_bg_img_hidden=&#8221;no&#8221; tablet_bg_img_hidden=&#8221;no&#8221; woodmart_parallax=&#8221;0&#8243; woodmart_sticky_column=&#8221;false&#8221; parallax_scroll=&#8221;no&#8221; mobile_reset_margin=&#8221;no&#8221; tablet_reset_margin=&#8221;no&#8221; css=&#8221;.vc_custom_1613071403480{margin-top: 0px !important;}&#8221;]\n\t\t<div id=\"wd-682d9d1f21656\" class=\"title-wrapper wd-wpb wd-set-mb reset-last-child  wd-rs-682d9d1f21656 wd-title-color-primary wd-title-style-bordered text-left vc_custom_1747819829174 wd-underline-colored\">\n\t\t\t\n\t\t\t<div class=\"liner-continer\">\n\t\t\t\t<h2 class=\"woodmart-title-container title  wd-font-weight-600 wd-fontsize-l\" >BURIANA- Tende Vetri per mansarda, cucina, salone, camera da letto<\/h2>\n\t\t\t\t\t\t\t<\/div>\n\t\t\t\n\t\t\t\n\t\t\t\n\t\t<\/div>\n\t\t\n\t\t\t\t<div id=\"wd-65bac1b0e4c2a\" class=\"wd-text-block wd-wpb reset-last-child wd-rs-65bac1b0e4c2a text-left \">\n\t\t\t<p style=\"text-align: justify;\"><a href=\"https:\/\/www.marinigerardi.it\/shop\/prodotto\/tende-vetri-per-mansarda-cucina-salone-camera-da-letto\/\">Con le nostre tende a vetro,<\/a> la trasformazione delle finestre della tua cucina, soggiorno o stanza da letto in autentici simboli di eleganza e stile \u00e8 alla portata di tutti. Ogni tenda \u00e8 in grado di catturare in modo unico la tua attenzione.<\/p>\n\t\t<\/div>\n\t\t[vc_single_image image=&#8221;64986&#8243; img_size=&#8221;large&#8221; alignment=&#8221;center&#8221; onclick=&#8221;link_image&#8221; parallax_scroll=&#8221;no&#8221; woodmart_inline=&#8221;no&#8221;][\/vc_column][vc_column css=&#8221;.vc_custom_1612434787067{background-position: center !important;background-repeat: no-repeat !important;background-size: cover !important;}&#8221; offset=&#8221;vc_col-lg-6 vc_col-md-6&#8243; mobile_bg_img_hidden=&#8221;no&#8221; tablet_bg_img_hidden=&#8221;no&#8221; woodmart_parallax=&#8221;0&#8243; woodmart_sticky_column=&#8221;false&#8221; parallax_scroll=&#8221;no&#8221; mobile_reset_margin=&#8221;no&#8221; tablet_reset_margin=&#8221;no&#8221;]\t\t\t<div class=\"info-box-wrapper\">\n\t\t\t\t<div id=\"wd-66c12381d37da\" class=\" wd-rs-66c12381d37da wd-info-box wd-wpb text-left box-icon-align-top box-style-border color-scheme- wd-bg-none \">\n\t\t\t\t\t\t\t\t\t\t<div class=\"info-box-content\">\n\t\t\t\t\t\t\t\t\t\t\t\t<div class=\"info-box-inner reset-last-child\"><\/p>\n<ul>\n<li>Opzione 1 &#8211; Tende vetri con tunnel passante da 2 cm in alto e in basso.<\/li>\n<li>Opzione 2 &#8211; Tende vetri con asole a passanti in alto e tunnel da 2 cm. in basso;<\/li>\n<li>Opzione 3 &#8211; Tende vetri con clips ad anelli in acciaio in alto e tunnel da 2 cm. in basso;<\/li>\n<li>Se si vuole eliminare il tunnel in basso segnalarlo nelle note dell&#8217;ordine;<\/li>\n<li>Base tendine colori chiari: Bianco Ottico, Bianco Naturale, Panna, Grigio;<\/li>\n<li>Il prezzo \u00e8 inteso per ogni singola tendina;<\/li>\n<li>Prodotto Sartoriale anche su misura.<\/li>\n<\/ul>\n<p><strong>Per le misure non incluse<\/strong>, si prega inviare il dettaglio della dimensione desiderata all&#8217; indirizzo mail <strong>assistenza@marinigerardi.it<\/strong><\/p>\n<\/div>\n\n\t\t\t\t\t\t\t\t\t\t\t<\/div>\n\n\t\t\t\t\t\n\t\t\t\t\t\t\t\t\t<\/div>\n\t\t\t<\/div>\n\t\t\t\t<div id=\"wd-65bac1bf01852\" class=\"wd-text-block wd-wpb reset-last-child wd-rs-65bac1bf01852 text-left \">\n\t\t\t<p style=\"text-align: justify;\">La nostra selezione offre una vasta gamma di modelli, design e colori originali sempre a disposizione, realizzati su misura per garantirti un aspetto fresco e naturale, grazie al nostro lino di alta gamma. Entra nel mondo delle tende a vetri che sanno distinguersi in quanto ad unicit\u00e0.<\/p>\n\t\t<\/div>\n\t\t[\/vc_column][\/vc_row][vc_row content_placement=&#8221;middle&#8221; woodmart_bg_position=&#8221;center-bottom&#8221; css=&#8221;.vc_custom_1697554407999{background-color: #f3f3f3 !important;background-position: 0 0 !important;background-repeat: no-repeat !important;}&#8221; el_class=&#8221;mobile-bg-img-hidden&#8221; mobile_bg_img_hidden=&#8221;no&#8221; tablet_bg_img_hidden=&#8221;no&#8221; woodmart_parallax=&#8221;0&#8243; woodmart_gradient_switch=&#8221;no&#8221; row_reverse_mobile=&#8221;0&#8243; row_reverse_tablet=&#8221;0&#8243; woodmart_disable_overflow=&#8221;0&#8243; woodmart_css_id=&#8221;652e9fdf2ba41&#8243; responsive_spacing=&#8221;eyJwYXJhbV90eXBlIjoid29vZG1hcnRfcmVzcG9uc2l2ZV9zcGFjaW5nIiwic2VsZWN0b3JfaWQiOiI2NTJlOWZkZjJiYTQxIiwic2hvcnRjb2RlIjoidmNfcm93IiwiZGF0YSI6eyJ0YWJsZXQiOnt9LCJtb2JpbGUiOnt9fX0=&#8221; woodmart_box_shadow=&#8221;yes&#8221; wd_box_shadow=&#8221;eyJkZXZpY2VzIjp7ImRlc2t0b3AiOnsiaG9yaXpvbnRhbCI6IjAiLCJ2ZXJ0aWNhbCI6IjAiLCJibHVyIjoiOSIsInNwcmVhZCI6IjAiLCJjb2xvciI6InJnYmEoMCwgMCwgMCwgLjE1KSJ9fX0=&#8221; wd_z_index=&#8221;no&#8221;][vc_column mobile_bg_img_hidden=&#8221;no&#8221; tablet_bg_img_hidden=&#8221;no&#8221; woodmart_parallax=&#8221;0&#8243; woodmart_sticky_column=&#8221;false&#8221; parallax_scroll=&#8221;no&#8221; mobile_reset_margin=&#8221;no&#8221; tablet_reset_margin=&#8221;no&#8221;][vc_text_separator title=&#8221;Colori Base Tessuto in Lino&#8221; css=&#8221;.vc_custom_1747820596674{margin-top: 20px !important;margin-bottom: 20px !important;}&#8221;]\t\t<div id=\"gallery_174\" class=\"wd-images-gallery wd-wpb wd-rs-652ea1de34453 photoswipe-images\" style=\"--wd-justify-content:center;--wd-align-items:center;\">\n\t\t\t\n\t\t\t<div class=\" wd-grid-g\" style=\"--wd-col-lg:2;--wd-col-md:2;--wd-col-sm:1;--wd-gap-lg:10px;\">\n\t\t\t\t\n\t\t\t\t\t\t\t\t\t\t\t\t\t\t\t<div class=\"wd-gallery-item wd-col\">\n\t\t\t\t\t\t\t\t\t\t\t\t\t\t<a href=\"https:\/\/www.marinigerardi.it\/shop\/wp-content\/uploads\/2021\/02\/tessuto-lino-di-lusso-per-tende-classiche-bianco-ottico-A010.jpg\" data-elementor-open-lightbox=\"no\" data-index=\"1\" data-width=\"1024\" data-height=\"768\" \n\t\t\t\t\t\t\t\t\t\t\t\t\t\t\t\t\t\t\t\t\t\t\t\t\t\t\t\ttitle=\"Tessuto Salento Bianco Ottico 010\">\n\t\t\t\t\t\t\t\t\n\t\t\t\t\t\t\t\t<img decoding=\"async\" width=\"1024\" height=\"768\" src=\"https:\/\/www.marinigerardi.it\/shop\/wp-content\/uploads\/2021\/02\/tessuto-lino-di-lusso-per-tende-classiche-bianco-ottico-A010.jpg.webp\" class=\"wd-gallery-image image-1\" alt=\"SALENTO - Tessuto per Tende Lino Bianco Ottico 010 + 26 tonalit\u00e0 di colore\" srcset=\"https:\/\/www.marinigerardi.it\/shop\/wp-content\/uploads\/2021\/02\/tessuto-lino-di-lusso-per-tende-classiche-bianco-ottico-A010.jpg.webp 1024w, https:\/\/www.marinigerardi.it\/shop\/wp-content\/uploads\/2021\/02\/tessuto-lino-di-lusso-per-tende-classiche-bianco-ottico-A010-450x338.jpg 450w, https:\/\/www.marinigerardi.it\/shop\/wp-content\/uploads\/2021\/02\/tessuto-lino-di-lusso-per-tende-classiche-bianco-ottico-A010-1000x750.jpg 1000w, https:\/\/www.marinigerardi.it\/shop\/wp-content\/uploads\/2021\/02\/tessuto-lino-di-lusso-per-tende-classiche-bianco-ottico-A010-300x225.jpg.webp 300w, https:\/\/www.marinigerardi.it\/shop\/wp-content\/uploads\/2021\/02\/tessuto-lino-di-lusso-per-tende-classiche-bianco-ottico-A010-768x576.jpg.webp 768w\" sizes=\"(max-width: 1024px) 100vw, 1024px\" \/>\n\t\t\t\t\t\t\t\t\t\t\t\t\t\t\t<\/a>\n\t\t\t\t\t\t\t\t\t\t\t\t<\/div>\n\t\t\t\t\t\t\t\t\t\t\t<div class=\"wd-gallery-item wd-col\">\n\t\t\t\t\t\t\t\t\t\t\t\t\t\t<a href=\"https:\/\/www.marinigerardi.it\/shop\/wp-content\/uploads\/2021\/02\/tessuto-lino-per-tende-classiche-di-lusso-bianco-naturale-000.jpg\" data-elementor-open-lightbox=\"no\" data-index=\"2\" data-width=\"1024\" data-height=\"768\" \n\t\t\t\t\t\t\t\t\t\t\t\t\t\t\t\t\t\t\t\t\t\t\t\t\t\t\t\ttitle=\"Tessuto Salento Bianco Naturale 000\">\n\t\t\t\t\t\t\t\t\n\t\t\t\t\t\t\t\t<img decoding=\"async\" width=\"1024\" height=\"768\" src=\"https:\/\/www.marinigerardi.it\/shop\/wp-content\/uploads\/2021\/02\/tessuto-lino-per-tende-classiche-di-lusso-bianco-naturale-000.jpg.webp\" class=\"wd-gallery-image image-2\" alt=\"Tessuto Lino Per Tende Classiche Di Lusso Bianco Naturale 000\" srcset=\"https:\/\/www.marinigerardi.it\/shop\/wp-content\/uploads\/2021\/02\/tessuto-lino-per-tende-classiche-di-lusso-bianco-naturale-000.jpg.webp 1024w, https:\/\/www.marinigerardi.it\/shop\/wp-content\/uploads\/2021\/02\/tessuto-lino-per-tende-classiche-di-lusso-bianco-naturale-000-450x338.jpg 450w, https:\/\/www.marinigerardi.it\/shop\/wp-content\/uploads\/2021\/02\/tessuto-lino-per-tende-classiche-di-lusso-bianco-naturale-000-1000x750.jpg 1000w, https:\/\/www.marinigerardi.it\/shop\/wp-content\/uploads\/2021\/02\/tessuto-lino-per-tende-classiche-di-lusso-bianco-naturale-000-300x225.jpg.webp 300w, https:\/\/www.marinigerardi.it\/shop\/wp-content\/uploads\/2021\/02\/tessuto-lino-per-tende-classiche-di-lusso-bianco-naturale-000-768x576.jpg.webp 768w\" sizes=\"(max-width: 1024px) 100vw, 1024px\" \/>\n\t\t\t\t\t\t\t\t\t\t\t\t\t\t\t<\/a>\n\t\t\t\t\t\t\t\t\t\t\t\t<\/div>\n\t\t\t\t\t\t\t\t\t\t\t<div class=\"wd-gallery-item wd-col\">\n\t\t\t\t\t\t\t\t\t\t\t\t\t\t<a href=\"https:\/\/www.marinigerardi.it\/shop\/wp-content\/uploads\/2021\/02\/tessuto-lino-liscio-filtrante-salento-panna-A33-per-tende-moderne.jpg\" data-elementor-open-lightbox=\"no\" data-index=\"3\" data-width=\"1024\" data-height=\"768\" \n\t\t\t\t\t\t\t\t\t\t\t\t\t\t\t\t\t\t\t\t\t\t\t\t\t\t\t\ttitle=\"Tessuto Salento Panna A33\">\n\t\t\t\t\t\t\t\t\n\t\t\t\t\t\t\t\t<img decoding=\"async\" width=\"1024\" height=\"768\" src=\"https:\/\/www.marinigerardi.it\/shop\/wp-content\/uploads\/2021\/02\/tessuto-lino-liscio-filtrante-salento-panna-A33-per-tende-moderne.jpg.webp\" class=\"wd-gallery-image image-3\" alt=\"SALENTINO - Stoffe per Tende da interno - tessuti tende in lino\" srcset=\"https:\/\/www.marinigerardi.it\/shop\/wp-content\/uploads\/2021\/02\/tessuto-lino-liscio-filtrante-salento-panna-A33-per-tende-moderne.jpg.webp 1024w, https:\/\/www.marinigerardi.it\/shop\/wp-content\/uploads\/2021\/02\/tessuto-lino-liscio-filtrante-salento-panna-A33-per-tende-moderne-450x338.jpg 450w, https:\/\/www.marinigerardi.it\/shop\/wp-content\/uploads\/2021\/02\/tessuto-lino-liscio-filtrante-salento-panna-A33-per-tende-moderne-1000x750.jpg 1000w, https:\/\/www.marinigerardi.it\/shop\/wp-content\/uploads\/2021\/02\/tessuto-lino-liscio-filtrante-salento-panna-A33-per-tende-moderne-300x225.jpg.webp 300w, https:\/\/www.marinigerardi.it\/shop\/wp-content\/uploads\/2021\/02\/tessuto-lino-liscio-filtrante-salento-panna-A33-per-tende-moderne-768x576.jpg.webp 768w\" sizes=\"(max-width: 1024px) 100vw, 1024px\" \/>\n\t\t\t\t\t\t\t\t\t\t\t\t\t\t\t<\/a>\n\t\t\t\t\t\t\t\t\t\t\t\t<\/div>\n\t\t\t\t\t\t\t\t\t\t\t<div class=\"wd-gallery-item wd-col\">\n\t\t\t\t\t\t\t\t\t\t\t\t\t\t<a href=\"https:\/\/www.marinigerardi.it\/shop\/wp-content\/uploads\/2021\/02\/tessuto-lino-salento-liscio-grigio-perla-B01-per-tende-soggiorno.jpg\" data-elementor-open-lightbox=\"no\" data-index=\"4\" data-width=\"1024\" data-height=\"768\" \n\t\t\t\t\t\t\t\t\t\t\t\t\t\t\t\t\t\t\t\t\t\t\t\t\t\t\t\ttitle=\"Tessuto Grigio Perla B01\">\n\t\t\t\t\t\t\t\t\n\t\t\t\t\t\t\t\t<img decoding=\"async\" width=\"1024\" height=\"768\" src=\"https:\/\/www.marinigerardi.it\/shop\/wp-content\/uploads\/2021\/02\/tessuto-lino-salento-liscio-grigio-perla-B01-per-tende-soggiorno.jpg.webp\" class=\"wd-gallery-image image-4\" alt=\"Tessuto Lino Salento Liscio Grigio Perla B01 Per Tende Soggiorno\" srcset=\"https:\/\/www.marinigerardi.it\/shop\/wp-content\/uploads\/2021\/02\/tessuto-lino-salento-liscio-grigio-perla-B01-per-tende-soggiorno.jpg.webp 1024w, https:\/\/www.marinigerardi.it\/shop\/wp-content\/uploads\/2021\/02\/tessuto-lino-salento-liscio-grigio-perla-B01-per-tende-soggiorno-450x338.jpg 450w, https:\/\/www.marinigerardi.it\/shop\/wp-content\/uploads\/2021\/02\/tessuto-lino-salento-liscio-grigio-perla-B01-per-tende-soggiorno-1000x750.jpg 1000w, https:\/\/www.marinigerardi.it\/shop\/wp-content\/uploads\/2021\/02\/tessuto-lino-salento-liscio-grigio-perla-B01-per-tende-soggiorno-300x225.jpg.webp 300w, https:\/\/www.marinigerardi.it\/shop\/wp-content\/uploads\/2021\/02\/tessuto-lino-salento-liscio-grigio-perla-B01-per-tende-soggiorno-768x576.jpg.webp 768w\" sizes=\"(max-width: 1024px) 100vw, 1024px\" \/>\n\t\t\t\t\t\t\t\t\t\t\t\t\t\t\t<\/a>\n\t\t\t\t\t\t\t\t\t\t\t\t<\/div>\n\t\t\t\t\t\t\t\t\t\n\t\t\t\t\t\t\t<\/div>\n\n\t\t\t\t\t<\/div>\n\t\t[\/vc_column][\/vc_row][vc_row][vc_column]\n\t\t<div id=\"wd-682d9cf8adcdb\" class=\"title-wrapper wd-wpb wd-set-mb reset-last-child  wd-rs-682d9cf8adcdb wd-title-color-primary wd-title-style-bordered text-center justify  wd-underline-colored\">\n\t\t\t\n\t\t\t<div class=\"liner-continer\">\n\t\t\t\t<h3 class=\"woodmart-title-container title  wd-font-weight-600 wd-fontsize-l\" >BURIANA- Tende Vetri per mansarda, cucina, salone, camera da letto<\/h3>\n\t\t\t\t\t\t\t<\/div>\n\t\t\t\n\t\t\t\t\t\t\t<div class=\"title-after_title reset-last-child  wd-fontsize-xs\">Marini&amp;Gerardi solo prodotti di qualit\u00e0<\/div>\n\t\t\t\n\t\t\t\n\t\t<\/div>\n\t\t\n\t\t\t\t<div id=\"wd-652e9fab4937e\" class=\"wd-text-block wd-wpb reset-last-child wd-rs-652e9fab4937e text-left \">\n\t\t\t<p style=\"text-align: justify;\">Ci\u00f2 che rende le nostre tendine davvero speciali \u00e8 il loro design unico. Ogni pezzo \u00e8 lavorato con cura nel nostro laboratorio, dove applichiamo una tecnica di tinta in capo. Questo processo crea disegni leggermente difformi che rendono ogni tenda una peculiarit\u00e0 unica. La trama trasparente e delicata del tessuto enfatizza le qualit\u00e0 naturali del lino, creando un&#8217;atmosfera di calore e comfort.<\/p>\n<p>Le tendine a vetro non sono solo un semplice accessorio d&#8217;arredo, ma anche un modo per esprimere il tuo stile e la tua personalit\u00e0. Ogni finestra merita un tocco speciale, e le nostre tendine sono progettate per unire funzionalit\u00e0 ed estetica in perfetta armonia.<\/p>\n\t\t<\/div>\n\t\t[\/vc_column][\/vc_row][vc_row css=&#8221;.vc_custom_1697554390530{background-color: #f3f3f3 !important;}&#8221; woodmart_css_id=&#8221;652e9fcd038c2&#8243; responsive_spacing=&#8221;eyJwYXJhbV90eXBlIjoid29vZG1hcnRfcmVzcG9uc2l2ZV9zcGFjaW5nIiwic2VsZWN0b3JfaWQiOiI2NTJlOWZjZDAzOGMyIiwic2hvcnRjb2RlIjoidmNfcm93IiwiZGF0YSI6eyJ0YWJsZXQiOnt9LCJtb2JpbGUiOnt9fX0=&#8221; mobile_bg_img_hidden=&#8221;no&#8221; tablet_bg_img_hidden=&#8221;no&#8221; woodmart_parallax=&#8221;0&#8243; woodmart_gradient_switch=&#8221;no&#8221; woodmart_box_shadow=&#8221;yes&#8221; wd_box_shadow=&#8221;eyJkZXZpY2VzIjp7ImRlc2t0b3AiOnsiaG9yaXpvbnRhbCI6IjAiLCJ2ZXJ0aWNhbCI6IjAiLCJibHVyIjoiOSIsInNwcmVhZCI6IjAiLCJjb2xvciI6InJnYmEoMCwgMCwgMCwgLjE1KSJ9fX0=&#8221; wd_z_index=&#8221;no&#8221; woodmart_disable_overflow=&#8221;0&#8243; row_reverse_mobile=&#8221;0&#8243; row_reverse_tablet=&#8221;0&#8243;][vc_column][vc_single_image image=&#8221;64987&#8243; img_size=&#8221;full&#8221; alignment=&#8221;center&#8221; onclick=&#8221;link_image&#8221; parallax_scroll=&#8221;no&#8221; woodmart_inline=&#8221;no&#8221;][\/vc_column][\/vc_row][vc_row][vc_column]\n\t\t<div id=\"wd-682d9cd06af2d\" class=\"title-wrapper wd-wpb wd-set-mb reset-last-child  wd-rs-682d9cd06af2d wd-title-color-default wd-title-style-bordered text-left  wd-underline-colored\">\n\t\t\t\n\t\t\t<div class=\"liner-continer\">\n\t\t\t\t<h3 class=\"woodmart-title-container title  wd-font-weight-600 wd-fontsize-l\" >Tende Vetri<\/h3>\n\t\t\t\t\t\t\t<\/div>\n\t\t\t\n\t\t\t\n\t\t\t\n\t\t<\/div>\n\t\t\n\t\t\t\t<div id=\"wd-6531576d05dc4\" class=\"wd-text-block wd-wpb reset-last-child wd-rs-6531576d05dc4 text-left \">\n\t\t\t<p>Esplora la nostra collezione e scopri quale opzione si adatta meglio alle tue esigenze. Che tu cerchi un look elegante e sofisticato o un design pi\u00f9 rustico e naturale, le nostre tende per finestre a vetro sono in grado di soddisfare ogni tua esigenza. Rendiamo il tuo spazio unico e accogliente con le nostre tendine di alta qualit\u00e0..<\/p>\n\t\t<\/div>\n\t\t[\/vc_column][\/vc_row]<\/p>\n<\/div>","protected":false},"excerpt":{"rendered":"<p style=\"text-align: justify;\">BURIANA &#8211; Arriva prepotente e bella come una tempesta a ciel sereno! La nostra collezione si arricchisce di un un affresco tinto in capo nel nostro laboratorio.\u00a0 Tende Vetri disponibili nei colori base: Bianco Ottico, Bianco Naturale, Panna, Grigio.<\/p>\n","protected":false},"featured_media":64984,"template":"","meta":[],"product_brand":[],"product_cat":[2411,3094,3092,3869],"product_tag":[],"class_list":{"0":"post-64983","1":"product","2":"type-product","3":"status-publish","4":"has-post-thumbnail","6":"product_cat-tende-a-vetro","7":"product_cat-tende-a-vetro-classiche","8":"product_cat-tende-a-vetro-moderne","9":"product_cat-tende-da-vetro-moderne","11":"first","12":"instock","13":"taxable","14":"shipping-taxable","15":"purchasable","16":"product-type-simple"},"_links":{"self":[{"href":"https:\/\/www.marinigerardi.it\/shop\/wp-json\/wp\/v2\/product\/64983","targetHints":{"allow":["GET"]}}],"collection":[{"href":"https:\/\/www.marinigerardi.it\/shop\/wp-json\/wp\/v2\/product"}],"about":[{"href":"https:\/\/www.marinigerardi.it\/shop\/wp-json\/wp\/v2\/types\/product"}],"wp:featuredmedia":[{"embeddable":true,"href":"https:\/\/www.marinigerardi.it\/shop\/wp-json\/wp\/v2\/media\/64984"}],"wp:attachment":[{"href":"https:\/\/www.marinigerardi.it\/shop\/wp-json\/wp\/v2\/media?parent=64983"}],"wp:term":[{"taxonomy":"product_brand","embeddable":true,"href":"https:\/\/www.marinigerardi.it\/shop\/wp-json\/wp\/v2\/product_brand?post=64983"},{"taxonomy":"product_cat","embeddable":true,"href":"https:\/\/www.marinigerardi.it\/shop\/wp-json\/wp\/v2\/product_cat?post=64983"},{"taxonomy":"product_tag","embeddable":true,"href":"https:\/\/www.marinigerardi.it\/shop\/wp-json\/wp\/v2\/product_tag?post=64983"}],"curies":[{"name":"wp","href":"https:\/\/api.w.org\/{rel}","templated":true}]}}