{"id":64973,"date":"2023-10-18T09:18:13","date_gmt":"2023-10-18T09:18:13","guid":{"rendered":"https:\/\/www.marinigerardi.it\/shop\/?post_type=product&#038;p=64973"},"modified":"2025-03-23T21:11:31","modified_gmt":"2025-03-23T21:11:31","slug":"tessuto-per-biancheria-letto-in-percalle-di-cotone-stone-washed","status":"publish","type":"product","link":"https:\/\/www.marinigerardi.it\/shop\/prodotto\/tessuto-per-biancheria-letto-in-percalle-di-cotone-stone-washed\/","title":{"rendered":"MISTRAL 500 fili no stiro &#8211; Tessuto per Biancheria letto in Percalle di Cotone stone washed"},"content":{"rendered":"<div class=\"wpb-content-wrapper\"><p>[vc_row equal_height=&#8221;yes&#8221; mobile_bg_img_hidden=&#8221;no&#8221; tablet_bg_img_hidden=&#8221;no&#8221; woodmart_parallax=&#8221;0&#8243; woodmart_gradient_switch=&#8221;no&#8221; row_reverse_mobile=&#8221;0&#8243; row_reverse_tablet=&#8221;0&#8243; woodmart_disable_overflow=&#8221;0&#8243;][vc_column offset=&#8221;vc_col-lg-6 vc_col-md-6&#8243; mobile_bg_img_hidden=&#8221;no&#8221; tablet_bg_img_hidden=&#8221;no&#8221; woodmart_parallax=&#8221;0&#8243; woodmart_sticky_column=&#8221;false&#8221; parallax_scroll=&#8221;no&#8221; mobile_reset_margin=&#8221;no&#8221; tablet_reset_margin=&#8221;no&#8221; css=&#8221;.vc_custom_1613071403480{margin-top: 0px !important;}&#8221;]\n\t\t<div id=\"wd-6530080be0e1b\" class=\"title-wrapper wd-wpb wd-set-mb reset-last-child  wd-rs-6530080be0e1b wd-title-color-primary wd-title-style-bordered text-left vc_custom_1697646617806 wd-underline-colored\">\n\t\t\t\t\t\t\t\n\t\t\t\t<div class=\"title-subtitle  subtitle-color-primary font-default subtitle-style-default wd-font-weight-500 wd-fontsize-xs\">Eccezionali lenzuola no stiro<\/div>\n\t\t\t\n\t\t\t<div class=\"liner-continer\">\n\t\t\t\t<h2 class=\"woodmart-title-container title  wd-font-weight-500 wd-fontsize-l\" >MISTRAL 500 - Tessuto per Biancheria letto in Percalle di Cotone stone washed<\/h2>\n\t\t\t\t\t\t\t<\/div>\n\t\t\t\n\t\t\t\n\t\t\t\n\t\t<\/div>\n\t\t\n\t\t\t\t<div id=\"wd-67e05e731ae81\" class=\"wd-text-block wd-wpb reset-last-child wd-rs-67e05e731ae81 text-left \">\n\t\t\t<p><span style=\"font-size: 18pt;\">Sogni Avvolgenti e Notti di Puro Lusso con il Cotone PIMA Americano: Il Fascino dell&#8217;Eccellenza Italiana<\/span><br \/>\nIl nostro cotone PIMA di prima qualit\u00e0 \u00e8 il frutto di una sinergia tra l&#8217;eccezionale natura americana e la tradizione tessile italiana, creando un tessuto di lusso che ti avvolge in un abbraccio extra soffice di comfort e eleganza.<br \/>\n<strong><a href=\"https:\/\/www.marinigerardi.it\/shop\/prodotto\/tessuto-per-biancheria-letto-in-percalle-di-cotone-stone-washed\/\">La nostra biancheria da letto<\/a> realizzata con cotone PIMA non \u00e8 solo un tocco di classe per il tuo ambiente domestico, ma \u00e8 anche la scelta preferita di molti hotel di lusso che cercano di offrire il massimo comfort ai loro ospiti.<\/strong> <\/p>\n\t\t<\/div>\n\t\t[vc_message message_box_style=&#8221;outline&#8221; message_box_color=&#8221;grey&#8221; css=&#8221;&#8221;]<\/p>\n<ul>\n<li>Cotone Percalle liscio o leggermente stropicciato con\u00a0<strong>trattamento indanthrene<\/strong> con una elevata resistenza e solidit\u00e0 alla luce, agli agenti atmosferici e resistenza ai lavaggi<\/li>\n<\/ul>\n<p>N.B.: I colori dei tessuti presenti nelle immagini possono variare in base al monitor utilizzato. Segnalare nelle note dell\u2019Ordine eventuale disposizioni aggiuntive. Per altre misure contattare\u00a0\u00a0<strong>assistenza@marinigerardi.it<\/strong>[\/vc_message][vc_tta_accordion title_tag=&#8221;p&#8221; section_title_tag=&#8221;p&#8221; active_section=&#8221;&#8221;][vc_tta_section title=&#8221;Cotone Percalle Superiore 500 fili PIMA&#8221; tab_id=&#8221;1686759552708-8035d36d-d31e&#8221;]\t\t<div id=\"wd-65271055b1997\" class=\"wd-text-block wd-wpb reset-last-child wd-rs-65271055b1997 text-left \">\n\t\t\t<p style=\"text-align: justify;\"><strong><a href=\"https:\/\/www.marinigerardi.it\/shop\/prodotto\/tessuto-percalle-di-cotone-pima\/\">Il Cotone PIMA Americano<\/a>: Un&#8217;Eccellenza di Tessuto<\/strong>. La sua fama deriva principalmente dalle sue fibre lunghe e sottili, che conferiscono ai tessuti una morbidezza, una lucentezza e una resistenza senza pari. Questo cotone di alta classe \u00e8 la materia prima ideale per la produzione di prodotti pregiati, tra cui lenzuola, camicie e abbigliamento di alta qualit\u00e0. La sua reputazione di lusso \u00e8 il risultato di una lavorazione meticolosa e della sua eccezionale qualit\u00e0.<\/p>\n\t\t<\/div>\n\t\t[\/vc_tta_section][\/vc_tta_accordion]<div id=\"wd-6530ff4542140\" class=\" wd-rs-6530ff4542140  wd-button-wrapper text-left\"><a href=\"https:\/\/www.marinigerardi.it\/shop\/guida-come-calcolare-il-metraggio-dei-tessuti\/\" title=\"Guida Come Calcolare il Metraggio dei Tessuti\" target=\"_blank\" class=\"btn btn-style-default btn-shape-rectangle btn-size-default btn-icon-pos-left\">Guida Come Calcolare il Metraggio dei Tessuti<span class=\"wd-btn-icon\"><span class=\"wd-icon far fa-arrow-alt-circle-right\"><\/span><\/span><\/a><\/div>[\/vc_column][vc_column css=&#8221;.vc_custom_1612434787067{background-position: center !important;background-repeat: no-repeat !important;background-size: cover !important;}&#8221; offset=&#8221;vc_col-lg-6 vc_col-md-6&#8243; mobile_bg_img_hidden=&#8221;no&#8221; tablet_bg_img_hidden=&#8221;no&#8221; woodmart_parallax=&#8221;0&#8243; woodmart_sticky_column=&#8221;false&#8221; parallax_scroll=&#8221;no&#8221; mobile_reset_margin=&#8221;no&#8221; tablet_reset_margin=&#8221;no&#8221;][vc_single_image image=&#8221;64998&#8243; img_size=&#8221;large&#8221; alignment=&#8221;center&#8221; style=&#8221;vc_box_shadow&#8221; onclick=&#8221;link_image&#8221; parallax_scroll=&#8221;no&#8221; woodmart_inline=&#8221;no&#8221;][\/vc_column][\/vc_row][vc_row][vc_column][vc_empty_space woodmart_hide_large=&#8221;0&#8243; woodmart_hide_medium=&#8221;0&#8243; woodmart_hide_small=&#8221;0&#8243;]\n\t\t<div id=\"wd-67e061788627f\" class=\"title-wrapper wd-wpb wd-set-mb reset-last-child  wd-rs-67e061788627f wd-title-color-primary wd-title-style-bordered text-center vc_custom_1742758278530 wd-underline-colored\">\n\t\t\t\n\t\t\t<div class=\"liner-continer\">\n\t\t\t\t<h3 class=\"woodmart-title-container title  wd-font-weight-600 wd-fontsize-l\" >MISTRAL 500 - Tessuto per Biancheria letto in Percalle di Cotone stone washed (No Stiro)<\/h3>\n\t\t\t\t\t\t\t<\/div>\n\t\t\t\n\t\t\t\t\t\t\t<div class=\"title-after_title reset-last-child  wd-fontsize-xs\">In uso per lenzuola, federe, e coperte estive; per abiti leggeri, camicie e abbigliamento da casa.<\/div>\n\t\t\t\n\t\t\t\n\t\t<\/div>\n\t\t\n\t\t[\/vc_column][\/vc_row][vc_row enable_first_overlay=&#8221;true&#8221; first_overlay_opacity=&#8221;25&#8243; first_background_color=&#8221;#e5e5e5&#8243; woodmart_css_id=&#8221;6488f0ff57fc2&#8243; mobile_bg_img_hidden=&#8221;no&#8221; tablet_bg_img_hidden=&#8221;no&#8221; woodmart_parallax=&#8221;0&#8243; woodmart_gradient_switch=&#8221;no&#8221; woodmart_box_shadow=&#8221;yes&#8221; wd_z_index=&#8221;no&#8221; woodmart_disable_overflow=&#8221;0&#8243; row_reverse_mobile=&#8221;0&#8243; row_reverse_tablet=&#8221;0&#8243; css=&#8221;.vc_custom_1686696203166{background-color: #f3f3f3 !important;}&#8221; responsive_spacing=&#8221;eyJwYXJhbV90eXBlIjoid29vZG1hcnRfcmVzcG9uc2l2ZV9zcGFjaW5nIiwic2VsZWN0b3JfaWQiOiI2NDg4ZjBmZjU3ZmMyIiwic2hvcnRjb2RlIjoidmNfcm93IiwiZGF0YSI6eyJ0YWJsZXQiOnt9LCJtb2JpbGUiOnt9fX0=&#8221; wd_box_shadow=&#8221;eyJkZXZpY2VzIjp7ImRlc2t0b3AiOnsiaG9yaXpvbnRhbCI6IjAiLCJ2ZXJ0aWNhbCI6IjAiLCJibHVyIjoiOSIsInNwcmVhZCI6IjAiLCJjb2xvciI6InJnYmEoMCwgMCwgMCwgLjE1KSJ9fX0=&#8221;][vc_column][vc_single_image image=&#8221;64979&#8243; img_size=&#8221;full&#8221; add_caption=&#8221;yes&#8221; alignment=&#8221;center&#8221; style=&#8221;vc_box_shadow&#8221; onclick=&#8221;link_image&#8221; parallax_scroll=&#8221;no&#8221; woodmart_inline=&#8221;no&#8221;][\/vc_column][\/vc_row][vc_row][vc_column]\n\t\t<div id=\"wd-67e0629a9f51b\" class=\"title-wrapper wd-wpb wd-set-mb reset-last-child  wd-rs-67e0629a9f51b wd-title-color-default wd-title-style-bordered text-left  wd-underline-colored\">\n\t\t\t\n\t\t\t<div class=\"liner-continer\">\n\t\t\t\t<h3 class=\"woodmart-title-container title  wd-font-weight-600 wd-fontsize-l\" >Tessuto per Biancheria letto<\/h3>\n\t\t\t\t\t\t\t<\/div>\n\t\t\t\n\t\t\t\t\t\t\t<div class=\"title-after_title reset-last-child  wd-fontsize-xs\">Lenzuola Pima: la coccola che ti meriti per un riposo da re.<\/div>\n\t\t\t\n\t\t\t\n\t\t<\/div>\n\t\t\n\t\t[\/vc_column][\/vc_row][vc_row enable_first_overlay=&#8221;true&#8221; first_overlay_opacity=&#8221;25&#8243; first_background_color=&#8221;#e5e5e5&#8243; woodmart_css_id=&#8221;6488f0ff57fc2&#8243; mobile_bg_img_hidden=&#8221;no&#8221; tablet_bg_img_hidden=&#8221;no&#8221; woodmart_parallax=&#8221;0&#8243; woodmart_gradient_switch=&#8221;no&#8221; woodmart_box_shadow=&#8221;yes&#8221; wd_z_index=&#8221;no&#8221; woodmart_disable_overflow=&#8221;0&#8243; row_reverse_mobile=&#8221;0&#8243; row_reverse_tablet=&#8221;0&#8243; css=&#8221;.vc_custom_1686696203166{background-color: #f3f3f3 !important;}&#8221; responsive_spacing=&#8221;eyJwYXJhbV90eXBlIjoid29vZG1hcnRfcmVzcG9uc2l2ZV9zcGFjaW5nIiwic2VsZWN0b3JfaWQiOiI2NDg4ZjBmZjU3ZmMyIiwic2hvcnRjb2RlIjoidmNfcm93IiwiZGF0YSI6eyJ0YWJsZXQiOnt9LCJtb2JpbGUiOnt9fX0=&#8221; wd_box_shadow=&#8221;eyJkZXZpY2VzIjp7ImRlc2t0b3AiOnsiaG9yaXpvbnRhbCI6IjAiLCJ2ZXJ0aWNhbCI6IjAiLCJibHVyIjoiOSIsInNwcmVhZCI6IjAiLCJjb2xvciI6InJnYmEoMCwgMCwgMCwgLjE1KSJ9fX0=&#8221;][vc_column][vc_single_image image=&#8221;75293&#8243; img_size=&#8221;full&#8221; alignment=&#8221;center&#8221; style=&#8221;vc_box_shadow&#8221; onclick=&#8221;link_image&#8221; css=&#8221;&#8221; parallax_scroll=&#8221;no&#8221; woodmart_inline=&#8221;no&#8221;][\/vc_column][\/vc_row][vc_row][vc_column]\n\t\t<div id=\"wd-67e064a40af32\" class=\"title-wrapper wd-wpb wd-set-mb reset-last-child  wd-rs-67e064a40af32 wd-title-color-default wd-title-style-bordered text-left  wd-underline-colored\">\n\t\t\t\n\t\t\t<div class=\"liner-continer\">\n\t\t\t\t<h3 class=\"woodmart-title-container title  wd-font-weight-600 wd-fontsize-l\" >Tessuto per Biancheria letto<\/h3>\n\t\t\t\t\t\t\t<\/div>\n\t\t\t\n\t\t\t\t\t\t\t<div class=\"title-after_title reset-last-child  wd-fontsize-xs\">Scopri il lusso del cotone Pima: il tuo sonno non sar\u00e0 pi\u00f9 lo stesso, una carezza di benessere.<\/div>\n\t\t\t\n\t\t\t\n\t\t<\/div>\n\t\t\n\t\t[\/vc_column][\/vc_row][vc_row][vc_column][vc_tta_tabs][vc_tta_section title=&#8221;Il Migliore Cotone al Mondo: PIMA&#8221; tab_id=&#8221;1689842589925-f21ce419-5c36&#8243;]\t\t<div id=\"wd-66c5ac97c9e0d\" class=\"wd-text-block wd-wpb reset-last-child wd-rs-66c5ac97c9e0d text-left \">\n\t\t\t<h4><strong>Il Migliore Cotone al Mondo:<\/strong><\/h4>\n<p style=\"text-align: justify;\">Il PIMA americano\u00a0 \u00e8 considerato uno dei migliori cotoni al mondo per tessuto biancheria letto. Prende il nome dalle trib\u00f9 Pima del sud-ovest degli Stati Uniti, che coltivavano questo tipo di cotone.<br \/>\nIl cotone Pima si distingue per la sua lunghezza delle fibre extra lunghe e la sua morbidezza. Queste caratteristiche lo rendono molto desiderabile nell&#8217;industria tessile per la produzione di tessuti di alta qualit\u00e0 e di lusso.<br \/>\nRispetto ad altri tipi di cotone, come il cotone comune, il Pima americano ha una fibra pi\u00f9 lunga, pi\u00f9 forte e pi\u00f9 resistente all&#8217;usura. Ci\u00f2 significa che i tessuti realizzati con cotone Pima hanno una maggiore durata nel tempo e mantengono la loro morbidezza anche dopo numerosi lavaggi.<br \/>\nInoltre, il cotone Pima ha una capacit\u00e0 di assorbimento dell&#8217;umidit\u00e0 superiore rispetto ad altri cotoni, rendendolo ideale per la produzione di biancheria da letto e asciugamani di alta qualit\u00e0.<\/p>\n\t\t<\/div>\n\t\t[\/vc_tta_section][vc_tta_section title=&#8221;Qualit\u00e0 delle fibre e trama del tessuto&#8221; tab_id=&#8221;1689842589962-38fbf7c9-6076&#8243;]\t\t<div id=\"wd-652650416efc5\" class=\"wd-text-block wd-wpb reset-last-child wd-rs-652650416efc5 text-left \">\n\t\t\t<p style=\"text-align: justify;\"><strong>La qualit\u00e0 delle fibre e la trama del tessuto<\/strong> sono due elementi importanti che influenzano la prestazione e la sensazione complessiva del cotone utilizzato per la biancheria da letto. Vediamo cosa si intende per ognuno di essi:<\/p>\n<p style=\"text-align: justify;\"><strong>Qualit\u00e0 delle fibre:<\/strong> La qualit\u00e0 delle fibre di cotone fa riferimento alla purezza e alla tipologia delle fibre stesse. Il cotone di alta qualit\u00e0 \u00e8 composto da fibre lunghe e uniformi, mentre quello di bassa qualit\u00e0 pu\u00f2 contenere fibre corte e disomogenee. Le fibre lunghe sono generalmente considerate migliori poich\u00e9 producono fili pi\u00f9 forti e lisci. Questo tipo di cotone ha anche meno impurit\u00e0, come i nodi, che possono influire sulla sensazione e la resistenza del tessuto. Il cotone di alta qualit\u00e0 \u00e8 spesso etichettato come &#8220;cotone a lunghe fibre&#8221; o &#8220;cotone extra lungo&#8221;, ed \u00e8 considerato pi\u00f9 pregiato perch\u00e9 offre lenzuola pi\u00f9 morbide e durevoli.<\/p>\n<p style=\"text-align: justify;\"><strong>Trama del tessuto:<\/strong> La trama del tessuto si riferisce al modo in cui i fili di cotone sono intrecciati per creare il tessuto finale. Questo aspetto influisce sulla consistenza, sulla morbidezza e sulla traspirabilit\u00e0 delle lenzuola. La trama pu\u00f2 variare, ad esempio, da una tessitura pi\u00f9 fitta a una pi\u00f9 aperta. Una trama pi\u00f9 fitta, ottenuta con un maggior numero di fili intrecciati, pu\u00f2 produrre un tessuto pi\u00f9 resistente e liscio, mentre una trama pi\u00f9 aperta pu\u00f2 rendere il tessuto pi\u00f9 leggero e traspirante.<\/p>\n\t\t<\/div>\n\t\t[\/vc_tta_section][vc_tta_section title=&#8221;Percalle Significato&#8221; tab_id=&#8221;1697645498621-cd2d63a1-d839&#8243;]\t\t<div id=\"wd-653003dd9cd9c\" class=\"wd-text-block wd-wpb reset-last-child wd-rs-653003dd9cd9c text-left \">\n\t\t\t<p><strong>Il cotone percalle<\/strong> \u00e8 noto per la sua leggerezza, la sua trama liscia e il suo aspetto fresco e pulito. Il nome &#8220;percalle&#8221; deriva dal francese &#8220;percale,&#8221; che a sua volta ha radici persiane, indicando la sua origine e diffusione attraverso la Persia (l&#8217;attuale Iran).<br \/>\n<strong>Le caratteristiche distintive del cotone percalle<\/strong> includono un tessuto a armatura semplice con fili altamente ritorti e un&#8217;elevata densit\u00e0 di fili per pollice quadrato. Questa costruzione tessile conferisce al percalle la sua superficie liscia, resistente e fresca al tatto. Il cotone percalle \u00e8 noto per essere traspirante e adatto all&#8217;uso durante le stagioni calde, poich\u00e9 favorisce la circolazione dell&#8217;aria e assorbe l&#8217;umidit\u00e0 corporea.<br \/>\n<strong>Solitamente, il cotone percalle \u00e8 utilizzato nella produzione di biancheria da letto,<\/strong> come lenzuola, federe, e coperte estive, ma pu\u00f2 anche essere utilizzato per abiti leggeri, camicie e abbigliamento da casa. Grazie alla sua sensazione di freschezza e leggerezza, il cotone percalle \u00e8 una scelta popolare per coloro che cercano tessuti di alta qualit\u00e0 per le stagioni pi\u00f9 calde.<\/p>\n\t\t<\/div>\n\t\t[\/vc_tta_section][\/vc_tta_tabs][\/vc_column][\/vc_row]<\/p>\n<\/div>","protected":false},"excerpt":{"rendered":"<p style=\"text-align: justify;\"><strong>MISTRAL 500 &#8211; Tessuto per Biancheria letto in pregiato Cotone Percalle &#8220;PIMA&#8221; Stone Washed (No Stiro): <\/strong>Il Fascino dell&#8217;Eccellenza Italiana. <strong>Percalle superiore <\/strong>dall&#8217;aspetto casual e una mano extra soffice, leggermente stropicciato e opaco, di altissima qualit\u00e0, <strong>per uso domestico, alberghiero e abbigliamento.<\/strong><\/p>\n","protected":false},"featured_media":64974,"template":"","meta":[],"product_brand":[],"product_cat":[3057],"product_tag":[],"class_list":{"0":"post-64973","1":"product","2":"type-product","3":"status-publish","4":"has-post-thumbnail","6":"product_cat-tessuti-di-cotone","8":"first","9":"instock","10":"sale","11":"sold-individually","12":"taxable","13":"shipping-taxable","14":"purchasable","15":"product-type-simple"},"_links":{"self":[{"href":"https:\/\/www.marinigerardi.it\/shop\/wp-json\/wp\/v2\/product\/64973","targetHints":{"allow":["GET"]}}],"collection":[{"href":"https:\/\/www.marinigerardi.it\/shop\/wp-json\/wp\/v2\/product"}],"about":[{"href":"https:\/\/www.marinigerardi.it\/shop\/wp-json\/wp\/v2\/types\/product"}],"wp:featuredmedia":[{"embeddable":true,"href":"https:\/\/www.marinigerardi.it\/shop\/wp-json\/wp\/v2\/media\/64974"}],"wp:attachment":[{"href":"https:\/\/www.marinigerardi.it\/shop\/wp-json\/wp\/v2\/media?parent=64973"}],"wp:term":[{"taxonomy":"product_brand","embeddable":true,"href":"https:\/\/www.marinigerardi.it\/shop\/wp-json\/wp\/v2\/product_brand?post=64973"},{"taxonomy":"product_cat","embeddable":true,"href":"https:\/\/www.marinigerardi.it\/shop\/wp-json\/wp\/v2\/product_cat?post=64973"},{"taxonomy":"product_tag","embeddable":true,"href":"https:\/\/www.marinigerardi.it\/shop\/wp-json\/wp\/v2\/product_tag?post=64973"}],"curies":[{"name":"wp","href":"https:\/\/api.w.org\/{rel}","templated":true}]}}