{"id":64960,"date":"2023-10-17T16:40:18","date_gmt":"2023-10-17T16:40:18","guid":{"rendered":"https:\/\/www.marinigerardi.it\/shop\/?post_type=product&#038;p=64960"},"modified":"2025-06-06T10:44:26","modified_gmt":"2025-06-06T10:44:26","slug":"tendine-finestra-a-vetro","status":"publish","type":"product","link":"https:\/\/www.marinigerardi.it\/shop\/prodotto\/tendine-finestra-a-vetro\/","title":{"rendered":"LIRA &#8211; Tendine Finestra a Vetro in Lino su misura"},"content":{"rendered":"<div class=\"wpb-content-wrapper\"><p>[vc_row equal_height=&#8221;yes&#8221; mobile_bg_img_hidden=&#8221;no&#8221; tablet_bg_img_hidden=&#8221;no&#8221; woodmart_parallax=&#8221;0&#8243; woodmart_gradient_switch=&#8221;no&#8221; row_reverse_mobile=&#8221;0&#8243; row_reverse_tablet=&#8221;0&#8243; woodmart_disable_overflow=&#8221;0&#8243;][vc_column offset=&#8221;vc_col-lg-6 vc_col-md-6&#8243; mobile_bg_img_hidden=&#8221;no&#8221; tablet_bg_img_hidden=&#8221;no&#8221; woodmart_parallax=&#8221;0&#8243; woodmart_sticky_column=&#8221;false&#8221; parallax_scroll=&#8221;no&#8221; mobile_reset_margin=&#8221;no&#8221; tablet_reset_margin=&#8221;no&#8221; css=&#8221;.vc_custom_1613071403480{margin-top: 0px !important;}&#8221;]\n\t\t<div id=\"wd-652f0e1f936f7\" class=\"title-wrapper wd-wpb wd-set-mb reset-last-child  wd-rs-652f0e1f936f7 wd-title-color-primary wd-title-style-bordered text-left vc_custom_1697582645980 wd-underline-colored\">\n\t\t\t\n\t\t\t<div class=\"liner-continer\">\n\t\t\t\t<h2 class=\"woodmart-title-container title  wd-font-weight-500 wd-fontsize-l\" >LIRA - Tendine Finestra a Vetro in Lino su misura Funzionalit\u00e0 ed Eleganza<\/h2>\n\t\t\t\t\t\t\t<\/div>\n\t\t\t\n\t\t\t\n\t\t\t\n\t\t<\/div>\n\t\t\n\t\t\t\t<div id=\"wd-652f0ecec51b9\" class=\"wd-text-block wd-wpb reset-last-child wd-rs-652f0ecec51b9 text-left \">\n\t\t\t<p style=\"text-align: justify;\">Trasformare le finestre della tua cucina, soggiorno o stanza da letto in veri e propri elementi distintivi di eleganza e stile diventa realt\u00e0 con le nostre tendine a vetro, che riflettono la tua personalit\u00e0 in modo unico. Offriamo una vasta gamma di modelli sempre disponibili, realizzati su misura con un aspetto fresco e naturale grazie al puro lino alta gamma.<\/p>\n\t\t<\/div>\n\t\t[vc_message message_box_style=&#8221;outline&#8221; message_box_color=&#8221;grey&#8221; css=&#8221;&#8221;]<\/p>\n<ul>\n<li>Opzione 1 &#8211; <a href=\"https:\/\/www.marinigerardi.it\/shop\/prodotto\/tendine-finestra-a-vetro\/\">Tendine a vetro<\/a> con tunnel passante da 2 cm in alto e in basso.<\/li>\n<li>Opzione 2 &#8211; Tendine a vetro con asole a passanti in alto e tunnel da 2 cm. in basso;<\/li>\n<li>Opzione 3 &#8211; Tendine a vetro con clips ad anelli in acciaio in alto e tunnel da 2 cm. in basso;<\/li>\n<li>Se si vuole eliminare il tunnel in basso segnalarlo nelle note dell&#8217;ordine;<\/li>\n<li>Base Tendine Finestra a Vetro colori chiari: Bianco Ottico, Bianco Naturale, Panna, Grigio;<\/li>\n<li>Il prezzo \u00e8 inteso per ogni singola tendina;<\/li>\n<li>Prodotto Sartoriale anche su misura.<\/li>\n<\/ul>\n<p><strong>Per le misure non incluse<\/strong>, si prega inviare il dettaglio della dimensione desiderata all&#8217; indirizzo mail <strong>assistenza@marinigerardi.it<\/strong>[\/vc_message][\/vc_column][vc_column css=&#8221;.vc_custom_1612434787067{background-position: center !important;background-repeat: no-repeat !important;background-size: cover !important;}&#8221; offset=&#8221;vc_col-lg-6 vc_col-md-6&#8243; mobile_bg_img_hidden=&#8221;no&#8221; tablet_bg_img_hidden=&#8221;no&#8221; woodmart_parallax=&#8221;0&#8243; woodmart_sticky_column=&#8221;false&#8221; parallax_scroll=&#8221;no&#8221; mobile_reset_margin=&#8221;no&#8221; tablet_reset_margin=&#8221;no&#8221;][vc_single_image image=&#8221;64963&#8243; img_size=&#8221;large&#8221; alignment=&#8221;center&#8221; onclick=&#8221;link_image&#8221; parallax_scroll=&#8221;no&#8221; woodmart_inline=&#8221;no&#8221;][\/vc_column][\/vc_row][vc_row][vc_column]\n\t\t<div id=\"wd-66c2fc61b3487\" class=\"title-wrapper wd-wpb wd-set-mb reset-last-child  wd-rs-66c2fc61b3487 wd-title-color-primary wd-title-style-bordered text-center justify  wd-underline-colored\">\n\t\t\t\t\t\t\t\n\t\t\t\t<div class=\"title-subtitle  subtitle-color-primary font-alt subtitle-style-default wd-font-weight- wd-fontsize-xs\">solo prodotti di qualit\u00e0<\/div>\n\t\t\t\n\t\t\t<div class=\"liner-continer\">\n\t\t\t\t<h3 class=\"woodmart-title-container title  wd-font-weight-400 wd-fontsize-l\" >LIRA - Tendine Finestra a Vetro in Lino su misura<\/h3>\n\t\t\t\t\t\t\t<\/div>\n\t\t\t\n\t\t\t\n\t\t\t\n\t\t<\/div>\n\t\t\n\t\t[\/vc_column][\/vc_row][vc_row content_placement=&#8221;middle&#8221; woodmart_bg_position=&#8221;center-bottom&#8221; css=&#8221;.vc_custom_1697554407999{background-color: #f3f3f3 !important;background-position: 0 0 !important;background-repeat: no-repeat !important;}&#8221; el_class=&#8221;mobile-bg-img-hidden&#8221; mobile_bg_img_hidden=&#8221;no&#8221; tablet_bg_img_hidden=&#8221;no&#8221; woodmart_parallax=&#8221;0&#8243; woodmart_gradient_switch=&#8221;no&#8221; row_reverse_mobile=&#8221;0&#8243; row_reverse_tablet=&#8221;0&#8243; woodmart_disable_overflow=&#8221;0&#8243; woodmart_css_id=&#8221;652e9fdf2ba41&#8243; responsive_spacing=&#8221;eyJwYXJhbV90eXBlIjoid29vZG1hcnRfcmVzcG9uc2l2ZV9zcGFjaW5nIiwic2VsZWN0b3JfaWQiOiI2NTJlOWZkZjJiYTQxIiwic2hvcnRjb2RlIjoidmNfcm93IiwiZGF0YSI6eyJ0YWJsZXQiOnt9LCJtb2JpbGUiOnt9fX0=&#8221; woodmart_box_shadow=&#8221;yes&#8221; wd_box_shadow=&#8221;eyJkZXZpY2VzIjp7ImRlc2t0b3AiOnsiaG9yaXpvbnRhbCI6IjAiLCJ2ZXJ0aWNhbCI6IjAiLCJibHVyIjoiOSIsInNwcmVhZCI6IjAiLCJjb2xvciI6InJnYmEoMCwgMCwgMCwgLjE1KSJ9fX0=&#8221; wd_z_index=&#8221;no&#8221;][vc_column mobile_bg_img_hidden=&#8221;no&#8221; tablet_bg_img_hidden=&#8221;no&#8221; woodmart_parallax=&#8221;0&#8243; woodmart_sticky_column=&#8221;false&#8221; parallax_scroll=&#8221;no&#8221; mobile_reset_margin=&#8221;no&#8221; tablet_reset_margin=&#8221;no&#8221;][vc_single_image image=&#8221;64969&#8243; img_size=&#8221;full&#8221; alignment=&#8221;center&#8221; onclick=&#8221;link_image&#8221; parallax_scroll=&#8221;no&#8221; woodmart_inline=&#8221;no&#8221;][\/vc_column][\/vc_row][vc_row][vc_column]\n\t\t<div id=\"wd-66c2fc3b1fd20\" class=\"title-wrapper wd-wpb wd-set-mb reset-last-child  wd-rs-66c2fc3b1fd20 wd-title-color-default wd-title-style-bordered text-left  wd-underline-colored\">\n\t\t\t\n\t\t\t<div class=\"liner-continer\">\n\t\t\t\t<h2 class=\"woodmart-title-container title  wd-font-weight- wd-fontsize-l\" >Tendine Finestra a Vetro<\/h2>\n\t\t\t\t\t\t\t<\/div>\n\t\t\t\n\t\t\t\n\t\t\t\n\t\t<\/div>\n\t\t\n\t\t\t\t<div id=\"wd-652e9fab4937e\" class=\"wd-text-block wd-wpb reset-last-child wd-rs-652e9fab4937e text-left \">\n\t\t\t<p style=\"text-align: justify;\">Ci\u00f2 che rende le nostre tendine davvero speciali \u00e8 il loro design unico. Ogni pezzo \u00e8 lavorato con cura nel nostro laboratorio, dove applichiamo una tecnica di tinta in capo. Questo processo crea disegni leggermente difformi che rendono ogni tenda una peculiarit\u00e0 unica. La trama trasparente e delicata del tessuto enfatizza le qualit\u00e0 naturali del lino, creando un&#8217;atmosfera di calore e comfort.<\/p>\n<p>Le tendine a vetro non sono solo un semplice accessorio d&#8217;arredo, ma anche un modo per esprimere il tuo stile e la tua personalit\u00e0. Ogni finestra merita un tocco speciale, e le nostre tendine sono progettate per unire funzionalit\u00e0 ed estetica in perfetta armonia.<\/p>\n\t\t<\/div>\n\t\t[\/vc_column][\/vc_row][vc_row css=&#8221;.vc_custom_1697554390530{background-color: #f3f3f3 !important;}&#8221; woodmart_css_id=&#8221;652e9fcd038c2&#8243; responsive_spacing=&#8221;eyJwYXJhbV90eXBlIjoid29vZG1hcnRfcmVzcG9uc2l2ZV9zcGFjaW5nIiwic2VsZWN0b3JfaWQiOiI2NTJlOWZjZDAzOGMyIiwic2hvcnRjb2RlIjoidmNfcm93IiwiZGF0YSI6eyJ0YWJsZXQiOnt9LCJtb2JpbGUiOnt9fX0=&#8221; mobile_bg_img_hidden=&#8221;no&#8221; tablet_bg_img_hidden=&#8221;no&#8221; woodmart_parallax=&#8221;0&#8243; woodmart_gradient_switch=&#8221;no&#8221; woodmart_box_shadow=&#8221;yes&#8221; wd_box_shadow=&#8221;eyJkZXZpY2VzIjp7ImRlc2t0b3AiOnsiaG9yaXpvbnRhbCI6IjAiLCJ2ZXJ0aWNhbCI6IjAiLCJibHVyIjoiOSIsInNwcmVhZCI6IjAiLCJjb2xvciI6InJnYmEoMCwgMCwgMCwgLjE1KSJ9fX0=&#8221; wd_z_index=&#8221;no&#8221; woodmart_disable_overflow=&#8221;0&#8243; row_reverse_mobile=&#8221;0&#8243; row_reverse_tablet=&#8221;0&#8243;][vc_column][vc_text_separator title=&#8221;Colori Base&#8221; css=&#8221;.vc_custom_1697554991158{margin-top: 20px !important;margin-bottom: 20px !important;}&#8221;]\t\t<div id=\"gallery_580\" class=\"wd-images-gallery wd-wpb wd-rs-652ea1de34453 photoswipe-images\" style=\"--wd-justify-content:center;--wd-align-items:center;\">\n\t\t\t\n\t\t\t<div class=\" wd-grid-g\" style=\"--wd-col-lg:2;--wd-col-md:2;--wd-col-sm:1;--wd-gap-lg:10px;\">\n\t\t\t\t\n\t\t\t\t\t\t\t\t\t\t\t\t\t\t\t<div class=\"wd-gallery-item wd-col\">\n\t\t\t\t\t\t\t\t\t\t\t\t\t\t<a href=\"https:\/\/www.marinigerardi.it\/shop\/wp-content\/uploads\/2021\/02\/tessuto-lino-di-lusso-per-tende-classiche-bianco-ottico-A010.jpg\" data-elementor-open-lightbox=\"no\" data-index=\"1\" data-width=\"1024\" data-height=\"768\" \n\t\t\t\t\t\t\t\t\t\t\t\t\t\t\t\t\t\t\t\t\t\t\t\t\t\t\t\ttitle=\"Tessuto Salento Bianco Ottico 010\">\n\t\t\t\t\t\t\t\t\n\t\t\t\t\t\t\t\t<img decoding=\"async\" width=\"1024\" height=\"768\" src=\"https:\/\/www.marinigerardi.it\/shop\/wp-content\/uploads\/2021\/02\/tessuto-lino-di-lusso-per-tende-classiche-bianco-ottico-A010.jpg.webp\" class=\"wd-gallery-image image-1\" alt=\"SALENTO - Tessuto per Tende Lino Bianco Ottico 010 + 26 tonalit\u00e0 di colore\" srcset=\"https:\/\/www.marinigerardi.it\/shop\/wp-content\/uploads\/2021\/02\/tessuto-lino-di-lusso-per-tende-classiche-bianco-ottico-A010.jpg.webp 1024w, https:\/\/www.marinigerardi.it\/shop\/wp-content\/uploads\/2021\/02\/tessuto-lino-di-lusso-per-tende-classiche-bianco-ottico-A010-450x338.jpg 450w, https:\/\/www.marinigerardi.it\/shop\/wp-content\/uploads\/2021\/02\/tessuto-lino-di-lusso-per-tende-classiche-bianco-ottico-A010-1000x750.jpg 1000w, https:\/\/www.marinigerardi.it\/shop\/wp-content\/uploads\/2021\/02\/tessuto-lino-di-lusso-per-tende-classiche-bianco-ottico-A010-300x225.jpg.webp 300w, https:\/\/www.marinigerardi.it\/shop\/wp-content\/uploads\/2021\/02\/tessuto-lino-di-lusso-per-tende-classiche-bianco-ottico-A010-768x576.jpg.webp 768w\" sizes=\"(max-width: 1024px) 100vw, 1024px\" \/>\n\t\t\t\t\t\t\t\t\t\t\t\t\t\t\t<\/a>\n\t\t\t\t\t\t\t\t\t\t\t\t<\/div>\n\t\t\t\t\t\t\t\t\t\t\t<div class=\"wd-gallery-item wd-col\">\n\t\t\t\t\t\t\t\t\t\t\t\t\t\t<a href=\"https:\/\/www.marinigerardi.it\/shop\/wp-content\/uploads\/2021\/02\/tessuto-lino-per-tende-classiche-di-lusso-bianco-naturale-000.jpg\" data-elementor-open-lightbox=\"no\" data-index=\"2\" data-width=\"1024\" data-height=\"768\" \n\t\t\t\t\t\t\t\t\t\t\t\t\t\t\t\t\t\t\t\t\t\t\t\t\t\t\t\ttitle=\"Tessuto Salento Bianco Naturale 000\">\n\t\t\t\t\t\t\t\t\n\t\t\t\t\t\t\t\t<img decoding=\"async\" width=\"1024\" height=\"768\" src=\"https:\/\/www.marinigerardi.it\/shop\/wp-content\/uploads\/2021\/02\/tessuto-lino-per-tende-classiche-di-lusso-bianco-naturale-000.jpg.webp\" class=\"wd-gallery-image image-2\" alt=\"Tessuto Lino Per Tende Classiche Di Lusso Bianco Naturale 000\" srcset=\"https:\/\/www.marinigerardi.it\/shop\/wp-content\/uploads\/2021\/02\/tessuto-lino-per-tende-classiche-di-lusso-bianco-naturale-000.jpg.webp 1024w, https:\/\/www.marinigerardi.it\/shop\/wp-content\/uploads\/2021\/02\/tessuto-lino-per-tende-classiche-di-lusso-bianco-naturale-000-450x338.jpg 450w, https:\/\/www.marinigerardi.it\/shop\/wp-content\/uploads\/2021\/02\/tessuto-lino-per-tende-classiche-di-lusso-bianco-naturale-000-1000x750.jpg 1000w, https:\/\/www.marinigerardi.it\/shop\/wp-content\/uploads\/2021\/02\/tessuto-lino-per-tende-classiche-di-lusso-bianco-naturale-000-300x225.jpg.webp 300w, https:\/\/www.marinigerardi.it\/shop\/wp-content\/uploads\/2021\/02\/tessuto-lino-per-tende-classiche-di-lusso-bianco-naturale-000-768x576.jpg.webp 768w\" sizes=\"(max-width: 1024px) 100vw, 1024px\" \/>\n\t\t\t\t\t\t\t\t\t\t\t\t\t\t\t<\/a>\n\t\t\t\t\t\t\t\t\t\t\t\t<\/div>\n\t\t\t\t\t\t\t\t\t\t\t<div class=\"wd-gallery-item wd-col\">\n\t\t\t\t\t\t\t\t\t\t\t\t\t\t<a href=\"https:\/\/www.marinigerardi.it\/shop\/wp-content\/uploads\/2021\/02\/tessuto-lino-liscio-filtrante-salento-panna-A33-per-tende-moderne.jpg\" data-elementor-open-lightbox=\"no\" data-index=\"3\" data-width=\"1024\" data-height=\"768\" \n\t\t\t\t\t\t\t\t\t\t\t\t\t\t\t\t\t\t\t\t\t\t\t\t\t\t\t\ttitle=\"Tessuto Salento Panna A33\">\n\t\t\t\t\t\t\t\t\n\t\t\t\t\t\t\t\t<img decoding=\"async\" width=\"1024\" height=\"768\" src=\"https:\/\/www.marinigerardi.it\/shop\/wp-content\/uploads\/2021\/02\/tessuto-lino-liscio-filtrante-salento-panna-A33-per-tende-moderne.jpg.webp\" class=\"wd-gallery-image image-3\" alt=\"SALENTINO - Stoffe per Tende da interno - tessuti tende in lino\" srcset=\"https:\/\/www.marinigerardi.it\/shop\/wp-content\/uploads\/2021\/02\/tessuto-lino-liscio-filtrante-salento-panna-A33-per-tende-moderne.jpg.webp 1024w, https:\/\/www.marinigerardi.it\/shop\/wp-content\/uploads\/2021\/02\/tessuto-lino-liscio-filtrante-salento-panna-A33-per-tende-moderne-450x338.jpg 450w, https:\/\/www.marinigerardi.it\/shop\/wp-content\/uploads\/2021\/02\/tessuto-lino-liscio-filtrante-salento-panna-A33-per-tende-moderne-1000x750.jpg 1000w, https:\/\/www.marinigerardi.it\/shop\/wp-content\/uploads\/2021\/02\/tessuto-lino-liscio-filtrante-salento-panna-A33-per-tende-moderne-300x225.jpg.webp 300w, https:\/\/www.marinigerardi.it\/shop\/wp-content\/uploads\/2021\/02\/tessuto-lino-liscio-filtrante-salento-panna-A33-per-tende-moderne-768x576.jpg.webp 768w\" sizes=\"(max-width: 1024px) 100vw, 1024px\" \/>\n\t\t\t\t\t\t\t\t\t\t\t\t\t\t\t<\/a>\n\t\t\t\t\t\t\t\t\t\t\t\t<\/div>\n\t\t\t\t\t\t\t\t\t\t\t<div class=\"wd-gallery-item wd-col\">\n\t\t\t\t\t\t\t\t\t\t\t\t\t\t<a href=\"https:\/\/www.marinigerardi.it\/shop\/wp-content\/uploads\/2021\/02\/tessuto-lino-salento-liscio-grigio-perla-B01-per-tende-soggiorno.jpg\" data-elementor-open-lightbox=\"no\" data-index=\"4\" data-width=\"1024\" data-height=\"768\" \n\t\t\t\t\t\t\t\t\t\t\t\t\t\t\t\t\t\t\t\t\t\t\t\t\t\t\t\ttitle=\"Tessuto Grigio Perla B01\">\n\t\t\t\t\t\t\t\t\n\t\t\t\t\t\t\t\t<img decoding=\"async\" width=\"1024\" height=\"768\" src=\"https:\/\/www.marinigerardi.it\/shop\/wp-content\/uploads\/2021\/02\/tessuto-lino-salento-liscio-grigio-perla-B01-per-tende-soggiorno.jpg.webp\" class=\"wd-gallery-image image-4\" alt=\"Tessuto Lino Salento Liscio Grigio Perla B01 Per Tende Soggiorno\" srcset=\"https:\/\/www.marinigerardi.it\/shop\/wp-content\/uploads\/2021\/02\/tessuto-lino-salento-liscio-grigio-perla-B01-per-tende-soggiorno.jpg.webp 1024w, https:\/\/www.marinigerardi.it\/shop\/wp-content\/uploads\/2021\/02\/tessuto-lino-salento-liscio-grigio-perla-B01-per-tende-soggiorno-450x338.jpg 450w, https:\/\/www.marinigerardi.it\/shop\/wp-content\/uploads\/2021\/02\/tessuto-lino-salento-liscio-grigio-perla-B01-per-tende-soggiorno-1000x750.jpg 1000w, https:\/\/www.marinigerardi.it\/shop\/wp-content\/uploads\/2021\/02\/tessuto-lino-salento-liscio-grigio-perla-B01-per-tende-soggiorno-300x225.jpg.webp 300w, https:\/\/www.marinigerardi.it\/shop\/wp-content\/uploads\/2021\/02\/tessuto-lino-salento-liscio-grigio-perla-B01-per-tende-soggiorno-768x576.jpg.webp 768w\" sizes=\"(max-width: 1024px) 100vw, 1024px\" \/>\n\t\t\t\t\t\t\t\t\t\t\t\t\t\t\t<\/a>\n\t\t\t\t\t\t\t\t\t\t\t\t<\/div>\n\t\t\t\t\t\t\t\t\t\n\t\t\t\t\t\t\t<\/div>\n\n\t\t\t\t\t<\/div>\n\t\t[\/vc_column][\/vc_row][vc_row][vc_column]\t\t<div id=\"wd-652f1275dda88\" class=\"wd-text-block wd-wpb reset-last-child wd-rs-652f1275dda88 text-left \">\n\t\t\t<p>Esplora la nostra collezione e scopri quale opzione si adatta meglio alle tue esigenze. Che tu cerchi un look elegante e sofisticato o un design pi\u00f9 rustico e naturale, le nostre tendine per finestre a vetro sono in grado di soddisfare ogni tua preferenza. Rendiamo il tuo spazio unico e accogliente con le nostre tendine di alta qualit\u00e0..<\/p>\n\t\t<\/div>\n\t\t\n\t\t<div id=\"wd-66c2fcf7d92b0\" class=\"title-wrapper wd-wpb wd-set-mb reset-last-child  wd-rs-66c2fcf7d92b0 wd-title-color-default wd-title-style-bordered text-left  wd-underline-colored\">\n\t\t\t\n\t\t\t<div class=\"liner-continer\">\n\t\t\t\t<h4 class=\"woodmart-title-container title  wd-font-weight- wd-fontsize-l\" >Tendine Finestra a Vetro <\/h4>\n\t\t\t\t\t\t\t<\/div>\n\t\t\t\n\t\t\t\n\t\t\t\n\t\t<\/div>\n\t\t\n\t\t[\/vc_column][\/vc_row]<\/p>\n<\/div>","protected":false},"excerpt":{"rendered":"<p>LIRA &#8211; Come in una Sinfonia: le nostre Tendine Finestra a Vetro in lino sono arricchite da un affresco tinto in capo nel nostro laboratorio. &#8211; Tendine disponibili nei colori base: Bianco Ottico, Bianco Naturale, Panna, Grigio.<\/p>\n","protected":false},"featured_media":64961,"template":"","meta":[],"product_brand":[],"product_cat":[2411,3092,3869],"product_tag":[],"class_list":{"0":"post-64960","1":"product","2":"type-product","3":"status-publish","4":"has-post-thumbnail","6":"product_cat-tende-a-vetro","7":"product_cat-tende-a-vetro-moderne","8":"product_cat-tende-da-vetro-moderne","10":"first","11":"instock","12":"taxable","13":"shipping-taxable","14":"purchasable","15":"product-type-simple"},"_links":{"self":[{"href":"https:\/\/www.marinigerardi.it\/shop\/wp-json\/wp\/v2\/product\/64960","targetHints":{"allow":["GET"]}}],"collection":[{"href":"https:\/\/www.marinigerardi.it\/shop\/wp-json\/wp\/v2\/product"}],"about":[{"href":"https:\/\/www.marinigerardi.it\/shop\/wp-json\/wp\/v2\/types\/product"}],"wp:featuredmedia":[{"embeddable":true,"href":"https:\/\/www.marinigerardi.it\/shop\/wp-json\/wp\/v2\/media\/64961"}],"wp:attachment":[{"href":"https:\/\/www.marinigerardi.it\/shop\/wp-json\/wp\/v2\/media?parent=64960"}],"wp:term":[{"taxonomy":"product_brand","embeddable":true,"href":"https:\/\/www.marinigerardi.it\/shop\/wp-json\/wp\/v2\/product_brand?post=64960"},{"taxonomy":"product_cat","embeddable":true,"href":"https:\/\/www.marinigerardi.it\/shop\/wp-json\/wp\/v2\/product_cat?post=64960"},{"taxonomy":"product_tag","embeddable":true,"href":"https:\/\/www.marinigerardi.it\/shop\/wp-json\/wp\/v2\/product_tag?post=64960"}],"curies":[{"name":"wp","href":"https:\/\/api.w.org\/{rel}","templated":true}]}}