{"id":62722,"date":"2023-09-21T06:57:25","date_gmt":"2023-09-21T06:57:25","guid":{"rendered":"https:\/\/www.marinigerardi.it\/shop\/?post_type=product&#038;p=62722"},"modified":"2024-08-21T16:11:48","modified_gmt":"2024-08-21T16:11:48","slug":"runner-tavolo-elegante-badessa","status":"publish","type":"product","link":"https:\/\/www.marinigerardi.it\/shop\/prodotto\/runner-tavolo-elegante-badessa\/","title":{"rendered":"BADESSA 02 &#8211; Runner Tavolo Elegante in Lino ricamato"},"content":{"rendered":"<div class=\"wpb-content-wrapper\"><p>[vc_row equal_height=&#8221;yes&#8221; mobile_bg_img_hidden=&#8221;no&#8221; tablet_bg_img_hidden=&#8221;no&#8221; woodmart_parallax=&#8221;0&#8243; woodmart_gradient_switch=&#8221;no&#8221; row_reverse_mobile=&#8221;0&#8243; row_reverse_tablet=&#8221;0&#8243; woodmart_disable_overflow=&#8221;0&#8243;][vc_column offset=&#8221;vc_col-lg-6 vc_col-md-6&#8243; mobile_bg_img_hidden=&#8221;no&#8221; tablet_bg_img_hidden=&#8221;no&#8221; woodmart_parallax=&#8221;0&#8243; woodmart_sticky_column=&#8221;false&#8221; parallax_scroll=&#8221;no&#8221; mobile_reset_margin=&#8221;no&#8221; tablet_reset_margin=&#8221;no&#8221; css=&#8221;.vc_custom_1613071403480{margin-top: 0px !important;}&#8221;]\n\t\t<div id=\"wd-650bf052632b5\" class=\"title-wrapper wd-wpb wd-set-mb reset-last-child  wd-rs-650bf052632b5 wd-title-color-primary wd-title-style-bordered text-left vc_custom_1695281243239 wd-underline-colored\">\n\t\t\t\n\t\t\t<div class=\"liner-continer\">\n\t\t\t\t<h2 class=\"woodmart-title-container title  wd-font-weight-500 wd-fontsize-xl\" >Runner Tavolo Elegante in Lino ricamato - Badessa 2\u00b0<\/h2>\n\t\t\t\t\t\t\t<\/div>\n\t\t\t\n\t\t\t\n\t\t\t\n\t\t<\/div>\n\t\t\n\t\t\t\t<div id=\"wd-66c6119846dc0\" class=\"wd-text-block wd-wpb reset-last-child wd-rs-66c6119846dc0 text-left \">\n\t\t\t<p style=\"text-align: justify;\"><strong>Badessa,<\/strong> una <a href=\"https:\/\/www.marinigerardi.it\/shop\/prodotto\/runner-tavolo-elegante-badessa\/\">tovaglia<\/a> realizzata in tessuto di puro lino \u00e8 cucita sartorialmente nel nostro laboratorio al momento dell\u2019ordine. <strong>Una Grande Tovaglia con uno splendido Runner tavolo elegante ricamato,<\/strong> fatta come si deve per fare la differenza, perfetta e adatta per ogni occasione. Una Musa ispiratrice che pu\u00f2 essere utilizzata in casa secondo le diverse interpretazioni d&#8217;arredo.<\/p>\n\t\t<\/div>\n\t\t\t\t\t<div class=\"info-box-wrapper\">\n\t\t\t\t<div id=\"wd-650be809ac18a\" class=\" wd-rs-650be809ac18a wd-info-box wd-wpb text-left box-icon-align-top box-style-border color-scheme-dark wd-bg-none \">\n\t\t\t\t\t\t\t\t\t\t<div class=\"info-box-content\">\n\t\t\t\t\t\t\t\t\t\t\t\t<div class=\"info-box-inner reset-last-child\"><p><strong>Tessuto: <\/strong>100% lino.<br \/>\n<strong>Peso: <\/strong>210 gr\/m\u00b2<br \/>\n<strong>Colori:<\/strong> <em>Tovaglia<\/em> (Tortora | Terra Umbra); <em>Runner<\/em> (Panna con ricamo Ecr\u00f9);<br \/>\n<strong>Misure:<\/strong> 160\u00d7160 | 160\u00d7180 | 160\u00d7200 | 160\u00d7240 | 160\u00d7260 | 160\u00d7280 | 160\u00d7300;<br \/>\n<strong>Misure runner:<\/strong> 52 x 107.<\/p>\n<p>Per misure particolari vi preghiamo di contattarci all&#8217;Indirizzo mail <strong>assistenza@marinigerardi.it<\/strong><\/p>\n<\/div>\n\n\t\t\t\t\t\t\t\t\t\t\t<\/div>\n\n\t\t\t\t\t\n\t\t\t\t\t\t\t\t\t<\/div>\n\t\t\t<\/div>\n\t\t[\/vc_column][vc_column css=&#8221;.vc_custom_1612434787067{background-position: center !important;background-repeat: no-repeat !important;background-size: cover !important;}&#8221; offset=&#8221;vc_col-lg-6 vc_col-md-6&#8243; mobile_bg_img_hidden=&#8221;no&#8221; tablet_bg_img_hidden=&#8221;no&#8221; woodmart_parallax=&#8221;0&#8243; woodmart_sticky_column=&#8221;false&#8221; parallax_scroll=&#8221;no&#8221; mobile_reset_margin=&#8221;no&#8221; tablet_reset_margin=&#8221;no&#8221;][vc_single_image image=&#8221;36551&#8243; img_size=&#8221;large&#8221; alignment=&#8221;center&#8221; style=&#8221;vc_box_shadow&#8221; onclick=&#8221;link_image&#8221; parallax_scroll=&#8221;no&#8221; woodmart_inline=&#8221;no&#8221;][\/vc_column][\/vc_row][vc_row][vc_column][vc_text_separator title=&#8221;Tessuti Naturali&#8221;]\n\t\t<div id=\"wd-66c611293efda\" class=\"title-wrapper wd-wpb wd-set-mb reset-last-child  wd-rs-66c611293efda wd-title-color-default wd-title-style-default text-center  wd-underline-colored\">\n\t\t\t\n\t\t\t<div class=\"liner-continer\">\n\t\t\t\t<h2 class=\"woodmart-title-container title  wd-font-weight- wd-fontsize-l\" >Runner Tavolo Elegante<\/h2>\n\t\t\t\t\t\t\t<\/div>\n\t\t\t\n\t\t\t\n\t\t\t\n\t\t<\/div>\n\t\t\n\t\t[\/vc_column][\/vc_row][vc_row content_placement=&#8221;middle&#8221; woodmart_bg_position=&#8221;center-bottom&#8221; css=&#8221;.vc_custom_1724256600014{background-color: #f3f3f3 !important;background-position: 0 0 !important;background-repeat: no-repeat !important;}&#8221; el_class=&#8221;mobile-bg-img-hidden&#8221; mobile_bg_img_hidden=&#8221;no&#8221; tablet_bg_img_hidden=&#8221;no&#8221; woodmart_parallax=&#8221;0&#8243; woodmart_gradient_switch=&#8221;no&#8221; row_reverse_mobile=&#8221;0&#8243; row_reverse_tablet=&#8221;0&#8243; woodmart_disable_overflow=&#8221;0&#8243; woodmart_css_id=&#8221;66c6113f2ebce&#8221; responsive_spacing=&#8221;eyJwYXJhbV90eXBlIjoid29vZG1hcnRfcmVzcG9uc2l2ZV9zcGFjaW5nIiwic2VsZWN0b3JfaWQiOiI2NmM2MTEzZjJlYmNlIiwic2hvcnRjb2RlIjoidmNfcm93IiwiZGF0YSI6eyJ0YWJsZXQiOnt9LCJtb2JpbGUiOnt9fX0=&#8221; woodmart_box_shadow=&#8221;no&#8221; wd_z_index=&#8221;no&#8221;][vc_column width=&#8221;1\/2&#8243; mobile_bg_img_hidden=&#8221;no&#8221; tablet_bg_img_hidden=&#8221;no&#8221; woodmart_parallax=&#8221;0&#8243; woodmart_sticky_column=&#8221;false&#8221; parallax_scroll=&#8221;no&#8221; mobile_reset_margin=&#8221;no&#8221; tablet_reset_margin=&#8221;no&#8221;][vc_single_image image=&#8221;42582&#8243; img_size=&#8221;full&#8221; alignment=&#8221;center&#8221; onclick=&#8221;link_image&#8221; parallax_scroll=&#8221;no&#8221; woodmart_inline=&#8221;no&#8221;][\/vc_column][vc_column width=&#8221;1\/2&#8243; css=&#8221;.vc_custom_1535101510463{margin-top: 4vh !important;padding-top: 0px !important;}&#8221;][vc_single_image image=&#8221;36553&#8243; img_size=&#8221;large&#8221; alignment=&#8221;center&#8221; onclick=&#8221;link_image&#8221; parallax_scroll=&#8221;no&#8221; woodmart_inline=&#8221;no&#8221;][\/vc_column][\/vc_row][vc_row][vc_column][vc_single_image image=&#8221;36552&#8243; img_size=&#8221;full&#8221; alignment=&#8221;center&#8221; onclick=&#8221;link_image&#8221; parallax_scroll=&#8221;no&#8221; woodmart_inline=&#8221;no&#8221;][\/vc_column][\/vc_row][vc_row][vc_column]\n\t\t<div id=\"wd-650bf458c1ac6\" class=\"title-wrapper wd-wpb wd-set-mb reset-last-child  wd-rs-650bf458c1ac6 wd-title-color-primary wd-title-style-bordered text-center vc_custom_1695282268937 wd-underline-colored\">\n\t\t\t\n\t\t\t<div class=\"liner-continer\">\n\t\t\t\t<h3 class=\"woodmart-title-container title  wd-font-weight-500 wd-fontsize-xl\" >Runner Tavolo Elegante in Lino ricamato - Badessa 2\u00b0<\/h3>\n\t\t\t\t\t\t\t<\/div>\n\t\t\t\n\t\t\t\n\t\t\t\n\t\t<\/div>\n\t\t\n\t\t\t\t<div id=\"wd-650be7c60e114\" class=\"wd-text-block wd-wpb reset-last-child wd-rs-650be7c60e114 text-left \">\n\t\t\t<p style=\"text-align: justify;\">La tradizione e il fascino dei tessuti e i ricordi di un tempo\u2026. Ideali per conferire <a href=\"https:\/\/tovagliati.com\/\" target=\"_blank\" rel=\"noopener nofollow\">alla tua tavola<\/a> freschezza\u00a0 estetica e semplicit\u00e0,\u00a0 lucentezza, volume, forza e dolcezza.Tovaglie a Tavola Moderne per arricchire con esclusiva eleganza il tuo mondo a Tavola.<br \/>\nSolo materiali di prima qualit\u00e0 <strong>\u201c<a href=\"https:\/\/purolino.net\/tessuto\/\" target=\"_blank\" rel=\"noopener nofollow\">base di Lino 100%<\/a> \u2026<\/strong> Soft Touch ma pesante e corposa.<br \/>\nProdotti disegnati, e distribuiti by <strong>Marini&amp;Gerardi<\/strong>.<\/p>\n\t\t<\/div>\n\t\t[\/vc_column][\/vc_row]<\/p>\n<\/div>","protected":false},"excerpt":{"rendered":"<p style=\"text-align: justify;\">Un Runner Ricamato, perfetto su la nostra Tovaglia in Lino 100% in tinta unita:\u00a0 <strong>BADESSA 02 per uno stile Moderno, fresco ed elegante<\/strong>. Una splendida Tovaglia con un bordo da 5 cm. rifinito a cappuccio.<\/p>\n","protected":false},"featured_media":42579,"template":"","meta":[],"product_brand":[],"product_cat":[145],"product_tag":[],"class_list":{"0":"post-62722","1":"product","2":"type-product","3":"status-publish","4":"has-post-thumbnail","6":"product_cat-tovaglie-di-lino","8":"first","9":"instock","10":"taxable","11":"shipping-taxable","12":"purchasable","13":"product-type-simple"},"_links":{"self":[{"href":"https:\/\/www.marinigerardi.it\/shop\/wp-json\/wp\/v2\/product\/62722","targetHints":{"allow":["GET"]}}],"collection":[{"href":"https:\/\/www.marinigerardi.it\/shop\/wp-json\/wp\/v2\/product"}],"about":[{"href":"https:\/\/www.marinigerardi.it\/shop\/wp-json\/wp\/v2\/types\/product"}],"wp:featuredmedia":[{"embeddable":true,"href":"https:\/\/www.marinigerardi.it\/shop\/wp-json\/wp\/v2\/media\/42579"}],"wp:attachment":[{"href":"https:\/\/www.marinigerardi.it\/shop\/wp-json\/wp\/v2\/media?parent=62722"}],"wp:term":[{"taxonomy":"product_brand","embeddable":true,"href":"https:\/\/www.marinigerardi.it\/shop\/wp-json\/wp\/v2\/product_brand?post=62722"},{"taxonomy":"product_cat","embeddable":true,"href":"https:\/\/www.marinigerardi.it\/shop\/wp-json\/wp\/v2\/product_cat?post=62722"},{"taxonomy":"product_tag","embeddable":true,"href":"https:\/\/www.marinigerardi.it\/shop\/wp-json\/wp\/v2\/product_tag?post=62722"}],"curies":[{"name":"wp","href":"https:\/\/api.w.org\/{rel}","templated":true}]}}