{"id":62609,"date":"2023-09-07T21:37:06","date_gmt":"2023-09-07T21:37:06","guid":{"rendered":"https:\/\/www.marinigerardi.it\/shop\/?post_type=product&#038;p=62609"},"modified":"2025-10-08T10:51:10","modified_gmt":"2025-10-08T10:51:10","slug":"doppia-tenda-su-unico-bastone","status":"publish","type":"product","link":"https:\/\/www.marinigerardi.it\/shop\/prodotto\/doppia-tenda-su-unico-bastone\/","title":{"rendered":"Doppia Tenda su Unico Bastone Soggiorno Moderno in lino &#8211; CALLIOPE"},"content":{"rendered":"<div class=\"wpb-content-wrapper\"><p>[vc_row equal_height=&#8221;yes&#8221; mobile_bg_img_hidden=&#8221;no&#8221; tablet_bg_img_hidden=&#8221;no&#8221; woodmart_parallax=&#8221;0&#8243; woodmart_gradient_switch=&#8221;no&#8221; row_reverse_mobile=&#8221;0&#8243; row_reverse_tablet=&#8221;0&#8243; woodmart_disable_overflow=&#8221;0&#8243;][vc_column offset=&#8221;vc_col-lg-6 vc_col-md-6&#8243; mobile_bg_img_hidden=&#8221;no&#8221; tablet_bg_img_hidden=&#8221;no&#8221; woodmart_parallax=&#8221;0&#8243; woodmart_sticky_column=&#8221;false&#8221; parallax_scroll=&#8221;no&#8221; mobile_reset_margin=&#8221;no&#8221; tablet_reset_margin=&#8221;no&#8221; css=&#8221;.vc_custom_1613071403480{margin-top: 0px !important;}&#8221;]\n\t\t<div id=\"wd-68e6418457812\" class=\"title-wrapper wd-wpb wd-set-mb reset-last-child  wd-rs-68e6418457812 wd-title-color-primary wd-title-style-bordered text-left vc_custom_1759920554718 wd-underline-colored\">\n\t\t\t\t\t\t\t\n\t\t\t\t<div class=\"title-subtitle  subtitle-color-primary font-default subtitle-style-background wd-font-weight-500 wd-fontsize-xs\">TENDE IN LINO<\/div>\n\t\t\t\n\t\t\t<div class=\"liner-continer\">\n\t\t\t\t<h2 class=\"woodmart-title-container title  wd-font-weight-600 wd-fontsize-l\" >CALLIOPE - Doppia Tenda su Unico Bastone Soggiorno Moderno in lino<\/h2>\n\t\t\t\t\t\t\t<\/div>\n\t\t\t\n\t\t\t\n\t\t\t\n\t\t<\/div>\n\t\t\n\t\t\t\t<div id=\"wd-68e640dcc728e\" class=\"wd-text-block wd-wpb reset-last-child wd-rs-68e640dcc728e text-left \">\n\t\t\t<p style=\"text-align: justify;\">Calliope &#8211; Una collezione di tende realizzate con DOPPIO PANNELLO 100 % in puro lino tinto in filo di Altissima Qualit\u00e0 dalle trasparenze delicate, design a cerchi realizzati a mano in laboratorio da Marini &amp; Gerardi.<br \/>\n<span style=\"color: #0000ff;\"><strong><a style=\"color: #0000ff;\" href=\"https:\/\/www.marinigerardi.it\/shop\/categoria-prodotto\/doppie-tende\/\">&gt; Vedi Collezione<\/a><\/strong><\/span><\/p>\n\t\t<\/div>\n\t\t\t\t\t<div class=\"info-box-wrapper\">\n\t\t\t\t<div id=\"wd-64fad164430a1\" class=\" wd-rs-64fad164430a1 wd-info-box wd-wpb text-left box-icon-align-top box-style-border color-scheme-dark wd-bg-none \">\n\t\t\t\t\t\t\t\t\t\t<div class=\"info-box-content\">\n\t\t\t\t\t\t\t\t\t\t\t\t<div class=\"info-box-inner reset-last-child\"><\/p>\n<ul>\n<li>Tessuto lino italiano 100%<\/li>\n<li><a href=\"https:\/\/www.marinigerardi.it\/shop\/prodotto\/doppia-tenda-su-unico-bastone\/\">Tenda a doppio panello<\/a> con motivo a Cerchi disegnati a mano.<\/li>\n<li>Pannello Base in 4 colori.<\/li>\n<li>Tessuto in lino con finissaggio morbido e delicato al tatto \/ tessuto semitrasparente<\/li>\n<\/ul>\n<p><strong>Per le misure non incluse<\/strong>, si prega d\u2019inviare il dettaglio della dimensione desiderate all&#8217; indirizzo mail <strong>assistenza@marinigerardi.it<\/strong><\/p>\n<\/div>\n\n\t\t\t\t\t\t\t\t\t\t\t<\/div>\n\n\t\t\t\t\t\n\t\t\t\t\t\t\t\t\t<\/div>\n\t\t\t<\/div>\n\t\t[\/vc_column][vc_column css=&#8221;.vc_custom_1612434787067{background-position: center !important;background-repeat: no-repeat !important;background-size: cover !important;}&#8221; offset=&#8221;vc_col-lg-6 vc_col-md-6&#8243; mobile_bg_img_hidden=&#8221;no&#8221; tablet_bg_img_hidden=&#8221;no&#8221; woodmart_parallax=&#8221;0&#8243; woodmart_sticky_column=&#8221;false&#8221; parallax_scroll=&#8221;no&#8221; mobile_reset_margin=&#8221;no&#8221; tablet_reset_margin=&#8221;no&#8221;][vc_single_image image=&#8221;62090&#8243; img_size=&#8221;large&#8221; alignment=&#8221;center&#8221; onclick=&#8221;link_image&#8221; parallax_scroll=&#8221;no&#8221; woodmart_inline=&#8221;no&#8221;][\/vc_column][\/vc_row][vc_row][vc_column][vc_text_separator title=&#8221;&#8221; css=&#8221;.vc_custom_1759920480914{margin-top: 20px !important;margin-bottom: 20px !important;}&#8221;]\n\t\t<div id=\"wd-68e641540df8e\" class=\"title-wrapper wd-wpb wd-set-mb reset-last-child  wd-rs-68e641540df8e wd-title-color-default wd-title-style-default text-center  wd-underline-colored\">\n\t\t\t\n\t\t\t<div class=\"liner-continer\">\n\t\t\t\t<h3 class=\"woodmart-title-container title  wd-font-weight-600 wd-fontsize-l\" >Doppia Tenda su Unico Bastone<\/h3>\n\t\t\t\t\t\t\t<\/div>\n\t\t\t\n\t\t\t\n\t\t\t\n\t\t<\/div>\n\t\t\n\t\t[\/vc_column][\/vc_row][vc_row content_placement=&#8221;middle&#8221; woodmart_bg_position=&#8221;center-bottom&#8221; css=&#8221;.vc_custom_1691824250686{background-color: #f3f3f3 !important;background-position: 0 0 !important;background-repeat: no-repeat !important;}&#8221; el_class=&#8221;mobile-bg-img-hidden&#8221; mobile_bg_img_hidden=&#8221;no&#8221; tablet_bg_img_hidden=&#8221;no&#8221; woodmart_parallax=&#8221;0&#8243; woodmart_gradient_switch=&#8221;no&#8221; row_reverse_mobile=&#8221;0&#8243; row_reverse_tablet=&#8221;0&#8243; woodmart_disable_overflow=&#8221;0&#8243; woodmart_css_id=&#8221;64d73073b68a3&#8243; responsive_spacing=&#8221;eyJwYXJhbV90eXBlIjoid29vZG1hcnRfcmVzcG9uc2l2ZV9zcGFjaW5nIiwic2VsZWN0b3JfaWQiOiI2NGQ3MzA3M2I2OGEzIiwic2hvcnRjb2RlIjoidmNfcm93IiwiZGF0YSI6eyJ0YWJsZXQiOnt9LCJtb2JpbGUiOnt9fX0=&#8221; woodmart_box_shadow=&#8221;yes&#8221; wd_box_shadow=&#8221;eyJkZXZpY2VzIjp7ImRlc2t0b3AiOnsiaG9yaXpvbnRhbCI6IjAiLCJ2ZXJ0aWNhbCI6IjAiLCJibHVyIjoiOSIsInNwcmVhZCI6IjAiLCJjb2xvciI6InJnYmEoMCwgMCwgMCwgLjE1KSJ9fX0=&#8221; wd_z_index=&#8221;no&#8221;][vc_column mobile_bg_img_hidden=&#8221;no&#8221; tablet_bg_img_hidden=&#8221;no&#8221; woodmart_parallax=&#8221;0&#8243; woodmart_sticky_column=&#8221;false&#8221; parallax_scroll=&#8221;no&#8221; mobile_reset_margin=&#8221;no&#8221; tablet_reset_margin=&#8221;no&#8221;][vc_single_image image=&#8221;28909&#8243; img_size=&#8221;full&#8221; alignment=&#8221;center&#8221; onclick=&#8221;link_image&#8221; parallax_scroll=&#8221;no&#8221; woodmart_inline=&#8221;no&#8221;][\/vc_column][\/vc_row][vc_row][vc_column]\n\t\t<div id=\"wd-68e641d0b9914\" class=\"title-wrapper wd-wpb wd-set-mb reset-last-child  wd-rs-68e641d0b9914 wd-title-color-primary wd-title-style-underlined text-center justify  wd-underline-colored\">\n\t\t\t\n\t\t\t<div class=\"liner-continer\">\n\t\t\t\t<h3 class=\"woodmart-title-container title  wd-font-weight-600 wd-fontsize-l\" >CALLIOPE - Doppia Tenda su Unico Bastone Soggiorno Moderno in lino<\/h3>\n\t\t\t\t\t\t\t<\/div>\n\t\t\t\n\t\t\t\t\t\t\t<div class=\"title-after_title reset-last-child  wd-fontsize-xs\">Tende Moderne<\/div>\n\t\t\t\n\t\t\t\n\t\t<\/div>\n\t\t\n\t\t[vc_column_text text_larger=&#8221;no&#8221; woodmart_inline=&#8221;no&#8221;]<\/p>\n<p style=\"text-align: justify;\"><strong>Benvenuti nella prestigiosa Collezione Calliope,<\/strong> un luogo dove l&#8217;eleganza raggiunge il suo apice attraverso le sofisticate Tende Moderne per la Camera da Letto. Queste opere d&#8217;arte sono realizzate con il pregiato lino al 100%, tessuto con filati di altissima qualit\u00e0, dando vita a tende a doppio pannello, ciascuna delle quali rappresenta un capolavoro artigianale.<br \/>\n<strong>Ogni singolo dettaglio del nostro straordinario design a cerchi \u00e8 stato plasmato manualmente con passione e maestria <\/strong>dal nostro staff, nel nostro rinomato laboratorio Marini &amp; Gerardi. L&#8217;esperienza dei nostri artigiani si fonde con la loro innata passione, creando cos\u00ec un prodotto che non ha eguali nel suo genere.<br \/>\n<strong>Calliope vi invita a immergervi in un universo di raffinatezza e stile senza precedenti. <\/strong>Questa tenda va oltre la concezione di mero arredamento, trasformandosi in un&#8217;autentica opera d&#8217;arte. Il lino puro aggiunge un tocco di autenticit\u00e0 e naturalezza, mentre il design a cerchi conferisce dinamismo e originalit\u00e0 alla vostra stanza. L&#8217;attenzione ai dettagli nella realizzazione del motivo a cerchi \u00e8 testimone della nostra dedizione nel garantire una bellezza senza paragoni.<br \/>\n<strong>La leggera trasparenza che avvolge la tenda crea un effetto etereo e una sensazione di leggerezza <\/strong>nell&#8217;ambiente circostante. Si forma cos\u00ec un velo di eleganza e luce che si diffonde, generando un&#8217;atmosfera unica e sofisticata, trasformando la vostra camera da letto in un&#8217;oasi di raffinato comfort.<br \/>\nSe state cercando un modo discreto per rinnovare la vostra camera da letto, se desiderate infondere nuova vita al vostro spazio senza stravolgerlo, non sottovalutate il potere delle tende. Questo &#8220;piccolo&#8221; cambiamento pu\u00f2 profondamente alterare la percezione del vostro ambiente. <strong>Scegliete Calliope e scoprite come il design e l&#8217;eleganza delle nostre tende possono trasformare il vostro spazio in un luogo di straordinaria bellezza e comfort, dove l&#8217;arte e la funzionalit\u00e0 si fondono in perfetta armonia.<\/strong><\/p>\n<p>[\/vc_column_text][\/vc_column][\/vc_row]<\/p>\n<\/div>","protected":false},"excerpt":{"rendered":"<p style=\"text-align: justify;\"><strong>CALLIOPE doppio tenda in lino<\/strong> &#8211; Questa \u00e8 una tenda che definisce lo spazio con un tocco di freschezza e un&#8217;esclusivit\u00e0 ineguagliabile. Scegli Calliope Doppia Tenda su Unico Bastone e abbraccia un nuovo livello di raffinatezza.<\/p>\n","protected":false},"featured_media":62610,"template":"","meta":[],"product_brand":[],"product_cat":[62],"product_tag":[],"class_list":{"0":"post-62609","1":"product","2":"type-product","3":"status-publish","4":"has-post-thumbnail","6":"product_cat-tende-in-lino","8":"first","9":"instock","10":"taxable","11":"shipping-taxable","12":"purchasable","13":"product-type-simple"},"_links":{"self":[{"href":"https:\/\/www.marinigerardi.it\/shop\/wp-json\/wp\/v2\/product\/62609","targetHints":{"allow":["GET"]}}],"collection":[{"href":"https:\/\/www.marinigerardi.it\/shop\/wp-json\/wp\/v2\/product"}],"about":[{"href":"https:\/\/www.marinigerardi.it\/shop\/wp-json\/wp\/v2\/types\/product"}],"wp:featuredmedia":[{"embeddable":true,"href":"https:\/\/www.marinigerardi.it\/shop\/wp-json\/wp\/v2\/media\/62610"}],"wp:attachment":[{"href":"https:\/\/www.marinigerardi.it\/shop\/wp-json\/wp\/v2\/media?parent=62609"}],"wp:term":[{"taxonomy":"product_brand","embeddable":true,"href":"https:\/\/www.marinigerardi.it\/shop\/wp-json\/wp\/v2\/product_brand?post=62609"},{"taxonomy":"product_cat","embeddable":true,"href":"https:\/\/www.marinigerardi.it\/shop\/wp-json\/wp\/v2\/product_cat?post=62609"},{"taxonomy":"product_tag","embeddable":true,"href":"https:\/\/www.marinigerardi.it\/shop\/wp-json\/wp\/v2\/product_tag?post=62609"}],"curies":[{"name":"wp","href":"https:\/\/api.w.org\/{rel}","templated":true}]}}