{"id":62495,"date":"2023-09-06T10:15:23","date_gmt":"2023-09-06T10:15:23","guid":{"rendered":"https:\/\/www.marinigerardi.it\/shop\/?post_type=product&#038;p=62495"},"modified":"2026-01-23T10:43:56","modified_gmt":"2026-01-23T10:43:56","slug":"tessuti-x-tende-da-interno","status":"publish","type":"product","link":"https:\/\/www.marinigerardi.it\/shop\/prodotto\/tessuti-x-tende-da-interno\/","title":{"rendered":"LA TARANTA Blu Avio &#8211; Tessuti x Tende da Interno in Lino Stropicciato"},"content":{"rendered":"<div class=\"wpb-content-wrapper\"><p>[vc_row equal_height=&#8221;yes&#8221; mobile_bg_img_hidden=&#8221;no&#8221; tablet_bg_img_hidden=&#8221;no&#8221; woodmart_parallax=&#8221;0&#8243; woodmart_gradient_switch=&#8221;no&#8221; row_reverse_mobile=&#8221;0&#8243; row_reverse_tablet=&#8221;0&#8243; woodmart_disable_overflow=&#8221;0&#8243;][vc_column offset=&#8221;vc_col-lg-6 vc_col-md-6&#8243; mobile_bg_img_hidden=&#8221;no&#8221; tablet_bg_img_hidden=&#8221;no&#8221; woodmart_parallax=&#8221;0&#8243; woodmart_sticky_column=&#8221;false&#8221; parallax_scroll=&#8221;no&#8221; mobile_reset_margin=&#8221;no&#8221; tablet_reset_margin=&#8221;no&#8221; css=&#8221;.vc_custom_1613071403480{margin-top: 0px !important;}&#8221;]\n\t\t<div id=\"wd-697350d288fe5\" class=\"title-wrapper wd-wpb wd-set-mb reset-last-child  wd-rs-697350d288fe5 wd-title-color-primary wd-title-style-bordered text-left vc_custom_1769165028920 wd-underline-colored\">\n\t\t\t\n\t\t\t<div class=\"liner-continer\">\n\t\t\t\t<h2 class=\"woodmart-title-container title  wd-font-weight- wd-fontsize-l\" >LA TARANTA \u00e8 Salentina - Tessuti x Tende da Interno in Lino Stropicciato<\/h2>\n\t\t\t\t\t\t\t<\/div>\n\t\t\t\n\t\t\t\n\t\t\t\n\t\t<\/div>\n\t\t\n\t\t[vc_column_text woodmart_inline=&#8221;no&#8221; text_larger=&#8221;no&#8221;]<\/p>\n<p style=\"text-align: justify;\"><a href=\"https:\/\/www.marinigerardi.it\/shop\/prodotto\/tessuti-x-tende-da-interno\/\">Il tessuto \u00e8 straordinariamente bello<\/a> sia da vedere che da toccare, rendendolo perfetto per tende. La sua trama fitta e ben strutturata con finitura rasata offre una sensazione morbida e piacevole al tatto. <strong>Il tessuto \u00e8 certificato come &#8220;MASTERS OF LINEN\u00ae&#8221;,<\/strong> un&#8217;etichetta che rappresenta aziende tessili europee impegnate nella produzione di lino di eccellenza. Questo sistema garantisce la tracciabilit\u00e0 del 100% del lino coltivato in Europa, conferendo al tessuto un valore aggiunto e una qualit\u00e0 superiore.<\/p>\n<p>[\/vc_column_text][vc_tta_accordion title_tag=&#8221;h3&#8243; section_title_tag=&#8221;h3&#8243; active_section=&#8221;&#8221; collapsible_all=&#8221;true&#8221;][vc_tta_section title=&#8221;Info &amp; Scheda Prodotto&#8221; tab_id=&#8221;1769164876727-00456350-1970&#8243;]\t\t<div id=\"wd-69734f8f2536c\" class=\"wd-text-block wd-wpb reset-last-child wd-rs-69734f8f2536c text-left \">\n\t\t\t<ul>\n<li>Tessuto 100% LINO STROPICCIATO Italianissimo;<\/li>\n<li>Peso: 342 gr. ml<\/li>\n<li>Altezza: h. 310 cm.<\/li>\n<\/ul>\n<p><strong>Minimo acquisto 1 m.<\/strong>, se avete necessit\u00e0 di aiuto contattateci all&#8217; indirizzo mail <strong>assistenza@marinigerardi.it<\/strong><\/p>\n\t\t<\/div>\n\t\t[\/vc_tta_section][\/vc_tta_accordion]<div id=\"wd-69735010b42ee\" class=\" wd-rs-69735010b42ee  wd-button-wrapper text-left\"><a href=\"https:\/\/www.marinigerardi.it\/shop\/guida-come-calcolare-il-metraggio-dei-tessuti\/\" title=\"Guida Come Calcolare il Metraggio dei Tessuti\" target=\"_blank\" class=\"btn btn-style-default btn-shape-rectangle btn-size-default\">Guida Come Calcolare il Metraggio dei Tessuti<\/a><\/div>[\/vc_column][vc_column css=&#8221;.vc_custom_1612434787067{background-position: center !important;background-repeat: no-repeat !important;background-size: cover !important;}&#8221; offset=&#8221;vc_col-lg-6 vc_col-md-6&#8243; mobile_bg_img_hidden=&#8221;no&#8221; tablet_bg_img_hidden=&#8221;no&#8221; woodmart_parallax=&#8221;0&#8243; woodmart_sticky_column=&#8221;false&#8221; parallax_scroll=&#8221;no&#8221; mobile_reset_margin=&#8221;no&#8221; tablet_reset_margin=&#8221;no&#8221;][vc_single_image image=&#8221;13149&#8243; img_size=&#8221;large&#8221; alignment=&#8221;center&#8221; style=&#8221;vc_box_shadow&#8221; onclick=&#8221;link_image&#8221; woodmart_inline=&#8221;no&#8221; parallax_scroll=&#8221;no&#8221;][\/vc_column][\/vc_row][vc_row][vc_column][vc_text_separator title=&#8221;&#8221; css=&#8221;.vc_custom_1769164649605{margin-top: 20px !important;}&#8221;]\n\t\t<div id=\"wd-697350b857b72\" class=\"title-wrapper wd-wpb wd-set-mb reset-last-child  wd-rs-697350b857b72 wd-title-color-default wd-title-style-default text-center  wd-underline-colored\">\n\t\t\t\n\t\t\t<div class=\"liner-continer\">\n\t\t\t\t<h2 class=\"woodmart-title-container title  wd-font-weight- wd-fontsize-l\" >Tessuti x Tende da Interno<\/h2>\n\t\t\t\t\t\t\t<\/div>\n\t\t\t\n\t\t\t\n\t\t\t\n\t\t<\/div>\n\t\t\n\t\t[\/vc_column][\/vc_row][vc_row content_placement=&#8221;middle&#8221; woodmart_bg_position=&#8221;center-bottom&#8221; css=&#8221;.vc_custom_1612561188989{background-color: #e5e5e5 !important;background-position: 0 0 !important;background-repeat: no-repeat !important;}&#8221; el_class=&#8221;mobile-bg-img-hidden&#8221; mobile_bg_img_hidden=&#8221;no&#8221; tablet_bg_img_hidden=&#8221;no&#8221; woodmart_parallax=&#8221;0&#8243; woodmart_gradient_switch=&#8221;no&#8221; row_reverse_mobile=&#8221;0&#8243; row_reverse_tablet=&#8221;0&#8243; woodmart_disable_overflow=&#8221;0&#8243;][vc_column width=&#8221;1\/2&#8243; mobile_bg_img_hidden=&#8221;no&#8221; tablet_bg_img_hidden=&#8221;no&#8221; woodmart_parallax=&#8221;0&#8243; woodmart_sticky_column=&#8221;false&#8221; parallax_scroll=&#8221;no&#8221; mobile_reset_margin=&#8221;no&#8221; tablet_reset_margin=&#8221;no&#8221;][vc_single_image image=&#8221;12600&#8243; img_size=&#8221;full&#8221; alignment=&#8221;center&#8221; style=&#8221;vc_box_shadow&#8221; onclick=&#8221;link_image&#8221; woodmart_inline=&#8221;no&#8221; parallax_scroll=&#8221;no&#8221;][\/vc_column][vc_column width=&#8221;1\/2&#8243;][vc_single_image image=&#8221;11054&#8243; img_size=&#8221;full&#8221; alignment=&#8221;center&#8221; style=&#8221;vc_box_shadow&#8221; onclick=&#8221;link_image&#8221; css=&#8221;&#8221; woodmart_inline=&#8221;no&#8221; parallax_scroll=&#8221;no&#8221;][\/vc_column][\/vc_row][vc_row][vc_column]\n\t\t<div id=\"wd-697350c0de460\" class=\"title-wrapper wd-wpb wd-set-mb reset-last-child  wd-rs-697350c0de460 wd-title-color-primary wd-title-style-bordered text-center justify  wd-underline-colored\">\n\t\t\t\n\t\t\t<div class=\"liner-continer\">\n\t\t\t\t<h3 class=\"woodmart-title-container title  wd-font-weight- wd-fontsize-l\" >LA TARANTA Blu Avio - Tessuti x Tende da Interno in Lino Stropicciato: Semplicit\u00e0 ed eleganza, tutto in un unico prodotto!<\/h3>\n\t\t\t\t\t\t\t<\/div>\n\t\t\t\n\t\t\t\t\t\t\t<div class=\"title-after_title reset-last-child  wd-fontsize-xs\">Puro Lino 100%, tinto in filo<\/div>\n\t\t\t\n\t\t\t\n\t\t<\/div>\n\t\t\n\t\t[vc_column_text css=&#8221;.vc_custom_1693996958954{padding-right: 10px !important;}&#8221; text_larger=&#8221;no&#8221; woodmart_inline=&#8221;no&#8221;]<\/p>\n<p style=\"text-align: justify;\"><strong>Benvenuti nel mondo incantevole di Marini&amp;Gerardi,<\/strong> dove la qualit\u00e0 \u00e8 una filosofia di vita e i nostri tessuti in puro lino stropicciato per l&#8217;arredamento sono veramente straordinari. Con una palette di colori moderni e accattivanti, trasformiamo la tua casa in un luogo magico.<\/p>\n<p style=\"text-align: justify;\"><strong>I nostri tessuti sono la risposta naturale per tende e tendaggi che riflettono la tua personalit\u00e0 unica. Invitano alla semplicit\u00e0 e al comfort, creando uno spazio che ti abbraccia con calore.<\/strong><br \/>\nCrediamo che la bellezza sia soggettiva, un&#8217;espressione di emozioni profonde. Ecco perch\u00e9 ogni centimetro dei nostri tessuti \u00e8 realizzato con cura e passione, portando una scintilla di magia e bellezza nella tua casa.<br \/>\nChe tu viva in un piccolo appartamento o in una spaziosa villa, la tua casa \u00e8 la tua oasi di pace in un mondo frenetico. Le nostre stoffe in lino e le tende che offriamo possono trasformare qualsiasi spazio, aggiungendo stile, allegria e freschezza.<\/p>\n<p style=\"text-align: justify;\"><strong>Ogni tessuto per tende che proponiamo rappresenta una tradizione lunga e ricca di ricerca della qualit\u00e0<\/strong> e del design. La nostra missione \u00e8 offrirti soluzioni senza compromessi, affinch\u00e9 la tua casa sia un riflesso autentico della tua personalit\u00e0 e del tuo stile unico.<br \/>\n<strong>Le tue stanze sono pronte ad abbracciare la trasformazione in spazi unici ed esclusivi.<\/strong> Con i nostri tessuti e tende, ti aiutiamo a creare un ambiente che ti accoglie come solo una vera casa sa fare. Siamo qui per offrirti solo il meglio, perch\u00e9 tu meriti il meglio. Scopri la magia dei nostri tessuti in lino stropicciato e regala alla tua casa l&#8217;eleganza che si merita! Entra nel nostro mondo e scopri la bellezza che solo Marini&amp;Gerardi pu\u00f2 offrire.<\/p>\n<p>[\/vc_column_text][\/vc_column][\/vc_row]<\/p>\n<\/div>","protected":false},"excerpt":{"rendered":"<p style=\"text-align: justify;\"><strong>La Taranta Tessuti x Tende da Interno realizzate al 100% in lino di alta qualit\u00e0.<\/strong> La sua creazione \u00e8 stata pensata per regalare un&#8217;atmosfera esclusiva e sofisticata. La texture stropicciata del tessuto conferisce alle tende un aspetto poetico e affascinante. La Taranta costituisce un&#8217;opzione ideale per chi vuole impreziosire i propri spazi con tessuti raffinati e di lusso.<\/p>\n","protected":false},"featured_media":62511,"template":"","meta":[],"product_brand":[],"product_cat":[1515,287],"product_tag":[],"class_list":{"0":"post-62495","1":"product","2":"type-product","3":"status-publish","4":"has-post-thumbnail","6":"product_cat-lino-per-tende","7":"product_cat-tessuti-per-tende","9":"first","10":"instock","11":"sale","12":"sold-individually","13":"taxable","14":"shipping-taxable","15":"purchasable","16":"product-type-simple"},"_links":{"self":[{"href":"https:\/\/www.marinigerardi.it\/shop\/wp-json\/wp\/v2\/product\/62495","targetHints":{"allow":["GET"]}}],"collection":[{"href":"https:\/\/www.marinigerardi.it\/shop\/wp-json\/wp\/v2\/product"}],"about":[{"href":"https:\/\/www.marinigerardi.it\/shop\/wp-json\/wp\/v2\/types\/product"}],"wp:featuredmedia":[{"embeddable":true,"href":"https:\/\/www.marinigerardi.it\/shop\/wp-json\/wp\/v2\/media\/62511"}],"wp:attachment":[{"href":"https:\/\/www.marinigerardi.it\/shop\/wp-json\/wp\/v2\/media?parent=62495"}],"wp:term":[{"taxonomy":"product_brand","embeddable":true,"href":"https:\/\/www.marinigerardi.it\/shop\/wp-json\/wp\/v2\/product_brand?post=62495"},{"taxonomy":"product_cat","embeddable":true,"href":"https:\/\/www.marinigerardi.it\/shop\/wp-json\/wp\/v2\/product_cat?post=62495"},{"taxonomy":"product_tag","embeddable":true,"href":"https:\/\/www.marinigerardi.it\/shop\/wp-json\/wp\/v2\/product_tag?post=62495"}],"curies":[{"name":"wp","href":"https:\/\/api.w.org\/{rel}","templated":true}]}}