{"id":62360,"date":"2023-08-29T21:43:23","date_gmt":"2023-08-29T21:43:23","guid":{"rendered":"https:\/\/www.marinigerardi.it\/shop\/?post_type=product&#038;p=62360"},"modified":"2025-12-21T00:55:10","modified_gmt":"2025-12-21T00:55:10","slug":"tovagliato-in-lino-grezzo-naturale","status":"publish","type":"product","link":"https:\/\/www.marinigerardi.it\/shop\/prodotto\/tovagliato-in-lino-grezzo-naturale\/","title":{"rendered":"GIULIETTA &#038; ROMEO &#8211; Tovagliato in Lino Grezzo Naturale con Tovagliette Americane"},"content":{"rendered":"<div class=\"wpb-content-wrapper\"><p>[vc_row equal_height=&#8221;yes&#8221; mobile_bg_img_hidden=&#8221;no&#8221; tablet_bg_img_hidden=&#8221;no&#8221; woodmart_parallax=&#8221;0&#8243; woodmart_gradient_switch=&#8221;no&#8221; row_reverse_mobile=&#8221;0&#8243; row_reverse_tablet=&#8221;0&#8243; woodmart_disable_overflow=&#8221;0&#8243;][vc_column offset=&#8221;vc_col-lg-6 vc_col-md-6&#8243; mobile_bg_img_hidden=&#8221;no&#8221; tablet_bg_img_hidden=&#8221;no&#8221; woodmart_parallax=&#8221;0&#8243; woodmart_sticky_column=&#8221;false&#8221; parallax_scroll=&#8221;no&#8221; mobile_reset_margin=&#8221;no&#8221; tablet_reset_margin=&#8221;no&#8221; css=&#8221;.vc_custom_1613071403480{margin-top: 0px !important;}&#8221;]\n\t\t<div id=\"wd-6947450f7a8df\" class=\"title-wrapper wd-wpb wd-set-mb reset-last-child  wd-rs-6947450f7a8df wd-title-color-primary wd-title-style-bordered text-left vc_custom_1766278366098 wd-underline-colored\">\n\t\t\t\n\t\t\t<div class=\"liner-continer\">\n\t\t\t\t<h2 class=\"woodmart-title-container title  wd-font-weight- wd-fontsize-l\" >GIULIETTA & ROMEO - Tovagliato in lino grezzo naturale con Tovagliette Americane a contrasto di colore<\/h2>\n\t\t\t\t\t\t\t<\/div>\n\t\t\t\n\t\t\t\n\t\t\t\n\t\t<\/div>\n\t\t\n\t\t\t\t<div id=\"wd-67f6cfcfabc4e\" class=\"wd-text-block wd-wpb reset-last-child wd-rs-67f6cfcfabc4e text-left \">\n\t\t\t<p style=\"text-align: justify;\"><a href=\"https:\/\/www.marinigerardi.it\/shop\/prodotto\/tovagliato-in-lino-grezzo-naturale\/\">Tovagliato in Lino<\/a> realizzato sartorialmente nel nostro laboratorio al momento dell\u2019ordine Una Grande bella Tovaglia, dal design insolito e piacevolmente accattivante per fare la differenza, che sa essere perfetta anche per le grandi occasioni. Disponibile in Lino Grezzo naturale o <strong>Bianco Panna Acida<\/strong>, con bordo vezzosamente ripiegato e sfilacciato e unioni mediane con uno o pi\u00f9 tagli trasversali ove richiesti.<\/p>\n\t\t<\/div>\n\t\t[vc_message message_box_style=&#8221;outline&#8221; message_box_color=&#8221;grey&#8221; css=&#8221;&#8221;]<strong>Tovagliato in lino <\/strong>100%;<br \/>\n<strong>Peso tessuto:<\/strong> 390 gr\/m\u00b2<br \/>\n<strong>Colore:<\/strong> Grezzo Naturale o Bianco Panna Acida;<br \/>\n<strong>Misure:<\/strong>\u00a0 170\u00d7180 | 170\u00d7200 | 170\u00d7240 | 170\u00d7260 | 170\u00d7280 | 170\u00d7300 | 170\u00d7320 | 170\u00d7340 | 170\u00d7360 |<br \/>\n<strong><span style=\"color: #0000ff;\"><a style=\"color: #0000ff;\" href=\"https:\/\/www.marinigerardi.it\/shop\/prodotto\/tovagliette-americane-di-lino-tinta-unita\/\">Tovagliolette Americane<\/a><\/span>:<\/strong> 35&#215;53 in set da 2 pezzi<\/p>\n<p>Per altre misure o richieste particolari vi preghiamo di contattarci al Indirizzo mail <strong>assistenza@marinigerardi.it<\/strong>[\/vc_message][\/vc_column][vc_column css=&#8221;.vc_custom_1612434787067{background-position: center !important;background-repeat: no-repeat !important;background-size: cover !important;}&#8221; offset=&#8221;vc_col-lg-6 vc_col-md-6&#8243; mobile_bg_img_hidden=&#8221;no&#8221; tablet_bg_img_hidden=&#8221;no&#8221; woodmart_parallax=&#8221;0&#8243; woodmart_sticky_column=&#8221;false&#8221; parallax_scroll=&#8221;no&#8221; mobile_reset_margin=&#8221;no&#8221; tablet_reset_margin=&#8221;no&#8221;][vc_single_image image=&#8221;62363&#8243; img_size=&#8221;large&#8221; alignment=&#8221;center&#8221; onclick=&#8221;link_image&#8221; parallax_scroll=&#8221;no&#8221; woodmart_inline=&#8221;no&#8221;][\/vc_column][\/vc_row][vc_row][vc_column][vc_empty_space woodmart_hide_large=&#8221;0&#8243; woodmart_hide_medium=&#8221;0&#8243; woodmart_hide_small=&#8221;0&#8243;]\n\t\t<div id=\"wd-6947451d6ca24\" class=\"title-wrapper wd-wpb wd-set-mb reset-last-child  wd-rs-6947451d6ca24 wd-title-color-default wd-title-style-bordered text-center  wd-underline-colored\">\n\t\t\t\n\t\t\t<div class=\"liner-continer\">\n\t\t\t\t<h3 class=\"woodmart-title-container title  wd-font-weight- wd-fontsize-l\" >Tovagliato in Lino Grezzo<\/h3>\n\t\t\t\t\t\t\t<\/div>\n\t\t\t\n\t\t\t\n\t\t\t\n\t\t<\/div>\n\t\t\n\t\t[\/vc_column][\/vc_row][vc_row content_placement=&#8221;middle&#8221; woodmart_bg_position=&#8221;center-bottom&#8221; css=&#8221;.vc_custom_1692048938086{background-color: #f3f3f3 !important;background-position: 0 0 !important;background-repeat: no-repeat !important;}&#8221; el_class=&#8221;mobile-bg-img-hidden&#8221; mobile_bg_img_hidden=&#8221;no&#8221; tablet_bg_img_hidden=&#8221;no&#8221; woodmart_parallax=&#8221;0&#8243; woodmart_gradient_switch=&#8221;no&#8221; row_reverse_mobile=&#8221;0&#8243; row_reverse_tablet=&#8221;0&#8243; woodmart_disable_overflow=&#8221;0&#8243; woodmart_css_id=&#8221;64da9e1cd7733&#8243; responsive_spacing=&#8221;eyJwYXJhbV90eXBlIjoid29vZG1hcnRfcmVzcG9uc2l2ZV9zcGFjaW5nIiwic2VsZWN0b3JfaWQiOiI2NGRhOWUxY2Q3NzMzIiwic2hvcnRjb2RlIjoidmNfcm93IiwiZGF0YSI6eyJ0YWJsZXQiOnt9LCJtb2JpbGUiOnt9fX0=&#8221; woodmart_box_shadow=&#8221;yes&#8221; wd_box_shadow=&#8221;eyJkZXZpY2VzIjp7ImRlc2t0b3AiOnsiaG9yaXpvbnRhbCI6IjAiLCJ2ZXJ0aWNhbCI6IjAiLCJibHVyIjoiOSIsInNwcmVhZCI6IjAiLCJjb2xvciI6InJnYmEoMCwgMCwgMCwgLjE1KSJ9fX0=&#8221; wd_z_index=&#8221;no&#8221;][vc_column mobile_bg_img_hidden=&#8221;no&#8221; tablet_bg_img_hidden=&#8221;no&#8221; woodmart_parallax=&#8221;0&#8243; woodmart_sticky_column=&#8221;false&#8221; parallax_scroll=&#8221;no&#8221; mobile_reset_margin=&#8221;no&#8221; tablet_reset_margin=&#8221;no&#8221;][vc_single_image image=&#8221;62362&#8243; img_size=&#8221;full&#8221; alignment=&#8221;center&#8221; onclick=&#8221;link_image&#8221; css=&#8221;.vc_custom_1693391543738{margin-right: 20px !important;}&#8221; parallax_scroll=&#8221;no&#8221; woodmart_inline=&#8221;no&#8221;][\/vc_column][\/vc_row][vc_row][vc_column]\n\t\t<div id=\"wd-69474541ed5ad\" class=\"title-wrapper wd-wpb wd-set-mb reset-last-child  wd-rs-69474541ed5ad wd-title-color-primary wd-title-style-bordered text-center justify  wd-underline-colored\">\n\t\t\t\n\t\t\t<div class=\"liner-continer\">\n\t\t\t\t<h3 class=\"woodmart-title-container title  wd-font-weight- wd-fontsize-l\" >GIULIETTA & ROMEO - Tovagliato in lino grezzo naturale con Tovagliette Americane a contrasto di colore.<\/h3>\n\t\t\t\t\t\t\t<\/div>\n\t\t\t\n\t\t\t\t\t\t\t<div class=\"title-after_title reset-last-child  wd-fontsize-xs\">in combinazione con Tovagliette Americane sovrapposte<\/div>\n\t\t\t\n\t\t\t\n\t\t<\/div>\n\t\t\n\t\t\t\t<div id=\"wd-678fc5b2ba9ef\" class=\"wd-text-block wd-wpb reset-last-child wd-rs-678fc5b2ba9ef text-left \">\n\t\t\t<p style=\"text-align: justify;\"><strong>Entra in un mondo straordinario, dove l&#8217;eleganza e lo stile raffinato incontrano la praticit\u00e0 della vita quotidiana.<\/strong> Con orgoglio presentiamo la nostra esclusiva collezione di tovagliato in lino di Giulietta &amp; Romeo. Queste non sono semplici tovaglie, ma autentiche opere d&#8217;arte tessute con dedizione nel nostro laboratorio, create su misura solo per te. Ogni tovaglia esalta la tua personalit\u00e0, trasformando la tua casa in un luogo di classe, dove ogni momento a tavola diventa veramente speciale.<br \/>\n<strong>Disponibile in due affascinanti combinazioni di colore base:<\/strong> il bianco e il corda naturale del lino grezzo. Ogni tovaglia \u00e8 finemente rifinita con un bordo pieghettato e sfilacciato, donando grazia ed eleganza al tuo spazio. Che tu stia con la tua famiglia in un momento speciale o con gli amici in un incontro pi\u00f9 informale, queste tovaglie sono progettate per esaltare i tuoi momenti a tavola, trasformandoli in ricordi indelebili.<br \/>\n<strong>Ma c&#8217;\u00e8 di pi\u00f9: con questa collezione, ti immergerai in un mondo di sapori autentici<\/strong> e di un fascino senza tempo, evocando le amate tradizioni del Vecchio Sud. Queste tovaglie non sono semplicemente un complemento alla tua esperienza culinaria, sono una parte integrante di essa. Mentre ti godi i migliori vini dalle rinomate cantine o ti delizi con le prelibatezze del Salento, lascia che la nostra tovaglia in lino ti trasporti in un universo in cui la storia e l&#8217;arte in cucina si fondono. \u00c8 un omaggio affascinante alla tradizione del Sud, un tributo al pane, al formaggio, alla pasta fatta in casa, all&#8217;olio extravergine d&#8217;oliva e al vino: una sinfonia di aromi e sapori che solletica sia i sensi che l&#8217;anima.<\/p>\n<p style=\"text-align: justify;\">Sia che tu stia preparando un piacevole pranzo o una cena intima, dona al tuo tavolo un&#8217;atmosfera nuova ed esclusiva con il nostro Tovagliato in Lino disponibile in una tonalit\u00e0 di colore unica che si fonde perfettamente con le tovagliette americane a contrasto di colore coordinate, fondamentali per un dare un tocco impeccabile.<\/p>\n<p style=\"text-align: justify;\"><strong>A Tavola con Marini&amp;Gerardi ogni pasto diventa un&#8217;occasione speciale, perch\u00e9 l&#8217;arte dell&#8217;apparecchiare non \u00e8 mai stata cos\u00ec affascinante.<\/strong><\/p>\n\t\t<\/div>\n\t\t[\/vc_column][\/vc_row][vc_row content_placement=&#8221;middle&#8221; woodmart_bg_position=&#8221;center-bottom&#8221; css=&#8221;.vc_custom_1692048938086{background-color: #f3f3f3 !important;background-position: 0 0 !important;background-repeat: no-repeat !important;}&#8221; el_class=&#8221;mobile-bg-img-hidden&#8221; mobile_bg_img_hidden=&#8221;no&#8221; tablet_bg_img_hidden=&#8221;no&#8221; woodmart_parallax=&#8221;0&#8243; woodmart_gradient_switch=&#8221;no&#8221; row_reverse_mobile=&#8221;0&#8243; row_reverse_tablet=&#8221;0&#8243; woodmart_disable_overflow=&#8221;0&#8243; woodmart_css_id=&#8221;64da9e1cd7733&#8243; responsive_spacing=&#8221;eyJwYXJhbV90eXBlIjoid29vZG1hcnRfcmVzcG9uc2l2ZV9zcGFjaW5nIiwic2VsZWN0b3JfaWQiOiI2NGRhOWUxY2Q3NzMzIiwic2hvcnRjb2RlIjoidmNfcm93IiwiZGF0YSI6eyJ0YWJsZXQiOnt9LCJtb2JpbGUiOnt9fX0=&#8221; woodmart_box_shadow=&#8221;yes&#8221; wd_box_shadow=&#8221;eyJkZXZpY2VzIjp7ImRlc2t0b3AiOnsiaG9yaXpvbnRhbCI6IjAiLCJ2ZXJ0aWNhbCI6IjAiLCJibHVyIjoiOSIsInNwcmVhZCI6IjAiLCJjb2xvciI6InJnYmEoMCwgMCwgMCwgLjE1KSJ9fX0=&#8221; wd_z_index=&#8221;no&#8221;][vc_column mobile_bg_img_hidden=&#8221;no&#8221; tablet_bg_img_hidden=&#8221;no&#8221; woodmart_parallax=&#8221;0&#8243; woodmart_sticky_column=&#8221;false&#8221; parallax_scroll=&#8221;no&#8221; mobile_reset_margin=&#8221;no&#8221; tablet_reset_margin=&#8221;no&#8221;][vc_single_image image=&#8221;62366&#8243; img_size=&#8221;full&#8221; alignment=&#8221;center&#8221; onclick=&#8221;link_image&#8221; parallax_scroll=&#8221;no&#8221; woodmart_inline=&#8221;no&#8221;][\/vc_column][\/vc_row][vc_row][vc_column]\n\t\t<div id=\"wd-6947454d42d0b\" class=\"title-wrapper wd-wpb wd-set-mb reset-last-child  wd-rs-6947454d42d0b wd-title-color-primary wd-title-style-underlined text-center justify  wd-underline-colored\">\n\t\t\t\n\t\t\t<div class=\"liner-continer\">\n\t\t\t\t<h3 class=\"woodmart-title-container title  wd-font-weight- wd-fontsize-l\" >Giulietta & Romeo Tovagliato in Lino Grezzo \u2013 Celebrando Tradizioni, Tessendo Eleganza.<\/h3>\n\t\t\t\t\t\t\t<\/div>\n\t\t\t\n\t\t\t\n\t\t\t\n\t\t<\/div>\n\t\t\n\t\t\t\t<div id=\"wd-64ef24bbdff61\" class=\"wd-text-block wd-wpb reset-last-child wd-rs-64ef24bbdff61 text-left \">\n\t\t\t<p style=\"text-align: justify;\"><strong>Da oltre 40 anni, Marini &amp; Gerardi si trova all&#8217;avanguardia dell&#8217;eccellenza artigianale in Italia,<\/strong> intrecciando qualit\u00e0 e benessere in ogni filo. Il nostro impegno nel produrre prodotti in lino di altissima qualit\u00e0 ci ha dato la reputazione di uno dei marchi tessili pi\u00f9 rinomati d&#8217;Italia. Quando scegli le tovaglie in lino GIULIETTA &amp; ROMEO, non stai scegliendo solo una copertura per il tavolo: stai scegliendo un&#8217;esperienza, un viaggio attraverso tradizioni tramandate nel tempo e una celebrazione dell&#8217;arte di mangiare.<br \/>\n<strong>Eleva i tuoi momenti a tavola con l&#8217;eleganza di GIULIETTA &amp; ROMEO.<\/strong> Vivi la differenza che l&#8217;artigianato di qualit\u00e0 e un tocco di romanticismo possono portare al tuo tavolo.<\/p>\n\t\t<\/div>\n\t\t[\/vc_column][\/vc_row]<\/p>\n<\/div>","protected":false},"excerpt":{"rendered":"<p>Tovagliato in lino rusticale dal sapore vintage. Tessuto pesante con effetto corposo ma delicato al tatto. Unione con uno o pi\u00f9 tagli trasversali ove richiesti. <strong>GIULIETTA &amp; ROMEO disponibile in lino rustico corda naturale con Tovagliette Colazione colore a contrasto.<br \/>\n<\/strong><\/p>\n","protected":false},"featured_media":62361,"template":"","meta":[],"product_brand":[],"product_cat":[145],"product_tag":[],"class_list":{"0":"post-62360","1":"product","2":"type-product","3":"status-publish","4":"has-post-thumbnail","6":"product_cat-tovaglie-di-lino","8":"first","9":"instock","10":"taxable","11":"shipping-taxable","12":"purchasable","13":"product-type-simple"},"_links":{"self":[{"href":"https:\/\/www.marinigerardi.it\/shop\/wp-json\/wp\/v2\/product\/62360","targetHints":{"allow":["GET"]}}],"collection":[{"href":"https:\/\/www.marinigerardi.it\/shop\/wp-json\/wp\/v2\/product"}],"about":[{"href":"https:\/\/www.marinigerardi.it\/shop\/wp-json\/wp\/v2\/types\/product"}],"wp:featuredmedia":[{"embeddable":true,"href":"https:\/\/www.marinigerardi.it\/shop\/wp-json\/wp\/v2\/media\/62361"}],"wp:attachment":[{"href":"https:\/\/www.marinigerardi.it\/shop\/wp-json\/wp\/v2\/media?parent=62360"}],"wp:term":[{"taxonomy":"product_brand","embeddable":true,"href":"https:\/\/www.marinigerardi.it\/shop\/wp-json\/wp\/v2\/product_brand?post=62360"},{"taxonomy":"product_cat","embeddable":true,"href":"https:\/\/www.marinigerardi.it\/shop\/wp-json\/wp\/v2\/product_cat?post=62360"},{"taxonomy":"product_tag","embeddable":true,"href":"https:\/\/www.marinigerardi.it\/shop\/wp-json\/wp\/v2\/product_tag?post=62360"}],"curies":[{"name":"wp","href":"https:\/\/api.w.org\/{rel}","templated":true}]}}