{"id":62268,"date":"2023-08-23T15:52:18","date_gmt":"2023-08-23T15:52:18","guid":{"rendered":"https:\/\/www.marinigerardi.it\/shop\/?post_type=product&#038;p=62268"},"modified":"2025-12-21T00:56:42","modified_gmt":"2025-12-21T00:56:42","slug":"tovaglia-in-lino-bianco-tovagliette-per-colazione","status":"publish","type":"product","link":"https:\/\/www.marinigerardi.it\/shop\/prodotto\/tovaglia-in-lino-bianco-tovagliette-per-colazione\/","title":{"rendered":"GIULIETTA &#038; ROMEO &#8211; Tovaglia in Lino bianco con Tovagliette per Colazione"},"content":{"rendered":"<div class=\"wpb-content-wrapper\"><p>[vc_row equal_height=&#8221;yes&#8221; mobile_bg_img_hidden=&#8221;no&#8221; tablet_bg_img_hidden=&#8221;no&#8221; woodmart_parallax=&#8221;0&#8243; woodmart_gradient_switch=&#8221;no&#8221; row_reverse_mobile=&#8221;0&#8243; row_reverse_tablet=&#8221;0&#8243; woodmart_disable_overflow=&#8221;0&#8243;][vc_column offset=&#8221;vc_col-lg-6 vc_col-md-6&#8243; mobile_bg_img_hidden=&#8221;no&#8221; tablet_bg_img_hidden=&#8221;no&#8221; woodmart_parallax=&#8221;0&#8243; woodmart_sticky_column=&#8221;false&#8221; parallax_scroll=&#8221;no&#8221; mobile_reset_margin=&#8221;no&#8221; tablet_reset_margin=&#8221;no&#8221; css=&#8221;.vc_custom_1613071403480{margin-top: 0px !important;}&#8221;]\n\t\t<div id=\"wd-69474585254f4\" class=\"title-wrapper wd-wpb wd-set-mb reset-last-child  wd-rs-69474585254f4 wd-title-color-primary wd-title-style-bordered text-left vc_custom_1766278496168 wd-underline-colored\">\n\t\t\t\n\t\t\t<div class=\"liner-continer\">\n\t\t\t\t<h2 class=\"woodmart-title-container title  wd-font-weight- wd-fontsize-l\" >GIULIETTA & ROMEO - Tovaglia in Lino bianco con Tovagliette per Colazione - Una Tovaglia Shabby che sa di essere Romantica<\/h2>\n\t\t\t\t\t\t\t<\/div>\n\t\t\t\n\t\t\t\n\t\t\t\n\t\t<\/div>\n\t\t\n\t\t\t\t<div id=\"wd-66c7ba234b686\" class=\"wd-text-block wd-wpb reset-last-child wd-rs-66c7ba234b686 text-left \">\n\t\t\t<p style=\"text-align: justify;\"><a href=\"https:\/\/www.marinigerardi.it\/shop\/prodotto\/tovaglia-in-lino-bianco-tovagliette-per-colazione\/\">Tovaglia in Lino<\/a> bianco realizzata sartorialmente nel nostro laboratorio al momento dell\u2019ordine Una Grande bella Tovaglia, dal design insolito e piacevolmente accattivante per fare la differenza, che sa essere perfetta anche per le grandi occasioni. Disponibile in Bianco Panna Acida, con bordo vezzosamente ripiegato e sfilacciato.<\/p>\n\t\t<\/div>\n\t\t[vc_message message_box_style=&#8221;outline&#8221; message_box_color=&#8221;grey&#8221; css=&#8221;&#8221;]<strong>Tessuto: <\/strong>100% lino;<br \/>\n<strong>Peso:<\/strong> 390 gr\/m\u00b2<br \/>\n<strong>Colore:<\/strong> Bianco Panna Acida;<br \/>\n<strong>Misure:<\/strong>\u00a0 170\u00d7180 | 170\u00d7200 | 170\u00d7240 | 170\u00d7260 | 170\u00d7280 | 170\u00d7300 | 170\u00d7320 | 170\u00d7340 | 170\u00d7360 |<br \/>\n<strong>Misure Tovagliolette Americane:<\/strong> 35&#215;53 in set da 2 pezzi<\/p>\n<p>Per altre misure o richieste particolari vi preghiamo di contattarci al Indirizzo mail <strong>assistenza@marinigerardi.it<\/strong>[\/vc_message][\/vc_column][vc_column css=&#8221;.vc_custom_1612434787067{background-position: center !important;background-repeat: no-repeat !important;background-size: cover !important;}&#8221; offset=&#8221;vc_col-lg-6 vc_col-md-6&#8243; mobile_bg_img_hidden=&#8221;no&#8221; tablet_bg_img_hidden=&#8221;no&#8221; woodmart_parallax=&#8221;0&#8243; woodmart_sticky_column=&#8221;false&#8221; parallax_scroll=&#8221;no&#8221; mobile_reset_margin=&#8221;no&#8221; tablet_reset_margin=&#8221;no&#8221;][vc_single_image image=&#8221;62274&#8243; img_size=&#8221;large&#8221; alignment=&#8221;center&#8221; onclick=&#8221;link_image&#8221; parallax_scroll=&#8221;no&#8221; woodmart_inline=&#8221;no&#8221;][\/vc_column][\/vc_row][vc_row][vc_column]\n\t\t<div id=\"wd-694745a01d4e2\" class=\"title-wrapper wd-wpb wd-set-mb reset-last-child  wd-rs-694745a01d4e2 wd-title-color-default wd-title-style-bordered text-center  wd-underline-colored\">\n\t\t\t\n\t\t\t<div class=\"liner-continer\">\n\t\t\t\t<h3 class=\"woodmart-title-container title  wd-font-weight- wd-fontsize-l\" >Tovaglia in Lino bianco<\/h3>\n\t\t\t\t\t\t\t<\/div>\n\t\t\t\n\t\t\t\n\t\t\t\n\t\t<\/div>\n\t\t\n\t\t[\/vc_column][\/vc_row][vc_row content_placement=&#8221;middle&#8221; woodmart_bg_position=&#8221;center-bottom&#8221; css=&#8221;.vc_custom_1692048938086{background-color: #f3f3f3 !important;background-position: 0 0 !important;background-repeat: no-repeat !important;}&#8221; el_class=&#8221;mobile-bg-img-hidden&#8221; mobile_bg_img_hidden=&#8221;no&#8221; tablet_bg_img_hidden=&#8221;no&#8221; woodmart_parallax=&#8221;0&#8243; woodmart_gradient_switch=&#8221;no&#8221; row_reverse_mobile=&#8221;0&#8243; row_reverse_tablet=&#8221;0&#8243; woodmart_disable_overflow=&#8221;0&#8243; woodmart_css_id=&#8221;64da9e1cd7733&#8243; responsive_spacing=&#8221;eyJwYXJhbV90eXBlIjoid29vZG1hcnRfcmVzcG9uc2l2ZV9zcGFjaW5nIiwic2VsZWN0b3JfaWQiOiI2NGRhOWUxY2Q3NzMzIiwic2hvcnRjb2RlIjoidmNfcm93IiwiZGF0YSI6eyJ0YWJsZXQiOnt9LCJtb2JpbGUiOnt9fX0=&#8221; woodmart_box_shadow=&#8221;yes&#8221; wd_box_shadow=&#8221;eyJkZXZpY2VzIjp7ImRlc2t0b3AiOnsiaG9yaXpvbnRhbCI6IjAiLCJ2ZXJ0aWNhbCI6IjAiLCJibHVyIjoiOSIsInNwcmVhZCI6IjAiLCJjb2xvciI6InJnYmEoMCwgMCwgMCwgLjE1KSJ9fX0=&#8221; wd_z_index=&#8221;no&#8221;][vc_column mobile_bg_img_hidden=&#8221;no&#8221; tablet_bg_img_hidden=&#8221;no&#8221; woodmart_parallax=&#8221;0&#8243; woodmart_sticky_column=&#8221;false&#8221; parallax_scroll=&#8221;no&#8221; mobile_reset_margin=&#8221;no&#8221; tablet_reset_margin=&#8221;no&#8221;][vc_single_image image=&#8221;62272&#8243; img_size=&#8221;full&#8221; alignment=&#8221;center&#8221; onclick=&#8221;link_image&#8221; css=&#8221;.vc_custom_1692808117833{margin-right: 20px !important;}&#8221; parallax_scroll=&#8221;no&#8221; woodmart_inline=&#8221;no&#8221;][\/vc_column][\/vc_row][vc_row][vc_column]\n\t\t<div id=\"wd-694745aca0700\" class=\"title-wrapper wd-wpb wd-set-mb reset-last-child  wd-rs-694745aca0700 wd-title-color-primary wd-title-style-underlined text-center justify  wd-underline-colored\">\n\t\t\t\n\t\t\t<div class=\"liner-continer\">\n\t\t\t\t<h3 class=\"woodmart-title-container title  wd-font-weight- wd-fontsize-xl\" >GIULIETTA & ROMEO - Tovaglia in Lino bianco con Tovagliette per Colazione in contrasto di colore<\/h3>\n\t\t\t\t\t\t\t<\/div>\n\t\t\t\n\t\t\t\t\t\t\t<div class=\"title-after_title reset-last-child  wd-fontsize-s\">in combinazione con Tovagliette Americane sovrapposte<\/div>\n\t\t\t\n\t\t\t\n\t\t<\/div>\n\t\t\n\t\t\t\t<div id=\"wd-64ef25806fc87\" class=\"wd-text-block wd-wpb reset-last-child wd-rs-64ef25806fc87 text-left \">\n\t\t\t<p style=\"text-align: justify;\"><strong>Immergiti nell&#8217;eleganza straordinaria delle tovaglie in lino di GIULIETTA &amp; ROMEO,<\/strong> create con dedizione nel nostro laboratorio al momento della tua richiesta. Queste tovaglie realizzate in Puro Lino, sono un&#8217;autentica espressione di stile, pensate per trasformare la tua casa in un ambiente di classe in ogni occasione importante.<br \/>\n<strong>Offerte in bianco acido con una combinazione di Tovagliette Americane in combinazione di colori stupendi,<\/strong> ciascuna di queste tovaglie presenta un bordo pieghettato e sfilacciato con grazia, aggiungendo un tocco di creativit\u00e0 al tuo ambiente. Che sia un momento speciale in famiglia o un incontro tra amici, le nostre tovaglie sono realizzate per esaltare i tuoi momenti a tavola, rendendoli ancor pi\u00f9 memorabili.<br \/>\n<strong>Immergiti in un mondo di sapori autentici e di un fascino intramontabile,<\/strong> evocando le amate tradizioni del Vecchio Sud. Mentre ti riunisci attorno al tavolo per gustare i migliori vini provenienti dalle rinomate cantine o per deliziarti con le prelibatezze del Salento, lascia che la nostra tovaglia in lino ti trasporti in un universo dove la ricca storia si fonde con l&#8217;arte culinaria. Questa tovaglia \u00e8 un omaggio all&#8217;affascinante tradizione del Sud, incarna l&#8217;essenza del pane, del formaggio, della pasta fatta in casa, dell&#8217;olio extravergine d&#8217;oliva e del vino: una sinfonia culinaria che solletica sia i sensi che l&#8217;anima.<br \/>\nSia che tu stia preparando un pranzo rilassato o una cena intima, <strong>dona al tuo tavolo un&#8217;atmosfera rinnovata con la nostra Tovaglia in Puro Lino.<\/strong> Disponibile in una tonalit\u00e0 di colore unica che si fonde con grazia anche nelle occasioni pi\u00f9 informali. Questa tovaglia non \u00e8 solo un tessuto, \u00e8 un segno di esclusivit\u00e0, un tocco di raffinatezza che porta gioia sia come pensato regalo con cura, sia come oggetto prezioso da possedere.<\/p>\n\t\t<\/div>\n\t\t[\/vc_column][\/vc_row][vc_row content_placement=&#8221;middle&#8221; woodmart_bg_position=&#8221;center-bottom&#8221; css=&#8221;.vc_custom_1692048938086{background-color: #f3f3f3 !important;background-position: 0 0 !important;background-repeat: no-repeat !important;}&#8221; el_class=&#8221;mobile-bg-img-hidden&#8221; mobile_bg_img_hidden=&#8221;no&#8221; tablet_bg_img_hidden=&#8221;no&#8221; woodmart_parallax=&#8221;0&#8243; woodmart_gradient_switch=&#8221;no&#8221; row_reverse_mobile=&#8221;0&#8243; row_reverse_tablet=&#8221;0&#8243; woodmart_disable_overflow=&#8221;0&#8243; woodmart_css_id=&#8221;64da9e1cd7733&#8243; responsive_spacing=&#8221;eyJwYXJhbV90eXBlIjoid29vZG1hcnRfcmVzcG9uc2l2ZV9zcGFjaW5nIiwic2VsZWN0b3JfaWQiOiI2NGRhOWUxY2Q3NzMzIiwic2hvcnRjb2RlIjoidmNfcm93IiwiZGF0YSI6eyJ0YWJsZXQiOnt9LCJtb2JpbGUiOnt9fX0=&#8221; woodmart_box_shadow=&#8221;yes&#8221; wd_box_shadow=&#8221;eyJkZXZpY2VzIjp7ImRlc2t0b3AiOnsiaG9yaXpvbnRhbCI6IjAiLCJ2ZXJ0aWNhbCI6IjAiLCJibHVyIjoiOSIsInNwcmVhZCI6IjAiLCJjb2xvciI6InJnYmEoMCwgMCwgMCwgLjE1KSJ9fX0=&#8221; wd_z_index=&#8221;no&#8221;][vc_column mobile_bg_img_hidden=&#8221;no&#8221; tablet_bg_img_hidden=&#8221;no&#8221; woodmart_parallax=&#8221;0&#8243; woodmart_sticky_column=&#8221;false&#8221; parallax_scroll=&#8221;no&#8221; mobile_reset_margin=&#8221;no&#8221; tablet_reset_margin=&#8221;no&#8221;][vc_single_image image=&#8221;62273&#8243; img_size=&#8221;full&#8221; alignment=&#8221;center&#8221; onclick=&#8221;link_image&#8221; parallax_scroll=&#8221;no&#8221; woodmart_inline=&#8221;no&#8221;][\/vc_column][\/vc_row][vc_row][vc_column]\n\t\t<div id=\"wd-694745b91de3a\" class=\"title-wrapper wd-wpb wd-set-mb reset-last-child  wd-rs-694745b91de3a wd-title-color-primary wd-title-style-bordered text-left justify  wd-underline-colored\">\n\t\t\t\n\t\t\t<div class=\"liner-continer\">\n\t\t\t\t<h3 class=\"woodmart-title-container title  wd-font-weight- wd-fontsize-l\" >Giulietta & Romeo \u2013 Tovaglia in Lino bianco Celebrando Tradizioni, Tessendo Eleganza.<\/h3>\n\t\t\t\t\t\t\t<\/div>\n\t\t\t\n\t\t\t\t\t\t\t<div class=\"title-after_title reset-last-child  wd-fontsize-xs\">in combinazione con Tovagliette Americane sovrapposte<\/div>\n\t\t\t\n\t\t\t\n\t\t<\/div>\n\t\t\n\t\t\t\t<div id=\"wd-64ef253d7b7ce\" class=\"wd-text-block wd-wpb reset-last-child wd-rs-64ef253d7b7ce text-left \">\n\t\t\t<p style=\"text-align: justify;\"><strong>Da oltre 40 anni, Marini &amp; Gerardi si trova all&#8217;avanguardia dell&#8217;eccellenza artigianale in Italia,<\/strong> intrecciando qualit\u00e0 e benessere in ogni filo. Il nostro impegno nel produrre prodotti in lino di altissima qualit\u00e0 ci ha dato la reputazione di uno dei marchi tessili pi\u00f9 rinomati d&#8217;Italia. Quando scegli le tovaglie in lino GIULIETTA &amp; ROMEO, non stai scegliendo solo una copertura per il tavolo: stai scegliendo un&#8217;esperienza, un viaggio attraverso tradizioni tramandate nel tempo e una celebrazione dell&#8217;arte di mangiare.<br \/>\n<strong>Eleva i tuoi momenti a tavola con l&#8217;eleganza di GIULIETTA &amp; ROMEO.<\/strong> Vivi la differenza che l&#8217;artigianato di qualit\u00e0 e un tocco di romanticismo possono portare al tuo tavolo.<\/p>\n\t\t<\/div>\n\t\t[\/vc_column][\/vc_row]<\/p>\n<\/div>","protected":false},"excerpt":{"rendered":"<p>Tessuto in puro lino rusticale dal sapore vintage. Tessuto pesante con effetto corposo ma delicato al tatto. Unione con uno o pi\u00f9 tagli trasversali. <strong>GIULIETTA &amp; ROMEO Tovaglia in Lino bianco Panna Acida con Tovagliette Colazione colore a contrasto.<br \/>\n<\/strong><\/p>\n","protected":false},"featured_media":62269,"template":"","meta":[],"product_brand":[],"product_cat":[145],"product_tag":[],"class_list":{"0":"post-62268","1":"product","2":"type-product","3":"status-publish","4":"has-post-thumbnail","6":"product_cat-tovaglie-di-lino","8":"first","9":"instock","10":"taxable","11":"shipping-taxable","12":"purchasable","13":"product-type-simple"},"_links":{"self":[{"href":"https:\/\/www.marinigerardi.it\/shop\/wp-json\/wp\/v2\/product\/62268","targetHints":{"allow":["GET"]}}],"collection":[{"href":"https:\/\/www.marinigerardi.it\/shop\/wp-json\/wp\/v2\/product"}],"about":[{"href":"https:\/\/www.marinigerardi.it\/shop\/wp-json\/wp\/v2\/types\/product"}],"wp:featuredmedia":[{"embeddable":true,"href":"https:\/\/www.marinigerardi.it\/shop\/wp-json\/wp\/v2\/media\/62269"}],"wp:attachment":[{"href":"https:\/\/www.marinigerardi.it\/shop\/wp-json\/wp\/v2\/media?parent=62268"}],"wp:term":[{"taxonomy":"product_brand","embeddable":true,"href":"https:\/\/www.marinigerardi.it\/shop\/wp-json\/wp\/v2\/product_brand?post=62268"},{"taxonomy":"product_cat","embeddable":true,"href":"https:\/\/www.marinigerardi.it\/shop\/wp-json\/wp\/v2\/product_cat?post=62268"},{"taxonomy":"product_tag","embeddable":true,"href":"https:\/\/www.marinigerardi.it\/shop\/wp-json\/wp\/v2\/product_tag?post=62268"}],"curies":[{"name":"wp","href":"https:\/\/api.w.org\/{rel}","templated":true}]}}