{"id":62143,"date":"2023-08-18T12:57:56","date_gmt":"2023-08-18T12:57:56","guid":{"rendered":"https:\/\/www.marinigerardi.it\/shop\/?post_type=product&#038;p=62143"},"modified":"2024-08-22T22:27:29","modified_gmt":"2024-08-22T22:27:29","slug":"letto-matrimoniale-legno-massello-shabby","status":"publish","type":"product","link":"https:\/\/www.marinigerardi.it\/shop\/prodotto\/letto-matrimoniale-legno-massello-shabby\/","title":{"rendered":"Letto Matrimoniale Legno Massello Shabby Chic &#8211; SHABBY 09"},"content":{"rendered":"<div class=\"wpb-content-wrapper\"><p>[vc_row equal_height=&#8221;yes&#8221; mobile_bg_img_hidden=&#8221;no&#8221; tablet_bg_img_hidden=&#8221;no&#8221; woodmart_parallax=&#8221;0&#8243; woodmart_gradient_switch=&#8221;no&#8221; row_reverse_mobile=&#8221;0&#8243; row_reverse_tablet=&#8221;0&#8243; woodmart_disable_overflow=&#8221;0&#8243;][vc_column offset=&#8221;vc_col-lg-6 vc_col-md-6&#8243; mobile_bg_img_hidden=&#8221;no&#8221; tablet_bg_img_hidden=&#8221;no&#8221; woodmart_parallax=&#8221;0&#8243; woodmart_sticky_column=&#8221;false&#8221; parallax_scroll=&#8221;no&#8221; mobile_reset_margin=&#8221;no&#8221; tablet_reset_margin=&#8221;no&#8221; css=&#8221;.vc_custom_1613071403480{margin-top: 0px !important;}&#8221;]\n\t\t<div id=\"wd-64df7a3f6fb7b\" class=\"title-wrapper wd-wpb wd-set-mb reset-last-child  wd-rs-64df7a3f6fb7b wd-title-color-primary wd-title-style-bordered text-left vc_custom_1692367439338 wd-underline-colored\">\n\t\t\t\n\t\t\t<div class=\"liner-continer\">\n\t\t\t\t<h2 class=\"woodmart-title-container title  wd-font-weight-500 wd-fontsize-xl\" >SHABBY 09 - Letto Matrimoniale Legno Massello Shabby Chic<\/h2>\n\t\t\t\t\t\t\t<\/div>\n\t\t\t\n\t\t\t\n\t\t\t\n\t\t<\/div>\n\t\t\n\t\t\t\t<div id=\"wd-64df8072d143e\" class=\"wd-text-block wd-wpb reset-last-child wd-rs-64df8072d143e text-left \">\n\t\t\t<p style=\"text-align: justify;\"><strong>Struttura:<\/strong> letto legno massello di abete e doghe in legno incluso il Kit da montaggio. Finitura legno decapato trattato a cera. Base materasso realizzata in fasce di abete. Spalla sagomata. Altezza da terra 30 cm circa.<\/p>\n<ul>\n<li style=\"text-align: justify;\"><strong>Nota Bene:<\/strong> <a href=\"https:\/\/www.marinigerardi.it\/shop\/prodotto\/letto-matrimoniale-legno-massello-shabby\/\">Prodotto<\/a> realizzato Artigianalmente pertanto i Colori sono Puramente Indicativi.<\/li>\n<\/ul>\n\t\t<\/div>\n\t\t\t\t\t<div class=\"info-box-wrapper\">\n\t\t\t\t<div id=\"wd-6512aadc3b3a1\" class=\" wd-rs-6512aadc3b3a1 wd-info-box wd-wpb text-left box-icon-align-top box-style-border color-scheme-dark wd-bg-none \">\n\t\t\t\t\t\t\t\t\t\t<div class=\"info-box-content\">\n\t\t\t\t\t\t\t\t\t\t\t\t<div class=\"info-box-inner reset-last-child\"><\/p>\n<ul>\n<li><strong>Testiera<\/strong> &#8211; h.120 cm. circa<\/li>\n<li><strong>Pediera<\/strong> &#8211; h.35 cm.<span style=\"font-size: 10pt;\"> (+Materasso non compreso)<\/span><\/li>\n<li><strong>Singolo<\/strong> \u2013 80 x 200 cm<\/li>\n<li><strong>Piazza e Mezzo<\/strong> \u2013 120 \u00d7 200 cm<\/li>\n<li><strong>Francese<\/strong> \u2013 140 \u00d7 200 cm<\/li>\n<li><strong>Matrimoniale<\/strong> \u2013 160 x 200 cm<\/li>\n<li><strong>Matrimoniale Extra<\/strong> \u2013 180 x 200 cm<\/li>\n<\/ul>\n<p><strong>Questo articolo \u00e8 spedito solo in Italia. <\/strong>Se avete bisogno di altre misure o combinazioni contattateci a: <strong>assistenza@marinigerardi.it <\/strong><\/p>\n<\/div>\n\n\t\t\t\t\t\t\t\t\t\t\t<\/div>\n\n\t\t\t\t\t\n\t\t\t\t\t\t\t\t\t<\/div>\n\t\t\t<\/div>\n\t\t[\/vc_column][vc_column css=&#8221;.vc_custom_1612434787067{background-position: center !important;background-repeat: no-repeat !important;background-size: cover !important;}&#8221; offset=&#8221;vc_col-lg-6 vc_col-md-6&#8243; mobile_bg_img_hidden=&#8221;no&#8221; tablet_bg_img_hidden=&#8221;no&#8221; woodmart_parallax=&#8221;0&#8243; woodmart_sticky_column=&#8221;false&#8221; parallax_scroll=&#8221;no&#8221; mobile_reset_margin=&#8221;no&#8221; tablet_reset_margin=&#8221;no&#8221;][vc_single_image image=&#8221;62145&#8243; img_size=&#8221;large&#8221; alignment=&#8221;center&#8221; style=&#8221;vc_box_shadow&#8221; onclick=&#8221;link_image&#8221; parallax_scroll=&#8221;no&#8221; woodmart_inline=&#8221;no&#8221;][\/vc_column][\/vc_row][vc_row][vc_column]\n\t\t<div id=\"wd-64df7a577a7d0\" class=\"title-wrapper wd-wpb wd-set-mb reset-last-child  wd-rs-64df7a577a7d0 wd-title-color-primary wd-title-style-underlined text-center vc_custom_1692367461983 wd-underline-colored\">\n\t\t\t\n\t\t\t<div class=\"liner-continer\">\n\t\t\t\t<h3 class=\"woodmart-title-container title  wd-font-weight-500 wd-fontsize-xl\" >SHABBY 09 - Letto Matrimoniale Legno Massello Shabby Chic<\/h3>\n\t\t\t\t\t\t\t<\/div>\n\t\t\t\n\t\t\t\n\t\t\t\n\t\t<\/div>\n\t\t\n\t\t\t\t<div id=\"wd-64df479c0c1ad\" class=\"wd-text-block wd-wpb reset-last-child wd-rs-64df479c0c1ad text-left \">\n\t\t\t<p style=\"text-align: justify;\">Testata Letto sagomata, doppia per letto matrimoniale e singola per letto singolo, realizzate con assi da recupero. Originale by Marini &amp; Gerardi. Montaggio con <strong>ferramenta di manifattura artigianale<\/strong><strong>. <\/strong>Inoltre, realizziamo prodotti similari su misura in legno massello trattato e decapato con finitura a cera.<\/p>\n\t\t<\/div>\n\t\t[\/vc_column][\/vc_row][vc_row css=&#8221;.vc_custom_1690213582111{background-color: #f3f3f3 !important;}&#8221; woodmart_css_id=&#8221;64be9cb2775c2&#8243; responsive_spacing=&#8221;eyJwYXJhbV90eXBlIjoid29vZG1hcnRfcmVzcG9uc2l2ZV9zcGFjaW5nIiwic2VsZWN0b3JfaWQiOiI2NGJlOWNiMjc3NWMyIiwic2hvcnRjb2RlIjoidmNfcm93IiwiZGF0YSI6eyJ0YWJsZXQiOnt9LCJtb2JpbGUiOnt9fX0=&#8221; mobile_bg_img_hidden=&#8221;no&#8221; tablet_bg_img_hidden=&#8221;no&#8221; woodmart_parallax=&#8221;0&#8243; woodmart_gradient_switch=&#8221;no&#8221; woodmart_box_shadow=&#8221;yes&#8221; wd_z_index=&#8221;no&#8221; woodmart_disable_overflow=&#8221;0&#8243; row_reverse_mobile=&#8221;0&#8243; row_reverse_tablet=&#8221;0&#8243; wd_box_shadow=&#8221;eyJkZXZpY2VzIjp7ImRlc2t0b3AiOnsiaG9yaXpvbnRhbCI6IjAiLCJ2ZXJ0aWNhbCI6IjAiLCJibHVyIjoiOSIsInNwcmVhZCI6IjAiLCJjb2xvciI6InJnYmEoMCwgMCwgMCwgLjE1KSJ9fX0=&#8221;][vc_column][vc_single_image image=&#8221;62146&#8243; img_size=&#8221;full&#8221; alignment=&#8221;center&#8221; style=&#8221;vc_box_shadow&#8221; onclick=&#8221;link_image&#8221; parallax_scroll=&#8221;no&#8221; woodmart_inline=&#8221;no&#8221;][\/vc_column][\/vc_row][vc_row][vc_column]\n\t\t<div id=\"wd-66c7ba9fc1a99\" class=\"title-wrapper wd-wpb wd-set-mb reset-last-child  wd-rs-66c7ba9fc1a99 wd-title-color-primary wd-title-style-bordered text-left vc_custom_1724365507645 wd-underline-colored\">\n\t\t\t\n\t\t\t<div class=\"liner-continer\">\n\t\t\t\t<h4 class=\"woodmart-title-container title  wd-font-weight-500 wd-fontsize-xl\" >Letto Matrimoniale Legno Massello Shabby Chic<\/h4>\n\t\t\t\t\t\t\t<\/div>\n\t\t\t\n\t\t\t\n\t\t\t\n\t\t<\/div>\n\t\t\n\t\t\t\t<div id=\"wd-64df7b489dafc\" class=\"wd-text-block wd-wpb reset-last-child wd-rs-64df7b489dafc text-left \">\n\t\t\t<p style=\"text-align: justify;\"><strong>Ti diamo il benvenuto in un mondo di straordinaria bellezza e autenticit\u00e0,<\/strong> dove i nostri letti in legno artigianali sono pronti a trasformare la tua residenza in citt\u00e0, campagna, mare, montagna o in destinazioni come agriturismi e Bed &amp; Breakfast. Qui, ogni pezzo diventa un&#8217;incantevole oasi di comfort e stile, riflettendo la passione che nutriamo per il legno e l&#8217;artigianato.<br \/>\n<strong>Dedizione All&#8217;Artigianalit\u00e0<\/strong><br \/>\nLa nostra Testata Letto sagomata \u00e8 l&#8217;emblema della nostra dedizione all&#8217;artigianato. Ogni singola Testata Letto \u00e8 un&#8217;opera d&#8217;arte realizzata con cura e maestria dai nostri abili artigiani. Utilizziamo assi da recupero accuratamente selezionate per trasformarle in pezzi di valore senza tempo. Questo processo non solo aggiunge un carattere distintivo a ogni letto, ma sottolinea anche il nostro impegno per l&#8217;ecosostenibilit\u00e0 e il rispetto per la natura.<\/p>\n\t\t<\/div>\n\t\t[\/vc_column][\/vc_row][vc_row css=&#8221;.vc_custom_1690213582111{background-color: #f3f3f3 !important;}&#8221; woodmart_css_id=&#8221;64be9cb2775c2&#8243; responsive_spacing=&#8221;eyJwYXJhbV90eXBlIjoid29vZG1hcnRfcmVzcG9uc2l2ZV9zcGFjaW5nIiwic2VsZWN0b3JfaWQiOiI2NGJlOWNiMjc3NWMyIiwic2hvcnRjb2RlIjoidmNfcm93IiwiZGF0YSI6eyJ0YWJsZXQiOnt9LCJtb2JpbGUiOnt9fX0=&#8221; mobile_bg_img_hidden=&#8221;no&#8221; tablet_bg_img_hidden=&#8221;no&#8221; woodmart_parallax=&#8221;0&#8243; woodmart_gradient_switch=&#8221;no&#8221; woodmart_box_shadow=&#8221;yes&#8221; wd_z_index=&#8221;no&#8221; woodmart_disable_overflow=&#8221;0&#8243; row_reverse_mobile=&#8221;0&#8243; row_reverse_tablet=&#8221;0&#8243; wd_box_shadow=&#8221;eyJkZXZpY2VzIjp7ImRlc2t0b3AiOnsiaG9yaXpvbnRhbCI6IjAiLCJ2ZXJ0aWNhbCI6IjAiLCJibHVyIjoiOSIsInNwcmVhZCI6IjAiLCJjb2xvciI6InJnYmEoMCwgMCwgMCwgLjE1KSJ9fX0=&#8221;][vc_column][vc_single_image image=&#8221;62147&#8243; img_size=&#8221;full&#8221; alignment=&#8221;center&#8221; style=&#8221;vc_box_shadow&#8221; onclick=&#8221;link_image&#8221; parallax_scroll=&#8221;no&#8221; woodmart_inline=&#8221;no&#8221;][\/vc_column][\/vc_row][vc_row][vc_column]\n\t\t<div id=\"wd-66c7bac1cd76c\" class=\"title-wrapper wd-wpb wd-set-mb reset-last-child  wd-rs-66c7bac1cd76c wd-title-color-default wd-title-style-bordered text-left  wd-underline-colored\">\n\t\t\t\n\t\t\t<div class=\"liner-continer\">\n\t\t\t\t<h2 class=\"woodmart-title-container title  wd-font-weight- wd-fontsize-l\" >Letto Matrimoniale Legno Massello<\/h2>\n\t\t\t\t\t\t\t<\/div>\n\t\t\t\n\t\t\t\n\t\t\t\n\t\t<\/div>\n\t\t\n\t\t\t\t<div id=\"wd-64df7c02dd7e5\" class=\"wd-text-block wd-wpb reset-last-child wd-rs-64df7c02dd7e5 text-left \">\n\t\t\t<p style=\"text-align: justify;\"><strong>Bellezza Personalizzata:<\/strong> Le nostre Testate Letto sono disponibili in una gamma diversificata di colorazioni e finiture, pensate appositamente per adattarsi perfettamente a ogni ambiente. Che tu stia cercando un&#8217;elegante e raffinata Testata per un letto matrimoniale o desideri un&#8217;originale versione singola per un letto singolo, troverai da noi la scelta ideale per impreziosire il tuo spazio in modo unico.<br \/>\n<strong>In Sintonia con l&#8217;Ambiente: <\/strong>Noi crediamo che ogni spazio meriti un tocco unico. Le nostre Testate Letto non sono solo pezzi di arredamento, ma anche espressioni di personalit\u00e0. Scegli tra le nostre opzioni di colori e finiture per creare un ambiente che rispecchi il tuo stile e la tua visione di comfort.<br \/>\n<strong>Passione e Creativit\u00e0: <\/strong>La passione che mettiamo nella creazione di ogni letto artigianale risplende in ogni dettaglio. Ogni curva, ogni bordo \u00e8 stato plasmato con amore e attenzione, garantendo non solo una bellezza visibile, ma anche una qualit\u00e0 che durer\u00e0 nel tempo. <strong>Unisciti a noi nel viaggio verso la bellezza.<\/strong> Scopri il fascino intramontabile dei nostri letti in legno, fatti a mano con passione e impegno. Qui, l&#8217;arte e la funzionalit\u00e0 si incontrano per creare pezzi che raccontano una storia unica.<\/p>\n\t\t<\/div>\n\t\t[\/vc_column][\/vc_row][vc_row css=&#8221;.vc_custom_1690213582111{background-color: #f3f3f3 !important;}&#8221; woodmart_css_id=&#8221;64be9cb2775c2&#8243; responsive_spacing=&#8221;eyJwYXJhbV90eXBlIjoid29vZG1hcnRfcmVzcG9uc2l2ZV9zcGFjaW5nIiwic2VsZWN0b3JfaWQiOiI2NGJlOWNiMjc3NWMyIiwic2hvcnRjb2RlIjoidmNfcm93IiwiZGF0YSI6eyJ0YWJsZXQiOnt9LCJtb2JpbGUiOnt9fX0=&#8221; mobile_bg_img_hidden=&#8221;no&#8221; tablet_bg_img_hidden=&#8221;no&#8221; woodmart_parallax=&#8221;0&#8243; woodmart_gradient_switch=&#8221;no&#8221; woodmart_box_shadow=&#8221;yes&#8221; wd_z_index=&#8221;no&#8221; woodmart_disable_overflow=&#8221;0&#8243; row_reverse_mobile=&#8221;0&#8243; row_reverse_tablet=&#8221;0&#8243; wd_box_shadow=&#8221;eyJkZXZpY2VzIjp7ImRlc2t0b3AiOnsiaG9yaXpvbnRhbCI6IjAiLCJ2ZXJ0aWNhbCI6IjAiLCJibHVyIjoiOSIsInNwcmVhZCI6IjAiLCJjb2xvciI6InJnYmEoMCwgMCwgMCwgLjE1KSJ9fX0=&#8221;][vc_column][vc_single_image image=&#8221;62133&#8243; img_size=&#8221;full&#8221; alignment=&#8221;center&#8221; style=&#8221;vc_box_shadow&#8221; onclick=&#8221;link_image&#8221; parallax_scroll=&#8221;no&#8221; woodmart_inline=&#8221;no&#8221;][\/vc_column][\/vc_row][vc_row][vc_column]\n\t\t<div id=\"wd-66c7baf5c6aee\" class=\"title-wrapper wd-wpb wd-set-mb reset-last-child  wd-rs-66c7baf5c6aee wd-title-color-default wd-title-style-bordered text-left  wd-underline-colored\">\n\t\t\t\n\t\t\t<div class=\"liner-continer\">\n\t\t\t\t<h4 class=\"woodmart-title-container title  wd-font-weight- wd-fontsize-l\" >Letto Matrimoniale Legno Massello<\/h4>\n\t\t\t\t\t\t\t<\/div>\n\t\t\t\n\t\t\t\n\t\t\t\n\t\t<\/div>\n\t\t\n\t\t\t\t<div id=\"wd-64df7da85c52e\" class=\"wd-text-block wd-wpb reset-last-child wd-rs-64df7da85c52e text-left \">\n\t\t\t<p style=\"text-align: justify;\"><strong>Scegli Marini &amp; Gerardi<\/strong> per trasformare il tuo spazio in un luogo di bellezza senza tempo. La nostra manualit\u00e0 e la creativit\u00e0 ti garantir\u00e0 non solo un letto, ma un&#8217;esperienza che trasformer\u00e0 il modo in cui vivi e senti il tuo ambiente. <strong>Acquista ora e immergiti nell&#8217;incanto dei nostri letti in legno artigianali, dove il comfort e lo stile si fondono in un abbraccio perfetto.<\/strong><\/p>\n\t\t<\/div>\n\t\t[\/vc_column][\/vc_row]<\/p>\n<\/div>","protected":false},"excerpt":{"rendered":"<p style=\"text-align: justify;\">Letto matrimoniale legno massello &#8211; Dormi Bene, Sogna in Grande &#8211;<strong> SHABBY 09\u00a0<\/strong> &#8211;\u00a0 Un letto originale di linea moderna e romantica in Kit e su Misura.<\/p>\n","protected":false},"featured_media":62144,"template":"","meta":[],"product_brand":[],"product_cat":[930],"product_tag":[],"class_list":{"0":"post-62143","1":"product","2":"type-product","3":"status-publish","4":"has-post-thumbnail","6":"product_cat-letto-massello","7":"product_shipping_class-ar-lb","9":"first","10":"instock","11":"taxable","12":"shipping-taxable","13":"purchasable","14":"product-type-simple"},"_links":{"self":[{"href":"https:\/\/www.marinigerardi.it\/shop\/wp-json\/wp\/v2\/product\/62143","targetHints":{"allow":["GET"]}}],"collection":[{"href":"https:\/\/www.marinigerardi.it\/shop\/wp-json\/wp\/v2\/product"}],"about":[{"href":"https:\/\/www.marinigerardi.it\/shop\/wp-json\/wp\/v2\/types\/product"}],"wp:featuredmedia":[{"embeddable":true,"href":"https:\/\/www.marinigerardi.it\/shop\/wp-json\/wp\/v2\/media\/62144"}],"wp:attachment":[{"href":"https:\/\/www.marinigerardi.it\/shop\/wp-json\/wp\/v2\/media?parent=62143"}],"wp:term":[{"taxonomy":"product_brand","embeddable":true,"href":"https:\/\/www.marinigerardi.it\/shop\/wp-json\/wp\/v2\/product_brand?post=62143"},{"taxonomy":"product_cat","embeddable":true,"href":"https:\/\/www.marinigerardi.it\/shop\/wp-json\/wp\/v2\/product_cat?post=62143"},{"taxonomy":"product_tag","embeddable":true,"href":"https:\/\/www.marinigerardi.it\/shop\/wp-json\/wp\/v2\/product_tag?post=62143"}],"curies":[{"name":"wp","href":"https:\/\/api.w.org\/{rel}","templated":true}]}}