{"id":62118,"date":"2023-08-16T15:07:03","date_gmt":"2023-08-16T15:07:03","guid":{"rendered":"https:\/\/www.marinigerardi.it\/shop\/?post_type=product&#038;p=62118"},"modified":"2025-12-20T00:23:45","modified_gmt":"2025-12-20T00:23:45","slug":"copripiumini-singoli-mare-blu","status":"publish","type":"product","link":"https:\/\/www.marinigerardi.it\/shop\/prodotto\/copripiumini-singoli-mare-blu\/","title":{"rendered":"ALIZEE 300 &#8211; Copripiumini singoli mare blu in cotone &#8211; una piazza e mezza &#8211; matrimoniali"},"content":{"rendered":"<div class=\"wpb-content-wrapper\"><p>[vc_row content_placement=&#8221;middle&#8221; css=&#8221;.vc_custom_1692289785747{margin-bottom: 8vh !important;}&#8221; woodmart_css_id=&#8221;64de4aeee5560&#8243; responsive_spacing=&#8221;eyJwYXJhbV90eXBlIjoid29vZG1hcnRfcmVzcG9uc2l2ZV9zcGFjaW5nIiwic2VsZWN0b3JfaWQiOiI2NGRlNGFlZWU1NTYwIiwic2hvcnRjb2RlIjoidmNfcm93IiwiZGF0YSI6eyJ0YWJsZXQiOnt9LCJtb2JpbGUiOnt9fX0=&#8221; mobile_bg_img_hidden=&#8221;no&#8221; tablet_bg_img_hidden=&#8221;no&#8221; woodmart_parallax=&#8221;0&#8243; woodmart_gradient_switch=&#8221;no&#8221; woodmart_box_shadow=&#8221;no&#8221; wd_z_index=&#8221;no&#8221; woodmart_disable_overflow=&#8221;0&#8243; row_reverse_mobile=&#8221;0&#8243; row_reverse_tablet=&#8221;0&#8243;][vc_column width=&#8221;1\/2&#8243;]\n\t\t<div id=\"wd-6945ec3cd8006\" class=\"title-wrapper wd-wpb wd-set-mb reset-last-child  wd-rs-6945ec3cd8006 wd-title-color-primary wd-title-style-default text-left vc_custom_1766190101028 wd-width-enabled wd-underline-colored\" style=\"--wd-max-width: 90%;\">\n\t\t\t\n\t\t\t<div class=\"liner-continer\">\n\t\t\t\t<h2 class=\"woodmart-title-container title  wd-font-weight- wd-fontsize-l\" >ALIZEE 300 - Copripiumini singoli - una piazza e mezza - matrimoniali<\/h2>\n\t\t\t\t\t\t\t<\/div>\n\t\t\t\n\t\t\t\n\t\t\t\n\t\t<\/div>\n\t\t\n\t\t\t\t<div id=\"wd-66c7b353b2643\" class=\"wd-text-block wd-wpb reset-last-child wd-rs-66c7b353b2643 text-left \">\n\t\t\t<p>Sogni avvolgenti e notti di puro lusso con il cotone PIMA americano dall&#8217;Anima tutta Italiana per un abbraccio di morbidezza e bellezza.<\/p>\n\t\t<\/div>\n\t\t[vc_message message_box_style=&#8221;outline&#8221; message_box_color=&#8221;grey&#8221; css=&#8221;&#8221;]<\/p>\n<ul>\n<li>Per questa offerta\u00a0 \u00e8 possibile ordinare: <strong><a href=\"https:\/\/www.marinigerardi.it\/shop\/prodotto\/copripiumini-singoli-mare-blu\/\">Copripiumini singoli mare blu in cotone<\/a> + federe cuscino + Lenzuolo Sotto<\/strong>.<\/li>\n<li>Set Singolo o Set Una Piazza e Mezzo o\u00a0Set Matrimoniale.<\/li>\n<li><strong>Cotone Percalle SUPIMA\u00ae<\/strong> liscio 300 fili o leggermente stropicciato con <strong>trattamento indanthrene<\/strong><\/li>\n<\/ul>\n<p>N.B.: I colori dei tessuti presenti nelle immagini possono variare in base al monitor utilizzato. Segnalare nelle note dell&#8217;Ordine eventuale disposizioni aggiuntive. Per altre misure contattatare\u00a0 <strong>assistenza@marinigerardi.it <\/strong>[\/vc_message]<div id=\"wd-634e7b5962914\" class=\" wd-rs-634e7b5962914  wd-button-wrapper text-left\"><a href=\"https:\/\/www.marinigerardi.it\/shop\/guida-misure-per-la-biancheria-letto\/\" title=\"\" target=\"_blank\" class=\"btn btn-color-primary btn-style-link btn-shape-rectangle btn-size-default\">GUIDA MISURE PER LA BIANCHERIA LETTO<\/a><\/div>[\/vc_column][vc_column width=&#8221;1\/2&#8243; el_class=&#8221;text-center&#8221;][vc_single_image image=&#8221;62133&#8243; img_size=&#8221;large&#8221; alignment=&#8221;center&#8221; onclick=&#8221;link_image&#8221; parallax_scroll=&#8221;no&#8221; woodmart_inline=&#8221;no&#8221;][\/vc_column][\/vc_row][vc_row][vc_column][vc_tta_accordion][vc_tta_section title=&#8221;La Perfezione a Letto&#8221; tab_id=&#8221;1689847773988-0fc11fab-a1ae&#8221;]\t\t<div id=\"wd-66c7b3251a137\" class=\"wd-text-block wd-wpb reset-last-child wd-rs-66c7b3251a137 text-left \">\n\t\t\t<p style=\"text-align: justify;\">La stanza pi\u00f9 intima della nostra casa \u00e8 quella che maggiormente esalta le nostre emozioni, ci porta, ci coccola al giusto riposo, il copripiumino <strong>ALIZEE<\/strong> regala alla tua pelle sensazioni ed emozioni mai provate:\u00a0 colore, passione, estrema morbidezza e piacevolezza sulla pelle, dolce al tatto. <strong>Realizzato in Raso pregiato di Cotone Pima Americano per una versione sofisticata e contemporanea di un tessuto tradizionale.<\/strong><br \/>\nIl nostro copripiumino \u00e8 di facile manutenzione, si lava in lavatrice con cautela perch\u00e8 prezioso. <strong>Perfetto per Biancheria da letto in ambito domestico che alberghiero.<\/strong><\/p>\n\t\t<\/div>\n\t\t[\/vc_tta_section][vc_tta_section title=&#8221;Raso di Cotone Pima Americano&#8221; tab_id=&#8221;1689847774022-cdd986cf-90c3&#8243;][mpc_textblock content_width=&#8221;100&#8243;]<\/p>\n<p style=\"text-align: justify;\"><strong>Il PIMA americano \u00e8 una variet\u00e0 di cotone nota per la sua qualit\u00e0 superiore.<\/strong> Derivato dal cotone Pima originario del Per\u00f9, il PIMA americano \u00e8 coltivato negli Stati Uniti, principalmente in Arizona, California, e nel sudovest del paese. \u00c8 rinomato per le sue fibre lunghe e sottili, che conferiscono al tessuto una morbidezza, una lucentezza e una resistenza eccezionali. Il PIMA americano \u00e8 utilizzato per la produzione di tessuti pregiati, come lenzuola, camicie e abbigliamento di alta qualit\u00e0. La sua reputazione di cotone di lusso \u00e8 dovuta alla sua lavorazione attentamente controllata e alla sua eccezionale qualit\u00e0.<\/p>\n<p>[\/mpc_textblock][\/vc_tta_section][vc_tta_section title=&#8221;Info. Box&#8221; tab_id=&#8221;1689848288157-48b130e3-9ff4&#8243;][mpc_textblock content_width=&#8221;100&#8243; margin_divider=&#8221;true&#8221; mpc_tooltip__border_divider=&#8221;true&#8221; mpc_tooltip__padding_divider=&#8221;true&#8221;]<\/p>\n<ul>\n<li><strong>Chiusura a sacco + patella.<\/strong><\/li>\n<li><strong>Design: <\/strong>colori moda 2023 \/ 2024 &#8211; cuciture professionali.<\/li>\n<\/ul>\n<p>Per altre misure o diverse esigenze contattate: <strong>assistenza@marinigerardi.it<\/strong>[\/mpc_textblock][\/vc_tta_section][\/vc_tta_accordion][\/vc_column][\/vc_row][vc_row][vc_column]\n\t\t<div id=\"wd-6945ec551c645\" class=\"title-wrapper wd-wpb wd-set-mb reset-last-child  wd-rs-6945ec551c645 wd-title-color-primary wd-title-style-bordered text-center justify  wd-underline-colored\">\n\t\t\t\n\t\t\t<div class=\"liner-continer\">\n\t\t\t\t<h3 class=\"woodmart-title-container title  wd-font-weight- wd-fontsize-l\" >ALIZEE 300 - Copripiumini singoli - una piazza e mezza - matrimoniali<\/h3>\n\t\t\t\t\t\t\t<\/div>\n\t\t\t\n\t\t\t\t\t\t\t<div class=\"title-after_title reset-last-child  wd-fontsize-xs\">Il familiare comfort del tradizionale letto della nonna.<\/div>\n\t\t\t\n\t\t\t\n\t\t<\/div>\n\t\t\n\t\t[\/vc_column][\/vc_row][vc_row content_placement=&#8221;middle&#8221; woodmart_bg_position=&#8221;center-bottom&#8221; css=&#8221;.vc_custom_1689864104839{background-color: #f3f3f3 !important;background-position: 0 0 !important;background-repeat: no-repeat !important;}&#8221; el_class=&#8221;mobile-bg-img-hidden&#8221; mobile_bg_img_hidden=&#8221;no&#8221; tablet_bg_img_hidden=&#8221;no&#8221; woodmart_parallax=&#8221;0&#8243; woodmart_gradient_switch=&#8221;no&#8221; row_reverse_mobile=&#8221;0&#8243; row_reverse_tablet=&#8221;0&#8243; woodmart_disable_overflow=&#8221;0&#8243; woodmart_css_id=&#8221;64b9479c80ddc&#8221; responsive_spacing=&#8221;eyJwYXJhbV90eXBlIjoid29vZG1hcnRfcmVzcG9uc2l2ZV9zcGFjaW5nIiwic2VsZWN0b3JfaWQiOiI2NGI5NDc5YzgwZGRjIiwic2hvcnRjb2RlIjoidmNfcm93IiwiZGF0YSI6eyJ0YWJsZXQiOnt9LCJtb2JpbGUiOnt9fX0=&#8221; woodmart_box_shadow=&#8221;yes&#8221; wd_box_shadow=&#8221;eyJkZXZpY2VzIjp7ImRlc2t0b3AiOnsiaG9yaXpvbnRhbCI6IjAiLCJ2ZXJ0aWNhbCI6IjAiLCJibHVyIjoiOSIsInNwcmVhZCI6IjAiLCJjb2xvciI6InJnYmEoMCwgMCwgMCwgLjE1KSJ9fX0=&#8221; wd_z_index=&#8221;no&#8221;][vc_column mobile_bg_img_hidden=&#8221;no&#8221; tablet_bg_img_hidden=&#8221;no&#8221; woodmart_parallax=&#8221;0&#8243; woodmart_sticky_column=&#8221;false&#8221; parallax_scroll=&#8221;no&#8221; mobile_reset_margin=&#8221;no&#8221; tablet_reset_margin=&#8221;no&#8221;][vc_single_image image=&#8221;62132&#8243; img_size=&#8221;full&#8221; alignment=&#8221;center&#8221; style=&#8221;vc_box_shadow&#8221; onclick=&#8221;link_image&#8221; parallax_scroll=&#8221;no&#8221; woodmart_inline=&#8221;no&#8221;][\/vc_column][\/vc_row][vc_row][vc_column]\n\t\t<div id=\"wd-6945ec72192ea\" class=\"title-wrapper wd-wpb wd-set-mb reset-last-child  wd-rs-6945ec72192ea wd-title-color-default wd-title-style-bordered text-left  wd-underline-colored\">\n\t\t\t\n\t\t\t<div class=\"liner-continer\">\n\t\t\t\t<h3 class=\"woodmart-title-container title  wd-font-weight- wd-fontsize-l\" >Copripiumini singoli Tradizione tessile italiana, reinterpretata con stile e comfort<\/h3>\n\t\t\t\t\t\t\t<\/div>\n\t\t\t\n\t\t\t\n\t\t\t\n\t\t<\/div>\n\t\t\n\t\t[vc_column_text text_larger=&#8221;no&#8221; woodmart_inline=&#8221;no&#8221;]<\/p>\n<p style=\"text-align: justify;\"><strong>Nell&#8217;intimit\u00e0 della nostra dimora, una stanza si erge come il cuore delle nostre emozioni,<\/strong> un luogo che risveglia sensazioni profonde, ci accoglie e avvolge in un abbraccio di riposo. Il copripiumino ALIZEE diviene il compagno di questa esperienza, donando alla pelle un caleidoscopio di sensazioni mai prima sperimentate: colori vivaci, passione incandescente, una morbidezza estrema che carezza delicatamente l&#8217;epidermide, un tocco che sa di dolcezza<\/p>\n<p>[\/vc_column_text][\/vc_column][\/vc_row][vc_row content_placement=&#8221;middle&#8221; woodmart_bg_position=&#8221;center-bottom&#8221; css=&#8221;.vc_custom_1689864104839{background-color: #f3f3f3 !important;background-position: 0 0 !important;background-repeat: no-repeat !important;}&#8221; el_class=&#8221;mobile-bg-img-hidden&#8221; mobile_bg_img_hidden=&#8221;no&#8221; tablet_bg_img_hidden=&#8221;no&#8221; woodmart_parallax=&#8221;0&#8243; woodmart_gradient_switch=&#8221;no&#8221; row_reverse_mobile=&#8221;0&#8243; row_reverse_tablet=&#8221;0&#8243; woodmart_disable_overflow=&#8221;0&#8243; woodmart_css_id=&#8221;64b9479c80ddc&#8221; responsive_spacing=&#8221;eyJwYXJhbV90eXBlIjoid29vZG1hcnRfcmVzcG9uc2l2ZV9zcGFjaW5nIiwic2VsZWN0b3JfaWQiOiI2NGI5NDc5YzgwZGRjIiwic2hvcnRjb2RlIjoidmNfcm93IiwiZGF0YSI6eyJ0YWJsZXQiOnt9LCJtb2JpbGUiOnt9fX0=&#8221; woodmart_box_shadow=&#8221;yes&#8221; wd_box_shadow=&#8221;eyJkZXZpY2VzIjp7ImRlc2t0b3AiOnsiaG9yaXpvbnRhbCI6IjAiLCJ2ZXJ0aWNhbCI6IjAiLCJibHVyIjoiOSIsInNwcmVhZCI6IjAiLCJjb2xvciI6InJnYmEoMCwgMCwgMCwgLjE1KSJ9fX0=&#8221; wd_z_index=&#8221;no&#8221;][vc_column mobile_bg_img_hidden=&#8221;no&#8221; tablet_bg_img_hidden=&#8221;no&#8221; woodmart_parallax=&#8221;0&#8243; woodmart_sticky_column=&#8221;false&#8221; parallax_scroll=&#8221;no&#8221; mobile_reset_margin=&#8221;no&#8221; tablet_reset_margin=&#8221;no&#8221;][vc_single_image image=&#8221;62134&#8243; img_size=&#8221;full&#8221; alignment=&#8221;center&#8221; style=&#8221;vc_box_shadow&#8221; onclick=&#8221;link_image&#8221; parallax_scroll=&#8221;no&#8221; woodmart_inline=&#8221;no&#8221;][\/vc_column][\/vc_row][vc_row][vc_column]\n\t\t<div id=\"wd-6945ec7fd5e45\" class=\"title-wrapper wd-wpb wd-set-mb reset-last-child  wd-rs-6945ec7fd5e45 wd-title-color-default wd-title-style-bordered text-left  wd-underline-colored\">\n\t\t\t\n\t\t\t<div class=\"liner-continer\">\n\t\t\t\t<h3 class=\"woodmart-title-container title  wd-font-weight- wd-fontsize-l\" >Copripiumini singoli<\/h3>\n\t\t\t\t\t\t\t<\/div>\n\t\t\t\n\t\t\t\n\t\t\t\n\t\t<\/div>\n\t\t\n\t\t[vc_column_text text_larger=&#8221;no&#8221; woodmart_inline=&#8221;no&#8221;]<\/p>\n<p style=\"text-align: justify;\">In questo tessuto si cela il comfort familiare che solo il letto della nonna pu\u00f2 offrire, una nostalgia avvolta in morbide pieghe. <a href=\"https:\/\/www.marinigerardi.it\/shop\/prodotto\/copripiumini-singoli-mare-blu\/\">ALIZEE &#8211; non solo un semplice copripiumino,<\/a> ma un compagno di notti tranquille e sogni sereni.<\/p>\n<p style=\"text-align: justify;\"><strong>Nel mondo della tradizione tessile italiana, emerge con orgoglio la firma di Marini&amp;Gerardi, maestri di tessitura professionale. L&#8217;ALIZEE Collection<\/strong> rappresenta una visione moderna e alla moda, dimostrando come gli spazi della casa possano essere elegantemente adornati. Con uno sguardo rivolto sempre alla praticit\u00e0, alla qualit\u00e0 e al raffinato gusto delle tendenze contemporanee, senza per\u00f2 dimenticare le esigenze del vivere nel nostro mondo in evoluzione.<\/p>\n<p>[\/vc_column_text][\/vc_column][\/vc_row]<\/p>\n<\/div>","protected":false},"excerpt":{"rendered":"<p><strong>CopriPiumini singoli in raso pregiato di cotone tinta unita.<\/strong> Benvenuti in <strong>ALIZEE 300 Collection,<\/strong> dove l&#8217;Italia tessile tradizionale si fonde con l&#8217;audace spirito del presente, creando una sinfonia di eleganza e funzionalit\u00e0 che incanta e accoglie chiunque vi si immerga.<\/p>\n","protected":false},"featured_media":62131,"template":"","meta":[],"product_brand":[],"product_cat":[2888],"product_tag":[],"class_list":{"0":"post-62118","1":"product","2":"type-product","3":"status-publish","4":"has-post-thumbnail","6":"product_cat-copripiumini-cotone","8":"first","9":"instock","10":"taxable","11":"shipping-taxable","12":"purchasable","13":"product-type-simple"},"_links":{"self":[{"href":"https:\/\/www.marinigerardi.it\/shop\/wp-json\/wp\/v2\/product\/62118","targetHints":{"allow":["GET"]}}],"collection":[{"href":"https:\/\/www.marinigerardi.it\/shop\/wp-json\/wp\/v2\/product"}],"about":[{"href":"https:\/\/www.marinigerardi.it\/shop\/wp-json\/wp\/v2\/types\/product"}],"wp:featuredmedia":[{"embeddable":true,"href":"https:\/\/www.marinigerardi.it\/shop\/wp-json\/wp\/v2\/media\/62131"}],"wp:attachment":[{"href":"https:\/\/www.marinigerardi.it\/shop\/wp-json\/wp\/v2\/media?parent=62118"}],"wp:term":[{"taxonomy":"product_brand","embeddable":true,"href":"https:\/\/www.marinigerardi.it\/shop\/wp-json\/wp\/v2\/product_brand?post=62118"},{"taxonomy":"product_cat","embeddable":true,"href":"https:\/\/www.marinigerardi.it\/shop\/wp-json\/wp\/v2\/product_cat?post=62118"},{"taxonomy":"product_tag","embeddable":true,"href":"https:\/\/www.marinigerardi.it\/shop\/wp-json\/wp\/v2\/product_tag?post=62118"}],"curies":[{"name":"wp","href":"https:\/\/api.w.org\/{rel}","templated":true}]}}