{"id":60715,"date":"2023-06-16T19:25:32","date_gmt":"2023-06-16T19:25:32","guid":{"rendered":"https:\/\/www.marinigerardi.it\/shop\/?post_type=product&#038;p=60715"},"modified":"2026-02-02T23:37:03","modified_gmt":"2026-02-02T23:37:03","slug":"lenzuola-raso-di-cotone","status":"publish","type":"product","link":"https:\/\/www.marinigerardi.it\/shop\/prodotto\/lenzuola-raso-di-cotone\/","title":{"rendered":"ALIZEE 300 \u2013 Lenzuola Raso di Cotone in Set per notti di puro benessere"},"content":{"rendered":"<div class=\"wpb-content-wrapper\"><p>[vc_row equal_height=&#8221;yes&#8221; mobile_bg_img_hidden=&#8221;no&#8221; tablet_bg_img_hidden=&#8221;no&#8221; woodmart_parallax=&#8221;0&#8243; woodmart_gradient_switch=&#8221;no&#8221; row_reverse_mobile=&#8221;0&#8243; row_reverse_tablet=&#8221;0&#8243; woodmart_disable_overflow=&#8221;0&#8243;][vc_column offset=&#8221;vc_col-lg-6 vc_col-md-6&#8243; mobile_bg_img_hidden=&#8221;no&#8221; tablet_bg_img_hidden=&#8221;no&#8221; woodmart_parallax=&#8221;0&#8243; woodmart_sticky_column=&#8221;false&#8221; parallax_scroll=&#8221;no&#8221; mobile_reset_margin=&#8221;no&#8221; tablet_reset_margin=&#8221;no&#8221; css=&#8221;.vc_custom_1613071403480{margin-top: 0px !important;}&#8221;]\n\t\t<div id=\"wd-6945ddefcc02d\" class=\"title-wrapper wd-wpb wd-set-mb reset-last-child  wd-rs-6945ddefcc02d wd-title-color-primary wd-title-style-bordered text-left vc_custom_1766186445218 wd-underline-colored\">\n\t\t\t\n\t\t\t<div class=\"liner-continer\">\n\t\t\t\t<h2 class=\"woodmart-title-container title  wd-font-weight- wd-fontsize-l\" >ALIZEE 300 \u2013 Set Lenzuola Raso di Cotone Americano<\/h2>\n\t\t\t\t\t\t\t<\/div>\n\t\t\t\n\t\t\t\t\t\t\t<div class=\"title-after_title reset-last-child  wd-fontsize-xs\">Il Migliore Cotone al Mondo: con l'anima tutta Italiana.<\/div>\n\t\t\t\n\t\t\t\n\t\t<\/div>\n\t\t\n\t\t\t\t<div id=\"wd-6945de34d83dd\" class=\"wd-text-block wd-wpb reset-last-child wd-rs-6945de34d83dd text-left \">\n\t\t\t<p><strong>Pregiato Cotone Pima 300 fili:<\/strong> quando la tradizione tessile italiana incontra il comfort moderno, il risultato \u00e8 un sonno da sogno.<br \/>\nPerfetto per biancheria da letto sia nell&#8217;ambito domestico che alberghiero.<\/p>\n\t\t<\/div>\n\t\t[vc_tta_accordion title_tag=&#8221;h3&#8243; section_title_tag=&#8221;h3&#8243; active_section=&#8221;1&#8243; collapsible_all=&#8221;true&#8221;][vc_tta_section title=&#8221;Info: Per questa Offerta&#8221; tab_id=&#8221;1686758247918-c287db22-3df6&#8243;]\t\t<div id=\"wd-682b73bad24cc\" class=\"wd-text-block wd-wpb reset-last-child wd-rs-682b73bad24cc text-left \">\n\t\t\t<ul>\n<li>Questa <a href=\"https:\/\/www.marinigerardi.it\/shop\/prodotto\/florence-set-lenzuola-percalle-di-cotone-di-lusso-novita\/\">offerta<\/a> include <strong>1 lenzuola raso di cotone sotto con angoli + un lenzuolo sopra + federe cuscino<\/strong>.<\/li>\n<li>Set Singolo n.1 Federa cuscino da 50&#215;80 cm.<\/li>\n<li>Set Una Piazza e Mezzo n.1 Federa cuscino da 50&#215;80 cm.<\/li>\n<li>Set Matrimoniale n.2 Federe cuscini da 50&#215;80 cm.<\/li>\n<\/ul>\n<p>N.B.: I colori dei tessuti presenti nelle immagini possono variare in base al monitor utilizzato. Segnalare nelle note dell&#8217;Ordine eventuale disposizioni aggiuntive. Per altre misure contattare\u00a0 <strong>assistenza@marinigerardi.it <\/strong><\/p>\n\t\t<\/div>\n\t\t[\/vc_tta_section][vc_tta_section title=&#8221;Finalmente mi hai trovato!&#8221; tab_id=&#8221;1686758247889-f533f46d-4c9f&#8221;]\t\t<div id=\"wd-64e91b674dae0\" class=\"wd-text-block wd-wpb reset-last-child wd-rs-64e91b674dae0 text-left \">\n\t\t\t<p style=\"text-align: justify;\"><strong>Sono il rinomato cotone PIMA americano<\/strong>, famoso per la sua qualit\u00e0 superiore. La mia fibra \u00e8 utilizzata per creare tessuti pregiati, perfetti per le lenzuola di alta qualit\u00e0 Marini &amp; Gerardi. La mia reputazione di cotone di lusso \u00e8 il risultato di una lavorazione attentamente controllata che dona una straordinaria morbidezza e una setosa lucentezza unica. Ora puoi lascirti abbracciare dal comfort e assaporare l&#8217;eleganza senza compromessi delle nostre lenzuola in cotone PIMA americano!<\/p>\n\t\t<\/div>\n\t\t[\/vc_tta_section][\/vc_tta_accordion]<div id=\"wd-64e91c8b1519e\" class=\" wd-rs-64e91c8b1519e  wd-button-wrapper text-left\"><a href=\"https:\/\/www.marinigerardi.it\/shop\/guida-misure-per-la-biancheria-letto\/\" title=\"Guida Come Calcolare il Metraggio dei Tessuti\" target=\"_blank\" class=\"btn btn-style-default btn-shape-rectangle btn-size-default btn-icon-pos-left\">Guida misure Biancheria Letto<span class=\"wd-btn-icon\"><span class=\"wd-icon far fa-arrow-alt-circle-right\"><\/span><\/span><\/a><\/div>[vc_empty_space woodmart_hide_large=&#8221;0&#8243; woodmart_hide_medium=&#8221;0&#8243; woodmart_hide_small=&#8221;0&#8243;][\/vc_column][vc_column css=&#8221;.vc_custom_1612434787067{background-position: center !important;background-repeat: no-repeat !important;background-size: cover !important;}&#8221; offset=&#8221;vc_col-lg-6 vc_col-md-6&#8243; mobile_bg_img_hidden=&#8221;no&#8221; tablet_bg_img_hidden=&#8221;no&#8221; woodmart_parallax=&#8221;0&#8243; woodmart_sticky_column=&#8221;false&#8221; parallax_scroll=&#8221;no&#8221; mobile_reset_margin=&#8221;no&#8221; tablet_reset_margin=&#8221;no&#8221;][vc_single_image image=&#8221;60593&#8243; img_size=&#8221;large&#8221; add_caption=&#8221;yes&#8221; alignment=&#8221;center&#8221; style=&#8221;vc_box_shadow&#8221; onclick=&#8221;link_image&#8221; parallax_scroll=&#8221;no&#8221; woodmart_inline=&#8221;no&#8221;][\/vc_column][\/vc_row][vc_row][vc_column]\n\t\t<div id=\"wd-6945de3b2e704\" class=\"title-wrapper wd-wpb wd-set-mb reset-last-child  wd-rs-6945de3b2e704 wd-title-color-default wd-title-style-underlined text-center  wd-underline-colored\">\n\t\t\t\n\t\t\t<div class=\"liner-continer\">\n\t\t\t\t<h3 class=\"woodmart-title-container title  wd-font-weight- wd-fontsize-l\" >Lenzuola Raso di Cotone<\/h3>\n\t\t\t\t\t\t\t<\/div>\n\t\t\t\n\t\t\t\n\t\t\t\n\t\t<\/div>\n\t\t\n\t\t[\/vc_column][\/vc_row][vc_row enable_first_overlay=&#8221;true&#8221; first_overlay_opacity=&#8221;25&#8243; first_background_color=&#8221;#e5e5e5&#8243; woodmart_css_id=&#8221;6488f0ff57fc2&#8243; mobile_bg_img_hidden=&#8221;no&#8221; tablet_bg_img_hidden=&#8221;no&#8221; woodmart_parallax=&#8221;0&#8243; woodmart_gradient_switch=&#8221;no&#8221; woodmart_box_shadow=&#8221;yes&#8221; wd_z_index=&#8221;no&#8221; woodmart_disable_overflow=&#8221;0&#8243; row_reverse_mobile=&#8221;0&#8243; row_reverse_tablet=&#8221;0&#8243; css=&#8221;.vc_custom_1686696203166{background-color: #f3f3f3 !important;}&#8221; responsive_spacing=&#8221;eyJwYXJhbV90eXBlIjoid29vZG1hcnRfcmVzcG9uc2l2ZV9zcGFjaW5nIiwic2VsZWN0b3JfaWQiOiI2NDg4ZjBmZjU3ZmMyIiwic2hvcnRjb2RlIjoidmNfcm93IiwiZGF0YSI6eyJ0YWJsZXQiOnt9LCJtb2JpbGUiOnt9fX0=&#8221; wd_box_shadow=&#8221;eyJkZXZpY2VzIjp7ImRlc2t0b3AiOnsiaG9yaXpvbnRhbCI6IjAiLCJ2ZXJ0aWNhbCI6IjAiLCJibHVyIjoiOSIsInNwcmVhZCI6IjAiLCJjb2xvciI6InJnYmEoMCwgMCwgMCwgLjE1KSJ9fX0=&#8221;][vc_column][vc_single_image image=&#8221;60719&#8243; img_size=&#8221;full&#8221; add_caption=&#8221;yes&#8221; alignment=&#8221;center&#8221; style=&#8221;vc_box_shadow&#8221; onclick=&#8221;link_image&#8221; parallax_scroll=&#8221;no&#8221; woodmart_inline=&#8221;no&#8221;][\/vc_column][\/vc_row][vc_row][vc_column]\n\t\t<div id=\"wd-6945de48442d8\" class=\"title-wrapper wd-wpb wd-set-mb reset-last-child  wd-rs-6945de48442d8 wd-title-color-primary wd-title-style-underlined text-center vc_custom_1766186525465 wd-underline-colored\">\n\t\t\t\n\t\t\t<div class=\"liner-continer\">\n\t\t\t\t<h3 class=\"woodmart-title-container title  wd-font-weight- wd-fontsize-l\" >ALIZEE 300 \u2013 Set Lenzuola Raso di Cotone Americano<\/h3>\n\t\t\t\t\t\t\t<\/div>\n\t\t\t\n\t\t\t\n\t\t\t\n\t\t<\/div>\n\t\t\n\t\t\t\t<div id=\"wd-64e91adc9380f\" class=\"wd-text-block wd-wpb reset-last-child wd-rs-64e91adc9380f text-left \">\n\t\t\t<h4><strong>Il Migliore Cotone al Mondo:<\/strong><\/h4>\n<p style=\"text-align: justify;\"><strong>Cerca il tuo stile! Progetta, arreda e dai personalit\u00e0 al tuo comfort in camera da letto!<\/strong> Tessuti per Biancheria Letto con lenzuola in cotone di raso sateen sono il segreto in grado di soddisfare le esigenze di benessere e conciliare il buon sonno: non solo danno carattere alla tua zona notte, ma i nostri tessuti ti avvolgono in uno splendido, morbido abbraccio, garantendoti il giusto relax di cui hai bisogno.<br \/>\nComprare Italiano per spende meglio, investendo sulla qualit\u00e0 della tua biancheria letto, e inoltre dai libero sfogo alla tua creativit\u00e0. <a href=\"https:\/\/www.marinigerardi.it\/shop\/prodotto\/lenzuola-raso-di-cotone\/\"><strong>Scegli il lusso senza compromessi: provare per credere!<\/strong><\/a><\/p>\n\t\t<\/div>\n\t\t[\/vc_column][\/vc_row][vc_row enable_first_overlay=&#8221;true&#8221; first_overlay_opacity=&#8221;25&#8243; first_background_color=&#8221;#e5e5e5&#8243; woodmart_css_id=&#8221;6488f0ff57fc2&#8243; mobile_bg_img_hidden=&#8221;no&#8221; tablet_bg_img_hidden=&#8221;no&#8221; woodmart_parallax=&#8221;0&#8243; woodmart_gradient_switch=&#8221;no&#8221; woodmart_box_shadow=&#8221;yes&#8221; wd_z_index=&#8221;no&#8221; woodmart_disable_overflow=&#8221;0&#8243; row_reverse_mobile=&#8221;0&#8243; row_reverse_tablet=&#8221;0&#8243; css=&#8221;.vc_custom_1686696203166{background-color: #f3f3f3 !important;}&#8221; responsive_spacing=&#8221;eyJwYXJhbV90eXBlIjoid29vZG1hcnRfcmVzcG9uc2l2ZV9zcGFjaW5nIiwic2VsZWN0b3JfaWQiOiI2NDg4ZjBmZjU3ZmMyIiwic2hvcnRjb2RlIjoidmNfcm93IiwiZGF0YSI6eyJ0YWJsZXQiOnt9LCJtb2JpbGUiOnt9fX0=&#8221; wd_box_shadow=&#8221;eyJkZXZpY2VzIjp7ImRlc2t0b3AiOnsiaG9yaXpvbnRhbCI6IjAiLCJ2ZXJ0aWNhbCI6IjAiLCJibHVyIjoiOSIsInNwcmVhZCI6IjAiLCJjb2xvciI6InJnYmEoMCwgMCwgMCwgLjE1KSJ9fX0=&#8221;][vc_column][vc_single_image image=&#8221;67358&#8243; img_size=&#8221;full&#8221; add_caption=&#8221;yes&#8221; alignment=&#8221;center&#8221; style=&#8221;vc_box_shadow&#8221; onclick=&#8221;link_image&#8221; css=&#8221;&#8221; parallax_scroll=&#8221;no&#8221; woodmart_inline=&#8221;no&#8221;][\/vc_column][\/vc_row]<\/p>\n<\/div>","protected":false},"excerpt":{"rendered":"<p><strong>ALIZEE<\/strong>\u00a0 &#8211; <strong>Completo Lenzuola Raso di Cotone e abbraccia l&#8217;eleganza<\/strong>. Morbidezza e raffinatezza unite: scopri il comfort senza compromessi dai fantastici colori.<\/p>\n","protected":false},"featured_media":60716,"template":"","meta":[],"product_brand":[],"product_cat":[460,614,1524,3672],"product_tag":[584,2558],"class_list":{"0":"post-60715","1":"product","2":"type-product","3":"status-publish","4":"has-post-thumbnail","6":"product_cat-biancheria-letto","7":"product_cat-lenzuola","8":"product_cat-set-lenzuola","9":"product_cat-set-lenzuola-cotone","10":"product_tag-set-lenzuola-letto","11":"product_tag-set-lenzuola-matrimoniali-in-cotone","13":"first","14":"instock","15":"taxable","16":"shipping-taxable","17":"purchasable","18":"product-type-simple"},"_links":{"self":[{"href":"https:\/\/www.marinigerardi.it\/shop\/wp-json\/wp\/v2\/product\/60715","targetHints":{"allow":["GET"]}}],"collection":[{"href":"https:\/\/www.marinigerardi.it\/shop\/wp-json\/wp\/v2\/product"}],"about":[{"href":"https:\/\/www.marinigerardi.it\/shop\/wp-json\/wp\/v2\/types\/product"}],"wp:featuredmedia":[{"embeddable":true,"href":"https:\/\/www.marinigerardi.it\/shop\/wp-json\/wp\/v2\/media\/60716"}],"wp:attachment":[{"href":"https:\/\/www.marinigerardi.it\/shop\/wp-json\/wp\/v2\/media?parent=60715"}],"wp:term":[{"taxonomy":"product_brand","embeddable":true,"href":"https:\/\/www.marinigerardi.it\/shop\/wp-json\/wp\/v2\/product_brand?post=60715"},{"taxonomy":"product_cat","embeddable":true,"href":"https:\/\/www.marinigerardi.it\/shop\/wp-json\/wp\/v2\/product_cat?post=60715"},{"taxonomy":"product_tag","embeddable":true,"href":"https:\/\/www.marinigerardi.it\/shop\/wp-json\/wp\/v2\/product_tag?post=60715"}],"curies":[{"name":"wp","href":"https:\/\/api.w.org\/{rel}","templated":true}]}}