{"id":60586,"date":"2023-06-13T06:49:27","date_gmt":"2023-06-13T06:49:27","guid":{"rendered":"https:\/\/www.marinigerardi.it\/shop\/?post_type=product&#038;p=60586"},"modified":"2026-01-23T09:51:20","modified_gmt":"2026-01-23T09:51:20","slug":"tessuto-tendaggi-per-interni","status":"publish","type":"product","link":"https:\/\/www.marinigerardi.it\/shop\/prodotto\/tessuto-tendaggi-per-interni\/","title":{"rendered":"LA TARANTA Barbera &#8211; Tessuto Tendaggi per Interni in Lino Stropicciato"},"content":{"rendered":"<div class=\"wpb-content-wrapper\"><p>[vc_row equal_height=&#8221;yes&#8221; mobile_bg_img_hidden=&#8221;no&#8221; tablet_bg_img_hidden=&#8221;no&#8221; woodmart_parallax=&#8221;0&#8243; woodmart_gradient_switch=&#8221;no&#8221; row_reverse_mobile=&#8221;0&#8243; row_reverse_tablet=&#8221;0&#8243; woodmart_disable_overflow=&#8221;0&#8243;][vc_column offset=&#8221;vc_col-lg-6 vc_col-md-6&#8243; mobile_bg_img_hidden=&#8221;no&#8221; tablet_bg_img_hidden=&#8221;no&#8221; woodmart_parallax=&#8221;0&#8243; woodmart_sticky_column=&#8221;false&#8221; parallax_scroll=&#8221;no&#8221; mobile_reset_margin=&#8221;no&#8221; tablet_reset_margin=&#8221;no&#8221; css=&#8221;.vc_custom_1613071403480{margin-top: 0px !important;}&#8221;]\n\t\t<div id=\"wd-64c84adf20203\" class=\"title-wrapper wd-wpb wd-set-mb reset-last-child  wd-rs-64c84adf20203 wd-title-color-primary wd-title-style-bordered text-left vc_custom_1690848002109 wd-underline-colored\">\n\t\t\t\n\t\t\t<div class=\"liner-continer\">\n\t\t\t\t<h2 class=\"woodmart-title-container title  wd-font-weight-500 wd-fontsize-l\" >L'essenza dell'eleganza firmata LA TARANTA - Tessuto Tendaggi per Interni in Lino Stropicciato<\/h2>\n\t\t\t\t\t\t\t<\/div>\n\t\t\t\n\t\t\t\n\t\t\t\n\t\t<\/div>\n\t\t\n\t\t[vc_column_text css=&#8221;&#8221; woodmart_inline=&#8221;no&#8221; text_larger=&#8221;no&#8221;]<\/p>\n<p style=\"text-align: justify;\">Il tessuto \u00e8 straordinariamente bello sia da vedere che da toccare, rendendolo perfetto per tende. La sua trama fitta e ben strutturata con finitura rasata offre una sensazione morbida e piacevole al tatto. <strong>Il tessuto \u00e8 certificato come &#8220;MASTERS OF LINEN\u00ae&#8221;, un&#8217;etichetta che rappresenta aziende tessili europee impegnate nella produzione di lino di eccellenza.<\/strong> Questo sistema garantisce la tracciabilit\u00e0 del 100% del lino coltivato in Europa, conferendo al tessuto un valore aggiunto e una qualit\u00e0 superiore.<\/p>\n<p>[\/vc_column_text][vc_tta_accordion title_tag=&#8221;h3&#8243; section_title_tag=&#8221;h3&#8243; active_section=&#8221;&#8221; collapsible_all=&#8221;true&#8221;][vc_tta_section title=&#8221;Info &amp; Scheda Prodotto&#8221; tab_id=&#8221;1769161597952-24bc3f3b-2de0&#8243;]\t\t<div id=\"wd-69734404f0244\" class=\"wd-text-block wd-wpb reset-last-child wd-rs-69734404f0244 text-left \">\n\t\t\t<ul>\n<li><a href=\"https:\/\/www.marinigerardi.it\/shop\/prodotto\/tessuto-tendaggi-per-interni\/\"><strong>Tessuto Interni:\u00a0<\/strong><\/a> Puro Lino Stropicciato;<\/li>\n<li><strong>Peso:<\/strong> 342 gr. ml.<\/li>\n<li><strong>Altezza:<\/strong> h. 310 cm.<\/li>\n<\/ul>\n<p><strong>Minimo acquisto 1 m.<\/strong>, se avete necessit\u00e0 di aiuto contattateci all&#8217; indirizzo mail <strong>assistenza@marinigerardi.it<\/strong><\/p>\n\t\t<\/div>\n\t\t[\/vc_tta_section][\/vc_tta_accordion]<div id=\"wd-69734488c3e44\" class=\" wd-rs-69734488c3e44  wd-button-wrapper text-left\"><a href=\"https:\/\/www.marinigerardi.it\/shop\/guida-come-calcolare-il-metraggio-dei-tessuti\/\" title=\"Guida Come Calcolare il Metraggio dei Tessuti\" target=\"_blank\" class=\"btn btn-style-default btn-shape-rectangle btn-size-default\">Guida Come Calcolare il Metraggio dei Tessuti<\/a><\/div>[\/vc_column][vc_column css=&#8221;.vc_custom_1612434787067{background-position: center !important;background-repeat: no-repeat !important;background-size: cover !important;}&#8221; offset=&#8221;vc_col-lg-6 vc_col-md-6&#8243; mobile_bg_img_hidden=&#8221;no&#8221; tablet_bg_img_hidden=&#8221;no&#8221; woodmart_parallax=&#8221;0&#8243; woodmart_sticky_column=&#8221;false&#8221; parallax_scroll=&#8221;no&#8221; mobile_reset_margin=&#8221;no&#8221; tablet_reset_margin=&#8221;no&#8221;][vc_single_image image=&#8221;67512&#8243; img_size=&#8221;large&#8221; alignment=&#8221;center&#8221; style=&#8221;vc_box_shadow&#8221; onclick=&#8221;link_image&#8221; css=&#8221;&#8221; woodmart_inline=&#8221;no&#8221; parallax_scroll=&#8221;no&#8221;][\/vc_column][\/vc_row][vc_row][vc_column][vc_text_separator title=&#8221;&#8221; css=&#8221;.vc_custom_1769161833793{margin-top: 20px !important;}&#8221;]\n\t\t<div id=\"wd-64c84aa1402b2\" class=\"title-wrapper wd-wpb wd-set-mb reset-last-child  wd-rs-64c84aa1402b2 wd-title-color-primary wd-title-style-underlined text-center justify  wd-underline-colored\">\n\t\t\t\t\t\t\t\n\t\t\t\t<div class=\"title-subtitle  subtitle-color-primary font-alt subtitle-style-default wd-font-weight- wd-fontsize-xs\">Puro Lino 100%, tinto in filo<\/div>\n\t\t\t\n\t\t\t<div class=\"liner-continer\">\n\t\t\t\t<h3 class=\"woodmart-title-container title  wd-font-weight-400 wd-fontsize-l\" >LA TARANTA Barbera - Tessuto Tendaggi per Interni in Lino Stropicciato per un'esperienza senza confronti.<\/h3>\n\t\t\t\t\t\t\t<\/div>\n\t\t\t\n\t\t\t\n\t\t\t\n\t\t<\/div>\n\t\t\n\t\t[\/vc_column][\/vc_row][vc_row content_placement=&#8221;middle&#8221; woodmart_bg_position=&#8221;center-bottom&#8221; css=&#8221;.vc_custom_1716383829931{background-color: #f3f3f3 !important;background-position: 0 0 !important;background-repeat: no-repeat !important;}&#8221; el_class=&#8221;mobile-bg-img-hidden&#8221; mobile_bg_img_hidden=&#8221;no&#8221; tablet_bg_img_hidden=&#8221;no&#8221; woodmart_parallax=&#8221;0&#8243; woodmart_gradient_switch=&#8221;no&#8221; row_reverse_mobile=&#8221;0&#8243; row_reverse_tablet=&#8221;0&#8243; woodmart_disable_overflow=&#8221;0&#8243; woodmart_css_id=&#8221;664df0369d558&#8243; responsive_spacing=&#8221;eyJwYXJhbV90eXBlIjoid29vZG1hcnRfcmVzcG9uc2l2ZV9zcGFjaW5nIiwic2VsZWN0b3JfaWQiOiI2NjRkZjAzNjlkNTU4Iiwic2hvcnRjb2RlIjoidmNfcm93IiwiZGF0YSI6eyJ0YWJsZXQiOnt9LCJtb2JpbGUiOnt9fX0=&#8221; woodmart_box_shadow=&#8221;no&#8221; wd_z_index=&#8221;no&#8221;][vc_column mobile_bg_img_hidden=&#8221;no&#8221; tablet_bg_img_hidden=&#8221;no&#8221; woodmart_parallax=&#8221;0&#8243; woodmart_sticky_column=&#8221;false&#8221; parallax_scroll=&#8221;no&#8221; mobile_reset_margin=&#8221;no&#8221; tablet_reset_margin=&#8221;no&#8221;][vc_single_image image=&#8221;67510&#8243; img_size=&#8221;full&#8221; alignment=&#8221;center&#8221; style=&#8221;vc_box_shadow&#8221; onclick=&#8221;link_image&#8221; css=&#8221;&#8221; woodmart_inline=&#8221;no&#8221; parallax_scroll=&#8221;no&#8221;][\/vc_column][\/vc_row][vc_row][vc_column]\n\t\t<div id=\"wd-66cc58d371b0f\" class=\"title-wrapper wd-wpb wd-set-mb reset-last-child  wd-rs-66cc58d371b0f wd-title-color-default wd-title-style-bordered text-center  wd-underline-colored\">\n\t\t\t\n\t\t\t<div class=\"liner-continer\">\n\t\t\t\t<h2 class=\"woodmart-title-container title  wd-font-weight- wd-fontsize-l\" >Tessuto Tendaggi per Interni in Lino<\/h2>\n\t\t\t\t\t\t\t<\/div>\n\t\t\t\n\t\t\t\n\t\t\t\n\t\t<\/div>\n\t\t\n\t\t[\/vc_column][\/vc_row][vc_row content_placement=&#8221;middle&#8221; woodmart_bg_position=&#8221;center-bottom&#8221; css=&#8221;.vc_custom_1716383829931{background-color: #f3f3f3 !important;background-position: 0 0 !important;background-repeat: no-repeat !important;}&#8221; el_class=&#8221;mobile-bg-img-hidden&#8221; mobile_bg_img_hidden=&#8221;no&#8221; tablet_bg_img_hidden=&#8221;no&#8221; woodmart_parallax=&#8221;0&#8243; woodmart_gradient_switch=&#8221;no&#8221; row_reverse_mobile=&#8221;0&#8243; row_reverse_tablet=&#8221;0&#8243; woodmart_disable_overflow=&#8221;0&#8243; woodmart_css_id=&#8221;664df0369d558&#8243; responsive_spacing=&#8221;eyJwYXJhbV90eXBlIjoid29vZG1hcnRfcmVzcG9uc2l2ZV9zcGFjaW5nIiwic2VsZWN0b3JfaWQiOiI2NjRkZjAzNjlkNTU4Iiwic2hvcnRjb2RlIjoidmNfcm93IiwiZGF0YSI6eyJ0YWJsZXQiOnt9LCJtb2JpbGUiOnt9fX0=&#8221; woodmart_box_shadow=&#8221;no&#8221; wd_z_index=&#8221;no&#8221;][vc_column mobile_bg_img_hidden=&#8221;no&#8221; tablet_bg_img_hidden=&#8221;no&#8221; woodmart_parallax=&#8221;0&#8243; woodmart_sticky_column=&#8221;false&#8221; parallax_scroll=&#8221;no&#8221; mobile_reset_margin=&#8221;no&#8221; tablet_reset_margin=&#8221;no&#8221;][vc_single_image image=&#8221;67514&#8243; img_size=&#8221;full&#8221; alignment=&#8221;center&#8221; style=&#8221;vc_box_shadow&#8221; onclick=&#8221;link_image&#8221; css=&#8221;&#8221; woodmart_inline=&#8221;no&#8221; parallax_scroll=&#8221;no&#8221;][\/vc_column][\/vc_row][vc_row][vc_column]\n\t\t<div id=\"wd-66cc5884432e4\" class=\"title-wrapper wd-wpb wd-set-mb reset-last-child  wd-rs-66cc5884432e4 wd-title-color-default wd-title-style-bordered text-left  wd-underline-colored\">\n\t\t\t\n\t\t\t<div class=\"liner-continer\">\n\t\t\t\t<h2 class=\"woodmart-title-container title  wd-font-weight- wd-fontsize-l\" >Tessuto Tendaggi per Interni in Lino<\/h2>\n\t\t\t\t\t\t\t<\/div>\n\t\t\t\n\t\t\t\n\t\t\t\n\t\t<\/div>\n\t\t\n\t\t[vc_column_text css=&#8221;.vc_custom_1690847880308{padding-right: 10px !important;}&#8221; text_larger=&#8221;no&#8221; woodmart_inline=&#8221;no&#8221;]<\/p>\n<p style=\"text-align: justify;\"><strong>Benvenuto nel meraviglioso mondo di Marini&amp;Gerardi,<\/strong> dove la qualit\u00e0 \u00e8 la nostra firma e i nostri tessuti in puro lino stropicciato per l&#8217;arredamento sono semplicemente straordinari! Siamo appassionati di design e siamo pronti a offrirti un&#8217;esperienza unica e affascinante con le nostre creazioni.<br \/>\n<strong>Scopri la magia di tessuti in lino stropicciato<\/strong> che mescolano colori moderni e vibranti, perfetti per creare tende e tendaggi che saranno la perfetta espressione della tua personalit\u00e0, con un invito irresistibile alla semplicit\u00e0 e al calore.<br \/>\n<strong>Crediamo fortemente che la bellezza sia un concetto personale,<\/strong> un&#8217;emozione da esplorare e scoprire. Per questo motivo, ogni tessuto \u00e8 lavorato con cura e passione, donando un tocco di fascino e bellezza unica alla tua casa.<br \/>\nIndipendentemente dalle dimensioni del tuo spazio, siamo consapevoli del suo valore e della tua necessit\u00e0 di creare un ambiente che ti rappresenti. Le nostre stoffe in lino e le tende trasformano ogni angolo, donando stile, positivit\u00e0 e un tocco di originalit\u00e0.<br \/>\n<strong>Ogni tessuto che proponiamo \u00e8 frutto di una ricerca costante della massima qualit\u00e0 e di un design senza eguali.<\/strong> La nostra missione \u00e8 superare le tue aspettative, regalandoti la soddisfazione di vivere in un ambiente che rifletta davvero chi sei.<br \/>\n<strong>Le tue stanze ti aspettano, pronte ad accogliere un nuovo respiro di vita<\/strong> con i nostri tessuti e le nostre tende. Vogliamo essere il tuo partner nella creazione di uno spazio unico, dove la magia dei tessuti in lino stropicciato si fonde con l&#8217;eleganza che la tua casa merita.<br \/>\n<strong>Vieni a scoprire la meraviglia di Marini&amp;Gerardi, dove la bellezza si trasforma in realt\u00e0<\/strong> e il tuo stile trova la sua espressione perfetta. Siamo qui per offrirti solo il meglio, perch\u00e9 per noi, la tua soddisfazione \u00e8 ci\u00f2 che conta di pi\u00f9. Prepara la tua casa a un nuovo capitolo di eleganza e scopri l&#8217;unicit\u00e0 dei nostri tessuti in lino stropicciato!<\/p>\n<p>[\/vc_column_text][\/vc_column][\/vc_row]<\/p>\n<\/div>","protected":false},"excerpt":{"rendered":"<p style=\"text-align: justify;\"><span style=\"color: #000000;\"><strong>La Taranta Tessuto Tendaggi per Interni in Lino <\/strong>progettato per creare un&#8217;atmosfera esclusiva e unica. Caratterizzato da una texture che conferisce alle tende un aspetto poetico e avvolgente. La Taranta \u00e8 l&#8217;opzione ideale per coloro che desiderano tessuti raffinati e di lusso, per trasformare i propri spazi in un ambiente elegante e raffinato.<br \/>\n<\/span><\/p>\n","protected":false},"featured_media":60588,"template":"","meta":[],"product_brand":[],"product_cat":[1515,3588,284,3051,3584,3583,287],"product_tag":[290],"class_list":{"0":"post-60586","1":"product","2":"type-product","3":"status-publish","4":"has-post-thumbnail","6":"product_cat-lino-per-tende","7":"product_cat-stoffe-online","8":"product_cat-tessuti","9":"product_cat-tessuti-di-lino","10":"product_cat-tessuti-online","11":"product_cat-tessuti-per-la-casa","12":"product_cat-tessuti-per-tende","13":"product_tag-tessuti-per-tende-in-lino","15":"first","16":"instock","17":"sale","18":"taxable","19":"shipping-taxable","20":"purchasable","21":"product-type-simple"},"_links":{"self":[{"href":"https:\/\/www.marinigerardi.it\/shop\/wp-json\/wp\/v2\/product\/60586","targetHints":{"allow":["GET"]}}],"collection":[{"href":"https:\/\/www.marinigerardi.it\/shop\/wp-json\/wp\/v2\/product"}],"about":[{"href":"https:\/\/www.marinigerardi.it\/shop\/wp-json\/wp\/v2\/types\/product"}],"wp:featuredmedia":[{"embeddable":true,"href":"https:\/\/www.marinigerardi.it\/shop\/wp-json\/wp\/v2\/media\/60588"}],"wp:attachment":[{"href":"https:\/\/www.marinigerardi.it\/shop\/wp-json\/wp\/v2\/media?parent=60586"}],"wp:term":[{"taxonomy":"product_brand","embeddable":true,"href":"https:\/\/www.marinigerardi.it\/shop\/wp-json\/wp\/v2\/product_brand?post=60586"},{"taxonomy":"product_cat","embeddable":true,"href":"https:\/\/www.marinigerardi.it\/shop\/wp-json\/wp\/v2\/product_cat?post=60586"},{"taxonomy":"product_tag","embeddable":true,"href":"https:\/\/www.marinigerardi.it\/shop\/wp-json\/wp\/v2\/product_tag?post=60586"}],"curies":[{"name":"wp","href":"https:\/\/api.w.org\/{rel}","templated":true}]}}