{"id":60584,"date":"2023-06-12T16:51:26","date_gmt":"2023-06-12T16:51:26","guid":{"rendered":"https:\/\/www.marinigerardi.it\/shop\/?post_type=product&#038;p=60584"},"modified":"2026-01-16T17:24:24","modified_gmt":"2026-01-16T17:24:24","slug":"tessuto-percalle-cotone","status":"publish","type":"product","link":"https:\/\/www.marinigerardi.it\/shop\/prodotto\/tessuto-percalle-cotone\/","title":{"rendered":"ALIZEE 300 &#8211; Tessuto percalle cotone Sateen per Lenzuola in Raso Preziose"},"content":{"rendered":"<div class=\"wpb-content-wrapper\"><p>[vc_row equal_height=&#8221;yes&#8221; mobile_bg_img_hidden=&#8221;no&#8221; tablet_bg_img_hidden=&#8221;no&#8221; woodmart_parallax=&#8221;0&#8243; woodmart_gradient_switch=&#8221;no&#8221; row_reverse_mobile=&#8221;0&#8243; row_reverse_tablet=&#8221;0&#8243; woodmart_disable_overflow=&#8221;0&#8243;][vc_column offset=&#8221;vc_col-lg-6 vc_col-md-6&#8243; mobile_bg_img_hidden=&#8221;no&#8221; tablet_bg_img_hidden=&#8221;no&#8221; woodmart_parallax=&#8221;0&#8243; woodmart_sticky_column=&#8221;false&#8221; parallax_scroll=&#8221;no&#8221; mobile_reset_margin=&#8221;no&#8221; tablet_reset_margin=&#8221;no&#8221; css=&#8221;.vc_custom_1613071403480{margin-top: 0px !important;}&#8221;]\n\t\t<div id=\"wd-67dec8ea9e6bc\" class=\"title-wrapper wd-wpb wd-set-mb reset-last-child  wd-rs-67dec8ea9e6bc wd-title-color-default wd-title-style-default text-left  wd-underline-colored\">\n\t\t\t\n\t\t\t<div class=\"liner-continer\">\n\t\t\t\t<h2 class=\"woodmart-title-container title  wd-font-weight-600 wd-fontsize-l\" >ALIZEE 300 - Tessuto percalle cotone Sateen per Lenzuola in Raso Preziose<\/h2>\n\t\t\t\t\t\t\t<\/div>\n\t\t\t\n\t\t\t\t\t\t\t<div class=\"title-after_title reset-last-child  wd-fontsize-xs\">Cotone Sateen di qualit\u00e0 con l'anima tutta Italiana.<\/div>\n\t\t\t\n\t\t\t\n\t\t<\/div>\n\t\t\n\t\t\t\t<div id=\"wd-696a742e6323d\" class=\"wd-text-block wd-wpb reset-last-child wd-rs-696a742e6323d text-left \">\n\t\t\t<p><strong>Sogni avvolgenti e notti di puro lusso con il cotone PIMA americano dall&#8217;Anima tutta Italiana per un abbraccio di morbidezza e bellezza.<\/strong><br \/>\nPerfetto per la realizzazione di biancheria da letto sia nell&#8217;ambito domestico che alberghiero: <strong>300 fili per pollice quadrato<\/strong>, offre un comfort senza paragoni.<\/p>\n\t\t<\/div>\n\t\t[vc_message message_box_style=&#8221;outline&#8221; message_box_color=&#8221;grey&#8221; css=&#8221;&#8221;]<\/p>\n<ul>\n<li>Cotone Sateen da 115 gr.\u00a0 mq\u00b2<\/li>\n<li>Altezza h. 310 cm.<\/li>\n<\/ul>\n<p>Tessuto: <a href=\"https:\/\/www.marinigerardi.it\/shop\/prodotto\/tessuto-percalle-cotone\/\">Raso in pregiato cotone Pima<\/a> &#8220;struttura Sateen&#8221; dalla mano estremamente morbida e cascante caratterizzato da una setosa lucentezza.<br \/>\n<strong>Note:<\/strong> I colori dei tessuti presenti nelle immagini possono variare in base al monitor utilizzato.<br \/>\n<strong>Minimo acquisto 1 metro.<\/strong> Se avete bisogno di aiuto contattateci all&#8217; indirizzo mail assistenza@marinigerardi.it[\/vc_message][vc_tta_accordion title_tag=&#8221;p&#8221; section_title_tag=&#8221;p&#8221; active_section=&#8221;&#8221;][vc_tta_section title=&#8221;info: Raso di Cotone Pregiato 300 fili&#8221; tab_id=&#8221;1686759552708-8035d36d-d31e&#8221;]\t\t<div id=\"wd-65250290d4769\" class=\"wd-text-block wd-wpb reset-last-child wd-rs-65250290d4769 text-left \">\n\t\t\t<p style=\"text-align: justify;\"><strong><a href=\"https:\/\/www.marinigerardi.it\/shop\/prodotto\/tessuto-per-lenzuola-in-raso-di-cotone\/\">Il PIMA americano<\/a> \u00e8 una variet\u00e0 di cotone nota per la sua qualit\u00e0 superiore.<\/strong> Derivato dal cotone Pima originario del Per\u00f9, il PIMA americano \u00e8 coltivato negli Stati Uniti, principalmente in Arizona, California, e nel sudovest del paese. \u00c8 rinomato per le sue fibre lunghe e sottili, che conferiscono al tessuto una morbidezza, una lucentezza e una resistenza eccezionali. Il PIMA americano \u00e8 utilizzato per la produzione di tessuti pregiati, come lenzuola, camicie e abbigliamento di alta qualit\u00e0. La sua reputazione di cotone di lusso \u00e8 dovuta alla sua lavorazione attentamente controllata e alla sua eccezionale qualit\u00e0.<\/p>\n\t\t<\/div>\n\t\t[\/vc_tta_section][\/vc_tta_accordion]<div id=\"wd-61d46e4115082\" class=\" wd-rs-61d46e4115082  wd-button-wrapper text-left\"><a href=\"https:\/\/www.marinigerardi.it\/shop\/guida-come-calcolare-il-metraggio-dei-tessuti\/\" title=\"Guida Come Calcolare il Metraggio dei Tessuti\" target=\"_blank\" class=\"btn btn-style-link btn-shape-rectangle btn-size-default btn-icon-pos-left\">Guida Come Calcolare il Metraggio dei Tessuti<span class=\"wd-btn-icon\"><span class=\"wd-icon far fa-arrow-alt-circle-right\"><\/span><\/span><\/a><\/div>[\/vc_column][vc_column css=&#8221;.vc_custom_1612434787067{background-position: center !important;background-repeat: no-repeat !important;background-size: cover !important;}&#8221; offset=&#8221;vc_col-lg-6 vc_col-md-6&#8243; mobile_bg_img_hidden=&#8221;no&#8221; tablet_bg_img_hidden=&#8221;no&#8221; woodmart_parallax=&#8221;0&#8243; woodmart_sticky_column=&#8221;false&#8221; parallax_scroll=&#8221;no&#8221; mobile_reset_margin=&#8221;no&#8221; tablet_reset_margin=&#8221;no&#8221;][vc_single_image image=&#8221;60628&#8243; img_size=&#8221;large&#8221; add_caption=&#8221;yes&#8221; alignment=&#8221;center&#8221; style=&#8221;vc_box_shadow&#8221; onclick=&#8221;link_image&#8221; parallax_scroll=&#8221;no&#8221; woodmart_inline=&#8221;no&#8221;][\/vc_column][\/vc_row][vc_row][vc_column][vc_empty_space woodmart_hide_large=&#8221;0&#8243; woodmart_hide_medium=&#8221;0&#8243; woodmart_hide_small=&#8221;0&#8243;]\n\t\t<div id=\"wd-67dec956f18c2\" class=\"title-wrapper wd-wpb wd-set-mb reset-last-child  wd-rs-67dec956f18c2 wd-title-color-default wd-title-style-default text-left  wd-underline-colored\">\n\t\t\t\n\t\t\t<div class=\"liner-continer\">\n\t\t\t\t<h3 class=\"woodmart-title-container title  wd-font-weight-600 wd-fontsize-l\" >ALIZEE 300 - Tessuto percalle cotone Sateen per Lenzuola in Raso Preziose<\/h3>\n\t\t\t\t\t\t\t<\/div>\n\t\t\t\n\t\t\t\n\t\t\t\n\t\t<\/div>\n\t\t\n\t\t[\/vc_column][\/vc_row][vc_row enable_first_overlay=&#8221;true&#8221; first_overlay_opacity=&#8221;25&#8243; first_background_color=&#8221;#e5e5e5&#8243; woodmart_css_id=&#8221;6488f0ff57fc2&#8243; mobile_bg_img_hidden=&#8221;no&#8221; tablet_bg_img_hidden=&#8221;no&#8221; woodmart_parallax=&#8221;0&#8243; woodmart_gradient_switch=&#8221;no&#8221; woodmart_box_shadow=&#8221;yes&#8221; wd_z_index=&#8221;no&#8221; woodmart_disable_overflow=&#8221;0&#8243; row_reverse_mobile=&#8221;0&#8243; row_reverse_tablet=&#8221;0&#8243; css=&#8221;.vc_custom_1686696203166{background-color: #f3f3f3 !important;}&#8221; responsive_spacing=&#8221;eyJwYXJhbV90eXBlIjoid29vZG1hcnRfcmVzcG9uc2l2ZV9zcGFjaW5nIiwic2VsZWN0b3JfaWQiOiI2NDg4ZjBmZjU3ZmMyIiwic2hvcnRjb2RlIjoidmNfcm93IiwiZGF0YSI6eyJ0YWJsZXQiOnt9LCJtb2JpbGUiOnt9fX0=&#8221; wd_box_shadow=&#8221;eyJkZXZpY2VzIjp7ImRlc2t0b3AiOnsiaG9yaXpvbnRhbCI6IjAiLCJ2ZXJ0aWNhbCI6IjAiLCJibHVyIjoiOSIsInNwcmVhZCI6IjAiLCJjb2xvciI6InJnYmEoMCwgMCwgMCwgLjE1KSJ9fX0=&#8221;][vc_column][vc_single_image image=&#8221;60640&#8243; img_size=&#8221;full&#8221; add_caption=&#8221;yes&#8221; alignment=&#8221;center&#8221; style=&#8221;vc_box_shadow&#8221; onclick=&#8221;custom_link&#8221; img_link_target=&#8221;_blank&#8221; parallax_scroll=&#8221;no&#8221; woodmart_inline=&#8221;no&#8221; link=&#8221;https:\/\/www.marinigerardi.it\/shop\/prodotto\/lenzuola-di-raso-di-cotone\/&#8221;][\/vc_column][\/vc_row][vc_row][vc_column]\n\t\t<div id=\"wd-67dec956f18c2\" class=\"title-wrapper wd-wpb wd-set-mb reset-last-child  wd-rs-67dec956f18c2 wd-title-color-default wd-title-style-default text-left  wd-underline-colored\">\n\t\t\t\n\t\t\t<div class=\"liner-continer\">\n\t\t\t\t<h3 class=\"woodmart-title-container title  wd-font-weight-600 wd-fontsize-l\" >ALIZEE 300 - Tessuto percalle cotone Sateen per Lenzuola in Raso Preziose<\/h3>\n\t\t\t\t\t\t\t<\/div>\n\t\t\t\n\t\t\t\n\t\t\t\n\t\t<\/div>\n\t\t\n\t\t[vc_tta_tabs][vc_tta_section title=&#8221;Il Migliore Cotone al Mondo:&#8221; tab_id=&#8221;1689842589925-f21ce419-5c36&#8243;]\t\t<div id=\"wd-652807fca24a7\" class=\"wd-text-block wd-wpb reset-last-child wd-rs-652807fca24a7 text-left \">\n\t\t\t<h4><strong>Il Migliore Cotone al Mondo:<\/strong><\/h4>\n<p style=\"text-align: justify;\">Il PIMA americano\u00a0 \u00e8 considerato uno dei migliori cotoni al mondo. Prende il nome dalle trib\u00f9 Pima del sud-ovest degli Stati Uniti, che coltivavano questo tipo di cotone.<br \/>\nIl cotone Pima si distingue per la sua lunghezza delle fibre extra lunghe e la sua morbidezza. Queste caratteristiche lo rendono molto desiderabile nell&#8217;industria tessile per la produzione di tessuti di alta qualit\u00e0 e di lusso.<br \/>\nRispetto ad altri tipi di cotone, come il cotone comune, il Pima americano ha una fibra pi\u00f9 lunga, pi\u00f9 forte e pi\u00f9 resistente all&#8217;usura. Ci\u00f2 significa che i tessuti realizzati con cotone Pima hanno una maggiore durata nel tempo e mantengono la loro morbidezza anche dopo numerosi lavaggi.<br \/>\nInoltre, il cotone Pima ha una capacit\u00e0 di assorbimento dell&#8217;umidit\u00e0 superiore rispetto ad altri cotoni, rendendolo ideale per la produzione di biancheria da letto e asciugamani di alta qualit\u00e0.<\/p>\n\t\t<\/div>\n\t\t[\/vc_tta_section][vc_tta_section title=&#8221;Qualit\u00e0 delle fibre e trama del tessuto&#8221; tab_id=&#8221;1689842589962-38fbf7c9-6076&#8243;]\t\t<div id=\"wd-652808296b1dc\" class=\"wd-text-block wd-wpb reset-last-child wd-rs-652808296b1dc text-left \">\n\t\t\t<p style=\"text-align: justify;\"><strong>La qualit\u00e0 delle fibre e la trama del tessuto<\/strong> sono due elementi importanti che influenzano la prestazione e la sensazione complessiva del cotone utilizzato per la biancheria da letto. Vediamo cosa si intende per ognuno di essi:<\/p>\n<p style=\"text-align: justify;\"><strong>Qualit\u00e0 delle fibre:<\/strong> La qualit\u00e0 delle fibre di cotone fa riferimento alla purezza e alla tipologia delle fibre stesse. Il cotone di alta qualit\u00e0 \u00e8 composto da fibre lunghe e uniformi, mentre quello di bassa qualit\u00e0 pu\u00f2 contenere fibre corte e disomogenee. Le fibre lunghe sono generalmente considerate migliori poich\u00e9 producono fili pi\u00f9 forti e lisci. Questo tipo di cotone ha anche meno impurit\u00e0, come i nodi, che possono influire sulla sensazione e la resistenza del tessuto. Il cotone di alta qualit\u00e0 \u00e8 spesso etichettato come &#8220;cotone a lunghe fibre&#8221; o &#8220;cotone extra lungo&#8221;, ed \u00e8 considerato pi\u00f9 pregiato perch\u00e9 offre lenzuola pi\u00f9 morbide e durevoli.<\/p>\n<p style=\"text-align: justify;\"><strong>Trama del tessuto:<\/strong> La trama del tessuto si riferisce al modo in cui i fili di cotone sono intrecciati per creare il tessuto finale. Questo aspetto influisce sulla consistenza, sulla morbidezza e sulla traspirabilit\u00e0 delle lenzuola. La trama pu\u00f2 variare, ad esempio, da una tessitura pi\u00f9 fitta a una pi\u00f9 aperta. Una trama pi\u00f9 fitta, ottenuta con un maggior numero di fili intrecciati, pu\u00f2 produrre un tessuto pi\u00f9 resistente e liscio, mentre una trama pi\u00f9 aperta pu\u00f2 rendere il tessuto pi\u00f9 leggero e traspirante.<\/p>\n\t\t<\/div>\n\t\t[\/vc_tta_section][\/vc_tta_tabs][\/vc_column][\/vc_row]<\/p>\n<\/div>","protected":false},"excerpt":{"rendered":"<p style=\"text-align: justify;\"><strong>ALIZEE &#8211; Tessuto percalle cotone per Lenzuola in Raso Sateen di altissima qualit\u00e0: Raso in pregiato cotone &#8220;PIMA&#8221; Sogni su misura, sonno senza limiti: la biancheria che rende ogni notte speciale. <\/strong>Fresco e leggero al tatto dalla mano estremamente morbida e cascante caratterizzato da una setosa lucentezza.<\/p>\n","protected":false},"featured_media":60712,"template":"","meta":[],"product_brand":[],"product_cat":[3639,3057,3584,653,3583,3612],"product_tag":[3570,1042],"class_list":{"0":"post-60584","1":"product","2":"type-product","3":"status-publish","4":"has-post-thumbnail","6":"product_cat-cotone-percalle","7":"product_cat-tessuti-di-cotone","8":"product_cat-tessuti-online","9":"product_cat-tessuti-per-biancheria-letto","10":"product_cat-tessuti-per-la-casa","11":"product_cat-tessuti-per-lenzuola","12":"product_tag-raso-di-cotone","13":"product_tag-tessuti-online","15":"first","16":"instock","17":"sale","18":"sold-individually","19":"taxable","20":"shipping-taxable","21":"purchasable","22":"product-type-simple"},"_links":{"self":[{"href":"https:\/\/www.marinigerardi.it\/shop\/wp-json\/wp\/v2\/product\/60584","targetHints":{"allow":["GET"]}}],"collection":[{"href":"https:\/\/www.marinigerardi.it\/shop\/wp-json\/wp\/v2\/product"}],"about":[{"href":"https:\/\/www.marinigerardi.it\/shop\/wp-json\/wp\/v2\/types\/product"}],"wp:featuredmedia":[{"embeddable":true,"href":"https:\/\/www.marinigerardi.it\/shop\/wp-json\/wp\/v2\/media\/60712"}],"wp:attachment":[{"href":"https:\/\/www.marinigerardi.it\/shop\/wp-json\/wp\/v2\/media?parent=60584"}],"wp:term":[{"taxonomy":"product_brand","embeddable":true,"href":"https:\/\/www.marinigerardi.it\/shop\/wp-json\/wp\/v2\/product_brand?post=60584"},{"taxonomy":"product_cat","embeddable":true,"href":"https:\/\/www.marinigerardi.it\/shop\/wp-json\/wp\/v2\/product_cat?post=60584"},{"taxonomy":"product_tag","embeddable":true,"href":"https:\/\/www.marinigerardi.it\/shop\/wp-json\/wp\/v2\/product_tag?post=60584"}],"curies":[{"name":"wp","href":"https:\/\/api.w.org\/{rel}","templated":true}]}}