{"id":60575,"date":"2023-06-12T15:08:39","date_gmt":"2023-06-12T15:08:39","guid":{"rendered":"https:\/\/www.marinigerardi.it\/shop\/?post_type=product&#038;p=60575"},"modified":"2025-07-15T10:48:15","modified_gmt":"2025-07-15T10:48:15","slug":"i-migliori-tessuti-per-tende-da-interno","status":"publish","type":"product","link":"https:\/\/www.marinigerardi.it\/shop\/prodotto\/i-migliori-tessuti-per-tende-da-interno\/","title":{"rendered":"FILANDA Senape &#8211; tra I MIGLIORI TESSUTI PER TENDE da interno"},"content":{"rendered":"<div class=\"wpb-content-wrapper\"><p>[vc_row equal_height=&#8221;yes&#8221; mobile_bg_img_hidden=&#8221;no&#8221; tablet_bg_img_hidden=&#8221;no&#8221; woodmart_parallax=&#8221;0&#8243; woodmart_gradient_switch=&#8221;no&#8221; row_reverse_mobile=&#8221;0&#8243; row_reverse_tablet=&#8221;0&#8243; woodmart_disable_overflow=&#8221;0&#8243;][vc_column offset=&#8221;vc_col-lg-6 vc_col-md-6&#8243; mobile_bg_img_hidden=&#8221;no&#8221; tablet_bg_img_hidden=&#8221;no&#8221; woodmart_parallax=&#8221;0&#8243; woodmart_sticky_column=&#8221;false&#8221; parallax_scroll=&#8221;no&#8221; mobile_reset_margin=&#8221;no&#8221; tablet_reset_margin=&#8221;no&#8221; css=&#8221;.vc_custom_1613071403480{margin-top: 0px !important;}&#8221;]\n\t\t<div id=\"wd-64873650ea267\" class=\"title-wrapper wd-wpb wd-set-mb reset-last-child  wd-rs-64873650ea267 wd-title-color-primary wd-title-style-bordered text-left vc_custom_1686582879916 wd-underline-colored\">\n\t\t\t\n\t\t\t<div class=\"liner-continer\">\n\t\t\t\t<h2 class=\"woodmart-title-container title  wd-font-weight-500 wd-fontsize-l\" >FILANDA - i migliori tessuti per tende in Lino con vendita al taglio<\/h2>\n\t\t\t\t\t\t\t<\/div>\n\t\t\t\n\t\t\t\n\t\t\t\n\t\t<\/div>\n\t\t\n\t\t\t\t<div id=\"wd-64ea2b8fcb83f\" class=\"wd-text-block wd-wpb reset-last-child wd-rs-64ea2b8fcb83f text-left \">\n\t\t\t<p style=\"text-align: justify;\"><a href=\"https:\/\/www.marinigerardi.it\/shop\/prodotto\/i-migliori-tessuti-per-tende-da-interno\/\">Un tessuto fantastico ed eclettico:<\/a> una trama con maglia a rete ben strutturata, con una sensazione al tatto morbida e piacevole. Questo tessuto \u00e8 tinto in filo e composto al 100% dal Cuore del Lino (doppia altezza).<\/p>\n<p style=\"text-align: justify;\">FILANDA \u00e8 perfetto per i tuoi momenti di relax estivi o autunnali. Disponibile in tanti colori, puoi cambiare l&#8217;atmosfera nella stanza a seconda del tuo umore e darti quella giusta penombra di grande appeal. Inoltre, lascia delicatamente filtrare la luce del sole e protegge la tua privacy, offrendoti il massimo comfort.<\/p>\n\t\t<\/div>\n\t\t\t\t\t<div class=\"info-box-wrapper\">\n\t\t\t\t<div id=\"wd-64ea2b1ca91b9\" class=\" wd-rs-64ea2b1ca91b9 wd-info-box wd-wpb text-left box-icon-align-top box-style-border color-scheme-dark wd-bg-none \">\n\t\t\t\t\t\t\t\t\t\t<div class=\"info-box-content\">\n\t\t\t\t\t\t\t\t\t\t\t\t<div class=\"info-box-inner reset-last-child\"><\/p>\n<ul>\n<li><strong>Tessuto puro lino 645 gr\/m.l;<\/strong><\/li>\n<li><strong><strong>Altezza h. 310 cm.<\/strong><\/strong><\/li>\n<\/ul>\n<p><strong>Minimo acquisto 1 metro.<\/strong> Se avete bisogno di aiuto contattateci all&#8217; indirizzo mail assistenza@marinigerardi.it Sign.ra Carla<\/p>\n<\/div>\n\n\t\t\t\t\t\t\t\t\t\t\t<\/div>\n\n\t\t\t\t\t\n\t\t\t\t\t\t\t\t\t<\/div>\n\t\t\t<\/div>\n\t\t<div id=\"wd-63ff97e4aa4c2\" class=\" wd-rs-63ff97e4aa4c2 vc_custom_1677694963051 wd-button-wrapper text-left\"><a href=\"https:\/\/www.marinigerardi.it\/shop\/guida-come-calcolare-il-metraggio-dei-tessuti\/\" title=\"Guida Come Calcolare il Metraggio dei Tessuti\" target=\"_blank\" class=\"btn btn-style-link btn-shape-rectangle btn-size-default btn-icon-pos-left\">Come Calcolare il Metraggio dei Tessuti<span class=\"wd-btn-icon\"><span class=\"wd-icon far fa-arrow-alt-circle-right\"><\/span><\/span><\/a><\/div>[\/vc_column][vc_column css=&#8221;.vc_custom_1612434787067{background-position: center !important;background-repeat: no-repeat !important;background-size: cover !important;}&#8221; offset=&#8221;vc_col-lg-6 vc_col-md-6&#8243; mobile_bg_img_hidden=&#8221;no&#8221; tablet_bg_img_hidden=&#8221;no&#8221; woodmart_parallax=&#8221;0&#8243; woodmart_sticky_column=&#8221;false&#8221; parallax_scroll=&#8221;no&#8221; mobile_reset_margin=&#8221;no&#8221; tablet_reset_margin=&#8221;no&#8221;][vc_single_image image=&#8221;60578&#8243; img_size=&#8221;large&#8221; alignment=&#8221;center&#8221; style=&#8221;vc_box_shadow&#8221; onclick=&#8221;link_image&#8221; woodmart_inline=&#8221;no&#8221; parallax_scroll=&#8221;no&#8221;][\/vc_column][\/vc_row][vc_row css=&#8221;.vc_custom_1616495705704{margin-top: 20px !important;margin-bottom: 20px !important;}&#8221; mobile_bg_img_hidden=&#8221;no&#8221; tablet_bg_img_hidden=&#8221;no&#8221; woodmart_parallax=&#8221;0&#8243; woodmart_gradient_switch=&#8221;no&#8221; row_reverse_mobile=&#8221;0&#8243; row_reverse_tablet=&#8221;0&#8243; woodmart_disable_overflow=&#8221;0&#8243;][vc_column][vc_text_separator title=&#8221;Tessuti Naturali&#8221;]\n\t\t<div id=\"wd-66cc5b8499bbb\" class=\"title-wrapper wd-wpb wd-set-mb reset-last-child  wd-rs-66cc5b8499bbb wd-title-color-default wd-title-style-default text-center  wd-underline-colored\">\n\t\t\t\n\t\t\t<div class=\"liner-continer\">\n\t\t\t\t<h2 class=\"woodmart-title-container title  wd-font-weight- wd-fontsize-l\" >I MIGLIORI TESSUTI PER TENDE<\/h2>\n\t\t\t\t\t\t\t<\/div>\n\t\t\t\n\t\t\t\n\t\t\t\n\t\t<\/div>\n\t\t\n\t\t[\/vc_column][\/vc_row][vc_row content_placement=&#8221;middle&#8221; woodmart_bg_position=&#8221;center-bottom&#8221; css=&#8221;.vc_custom_1686497709580{background-color: #f3f3f3 !important;background-position: 0 0 !important;background-repeat: no-repeat !important;}&#8221; el_class=&#8221;mobile-bg-img-hidden&#8221; mobile_bg_img_hidden=&#8221;no&#8221; tablet_bg_img_hidden=&#8221;no&#8221; woodmart_parallax=&#8221;0&#8243; woodmart_gradient_switch=&#8221;no&#8221; row_reverse_mobile=&#8221;0&#8243; row_reverse_tablet=&#8221;0&#8243; woodmart_disable_overflow=&#8221;0&#8243; woodmart_css_id=&#8221;6485e99fc3f16&#8243; responsive_spacing=&#8221;eyJwYXJhbV90eXBlIjoid29vZG1hcnRfcmVzcG9uc2l2ZV9zcGFjaW5nIiwic2VsZWN0b3JfaWQiOiI2NDg1ZTk5ZmMzZjE2Iiwic2hvcnRjb2RlIjoidmNfcm93IiwiZGF0YSI6eyJ0YWJsZXQiOnt9LCJtb2JpbGUiOnt9fX0=&#8221; woodmart_box_shadow=&#8221;yes&#8221; wd_box_shadow=&#8221;eyJkZXZpY2VzIjp7ImRlc2t0b3AiOnsiaG9yaXpvbnRhbCI6IjAiLCJ2ZXJ0aWNhbCI6IjAiLCJibHVyIjoiOSIsInNwcmVhZCI6IjAiLCJjb2xvciI6InJnYmEoMCwgMCwgMCwgLjE1KSJ9fX0=&#8221; wd_z_index=&#8221;no&#8221;][vc_column mobile_bg_img_hidden=&#8221;no&#8221; tablet_bg_img_hidden=&#8221;no&#8221; woodmart_parallax=&#8221;0&#8243; woodmart_sticky_column=&#8221;false&#8221; parallax_scroll=&#8221;no&#8221; mobile_reset_margin=&#8221;no&#8221; tablet_reset_margin=&#8221;no&#8221;][vc_single_image image=&#8221;60579&#8243; img_size=&#8221;full&#8221; alignment=&#8221;center&#8221; onclick=&#8221;link_image&#8221; parallax_scroll=&#8221;no&#8221; woodmart_inline=&#8221;no&#8221;]<div id=\"wd-64ea2b62f1168\" class=\" wd-rs-64ea2b62f1168  wd-button-wrapper text-center\"><a href=\"https:\/\/www.marinigerardi.it\/shop\/prodotto\/castro-tenda-in-lino-con-mantovana-cr459\/\" title=\"Castroin Lino materico a rete\" class=\"btn btn-color-primary btn-style-default btn-shape-rectangle btn-size-large\">CASTRO IDEA Tende: Costruisci con noi!<\/a><\/div>[\/vc_column][\/vc_row][vc_row][vc_column]\n\t\t<div id=\"wd-66cc5c9dbe01a\" class=\"title-wrapper wd-wpb wd-set-mb reset-last-child  wd-rs-66cc5c9dbe01a wd-title-color-primary wd-title-style-underlined text-left justify  wd-underline-colored\">\n\t\t\t\t\t\t\t\n\t\t\t\t<div class=\"title-subtitle  subtitle-color-primary font-alt subtitle-style-default wd-font-weight- wd-fontsize-xs\">Un tessuto di gran classe e qualit\u00e0<\/div>\n\t\t\t\n\t\t\t<div class=\"liner-continer\">\n\t\t\t\t<h3 class=\"woodmart-title-container title  wd-font-weight-500 wd-fontsize-xl\" >FILANDA - i migliori tessuti per tende in Lino con vendita a metraggio<\/h3>\n\t\t\t\t\t\t\t<\/div>\n\t\t\t\n\t\t\t\n\t\t\t\n\t\t<\/div>\n\t\t\n\t\t[vc_column_text text_larger=&#8221;no&#8221; woodmart_inline=&#8221;no&#8221;]<\/p>\n<p style=\"text-align: justify;\">Il lino Filanda \u00e8 la scelta ideale per arricchire gli ambienti con il suo carattere grezzo e materico, perfetto in arredo per creare atmosfere industrial chic, di montagna o con uno stile shabby. Tuttavia, la sua versatilit\u00e0 lo rende adattabile anche a contesti pi\u00f9 classici, minimali e contemporanei in citt\u00e0. Le tende realizzate con questo tessuto naturale si fondono in modo impeccabile con una variet\u00e0 di stili, apportando un tocco di eleganza discreta.<\/p>\n<p style=\"text-align: justify;\">Il lino, tessuto che vanta una lunga tradizione artigiana, incarna l&#8217;eleganza in modo unico. Le tende diventano ancora pi\u00f9 apprezzate quando presentano un design semplice, discreto ed essenziale. Un soggiorno o una camera da letto arredata con tende minimalistiche in lino rappresentano una vero colpo d&#8217;occhio. Grazie alla sua versatilit\u00e0, il lino si presta a impreziosire ambienti di stili completamente diversi, ottenendo grande apprezzamento e uso nell&#8217;interior design contemporaneo.<\/p>\n<p>[\/vc_column_text][\/vc_column][\/vc_row]<\/p>\n<\/div>","protected":false},"excerpt":{"rendered":"<p style=\"text-align: justify;\">I migliori tessuti per tende offerti da Marini &amp; Gerardi includono il lino polimaterico a rete.<strong> FILANDA<\/strong> &#8211; Perfetto per ambienti urbani, industrial chic o shabby chic, con otto vivaci colori disponibili al taglio. La sua texture autentica e versatile conferisce un tocco di rusticit\u00e0 soft e carattere unico a ogni ambiente.<\/p>\n","protected":false},"featured_media":60577,"template":"","meta":[],"product_brand":[],"product_cat":[1515,3588,284,3051,3584,3583],"product_tag":[290],"class_list":{"0":"post-60575","1":"product","2":"type-product","3":"status-publish","4":"has-post-thumbnail","6":"product_cat-lino-per-tende","7":"product_cat-stoffe-online","8":"product_cat-tessuti","9":"product_cat-tessuti-di-lino","10":"product_cat-tessuti-online","11":"product_cat-tessuti-per-la-casa","12":"product_tag-tessuti-per-tende-in-lino","14":"first","15":"instock","16":"sale","17":"sold-individually","18":"taxable","19":"shipping-taxable","20":"purchasable","21":"product-type-simple"},"_links":{"self":[{"href":"https:\/\/www.marinigerardi.it\/shop\/wp-json\/wp\/v2\/product\/60575","targetHints":{"allow":["GET"]}}],"collection":[{"href":"https:\/\/www.marinigerardi.it\/shop\/wp-json\/wp\/v2\/product"}],"about":[{"href":"https:\/\/www.marinigerardi.it\/shop\/wp-json\/wp\/v2\/types\/product"}],"wp:featuredmedia":[{"embeddable":true,"href":"https:\/\/www.marinigerardi.it\/shop\/wp-json\/wp\/v2\/media\/60577"}],"wp:attachment":[{"href":"https:\/\/www.marinigerardi.it\/shop\/wp-json\/wp\/v2\/media?parent=60575"}],"wp:term":[{"taxonomy":"product_brand","embeddable":true,"href":"https:\/\/www.marinigerardi.it\/shop\/wp-json\/wp\/v2\/product_brand?post=60575"},{"taxonomy":"product_cat","embeddable":true,"href":"https:\/\/www.marinigerardi.it\/shop\/wp-json\/wp\/v2\/product_cat?post=60575"},{"taxonomy":"product_tag","embeddable":true,"href":"https:\/\/www.marinigerardi.it\/shop\/wp-json\/wp\/v2\/product_tag?post=60575"}],"curies":[{"name":"wp","href":"https:\/\/api.w.org\/{rel}","templated":true}]}}