{"id":60567,"date":"2023-06-12T12:38:18","date_gmt":"2023-06-12T12:38:18","guid":{"rendered":"https:\/\/www.marinigerardi.it\/shop\/?post_type=product&#038;p=60567"},"modified":"2026-04-15T11:19:56","modified_gmt":"2026-04-15T11:19:56","slug":"tessuti-tende","status":"publish","type":"product","link":"https:\/\/www.marinigerardi.it\/shop\/prodotto\/tessuti-tende\/","title":{"rendered":"FILANDA Bianco Naturala &#8211; Tessuti Tende in Lino del tipo a rete"},"content":{"rendered":"<div class=\"wpb-content-wrapper\"><p>[vc_row equal_height=&#8221;yes&#8221; mobile_bg_img_hidden=&#8221;no&#8221; tablet_bg_img_hidden=&#8221;no&#8221; woodmart_parallax=&#8221;0&#8243; woodmart_gradient_switch=&#8221;no&#8221; row_reverse_mobile=&#8221;0&#8243; row_reverse_tablet=&#8221;0&#8243; woodmart_disable_overflow=&#8221;0&#8243;][vc_column offset=&#8221;vc_col-lg-6 vc_col-md-6&#8243; mobile_bg_img_hidden=&#8221;no&#8221; tablet_bg_img_hidden=&#8221;no&#8221; woodmart_parallax=&#8221;0&#8243; woodmart_sticky_column=&#8221;false&#8221; parallax_scroll=&#8221;no&#8221; mobile_reset_margin=&#8221;no&#8221; tablet_reset_margin=&#8221;no&#8221; css=&#8221;.vc_custom_1613071403480{margin-top: 0px !important;}&#8221;]\n\t\t<div id=\"wd-64872433d13d8\" class=\"title-wrapper wd-wpb wd-set-mb reset-last-child  wd-rs-64872433d13d8 wd-title-color-primary wd-title-style-bordered text-left vc_custom_1686578263076 wd-underline-colored\">\n\t\t\t\n\t\t\t<div class=\"liner-continer\">\n\t\t\t\t<h2 class=\"woodmart-title-container title  wd-font-weight-500 wd-fontsize-l\" >FILANDA - Tessuti Tende in Lino polimaterico del tipo a rete vendita al taglio<\/h2>\n\t\t\t\t\t\t\t<\/div>\n\t\t\t\n\t\t\t\n\t\t\t\n\t\t<\/div>\n\t\t\n\t\t\t\t<div id=\"wd-69df72e200139\" class=\"wd-text-block wd-wpb reset-last-child wd-rs-69df72e200139 text-left \">\n\t\t\t<p><a href=\"https:\/\/www.marinigerardi.it\/shop\/prodotto\/tessuti-tende\/\">Un tessuto d&#8217;Arredo per tende:<\/a> una trama con maglia a rete ben strutturata con finitura rasata per una sensazione al tatto morbida e piacevole. Questo tessuto \u00e8 tinto in filo e composto al 100% dal Cuore del Lino (doppia altezza).<br \/>\nFILANDA \u00e8 perfetto per i tuoi momenti di relax estivi o autunnali. Disponibile in tanti colori solari, puoi cambiare l&#8217;atmosfera nella stanza a seconda del tuo umore. Inoltre, lascia delicatamente filtrare la luce del sole e protegge la tua privacy, offrendoti il massimo comfort.<\/p>\n\t\t<\/div>\n\t\t[vc_tta_accordion section_title_tag=&#8221;h2&#8243; active_section=&#8221;&#8221; collapsible_all=&#8221;true&#8221;][vc_tta_section title=&#8221;Info &amp; Scheda Prodotto&#8221; tab_id=&#8221;1776251205732-c6971aa1-ff3f&#8221;]\t\t<div id=\"wd-69df7275ea6c1\" class=\"wd-text-block wd-wpb reset-last-child wd-rs-69df7275ea6c1 text-left \">\n\t\t\t<ul>\n<li><strong>Anima del Tessuto:<\/strong> 100% Puro Lino Italiano tinto in filo in 8 colorazioni (struttura materica a rete)<\/li>\n<li><strong>Consistenza:<\/strong> Grammatura di 645 gr\/ml, altezza da cimosa a cimosa h.310 tessuto studiato per una caduta fluida e architettonica.;<\/li>\n<li><b>Mano del Lino:<\/b>\u00a0Finissaggio\u00a0<i>Soft-Touch<\/i>\u00a0per una morbidezza inaspettata al tatto.<\/li>\n<li><b>Cura del Capo:<\/b>\u00a0Lavabile a 30\u00b0 (il lino si rigenera ad ogni lavaggio).<\/li>\n<li>100% lino made in italy di grande qualit\u00e0 \u201cMaster of Linen\u201d<\/li>\n<\/ul>\n<p>Scopri l\u2019intera gamma di\u00a0<strong><a href=\"https:\/\/www.marinigerardi.it\/shop\/categoria-prodotto\/tessuti\/tessuti-per-tende\/lino-per-tende\/\">tessuti in lino per tende<\/a>\u00a0interni<\/strong>\u00a0firmata Marini &amp; Gerardi per vestire ogni stanza con stile.\u00a0<strong>Minimo acquisto 1 metro.<\/strong>\u00a0Se avete necessit\u00e0 di informazioni si prega d\u2019inviare mail\u00a0<strong>assistenza@marinigerardi.it<\/strong><\/p>\n\t\t<\/div>\n\t\t[\/vc_tta_section][\/vc_tta_accordion]<div id=\"wd-69df744b2b604\" class=\" wd-rs-69df744b2b604 vc_custom_1776251975995 wd-button-wrapper text-left\"><a href=\"https:\/\/www.marinigerardi.it\/shop\/guida-come-calcolare-il-metraggio-dei-tessuti\/\" title=\"Guida Come Calcolare il Metraggio dei Tessuti\" target=\"_blank\" class=\"btn btn-style-default btn-shape-rectangle btn-size-default\">Come Calcolare il Metraggio dei Tessuti<\/a><\/div>[\/vc_column][vc_column css=&#8221;.vc_custom_1612434787067{background-position: center !important;background-repeat: no-repeat !important;background-size: cover !important;}&#8221; offset=&#8221;vc_col-lg-6 vc_col-md-6&#8243; mobile_bg_img_hidden=&#8221;no&#8221; tablet_bg_img_hidden=&#8221;no&#8221; woodmart_parallax=&#8221;0&#8243; woodmart_sticky_column=&#8221;false&#8221; parallax_scroll=&#8221;no&#8221; mobile_reset_margin=&#8221;no&#8221; tablet_reset_margin=&#8221;no&#8221;][vc_single_image image=&#8221;60582&#8243; img_size=&#8221;large&#8221; alignment=&#8221;center&#8221; style=&#8221;vc_box_shadow&#8221; onclick=&#8221;link_image&#8221; woodmart_inline=&#8221;no&#8221; parallax_scroll=&#8221;no&#8221;][\/vc_column][\/vc_row][vc_row css=&#8221;.vc_custom_1616495705704{margin-top: 20px !important;margin-bottom: 20px !important;}&#8221; mobile_bg_img_hidden=&#8221;no&#8221; tablet_bg_img_hidden=&#8221;no&#8221; woodmart_parallax=&#8221;0&#8243; woodmart_gradient_switch=&#8221;no&#8221; row_reverse_mobile=&#8221;0&#8243; row_reverse_tablet=&#8221;0&#8243; woodmart_disable_overflow=&#8221;0&#8243;][vc_column]\n\t\t<div id=\"wd-69df73787d3b1\" class=\"title-wrapper wd-wpb wd-set-mb reset-last-child  wd-rs-69df73787d3b1 wd-title-color-primary wd-title-style-bordered text-center justify  wd-underline-colored\">\n\t\t\t\n\t\t\t<div class=\"liner-continer\">\n\t\t\t\t<h3 class=\"woodmart-title-container title  wd-font-weight- wd-fontsize-l\" >FILANDA - Tessuti Tende in Lino polimaterico vendita a metraggio<\/h3>\n\t\t\t\t\t\t\t<\/div>\n\t\t\t\n\t\t\t\n\t\t\t\n\t\t<\/div>\n\t\t\n\t\t[\/vc_column][\/vc_row][vc_row content_placement=&#8221;middle&#8221; woodmart_bg_position=&#8221;center-bottom&#8221; css=&#8221;.vc_custom_1686497709580{background-color: #f3f3f3 !important;background-position: 0 0 !important;background-repeat: no-repeat !important;}&#8221; el_class=&#8221;mobile-bg-img-hidden&#8221; mobile_bg_img_hidden=&#8221;no&#8221; tablet_bg_img_hidden=&#8221;no&#8221; woodmart_parallax=&#8221;0&#8243; woodmart_gradient_switch=&#8221;no&#8221; row_reverse_mobile=&#8221;0&#8243; row_reverse_tablet=&#8221;0&#8243; woodmart_disable_overflow=&#8221;0&#8243; woodmart_css_id=&#8221;6485e99fc3f16&#8243; responsive_spacing=&#8221;eyJwYXJhbV90eXBlIjoid29vZG1hcnRfcmVzcG9uc2l2ZV9zcGFjaW5nIiwic2VsZWN0b3JfaWQiOiI2NDg1ZTk5ZmMzZjE2Iiwic2hvcnRjb2RlIjoidmNfcm93IiwiZGF0YSI6eyJ0YWJsZXQiOnt9LCJtb2JpbGUiOnt9fX0=&#8221; woodmart_box_shadow=&#8221;yes&#8221; wd_box_shadow=&#8221;eyJkZXZpY2VzIjp7ImRlc2t0b3AiOnsiaG9yaXpvbnRhbCI6IjAiLCJ2ZXJ0aWNhbCI6IjAiLCJibHVyIjoiOSIsInNwcmVhZCI6IjAiLCJjb2xvciI6InJnYmEoMCwgMCwgMCwgLjE1KSJ9fX0=&#8221; wd_z_index=&#8221;no&#8221;][vc_column mobile_bg_img_hidden=&#8221;no&#8221; tablet_bg_img_hidden=&#8221;no&#8221; woodmart_parallax=&#8221;0&#8243; woodmart_sticky_column=&#8221;false&#8221; parallax_scroll=&#8221;no&#8221; mobile_reset_margin=&#8221;no&#8221; tablet_reset_margin=&#8221;no&#8221;][vc_single_image image=&#8221;60583&#8243; img_size=&#8221;full&#8221; alignment=&#8221;center&#8221; onclick=&#8221;link_image&#8221; parallax_scroll=&#8221;no&#8221; woodmart_inline=&#8221;no&#8221;]<div id=\"wd-64ea2e222303e\" class=\" wd-rs-64ea2e222303e  wd-button-wrapper text-center\"><a href=\"https:\/\/www.marinigerardi.it\/shop\/prodotto\/castro-tenda-in-lino-con-mantovana-cr459\/\" title=\"Castroin Lino materico a rete\" class=\"btn btn-color-primary btn-style-default btn-shape-rectangle btn-size-large\">CASTRO IDEA Tende in Lino: Costruisci con noi!<\/a><\/div>[\/vc_column][\/vc_row][vc_row][vc_column]\n\t\t<div id=\"wd-69df73a11789a\" class=\"title-wrapper wd-wpb wd-set-mb reset-last-child  wd-rs-69df73a11789a wd-title-color-default wd-title-style-bordered text-left  wd-underline-colored\">\n\t\t\t\n\t\t\t<div class=\"liner-continer\">\n\t\t\t\t<h3 class=\"woodmart-title-container title  wd-font-weight- wd-fontsize-l\" >Tessuti Tende in Lino<\/h3>\n\t\t\t\t\t\t\t<\/div>\n\t\t\t\n\t\t\t\n\t\t\t\n\t\t<\/div>\n\t\t\n\t\t[vc_column_text text_larger=&#8221;no&#8221; woodmart_inline=&#8221;no&#8221;]<\/p>\n<p style=\"text-align: justify;\">Il lino Filanda \u00e8 la scelta ideale per arricchire gli ambienti con il suo carattere grezzo e materico, perfetto in arredo per creare atmosfere industrial chic, di montagna o con uno stile shabby. Tuttavia, la sua versatilit\u00e0 lo rende adattabile anche a contesti pi\u00f9 classici, minimali e contemporanei in citt\u00e0. Le tende realizzate con questo tessuto naturale si fondono in modo impeccabile con una variet\u00e0 di stili, apportando un tocco di eleganza discreta.<\/p>\n<p style=\"text-align: justify;\">Il lino, tessuto che vanta una lunga tradizione artigiana, incarna l&#8217;eleganza in modo unico. Le tende diventano ancora pi\u00f9 apprezzate quando presentano un design semplice, discreto ed essenziale. Un soggiorno o una camera da letto arredata con tende minimalistiche in lino rappresentano una vero colpo d&#8217;occhio. Grazie alla sua versatilit\u00e0, il lino si presta a impreziosire ambienti di stili completamente diversi, ottenendo grande apprezzamento e uso nell&#8217;interior design contemporaneo.<\/p>\n<p>[\/vc_column_text][\/vc_column][\/vc_row]<\/p>\n<\/div>","protected":false},"excerpt":{"rendered":"<p><strong>Tessuti<a href=\"https:\/\/www.marinigerardi.it\/shop\/categoria-prodotto\/tende\/tende-in-lino\/\"> Tende in Lino<\/a> polimaterico<\/strong> moderno in citt\u00e0 ma perfetto per ambienti in stile industrial chic o arredamenti shabby chic.\u00a0<strong> FILANDA otto colori vivaci disponibili al taglio.<\/strong> La sua texture versatile e autentica si adatta perfettamente a queste tipologie di ambienti, aggiungendo un tocco di rusticit\u00e0 e carattere.<\/p>\n","protected":false},"featured_media":60573,"template":"","meta":[],"product_brand":[],"product_cat":[1515,3588,284,3051,3584,3583],"product_tag":[290],"class_list":{"0":"post-60567","1":"product","2":"type-product","3":"status-publish","4":"has-post-thumbnail","6":"product_cat-lino-per-tende","7":"product_cat-stoffe-online","8":"product_cat-tessuti","9":"product_cat-tessuti-di-lino","10":"product_cat-tessuti-online","11":"product_cat-tessuti-per-la-casa","12":"product_tag-tessuti-per-tende-in-lino","14":"first","15":"instock","16":"sale","17":"sold-individually","18":"taxable","19":"shipping-taxable","20":"purchasable","21":"product-type-simple"},"_links":{"self":[{"href":"https:\/\/www.marinigerardi.it\/shop\/wp-json\/wp\/v2\/product\/60567","targetHints":{"allow":["GET"]}}],"collection":[{"href":"https:\/\/www.marinigerardi.it\/shop\/wp-json\/wp\/v2\/product"}],"about":[{"href":"https:\/\/www.marinigerardi.it\/shop\/wp-json\/wp\/v2\/types\/product"}],"wp:featuredmedia":[{"embeddable":true,"href":"https:\/\/www.marinigerardi.it\/shop\/wp-json\/wp\/v2\/media\/60573"}],"wp:attachment":[{"href":"https:\/\/www.marinigerardi.it\/shop\/wp-json\/wp\/v2\/media?parent=60567"}],"wp:term":[{"taxonomy":"product_brand","embeddable":true,"href":"https:\/\/www.marinigerardi.it\/shop\/wp-json\/wp\/v2\/product_brand?post=60567"},{"taxonomy":"product_cat","embeddable":true,"href":"https:\/\/www.marinigerardi.it\/shop\/wp-json\/wp\/v2\/product_cat?post=60567"},{"taxonomy":"product_tag","embeddable":true,"href":"https:\/\/www.marinigerardi.it\/shop\/wp-json\/wp\/v2\/product_tag?post=60567"}],"curies":[{"name":"wp","href":"https:\/\/api.w.org\/{rel}","templated":true}]}}