{"id":60508,"date":"2023-06-09T23:23:36","date_gmt":"2023-06-09T23:23:36","guid":{"rendered":"https:\/\/www.marinigerardi.it\/shop\/?post_type=product&#038;p=60508"},"modified":"2025-12-21T00:43:39","modified_gmt":"2025-12-21T00:43:39","slug":"tovaglie-bianche-eleganti","status":"publish","type":"product","link":"https:\/\/www.marinigerardi.it\/shop\/prodotto\/tovaglie-bianche-eleganti\/","title":{"rendered":"PAOLO &#038; FRANCESCA &#8211; Tovaglie Bianche Eleganti in lino con Runner"},"content":{"rendered":"<div class=\"wpb-content-wrapper\"><p>[vc_row equal_height=&#8221;yes&#8221; mobile_bg_img_hidden=&#8221;no&#8221; tablet_bg_img_hidden=&#8221;no&#8221; woodmart_parallax=&#8221;0&#8243; woodmart_gradient_switch=&#8221;no&#8221; row_reverse_mobile=&#8221;0&#8243; row_reverse_tablet=&#8221;0&#8243; woodmart_disable_overflow=&#8221;0&#8243;][vc_column offset=&#8221;vc_col-lg-6 vc_col-md-6&#8243; mobile_bg_img_hidden=&#8221;no&#8221; tablet_bg_img_hidden=&#8221;no&#8221; woodmart_parallax=&#8221;0&#8243; woodmart_sticky_column=&#8221;false&#8221; parallax_scroll=&#8221;no&#8221; mobile_reset_margin=&#8221;no&#8221; tablet_reset_margin=&#8221;no&#8221; css=&#8221;.vc_custom_1613071403480{margin-top: 0px !important;}&#8221;]\n\t\t<div id=\"wd-6947426ded9dd\" class=\"title-wrapper wd-wpb wd-set-mb reset-last-child  wd-rs-6947426ded9dd wd-title-color-primary wd-title-style-bordered text-left vc_custom_1766277698322 wd-underline-colored\">\n\t\t\t\n\t\t\t<div class=\"liner-continer\">\n\t\t\t\t<h2 class=\"woodmart-title-container title  wd-font-weight- wd-fontsize-l\" >PAOLO & FRANCESCA - Tovaglie Bianche Eleganti in lino con Runner - Una Tovaglia Shabby che sa di essere Romantica<\/h2>\n\t\t\t\t\t\t\t<\/div>\n\t\t\t\n\t\t\t\n\t\t\t\n\t\t<\/div>\n\t\t\n\t\t\t\t<div id=\"wd-67f6d576d2d37\" class=\"wd-text-block wd-wpb reset-last-child wd-rs-67f6d576d2d37 text-left \">\n\t\t\t<p>La nostra Tovaglia in Lino \u00e8 realizzata artigianalmente nel nostro laboratorio al momento dell&#8217;ordine. \u00c8 un capolavoro di design insolito e piacevolmente accattivante che far\u00e0 la differenza sulla tua tavola. Perfetta anche per le grandi occasioni, questa bella tovaglia si distingue per la qualit\u00e0 del lino e l&#8217;attenzione ai dettagli. Disponibile in due affascinanti combinazioni di colore, il bordo vezzosamente ripiegato e sfilacciato aggiunge un tocco di eleganza.<\/p>\n\t\t<\/div>\n\t\t[vc_message message_box_style=&#8221;outline&#8221; message_box_color=&#8221;grey&#8221; css=&#8221;&#8221;]<strong>Tessuto: <\/strong>100% lino.<br \/>\n<strong>Peso:<\/strong> 390 gr\/m\u00b2<br \/>\n<strong>Colori:<\/strong> Panna Acida, Corda Naturale<br \/>\n<strong>Misure:<\/strong>\u00a0 170\u00d7180 | 170\u00d7200 | 170\u00d7240 | 170\u00d7260 | 170\u00d7280 | 170\u00d7300 | 170\u00d7320 | 170\u00d7340 | 170\u00d7360 |<br \/>\n<strong>Misure Tovaglioli:<\/strong> 40&#215;40<\/p>\n<p>Per altre misure vi preghiamo di contattarci al Indirizzo mail <strong>assistenza@marinigerardi.it<\/strong>[\/vc_message][\/vc_column][vc_column css=&#8221;.vc_custom_1612434787067{background-position: center !important;background-repeat: no-repeat !important;background-size: cover !important;}&#8221; offset=&#8221;vc_col-lg-6 vc_col-md-6&#8243; mobile_bg_img_hidden=&#8221;no&#8221; tablet_bg_img_hidden=&#8221;no&#8221; woodmart_parallax=&#8221;0&#8243; woodmart_sticky_column=&#8221;false&#8221; parallax_scroll=&#8221;no&#8221; mobile_reset_margin=&#8221;no&#8221; tablet_reset_margin=&#8221;no&#8221;][vc_single_image image=&#8221;12396&#8243; img_size=&#8221;large&#8221; alignment=&#8221;center&#8221; onclick=&#8221;link_image&#8221; css=&#8221;.vc_custom_1686356785221{margin-right: 20px !important;}&#8221; parallax_scroll=&#8221;no&#8221; woodmart_inline=&#8221;no&#8221;][\/vc_column][\/vc_row][vc_row][vc_column][vc_empty_space woodmart_hide_large=&#8221;0&#8243; woodmart_hide_medium=&#8221;0&#8243; woodmart_hide_small=&#8221;0&#8243;]\n\t\t<div id=\"wd-6947428149fdb\" class=\"title-wrapper wd-wpb wd-set-mb reset-last-child  wd-rs-6947428149fdb wd-title-color-primary wd-title-style-bordered text-center justify  wd-underline-colored\">\n\t\t\t\n\t\t\t<div class=\"liner-continer\">\n\t\t\t\t<h3 class=\"woodmart-title-container title  wd-font-weight- wd-fontsize-l\" >PAOLO & FRANCESCA - Tovaglie Bianche Eleganti in lino con Runner - Total White per le grandi occasioni<\/h3>\n\t\t\t\t\t\t\t<\/div>\n\t\t\t\n\t\t\t\n\t\t\t\n\t\t<\/div>\n\t\t\n\t\t[\/vc_column][\/vc_row][vc_row content_placement=&#8221;middle&#8221; woodmart_bg_position=&#8221;center-bottom&#8221; css=&#8221;.vc_custom_1692142433831{background-color: #f3f3f3 !important;background-position: 0 0 !important;background-repeat: no-repeat !important;}&#8221; el_class=&#8221;mobile-bg-img-hidden&#8221; mobile_bg_img_hidden=&#8221;no&#8221; tablet_bg_img_hidden=&#8221;no&#8221; woodmart_parallax=&#8221;0&#8243; woodmart_gradient_switch=&#8221;no&#8221; row_reverse_mobile=&#8221;0&#8243; row_reverse_tablet=&#8221;0&#8243; woodmart_disable_overflow=&#8221;0&#8243; woodmart_css_id=&#8221;64dc0b56067a5&#8243; responsive_spacing=&#8221;eyJwYXJhbV90eXBlIjoid29vZG1hcnRfcmVzcG9uc2l2ZV9zcGFjaW5nIiwic2VsZWN0b3JfaWQiOiI2NGRjMGI1NjA2N2E1Iiwic2hvcnRjb2RlIjoidmNfcm93IiwiZGF0YSI6eyJ0YWJsZXQiOnt9LCJtb2JpbGUiOnt9fX0=&#8221; woodmart_box_shadow=&#8221;yes&#8221; wd_box_shadow=&#8221;eyJkZXZpY2VzIjp7ImRlc2t0b3AiOnsiaG9yaXpvbnRhbCI6IjAiLCJ2ZXJ0aWNhbCI6IjAiLCJibHVyIjoiOSIsInNwcmVhZCI6IjAiLCJjb2xvciI6InJnYmEoMCwgMCwgMCwgLjE1KSJ9fX0=&#8221; wd_z_index=&#8221;no&#8221;][vc_column mobile_bg_img_hidden=&#8221;no&#8221; tablet_bg_img_hidden=&#8221;no&#8221; woodmart_parallax=&#8221;0&#8243; woodmart_sticky_column=&#8221;false&#8221; parallax_scroll=&#8221;no&#8221; mobile_reset_margin=&#8221;no&#8221; tablet_reset_margin=&#8221;no&#8221;][vc_single_image image=&#8221;12398&#8243; img_size=&#8221;full&#8221; alignment=&#8221;center&#8221; onclick=&#8221;link_image&#8221; parallax_scroll=&#8221;no&#8221; woodmart_inline=&#8221;no&#8221;][\/vc_column][\/vc_row][vc_row][vc_column]\n\t\t<div id=\"wd-6947428b9f5d2\" class=\"title-wrapper wd-wpb wd-set-mb reset-last-child  wd-rs-6947428b9f5d2 wd-title-color-primary wd-title-style-bordered text-center justify  wd-underline-colored\">\n\t\t\t\n\t\t\t<div class=\"liner-continer\">\n\t\t\t\t<h3 class=\"woodmart-title-container title  wd-font-weight- wd-fontsize-l\" >Tovaglie Bianche Eleganti Racconta storie di gusto con le tovaglie in lino d'autore.<\/h3>\n\t\t\t\t\t\t\t<\/div>\n\t\t\t\n\t\t\t\n\t\t\t\n\t\t<\/div>\n\t\t\n\t\t\t\t<div id=\"wd-64ef0a21a4a52\" class=\"wd-text-block wd-wpb reset-last-child wd-rs-64ef0a21a4a52 text-left \">\n\t\t\t<p style=\"text-align: justify;\"><strong>Imemrgiti nell&#8217;incanto di un artigianato eccezionale con le tovaglie in lino GIULIETTA &amp; ROMEO<\/strong>, confezionate con cura nel nostro laboratorio al momento del tuo ordine. Queste squisite tovaglie sono pi\u00f9 di semplici tessuti: sono un&#8217;espressione di eleganza, pensate per trasformare la tua casa in un ambiente di classe e rendere importante ogni occasione a tavola.<br \/>\nDisponibili in due affascinanti combinazioni di colori, ogni tovaglia presenta un bordo pieghettato e sfilacciato con grazia, aggiungendo un tocco di fantasia alla tua mise en place. Che si tratti di un caro pasto in famiglia o di un incontro tra amici, le nostre tovaglie sono realizzate per esaltare i tuoi momenti a tavola, rendendoli ancora pi\u00f9 memorabili.<br \/>\n<strong>Immergiti in un mondo di sapori autentici e fascino antico,<\/strong> evocando le amate tradizioni del Vecchio Sud. Mentre ti riunisci attorno al tavolo per assaporare i migliori vini delle rinomate cantine o per gustare le deliziose friselle del Salento, lascia che la nostra tovaglia in lino ti trasporti in un universo in cui la ricca storia si intreccia con l&#8217;arte culinaria. Questa tovaglia \u00e8 un omaggio all&#8217;incantevole fascino delle tradizioni meridionali, incarnando l&#8217;essenza del pane, del formaggio, della pasta fatta in casa, dell&#8217;olio extravergine d&#8217;oliva e del vino: una sinfonia culinaria che stimola sia i sensi che l&#8217;anima.<br \/>\n<strong>Che si tratti di un pranzo in famiglia o di una cena intima con amici,<\/strong> rinnova l&#8217;atmosfera del tuo tavolo con la nostra Tovaglia in Puro Lino, disponibile in un&#8217;unica tonalit\u00e0 di colore che fonde con eleganza l&#8217;informalit\u00e0. Questa tovaglia non \u00e8 solo un tessuto: \u00e8 una testimonianza di esclusivit\u00e0, un tocco di raffinatezza che porta gioia sia come regalo pensato con cura sia come oggetto prezioso da possedere.<\/p>\n\t\t<\/div>\n\t\t[\/vc_column][\/vc_row][vc_row content_placement=&#8221;middle&#8221; woodmart_bg_position=&#8221;center-bottom&#8221; css=&#8221;.vc_custom_1692142433831{background-color: #f3f3f3 !important;background-position: 0 0 !important;background-repeat: no-repeat !important;}&#8221; el_class=&#8221;mobile-bg-img-hidden&#8221; mobile_bg_img_hidden=&#8221;no&#8221; tablet_bg_img_hidden=&#8221;no&#8221; woodmart_parallax=&#8221;0&#8243; woodmart_gradient_switch=&#8221;no&#8221; row_reverse_mobile=&#8221;0&#8243; row_reverse_tablet=&#8221;0&#8243; woodmart_disable_overflow=&#8221;0&#8243; woodmart_css_id=&#8221;64dc0b56067a5&#8243; responsive_spacing=&#8221;eyJwYXJhbV90eXBlIjoid29vZG1hcnRfcmVzcG9uc2l2ZV9zcGFjaW5nIiwic2VsZWN0b3JfaWQiOiI2NGRjMGI1NjA2N2E1Iiwic2hvcnRjb2RlIjoidmNfcm93IiwiZGF0YSI6eyJ0YWJsZXQiOnt9LCJtb2JpbGUiOnt9fX0=&#8221; woodmart_box_shadow=&#8221;yes&#8221; wd_box_shadow=&#8221;eyJkZXZpY2VzIjp7ImRlc2t0b3AiOnsiaG9yaXpvbnRhbCI6IjAiLCJ2ZXJ0aWNhbCI6IjAiLCJibHVyIjoiOSIsInNwcmVhZCI6IjAiLCJjb2xvciI6InJnYmEoMCwgMCwgMCwgLjE1KSJ9fX0=&#8221; wd_z_index=&#8221;no&#8221;][vc_column mobile_bg_img_hidden=&#8221;no&#8221; tablet_bg_img_hidden=&#8221;no&#8221; woodmart_parallax=&#8221;0&#8243; woodmart_sticky_column=&#8221;false&#8221; parallax_scroll=&#8221;no&#8221; mobile_reset_margin=&#8221;no&#8221; tablet_reset_margin=&#8221;no&#8221;]\n\t\t<div id=\"wd-694742992406b\" class=\"title-wrapper wd-wpb wd-set-mb reset-last-child  wd-rs-694742992406b wd-title-color-primary wd-title-style-underlined text-center justify  wd-underline-colored\">\n\t\t\t\n\t\t\t<div class=\"liner-continer\">\n\t\t\t\t<h3 class=\"woodmart-title-container title  wd-font-weight- wd-fontsize-l\" >L'eleganza del lino, la magia delle tradizioni: PAOLO & FRANCESCA Tovaglie Bianche Eleganti<\/h3>\n\t\t\t\t\t\t\t<\/div>\n\t\t\t\n\t\t\t\n\t\t\t\n\t\t<\/div>\n\t\t\n\t\t[vc_single_image image=&#8221;62110&#8243; img_size=&#8221;full&#8221; alignment=&#8221;center&#8221; onclick=&#8221;link_image&#8221; parallax_scroll=&#8221;no&#8221; woodmart_inline=&#8221;no&#8221;][\/vc_column][\/vc_row][vc_row][vc_column]\n\t\t<div id=\"wd-694742a30e181\" class=\"title-wrapper wd-wpb wd-set-mb reset-last-child  wd-rs-694742a30e181 wd-title-color-primary wd-title-style-underlined text-left justify  wd-underline-colored\">\n\t\t\t\n\t\t\t<div class=\"liner-continer\">\n\t\t\t\t<h3 class=\"woodmart-title-container title  wd-font-weight- wd-fontsize-l\" >PAOLO & FRANCESCA - Tovaglie Bianche Eleganti con tessuti per cuori e tavole appassionanti.<\/h3>\n\t\t\t\t\t\t\t<\/div>\n\t\t\t\n\t\t\t\t\t\t\t<div class=\"title-after_title reset-last-child  wd-fontsize-xs\">Crea ricordi indimenticabili con tovaglie che narrano di passione.<\/div>\n\t\t\t\n\t\t\t\n\t\t<\/div>\n\t\t\n\t\t\t\t<div id=\"wd-65e30da8735c2\" class=\"wd-text-block wd-wpb reset-last-child wd-rs-65e30da8735c2 text-left \">\n\t\t\t<p style=\"text-align: justify;\"><strong>Da oltre 40 anni, Marini &amp; Gerardi si trova all&#8217;avanguardia dell&#8217;eccellenza artigianale in Italia, intrecciando qualit\u00e0 e benessere in ogni filo.<\/strong> Il nostro impegno nel produrre prodotti in lino di altissima qualit\u00e0 ci ha guadagnato la reputazione di uno dei marchi tessili pi\u00f9 rinomati d&#8217;Italia. Scegliendo le tovaglie in lino PAOLO &amp; FRANCESCA, non stai semplicemente selezionando una copertura per il tavolo: stai abbracciando un&#8217;esperienza, intraprendendo un viaggio attraverso tradizioni tramandate nel tempo e celebrando l&#8217;arte di mangiare.<br \/>\nEleva i tuoi momenti a tavola con l&#8217;eleganza di PAOLO &amp; FRANCESCA.<strong> Scopri la differenza che l&#8217;artigianato di qualit\u00e0 e un tocco di romanticismo possono apportare al tuo tavolo.<\/strong><\/p>\n\t\t<\/div>\n\t\t[\/vc_column][\/vc_row]<\/p>\n<\/div>","protected":false},"excerpt":{"rendered":"<p><strong><a href=\"https:\/\/www.marinigerardi.it\/shop\/prodotto\/tovaglie-bianche-eleganti\/\">Tovaglie Bianche Eleganti in Tessuto in puro lino<\/a> dal sapore vintage,<\/strong> realizzate in Tessuto pesante con effetto corposo ma delicato al tatto. Uno o pi\u00f9 tagli trasversali, le rende moderne ed uniche. <strong>PAOLO &amp; FRANCESCA &#8211;<\/strong> Disponibile in due combinazioni di colore Panna Acida e Corda Naturale con runner a contrasto.<\/p>\n","protected":false},"featured_media":60512,"template":"","meta":[],"product_brand":[],"product_cat":[145],"product_tag":[],"class_list":{"0":"post-60508","1":"product","2":"type-product","3":"status-publish","4":"has-post-thumbnail","6":"product_cat-tovaglie-di-lino","8":"first","9":"instock","10":"taxable","11":"shipping-taxable","12":"purchasable","13":"product-type-simple"},"_links":{"self":[{"href":"https:\/\/www.marinigerardi.it\/shop\/wp-json\/wp\/v2\/product\/60508","targetHints":{"allow":["GET"]}}],"collection":[{"href":"https:\/\/www.marinigerardi.it\/shop\/wp-json\/wp\/v2\/product"}],"about":[{"href":"https:\/\/www.marinigerardi.it\/shop\/wp-json\/wp\/v2\/types\/product"}],"wp:featuredmedia":[{"embeddable":true,"href":"https:\/\/www.marinigerardi.it\/shop\/wp-json\/wp\/v2\/media\/60512"}],"wp:attachment":[{"href":"https:\/\/www.marinigerardi.it\/shop\/wp-json\/wp\/v2\/media?parent=60508"}],"wp:term":[{"taxonomy":"product_brand","embeddable":true,"href":"https:\/\/www.marinigerardi.it\/shop\/wp-json\/wp\/v2\/product_brand?post=60508"},{"taxonomy":"product_cat","embeddable":true,"href":"https:\/\/www.marinigerardi.it\/shop\/wp-json\/wp\/v2\/product_cat?post=60508"},{"taxonomy":"product_tag","embeddable":true,"href":"https:\/\/www.marinigerardi.it\/shop\/wp-json\/wp\/v2\/product_tag?post=60508"}],"curies":[{"name":"wp","href":"https:\/\/api.w.org\/{rel}","templated":true}]}}