{"id":60496,"date":"2023-06-09T16:07:44","date_gmt":"2023-06-09T16:07:44","guid":{"rendered":"https:\/\/www.marinigerardi.it\/shop\/?post_type=product&#038;p=60496"},"modified":"2026-01-23T22:20:17","modified_gmt":"2026-01-23T22:20:17","slug":"tovaglie-antimacchia-belle","status":"publish","type":"product","link":"https:\/\/www.marinigerardi.it\/shop\/prodotto\/tovaglie-antimacchia-belle\/","title":{"rendered":"DOLCE VITA &#8211; Tovaglie Antimacchia Belle per davvero in lino Elegantemente Uniche"},"content":{"rendered":"<div class=\"wpb-content-wrapper\"><p>[vc_row equal_height=&#8221;yes&#8221; mobile_bg_img_hidden=&#8221;no&#8221; tablet_bg_img_hidden=&#8221;no&#8221; woodmart_parallax=&#8221;0&#8243; woodmart_gradient_switch=&#8221;no&#8221; row_reverse_mobile=&#8221;0&#8243; row_reverse_tablet=&#8221;0&#8243; woodmart_disable_overflow=&#8221;0&#8243;][vc_column offset=&#8221;vc_col-lg-6 vc_col-md-6&#8243; mobile_bg_img_hidden=&#8221;no&#8221; tablet_bg_img_hidden=&#8221;no&#8221; woodmart_parallax=&#8221;0&#8243; woodmart_sticky_column=&#8221;false&#8221; parallax_scroll=&#8221;no&#8221; mobile_reset_margin=&#8221;no&#8221; tablet_reset_margin=&#8221;no&#8221; css=&#8221;.vc_custom_1613071403480{margin-top: 0px !important;}&#8221;]\n\t\t<div id=\"wd-694932964c591\" class=\"title-wrapper wd-wpb wd-set-mb reset-last-child  wd-rs-694932964c591 wd-title-color-primary wd-title-style-bordered text-left vc_custom_1766404723356 wd-underline-colored\">\n\t\t\t\n\t\t\t<div class=\"liner-continer\">\n\t\t\t\t<h2 class=\"woodmart-title-container title  wd-font-weight- wd-fontsize-l\" >DOLCE VITA - Tovaglie Antimacchia Belle per davvero in lino Elegantemente Uniche con bordo a fiori<\/h2>\n\t\t\t\t\t\t\t<\/div>\n\t\t\t\n\t\t\t\n\t\t\t\n\t\t<\/div>\n\t\t\n\t\t\t\t<div id=\"wd-65481c73727d3\" class=\"wd-text-block wd-wpb reset-last-child wd-rs-65481c73727d3 text-left \">\n\t\t\t<p style=\"text-align: justify;\"><strong>La pulizia rapida e semplice delle nostre <a href=\"https:\/\/www.marinigerardi.it\/shop\/prodotto\/tovaglie-antimacchia-belle\/\">tovaglie antimacchia: un piacere per te<\/a> e per la tua tavola.<\/strong> Disponibili in 12 affascinanti combinazioni di colore. Il tessuto 100% lino, con una trama fitta, offre una superficie che si distingue per la sua piacevole sensazione al tatto. Per un tocco di stile in pi\u00f9, il bordo di alta qualit\u00e0 in puro lino si contrappone al colore principale per almeno 15 cm.<\/p>\n\t\t<\/div>\n\t\t[vc_message message_box_style=&#8221;outline&#8221; message_box_color=&#8221;grey&#8221; css=&#8221;&#8221;]<\/p>\n<ul>\n<li><strong>Tessuto: <\/strong>100% Lino idrorepellente<\/li>\n<li><strong>Colori: <\/strong>12 colori con bordo di circa 15 cm in\u00a0 balza floreale 55% lino 45% Viscosa<\/li>\n<li><strong>Misure cm: <\/strong> 170\u00d7170 | 170\u00d7200 | 170\u00d7220 | 170\u00d7240 | 170\u00d7260 | 170\u00d7270 | 170\u00d7280 | 170\u00d72310<\/li>\n<\/ul>\n<p>I colori accuratamente selezionati rendono ogni tovaglia unica e straordinaria. Se desideri altre misure, non esitare a contattarci all&#8217;indirizzo <a href=\"mailto:assistenza@marinigerardi.it\" target=\"_new\" rel=\"noopener\">assistenza@marinigerardi.it<\/a>. La Signora Carla sar\u00e0 lieta di ascoltarti e fornirti l&#8217;assistenza necessaria. Rendiamo il tuo desiderio di una tovaglia perfetta una realt\u00e0.[\/vc_message][\/vc_column][vc_column css=&#8221;.vc_custom_1612434787067{background-position: center !important;background-repeat: no-repeat !important;background-size: cover !important;}&#8221; offset=&#8221;vc_col-lg-6 vc_col-md-6&#8243; mobile_bg_img_hidden=&#8221;no&#8221; tablet_bg_img_hidden=&#8221;no&#8221; woodmart_parallax=&#8221;0&#8243; woodmart_sticky_column=&#8221;false&#8221; parallax_scroll=&#8221;no&#8221; mobile_reset_margin=&#8221;no&#8221; tablet_reset_margin=&#8221;no&#8221;][vc_single_image image=&#8221;60499&#8243; img_size=&#8221;full&#8221; alignment=&#8221;center&#8221; onclick=&#8221;link_image&#8221; css=&#8221;.vc_custom_1686330517844{margin-right: 20px !important;}&#8221; parallax_scroll=&#8221;no&#8221; woodmart_inline=&#8221;no&#8221;][\/vc_column][\/vc_row][vc_row][vc_column][vc_empty_space woodmart_hide_large=&#8221;0&#8243; woodmart_hide_medium=&#8221;0&#8243; woodmart_hide_small=&#8221;0&#8243;]\n\t\t<div id=\"wd-694932b4b6d86\" class=\"title-wrapper wd-wpb wd-set-mb reset-last-child  wd-rs-694932b4b6d86 wd-title-color-default wd-title-style-bordered text-center  wd-underline-colored\">\n\t\t\t\n\t\t\t<div class=\"liner-continer\">\n\t\t\t\t<h3 class=\"woodmart-title-container title  wd-font-weight- wd-fontsize-l\" >Tovaglie Antimacchia Belle per davvero in lino<\/h3>\n\t\t\t\t\t\t\t<\/div>\n\t\t\t\n\t\t\t\n\t\t\t\n\t\t<\/div>\n\t\t\n\t\t[\/vc_column][\/vc_row][vc_row content_placement=&#8221;middle&#8221; woodmart_bg_position=&#8221;center-bottom&#8221; css=&#8221;.vc_custom_1699224620753{background-color: #f3f3f3 !important;background-position: 0 0 !important;background-repeat: no-repeat !important;}&#8221; el_class=&#8221;mobile-bg-img-hidden&#8221; mobile_bg_img_hidden=&#8221;no&#8221; tablet_bg_img_hidden=&#8221;no&#8221; woodmart_parallax=&#8221;0&#8243; woodmart_gradient_switch=&#8221;no&#8221; row_reverse_mobile=&#8221;0&#8243; row_reverse_tablet=&#8221;0&#8243; woodmart_disable_overflow=&#8221;0&#8243; woodmart_css_id=&#8221;65481c23ec7fb&#8221; responsive_spacing=&#8221;eyJwYXJhbV90eXBlIjoid29vZG1hcnRfcmVzcG9uc2l2ZV9zcGFjaW5nIiwic2VsZWN0b3JfaWQiOiI2NTQ4MWMyM2VjN2ZiIiwic2hvcnRjb2RlIjoidmNfcm93IiwiZGF0YSI6eyJ0YWJsZXQiOnt9LCJtb2JpbGUiOnt9fX0=&#8221; woodmart_box_shadow=&#8221;yes&#8221; wd_box_shadow=&#8221;eyJkZXZpY2VzIjp7ImRlc2t0b3AiOnsiaG9yaXpvbnRhbCI6IjAiLCJ2ZXJ0aWNhbCI6IjAiLCJibHVyIjoiOSIsInNwcmVhZCI6IjAiLCJjb2xvciI6InJnYmEoMCwgMCwgMCwgLjE1KSJ9fX0=&#8221; wd_z_index=&#8221;no&#8221;][vc_column mobile_bg_img_hidden=&#8221;no&#8221; tablet_bg_img_hidden=&#8221;no&#8221; woodmart_parallax=&#8221;0&#8243; woodmart_sticky_column=&#8221;false&#8221; parallax_scroll=&#8221;no&#8221; mobile_reset_margin=&#8221;no&#8221; tablet_reset_margin=&#8221;no&#8221;][vc_single_image image=&#8221;60500&#8243; img_size=&#8221;full&#8221; alignment=&#8221;center&#8221; onclick=&#8221;link_image&#8221; css=&#8221;.vc_custom_1699224629161{margin-right: 20px !important;}&#8221; parallax_scroll=&#8221;no&#8221; woodmart_inline=&#8221;no&#8221;][\/vc_column][\/vc_row][vc_row][vc_column]\n\t\t<div id=\"wd-694932d059c68\" class=\"title-wrapper wd-wpb wd-set-mb reset-last-child  wd-rs-694932d059c68 wd-title-color-primary wd-title-style-bordered text-center justify  wd-underline-colored\">\n\t\t\t\n\t\t\t<div class=\"liner-continer\">\n\t\t\t\t<h3 class=\"woodmart-title-container title  wd-font-weight- wd-fontsize-l\" >DOLCE VITA - Tovaglie Antimacchia Belle per davvero in lino Elegantemente Uniche con bordo a fiori<\/h3>\n\t\t\t\t\t\t\t<\/div>\n\t\t\t\n\t\t\t\t\t\t\t<div class=\"title-after_title reset-last-child  wd-fontsize-xs\">con bordo in fiore suggestivo<\/div>\n\t\t\t\n\t\t\t\n\t\t<\/div>\n\t\t\n\t\t[\/vc_column][\/vc_row][vc_row css=&#8221;.vc_custom_1699224571840{background-color: #f3f3f3 !important;}&#8221; woodmart_css_id=&#8221;65481bf113af5&#8243; responsive_spacing=&#8221;eyJwYXJhbV90eXBlIjoid29vZG1hcnRfcmVzcG9uc2l2ZV9zcGFjaW5nIiwic2VsZWN0b3JfaWQiOiI2NTQ4MWJmMTEzYWY1Iiwic2hvcnRjb2RlIjoidmNfcm93IiwiZGF0YSI6eyJ0YWJsZXQiOnt9LCJtb2JpbGUiOnt9fX0=&#8221; mobile_bg_img_hidden=&#8221;no&#8221; tablet_bg_img_hidden=&#8221;no&#8221; woodmart_parallax=&#8221;0&#8243; woodmart_gradient_switch=&#8221;no&#8221; woodmart_box_shadow=&#8221;yes&#8221; wd_box_shadow=&#8221;eyJkZXZpY2VzIjp7ImRlc2t0b3AiOnsiaG9yaXpvbnRhbCI6IjAiLCJ2ZXJ0aWNhbCI6IjAiLCJibHVyIjoiOSIsInNwcmVhZCI6IjAiLCJjb2xvciI6InJnYmEoMCwgMCwgMCwgLjE1KSJ9fX0=&#8221; wd_z_index=&#8221;no&#8221; woodmart_disable_overflow=&#8221;0&#8243; row_reverse_mobile=&#8221;0&#8243; row_reverse_tablet=&#8221;0&#8243;][vc_column width=&#8221;1\/2&#8243;][vc_single_image image=&#8221;12090&#8243; img_size=&#8221;large&#8221; alignment=&#8221;center&#8221; onclick=&#8221;link_image&#8221; css=&#8221;.vc_custom_1686332331372{margin-right: 20px !important;}&#8221; parallax_scroll=&#8221;no&#8221; woodmart_inline=&#8221;no&#8221;][\/vc_column][vc_column width=&#8221;1\/2&#8243;][vc_single_image image=&#8221;12299&#8243; img_size=&#8221;large&#8221; alignment=&#8221;center&#8221; onclick=&#8221;link_image&#8221; css=&#8221;.vc_custom_1686332358737{margin-right: 20px !important;}&#8221; parallax_scroll=&#8221;no&#8221; woodmart_inline=&#8221;no&#8221;][\/vc_column][\/vc_row][vc_row][vc_column]\n\t\t<div id=\"wd-694932d8d559e\" class=\"title-wrapper wd-wpb wd-set-mb reset-last-child  wd-rs-694932d8d559e wd-title-color-default wd-title-style-bordered text-center  wd-underline-colored\">\n\t\t\t\n\t\t\t<div class=\"liner-continer\">\n\t\t\t\t<h3 class=\"woodmart-title-container title  wd-font-weight- wd-fontsize-l\" >Tovaglie Antimacchia Belle per davvero in lino<\/h3>\n\t\t\t\t\t\t\t<\/div>\n\t\t\t\n\t\t\t\n\t\t\t\n\t\t<\/div>\n\t\t\n\t\t\t\t<div id=\"wd-694932e401479\" class=\"wd-text-block wd-wpb reset-last-child wd-rs-694932e401479 text-left \">\n\t\t\t<p>Le nostre <strong>tovaglie in puro lino antimacchia<\/strong> sono di un&#8217;eleganza unica che le rende veramente belle. Sono il risultato di un connubio perfetto tra la bellezza del lino e le rifiniture artigianali, progettate appositamente per soddisfare le esigenze della vita moderna.<br \/>\nCon le fantasie e colori disponibili, le nostre tovaglie in lino possono trasformare qualsiasi tavola, sia per occasioni eleganti che per pranzi e cene quotidiane. Aggiungono un tocco di stile alla vostra casa senza compromettere la praticit\u00e0, grazie al loro trattamento antimacchia.<br \/>\nSono perfette per tavoli di diverse forme e dimensioni, che siano quadrati, rotondi o rettangolari. Ogni tovaglia viene <strong>confezionata su misura nei nostri laboratori di Lecce da abili artigiani,<\/strong> che garantiscono un servizio rapido senza compromettere la qualit\u00e0.<br \/>\nLe nostre tovaglie in lino antimacchia sono l&#8217;ideale per creare un&#8217;atmosfera raffinata e accogliente in ogni occasione. Sia che siate ospiti o padroni di casa, queste tovaglie vi permetteranno di vivere ogni momento con stile e distinzione.<br \/>\n<strong>Scegliete le tovaglie antimacchia &#8220;belle per davvero&#8221;, scegliete l&#8217;eleganza unica del lino, scegliete le creazioni Marini&amp;Gerardi.<\/strong><\/p>\n\t\t<\/div>\n\t\t[\/vc_column][\/vc_row]<\/p>\n<\/div>","protected":false},"excerpt":{"rendered":"<p><strong>Tovaglie Antimacchia Belle:<\/strong> Senza fronzoli, solo stile moderno e fresco! L&#8217;equilibrio perfetto tra bellezza e praticit\u00e0.\u00a0<strong>Macchie a tavola? No grazie!<\/strong> Un colpo di spugna e tutto sar\u00e0 come prima.<\/p>\n","protected":false},"featured_media":60497,"template":"","meta":[],"product_brand":[],"product_cat":[779],"product_tag":[],"class_list":{"0":"post-60496","1":"product","2":"type-product","3":"status-publish","4":"has-post-thumbnail","6":"product_cat-tovaglie-antimacchia","8":"first","9":"instock","10":"sale","11":"taxable","12":"shipping-taxable","13":"purchasable","14":"product-type-simple"},"_links":{"self":[{"href":"https:\/\/www.marinigerardi.it\/shop\/wp-json\/wp\/v2\/product\/60496","targetHints":{"allow":["GET"]}}],"collection":[{"href":"https:\/\/www.marinigerardi.it\/shop\/wp-json\/wp\/v2\/product"}],"about":[{"href":"https:\/\/www.marinigerardi.it\/shop\/wp-json\/wp\/v2\/types\/product"}],"wp:featuredmedia":[{"embeddable":true,"href":"https:\/\/www.marinigerardi.it\/shop\/wp-json\/wp\/v2\/media\/60497"}],"wp:attachment":[{"href":"https:\/\/www.marinigerardi.it\/shop\/wp-json\/wp\/v2\/media?parent=60496"}],"wp:term":[{"taxonomy":"product_brand","embeddable":true,"href":"https:\/\/www.marinigerardi.it\/shop\/wp-json\/wp\/v2\/product_brand?post=60496"},{"taxonomy":"product_cat","embeddable":true,"href":"https:\/\/www.marinigerardi.it\/shop\/wp-json\/wp\/v2\/product_cat?post=60496"},{"taxonomy":"product_tag","embeddable":true,"href":"https:\/\/www.marinigerardi.it\/shop\/wp-json\/wp\/v2\/product_tag?post=60496"}],"curies":[{"name":"wp","href":"https:\/\/api.w.org\/{rel}","templated":true}]}}