{"id":60337,"date":"2023-06-01T13:51:27","date_gmt":"2023-06-01T13:51:27","guid":{"rendered":"https:\/\/www.marinigerardi.it\/shop\/?post_type=product&#038;p=60337"},"modified":"2024-08-28T22:16:05","modified_gmt":"2024-08-28T22:16:05","slug":"camera-da-letto-su-misura","status":"publish","type":"product","link":"https:\/\/www.marinigerardi.it\/shop\/prodotto\/camera-da-letto-su-misura\/","title":{"rendered":"SHABBY 07 &#8211; Camera da Letto su Misura testata Bianco Shabby in massello di legno"},"content":{"rendered":"<div class=\"wpb-content-wrapper\"><p>[vc_row equal_height=&#8221;yes&#8221; mobile_bg_img_hidden=&#8221;no&#8221; tablet_bg_img_hidden=&#8221;no&#8221; woodmart_parallax=&#8221;0&#8243; woodmart_gradient_switch=&#8221;no&#8221; row_reverse_mobile=&#8221;0&#8243; row_reverse_tablet=&#8221;0&#8243; woodmart_disable_overflow=&#8221;0&#8243;][vc_column offset=&#8221;vc_col-lg-6 vc_col-md-6&#8243; mobile_bg_img_hidden=&#8221;no&#8221; tablet_bg_img_hidden=&#8221;no&#8221; woodmart_parallax=&#8221;0&#8243; woodmart_sticky_column=&#8221;false&#8221; parallax_scroll=&#8221;no&#8221; mobile_reset_margin=&#8221;no&#8221; tablet_reset_margin=&#8221;no&#8221; css=&#8221;.vc_custom_1613071403480{margin-top: 0px !important;}&#8221;]\n\t\t<div id=\"wd-6478a5018a0cf\" class=\"title-wrapper wd-wpb wd-set-mb reset-last-child  wd-rs-6478a5018a0cf wd-title-color-primary wd-title-style-bordered text-left vc_custom_1685628169242 wd-underline-colored\">\n\t\t\t\n\t\t\t<div class=\"liner-continer\">\n\t\t\t\t<h2 class=\"woodmart-title-container title  wd-font-weight-500 wd-fontsize-xl\" >SHABBY 07 - Camera da Letto su Misura testata Bianco Shabby in massello di legno<\/h2>\n\t\t\t\t\t\t\t<\/div>\n\t\t\t\n\t\t\t\n\t\t\t\n\t\t<\/div>\n\t\t\n\t\t\t\t<div id=\"wd-64e8db67ccade\" class=\"wd-text-block wd-wpb reset-last-child wd-rs-64e8db67ccade text-left \">\n\t\t\t<p style=\"text-align: justify;\"><strong>Struttura:<\/strong> letto legno massello di abete e doghe in legno incluso il Kit da montaggio. Finitura legno decapato trattato a cera. Base materasso realizzata in fasce di abete. Spalla sagomata. Altezza da terra 30 cm circa.<br \/>\n<strong>\u2192 Nota Bene:<\/strong> <a href=\"https:\/\/www.marinigerardi.it\/shop\/prodotto\/letto-in-legno-bianco-shabby\/\">Prodotto<\/a> realizzato Artigianalmente pertanto i Colori sono Puramente Indicativi.<\/p>\n\t\t<\/div>\n\t\t\t\t\t<div class=\"info-box-wrapper\">\n\t\t\t\t<div id=\"wd-64e8db3206c4f\" class=\" wd-rs-64e8db3206c4f wd-info-box wd-wpb text-left box-icon-align-top box-style-border color-scheme-dark wd-bg-none \">\n\t\t\t\t\t\t\t\t\t\t<div class=\"info-box-content\">\n\t\t\t\t\t\t\t\t\t\t\t\t<div class=\"info-box-inner reset-last-child\"><\/p>\n<ul>\n<li><strong>Letto Singolo<\/strong> \u2013 80 \u00d7 200 cm<\/li>\n<li><strong>Letto Piazza e Mezzo<\/strong> \u2013 120 \u00d7 200 cm<\/li>\n<li><strong>Letto alla Francese<\/strong> \u2013 140 \u00d7 200 cm<\/li>\n<li><strong>Letto Matrimoniale<\/strong> \u2013 160 \u00d7 200 cm<\/li>\n<\/ul>\n<p><strong>Questo articolo \u00e8 spedito solo in Italia. <\/strong>Se avete bisogno di altre misure o combinazioni contattateci a: <strong>assistenza@marinigerardi.it <\/strong><\/p>\n<\/div>\n\n\t\t\t\t\t\t\t\t\t\t\t<\/div>\n\n\t\t\t\t\t\n\t\t\t\t\t\t\t\t\t<\/div>\n\t\t\t<\/div>\n\t\t[\/vc_column][vc_column css=&#8221;.vc_custom_1612434787067{background-position: center !important;background-repeat: no-repeat !important;background-size: cover !important;}&#8221; offset=&#8221;vc_col-lg-6 vc_col-md-6&#8243; mobile_bg_img_hidden=&#8221;no&#8221; tablet_bg_img_hidden=&#8221;no&#8221; woodmart_parallax=&#8221;0&#8243; woodmart_sticky_column=&#8221;false&#8221; parallax_scroll=&#8221;no&#8221; mobile_reset_margin=&#8221;no&#8221; tablet_reset_margin=&#8221;no&#8221;][vc_single_image image=&#8221;62310&#8243; img_size=&#8221;large&#8221; alignment=&#8221;center&#8221; style=&#8221;vc_box_shadow&#8221; onclick=&#8221;link_image&#8221; parallax_scroll=&#8221;no&#8221; woodmart_inline=&#8221;no&#8221;][\/vc_column][\/vc_row][vc_row][vc_column]\n\t\t<div id=\"wd-66cfa07fb7e9a\" class=\"title-wrapper wd-wpb wd-set-mb reset-last-child  wd-rs-66cfa07fb7e9a wd-title-color-default wd-title-style-default text-center  wd-underline-colored\">\n\t\t\t\n\t\t\t<div class=\"liner-continer\">\n\t\t\t\t<h2 class=\"woodmart-title-container title  wd-font-weight- wd-fontsize-l\" >Camera da Letto su Misura<\/h2>\n\t\t\t\t\t\t\t<\/div>\n\t\t\t\n\t\t\t\n\t\t\t\n\t\t<\/div>\n\t\t\n\t\t[\/vc_column][\/vc_row][vc_row css=&#8221;.vc_custom_1692981635264{background-color: #f3f3f3 !important;}&#8221; woodmart_css_id=&#8221;64e8d974d7f90&#8243; responsive_spacing=&#8221;eyJwYXJhbV90eXBlIjoid29vZG1hcnRfcmVzcG9uc2l2ZV9zcGFjaW5nIiwic2VsZWN0b3JfaWQiOiI2NGU4ZDk3NGQ3ZjkwIiwic2hvcnRjb2RlIjoidmNfcm93IiwiZGF0YSI6eyJ0YWJsZXQiOnt9LCJtb2JpbGUiOnt9fX0=&#8221; mobile_bg_img_hidden=&#8221;no&#8221; tablet_bg_img_hidden=&#8221;no&#8221; woodmart_parallax=&#8221;0&#8243; woodmart_gradient_switch=&#8221;no&#8221; woodmart_box_shadow=&#8221;yes&#8221; wd_z_index=&#8221;no&#8221; woodmart_disable_overflow=&#8221;0&#8243; row_reverse_mobile=&#8221;0&#8243; row_reverse_tablet=&#8221;0&#8243; wd_box_shadow=&#8221;eyJkZXZpY2VzIjp7ImRlc2t0b3AiOnsiaG9yaXpvbnRhbCI6IjAiLCJ2ZXJ0aWNhbCI6IjAiLCJibHVyIjoiOSIsInNwcmVhZCI6IjAiLCJjb2xvciI6InJnYmEoMCwgMCwgMCwgLjE1KSJ9fX0=&#8221;][vc_column width=&#8221;2\/3&#8243;][vc_single_image image=&#8221;60311&#8243; img_size=&#8221;large&#8221; alignment=&#8221;center&#8221; style=&#8221;vc_box_shadow&#8221; onclick=&#8221;link_image&#8221; parallax_scroll=&#8221;no&#8221; woodmart_inline=&#8221;no&#8221;][\/vc_column][vc_column width=&#8221;1\/3&#8243;][vc_single_image image=&#8221;57522&#8243; img_size=&#8221;large&#8221; alignment=&#8221;center&#8221; style=&#8221;vc_box_shadow&#8221; onclick=&#8221;link_image&#8221; parallax_scroll=&#8221;no&#8221; woodmart_inline=&#8221;no&#8221;][vc_single_image image=&#8221;60310&#8243; img_size=&#8221;large&#8221; alignment=&#8221;center&#8221; style=&#8221;vc_box_shadow&#8221; onclick=&#8221;link_image&#8221; parallax_scroll=&#8221;no&#8221; woodmart_inline=&#8221;no&#8221;][\/vc_column][\/vc_row][vc_row][vc_column]\n\t\t<div id=\"wd-66cfa0aa46fcb\" class=\"title-wrapper wd-wpb wd-set-mb reset-last-child  wd-rs-66cfa0aa46fcb wd-title-color-primary wd-title-style-bordered text-left vc_custom_1724883139080 wd-underline-colored\">\n\t\t\t\t\t\t\t\n\t\t\t\t<div class=\"title-subtitle  subtitle-color-primary font-default subtitle-style-default wd-font-weight-500 wd-fontsize-xs\">Hai cercato: SHABBY 07<\/div>\n\t\t\t\n\t\t\t<div class=\"liner-continer\">\n\t\t\t\t<h3 class=\"woodmart-title-container title  wd-font-weight-600 wd-fontsize-xl\" >Camera da Letto su Misura testata Bianco Shabby in massello di legno<\/h3>\n\t\t\t\t\t\t\t<\/div>\n\t\t\t\n\t\t\t\n\t\t\t\n\t\t<\/div>\n\t\t\n\t\t\t\t<div id=\"wd-64e8d91d9393a\" class=\"wd-text-block wd-wpb reset-last-child wd-rs-64e8d91d9393a text-left \">\n\t\t\t<p style=\"text-align: justify;\"><strong><a href=\"https:\/\/www.marinigerardi.it\/shop\/prodotto\/camera-da-letto-su-misura\/\">Marini&amp;Gerardi ti offre il Letto in Legno Bianco Shabby,<\/a> disponibile nelle dimensioni singolo, una piazza e mezza e matrimoniale, realizzato in legno massello di abete. Questo letto \u00e8 l&#8217;ideale per coloro che cercano un elemento d&#8217;arredo dallo stile vintage e romantico.<\/strong><\/p>\n<p style=\"text-align: justify;\"><strong>La struttura del letto \u00e8 costituita da legno massello di abete,<\/strong> garantendo solidit\u00e0 e resistenza nel tempo. Le doghe in legno sono incluse e il letto viene fornito con un kit di montaggio completo, che facilita l&#8217;assemblaggio.<br \/>\n<strong>La finitura del legno \u00e8 decapata e trattata a cera,<\/strong> conferendo al letto un aspetto shabby chic, caratterizzato da un&#8217;elegante patina. Questa finitura dona al legno un aspetto invecchiato, che aggiunge fascino e autenticit\u00e0 al letto.<\/p>\n\t\t<\/div>\n\t\t[\/vc_column][\/vc_row][vc_row css=&#8221;.vc_custom_1685627700600{margin-top: 20px !important;border-bottom-width: 20px !important;background-color: #f3f3f3 !important;}&#8221; woodmart_css_id=&#8221;6478a3175d230&#8243; responsive_spacing=&#8221;eyJwYXJhbV90eXBlIjoid29vZG1hcnRfcmVzcG9uc2l2ZV9zcGFjaW5nIiwic2VsZWN0b3JfaWQiOiI2NDc4YTMxNzVkMjMwIiwic2hvcnRjb2RlIjoidmNfcm93IiwiZGF0YSI6eyJ0YWJsZXQiOnt9LCJtb2JpbGUiOnt9fX0=&#8221; mobile_bg_img_hidden=&#8221;no&#8221; tablet_bg_img_hidden=&#8221;no&#8221; woodmart_parallax=&#8221;0&#8243; woodmart_gradient_switch=&#8221;no&#8221; woodmart_box_shadow=&#8221;yes&#8221; wd_box_shadow=&#8221;eyJkZXZpY2VzIjp7ImRlc2t0b3AiOnsiaG9yaXpvbnRhbCI6IjAiLCJ2ZXJ0aWNhbCI6IjAiLCJibHVyIjoiOSIsInNwcmVhZCI6IjAiLCJjb2xvciI6InJnYmEoMCwgMCwgMCwgLjE1KSJ9fX0=&#8221; wd_z_index=&#8221;no&#8221; woodmart_disable_overflow=&#8221;0&#8243; row_reverse_mobile=&#8221;0&#8243; row_reverse_tablet=&#8221;0&#8243;][vc_column][vc_single_image image=&#8221;60319&#8243; img_size=&#8221;full&#8221; alignment=&#8221;center&#8221; style=&#8221;vc_box_shadow&#8221; onclick=&#8221;link_image&#8221; parallax_scroll=&#8221;no&#8221; woodmart_inline=&#8221;no&#8221;][\/vc_column][\/vc_row][vc_row][vc_column]\n\t\t<div id=\"wd-66cfa09c18ee7\" class=\"title-wrapper wd-wpb wd-set-mb reset-last-child  wd-rs-66cfa09c18ee7 wd-title-color-default wd-title-style-bordered text-left  wd-underline-colored\">\n\t\t\t\n\t\t\t<div class=\"liner-continer\">\n\t\t\t\t<h3 class=\"woodmart-title-container title  wd-font-weight- wd-fontsize-l\" >Camera da Letto su Misura<\/h3>\n\t\t\t\t\t\t\t<\/div>\n\t\t\t\n\t\t\t\n\t\t\t\n\t\t<\/div>\n\t\t\n\t\t[\/vc_column][\/vc_row][vc_row][vc_column]\t\t<div id=\"wd-64e8d8a40bcbe\" class=\"wd-text-block wd-wpb reset-last-child wd-rs-64e8d8a40bcbe text-left \">\n\t\t\t<p style=\"text-align: justify;\"><strong>La base del materasso \u00e8 realizzata in fasce di abete, garantendo un supporto solido e stabile. La spalla del letto \u00e8 sagomata, conferendo al design un tocco di raffinatezza e originalit\u00e0.<\/strong><br \/>\nL&#8217;altezza da terra del letto \u00e8 di circa 30 cm, offrendo un&#8217;ottima ergonomia e facilitando l&#8217;accesso al letto.<br \/>\n\u00c8 importante notare che essendo un prodotto realizzato artigianalmente, i colori sono puramente indicativi. Ci\u00f2 significa che la tonalit\u00e0 del legno potrebbe variare leggermente da quanto mostrato nelle immagini, aggiungendo un ulteriore elemento di unicit\u00e0 al letto.<br \/>\n<strong>Il letto singolo, una piazza e mezza o matrimoniale in legno bianco shabby di Marini&amp;Gerardi \u00e8 la soluzione perfetta per aggiungere stile e funzionalit\u00e0 alla tua camera da letto.<\/strong> Sia che tu stia arredando una camera degli ospiti, un&#8217;abitazione vacanze o il letto dei tuoi figli, questo letto versatile si adatta a diversi contesti e offre il mix perfetto tra comfort e estetica. Scegli Marini&amp;Gerardi per un letto di qualit\u00e0 e dal design unico.<\/p>\n\t\t<\/div>\n\t\t[\/vc_column][\/vc_row]<\/p>\n<\/div>","protected":false},"excerpt":{"rendered":"<p><strong>SHABBY 07 &#8211; <\/strong>Crea la tua oasi di relax con la Camera da Letto su Misura: la perfezione in ogni dettaglio, con la Testata Bianco Shabby in Massello di Legno &#8211; <strong>Un letto di linea vintage e romantica in Kit.<\/strong><\/p>\n","protected":false},"featured_media":62309,"template":"","meta":[],"product_brand":[],"product_cat":[1768,930],"product_tag":[2934,2933,2935],"class_list":{"0":"post-60337","1":"product","2":"type-product","3":"status-publish","4":"has-post-thumbnail","6":"product_cat-letti","7":"product_cat-letto-massello","8":"product_tag-letti","9":"product_tag-letto","10":"product_tag-letto-shabby-chic","11":"product_shipping_class-ar-lb","13":"first","14":"instock","15":"taxable","16":"shipping-taxable","17":"purchasable","18":"product-type-simple"},"_links":{"self":[{"href":"https:\/\/www.marinigerardi.it\/shop\/wp-json\/wp\/v2\/product\/60337","targetHints":{"allow":["GET"]}}],"collection":[{"href":"https:\/\/www.marinigerardi.it\/shop\/wp-json\/wp\/v2\/product"}],"about":[{"href":"https:\/\/www.marinigerardi.it\/shop\/wp-json\/wp\/v2\/types\/product"}],"wp:featuredmedia":[{"embeddable":true,"href":"https:\/\/www.marinigerardi.it\/shop\/wp-json\/wp\/v2\/media\/62309"}],"wp:attachment":[{"href":"https:\/\/www.marinigerardi.it\/shop\/wp-json\/wp\/v2\/media?parent=60337"}],"wp:term":[{"taxonomy":"product_brand","embeddable":true,"href":"https:\/\/www.marinigerardi.it\/shop\/wp-json\/wp\/v2\/product_brand?post=60337"},{"taxonomy":"product_cat","embeddable":true,"href":"https:\/\/www.marinigerardi.it\/shop\/wp-json\/wp\/v2\/product_cat?post=60337"},{"taxonomy":"product_tag","embeddable":true,"href":"https:\/\/www.marinigerardi.it\/shop\/wp-json\/wp\/v2\/product_tag?post=60337"}],"curies":[{"name":"wp","href":"https:\/\/api.w.org\/{rel}","templated":true}]}}