{"id":60303,"date":"2023-05-29T15:15:59","date_gmt":"2023-05-29T15:15:59","guid":{"rendered":"https:\/\/www.marinigerardi.it\/shop\/?post_type=product&#038;p=60303"},"modified":"2026-03-06T10:47:29","modified_gmt":"2026-03-06T10:47:29","slug":"letto-in-legno-bianco-shabby","status":"publish","type":"product","link":"https:\/\/www.marinigerardi.it\/shop\/prodotto\/letto-in-legno-bianco-shabby\/","title":{"rendered":"SHABBY 07 &#8211; Letto in Legno Bianco Shabby"},"content":{"rendered":"<div class=\"wpb-content-wrapper\"><p>[vc_row equal_height=&#8221;yes&#8221; mobile_bg_img_hidden=&#8221;no&#8221; tablet_bg_img_hidden=&#8221;no&#8221; woodmart_parallax=&#8221;0&#8243; woodmart_gradient_switch=&#8221;no&#8221; row_reverse_mobile=&#8221;0&#8243; row_reverse_tablet=&#8221;0&#8243; woodmart_disable_overflow=&#8221;0&#8243;][vc_column offset=&#8221;vc_col-lg-6 vc_col-md-6&#8243; mobile_bg_img_hidden=&#8221;no&#8221; tablet_bg_img_hidden=&#8221;no&#8221; woodmart_parallax=&#8221;0&#8243; woodmart_sticky_column=&#8221;false&#8221; parallax_scroll=&#8221;no&#8221; mobile_reset_margin=&#8221;no&#8221; tablet_reset_margin=&#8221;no&#8221; css=&#8221;.vc_custom_1613071403480{margin-top: 0px !important;}&#8221;]\n\t\t<div id=\"wd-69aaafc3442a2\" class=\"title-wrapper wd-wpb wd-set-mb reset-last-child  wd-rs-69aaafc3442a2 wd-title-color-primary wd-title-style-bordered text-left vc_custom_1772793974847 wd-underline-colored\">\n\t\t\t\n\t\t\t<div class=\"liner-continer\">\n\t\t\t\t<h2 class=\"woodmart-title-container title  wd-font-weight- wd-fontsize-l\" >SHABBY 07 - Letto in Legno Bianco Shabby per una camera raffinata e accogliente<\/h2>\n\t\t\t\t\t\t\t<\/div>\n\t\t\t\n\t\t\t\n\t\t\t\n\t\t<\/div>\n\t\t\n\t\t\t\t<div id=\"wd-69aaafdc4291b\" class=\"wd-text-block wd-wpb reset-last-child wd-rs-69aaafdc4291b text-left \">\n\t\t\t<p style=\"text-align: justify;\"><strong>Struttura:<\/strong> letto legno massello di abete e doghe in legno incluso il Kit da montaggio. Finitura legno decapato trattato a cera. Base materasso realizzata in fasce di abete. Spalla sagomata. Altezza da terra 30 cm circa.<br \/>\n<span class=\"a-list-item\"><strong>\u2192 Nota Bene:<\/strong> Prodotto realizzato Artigianalmente pertanto i Colori sono Puramente Indicativi.<\/span><\/p>\n\t\t<\/div>\n\t\t[vc_tta_accordion title_tag=&#8221;h3&#8243; section_title_tag=&#8221;h3&#8243; active_section=&#8221;&#8221; collapsible_all=&#8221;true&#8221;][vc_tta_section title=&#8221;Info &amp; Scheda Prodotto&#8221; tab_id=&#8221;1772793863716-e3e594e0-1b00&#8243;]\t\t<div id=\"wd-69aab0541f6ce\" class=\"wd-text-block wd-wpb reset-last-child wd-rs-69aab0541f6ce text-left \">\n\t\t\t<ul>\n<li><span style=\"color: #333333;\"><a style=\"color: #333333;\" href=\"https:\/\/www.marinigerardi.it\/shop\/prodotto\/letto-in-legno-bianco-shabby\/\"><strong>Letto Singolo<\/strong><\/a><\/span> \u2013 80 \u00d7 200 cm<\/li>\n<li><strong>Letto Piazza e Mezzo<\/strong> \u2013 120 \u00d7 200 cm<\/li>\n<li><strong>Letto alla Francese<\/strong> \u2013 140 \u00d7 200 cm<\/li>\n<li><a href=\"https:\/\/www.marinigerardi.it\/shop\/dimensioni-misure-letto-matrimoniale\/\"><strong>Letto Matrimoniale<\/strong> \u2013 160 \u00d7 200 cm<\/a><\/li>\n<\/ul>\n<p><strong>Questo articolo \u00e8 spedito solo in Italia. <\/strong>Se avete bisogno di altre misure o combinazioni contattateci a: <strong>assistenza@marinigerardi.it <\/strong><\/p>\n\t\t<\/div>\n\t\t[\/vc_tta_section][\/vc_tta_accordion][\/vc_column][vc_column css=&#8221;.vc_custom_1612434787067{background-position: center !important;background-repeat: no-repeat !important;background-size: cover !important;}&#8221; offset=&#8221;vc_col-lg-6 vc_col-md-6&#8243; mobile_bg_img_hidden=&#8221;no&#8221; tablet_bg_img_hidden=&#8221;no&#8221; woodmart_parallax=&#8221;0&#8243; woodmart_sticky_column=&#8221;false&#8221; parallax_scroll=&#8221;no&#8221; mobile_reset_margin=&#8221;no&#8221; tablet_reset_margin=&#8221;no&#8221;][vc_single_image image=&#8221;60305&#8243; img_size=&#8221;large&#8221; alignment=&#8221;center&#8221; style=&#8221;vc_box_shadow&#8221; onclick=&#8221;link_image&#8221; parallax_scroll=&#8221;no&#8221; woodmart_inline=&#8221;no&#8221;][\/vc_column][\/vc_row][vc_row][vc_column]\n\t\t<div id=\"wd-69aab07a84038\" class=\"title-wrapper wd-wpb wd-set-mb reset-last-child  wd-rs-69aab07a84038 wd-title-color-default wd-title-style-default text-center  wd-underline-colored\">\n\t\t\t\n\t\t\t<div class=\"liner-continer\">\n\t\t\t\t<h3 class=\"woodmart-title-container title  wd-font-weight- wd-fontsize-l\" >Letto in Legno Bianco Shabby<\/h3>\n\t\t\t\t\t\t\t<\/div>\n\t\t\t\n\t\t\t\n\t\t\t\n\t\t<\/div>\n\t\t\n\t\t[\/vc_column][\/vc_row][vc_row css=&#8221;.vc_custom_1653852311998{background-color: #dbdbdb !important;}&#8221; woodmart_css_id=&#8221;6293c880c5246&#8243; responsive_spacing=&#8221;eyJwYXJhbV90eXBlIjoid29vZG1hcnRfcmVzcG9uc2l2ZV9zcGFjaW5nIiwic2VsZWN0b3JfaWQiOiI2MjkzYzg4MGM1MjQ2Iiwic2hvcnRjb2RlIjoidmNfcm93IiwiZGF0YSI6eyJ0YWJsZXQiOnt9LCJtb2JpbGUiOnt9fX0=&#8221; mobile_bg_img_hidden=&#8221;no&#8221; tablet_bg_img_hidden=&#8221;no&#8221; woodmart_parallax=&#8221;0&#8243; woodmart_gradient_switch=&#8221;no&#8221; woodmart_box_shadow=&#8221;yes&#8221; wd_z_index=&#8221;no&#8221; woodmart_disable_overflow=&#8221;0&#8243; row_reverse_mobile=&#8221;0&#8243; row_reverse_tablet=&#8221;0&#8243; wd_box_shadow=&#8221;eyJkZXZpY2VzIjp7ImRlc2t0b3AiOnsiaG9yaXpvbnRhbCI6IjAiLCJ2ZXJ0aWNhbCI6IjAiLCJibHVyIjoiOSIsInNwcmVhZCI6IjAiLCJjb2xvciI6InJnYmEoMCwgMCwgMCwgLjE1KSJ9fX0=&#8221;][vc_column][vc_single_image image=&#8221;60311&#8243; img_size=&#8221;full&#8221; alignment=&#8221;center&#8221; style=&#8221;vc_box_shadow&#8221; onclick=&#8221;link_image&#8221; css=&#8221;&#8221; parallax_scroll=&#8221;no&#8221; woodmart_inline=&#8221;no&#8221;][\/vc_column][\/vc_row][vc_row][vc_column]\n\t\t<div id=\"wd-69aab08350367\" class=\"title-wrapper wd-wpb wd-set-mb reset-last-child  wd-rs-69aab08350367 wd-title-color-default wd-title-style-default text-center  wd-underline-colored\">\n\t\t\t\n\t\t\t<div class=\"liner-continer\">\n\t\t\t\t<h3 class=\"woodmart-title-container title  wd-font-weight- wd-fontsize-l\" >Legno bianco, cuore shabby: il letto che trasforma la tua camera in un\u2019oasi di relax e stile<\/h3>\n\t\t\t\t\t\t\t<\/div>\n\t\t\t\n\t\t\t\n\t\t\t\n\t\t<\/div>\n\t\t\n\t\t[\/vc_column][\/vc_row][vc_row css=&#8221;.vc_custom_1653852311998{background-color: #dbdbdb !important;}&#8221; woodmart_css_id=&#8221;6293c880c5246&#8243; responsive_spacing=&#8221;eyJwYXJhbV90eXBlIjoid29vZG1hcnRfcmVzcG9uc2l2ZV9zcGFjaW5nIiwic2VsZWN0b3JfaWQiOiI2MjkzYzg4MGM1MjQ2Iiwic2hvcnRjb2RlIjoidmNfcm93IiwiZGF0YSI6eyJ0YWJsZXQiOnt9LCJtb2JpbGUiOnt9fX0=&#8221; mobile_bg_img_hidden=&#8221;no&#8221; tablet_bg_img_hidden=&#8221;no&#8221; woodmart_parallax=&#8221;0&#8243; woodmart_gradient_switch=&#8221;no&#8221; woodmart_box_shadow=&#8221;yes&#8221; wd_z_index=&#8221;no&#8221; woodmart_disable_overflow=&#8221;0&#8243; row_reverse_mobile=&#8221;0&#8243; row_reverse_tablet=&#8221;0&#8243; wd_box_shadow=&#8221;eyJkZXZpY2VzIjp7ImRlc2t0b3AiOnsiaG9yaXpvbnRhbCI6IjAiLCJ2ZXJ0aWNhbCI6IjAiLCJibHVyIjoiOSIsInNwcmVhZCI6IjAiLCJjb2xvciI6InJnYmEoMCwgMCwgMCwgLjE1KSJ9fX0=&#8221;][vc_column width=&#8221;1\/2&#8243;][vc_single_image image=&#8221;57522&#8243; img_size=&#8221;large&#8221; alignment=&#8221;center&#8221; style=&#8221;vc_box_shadow&#8221; onclick=&#8221;link_image&#8221; parallax_scroll=&#8221;no&#8221; woodmart_inline=&#8221;no&#8221;][\/vc_column][vc_column width=&#8221;1\/2&#8243;][vc_single_image image=&#8221;60310&#8243; img_size=&#8221;large&#8221; alignment=&#8221;center&#8221; style=&#8221;vc_box_shadow&#8221; onclick=&#8221;link_image&#8221; parallax_scroll=&#8221;no&#8221; woodmart_inline=&#8221;no&#8221;][\/vc_column][\/vc_row][vc_row][vc_column]\n\t\t<div id=\"wd-69aab08bac70c\" class=\"title-wrapper wd-wpb wd-set-mb reset-last-child  wd-rs-69aab08bac70c wd-title-color-primary wd-title-style-bordered text-left vc_custom_1772794015980 wd-underline-colored\">\n\t\t\t\n\t\t\t<div class=\"liner-continer\">\n\t\t\t\t<h3 class=\"woodmart-title-container title  wd-font-weight- wd-fontsize-l\" >SHABBY 07 - Letto in Legno Bianco Shabby<\/h3>\n\t\t\t\t\t\t\t<\/div>\n\t\t\t\n\t\t\t\t\t\t\t<div class=\"title-after_title reset-last-child  wd-fontsize-xs\">Legno e Passione: Ogni Letto una Storia da Vivere<\/div>\n\t\t\t\n\t\t\t\n\t\t<\/div>\n\t\t\n\t\t\t\t<div id=\"wd-64df9ee417a3a\" class=\"wd-text-block wd-wpb reset-last-child wd-rs-64df9ee417a3a text-left \">\n\t\t\t<p style=\"text-align: justify;\">Le nostre Testate Letto sono disponibili in una gamma diversificata di colorazioni e finiture, pensate appositamente per adattarsi perfettamente a ogni ambiente. Che tu stia cercando un&#8217;elegante e raffinata Testata per un letto matrimoniale o desideri un&#8217;originale versione singola per un letto singolo, troverai da noi la scelta ideale per impreziosire il tuo spazio in modo unico.<br \/>\n<strong>La Sintonia con l&#8217;Ambiente<\/strong><br \/>\nNoi crediamo che ogni spazio meriti un tocco unico. Le nostre Testate Letto non sono solo pezzi di arredamento, ma anche espressioni di personalit\u00e0. Scegli tra le nostre opzioni di colori e finiture per creare un ambiente che rispecchi il tuo stile e la tua visione di comfort.<br \/>\n<strong>Passione per la Creazione<\/strong><br \/>\nLa passione che mettiamo nella creazione di ogni letto artigianale risplende in ogni dettaglio. Ogni curva, ogni bordo \u00e8 stato plasmato con amore e attenzione, garantendo non solo una bellezza visibile, ma anche una qualit\u00e0 che durer\u00e0 nel tempo.<br \/>\n<strong>Scopri la Nostra Differenza<\/strong><br \/>\nUnisciti a noi nel viaggio verso la bellezza. Scopri il fascino intramontabile dei nostri letti in legno, fatti a mano con passione e impegno. Qui, l&#8217;arte e la funzionalit\u00e0 si incontrano per creare pezzi che raccontano una storia unica.<\/p>\n\t\t<\/div>\n\t\t[\/vc_column][\/vc_row][vc_row css=&#8221;.vc_custom_1692376769198{background-color: #f3f3f3 !important;}&#8221; woodmart_css_id=&#8221;64df9eb600ef5&#8243; responsive_spacing=&#8221;eyJwYXJhbV90eXBlIjoid29vZG1hcnRfcmVzcG9uc2l2ZV9zcGFjaW5nIiwic2VsZWN0b3JfaWQiOiI2NGRmOWViNjAwZWY1Iiwic2hvcnRjb2RlIjoidmNfcm93IiwiZGF0YSI6eyJ0YWJsZXQiOnt9LCJtb2JpbGUiOnt9fX0=&#8221; mobile_bg_img_hidden=&#8221;no&#8221; tablet_bg_img_hidden=&#8221;no&#8221; woodmart_parallax=&#8221;0&#8243; woodmart_gradient_switch=&#8221;no&#8221; woodmart_box_shadow=&#8221;yes&#8221; wd_box_shadow=&#8221;eyJkZXZpY2VzIjp7ImRlc2t0b3AiOnsiaG9yaXpvbnRhbCI6IjAiLCJ2ZXJ0aWNhbCI6IjAiLCJibHVyIjoiOSIsInNwcmVhZCI6IjAiLCJjb2xvciI6InJnYmEoMCwgMCwgMCwgLjE1KSJ9fX0=&#8221; wd_z_index=&#8221;no&#8221; woodmart_disable_overflow=&#8221;0&#8243; row_reverse_mobile=&#8221;0&#8243; row_reverse_tablet=&#8221;0&#8243;][vc_column][vc_single_image image=&#8221;62149&#8243; img_size=&#8221;full&#8221; alignment=&#8221;center&#8221; onclick=&#8221;link_image&#8221; css=&#8221;&#8221; parallax_scroll=&#8221;no&#8221; woodmart_inline=&#8221;no&#8221;][\/vc_column][\/vc_row][vc_row][vc_column]\n\t\t<div id=\"wd-69aab0a427ea9\" class=\"title-wrapper wd-wpb wd-set-mb reset-last-child  wd-rs-69aab0a427ea9 wd-title-color-default wd-title-style-bordered text-center  wd-underline-colored\">\n\t\t\t\n\t\t\t<div class=\"liner-continer\">\n\t\t\t\t<h3 class=\"woodmart-title-container title  wd-font-weight- wd-fontsize-l\" >Leggerezza e romanticismo: il letto in legno bianco shabby per uno stile unico e delicato.<\/h3>\n\t\t\t\t\t\t\t<\/div>\n\t\t\t\n\t\t\t\n\t\t\t\n\t\t<\/div>\n\t\t\n\t\t[\/vc_column][\/vc_row][vc_row css=&#8221;.vc_custom_1692376769198{background-color: #f3f3f3 !important;}&#8221; woodmart_css_id=&#8221;64df9eb600ef5&#8243; responsive_spacing=&#8221;eyJwYXJhbV90eXBlIjoid29vZG1hcnRfcmVzcG9uc2l2ZV9zcGFjaW5nIiwic2VsZWN0b3JfaWQiOiI2NGRmOWViNjAwZWY1Iiwic2hvcnRjb2RlIjoidmNfcm93IiwiZGF0YSI6eyJ0YWJsZXQiOnt9LCJtb2JpbGUiOnt9fX0=&#8221; mobile_bg_img_hidden=&#8221;no&#8221; tablet_bg_img_hidden=&#8221;no&#8221; woodmart_parallax=&#8221;0&#8243; woodmart_gradient_switch=&#8221;no&#8221; woodmart_box_shadow=&#8221;yes&#8221; wd_box_shadow=&#8221;eyJkZXZpY2VzIjp7ImRlc2t0b3AiOnsiaG9yaXpvbnRhbCI6IjAiLCJ2ZXJ0aWNhbCI6IjAiLCJibHVyIjoiOSIsInNwcmVhZCI6IjAiLCJjb2xvciI6InJnYmEoMCwgMCwgMCwgLjE1KSJ9fX0=&#8221; wd_z_index=&#8221;no&#8221; woodmart_disable_overflow=&#8221;0&#8243; row_reverse_mobile=&#8221;0&#8243; row_reverse_tablet=&#8221;0&#8243;][vc_column][vc_single_image image=&#8221;62308&#8243; img_size=&#8221;full&#8221; alignment=&#8221;center&#8221; onclick=&#8221;link_image&#8221; css=&#8221;&#8221; parallax_scroll=&#8221;no&#8221; woodmart_inline=&#8221;no&#8221;][\/vc_column][\/vc_row][vc_row][vc_column]\n\t\t<div id=\"wd-69aab0ae28afa\" class=\"title-wrapper wd-wpb wd-set-mb reset-last-child  wd-rs-69aab0ae28afa wd-title-color-default wd-title-style-bordered text-left  wd-underline-colored\">\n\t\t\t\n\t\t\t<div class=\"liner-continer\">\n\t\t\t\t<h3 class=\"woodmart-title-container title  wd-font-weight- wd-fontsize-l\" >Letto in Legno Bianco Shabby<\/h3>\n\t\t\t\t\t\t\t<\/div>\n\t\t\t\n\t\t\t\n\t\t\t\n\t\t<\/div>\n\t\t\n\t\t[\/vc_column][\/vc_row][vc_row][vc_column]\t\t<div id=\"wd-64df9f50e4a93\" class=\"wd-text-block wd-wpb reset-last-child wd-rs-64df9f50e4a93 text-left \">\n\t\t\t<p style=\"text-align: justify;\"><strong>Marini &amp; Gerardi: La Scelta dell&#8217;Eleganza: Dormi Bene, Sogna in Grande.<br \/>\n<\/strong><\/p>\n<p style=\"text-align: justify;\">Scegli Marini &amp; Gerardi per trasformare il tuo spazio in un luogo di bellezza senza tempo. La nostra dedizione all&#8217;artigianato e alla creativit\u00e0 ti garantir\u00e0 non solo un letto, ma un&#8217;esperienza che trasformer\u00e0 il modo in cui vivi e senti il tuo ambiente. Acquista ora e immergiti nell&#8217;incanto dei nostri letti in legno artigianali, dove il comfort e lo stile si fondono in un abbraccio perfetto.<\/p>\n\t\t<\/div>\n\t\t[\/vc_column][\/vc_row]<\/p>\n<\/div>","protected":false},"excerpt":{"rendered":"<p style=\"text-align: justify;\"><strong>SHABBY 07 &#8211; Letto in Legno Bianco Shabby &#8211;<\/strong> Letto singolo, una piazza e mezza, matrimoniale legno massello il Kit in Offerta &#8211; <a href=\"https:\/\/www.dallantiquario.it\/\" target=\"_blank\" rel=\"noopener\">Atmosfera vintage<\/a> e charme moderno per la tua casa<\/p>\n","protected":false},"featured_media":60312,"template":"","meta":[],"product_brand":[],"product_cat":[1768,930],"product_tag":[2934,2933,2935],"class_list":{"0":"post-60303","1":"product","2":"type-product","3":"status-publish","4":"has-post-thumbnail","6":"product_cat-letti","7":"product_cat-letto-massello","8":"product_tag-letti","9":"product_tag-letto","10":"product_tag-letto-shabby-chic","11":"product_shipping_class-ar-lb","13":"first","14":"instock","15":"taxable","16":"shipping-taxable","17":"purchasable","18":"product-type-simple"},"_links":{"self":[{"href":"https:\/\/www.marinigerardi.it\/shop\/wp-json\/wp\/v2\/product\/60303","targetHints":{"allow":["GET"]}}],"collection":[{"href":"https:\/\/www.marinigerardi.it\/shop\/wp-json\/wp\/v2\/product"}],"about":[{"href":"https:\/\/www.marinigerardi.it\/shop\/wp-json\/wp\/v2\/types\/product"}],"wp:featuredmedia":[{"embeddable":true,"href":"https:\/\/www.marinigerardi.it\/shop\/wp-json\/wp\/v2\/media\/60312"}],"wp:attachment":[{"href":"https:\/\/www.marinigerardi.it\/shop\/wp-json\/wp\/v2\/media?parent=60303"}],"wp:term":[{"taxonomy":"product_brand","embeddable":true,"href":"https:\/\/www.marinigerardi.it\/shop\/wp-json\/wp\/v2\/product_brand?post=60303"},{"taxonomy":"product_cat","embeddable":true,"href":"https:\/\/www.marinigerardi.it\/shop\/wp-json\/wp\/v2\/product_cat?post=60303"},{"taxonomy":"product_tag","embeddable":true,"href":"https:\/\/www.marinigerardi.it\/shop\/wp-json\/wp\/v2\/product_tag?post=60303"}],"curies":[{"name":"wp","href":"https:\/\/api.w.org\/{rel}","templated":true}]}}