{"id":60216,"date":"2023-05-25T06:45:44","date_gmt":"2023-05-25T06:45:44","guid":{"rendered":"https:\/\/www.marinigerardi.it\/shop\/?post_type=product&#038;p=60216"},"modified":"2026-01-23T17:31:49","modified_gmt":"2026-01-23T17:31:49","slug":"tovaglie-antimacchia-tinta-unita","status":"publish","type":"product","link":"https:\/\/www.marinigerardi.it\/shop\/prodotto\/tovaglie-antimacchia-tinta-unita\/","title":{"rendered":"NO  STRESS &#8211; Tovaglie Antimacchia Tinta Unita Lino Resinato take easy"},"content":{"rendered":"<div class=\"wpb-content-wrapper\"><p>[vc_row equal_height=&#8221;yes&#8221; mobile_bg_img_hidden=&#8221;no&#8221; tablet_bg_img_hidden=&#8221;no&#8221; woodmart_parallax=&#8221;0&#8243; woodmart_gradient_switch=&#8221;no&#8221; row_reverse_mobile=&#8221;0&#8243; row_reverse_tablet=&#8221;0&#8243; woodmart_disable_overflow=&#8221;0&#8243;][vc_column offset=&#8221;vc_col-lg-6 vc_col-md-6&#8243; mobile_bg_img_hidden=&#8221;no&#8221; tablet_bg_img_hidden=&#8221;no&#8221; woodmart_parallax=&#8221;0&#8243; woodmart_sticky_column=&#8221;false&#8221; parallax_scroll=&#8221;no&#8221; mobile_reset_margin=&#8221;no&#8221; tablet_reset_margin=&#8221;no&#8221; css=&#8221;.vc_custom_1613071403480{margin-top: 0px !important;}&#8221;]\n\t\t<div id=\"wd-6973a9a358039\" class=\"title-wrapper wd-wpb wd-set-mb reset-last-child  wd-rs-6973a9a358039 wd-title-color-primary wd-title-style-bordered text-left vc_custom_1769187753130 wd-underline-colored\">\n\t\t\t\n\t\t\t<div class=\"liner-continer\">\n\t\t\t\t<h2 class=\"woodmart-title-container title  wd-font-weight- wd-fontsize-l\" >Tovaglie Antimacchia Tinta Unita Lino Resinato take easy<\/h2>\n\t\t\t\t\t\t\t<\/div>\n\t\t\t\n\t\t\t\n\t\t\t\n\t\t<\/div>\n\t\t\n\t\t\t\t<div id=\"wd-6973a9b25e06c\" class=\"wd-text-block wd-wpb reset-last-child wd-rs-6973a9b25e06c text-left \">\n\t\t\t<p>La Tovaglie Antimacchia Tinta Unita Lino offre un&#8217;eleganza e una modernit\u00e0 assoluta. Caratterizzata da un semplice bordino, viene cucita sartorialmente nel laboratorio di Marini&amp;Gerardi al momento dell&#8217;ordine, garantendo una qualit\u00e0 artigianale eccezionale.<\/p>\n<p>La tovaglia pu\u00f2 essere considerata una musa ispiratrice che offre molteplici interpretazioni. Pu\u00f2 essere utilizzata per creare diverse atmosfere e stili sulla tua tavola, permettendoti di esprimere la tua creativit\u00e0 e personalit\u00e0.<\/p>\n\t\t<\/div>\n\t\t[vc_tta_accordion active_section=&#8221;&#8221; collapsible_all=&#8221;true&#8221;][vc_tta_section title=&#8221;Info &amp; Scheda Prodotto&#8221; tab_id=&#8221;1769184893055-4e3714e6-1915&#8243;]\t\t<div id=\"wd-6973a99b39b22\" class=\"wd-text-block wd-wpb reset-last-child wd-rs-6973a99b39b22 text-left \">\n\t\t\t<ul>\n<li><strong><a href=\"https:\/\/www.marinigerardi.it\/shop\/?post_type=product&amp;p=91883&amp;preview=true\">Tovaglie Antimacchia<\/a> in Tessuto: <\/strong>100% Lino. Bordino rifinito da 2,5 cm. \u00c9 buona norma Intervenire subito con una spugna per evitare che le macchie di vino o di sugo agiscano in profondit\u00e0 sul tessuto.<\/li>\n<li><strong>Colori:\u00a0<\/strong> Nuvola | Malva | Fango | Piombo | Bianco | Bordeaux | Cipria | Corda | Deep Blu | Marrone | Giallo | Pistacchio |<\/li>\n<li><strong>Misure:<\/strong> 135\u00d7165 | 135\u00d7175| 135\u00d7185| 135\u00d7295 | 135\u00d7205 | 135\u00d7215 | 135\u00d7225 | 135\u00d7235 | 135\u00d7245 | 135\u00d7255 | 135\u00d7265<\/li>\n<li><strong>Tovaglioli:<\/strong> Se vi siete chiesti di che tessuto sono fatti \u00ec tovaglioli\u00a0da\u00a0<strong>abbinare<\/strong>\u00a0ad una tovaglia antimacchia, vi tolgo subito il dubbio: i tovaglioli non sono\u00a0<strong>mai antimacchia<\/strong>, questo perch\u00e9, se non assorbissero, verrebbe meno la loro funzione essenziale.<\/li>\n<\/ul>\n<p>Per le misure del vostro tavolo vi preghiamo di contattarci al Indirizzo mail <strong>assistenzza@marinigerardi.it<\/strong><\/p>\n\t\t<\/div>\n\t\t[\/vc_tta_section][vc_tta_section title=&#8221;Guida alla misura per la tua Tovaglia Antimacchia&#8221; tab_id=&#8221;1769186625221-9c0fa6b0-abef&#8221;]\t\t<div id=\"wd-6973a54c5cc0e\" class=\"wd-text-block wd-wpb reset-last-child wd-rs-6973a54c5cc0e text-left \">\n\t\t\t<p>Non sai quale misura scegliere per il tuo tavolo? Ecco una guida rapida basata sugli standard pi\u00f9 comuni:<\/p>\n<ul>\n<li><strong>Tavolo da 4 posti:<\/strong>\u00a0Ideale la misura 90\u00d7120 cm o comodi 90\u00d7135 cm.<\/li>\n<li><strong>Tavolo da 6 posti:<\/strong>\u00a0Consigliata la misura 90\u00d7160 cm o comodi 90\u00d7180 cm<\/li>\n<li><strong>Tavolo da 8 posti:<\/strong>\u00a0La misura 90\u00d7210cm copre perfettamente tavoli fino a 200 cm di lunghezza.<\/li>\n<li><strong>Tavolo da 10 posti:<\/strong>\u00a0Scegli la misura 90\u00d7250 cm per il massimo del comfort.<\/li>\n<\/ul>\n<p><em>Ricorda: per una resa estetica ottimale, la tovaglia dovrebbe scendere lateralmente di circa 20-25 cm.<br \/>\n<strong>Nota Bene:<\/strong>\u00a0Misurare sempre la larghezza del tuo tavolo.<\/em><\/p>\n\t\t<\/div>\n\t\t[\/vc_tta_section][vc_tta_section title=&#8221;Cinsigli per la &#8220;Caduta&#8220; perfetta&#8221; tab_id=&#8221;1769186819309-943835c2-cc93&#8243;]\t\t<div id=\"wd-6973a60d6bcf6\" class=\"wd-text-block wd-wpb reset-last-child wd-rs-6973a60d6bcf6 text-left \">\n\t\t\t<p>Per far risaltare al meglio il tessuto della tovaglia NO STRESS, la caduta laterale ideale \u00e8 di circa <b>20-25 cm<\/b>\u00a0per lato.<\/p>\n<ul>\n<li><b>Esempio:<\/b>\u00a0Se il tuo tavolo misura 90\u00d7150 cm (6 posti), la tovaglia da\u00a0<b>135\u00d7195 cm<\/b> lascer\u00e0 cadere 22,5 cm di tessuto su ogni lato, garantendo quell\u2019aspetto\u00a0 professionale che \u00e8 necessario.<\/li>\n<\/ul>\n\t\t<\/div>\n\t\t[\/vc_tta_section][\/vc_tta_accordion][\/vc_column][vc_column css=&#8221;.vc_custom_1612434787067{background-position: center !important;background-repeat: no-repeat !important;background-size: cover !important;}&#8221; offset=&#8221;vc_col-lg-6 vc_col-md-6&#8243; mobile_bg_img_hidden=&#8221;no&#8221; tablet_bg_img_hidden=&#8221;no&#8221; woodmart_parallax=&#8221;0&#8243; woodmart_sticky_column=&#8221;false&#8221; parallax_scroll=&#8221;no&#8221; mobile_reset_margin=&#8221;no&#8221; tablet_reset_margin=&#8221;no&#8221;][vc_single_image image=&#8221;12173&#8243; img_size=&#8221;large&#8221; onclick=&#8221;link_image&#8221; css=&#8221;.vc_custom_1685001724431{margin-right: 20px !important;}&#8221; parallax_scroll=&#8221;no&#8221; woodmart_inline=&#8221;no&#8221;][\/vc_column][\/vc_row][vc_row][vc_column][vc_empty_space]\n\t\t<div id=\"wd-6973a9d39137f\" class=\"title-wrapper wd-wpb wd-set-mb reset-last-child  wd-rs-6973a9d39137f wd-title-color-primary wd-title-style-bordered text-center justify  wd-underline-colored\">\n\t\t\t\n\t\t\t<div class=\"liner-continer\">\n\t\t\t\t<h3 class=\"woodmart-title-container title  wd-font-weight- wd-fontsize-l\" >Tovaglie Antimacchia Tinta Unita Lino Resinato take easy<\/h3>\n\t\t\t\t\t\t\t<\/div>\n\t\t\t\n\t\t\t\t\t\t\t<div class=\"title-after_title reset-last-child  wd-fontsize-xs\">Tovaglia Antimacchia Marini&amp;Gerardi<\/div>\n\t\t\t\n\t\t\t\n\t\t<\/div>\n\t\t\n\t\t[\/vc_column][\/vc_row][vc_row css=&#8221;.vc_custom_1719818358794{background-color: #f3f3f3 !important;}&#8221; woodmart_css_id=&#8221;6682586513b6e&#8221; responsive_spacing=&#8221;eyJwYXJhbV90eXBlIjoid29vZG1hcnRfcmVzcG9uc2l2ZV9zcGFjaW5nIiwic2VsZWN0b3JfaWQiOiI2NjgyNTg2NTEzYjZlIiwic2hvcnRjb2RlIjoidmNfcm93IiwiZGF0YSI6eyJ0YWJsZXQiOnt9LCJtb2JpbGUiOnt9fX0=&#8221; mobile_bg_img_hidden=&#8221;no&#8221; tablet_bg_img_hidden=&#8221;no&#8221; woodmart_parallax=&#8221;0&#8243; woodmart_gradient_switch=&#8221;no&#8221; woodmart_box_shadow=&#8221;no&#8221; wd_z_index=&#8221;no&#8221; woodmart_disable_overflow=&#8221;0&#8243; row_reverse_mobile=&#8221;0&#8243; row_reverse_tablet=&#8221;0&#8243;][vc_column width=&#8221;1\/2&#8243;][vc_single_image image=&#8221;69869&#8243; img_size=&#8221;large&#8221; alignment=&#8221;center&#8221; onclick=&#8221;link_image&#8221; css=&#8221;&#8221; parallax_scroll=&#8221;no&#8221; woodmart_inline=&#8221;no&#8221;][\/vc_column][vc_column width=&#8221;1\/2&#8243;][vc_single_image image=&#8221;10505&#8243; img_size=&#8221;large&#8221; alignment=&#8221;center&#8221; onclick=&#8221;link_image&#8221; css=&#8221;&#8221; parallax_scroll=&#8221;no&#8221; woodmart_inline=&#8221;no&#8221;][\/vc_column][\/vc_row][vc_row][vc_column]\n\t\t<div id=\"wd-6973a9e01d9d4\" class=\"title-wrapper wd-wpb wd-set-mb reset-last-child  wd-rs-6973a9e01d9d4 wd-title-color-primary wd-title-style-bordered text-center justify  wd-underline-colored\">\n\t\t\t\n\t\t\t<div class=\"liner-continer\">\n\t\t\t\t<h3 class=\"woodmart-title-container title  wd-font-weight- wd-fontsize-l\" >Tovagle Antimacchia Tinta Unita Lino Resinato take easy<\/h3>\n\t\t\t\t\t\t\t<\/div>\n\t\t\t\n\t\t\t\n\t\t\t\n\t\t<\/div>\n\t\t\n\t\t[\/vc_column][\/vc_row][vc_row content_placement=&#8221;middle&#8221; woodmart_bg_position=&#8221;center-bottom&#8221; css=&#8221;.vc_custom_1719817675869{background-color: #f3f3f3 !important;background-position: 0 0 !important;background-repeat: no-repeat !important;}&#8221; el_class=&#8221;mobile-bg-img-hidden&#8221; mobile_bg_img_hidden=&#8221;no&#8221; tablet_bg_img_hidden=&#8221;no&#8221; woodmart_parallax=&#8221;0&#8243; woodmart_gradient_switch=&#8221;no&#8221; row_reverse_mobile=&#8221;0&#8243; row_reverse_tablet=&#8221;0&#8243; woodmart_disable_overflow=&#8221;0&#8243; woodmart_css_id=&#8221;668255bb104e0&#8243; responsive_spacing=&#8221;eyJwYXJhbV90eXBlIjoid29vZG1hcnRfcmVzcG9uc2l2ZV9zcGFjaW5nIiwic2VsZWN0b3JfaWQiOiI2NjgyNTViYjEwNGUwIiwic2hvcnRjb2RlIjoidmNfcm93IiwiZGF0YSI6eyJ0YWJsZXQiOnt9LCJtb2JpbGUiOnt9fX0=&#8221; woodmart_box_shadow=&#8221;yes&#8221; wd_box_shadow=&#8221;eyJkZXZpY2VzIjp7ImRlc2t0b3AiOnsiaG9yaXpvbnRhbCI6IjAiLCJ2ZXJ0aWNhbCI6IjAiLCJibHVyIjoiOSIsInNwcmVhZCI6IjAiLCJjb2xvciI6InJnYmEoMCwgMCwgMCwgLjE1KSJ9fX0=&#8221; wd_z_index=&#8221;no&#8221;][vc_column mobile_bg_img_hidden=&#8221;no&#8221; tablet_bg_img_hidden=&#8221;no&#8221; woodmart_parallax=&#8221;0&#8243; woodmart_sticky_column=&#8221;false&#8221; parallax_scroll=&#8221;no&#8221; mobile_reset_margin=&#8221;no&#8221; tablet_reset_margin=&#8221;no&#8221;][vc_single_image image=&#8221;68219&#8243; img_size=&#8221;large&#8221; alignment=&#8221;center&#8221; onclick=&#8221;link_image&#8221; css=&#8221;.vc_custom_1719818695249{margin-right: 20px !important;}&#8221; parallax_scroll=&#8221;no&#8221; woodmart_inline=&#8221;no&#8221;][\/vc_column][\/vc_row][vc_row][vc_column]\n\t\t<div id=\"wd-6973a9eb16cf1\" class=\"title-wrapper wd-wpb wd-set-mb reset-last-child  wd-rs-6973a9eb16cf1 wd-title-color-primary wd-title-style-bordered text-left justify  wd-underline-colored\">\n\t\t\t\n\t\t\t<div class=\"liner-continer\">\n\t\t\t\t<h3 class=\"woodmart-title-container title  wd-font-weight- wd-fontsize-l\" >Tovaglie Antimacchia Tinta Unita Lino Resinato take easy<\/h3>\n\t\t\t\t\t\t\t<\/div>\n\t\t\t\n\t\t\t\n\t\t\t\n\t\t<\/div>\n\t\t\n\t\t\t\t<div id=\"wd-668255dc6001c\" class=\"wd-text-block wd-wpb reset-last-child wd-rs-668255dc6001c text-left \">\n\t\t\t<p>Prendere una tovaglia splendida dall&#8217;armadio per una cena o un pranzo con gli amici pu\u00f2 portare a pentimenti a causa dell&#8217;impegno richiesto per rimuovere le macchie, lavare e stirare. Questo spesso porta a rinunciare a creare una tavola elegante a causa della noia del lavaggio o per la paura di danneggiare irreparabilmente una tovaglia a cui si tiene particolarmente.<br \/>\n\u00c8 un vero peccato privarsi del piacere di godere di una tavola ben allestita, accompagnata da del buon cibo. Per fortuna, sul mercato esistono le tovaglie antimacchia che offrono grande praticit\u00e0 nella manutenzione e sono realizzate con un gusto estetico raffinato. Nel caso delle nostre tovaglie, abbiamo scelto con cura tessuti in puro lino dai colori delicati ed esclusivi. Per garantire la massima resistenza alle macchie, abbiamo applicato un trattamento specifico che preserva l&#8217;aspetto elegante del tessuto e consente di pulirlo facilmente con una semplice passata di spugna umida.<\/p>\n\t\t<\/div>\n\t\t[\/vc_column][\/vc_row]<\/p>\n<\/div>","protected":false},"excerpt":{"rendered":"<p><strong>\u00a0STOP alle macchie a Tavola la pulizia subito con un colpo di spugna!<\/strong> Tovaglie Antimacchia tinta unita in Lino, facile da utilizzare e di una modernit\u00e0 e freschezza assoluta.<\/p>\n","protected":false},"featured_media":60217,"template":"","meta":[],"product_brand":[],"product_cat":[779,145,3606],"product_tag":[793,780,781],"class_list":{"0":"post-60216","1":"product","2":"type-product","3":"status-publish","4":"has-post-thumbnail","6":"product_cat-tovaglie-antimacchia","7":"product_cat-tovaglie-di-lino","8":"product_cat-tovaglie-personalizzate","9":"product_tag-tovaglia-antimacchia-su-misura","10":"product_tag-tovaglie-antimacchia","11":"product_tag-tovaglie-antimacchia-in-lino","13":"first","14":"instock","15":"taxable","16":"shipping-taxable","17":"purchasable","18":"product-type-simple"},"_links":{"self":[{"href":"https:\/\/www.marinigerardi.it\/shop\/wp-json\/wp\/v2\/product\/60216","targetHints":{"allow":["GET"]}}],"collection":[{"href":"https:\/\/www.marinigerardi.it\/shop\/wp-json\/wp\/v2\/product"}],"about":[{"href":"https:\/\/www.marinigerardi.it\/shop\/wp-json\/wp\/v2\/types\/product"}],"wp:featuredmedia":[{"embeddable":true,"href":"https:\/\/www.marinigerardi.it\/shop\/wp-json\/wp\/v2\/media\/60217"}],"wp:attachment":[{"href":"https:\/\/www.marinigerardi.it\/shop\/wp-json\/wp\/v2\/media?parent=60216"}],"wp:term":[{"taxonomy":"product_brand","embeddable":true,"href":"https:\/\/www.marinigerardi.it\/shop\/wp-json\/wp\/v2\/product_brand?post=60216"},{"taxonomy":"product_cat","embeddable":true,"href":"https:\/\/www.marinigerardi.it\/shop\/wp-json\/wp\/v2\/product_cat?post=60216"},{"taxonomy":"product_tag","embeddable":true,"href":"https:\/\/www.marinigerardi.it\/shop\/wp-json\/wp\/v2\/product_tag?post=60216"}],"curies":[{"name":"wp","href":"https:\/\/api.w.org\/{rel}","templated":true}]}}