{"id":58722,"date":"2023-05-02T14:00:47","date_gmt":"2023-05-02T14:00:47","guid":{"rendered":"https:\/\/www.marinigerardi.it\/shop\/?post_type=product&#038;p=58722"},"modified":"2024-09-11T22:50:06","modified_gmt":"2024-09-11T22:50:06","slug":"porta-granaio","status":"publish","type":"product","link":"https:\/\/www.marinigerardi.it\/shop\/prodotto\/porta-granaio\/","title":{"rendered":"Porta Granaio Scorrevole in Legno per Emozionarti &#8211; Sliding Barn Doors"},"content":{"rendered":"<div class=\"wpb-content-wrapper\"><p>[vc_row equal_height=&#8221;yes&#8221; mobile_bg_img_hidden=&#8221;no&#8221; tablet_bg_img_hidden=&#8221;no&#8221; woodmart_parallax=&#8221;0&#8243; woodmart_gradient_switch=&#8221;no&#8221; row_reverse_mobile=&#8221;0&#8243; row_reverse_tablet=&#8221;0&#8243; woodmart_disable_overflow=&#8221;0&#8243;][vc_column offset=&#8221;vc_col-lg-6 vc_col-md-6&#8243; mobile_bg_img_hidden=&#8221;no&#8221; tablet_bg_img_hidden=&#8221;no&#8221; woodmart_parallax=&#8221;0&#8243; woodmart_sticky_column=&#8221;false&#8221; parallax_scroll=&#8221;no&#8221; mobile_reset_margin=&#8221;no&#8221; tablet_reset_margin=&#8221;no&#8221; css=&#8221;.vc_custom_1613071403480{margin-top: 0px !important;}&#8221;]\n\t\t<div id=\"wd-64511a01b7886\" class=\"title-wrapper wd-wpb wd-set-mb reset-last-child  wd-rs-64511a01b7886 wd-title-color-default wd-title-style-default text-left vc_custom_1683036694064 wd-underline-colored\">\n\t\t\t\t\t\t\t\n\t\t\t\t<div class=\"title-subtitle  subtitle-color-default font-default subtitle-style-default wd-font-weight- wd-fontsize-xs\">Affidati alla nostra esperienza.<\/div>\n\t\t\t\n\t\t\t<div class=\"liner-continer\">\n\t\t\t\t<h2 class=\"woodmart-title-container title  wd-font-weight- wd-fontsize-l\" >Porta Granaio Scorrevole in Legno - Sliding Barn Doors<\/h2>\n\t\t\t\t\t\t\t<\/div>\n\t\t\t\n\t\t\t\t\t\t\t<div class=\"title-after_title reset-last-child  wd-fontsize-xs\">Progettiamo e Arrediamo la tua Casa<\/div>\n\t\t\t\n\t\t\t\n\t\t<\/div>\n\t\t\n\t\t\t\t<div id=\"wd-66451c746ea08\" class=\"wd-text-block wd-wpb reset-last-child wd-rs-66451c746ea08 text-left \">\n\t\t\t<p><strong>Le porte da granaio: elemento funzionale, essenziale e appassionante.<\/strong> Basta una semplice porta per trasformare radicalmente lo stile di un ingresso casa, di una stanza. Esistono porte di ogni tipo: a battente, scorrevoli, a ciascun il suo modello, il suo stile. Nulla di nuovo, dunque, se non fosse che oggi questo elemento pu\u00f2 svolgere un ruolo cruciale nell\u2019arredamento d\u2019interni. <strong>Sono porte scorrevoli nate in America, molto apprezzate per la loro semplicit\u00e0.<\/strong><\/p>\n\t\t<\/div>\n\t\t[\/vc_column][vc_column css=&#8221;.vc_custom_1612434787067{background-position: center !important;background-repeat: no-repeat !important;background-size: cover !important;}&#8221; offset=&#8221;vc_col-lg-6 vc_col-md-6&#8243; mobile_bg_img_hidden=&#8221;no&#8221; tablet_bg_img_hidden=&#8221;no&#8221; woodmart_parallax=&#8221;0&#8243; woodmart_sticky_column=&#8221;false&#8221; parallax_scroll=&#8221;no&#8221; mobile_reset_margin=&#8221;no&#8221; tablet_reset_margin=&#8221;no&#8221;][vc_single_image image=&#8221;58725&#8243; img_size=&#8221;large&#8221; alignment=&#8221;center&#8221; style=&#8221;vc_box_shadow&#8221; onclick=&#8221;link_image&#8221; parallax_scroll=&#8221;no&#8221; woodmart_inline=&#8221;no&#8221;][\/vc_column][\/vc_row][vc_row woodmart_css_id=&#8221;651eba5bda8bc&#8221; responsive_spacing=&#8221;eyJwYXJhbV90eXBlIjoid29vZG1hcnRfcmVzcG9uc2l2ZV9zcGFjaW5nIiwic2VsZWN0b3JfaWQiOiI2NTFlYmE1YmRhOGJjIiwic2hvcnRjb2RlIjoidmNfcm93IiwiZGF0YSI6eyJ0YWJsZXQiOnt9LCJtb2JpbGUiOnt9fX0=&#8221; mobile_bg_img_hidden=&#8221;no&#8221; tablet_bg_img_hidden=&#8221;no&#8221; woodmart_parallax=&#8221;0&#8243; woodmart_gradient_switch=&#8221;no&#8221; woodmart_box_shadow=&#8221;no&#8221; wd_z_index=&#8221;no&#8221; woodmart_disable_overflow=&#8221;0&#8243; row_reverse_mobile=&#8221;0&#8243; row_reverse_tablet=&#8221;0&#8243;][vc_column]\n\t\t<div id=\"wd-66cc7a557103e\" class=\"title-wrapper wd-wpb wd-set-mb reset-last-child  wd-rs-66cc7a557103e wd-title-color-default wd-title-style-bordered text-center vc_custom_1724676716940 wd-underline-colored\">\n\t\t\t\t\t\t\t\n\t\t\t\t<div class=\"title-subtitle  subtitle-color-default font-default subtitle-style-default wd-font-weight- wd-fontsize-xs\">Marini&amp;Gerardi Artigiani da due generazioni con Prodotti su Misura<\/div>\n\t\t\t\n\t\t\t<div class=\"liner-continer\">\n\t\t\t\t<h3 class=\"woodmart-title-container title  wd-font-weight-600 wd-fontsize-xl\" >Porta Granaio Scorrevole in Legno - Sliding Barn Doors<\/h3>\n\t\t\t\t\t\t\t<\/div>\n\t\t\t\n\t\t\t\n\t\t\t\n\t\t<\/div>\n\t\t\n\t\t[\/vc_column][\/vc_row][vc_row css=&#8221;.vc_custom_1696512587157{background-color: #f3f3f3 !important;}&#8221; woodmart_css_id=&#8221;651eba4416e03&#8243; responsive_spacing=&#8221;eyJwYXJhbV90eXBlIjoid29vZG1hcnRfcmVzcG9uc2l2ZV9zcGFjaW5nIiwic2VsZWN0b3JfaWQiOiI2NTFlYmE0NDE2ZTAzIiwic2hvcnRjb2RlIjoidmNfcm93IiwiZGF0YSI6eyJ0YWJsZXQiOnt9LCJtb2JpbGUiOnt9fX0=&#8221; mobile_bg_img_hidden=&#8221;no&#8221; tablet_bg_img_hidden=&#8221;no&#8221; woodmart_parallax=&#8221;0&#8243; woodmart_gradient_switch=&#8221;no&#8221; woodmart_box_shadow=&#8221;no&#8221; wd_z_index=&#8221;no&#8221; woodmart_disable_overflow=&#8221;0&#8243; row_reverse_mobile=&#8221;0&#8243; row_reverse_tablet=&#8221;0&#8243;][vc_column][vc_single_image image=&#8221;58727&#8243; img_size=&#8221;full&#8221; alignment=&#8221;center&#8221; style=&#8221;vc_box_shadow&#8221; onclick=&#8221;link_image&#8221; parallax_scroll=&#8221;no&#8221; woodmart_inline=&#8221;no&#8221;][\/vc_column][\/vc_row][vc_row][vc_column]\n\t\t<div id=\"wd-66cc7a7a1360a\" class=\"title-wrapper wd-wpb wd-set-mb reset-last-child  wd-rs-66cc7a7a1360a wd-title-color-default wd-title-style-bordered text-left  wd-underline-colored\">\n\t\t\t\n\t\t\t<div class=\"liner-continer\">\n\t\t\t\t<h4 class=\"woodmart-title-container title  wd-font-weight- wd-fontsize-l\" >Porta Granaio Scorrevole in Legno<\/h4>\n\t\t\t\t\t\t\t<\/div>\n\t\t\t\n\t\t\t\n\t\t\t\n\t\t<\/div>\n\t\t\n\t\t\t\t<div id=\"wd-66451c8d93a7e\" class=\"wd-text-block wd-wpb reset-last-child wd-rs-66451c8d93a7e text-left \">\n\t\t\t<h4>Porte e Portoni su misura realizzati da bravi Artigiani a regola d&#8217;arte.<\/h4>\n<p><strong>Montaggio con ferramenta di manifattura artigianale.<\/strong><br \/>\n<a href=\"https:\/\/www.marinigerardi.it\/shop\/prodotto\/porta-granaio\/\"><strong>Porte personalizzate<\/strong><\/a> Su Misura, in legno naturale o decapato con finitura a cera, alle stesse applichiamo telai con guarnizioni e chiusure di sicurezza con trattamenti protettivi che rendono il legno resistente nel tempo.<br \/>\nLe patine realizzate per le nostre porte riproducono perfettamente l\u2019usura del tempo.<\/p>\n\t\t<\/div>\n\t\t[\/vc_column][\/vc_row][vc_row css=&#8221;.vc_custom_1696512587157{background-color: #f3f3f3 !important;}&#8221; woodmart_css_id=&#8221;651eba4416e03&#8243; responsive_spacing=&#8221;eyJwYXJhbV90eXBlIjoid29vZG1hcnRfcmVzcG9uc2l2ZV9zcGFjaW5nIiwic2VsZWN0b3JfaWQiOiI2NTFlYmE0NDE2ZTAzIiwic2hvcnRjb2RlIjoidmNfcm93IiwiZGF0YSI6eyJ0YWJsZXQiOnt9LCJtb2JpbGUiOnt9fX0=&#8221; mobile_bg_img_hidden=&#8221;no&#8221; tablet_bg_img_hidden=&#8221;no&#8221; woodmart_parallax=&#8221;0&#8243; woodmart_gradient_switch=&#8221;no&#8221; woodmart_box_shadow=&#8221;no&#8221; wd_z_index=&#8221;no&#8221; woodmart_disable_overflow=&#8221;0&#8243; row_reverse_mobile=&#8221;0&#8243; row_reverse_tablet=&#8221;0&#8243;][vc_column][vc_single_image image=&#8221;58726&#8243; img_size=&#8221;full&#8221; alignment=&#8221;center&#8221; style=&#8221;vc_box_shadow&#8221; onclick=&#8221;link_image&#8221; parallax_scroll=&#8221;no&#8221; woodmart_inline=&#8221;no&#8221;][\/vc_column][\/vc_row][vc_row][vc_column]\n\t\t<div id=\"wd-66cc7a3276df6\" class=\"title-wrapper wd-wpb wd-set-mb reset-last-child  wd-rs-66cc7a3276df6 wd-title-color-default wd-title-style-bordered text-center vc_custom_1724676690505 wd-underline-colored\">\n\t\t\t\t\t\t\t\n\t\t\t\t<div class=\"title-subtitle  subtitle-color-default font-default subtitle-style-default wd-font-weight-600 wd-fontsize-xs\">Marini&amp;Gerardi Artigiani da due generazioni con Prodotti su Misura<\/div>\n\t\t\t\n\t\t\t<div class=\"liner-continer\">\n\t\t\t\t<h3 class=\"woodmart-title-container title  wd-font-weight-600 wd-fontsize-xl\" >Porta Granaio Scorrevole in Legno filo muro - Sliding Barn Doors<\/h3>\n\t\t\t\t\t\t\t<\/div>\n\t\t\t\n\t\t\t\n\t\t\t\n\t\t<\/div>\n\t\t\n\t\t[\/vc_column][\/vc_row][vc_row css=&#8221;.vc_custom_1683044353801{background-color: #f3f3f3 !important;}&#8221; woodmart_css_id=&#8221;645137f0f13c3&#8243; responsive_spacing=&#8221;eyJwYXJhbV90eXBlIjoid29vZG1hcnRfcmVzcG9uc2l2ZV9zcGFjaW5nIiwic2VsZWN0b3JfaWQiOiI2NDUxMzdmMGYxM2MzIiwic2hvcnRjb2RlIjoidmNfcm93IiwiZGF0YSI6eyJ0YWJsZXQiOnt9LCJtb2JpbGUiOnt9fX0=&#8221; mobile_bg_img_hidden=&#8221;no&#8221; tablet_bg_img_hidden=&#8221;no&#8221; woodmart_parallax=&#8221;0&#8243; woodmart_gradient_switch=&#8221;no&#8221; woodmart_box_shadow=&#8221;no&#8221; wd_z_index=&#8221;no&#8221; woodmart_disable_overflow=&#8221;0&#8243; row_reverse_mobile=&#8221;0&#8243; row_reverse_tablet=&#8221;0&#8243;][vc_column][vc_single_image image=&#8221;67392&#8243; img_size=&#8221;full&#8221; alignment=&#8221;center&#8221; style=&#8221;vc_box_shadow&#8221; onclick=&#8221;link_image&#8221; css=&#8221;&#8221; parallax_scroll=&#8221;no&#8221; woodmart_inline=&#8221;no&#8221;][\/vc_column][\/vc_row][vc_row][vc_column]\n\t\t<div id=\"wd-66cc7a43e2b81\" class=\"title-wrapper wd-wpb wd-set-mb reset-last-child  wd-rs-66cc7a43e2b81 wd-title-color-default wd-title-style-bordered text-left vc_custom_1724676697374 wd-underline-colored\">\n\t\t\t\t\t\t\t\n\t\t\t\t<div class=\"title-subtitle  subtitle-color-default font-default subtitle-style-default wd-font-weight-600 wd-fontsize-xs\">Marini&amp;Gerardi Artigiani da due generazioni con Prodotti su Misura<\/div>\n\t\t\t\n\t\t\t<div class=\"liner-continer\">\n\t\t\t\t<h2 class=\"woodmart-title-container title  wd-font-weight-600 wd-fontsize-xl\" >Porta Granaio Scorrevole in Legno filo muro - Sliding Barn Doors<\/h2>\n\t\t\t\t\t\t\t<\/div>\n\t\t\t\n\t\t\t\n\t\t\t\n\t\t<\/div>\n\t\t\n\t\t\t\t<div id=\"wd-6645338869afe\" class=\"wd-text-block wd-wpb reset-last-child wd-rs-6645338869afe text-left \">\n\t\t\t<h4>Porte su misura in legno massello realizzate a regola d&#8217;arte.<\/h4>\n<p>Le porte scorrevoli da granaio in arredo sono un tipo di porta da interni o esterni che riprende lo stile delle\u00a0 delle vecchie porte americane. Si tratta di porte scorrevoli a binario che si aprono lateralmente su guide fisse attaccate alla parete.<br \/>\nQueste porte hanno un design strutturale rustico, con plance di legno massello che creano un effetto informale dal sapore vissuto. La finitura del legno pu\u00f2 variare dal naturale allo sbiancato fino ad arrivare a tonalit\u00e0 scure, a seconda del contesto dell&#8217;ambiente.<br \/>\nQuesto tipo di porta \u00e8 particolarmente indicato per l&#8217;arredo in ambienti dallo stile country, rustico o vintage o in una tavernetta o in un loft in citt\u00e0, perch\u00e9 aggiunge un tocco di personalit\u00e0 e di originalit\u00e0 all&#8217;ambiente. Le porte scorrevoli da granaio in arredo possono essere utilizzate per separare la zona giorno da quella notte, per creare una stanza da letto soppalcata o per dividere la cucina dalla zona pranzo.<\/p>\n\t\t<\/div>\n\t\t[\/vc_column][\/vc_row]<\/p>\n<\/div>","protected":false},"excerpt":{"rendered":"<p><strong>Porta Granaio Scorrevole in Legno &#8211; Sliding Barn Doors <\/strong>soluzione irresistibile arredo interni o porte da esterni in legno massello. Modelli unici, design esclusivo su misura del cliente.[html_block id=\"13913\"]<\/p>\n","protected":false},"featured_media":58723,"template":"","meta":[],"product_brand":[],"product_cat":[1027,3636],"product_tag":[1028,3553,2078],"class_list":{"0":"post-58722","1":"product","2":"type-product","3":"status-publish","4":"has-post-thumbnail","6":"product_cat-porta-scorrevole","7":"product_cat-porte-portoni","8":"product_tag-porta-in-legno-scorrevole","9":"product_tag-porte-granaio","10":"product_tag-sliding-door","11":"product_shipping_class-divani-2-posti","13":"first","14":"outofstock","15":"sold-individually","16":"taxable","17":"shipping-taxable","18":"purchasable","19":"product-type-simple"},"_links":{"self":[{"href":"https:\/\/www.marinigerardi.it\/shop\/wp-json\/wp\/v2\/product\/58722","targetHints":{"allow":["GET"]}}],"collection":[{"href":"https:\/\/www.marinigerardi.it\/shop\/wp-json\/wp\/v2\/product"}],"about":[{"href":"https:\/\/www.marinigerardi.it\/shop\/wp-json\/wp\/v2\/types\/product"}],"wp:featuredmedia":[{"embeddable":true,"href":"https:\/\/www.marinigerardi.it\/shop\/wp-json\/wp\/v2\/media\/58723"}],"wp:attachment":[{"href":"https:\/\/www.marinigerardi.it\/shop\/wp-json\/wp\/v2\/media?parent=58722"}],"wp:term":[{"taxonomy":"product_brand","embeddable":true,"href":"https:\/\/www.marinigerardi.it\/shop\/wp-json\/wp\/v2\/product_brand?post=58722"},{"taxonomy":"product_cat","embeddable":true,"href":"https:\/\/www.marinigerardi.it\/shop\/wp-json\/wp\/v2\/product_cat?post=58722"},{"taxonomy":"product_tag","embeddable":true,"href":"https:\/\/www.marinigerardi.it\/shop\/wp-json\/wp\/v2\/product_tag?post=58722"}],"curies":[{"name":"wp","href":"https:\/\/api.w.org\/{rel}","templated":true}]}}